{"id":257547,"date":"2018-04-12T19:48:10","date_gmt":"2018-04-12T12:48:10","guid":{"rendered":"https:\/\/maybommini.com\/san-pham\/import-placeholder-for-253752"},"modified":"2025-07-25T23:38:54","modified_gmt":"2025-07-25T16:38:54","slug":"may-bom-chim-12v-sfbp1-g1100-sailflo","status":"publish","type":"product","link":"https:\/\/maybommini.vn\/?product=may-bom-chim-12v-sfbp1-g1100-sailflo","title":{"rendered":"M\u00e1y b\u01a1m ch\u00ecm 12V SFBP1 G1100 SAILFLO"},"content":{"rendered":"<h3><strong>M\u00e1y b\u01a1m ch\u00ecm 12V G1100 l\u00e0 lo\u1ea1i m\u00e1y b\u01a1m ch\u00ecm chuy\u00ean d\u1ee5ng\u00a0\u0111\u1ec3 b\u01a1m ch\u1ea5t th\u1ea3i, n\u01b0\u1edbc th\u1ea3i, b\u01a1m n\u01b0\u1edbc tr\u00ean ghe t\u00e0u thuy\u1ec1n can\u00f4\u00a0.\u00a0\u0110\u00e2y l\u00e0 lo\u1ea1i m\u00e1y b\u01a1m ch\u00ecm c\u00f3 c\u00f4ng su\u1ea5t kh\u00e1 l\u1edbn v\u00e0 l\u01b0u l\u01b0\u1ee3ng b\u01a1m m\u1ea1nh\u00a0\u0111\u1ea1t 1100 Galon\/h m\u00e0 ch\u1ec9 d\u00f9ng ngu\u1ed3n 12V.<\/strong><\/h3>\n<h3><strong><\/p>\n<p><\/strong><strong>TH\u00d4NG S\u1ed0 K\u1ef8 THU\u1eacT M\u00c1Y B\u01a0M CH\u00ccM 12V G1100<\/strong><\/h3>\n<p>Th\u01b0\u01a1ng hi\u1ec7u:\u00a0SAILFLO &#8211; SEAFLO<br \/>\nModel:\u00a0HYBP1-G-1100-01<br \/>\nT\u00ecnh tr\u1ea1ng: H\u00e0ng m\u1edbi 100%<br \/>\n\u0110i\u1ec7n th\u1ebf: 12V<br \/>\nL\u01b0u l\u01b0\u1ee3ng b\u01a1m: 1100 Galon \/h<br \/>\nC\u00f4ng su\u1ea5t b\u01a1m: 36 W<br \/>\nTr\u1ecdng l\u01b0\u1ee3ng: 0.8 Gam<br \/>\n\u1ed0ng ra: 29 mm<br \/>\nNhi\u1ec7t\u00a0\u0111\u1ed9 n\u01b0\u1edbc: 43\u00a0\u0111\u1ed9 C<br \/>\nB\u01a1m cao: 3 &#8211; 4 Met.<br \/>\nB\u1ea3o h\u00e0ng: 3 th\u00e1ng ch\u00ednh h\u00e3ng<br \/>\nPh\u00e2n ph\u1ed1i: MBM<\/p>\n<ul class=\"product-property-list util-clearfix\">\n<li id=\"product-prop-2\" class=\"property-item\" data-attr=\"202276845\" data-title=\"SAILFLO\"><span class=\"propery-title\">Brand Name:<\/span><span class=\"propery-des\" title=\"SAILFLO\">SAILFLO<\/span><\/li>\n<li id=\"product-prop-297\" class=\"property-item\" data-attr=\"2102\" data-title=\"Low Pressure\"><span class=\"propery-title\">Pressure:<\/span><span class=\"propery-des\" title=\"Low Pressure\">Low Pressure<\/span><\/li>\n<li id=\"product-prop-12\" class=\"property-item\" data-attr=\"277\" data-title=\"Water\"><span class=\"propery-title\">Usage:<\/span><span class=\"propery-des\" title=\"Water\">Water<\/span><\/li>\n<li id=\"product-prop-119\" class=\"property-item\" data-attr=\"201446951\" data-title=\"Submersible Pump\"><span class=\"propery-title\">Structure:<\/span><span class=\"propery-des\" title=\"Submersible Pump\">Submersible Pump<\/span><\/li>\n<li id=\"product-prop-28\" class=\"property-item\" data-attr=\"213\" data-title=\"Electric\"><span class=\"propery-title\">Power:<\/span><span class=\"propery-des\" title=\"Electric\">Electric<\/span><\/li>\n<li id=\"product-prop-1223\" class=\"property-item\" data-attr=\"100009435\" data-title=\"Submersible\"><span class=\"propery-title\">Application:<\/span><span class=\"propery-des\" title=\"Submersible\">Submersible<\/span><\/li>\n<li id=\"product-prop-3\" class=\"property-item\" data-attr=\"\" data-title=\"1100GPH\"><span class=\"propery-title\">Model Number:<\/span><span class=\"propery-des\" title=\"1100GPH\">1100GPH<\/span><\/li>\n<li id=\"product-prop-295\" class=\"property-item\" data-attr=\"670\" data-title=\"Standard\"><span class=\"propery-title\">Standard or Nonstandard:<\/span><span class=\"propery-des\" title=\"Standard\">Standard<\/span><\/li>\n<li id=\"product-prop-296\" class=\"property-item\" data-attr=\"4\" data-title=\"Electric\"><span class=\"propery-title\">Fuel:<\/span><span class=\"propery-des\" title=\"Electric\">Electric<\/span><\/li>\n<li id=\"product-prop-293\" class=\"property-item\" data-attr=\"4\" data-title=\"Impeller pump\"><span class=\"propery-title\">Theory:<\/span><span class=\"propery-des\" title=\"Impeller pump\">Impeller pump<\/span><\/li>\n<li id=\"product-prop-\" class=\"property-item\" data-attr=\"\" data-title=\"blue red and white\"><span class=\"propery-title\">color:<\/span><span class=\"propery-des\" title=\"blue red and white\">blue red and white<\/span><\/li>\n<li id=\"product-prop-\" class=\"property-item\" data-attr=\"\" data-title=\"Compact, efficient, long life motor\"><span class=\"propery-title\">MOTOR Type:<\/span><span class=\"propery-des\" title=\"Compact, efficient, long life motor\">Compact, efficient, long life motor<\/span><\/li>\n<li id=\"product-prop-\" class=\"property-item\" data-attr=\"\" data-title=\"Tough ABC Housing\"><span class=\"propery-title\">Housing:<\/span><span class=\"propery-des\" title=\"Tough ABC Housing\">Tough ABC Housing<\/span><\/li>\n<li id=\"product-prop-\" class=\"property-item\" data-attr=\"\" data-title=\"Thermoplastic\"><span class=\"propery-title\">Pump body:<\/span><span class=\"propery-des\" title=\"Thermoplastic\">Thermoplastic<\/span><\/li>\n<li id=\"product-prop-\" class=\"property-item\" data-attr=\"\" data-title=\"Intermittent\"><span class=\"propery-title\">Duty Cycle:<\/span><span class=\"propery-des\" title=\"Intermittent\">Intermittent<\/span><\/li>\n<li id=\"product-prop-\" class=\"property-item\" data-attr=\"\" data-title=\"110F (43C)\"><span class=\"propery-title\">Max Temper:<\/span><span class=\"propery-des\" title=\"110F (43C)\">110F (43C)<\/span><\/li>\n<li id=\"product-prop-\" class=\"property-item\" data-attr=\"\" data-title=\"OEM\/ODM are welcome\"><span class=\"propery-title\">Factory:<\/span><span class=\"propery-des\" title=\"OEM\/ODM are welcome\">OEM\/ODM are welcome<\/span><\/li>\n<\/ul>\n<p>&nbsp;<\/p>\n<h3><strong>\u1ee8NG D\u1ee4NG M\u00c1Y B\u01a0M CH\u00ccM 12V G1100<\/strong><\/h3>\n<p>M\u00e1y b\u01a1m t\u00e0u thuy\u1ec1n Cano.<br \/>\nD\u00f9ng\u00a0\u0111\u1ec3 b\u01a1m ch\u1ea5t th\u1ea3i.<br \/>\nB\u01a1m n\u01b0\u1edbc ng\u1eadp trong nh\u00e0.<br \/>\nT\u01b0\u1edbi c\u00e2y\u00a0\u0103n tr\u00e1i.<br \/>\nB\u01a1m c\u1ea5p n\u01b0\u1edbc v\u00e0o b\u1ec3 ch\u1ee9a.<br \/>\nM\u00e1y b\u01a1m t\u00e0u thuy\u1ec1n ghe tr\u00ean bi\u1ec3n s\u00f4ng.<br \/>\nM\u00e1y b\u01a1m n\u0103ng l\u01b0\u1ee3ng m\u1eb7t tr\u1eddi.<br \/>\nKh\u00f4ng th\u1ec3 s\u1eed d\u1ee5ng b\u01a1m c\u00e1c n\u01b0\u1edbc ch\u1ea5t ki\u1ec1m, \u0103n m\u00f2n, ax\u00edt,&#8230; C\u00f3 th\u1ec3 g\u00e2y h\u1ea1i ch\u00e1y m\u00e1y b\u01a1m.<\/p>\n<p><strong>MUA M\u00c1Y B\u01a0M\u00a0<\/strong><strong>CH\u00ccM\u00a0<\/strong><strong>12V G1100<\/strong><strong>\u00a0\u1ede \u0110\u00c2U ?<br \/>\n<\/strong>M\u1ecdi chi ti\u1ebft vui l\u00f2ng li\u00ean h\u1ec7 tr\u1ef1c ti\u1ebfp cho ch\u00fang t\u00f4i \u0111\u1ec3 \u0111\u01b0\u1ee3c t\u01b0 v\u1ea5n theo nhu c\u1ea7u \u0111\u1ec3 c\u00f3 \u0111\u01b0\u1ee3c b\u1ed9 s\u1ea3n ph\u1ea9m t\u1ed1t nh\u1ea5t v\u00e0 ti\u1ebft ki\u1ec7m.\u00a0B\u1ea1n \u1edf xa v\u1eabn c\u00f3 th\u1ec3 mua h\u00e0ng v\u00e0 giao h\u00e0ng <a title=\"thanh to\u00e1n\" href=\"http:\/\/maybommini.com\/thanh-toan-2\" target=\"_blank\" rel=\"noopener\">thanh to\u00e1n<\/a> ti\u1ec1n t\u1ea1i nh\u00e0.<\/p>\n<p><strong>Hotline:<\/strong> 090 729 4310<br \/>\n<strong>Email:<\/strong> maybommini.com@gmail.com<br \/>\n<strong>Website:<\/strong> <a href=\"https:\/\/maybommini.com\" target=\"_blank\" rel=\"noopener\">https:\/\/maybommini.com<\/a><br \/>\n<strong>Facebook:<\/strong> <a href=\"https:\/\/www.facebook.com\/maybommini\" target=\"_blank\" rel=\"noopener\">https:\/\/www.facebook.com\/maybommini<\/a><br \/>\n<strong>Google :<\/strong> <a href=\"https:\/\/plus.google.com\/ Maybomnuocminiruaxe\" target=\"_blank\" rel=\"noopener\">https:\/\/plus.google.com\/ Maybomnuocminiruaxe<\/a><br \/>\n<strong>Youtube demo :<\/strong> <a href=\"https:\/\/www.youtube.com\/bahamasali\" target=\"_blank\" rel=\"noopener\">https:\/\/www.youtube.com\/bahamasali<\/a><\/p>\n","protected":false},"excerpt":{"rendered":"<p>Th\u01b0\u01a1ng hi\u1ec7u:\u00a0SAILFLO &#8211; SEAFLO<br \/>\nModel:\u00a0HYBP1-G-1100-01<br \/>\nT\u00ecnh tr\u1ea1ng: H\u00e0ng m\u1edbi 100%<br \/>\n\u0110i\u1ec7n th\u1ebf: 12V<br \/>\nL\u01b0u l\u01b0\u1ee3ng b\u01a1m: 1100 Galon \/h<br \/>\nC\u00f4ng su\u1ea5t b\u01a1m: 36 W<br \/>\nTr\u1ecdng l\u01b0\u1ee3ng: 0.8 Gam<br \/>\n\u1ed0ng ra: 29 mm<br \/>\nNhi\u1ec7t\u00a0\u0111\u1ed9 n\u01b0\u1edbc: 43\u00a0\u0111\u1ed9 C<br \/>\nB\u01a1m cao: 3 &#8211; 4 Met.<br \/>\nB\u1ea3o h\u00e0ng: 3 th\u00e1ng ch\u00ednh h\u00e3ng<br \/>\nPh\u00e2n ph\u1ed1i: MBM<br \/>\nTel: 090729 4310<\/p>\n","protected":false},"featured_media":257687,"comment_status":"open","ping_status":"closed","template":"","meta":[],"product_brand":[],"product_cat":[382],"product_tag":[267,391,705,392,393,708,709,235,710,389,231,711,712,394,1525,1526],"class_list":{"0":"post-257547","1":"product","2":"type-product","3":"status-publish","4":"has-post-thumbnail","6":"product_cat-may-bom-chim-12v","7":"product_tag-12v","8":"product_tag-bom-chat-thai","9":"product_tag-bom-chim","10":"product_tag-bom-chim-12v","11":"product_tag-bom-chim-24v","12":"product_tag-bom-day-tau","13":"product_tag-bom-nuoc-bien","14":"product_tag-bom-nuoc-mini","15":"product_tag-may-bom-cano","16":"product_tag-may-bom-chim","17":"product_tag-may-bom-mini","18":"product_tag-may-bom-tau","19":"product_tag-may-bom-thuyen","20":"product_tag-may-bom-tuoi","21":"product_tag-saiflo","22":"product_tag-seaflo","24":"first","25":"instock","26":"sale","27":"featured","28":"shipping-taxable","29":"purchasable","30":"product-type-simple"},"_links":{"self":[{"href":"https:\/\/maybommini.vn\/index.php?rest_route=\/wp\/v2\/product\/257547","targetHints":{"allow":["GET"]}}],"collection":[{"href":"https:\/\/maybommini.vn\/index.php?rest_route=\/wp\/v2\/product"}],"about":[{"href":"https:\/\/maybommini.vn\/index.php?rest_route=\/wp\/v2\/types\/product"}],"replies":[{"embeddable":true,"href":"https:\/\/maybommini.vn\/index.php?rest_route=%2Fwp%2Fv2%2Fcomments&post=257547"}],"wp:featuredmedia":[{"embeddable":true,"href":"https:\/\/maybommini.vn\/index.php?rest_route=\/wp\/v2\/media\/257687"}],"wp:attachment":[{"href":"https:\/\/maybommini.vn\/index.php?rest_route=%2Fwp%2Fv2%2Fmedia&parent=257547"}],"wp:term":[{"taxonomy":"product_brand","embeddable":true,"href":"https:\/\/maybommini.vn\/index.php?rest_route=%2Fwp%2Fv2%2Fproduct_brand&post=257547"},{"taxonomy":"product_cat","embeddable":true,"href":"https:\/\/maybommini.vn\/index.php?rest_route=%2Fwp%2Fv2%2Fproduct_cat&post=257547"},{"taxonomy":"product_tag","embeddable":true,"href":"https:\/\/maybommini.vn\/index.php?rest_route=%2Fwp%2Fv2%2Fproduct_tag&post=257547"}],"curies":[{"name":"wp","href":"https:\/\/api.w.org\/{rel}","templated":true}]}}