{"id":257581,"date":"2018-04-12T19:48:55","date_gmt":"2018-04-12T12:48:55","guid":{"rendered":"https:\/\/maybommini.com\/san-pham\/import-placeholder-for-253773"},"modified":"2023-04-06T11:57:32","modified_gmt":"2023-04-06T04:57:32","slug":"binh-ac-quy-kho-mini-12v-3-3ah","status":"publish","type":"product","link":"https:\/\/maybommini.vn\/?product=binh-ac-quy-kho-mini-12v-3-3ah","title":{"rendered":"B\u00ecnh \u1eafc quy kh\u00f4 mini 12V 3.3Ah"},"content":{"rendered":"<h3>B\u00e1n b\u00ecnh \u1eafc quy kh\u00f4 mini 12v 3.3Ah cao c\u1ea5p ch\u1ea5t l\u01b0\u1ee3ng cao c\u1ee7a h\u00e3ng OUTDO d\u00f9ng cho c\u00e1c thi\u1ebft b\u1ecb \u0111i\u1ec7n, m\u00e1y b\u01a1m mini v\u00e0 nhi\u1ec1u \u1ee9ng d\u1ee5ng kh\u00e1c. \u0110\u00e2y l\u00e0 s\u1ea3n ph\u1ea9m h\u00e0ng Vi\u1ec7t Nam ch\u1ea5t l\u01b0\u1ee3ng cao v\u00e0 \u0111\u01b0\u1ee3c b\u00e0o h\u00e0nh ch\u00ednh h\u00e3ng do <a href=\"https:\/\/maybommini.com\/san-pham\/may-bom-nuoc-mini-ap-luc-12v-30w-3-1l-xld-pumps\" target=\"_blank\" rel=\"noopener noreferrer\">M\u00e1y B\u01a1m Mini<\/a> MBM ph\u00e2n ph\u1ed1i to\u00e0n qu\u1ed1c.<br \/>\n<a href=\"https:\/\/maybommini.com\/wp-content\/uploads\/2017\/11\/12v-3.3ah-ac-quy.jpg\" target=\"_blank\" rel=\"noopener\"><img decoding=\"async\" class=\"size-full wp-image-251482 aligncenter\" src=\"https:\/\/maybommini.com\/wp-content\/uploads\/2017\/11\/12v-3.3ah-ac-quy.jpg\" alt=\"12v 3.3ah Ac Quy\" width=\"750\" height=\"750\" srcset=\"https:\/\/maybommini.vn\/wp-content\/uploads\/2017\/11\/12v-3.3ah-ac-quy.jpg 750w, https:\/\/maybommini.vn\/wp-content\/uploads\/2017\/11\/12v-3.3ah-ac-quy-300x300.jpg 300w, https:\/\/maybommini.vn\/wp-content\/uploads\/2017\/11\/12v-3.3ah-ac-quy-600x600.jpg 600w, https:\/\/maybommini.vn\/wp-content\/uploads\/2017\/11\/12v-3.3ah-ac-quy-150x150.jpg 150w\" sizes=\"(max-width: 750px) 100vw, 750px\" \/><\/a><\/h3>\n<p><strong>TH\u00d4NG S\u1ed0 K\u1ef8 THU\u1eacT<\/strong><br \/>\nTh\u01b0\u01a1ng hi\u1ec7u: OUTDO<br \/>\nModel: OT-3.3-12<br \/>\n\u0110i\u1ec7n th\u1ebf ra: 12V<br \/>\nDung l\u01b0\u1ee3ng: 3.3Ah<br \/>\nS\u1ea1c v\u00e0o: 0.1A &#8211; 1.2A &#8211; 12V<br \/>\nK\u00edch th\u01b0\u1edbc: 13.5 x 6 x 6 Cm<br \/>\nTr\u1ecdng l\u01b0\u1ee3ng: 1400 gam<br \/>\nDesign in Japan<br \/>\nB\u1ea3o h\u00e0nh: 3 th\u00e1ng ch\u00ednh h\u00e3ng<br \/>\n<a href=\"https:\/\/maybommini.com\/wp-content\/uploads\/2017\/11\/ac-quy-outdo-12v.jpg\" target=\"_blank\" rel=\"noopener\"><img decoding=\"async\" class=\"size-full wp-image-251483 aligncenter\" src=\"https:\/\/maybommini.com\/wp-content\/uploads\/2017\/11\/ac-quy-outdo-12v.jpg\" alt=\"Ac Quy Outdo 12v\" width=\"750\" height=\"750\" srcset=\"https:\/\/maybommini.vn\/wp-content\/uploads\/2017\/11\/ac-quy-outdo-12v.jpg 750w, https:\/\/maybommini.vn\/wp-content\/uploads\/2017\/11\/ac-quy-outdo-12v-300x300.jpg 300w, https:\/\/maybommini.vn\/wp-content\/uploads\/2017\/11\/ac-quy-outdo-12v-600x600.jpg 600w, https:\/\/maybommini.vn\/wp-content\/uploads\/2017\/11\/ac-quy-outdo-12v-150x150.jpg 150w\" sizes=\"(max-width: 750px) 100vw, 750px\" \/><\/a> <a href=\"https:\/\/maybommini.com\/wp-content\/uploads\/2017\/11\/ban-ac-quy-gia-re.jpg\" target=\"_blank\" rel=\"noopener\"><img decoding=\"async\" class=\"size-full wp-image-251484 aligncenter\" src=\"https:\/\/maybommini.com\/wp-content\/uploads\/2017\/11\/ban-ac-quy-gia-re.jpg\" alt=\"Ban Ac Quy Gia Re\" width=\"750\" height=\"750\" srcset=\"https:\/\/maybommini.vn\/wp-content\/uploads\/2017\/11\/ban-ac-quy-gia-re.jpg 750w, https:\/\/maybommini.vn\/wp-content\/uploads\/2017\/11\/ban-ac-quy-gia-re-300x300.jpg 300w, https:\/\/maybommini.vn\/wp-content\/uploads\/2017\/11\/ban-ac-quy-gia-re-600x600.jpg 600w, https:\/\/maybommini.vn\/wp-content\/uploads\/2017\/11\/ban-ac-quy-gia-re-150x150.jpg 150w\" sizes=\"(max-width: 750px) 100vw, 750px\" \/><\/a><\/p>\n<h3><a href=\"https:\/\/maybommini.com\/wp-content\/uploads\/2017\/11\/ban-binh-ac-quy-12v-mini.jpg\" target=\"_blank\" rel=\"noopener\"><img decoding=\"async\" class=\"size-full wp-image-251485 aligncenter\" src=\"https:\/\/maybommini.com\/wp-content\/uploads\/2017\/11\/ban-binh-ac-quy-12v-mini.jpg\" alt=\"Ban Binh Ac Quy 12v Mini\" width=\"750\" height=\"750\" srcset=\"https:\/\/maybommini.vn\/wp-content\/uploads\/2017\/11\/ban-binh-ac-quy-12v-mini.jpg 750w, https:\/\/maybommini.vn\/wp-content\/uploads\/2017\/11\/ban-binh-ac-quy-12v-mini-300x300.jpg 300w, https:\/\/maybommini.vn\/wp-content\/uploads\/2017\/11\/ban-binh-ac-quy-12v-mini-600x600.jpg 600w, https:\/\/maybommini.vn\/wp-content\/uploads\/2017\/11\/ban-binh-ac-quy-12v-mini-150x150.jpg 150w\" sizes=\"(max-width: 750px) 100vw, 750px\" \/><\/a><br \/>\nS\u1eec D\u1ee4NG B\u00ccNH\u00a0\u1eaeC QUY KH\u00d4\u00a0MINI 12V<\/h3>\n<p>&#8211; D\u00f9ng cho h\u1ec7 th\u1ed1ng thi\u1ebft b\u1ecb \u0111i\u1ec7n.<br \/>\n&#8211; D\u00f9ng cho <a href=\"https:\/\/maybommini.com\/danh-muc\/bom-nuoc-mini\" target=\"_blank\" rel=\"noopener noreferrer\">m\u00e1y b\u01a1m n\u01b0\u1edbc mini<\/a> 12V 24V<br \/>\n&#8211; D\u00f9ng h\u1ec7 th\u1ed1ng Camera.<br \/>\n&#8211; D\u00f9ng ngu\u1ed3n\u00a0\u0111i\u1ec7n d\u1ef1 ph\u00f2ng.<br \/>\n&#8211; D\u00f9ng cho\u00a0\u0111\u00e8n chi\u1ebfu s\u00e1ng c\u1ea7m tay ho\u1eb7c\u00a0\u0111\u00e8n treo t\u01b0\u1eddng d\u1ee5 ph\u00f2ng.<br \/>\n&#8211; D\u00f9ng trong h\u1ec7 th\u1ed1ng m\u00e1y m\u00f3c t\u1ef1\u00a0\u0111\u1ed9ng.<br \/>\n&#8211; D\u00f9ng h\u1ec7 th\u1ed1ng n\u0103ng l\u01b0\u1ee3ng m\u1eb7t tr\u1eddi.<br \/>\n&#8211; D\u00f9ng trong\u00a0\u0111\u1ed3 ch\u01a1i tr\u1ebb em.<br \/>\nV\u00e0\u00a0\u1ee9ng d\u1ee5ng trong nhi\u1ec1u l\u0129nh v\u1ef1c kh\u00e1c&#8230;<br \/>\n&#8211; S\u1eed d\u1ee5ng <a href=\"https:\/\/maybommini.com\/san-pham\/sac-binh-ac-qui-12v-1-2a\" target=\"_blank\" rel=\"noopener noreferrer\">s\u1ea1c\u00a0\u00e1c quy<\/a>\u00a0\u0111\u1ec3 n\u1ea1p.<\/p>\n<p><a href=\"https:\/\/maybommini.com\/wp-content\/uploads\/2017\/11\/12v-3.3ah-ac-quy.jpg\" target=\"_blank\" rel=\"noopener\"><img decoding=\"async\" class=\"size-full wp-image-251482 aligncenter\" src=\"https:\/\/maybommini.com\/wp-content\/uploads\/2017\/11\/12v-3.3ah-ac-quy.jpg\" alt=\"12v 3.3ah Ac Quy\" width=\"750\" height=\"750\" srcset=\"https:\/\/maybommini.vn\/wp-content\/uploads\/2017\/11\/12v-3.3ah-ac-quy.jpg 750w, https:\/\/maybommini.vn\/wp-content\/uploads\/2017\/11\/12v-3.3ah-ac-quy-300x300.jpg 300w, https:\/\/maybommini.vn\/wp-content\/uploads\/2017\/11\/12v-3.3ah-ac-quy-600x600.jpg 600w, https:\/\/maybommini.vn\/wp-content\/uploads\/2017\/11\/12v-3.3ah-ac-quy-150x150.jpg 150w\" sizes=\"(max-width: 750px) 100vw, 750px\" \/><\/a><\/p>\n<h3>B\u00c1N B\u00ccNH\u00a0\u1eaeC QUY KH\u00d4 MINI 12V\u00a0\u1ede\u00a0\u0110\u00c2U<\/h3>\n<p><strong>Ch\u00fang t\u00f4i nh\u00e0 cung c\u1ea5p ph\u00e2n ph\u1ed1i to\u00e0n qu\u1ed1c c\u00e1c lo\u1ea1i b\u00e1n b\u00ecnh\u00a0\u00e1c quy mini\u00a0\u0111\u1ebfn c\u00e1c lo\u1ea1i\u00a0\u00e1c quy c\u00e1c dung l\u01b0\u1ee3ng r\u1ea5t l\u1edbn v\u1edbi gi\u00e1 h\u1ee3p l\u00fd v\u00e0 b\u1ea3o h\u00e0nh ch\u00ednh h\u00e3ng.<\/strong><br \/>\n<strong>Website:<\/strong>\u00a0<a href=\"https:\/\/maybommini.com\" target=\"_blank\" rel=\"noopener\">https:\/\/maybommini.com<\/a><br \/>\n<strong>Email:<\/strong> maybommini.com@gmail.com<br \/>\n<strong>Tel:<\/strong> 090 7294310<br \/>\n<a href=\"https:\/\/maybommini.com\/wp-content\/uploads\/2017\/10\/may-bom-mini-shop-ban-hang-uy-tin.jpg\" target=\"_blank\" rel=\"noopener\"><img decoding=\"async\" class=\"size-full wp-image-249726 aligncenter\" src=\"https:\/\/maybommini.com\/wp-content\/uploads\/2017\/10\/may-bom-mini-shop-ban-hang-uy-tin.jpg\" alt=\"May Bom Mini Shop Ban Hang Uy Tin\" width=\"570\" height=\"140\" srcset=\"https:\/\/maybommini.vn\/wp-content\/uploads\/2017\/10\/may-bom-mini-shop-ban-hang-uy-tin.jpg 570w, https:\/\/maybommini.vn\/wp-content\/uploads\/2017\/10\/may-bom-mini-shop-ban-hang-uy-tin-300x74.jpg 300w\" sizes=\"(max-width: 570px) 100vw, 570px\" \/><\/a><\/p>\n","protected":false},"excerpt":{"rendered":"<p>Th\u01b0\u01a1ng hi\u1ec7u: OUTDO<br \/>\nModel: OT-3.3-12<br \/>\n\u0110i\u1ec7n th\u1ebf ra: 12V<br \/>\nDung l\u01b0\u1ee3ng: 3.3Ah<br \/>\nS\u1ea1c v\u00e0o: 0.1A &#8211; 1.2A &#8211; 12V<br \/>\nK\u00edch th\u01b0\u1edbc: 13.5 x 6 x 6 Cm<br \/>\nTr\u1ecdng l\u01b0\u1ee3ng: 1400 gam<br \/>\nDesign in Japan<br \/>\nB\u1ea3o h\u00e0nh: 3 th\u00e1ng ch\u00ednh h\u00e3ng<\/p>\n","protected":false},"featured_media":257727,"comment_status":"open","ping_status":"closed","template":"","meta":[],"product_brand":[],"product_cat":[1486,4122],"product_tag":[1487,267,1488,1539,1489,1490,1491,1492,1493,1540,275,260,1541,430,435,1542],"class_list":{"0":"post-257581","1":"product","2":"type-product","3":"status-publish","4":"has-post-thumbnail","6":"product_cat-binh-ac-quy","7":"product_cat-ac-quy-12v","8":"product_tag-1-2ah","9":"product_tag-12v","10":"product_tag-ac-quy","11":"product_tag-ac-quy-kho","12":"product_tag-apollo","13":"product_tag-binh","14":"product_tag-binh-ac","15":"product_tag-binh-ac-quy-nho","16":"product_tag-binh-kho","17":"product_tag-binh-sac","18":"product_tag-mini","19":"product_tag-nguon","20":"product_tag-outdo","21":"product_tag-pin","22":"product_tag-sac-ac-quy","23":"product_tag-thay-binh","25":"first","26":"instock","27":"sale","28":"shipping-taxable","29":"purchasable","30":"product-type-simple"},"_links":{"self":[{"href":"https:\/\/maybommini.vn\/index.php?rest_route=\/wp\/v2\/product\/257581","targetHints":{"allow":["GET"]}}],"collection":[{"href":"https:\/\/maybommini.vn\/index.php?rest_route=\/wp\/v2\/product"}],"about":[{"href":"https:\/\/maybommini.vn\/index.php?rest_route=\/wp\/v2\/types\/product"}],"replies":[{"embeddable":true,"href":"https:\/\/maybommini.vn\/index.php?rest_route=%2Fwp%2Fv2%2Fcomments&post=257581"}],"wp:featuredmedia":[{"embeddable":true,"href":"https:\/\/maybommini.vn\/index.php?rest_route=\/wp\/v2\/media\/257727"}],"wp:attachment":[{"href":"https:\/\/maybommini.vn\/index.php?rest_route=%2Fwp%2Fv2%2Fmedia&parent=257581"}],"wp:term":[{"taxonomy":"product_brand","embeddable":true,"href":"https:\/\/maybommini.vn\/index.php?rest_route=%2Fwp%2Fv2%2Fproduct_brand&post=257581"},{"taxonomy":"product_cat","embeddable":true,"href":"https:\/\/maybommini.vn\/index.php?rest_route=%2Fwp%2Fv2%2Fproduct_cat&post=257581"},{"taxonomy":"product_tag","embeddable":true,"href":"https:\/\/maybommini.vn\/index.php?rest_route=%2Fwp%2Fv2%2Fproduct_tag&post=257581"}],"curies":[{"name":"wp","href":"https:\/\/api.w.org\/{rel}","templated":true}]}}