{"id":257667,"date":"2018-04-12T19:50:04","date_gmt":"2018-04-12T12:50:04","guid":{"rendered":"https:\/\/maybommini.com\/san-pham\/import-placeholder-for-254335"},"modified":"2022-09-09T15:02:05","modified_gmt":"2022-09-09T08:02:05","slug":"box-sac-pin-du-phong-7-cell","status":"publish","type":"product","link":"https:\/\/maybommini.vn\/?product=box-sac-pin-du-phong-7-cell","title":{"rendered":"Box s\u1ea1c pin d\u1ef1 ph\u00f2ng 7 cell"},"content":{"rendered":"<h3><strong>Chuy\u00ean b\u00e1n c\u00e1c lo\u1ea1i box s\u1ea1c pin d\u1ef1 ph\u00f2ng cho \u0111i\u1ec7n tho\u1ea1i m\u00e1y t\u00ednh b\u1ea3ng v\u00e0 c\u00e1c thi\u1ebft b\u1ecb kh\u00e1c v\u1edbi ch\u1ea5t l\u01b0\u1ee3ng t\u1ed1t nh\u1ea5t thi\u1ebft k\u1ebf \u0111\u1eb9p tinh t\u1ebf th\u1eddi trang dung l\u01b0\u1ee3ng l\u1edbn.<\/strong><\/h3>\n<p><img decoding=\"async\" class=\"size-full wp-image-254340 aligncenter\" src=\"https:\/\/maybommini.com.vn\/wp-content\/uploads\/2018\/02\/box-sac-gan-pin-roi.jpg\" alt=\"Box Sac Gan Pin Roi\" width=\"750\" height=\"750\" srcset=\"https:\/\/maybommini.vn\/wp-content\/uploads\/2018\/02\/box-sac-gan-pin-roi.jpg 750w, https:\/\/maybommini.vn\/wp-content\/uploads\/2018\/02\/box-sac-gan-pin-roi-300x300.jpg 300w, https:\/\/maybommini.vn\/wp-content\/uploads\/2018\/02\/box-sac-gan-pin-roi-600x600.jpg 600w, https:\/\/maybommini.vn\/wp-content\/uploads\/2018\/02\/box-sac-gan-pin-roi-150x150.jpg 150w\" sizes=\"(max-width: 750px) 100vw, 750px\" \/><\/p>\n<p><strong>TH\u00d4NG S\u1ed0 K\u1ef8 THU\u1eacT<\/strong><br \/>\nModel: A7<br \/>\nCh\u1ee9a Pin: 7\u00a0vi\u00ean (7\u00a0cell)<br \/>\nLo\u1ea1i Pin: Pin s\u1ea1c 18650<br \/>\nC\u1ed5ng s\u1ea1c OUT : 1A v\u00e0 2A USB<br \/>\nC\u1ed5ng s\u1ea1c IN: 2 c\u1ed5ng Micro USB<br \/>\n\u0110\u00e8n LED: 1\u00a0c\u00e1i<br \/>\nN\u00fat ngu\u1ed3n: c\u00f3<br \/>\nM\u00e0n h\u00ecnh: kh\u00f4ng<br \/>\nB\u00e1o dung l\u01b0\u1ee3ng: \u0111\u00e8n Led<br \/>\nB\u00e1o s\u1ea1c: c\u00f3<br \/>\nBox c\u00f3 th\u1ec3 th\u00e1o l\u1eafp \u0111\u1ec3 thay pin.<br \/>\nNg\u1eaft s\u1ea1c an to\u00e0n th\u00f4ng minh<br \/>\nKh\u00f4ng g\u00e2y h\u01b0 pin ho\u1eb7c thi\u1ebft b\u1ecb<br \/>\nTr\u1ecdng l\u01b0\u1ee3ng: 50g<br \/>\nBox kh\u00f4ng k\u00e8m theo Pin<br \/>\n<img decoding=\"async\" class=\"size-full wp-image-254343 aligncenter\" src=\"https:\/\/maybommini.com.vn\/wp-content\/uploads\/2018\/02\/sac-du-phong-dien-thoai.jpg\" alt=\"Sac Du Phong Dien Thoai\" width=\"750\" height=\"750\" srcset=\"https:\/\/maybommini.vn\/wp-content\/uploads\/2018\/02\/sac-du-phong-dien-thoai.jpg 750w, https:\/\/maybommini.vn\/wp-content\/uploads\/2018\/02\/sac-du-phong-dien-thoai-300x300.jpg 300w, https:\/\/maybommini.vn\/wp-content\/uploads\/2018\/02\/sac-du-phong-dien-thoai-600x600.jpg 600w, https:\/\/maybommini.vn\/wp-content\/uploads\/2018\/02\/sac-du-phong-dien-thoai-150x150.jpg 150w\" sizes=\"(max-width: 750px) 100vw, 750px\" \/> <img decoding=\"async\" class=\"size-full wp-image-254339 aligncenter\" src=\"https:\/\/maybommini.com.vn\/wp-content\/uploads\/2018\/02\/box-sac-dien-thoai-du-phong.jpg\" alt=\"Box Sac Dien Thoai Du Phong\" width=\"750\" height=\"750\" srcset=\"https:\/\/maybommini.vn\/wp-content\/uploads\/2018\/02\/box-sac-dien-thoai-du-phong.jpg 750w, https:\/\/maybommini.vn\/wp-content\/uploads\/2018\/02\/box-sac-dien-thoai-du-phong-300x300.jpg 300w, https:\/\/maybommini.vn\/wp-content\/uploads\/2018\/02\/box-sac-dien-thoai-du-phong-600x600.jpg 600w, https:\/\/maybommini.vn\/wp-content\/uploads\/2018\/02\/box-sac-dien-thoai-du-phong-150x150.jpg 150w\" sizes=\"(max-width: 750px) 100vw, 750px\" \/> <img decoding=\"async\" class=\"size-full wp-image-254345 aligncenter\" src=\"https:\/\/maybommini.com.vn\/wp-content\/uploads\/2018\/02\/sa-dien-thoai-du-phong.jpg\" alt=\"Sa Dien Thoai Du Phong\" width=\"750\" height=\"750\" srcset=\"https:\/\/maybommini.vn\/wp-content\/uploads\/2018\/02\/sa-dien-thoai-du-phong.jpg 750w, https:\/\/maybommini.vn\/wp-content\/uploads\/2018\/02\/sa-dien-thoai-du-phong-300x300.jpg 300w, https:\/\/maybommini.vn\/wp-content\/uploads\/2018\/02\/sa-dien-thoai-du-phong-600x600.jpg 600w, https:\/\/maybommini.vn\/wp-content\/uploads\/2018\/02\/sa-dien-thoai-du-phong-150x150.jpg 150w\" sizes=\"(max-width: 750px) 100vw, 750px\" \/><strong>S\u1eec D\u1ee4N BOX S\u1ea0C PIN D\u1ef0 PH\u00d2NG<\/strong><br \/>\n&#8211; D\u00f9ng s\u1ea1c \u0111i\u1ec7n tho\u1ea1i.<br \/>\n&#8211; D\u00f9ng s\u1ea1c m\u00e1y t\u00ednh b\u1ea3ng.<br \/>\n&#8211; S\u1ea1c d\u1ef1 ph\u00f2ng \u0111i du l\u1ecbch dung l\u01b0\u1ee3ng l\u1edbn.<br \/>\n&#8211; D\u00f9ng l\u00e0m \u0111\u00e8n pin khi m\u1ea5t \u0111i\u1ec7n.<br \/>\n&#8211; D\u00f9ng s\u1ea1c d\u1ef1 ph\u00f2ng cho t\u00e0i x\u00e9 grab uber.<\/p>\n<h3><img decoding=\"async\" class=\"size-full wp-image-254337 aligncenter\" src=\"https:\/\/maybommini.com.vn\/wp-content\/uploads\/2018\/02\/box-sac.jpg\" alt=\"Box Sac\" width=\"750\" height=\"750\" srcset=\"https:\/\/maybommini.vn\/wp-content\/uploads\/2018\/02\/box-sac.jpg 750w, https:\/\/maybommini.vn\/wp-content\/uploads\/2018\/02\/box-sac-300x300.jpg 300w, https:\/\/maybommini.vn\/wp-content\/uploads\/2018\/02\/box-sac-600x600.jpg 600w, https:\/\/maybommini.vn\/wp-content\/uploads\/2018\/02\/box-sac-150x150.jpg 150w\" sizes=\"(max-width: 750px) 100vw, 750px\" \/><br \/>\n<strong><br \/>\nB\u00c1N BOX S\u1ea0C PIN D\u1ef0 PH\u00d2NG \u1ede \u0110\u00c2U ?<\/strong><\/h3>\n<p><b>Ch\u00fang t\u00f4i chuy\u00ean b\u00e1n s\u1ec9 l\u1ebb c\u00e1c lo\u1ea1i box s\u1ea1c pin d\u1ef1 ph\u00f2ng 8 cell, 7cell ch\u1ea5t l\u01b0\u1ee3ng cao gi\u00e1 t\u1ed1t giao h\u00e0ng to\u00e0n qu\u1ed1c v\u00e0 b\u1ea3o h\u00e0nh cho kh\u00e1ch h\u00e0ng s\u1eed d\u1ee5ng l\u00e2u d\u00e0i.<\/b><\/p>\n<p><strong>CTY TNHH TH\u01af\u01a0NG M\u1ea0I D\u1ecaCH V\u1ee4 \u0110I\u1ec6N M\u00c1Y TH\u00d4NG MINH<\/strong><br \/>\n18Bis\/22\/3 Nguy\u1ec5n Th\u1ecb Minh Khai, Ph\u01b0\u1eddng \u0110akao, Qu\u1eadn 1 , H\u1ed3 Ch\u00ed Minh.<br \/>\n<strong>Hotline :<\/strong> 090 729 4310<br \/>\n<strong>Email :<\/strong> maybommini.com@gmail.com<br \/>\n<strong>Website :<\/strong> http:\/\/maybommini.com<br \/>\n<strong>Facebook :<\/strong> https:\/\/www.facebook.com\/maybommini<br \/>\n<strong>Google :<\/strong> https:\/\/plus.google.com\/ Maybomnuocminiruaxe<br \/>\n<strong>Youtube demo :<\/strong> https:\/\/www.youtube.com\/bahamasali<\/p>\n","protected":false},"excerpt":{"rendered":"<p>Model: A7<br \/>\nCh\u1ee9a Pin: 7\u00a0vi\u00ean (7\u00a0cell)<br \/>\nLo\u1ea1i Pin: Pin s\u1ea1c 18650<br \/>\nC\u1ed5ng s\u1ea1c OUT : 1A v\u00e0 2A USB<br \/>\nC\u1ed5ng s\u1ea1c IN: 2 c\u1ed5ng Micro USB<br \/>\n\u0110\u00e8n LED: 1\u00a0c\u00e1i<br \/>\nN\u00fat ngu\u1ed3n: c\u00f3<br \/>\nM\u00e0n h\u00ecnh: kh\u00f4ng<br \/>\nB\u00e1o dung l\u01b0\u1ee3ng: \u0111\u00e8n Led<br \/>\nB\u00e1o s\u1ea1c: c\u00f3<br \/>\nBox c\u00f3 th\u1ec3 th\u00e1o l\u1eafp \u0111\u1ec3 thay pin.<br \/>\nNg\u1eaft s\u1ea1c an to\u00e0n th\u00f4ng minh<br \/>\nKh\u00f4ng g\u00e2y h\u01b0 pin ho\u1eb7c thi\u1ebft b\u1ecb<br \/>\nTr\u1ecdng l\u01b0\u1ee3ng: 50g<br \/>\nBox kh\u00f4ng k\u00e8m theo Pin<br \/>\nB\u1ea3o h\u00e0nh:\u00a0 1 th\u00e1ng<\/p>\n","protected":false},"featured_media":257810,"comment_status":"open","ping_status":"closed","template":"","meta":[],"product_brand":[],"product_cat":[421],"product_tag":[1305,1306,1735,995],"class_list":{"0":"post-257667","1":"product","2":"type-product","3":"status-publish","4":"has-post-thumbnail","6":"product_cat-pin-sac","7":"product_tag-box-sac","8":"product_tag-box-sac-pin-du-phong","9":"product_tag-sac-du-phong-dien-thoai","10":"product_tag-sac-pin-12v","12":"first","13":"instock","14":"sale","15":"shipping-taxable","16":"purchasable","17":"product-type-simple"},"_links":{"self":[{"href":"https:\/\/maybommini.vn\/index.php?rest_route=\/wp\/v2\/product\/257667","targetHints":{"allow":["GET"]}}],"collection":[{"href":"https:\/\/maybommini.vn\/index.php?rest_route=\/wp\/v2\/product"}],"about":[{"href":"https:\/\/maybommini.vn\/index.php?rest_route=\/wp\/v2\/types\/product"}],"replies":[{"embeddable":true,"href":"https:\/\/maybommini.vn\/index.php?rest_route=%2Fwp%2Fv2%2Fcomments&post=257667"}],"wp:featuredmedia":[{"embeddable":true,"href":"https:\/\/maybommini.vn\/index.php?rest_route=\/wp\/v2\/media\/257810"}],"wp:attachment":[{"href":"https:\/\/maybommini.vn\/index.php?rest_route=%2Fwp%2Fv2%2Fmedia&parent=257667"}],"wp:term":[{"taxonomy":"product_brand","embeddable":true,"href":"https:\/\/maybommini.vn\/index.php?rest_route=%2Fwp%2Fv2%2Fproduct_brand&post=257667"},{"taxonomy":"product_cat","embeddable":true,"href":"https:\/\/maybommini.vn\/index.php?rest_route=%2Fwp%2Fv2%2Fproduct_cat&post=257667"},{"taxonomy":"product_tag","embeddable":true,"href":"https:\/\/maybommini.vn\/index.php?rest_route=%2Fwp%2Fv2%2Fproduct_tag&post=257667"}],"curies":[{"name":"wp","href":"https:\/\/api.w.org\/{rel}","templated":true}]}}