{"id":257836,"date":"2018-04-12T19:52:13","date_gmt":"2018-04-12T12:52:13","guid":{"rendered":"https:\/\/maybommini.com\/san-pham\/import-placeholder-for-255586"},"modified":"2022-10-04T17:35:42","modified_gmt":"2022-10-04T10:35:42","slug":"may-bom-ap-luc-12v-500w-50l-jy-500","status":"publish","type":"product","link":"https:\/\/maybommini.vn\/?product=may-bom-ap-luc-12v-500w-50l-jy-500","title":{"rendered":"M\u00e1y b\u01a1m \u00e1p l\u1ef1c 12V 500W 50L JY-500W"},"content":{"rendered":"<p><em><strong>Chuy\u00ean cung c\u1ea5p s\u1ec9 l\u1ebb c\u00e1c lo\u1ea1i m\u00e1y b\u01a1m\u00a0\u00e1p l\u1ef1c 12V 500W 50L\u00a0JY-500W l\u00e0 lo\u1ea1i b\u01a1m ngu\u1ed3n 12v r\u1ea5t th\u00edch h\u1ee3p phun thu\u1ed1c tr\u1eeb s\u00e2u, phun s\u01b0\u01a1ng t\u01b0\u1edbi lan, b\u01a1m c\u1ea5p n\u01b0\u1edbc, b\u01a1m t\u0103ng \u00e1p tr\u1ee3 l\u1ef1c t\u1ef1 \u0111\u1ed9ng, b\u01a1m n\u01b0\u1edbc l\u00ean cao, b\u01a1m ch\u1ea5t l\u1ecfng, b\u01a1m th\u1ef1c ph\u1ea9m v\u00e0 c\u00e1c h\u1ec7 th\u1ed1ng b\u01a1m kh\u00e1c.<\/strong><\/em><\/p>\n<p><a href=\"https:\/\/maybommini.com\/wp-content\/uploads\/2018\/04\/May-bom-ap-luc-JY-500W-12V-50L.jpg\" target=\"_blank\" rel=\"noopener\"><img decoding=\"async\" class=\"size-full wp-image-263625 aligncenter\" src=\"https:\/\/maybommini.com\/wp-content\/uploads\/2018\/04\/May-bom-ap-luc-JY-500W-12V-50L.jpg\" alt=\"May Bom Ap Luc JY 500W 12V 50L\" width=\"750\" height=\"750\" srcset=\"https:\/\/maybommini.vn\/wp-content\/uploads\/2018\/04\/May-bom-ap-luc-JY-500W-12V-50L.jpg 750w, https:\/\/maybommini.vn\/wp-content\/uploads\/2018\/04\/May-bom-ap-luc-JY-500W-12V-50L-300x300.jpg 300w, https:\/\/maybommini.vn\/wp-content\/uploads\/2018\/04\/May-bom-ap-luc-JY-500W-12V-50L-150x150.jpg 150w, https:\/\/maybommini.vn\/wp-content\/uploads\/2018\/04\/May-bom-ap-luc-JY-500W-12V-50L-600x600.jpg 600w\" sizes=\"(max-width: 750px) 100vw, 750px\" \/><\/a><\/p>\n<p><strong>TH\u00d4NG S\u1ed0 K\u1ef8 THU\u1eacT<br \/>\n<\/strong>Th\u01b0\u01a1ng hi\u1ec7u:<strong>\u00a0SMARTPUMPS<\/strong><br \/>\nModel: JY-500W<br \/>\n\u0110i\u1ec7n th\u1ebf: 12V DC<br \/>\nC\u00f4ng xu\u1ea5t: 500W<br \/>\n\u00c1p l\u1ef1c: 0.66 Mpa &#8211; 95 PSI<br \/>\nL\u01b0u l\u01b0\u1ee3ng: 50 L\/P<br \/>\nB\u01a1m cao: 60 M\u00e9t<br \/>\nH\u00fat s\u00e2u: 2 &#8211; 5 M\u00e9t<br \/>\nS\u1eed d\u1ee5ng \u1ed1ng 32mm.<br \/>\nC\u00f4ng t\u1eaft \u00e1p l\u1ef1c t\u1ef1 \u0111\u1ed9ng.<br \/>\nMotor l\u00f5i \u0111\u1ed3ng cao c\u1ea5p ch\u1ea5t l\u01b0\u1ee3ng.<br \/>\n\u0110\u1ea7u b\u01a1m c\u00f4ng ngh\u1ec7 m\u1edbi.<br \/>\nCh\u1ea5t li\u1ec7u: Gang &#8211; \u0110\u1ed3ng &#8211; Nh\u1ef1a.<br \/>\nTr\u1ecdng l\u01b0\u1ee3ng: 5.8 Kg<\/p>\n<p><a href=\"https:\/\/maybommini.com\/wp-content\/uploads\/2018\/04\/May-bom-ap-luc-12v-luu-luong-lon.jpg\" target=\"_blank\" rel=\"noopener\"><img decoding=\"async\" class=\"size-full wp-image-263623 aligncenter\" src=\"https:\/\/maybommini.com\/wp-content\/uploads\/2018\/04\/May-bom-ap-luc-12v-luu-luong-lon.jpg\" alt=\"May Bom Ap Luc 12v Luu Luong Lon\" width=\"750\" height=\"750\" srcset=\"https:\/\/maybommini.vn\/wp-content\/uploads\/2018\/04\/May-bom-ap-luc-12v-luu-luong-lon.jpg 750w, https:\/\/maybommini.vn\/wp-content\/uploads\/2018\/04\/May-bom-ap-luc-12v-luu-luong-lon-300x300.jpg 300w, https:\/\/maybommini.vn\/wp-content\/uploads\/2018\/04\/May-bom-ap-luc-12v-luu-luong-lon-150x150.jpg 150w, https:\/\/maybommini.vn\/wp-content\/uploads\/2018\/04\/May-bom-ap-luc-12v-luu-luong-lon-600x600.jpg 600w\" sizes=\"(max-width: 750px) 100vw, 750px\" \/><\/a> <a href=\"https:\/\/maybommini.com\/wp-content\/uploads\/2018\/04\/bom-nuoc-mini-12v-500W.jpg\" target=\"_blank\" rel=\"noopener\"><img decoding=\"async\" class=\"size-full wp-image-263621 aligncenter\" src=\"https:\/\/maybommini.com\/wp-content\/uploads\/2018\/04\/bom-nuoc-mini-12v-500W.jpg\" alt=\"Bom Nuoc Mini 12v 500W\" width=\"750\" height=\"750\" srcset=\"https:\/\/maybommini.vn\/wp-content\/uploads\/2018\/04\/bom-nuoc-mini-12v-500W.jpg 750w, https:\/\/maybommini.vn\/wp-content\/uploads\/2018\/04\/bom-nuoc-mini-12v-500W-300x300.jpg 300w, https:\/\/maybommini.vn\/wp-content\/uploads\/2018\/04\/bom-nuoc-mini-12v-500W-150x150.jpg 150w, https:\/\/maybommini.vn\/wp-content\/uploads\/2018\/04\/bom-nuoc-mini-12v-500W-600x600.jpg 600w\" sizes=\"(max-width: 750px) 100vw, 750px\" \/><\/a> <a href=\"https:\/\/maybommini.com\/wp-content\/uploads\/2018\/04\/Dau-bom-ap-luc-JY-500W.jpg\" target=\"_blank\" rel=\"noopener\"><img decoding=\"async\" class=\"size-full wp-image-263622 aligncenter\" src=\"https:\/\/maybommini.com\/wp-content\/uploads\/2018\/04\/Dau-bom-ap-luc-JY-500W.jpg\" alt=\"Dau Bom Ap Luc JY 500W\" width=\"750\" height=\"750\" srcset=\"https:\/\/maybommini.vn\/wp-content\/uploads\/2018\/04\/Dau-bom-ap-luc-JY-500W.jpg 750w, https:\/\/maybommini.vn\/wp-content\/uploads\/2018\/04\/Dau-bom-ap-luc-JY-500W-300x300.jpg 300w, https:\/\/maybommini.vn\/wp-content\/uploads\/2018\/04\/Dau-bom-ap-luc-JY-500W-150x150.jpg 150w, https:\/\/maybommini.vn\/wp-content\/uploads\/2018\/04\/Dau-bom-ap-luc-JY-500W-600x600.jpg 600w\" sizes=\"(max-width: 750px) 100vw, 750px\" \/><\/a> <a href=\"https:\/\/maybommini.com\/wp-content\/uploads\/2018\/04\/ban-may-bom-nuoc-ap-luc-12v-JY-500W.jpg\" target=\"_blank\" rel=\"noopener\"><img decoding=\"async\" class=\"size-full wp-image-263620 aligncenter\" src=\"https:\/\/maybommini.com\/wp-content\/uploads\/2018\/04\/ban-may-bom-nuoc-ap-luc-12v-JY-500W.jpg\" alt=\"Ban May Bom Nuoc Ap Luc 12v JY 500W\" width=\"750\" height=\"750\" srcset=\"https:\/\/maybommini.vn\/wp-content\/uploads\/2018\/04\/ban-may-bom-nuoc-ap-luc-12v-JY-500W.jpg 750w, https:\/\/maybommini.vn\/wp-content\/uploads\/2018\/04\/ban-may-bom-nuoc-ap-luc-12v-JY-500W-300x300.jpg 300w, https:\/\/maybommini.vn\/wp-content\/uploads\/2018\/04\/ban-may-bom-nuoc-ap-luc-12v-JY-500W-150x150.jpg 150w, https:\/\/maybommini.vn\/wp-content\/uploads\/2018\/04\/ban-may-bom-nuoc-ap-luc-12v-JY-500W-600x600.jpg 600w\" sizes=\"(max-width: 750px) 100vw, 750px\" \/><\/a> <a href=\"https:\/\/maybommini.com\/wp-content\/uploads\/2018\/04\/nha-cung-cap-may-bom-ap-luc-12v-gia-tot.jpg\" target=\"_blank\" rel=\"noopener\"><img decoding=\"async\" class=\"size-full wp-image-263626 aligncenter\" src=\"https:\/\/maybommini.com\/wp-content\/uploads\/2018\/04\/nha-cung-cap-may-bom-ap-luc-12v-gia-tot.jpg\" alt=\"Nha Cung Cap May Bom Ap Luc 12v Gia Tot\" width=\"750\" height=\"750\" srcset=\"https:\/\/maybommini.vn\/wp-content\/uploads\/2018\/04\/nha-cung-cap-may-bom-ap-luc-12v-gia-tot.jpg 750w, https:\/\/maybommini.vn\/wp-content\/uploads\/2018\/04\/nha-cung-cap-may-bom-ap-luc-12v-gia-tot-300x300.jpg 300w, https:\/\/maybommini.vn\/wp-content\/uploads\/2018\/04\/nha-cung-cap-may-bom-ap-luc-12v-gia-tot-150x150.jpg 150w, https:\/\/maybommini.vn\/wp-content\/uploads\/2018\/04\/nha-cung-cap-may-bom-ap-luc-12v-gia-tot-600x600.jpg 600w\" sizes=\"(max-width: 750px) 100vw, 750px\" \/><\/a><\/p>\n<p><strong>\u1ee8NG D\u1ee4NG M\u00c1Y B\u01a0M \u00c1P L\u1ef0C T\u1ef0 \u0110\u1ed8NG JY-500W<br \/>\n<\/strong>Th\u00edch h\u1ee3p cho vi\u1ec7c t\u0103ng \u00e1p v\u00f2i n\u01b0\u1edbc gia \u0111\u00ecnh, r\u1eeda xe, b\u01a1m h\u00f3a ch\u1ea5t.<br \/>\nS\u1eed d\u1ee5ng b\u01a1m n\u01b0\u1edbc t\u01b0\u1edbi, t\u01b0\u1edbi phun, phun thu\u1ed1c tr\u1eeb s\u00e2u v\u00e0 ao c\u00e1.<br \/>\nC\u00f3 th\u1ec3 \u0111\u01b0\u1ee3c s\u1eed d\u1ee5ng \u0111\u1ec3 l\u00e0m b\u01a1m d\u1ea7u diesel, urea, methanol v\u00e0 ch\u1ea5t l\u1ecfng \u0103n m\u00f2n kh\u00e1c.<br \/>\nC\u0169ng c\u00f3 th\u1ec3 \u0111\u01b0\u1ee3c s\u1eed d\u1ee5ng nh\u01b0 thi\u1ebft b\u1ecb x\u1eed l\u00fd n\u01b0\u1edbc, b\u1ed9 l\u1ecdc, thi\u1ebft b\u1ecb phun, h\u00f3a ch\u1ea5t \u0111o l\u01b0\u1eddng ch\u1ea5t l\u1ecfng v\u00e0 s\u1ee9c kh\u1ecfe, b\u1ea3o v\u1ec7 m\u00f4i tr\u01b0\u1eddng, in \u1ea5n v\u00e0 c\u00e1c ng\u00e0nh c\u00f4ng nghi\u1ec7p kh\u00e1c.<\/p>\n<p><a href=\"https:\/\/maybommini.com\/wp-content\/uploads\/2018\/04\/May-bom-ap-luc-JY-500W-12V.jpg\" target=\"_blank\" rel=\"noopener\"><img decoding=\"async\" class=\"size-full wp-image-263624 aligncenter\" src=\"https:\/\/maybommini.com\/wp-content\/uploads\/2018\/04\/May-bom-ap-luc-JY-500W-12V.jpg\" alt=\"May Bom Ap Luc JY 500W 12V\" width=\"750\" height=\"750\" srcset=\"https:\/\/maybommini.vn\/wp-content\/uploads\/2018\/04\/May-bom-ap-luc-JY-500W-12V.jpg 750w, https:\/\/maybommini.vn\/wp-content\/uploads\/2018\/04\/May-bom-ap-luc-JY-500W-12V-300x300.jpg 300w, https:\/\/maybommini.vn\/wp-content\/uploads\/2018\/04\/May-bom-ap-luc-JY-500W-12V-150x150.jpg 150w, https:\/\/maybommini.vn\/wp-content\/uploads\/2018\/04\/May-bom-ap-luc-JY-500W-12V-600x600.jpg 600w\" sizes=\"(max-width: 750px) 100vw, 750px\" \/><\/a><\/p>\n<p><em><strong>MUA M\u00c1Y B\u01a0M N\u01af\u1edaC MINI 12V 24V 500W \u1ede \u0110\u00c2U ?<br \/>\n<\/strong><\/em>M\u1ecdi chi ti\u1ebft vui l\u00f2ng li\u00ean h\u1ec7 tr\u1ef1c ti\u1ebfp cho ch\u00fang t\u00f4i \u0111\u1ec3 \u0111\u01b0\u1ee3c t\u01b0 v\u1ea5n theo nhu c\u1ea7u \u0111\u1ec3 c\u00f3 \u0111\u01b0\u1ee3c b\u1ed9 s\u1ea3n ph\u1ea9m t\u1ed1t nh\u1ea5t v\u00e0 ti\u1ebft ki\u1ec7m.\u00a0B\u1ea1n \u1edf xa v\u1eabn c\u00f3 th\u1ec3 mua h\u00e0ng v\u00e0 giao h\u00e0ng thanh to\u00e1n ti\u1ec1n t\u1ea1i nh\u00e0.<\/p>\n<p><strong>CTY TNHH TH\u01af\u01a0NG M\u1ea0I D\u1ecaCH V\u1ee4 \u0110I\u1ec6N M\u00c1Y TH\u00d4NG MINH<\/strong><br \/>\nHotline: 02873030399 &#8211;\u00a0 090 729 4310<br \/>\nEmail: maybommini.com@gmail.com<br \/>\nWebsite: <a href=\"https:\/\/maybommini.com.vn\" target=\"_blank\" rel=\"noopener\">https:\/\/maybommini.com.vn<\/a><br \/>\nFacebook: <a href=\"https:\/\/www.facebook.com\/maybommini\" target=\"_blank\" rel=\"noopener\">https:\/\/www.facebook.com\/maybommini<\/a><br \/>\nGoogle: <a href=\"https:\/\/plus.google.com\/ Maybomnuocminiruaxe\" target=\"_blank\" rel=\"noopener\">https:\/\/plus.google.com\/ Maybomnuocminiruaxe<\/a><br \/>\nYoutube demo: <a href=\"https:\/\/www.youtube.com\/bahamasali\" target=\"_blank\" rel=\"noopener\">https:\/\/www.youtube.com\/bahamasali\u00a0<\/a><\/p>\n<p>&nbsp;<\/p>\n<h3 style=\"text-align: center;\"><a href=\"https:\/\/maybommini.com\/san-pham\/may-bom-ap-luc-12v-500w-50l-jy-500\" target=\"_blank\" rel=\"noopener\">M\u00e1y b\u01a1m \u00e1p l\u1ef1c 12V 500W 50L JY-500W Smartpumps<\/a><br \/>\n<a href=\"https:\/\/maybommini.com\/san-pham\/may-bom-ap-luc-24v-500w-50l-jy-500\" target=\"_blank\" rel=\"noopener\">M\u00e1y b\u01a1m \u00e1p l\u1ef1c 24V 500W 50L JY-500W Smartpumps<\/a><\/h3>\n","protected":false},"excerpt":{"rendered":"<p>Th\u01b0\u01a1ng hi\u1ec7u:<strong>\u00a0SMARTPUMPS<\/strong><br \/>\nModel: JY-500W<br \/>\n\u0110i\u1ec7n th\u1ebf: 12V DC<br \/>\nC\u00f4ng xu\u1ea5t: 500W<br \/>\n\u00c1p l\u1ef1c: 0.66 Mpa &#8211; 95 PSI<br \/>\nL\u01b0u l\u01b0\u1ee3ng: 50 L\/P<br \/>\nB\u01a1m cao: 60 M\u00e9t<br \/>\nH\u00fat s\u00e2u: 2 &#8211; 5 M\u00e9t<br \/>\nS\u1eed d\u1ee5ng \u1ed1ng 32mm.<br \/>\nC\u00f4ng t\u1eaft \u00e1p l\u1ef1c t\u1ef1 \u0111\u1ed9ng.<br \/>\nMotor l\u00f5i \u0111\u1ed3ng cao c\u1ea5p ch\u1ea5t l\u01b0\u1ee3ng.<br \/>\n\u0110\u1ea7u b\u01a1m c\u00f4ng ngh\u1ec7 m\u1edbi.<br \/>\nCh\u1ea5t li\u1ec7u: Gang &#8211; \u0110\u1ed3ng &#8211; Nh\u1ef1a.<br \/>\nTr\u1ecdng l\u01b0\u1ee3ng: 5.8 Kg<br \/>\nB\u1ea3o h\u00e0nh: 6 th\u00e1ng<br \/>\nPh\u00e2n ph\u1ed1i: Maybommini.com<br \/>\nH\u00f4\u0309 tr\u01a1\u0323 ky\u0303 thu\u00e2\u0323t vi\u0303nh vi\u00ea\u0303n.<br \/>\n<strong>T\u01af V\u1ea4N K\u1ef8 THU\u1eacT \u2013 MUA H\u00c0NG<\/strong><br \/>\n0908997823 \u2013 0908997872<br \/>\n0907294310 \u2013 02873030399<\/p>\n","protected":false},"featured_media":263625,"comment_status":"open","ping_status":"closed","template":"","meta":[],"product_brand":[44],"product_cat":[197,225],"product_tag":[2045,2003,2041,235,201,2042,2043,207,359,375,360,420,2044],"class_list":{"0":"post-257836","1":"product","2":"type-product","3":"status-publish","4":"has-post-thumbnail","6":"product_brand-smartpumps","7":"product_cat-may-bom-ap-luc-12v","8":"product_cat-may-bom-nuoc-mini-12v","9":"product_tag-12v-500w","10":"product_tag-24v-100w","11":"product_tag-24v-500w","12":"product_tag-bom-nuoc-mini","13":"product_tag-bom-nuoc-mini-rua-xe","14":"product_tag-jy-500","15":"product_tag-jy-500w-12v","16":"product_tag-may-bom-ap-luc","17":"product_tag-may-bom-ap-luc-12v","18":"product_tag-may-bom-nuoc","19":"product_tag-may-bom-ve-sinh-may-lanh","20":"product_tag-smartpumps","21":"product_tag-super-pumps","23":"first","24":"instock","25":"sale","26":"shipping-taxable","27":"purchasable","28":"product-type-simple"},"_links":{"self":[{"href":"https:\/\/maybommini.vn\/index.php?rest_route=\/wp\/v2\/product\/257836","targetHints":{"allow":["GET"]}}],"collection":[{"href":"https:\/\/maybommini.vn\/index.php?rest_route=\/wp\/v2\/product"}],"about":[{"href":"https:\/\/maybommini.vn\/index.php?rest_route=\/wp\/v2\/types\/product"}],"replies":[{"embeddable":true,"href":"https:\/\/maybommini.vn\/index.php?rest_route=%2Fwp%2Fv2%2Fcomments&post=257836"}],"wp:featuredmedia":[{"embeddable":true,"href":"https:\/\/maybommini.vn\/index.php?rest_route=\/wp\/v2\/media\/263625"}],"wp:attachment":[{"href":"https:\/\/maybommini.vn\/index.php?rest_route=%2Fwp%2Fv2%2Fmedia&parent=257836"}],"wp:term":[{"taxonomy":"product_brand","embeddable":true,"href":"https:\/\/maybommini.vn\/index.php?rest_route=%2Fwp%2Fv2%2Fproduct_brand&post=257836"},{"taxonomy":"product_cat","embeddable":true,"href":"https:\/\/maybommini.vn\/index.php?rest_route=%2Fwp%2Fv2%2Fproduct_cat&post=257836"},{"taxonomy":"product_tag","embeddable":true,"href":"https:\/\/maybommini.vn\/index.php?rest_route=%2Fwp%2Fv2%2Fproduct_tag&post=257836"}],"curies":[{"name":"wp","href":"https:\/\/api.w.org\/{rel}","templated":true}]}}