{"id":257838,"date":"2018-04-12T19:52:14","date_gmt":"2018-04-12T12:52:14","guid":{"rendered":"https:\/\/maybommini.com\/san-pham\/import-placeholder-for-255601"},"modified":"2025-06-11T17:35:24","modified_gmt":"2025-06-11T10:35:24","slug":"may-bom-thuc-pham-220v-mp-15rm-inox","status":"publish","type":"product","link":"https:\/\/maybommini.vn\/?product=may-bom-thuc-pham-220v-mp-15rm-inox","title":{"rendered":"M\u00e1y b\u01a1m th\u1ef1c ph\u1ea9m 220V MP-15RM &#8211; inox"},"content":{"rendered":"<p><em><strong>Chuy\u00ean b\u00e1n m\u00e1y b\u01a1m th\u1ef1c ph\u1ea9m 220V MP-15RM inox cao c\u1ea5p chuy\u00ean d\u1ee5ng d\u00f9ng \u0111\u1ec3 b\u1edbm th\u1ef1c ph\u1ea9m h\u00f3a ch\u1ea5t m\u00e0 c\u00e1c lo\u1ea1i m\u00e1y b\u01a1m th\u00f4ng th\u01b0\u1eddng kh\u00e1c kh\u00f4ng b\u01a1m \u0111\u01b0\u1ee3c v\u1edbi thi\u1ebft k\u1ebf nh\u1ecf g\u1ecdn c\u00f3 th\u1ec3 n\u00f3i \u0111\u00e2y l\u00e0 m\u00e1y b\u01a1m th\u1ef1c t\u1ed1t\u00a0nh\u1ea5t hi\u1ec7n nay do https:\/\/maybommini.com.vn ph\u00e2n ph\u1ed1i \u0111\u1ed9c quy\u1ec1n t\u1ea1i Vi\u1ec7t Nam. M\u00e1y \u0111\u01b0\u1ee3c nh\u1eadp kh\u1ea9u tr\u1ef1c ti\u1ebfp v\u1edbi ch\u00ednh s\u00e1ch b\u1ea3o h\u00e0nh ch\u00ednh h\u00e3ng c\u00f3 gi\u00e1 c\u1ea1nh tranh nh\u1ea5t.<\/strong><\/em><\/p>\n<p><img decoding=\"async\" class=\"size-full wp-image-255605 aligncenter\" src=\"https:\/\/maybommini.com.vn\/wp-content\/uploads\/2018\/03\/may-bom-thuc-pham.jpg\" alt=\"May Bom Thuc Pham\" width=\"750\" height=\"750\" \/><\/p>\n<p><strong>TH\u00d4NG S\u1ed0 K\u1ef6 THU\u1eacT<br \/>\n<\/strong>Model: MP-15RM<br \/>\nS\u1eed d\u1ee5ng: B\u01a1m th\u1ef1c ph\u1ea9m ho\u00e1 ch\u1ea5t<br \/>\nCh\u1ed1ng\u00a0\u0103n m\u00f2m cao c\u1ea5p<br \/>\n\u0110\u1ed9ng c\u01a1: xoay chi\u1ec1u<br \/>\n\u0110i\u1ec7n \u00e1p: 220V<br \/>\nC\u00f4ng su\u1ea5t (t\u1ed1i \u0111a): 10W<br \/>\nL\u01b0u l\u01b0\u1ee3ng: 16L\/ph\u00fat<br \/>\n\u1ed0ng d\u1eabn ra\/ v\u00e0o: Ren 1\/2&#8243; &#8211; 17,4 mm<br \/>\nB\u01a1m cao: 2.4 m\u00e9t<br \/>\nCh\u1ea5t li\u1ec7u: Inox 304 &#8211; Nh\u1ef1a PP<br \/>\nCh\u1ed1ng \u0103n m\u00f2n v\u00e0 r\u00f2 r\u1ec9<br \/>\nTr\u1ee5c: n\u1eb1m ngang<br \/>\nK\u00edch th\u01b0\u1edbc: 195 x 95 x 82 mm<br \/>\nTr\u1ecdng l\u01b0\u1ee3ng: 1800g<\/p>\n<p><img decoding=\"async\" class=\"size-full wp-image-255608 aligncenter\" src=\"https:\/\/maybommini.com.vn\/wp-content\/uploads\/2018\/03\/may-bom-dau-inox.jpg\" alt=\"May Bom Dau Inox\" width=\"750\" height=\"750\" \/> <img decoding=\"async\" class=\"size-full wp-image-255607 aligncenter\" src=\"https:\/\/maybommini.com.vn\/wp-content\/uploads\/2018\/03\/may-bom-inox-cao-cap.jpg\" alt=\"May Bom Inox Cao Cap\" width=\"750\" height=\"750\" \/> <img decoding=\"async\" class=\"size-full wp-image-255604 aligncenter\" src=\"https:\/\/maybommini.com.vn\/wp-content\/uploads\/2018\/03\/may-bom-thuc-pham-220v.jpg\" alt=\"May Bom Thuc Pham 220v\" width=\"750\" height=\"750\" \/><\/p>\n<p><strong>NGUY\u00caN L\u00dd HO\u1ea0T\u00a0\u0110\u1ed8NG M\u00c1Y TH\u1ef0C PH\u1ea8M<br \/>\n<\/strong>M\u00e1y c\u00f3 th\u1ec3 ch\u1ea1y kh\u00f4 m\u00e0 kh\u00f4ng \u1ea3nh h\u01b0\u1edbng t\u1edbi \u0111\u1ed9ng c\u01a1 khi kh\u00f4ng c\u00f3 n\u01b0\u1edbc b\u01a1m. V\u1edbi c\u00e1c m\u00e1y l\u1edbn th\u00ec c\u00f3 th\u1ec3 g\u00e2y h\u1ea1i d\u1eabn t\u1edbi ch\u00e1y \u0111\u1ed9ng c\u01a1.<br \/>\nB\u01a1m n\u01b0\u1edbc th\u1ef1c ph\u1ea9m d\u00f9ng tr\u1ef1c ti\u1ebfp ngu\u1ed3n \u0111i\u1ec7n 220V .<br \/>\nM\u00e1y ch\u1ea1y ho\u1ea1t \u0111\u1ed9ng v\u1edbi ti\u1ebfng \u1ed3n nh\u1ecf v\u00e0 \u00eam \u00e1i.<\/p>\n<p><img decoding=\"async\" class=\"size-full wp-image-255602 aligncenter\" src=\"https:\/\/maybommini.com.vn\/wp-content\/uploads\/2018\/03\/may-bom-thuc-pham-hoa-chat.jpg\" alt=\"May Bom Thuc Pham Hoa Chat\" width=\"750\" height=\"750\" \/><\/p>\n<p><strong>\u1ee8NG D\u1ee4NG M\u00c1Y B\u01a0M TH\u1ef0C PH\u1ea8M<br \/>\n<\/strong>\u0110\u1eb7c bi\u1ec7t m\u00e1y c\u00f3 kh\u1ea3 n\u0103ng b\u01a1m c\u00e1c lo\u1ea1i th\u1ef1c ph\u1ea9m, b\u01a1m n\u01b0\u1edbc, ch\u1ea5t \u0103n m\u00f2n, m\u00e1y b\u01a1m bia, m\u00e1y b\u01a1m n\u01b0\u1edbc m\u1eafm, m\u00e1y b\u01a1m cafe, n\u01b0\u1edbc ng\u1ecdt &#8230;<br \/>\nB\u01a1m n\u01b0\u1edbc bi\u1ec3n, b\u01a1m dung d\u1ecbch \u0111\u1eb7t bi\u1ec7t, b\u01a1m n\u01b0\u1edbc, &#8230;<\/p>\n<p><img decoding=\"async\" class=\"size-full wp-image-255603 aligncenter\" src=\"https:\/\/maybommini.com.vn\/wp-content\/uploads\/2018\/03\/may-bom-thuc-pham-an-mon.jpg\" alt=\"May Bom Thuc Pham An Mon\" width=\"750\" height=\"750\" \/><\/p>\n<p><strong>MUA M\u00c1Y B\u01a0M TH\u1ef0C PH\u1ea8M \u1ede \u0110\u00c2U ?<br \/>\n<\/strong>M\u1ecdi chi ti\u1ebft vui l\u00f2ng li\u00ean h\u1ec7 tr\u1ef1c ti\u1ebfp cho ch\u00fang t\u00f4i \u0111\u1ec3 \u0111\u01b0\u1ee3c t\u01b0 v\u1ea5n theo nhu c\u1ea7u \u0111\u1ec3 c\u00f3 \u0111\u01b0\u1ee3c b\u1ed9 s\u1ea3n ph\u1ea9m t\u1ed1t nh\u1ea5t v\u00e0 ti\u1ebft ki\u1ec7m.\u00a0B\u1ea1n \u1edf xa v\u1eabn c\u00f3 th\u1ec3 mua h\u00e0ng v\u00e0 giao to\u00e0n qu\u1ed1c.<\/p>\n<p><img decoding=\"async\" class=\"size-full wp-image-255526 aligncenter\" src=\"https:\/\/maybommini.com.vn\/wp-content\/uploads\/2018\/01\/nha-cung-cap-may-bom-mini-MBM.jpg\" alt=\"Nha Cung Cap May Bom Mini MBM\" width=\"750\" height=\"875\" srcset=\"https:\/\/maybommini.vn\/wp-content\/uploads\/2018\/01\/nha-cung-cap-may-bom-mini-MBM.jpg 750w, https:\/\/maybommini.vn\/wp-content\/uploads\/2018\/01\/nha-cung-cap-may-bom-mini-MBM-600x700.jpg 600w, https:\/\/maybommini.vn\/wp-content\/uploads\/2018\/01\/nha-cung-cap-may-bom-mini-MBM-257x300.jpg 257w\" sizes=\"(max-width: 750px) 100vw, 750px\" \/><\/p>\n<p><strong>CTY TNHH TH\u01af\u01a0NG M\u1ea0I D\u1ecaCH V\u1ee4 \u0110I\u1ec6N M\u00c1Y TH\u00d4NG MINH<\/strong><br \/>\nHotline : 090 729 4310<br \/>\nEmail : maybommini.com@gmail.com<br \/>\nWebsite : http:\/\/maybommini.com<br \/>\nFacebook : <a href=\"https:\/\/www.facebook.com\/maybommini\" target=\"_blank\" rel=\"noopener noreferrer\">https:\/\/www.facebook.com\/maybommini<\/a><br \/>\nGoogle : <a href=\"https:\/\/plus.google.com\/ Maybomnuocminiruaxe\" target=\"_blank\" rel=\"noopener noreferrer\">https:\/\/plus.google.com\/ Maybomnuocminiruaxe<\/a><br \/>\nYoutube demo : <a href=\"https:\/\/www.youtube.com\/bahamasali\" target=\"_blank\" rel=\"noopener noreferrer\">https:\/\/www.youtube.com\/bahamasali\u00a0<\/a><\/p>\n<h3 style=\"text-align: center;\"><strong>B\u00c1N M\u00c1Y B\u01a0M TH\u1ef0C PH\u1ea8M H\u00d3A CH\u1ea4T INOX CAO C\u1ea4P<\/strong><\/h3>\n","protected":false},"excerpt":{"rendered":"<p>Model: MP-15RM<br \/>\nS\u1eed d\u1ee5ng: B\u01a1m th\u1ef1c ph\u1ea9m ho\u00e1 ch\u1ea5t<br \/>\nCh\u1ed1ng\u00a0\u0103n m\u00f2m cao c\u1ea5p<br \/>\n\u0110\u1ed9ng c\u01a1: xoay chi\u1ec1u<br \/>\n\u0110i\u1ec7n \u00e1p: 220V<br \/>\nC\u00f4ng su\u1ea5t (t\u1ed1i \u0111a): 10W<br \/>\nL\u01b0u l\u01b0\u1ee3ng: 16L\/ph\u00fat<br \/>\n\u1ed0ng d\u1eabn ra\/ v\u00e0o: Ren 1\/2&#8243; &#8211; 17,4 mm<br \/>\nB\u01a1m cao: 2.4 met<br \/>\nCh\u1ea5t li\u1ec7u: Inox 304 &#8211; Nh\u1ef1a PP<br \/>\nCh\u1ed1ng \u0103n m\u00f2n v\u00e0 r\u00f2 r\u1ec9<br \/>\nTr\u1ee5c: n\u1eb1m ngang<br \/>\nK\u00edch th\u01b0\u1edbc: 195 x 95 x 82 mm<br \/>\nTr\u1ecdng l\u01b0\u1ee3ng: 1800g<br \/>\nB\u1ea3o h\u00e0nh: 3 th\u00e1ng<\/p>\n<p>M\u00e0u s\u1eafc m\u00e1y b\u01a1m c\u00f3 th\u1ec3 thay \u0111\u1ed5i do nh\u00e0 s\u1ea3n xu\u1ea5t<\/p>\n","protected":false},"featured_media":257928,"comment_status":"open","ping_status":"closed","template":"","meta":[],"product_brand":[],"product_cat":[2047],"product_tag":[964,966,962,500,268,439,235,564,271,272,273,565,274,566,567,2048,275,276,965,967,963,278,279,280],"class_list":{"0":"post-257838","1":"product","2":"type-product","3":"status-publish","4":"has-post-thumbnail","6":"product_cat-may-bom-thuc-pham","7":"product_tag-10r","8":"product_tag-15r","9":"product_tag-20r","10":"product_tag-220v","11":"product_tag-bom-ap-luc-nho-nhat","12":"product_tag-bom-hoa-chat","13":"product_tag-bom-nuoc-mini","14":"product_tag-chong-an-mon","15":"product_tag-high-pressure-diaphragm","16":"product_tag-high-pressure-diaphragm-water","17":"product_tag-high-pressure-diaphragm-water-self-priming-pump","18":"product_tag-hoa-chat","19":"product_tag-http-maybommini-com","20":"product_tag-may-bom-axit","21":"product_tag-may-bom-hoa-chat","22":"product_tag-may-bom-thuc-pham","23":"product_tag-mini","24":"product_tag-mini-12v-60w","25":"product_tag-mp-10r","26":"product_tag-mp-15r","27":"product_tag-mp-20r","28":"product_tag-propumps","29":"product_tag-pump","30":"product_tag-self-priming","32":"first","33":"instock","34":"sale","35":"featured","36":"shipping-taxable","37":"purchasable","38":"product-type-simple"},"_links":{"self":[{"href":"https:\/\/maybommini.vn\/index.php?rest_route=\/wp\/v2\/product\/257838","targetHints":{"allow":["GET"]}}],"collection":[{"href":"https:\/\/maybommini.vn\/index.php?rest_route=\/wp\/v2\/product"}],"about":[{"href":"https:\/\/maybommini.vn\/index.php?rest_route=\/wp\/v2\/types\/product"}],"replies":[{"embeddable":true,"href":"https:\/\/maybommini.vn\/index.php?rest_route=%2Fwp%2Fv2%2Fcomments&post=257838"}],"wp:featuredmedia":[{"embeddable":true,"href":"https:\/\/maybommini.vn\/index.php?rest_route=\/wp\/v2\/media\/257928"}],"wp:attachment":[{"href":"https:\/\/maybommini.vn\/index.php?rest_route=%2Fwp%2Fv2%2Fmedia&parent=257838"}],"wp:term":[{"taxonomy":"product_brand","embeddable":true,"href":"https:\/\/maybommini.vn\/index.php?rest_route=%2Fwp%2Fv2%2Fproduct_brand&post=257838"},{"taxonomy":"product_cat","embeddable":true,"href":"https:\/\/maybommini.vn\/index.php?rest_route=%2Fwp%2Fv2%2Fproduct_cat&post=257838"},{"taxonomy":"product_tag","embeddable":true,"href":"https:\/\/maybommini.vn\/index.php?rest_route=%2Fwp%2Fv2%2Fproduct_tag&post=257838"}],"curies":[{"name":"wp","href":"https:\/\/api.w.org\/{rel}","templated":true}]}}