{"id":257839,"date":"2018-04-12T19:52:14","date_gmt":"2018-04-12T12:52:14","guid":{"rendered":"https:\/\/maybommini.com\/san-pham\/import-placeholder-for-255610"},"modified":"2026-01-27T15:30:28","modified_gmt":"2026-01-27T08:30:28","slug":"may-phun-son-cam-tay-mini-220v-680w-bnktop-sp680bt","status":"publish","type":"product","link":"https:\/\/maybommini.vn\/?product=may-phun-son-cam-tay-mini-220v-680w-bnktop-sp680bt","title":{"rendered":"M\u00e1y phun s\u01a1n c\u1ea7m tay mini 220V 680W BNKTOP &#8211; SP680BT"},"content":{"rendered":"<p><strong>Chuy\u00ean b\u00e1n m\u00e1y phun s\u01a1n c\u1ea7m tay mini 220V 680W BNKTOP &#8211; SP680BT l\u00e0 lo\u1ea1i m\u00e1y phun s\u01a1n cao c\u1ea5p c\u1ee7a BNKTOP ho\u1ea1t \u0111\u1ed9ng nh\u1eb9 nh\u00e0ng v\u00e0 linh ho\u1ea1t kh\u00f4ng c\u1ea7n d\u00f9ng b\u00ecnh h\u01a1i nh\u01b0 c\u00e1c lo\u1ea1i m\u00e1y phun s\u01a1n kh\u00e1c. B\u1ea1n c\u00f3 th\u1ec3 d\u1ec3 d\u00e0ng s\u01a1n b\u1ea5t c\u1ee9 n\u01a1i \u0111\u00e2u m\u00e0 b\u1ea1n th\u00edch.<\/strong><\/p>\n<p><img decoding=\"async\" class=\"size-full wp-image-255614 aligncenter\" src=\"https:\/\/maybommini.com.vn\/wp-content\/uploads\/2018\/03\/may-phun-son-SP-680BT.jpg\" alt=\"May Phun Son SP 680BT\" width=\"750\" height=\"750\" \/><\/p>\n<p><strong>TH\u00d4NG S\u1ed0 K\u1ef8 THU\u1eacT M\u00c1Y PHUN S\u01a0N MINI<br \/>\n<\/strong>Th\u01b0\u01a1ng hi\u1ec7u: BNKTOP<strong><br \/>\n<\/strong>Model: SP-680BT<br \/>\n\u0110i\u1ec7n th\u1ebf: 220V<br \/>\nC\u00f4ng su\u1ea5t: 680W<br \/>\nB\u00ecnh ch\u1ee9a: 800 ml<br \/>\nD\u00e2y \u0111i\u1ec7n: 1.5 met<br \/>\nL\u01b0u l\u01b0\u1ee3ng: 0 &#8211; 430 ml\/min<br \/>\nKh\u1ed1i l\u01b0\u1ee3ng: 1.9 Kg<br \/>\nTi\u1ebfng \u1ed3n: 80 db<br \/>\nB\u00e9c phun: t\u00f9y ch\u1ec9nh.<br \/>\nMotor: 32000 r\/min.<br \/>\nMotor l\u1ecfi \u0111\u1ed3ng cao c\u1ea5p.<br \/>\nS\u1ea3n xu\u1ea5t: China Cao C\u1ea5p<br \/>\nB\u1ea3o h\u00e0nh: 1 n\u0103m ch\u00ednh h\u00e3ng.<br \/>\nPh\u00e2n ph\u1ed1i: MBM \u0110\u1ed9c quy\u1ec1n t\u1ea1i VN<\/p>\n<p><img decoding=\"async\" class=\"size-full wp-image-255615 aligncenter\" src=\"https:\/\/maybommini.com.vn\/wp-content\/uploads\/2018\/03\/ong-phun-son-may-cam-tay.jpg\" alt=\"Ong Phun Son May Cam Tay\" width=\"750\" height=\"750\" \/> <img decoding=\"async\" class=\"size-full wp-image-255611 aligncenter\" src=\"https:\/\/maybommini.com.vn\/wp-content\/uploads\/2018\/03\/bec-phun-son.jpg\" alt=\"Bec Phun Son\" width=\"750\" height=\"750\" \/> <img decoding=\"async\" class=\"size-full wp-image-255612 aligncenter\" src=\"https:\/\/maybommini.com.vn\/wp-content\/uploads\/2018\/03\/dau-phun-son-mini.jpg\" alt=\"Dau Phun Son Mini\" width=\"750\" height=\"750\" \/><\/p>\n<p><strong>\u1ee8NG D\u1ee4NG M\u00c1Y PHUN S\u01a0N MINI C\u1ea6M TAY<\/strong><br \/>\n&#8211; D\u00f9ng phun s\u01a1n.<br \/>\n&#8211; Phun h\u00f3a ch\u1ea5t.<br \/>\n&#8211; Phun thu\u1ed1c.<br \/>\n&#8211; Phun s\u01a1n n\u01b0\u1edbc.<br \/>\n&#8211; Phun s\u01a1n d\u1ea7u.<br \/>\n&#8211; Phun n\u01b0\u1edbc c\u00e1c lo\u1ea1i.<br \/>\n&#8211; D\u00f9ng phun s\u01a1n gia \u0111\u00ecnh, phun s\u01a1n c\u00f4ng nghi\u1ec7p, phun s\u01a1n d\u1ef1 \u00e1n x\u1ea5y d\u1ef1ng,&#8230;.<br \/>\n&#8211; Ti\u1ec7n l\u1ee3i d\u1ec3 s\u1eed d\u1ee5ng thay th\u1ebf v\u00e0 b\u1ea3o tr\u00ec.<br \/>\n<img decoding=\"async\" class=\"size-full wp-image-255616 aligncenter\" src=\"https:\/\/maybommini.com.vn\/wp-content\/uploads\/2018\/03\/phun-son-bang-may-cam-tay.jpg\" alt=\"Phun Son Bang May Cam Tay\" width=\"750\" height=\"750\" \/> <img decoding=\"async\" class=\"size-full wp-image-255617 aligncenter\" src=\"https:\/\/maybommini.com.vn\/wp-content\/uploads\/2018\/03\/phun-son-bang-may-phun-cam-tay.jpg\" alt=\"Phun Son Bang May Phun Cam Tay\" width=\"750\" height=\"750\" \/><strong>M\u00e1y phun s\u01a1n c\u1ea7m tay mini<\/strong><\/p>\n<p><img decoding=\"async\" class=\"size-full wp-image-255613 aligncenter\" src=\"https:\/\/maybommini.com.vn\/wp-content\/uploads\/2018\/03\/may-phun-son-cam-tay.jpg\" alt=\"May Phun Son Cam Tay\" width=\"750\" height=\"750\" \/><br \/>\n<strong>MUA M\u00c1Y PHUN S\u01a0N C\u1ea6M TAY \u1ede \u0110\u00c2U ?<br \/>\nCh\u00fang t\u00f4i chuy\u00ean cung c\u1ea5p <a href=\"https:\/\/maybommini.com\/danh-muc\/may-phun-son\" target=\"_blank\" rel=\"noopener noreferrer\">M\u00e1y Phun S\u01a1n<\/a> t\u1ea1i Vi\u1ec7t Nam v\u1edbi ch\u1ea5t l\u01b0\u1ee3ng v\u00e0 b\u1ea3o h\u00e0nh ch\u00ednh h\u00e3ng.<br \/>\nNgo\u00e0i ra <a href=\"https:\/\/maybommini.com\" target=\"_blank\" rel=\"noopener noreferrer\">M\u00e1y B\u01a1m Mini<\/a> c\u00f2n cung c\u1ea5p c\u00e1c thi\u1ebft b\u1ecb c\u1ea7m tay, m\u00e1y b\u01a1m c\u00e1c lo\u1ea1i &#8230;<br \/>\nWebsite:\u00a0<a href=\"https:\/\/maybommini.com\" target=\"_blank\" rel=\"noopener\">https:\/\/maybommini.com<\/a><br \/>\nEmail: maybommini.com@gmail.com<br \/>\nFacebook:\u00a0https:\/\/www.facebook.com\/maybommini\/<\/strong><\/p>\n<h3 style=\"text-align: center;\"><strong>B\u00e1n M\u00e1y phun s\u01a1n c\u1ea7m tay mini<\/strong><\/h3>\n","protected":false},"excerpt":{"rendered":"<p>Th\u01b0\u01a1ng hi\u1ec7u: BNKTOP<strong><br \/>\n<\/strong>Model: SP-680BT<br \/>\n\u0110i\u1ec7n th\u1ebf: 220V<br \/>\nC\u00f4ng su\u1ea5t: 680W<br \/>\nB\u00ecnh ch\u1ee9a: 800 ml<br \/>\nD\u00e2y \u0111i\u1ec7n: 1.5 met<br \/>\nL\u01b0u l\u01b0\u1ee3ng: 0 &#8211; 430 ml\/min<br \/>\nKh\u1ed1i l\u01b0\u1ee3ng: 1.9 Kg<br \/>\nTi\u1ebfng \u1ed3n: 80 db<br \/>\nB\u00e9c phun: t\u00f9y ch\u1ec9nh.<br \/>\nMotor: 32000 r\/min.<br \/>\nMotor l\u1ecfi \u0111\u1ed3ng cao c\u1ea5p.<br \/>\nS\u1ea3n xu\u1ea5t: China Cao C\u1ea5p<br \/>\nB\u1ea3o h\u00e0nh: 1 n\u0103m ch\u00ednh h\u00e3ng.<br \/>\nPh\u00e2n ph\u1ed1i: MBM \u0110\u1ed9c quy\u1ec1n t\u1ea1i VN<\/p>\n","protected":false},"featured_media":257934,"comment_status":"open","ping_status":"closed","template":"","meta":[],"product_brand":[],"product_cat":[684],"product_tag":[1273,2049,1271,1272,1267,685,686,1268,688,689,690,691,692,1269,693,2050,2051],"class_list":{"0":"post-257839","1":"product","2":"type-product","3":"status-publish","4":"has-post-thumbnail","6":"product_cat-may-phun-son","7":"product_tag-220v-650w","8":"product_tag-bnktop","9":"product_tag-fuj-819918","10":"product_tag-fujiwara","11":"product_tag-ls-pq100","12":"product_tag-may-phun-son","13":"product_tag-may-phun-son-220v","14":"product_tag-may-phun-son-220v-100w","15":"product_tag-may-phun-son-750w","16":"product_tag-may-phun-son-800w","17":"product_tag-may-phun-son-cam-tay","18":"product_tag-may-phun-son-mini","19":"product_tag-may-son","20":"product_tag-phun-son","21":"product_tag-son-mini","22":"product_tag-sp-680bt","23":"product_tag-spray","25":"first","26":"instock","27":"sale","28":"featured","29":"shipping-taxable","30":"purchasable","31":"product-type-simple"},"_links":{"self":[{"href":"https:\/\/maybommini.vn\/index.php?rest_route=\/wp\/v2\/product\/257839","targetHints":{"allow":["GET"]}}],"collection":[{"href":"https:\/\/maybommini.vn\/index.php?rest_route=\/wp\/v2\/product"}],"about":[{"href":"https:\/\/maybommini.vn\/index.php?rest_route=\/wp\/v2\/types\/product"}],"replies":[{"embeddable":true,"href":"https:\/\/maybommini.vn\/index.php?rest_route=%2Fwp%2Fv2%2Fcomments&post=257839"}],"wp:featuredmedia":[{"embeddable":true,"href":"https:\/\/maybommini.vn\/index.php?rest_route=\/wp\/v2\/media\/257934"}],"wp:attachment":[{"href":"https:\/\/maybommini.vn\/index.php?rest_route=%2Fwp%2Fv2%2Fmedia&parent=257839"}],"wp:term":[{"taxonomy":"product_brand","embeddable":true,"href":"https:\/\/maybommini.vn\/index.php?rest_route=%2Fwp%2Fv2%2Fproduct_brand&post=257839"},{"taxonomy":"product_cat","embeddable":true,"href":"https:\/\/maybommini.vn\/index.php?rest_route=%2Fwp%2Fv2%2Fproduct_cat&post=257839"},{"taxonomy":"product_tag","embeddable":true,"href":"https:\/\/maybommini.vn\/index.php?rest_route=%2Fwp%2Fv2%2Fproduct_tag&post=257839"}],"curies":[{"name":"wp","href":"https:\/\/api.w.org\/{rel}","templated":true}]}}