{"id":257846,"date":"2018-04-12T19:52:17","date_gmt":"2018-04-12T12:52:17","guid":{"rendered":"https:\/\/maybommini.com\/san-pham\/import-placeholder-for-255714"},"modified":"2025-08-01T15:01:53","modified_gmt":"2025-08-01T08:01:53","slug":"may-bom-chim-12v-sfbp1-g750-01-2700l","status":"publish","type":"product","link":"https:\/\/maybommini.vn\/?product=may-bom-chim-12v-sfbp1-g750-01-2700l","title":{"rendered":"M\u00e1y b\u01a1m ch\u00ecm 12V SFBP1 G750-01 2700L"},"content":{"rendered":"<p><strong>Ph\u00e2n ph\u1ed1i b\u00e1n c\u00e1c lo\u1ea1i m\u00e1y b\u01a1m ch\u00ecm 12V SFBP1 G750 l\u00e0 lo\u1ea1i m\u00e1y b\u01a1m ch\u00ecm t\u1ef1 \u0111\u1ed9ng\u00a0chuy\u00ean d\u1ee5ng\u00a0\u0111\u1ec3 b\u01a1m ch\u1ea5t th\u1ea3i, n\u01b0\u1edbc th\u1ea3i, b\u01a1m n\u01b0\u1edbc tr\u00ean ghe t\u00e0u thuy\u1ec1n can\u00f4, b\u01a1m n\u01b0\u1edbc ng\u1eadp t\u1ef1 \u0111\u1ed9ng.\u00a0\u0110\u00e2y l\u00e0 lo\u1ea1i m\u00e1y b\u01a1m ch\u00ecm c\u00f3 c\u00f4ng su\u1ea5t kh\u00e1 l\u1edbn v\u00e0 l\u01b0u l\u01b0\u1ee3ng b\u01a1m m\u1ea1nh\u00a0\u0111\u1ea1t 750 Galon\/h m\u00e0 ch\u1ec9 d\u00f9ng ngu\u1ed3n 12V.<\/strong><\/p>\n<p><img decoding=\"async\" class=\"size-full wp-image-255715 aligncenter\" src=\"https:\/\/maybommini.com.vn\/wp-content\/uploads\/2018\/03\/may-bom-chim-12v-g750-01.jpg\" alt=\"May Bom Chim 12v G750 01\" width=\"800\" height=\"800\" \/><\/p>\n<p><strong>TH\u00d4NG S\u1ed0 K\u1ef8 THU\u1eacT<br \/>\n<\/strong>Model : SFPB1-G750-01<br \/>\n\u0110i\u1ec7n th\u1ebf: 12V<br \/>\nL\u01b0u l\u01b0\u1ee3ng b\u01a1m: 750 GPH &#8211; 2700 L\/H<br \/>\nC\u00f4ng su\u1ea5t b\u01a1m: 30 W<br \/>\nTr\u1ecdng l\u01b0\u1ee3ng: 0.52 KG<br \/>\n\u1ed0ng ra: 19 mm<br \/>\nB\u01a1m cao: 3 Met.<br \/>\nT\u00ecnh tr\u1ea1ng: H\u00e0ng m\u1edbi 100%<br \/>\nB\u1ea3o h\u00e0ng: 6 th\u00e1ng ch\u00ednh h\u00e3ng<br \/>\nPh\u00e2n ph\u1ed1i: <a href=\"https:\/\/maybommini.com.vn\" target=\"_blank\" rel=\"noopener\">M\u00c1Y B\u01a0M MINI<\/a><\/p>\n<p><img decoding=\"async\" class=\"size-full wp-image-255721 aligncenter\" src=\"https:\/\/maybommini.com.vn\/wp-content\/uploads\/2018\/03\/thong-so-ky-thuat-may-bom-chim-G750.jpg\" alt=\"Thong So Ky Thuat May Bom Chim G750\" width=\"800\" height=\"800\" \/> <img decoding=\"async\" class=\"size-full wp-image-255718 aligncenter\" src=\"https:\/\/maybommini.com.vn\/wp-content\/uploads\/2018\/03\/may-bom-nuoc-thai-mini-12v.jpg\" alt=\"May Bom Nuoc Thai Mini 12v\" width=\"800\" height=\"800\" \/> <img decoding=\"async\" class=\"size-full wp-image-255717 aligncenter\" src=\"https:\/\/maybommini.com.vn\/wp-content\/uploads\/2018\/03\/may-bom-nuoc-tha-chim-12v.jpg\" alt=\"May Bom Nuoc Tha Chim 12v\" width=\"800\" height=\"800\" \/> <img decoding=\"async\" class=\"size-full wp-image-255719 aligncenter\" src=\"https:\/\/maybommini.com.vn\/wp-content\/uploads\/2018\/03\/may-bom-tau-cano-12v-30w.jpg\" alt=\"May Bom Tau Cano 12v 30w\" width=\"800\" height=\"800\" \/><\/p>\n<p><strong>\u1ee8NG D\u1ee4NG M\u00c1Y B\u01a0M CH\u00ccM 12V\u00a0<\/strong><strong>SFBP1 G750<br \/>\n<\/strong>\u0110\u00e2y l\u00e0 lo\u1ea1i b\u01a1m t\u1ef1\u00a0\u0111\u1ed9ng khi c\u00f3 n\u01b0\u1edbc tr\u00e0n v\u00e0o, khi\u00a0\u0111\u00f3 phao c\u00f4ng t\u1eafc s\u1ebb k\u00edch ho\u1ea1t \u0111\u1ec3 b\u01a1m n\u01b0\u1edbc. Khi b\u01a1m c\u1ea1n n\u01b0\u1edbc s\u1ebb t\u1ef1 \u0111\u1ed9ng t\u1eaft m\u00e1y v\u00e0 kh\u00f4ng b\u01a1m n\u1eefa.<br \/>\nM\u00e1y b\u01a1m t\u00e0u thuy\u1ec1n Cano.<br \/>\nD\u00f9ng\u00a0\u0111\u1ec3 b\u01a1m ch\u1ea5t th\u1ea3i.<br \/>\nB\u01a1m n\u01b0\u1edbc ng\u1eadp trong nh\u00e0.<br \/>\nT\u01b0\u1edbi c\u00e2y\u00a0\u0103n tr\u00e1i.<br \/>\nB\u01a1m c\u1ea5p n\u01b0\u1edbc v\u00e0o b\u1ec3 ch\u1ee9a.<br \/>\nM\u00e1y b\u01a1m t\u00e0u thuy\u1ec1n ghe tr\u00ean bi\u1ec3n s\u00f4ng.<br \/>\nM\u00e1y b\u01a1m n\u0103ng l\u01b0\u1ee3ng m\u1eb7t tr\u1eddi.<\/p>\n<p><img decoding=\"async\" class=\"size-full wp-image-255720 aligncenter\" src=\"https:\/\/maybommini.com.vn\/wp-content\/uploads\/2018\/03\/su-dung-may-bom-chim.jpg\" alt=\"Su Dung May Bom Chim\" width=\"800\" height=\"800\" \/> <img decoding=\"async\" class=\"size-full wp-image-255719 aligncenter\" src=\"https:\/\/maybommini.com.vn\/wp-content\/uploads\/2018\/03\/may-bom-tau-cano-12v-30w.jpg\" alt=\"May Bom Tau Cano 12v 30w\" width=\"800\" height=\"800\" \/><\/p>\n<p><strong>MUA M\u00c1Y B\u01a0M\u00a0<\/strong><strong>CH\u00ccM\u00a0<\/strong><strong>12V\u00a0<\/strong><strong>SFBP1 G750\u00a0<\/strong><strong>\u1ede \u0110\u00c2U ?<br \/>\n<\/strong>M\u1ecdi chi ti\u1ebft vui l\u00f2ng li\u00ean h\u1ec7 tr\u1ef1c ti\u1ebfp cho ch\u00fang t\u00f4i \u0111\u1ec3 \u0111\u01b0\u1ee3c t\u01b0 v\u1ea5n theo nhu c\u1ea7u \u0111\u1ec3 c\u00f3 \u0111\u01b0\u1ee3c b\u1ed9 s\u1ea3n ph\u1ea9m t\u1ed1t nh\u1ea5t v\u00e0 ti\u1ebft ki\u1ec7m.\u00a0B\u1ea1n \u1edf xa v\u1eabn c\u00f3 th\u1ec3 mua h\u00e0ng v\u00e0 giao h\u00e0ng <a title=\"thanh to\u00e1n\" href=\"http:\/\/maybommini.com\/thanh-toan\" target=\"_blank\" rel=\"noopener\">thanh to\u00e1n<\/a> ti\u1ec1n t\u1ea1i nh\u00e0.<br \/>\nKh\u00f4ng th\u1ec3 s\u1eed d\u1ee5ng b\u01a1m c\u00e1c n\u01b0\u1edbc ch\u1ea5t ki\u1ec1m, \u0103n m\u00f2n, ax\u00edt,&#8230; C\u00f3 th\u1ec3 g\u00e2y h\u1ea1i ch\u00e1y m\u00e1y b\u01a1m.<\/p>\n<p><img decoding=\"async\" class=\"size-full wp-image-255716 aligncenter\" src=\"https:\/\/maybommini.com.vn\/wp-content\/uploads\/2018\/03\/may-bom-chim-nuoc-thai-12v.jpg\" alt=\"May Bom Chim Nuoc Thai 12v\" width=\"800\" height=\"800\" \/><\/p>\n<p><strong>CTY TNHH TH\u01af\u01a0NG M\u1ea0I D\u1ecaCH V\u1ee4 \u0110I\u1ec6N M\u00c1Y TH\u00d4NG MINH<\/strong><br \/>\nHotline : 090 729 4310<br \/>\nEmail : maybommini.com@gmail.com<br \/>\nWebsite : http:\/\/maybommini.com<br \/>\nFacebook : <a href=\"https:\/\/www.facebook.com\/maybommini\" target=\"_blank\" rel=\"noopener\">https:\/\/www.facebook.com\/maybommini<\/a><br \/>\nGoogle   : <a href=\"https:\/\/plus.google.com\/ Maybomnuocminiruaxe\" target=\"_blank\" rel=\"noopener\">https:\/\/plus.google.com\/ Maybomnuocminiruaxe<\/a><br \/>\nYoutube demo : <a href=\"https:\/\/www.youtube.com\/bahamasali\" target=\"_blank\" rel=\"noopener\">https:\/\/www.youtube.com\/bahamasali<\/a><\/p>\n<h3 style=\"text-align: center;\"><strong>NH\u00c0 CUNG C\u1ea4P M\u00c1Y B\u01a0M CH\u00ccM S\u1ed0 1 VI\u1ec6T NAM<\/strong><\/h3>\n","protected":false},"excerpt":{"rendered":"<p>Model : SFPB1-G750-01<br \/>\nT\u00ecnh tr\u1ea1ng: H\u00e0ng m\u1edbi 100%<br \/>\n\u0110i\u1ec7n th\u1ebf: 12V<br \/>\nL\u01b0u l\u01b0\u1ee3ng b\u01a1m: 750 GPH &#8211; 2700 L\/H<br \/>\nC\u00f4ng su\u1ea5t b\u01a1m: 30 W<br \/>\nTr\u1ecdng l\u01b0\u1ee3ng: 0.52 KG<br \/>\n\u1ed0ng ra: 19 mm<br \/>\nB\u01a1m cao: 3 Met.<br \/>\nB\u1ea3o h\u00e0ng: 6 th\u00e1ng ch\u00ednh h\u00e3ng<br \/>\nPh\u00e2n ph\u1ed1i: <a href=\"https:\/\/maybommini.com.vn\">M\u00c1Y B\u01a0M MINI<\/a><\/p>\n","protected":false},"featured_media":257973,"comment_status":"open","ping_status":"closed","template":"","meta":[],"product_brand":[],"product_cat":[382],"product_tag":[267,844,845,391,705,392,708,709,235,921,846,922,710,389,231,617,711,712,394],"class_list":{"0":"post-257846","1":"product","2":"type-product","3":"status-publish","4":"has-post-thumbnail","6":"product_cat-may-bom-chim-12v","7":"product_tag-12v","8":"product_tag-750gallon","9":"product_tag-750gph","10":"product_tag-bom-chat-thai","11":"product_tag-bom-chim","12":"product_tag-bom-chim-12v","13":"product_tag-bom-day-tau","14":"product_tag-bom-nuoc-bien","15":"product_tag-bom-nuoc-mini","16":"product_tag-bom-nuoc-ngap","17":"product_tag-gallon","18":"product_tag-gh750","19":"product_tag-may-bom-cano","20":"product_tag-may-bom-chim","21":"product_tag-may-bom-mini","22":"product_tag-may-bom-nuoc-thai","23":"product_tag-may-bom-tau","24":"product_tag-may-bom-thuyen","25":"product_tag-may-bom-tuoi","27":"first","28":"instock","29":"sale","30":"featured","31":"shipping-taxable","32":"purchasable","33":"product-type-simple"},"_links":{"self":[{"href":"https:\/\/maybommini.vn\/index.php?rest_route=\/wp\/v2\/product\/257846","targetHints":{"allow":["GET"]}}],"collection":[{"href":"https:\/\/maybommini.vn\/index.php?rest_route=\/wp\/v2\/product"}],"about":[{"href":"https:\/\/maybommini.vn\/index.php?rest_route=\/wp\/v2\/types\/product"}],"replies":[{"embeddable":true,"href":"https:\/\/maybommini.vn\/index.php?rest_route=%2Fwp%2Fv2%2Fcomments&post=257846"}],"wp:featuredmedia":[{"embeddable":true,"href":"https:\/\/maybommini.vn\/index.php?rest_route=\/wp\/v2\/media\/257973"}],"wp:attachment":[{"href":"https:\/\/maybommini.vn\/index.php?rest_route=%2Fwp%2Fv2%2Fmedia&parent=257846"}],"wp:term":[{"taxonomy":"product_brand","embeddable":true,"href":"https:\/\/maybommini.vn\/index.php?rest_route=%2Fwp%2Fv2%2Fproduct_brand&post=257846"},{"taxonomy":"product_cat","embeddable":true,"href":"https:\/\/maybommini.vn\/index.php?rest_route=%2Fwp%2Fv2%2Fproduct_cat&post=257846"},{"taxonomy":"product_tag","embeddable":true,"href":"https:\/\/maybommini.vn\/index.php?rest_route=%2Fwp%2Fv2%2Fproduct_tag&post=257846"}],"curies":[{"name":"wp","href":"https:\/\/api.w.org\/{rel}","templated":true}]}}