{"id":257848,"date":"2018-04-12T19:52:17","date_gmt":"2018-04-12T12:52:17","guid":{"rendered":"https:\/\/maybommini.com\/san-pham\/import-placeholder-for-255746"},"modified":"2025-05-21T12:46:43","modified_gmt":"2025-05-21T05:46:43","slug":"may-bom-chim-12v-96w-8l-spx-12-08","status":"publish","type":"product","link":"https:\/\/maybommini.vn\/?product=may-bom-chim-12v-96w-8l-spx-12-08","title":{"rendered":"M\u00e1y b\u01a1m ch\u00ecm SURGEFLO 12V 96W 8L SPX-12-08"},"content":{"rendered":"<p><strong>B\u00e1n\u00a0m\u00e1y b\u01a1m ch\u00ecm SURGEFLO 12V 96W 8L SPX-12-08 \u0111\u00e2y l\u00e0 lo\u1ea1i m\u00e1y b\u01a1m ho\u1ea1 ti\u1ec3n th\u01b0\u1eddng\u00a0\u0111\u01b0\u1ee3c d\u00f9ng cho gi\u1ebfng khoan, h\u1ec7 th\u1ed1ng b\u01a1m d\u00f9ng n\u0103ng l\u01b0\u1ee3ng m\u1eb7t tr\u1eddi kh\u00e1 t\u1ed1t v\u00ec d\u00f9ng ngu\u1ed3n\u00a0\u0111i\u1ec7n 12v m\u00e0 c\u00f3 th\u1ec3 b\u01a1m l\u00ean cao 70 m\u00e9t. Ch\u1ea5t li\u1ec7u inox cao c\u1ea5p t\u1ed1n n\u0103ng l\u01b0\u1ee3ng \u00edt b\u1ea3o h\u00e0nh ch\u00ednh h\u00e3ng giao h\u00e0ng to\u00e0n qu\u1ed1c.<\/strong><\/p>\n<p>&nbsp;<\/p>\n<p><strong>TH\u00d4NG S\u1ed0 K\u1ef8 THU\u1eacT M\u00c1Y B\u01a0M CH\u00ccM<br \/>\n<\/strong>Model:\u00a0SPX-12-08<br \/>\n\u0110i\u1ec7n\u00a0\u00e1p : 12V<br \/>\nC\u00f4ng xu\u1ea5t : 96W<br \/>\nL\u01b0u l\u01b0\u1ee3ng : 8L\/ph\u00fat<br \/>\nB\u01a1m cao : 70 m\u00e9t<br \/>\nD\u00e0i: 21 cm<br \/>\n\u0110\u01b0\u1eddng k\u00edn: 10 cm<br \/>\n\u1ed0ng ra : 13 mm<br \/>\nCh\u1ea5t li\u1ec7u: Inox &#8211; \u0110\u1ed3ng &#8211; Nh\u1ef1a ABS<br \/>\nMotor c\u00f4ng ngh\u1ec7 m\u1edbi.<br \/>\nB\u01a1m li\u00ean t\u1ef1c 24\/24.<br \/>\nTr\u1ecdng l\u01b0\u1ee3ng : 3 Kg<\/p>\n<p><strong>\u1ee8NG D\u1ee4NG M\u00c1Y B\u01a0M CH\u00ccM<br \/>\n<\/strong>D\u00f9ng\u00a0\u0111\u1ec3 b\u01a1m n\u01b0\u1edbc sinh ho\u1ea1t.<br \/>\nB\u01a1m n\u01b0\u1edbc gi\u1ebfng khoan.<br \/>\nH\u1ec7 th\u1ed1ng b\u01a1m n\u01b0\u1edbc\u00a0n\u0103ng l\u01b0\u1ee3ng m\u1eb7t tr\u1eddi.<br \/>\nB\u01a1m n\u01b0\u1edbc ng\u1eadp trong nh\u00e0.<br \/>\nB\u01a1m n\u01b0\u1edbc t\u00e0u thuy\u1ec1n tr\u00ean s\u00f4ng bi\u1ec3n.<br \/>\nB\u01a1m t\u01b0\u1edbi ti\u00eau hoa m\u00e0u tr\u00ean ru\u1ed9ng\u00a0\u0111\u1ed3ng.<br \/>\nT\u01b0\u1edbi c\u00e2y\u00a0\u0103n tr\u00e1i.<br \/>\nB\u01a1m c\u1ea5p n\u01b0\u1edbc v\u00e0o b\u1ec3 ch\u1ee9a.<\/p>\n<p><a href=\"http:\/\/maybommini.com\/wp-content\/uploads\/2016\/01\/may-bom-hoa-tien-12v-nang-luong-mat-troi.jpg\" rel=\"attachment wp-att-244650 noopener\" target=\"_blank\"><img decoding=\"async\" class=\"size-full wp-image-244650 aligncenter\" src=\"http:\/\/maybommini.com\/wp-content\/uploads\/2016\/01\/may-bom-hoa-tien-12v-nang-luong-mat-troi.jpg\" alt=\"may bom hoa tien 12v\" width=\"728\" height=\"378\" srcset=\"https:\/\/maybommini.vn\/wp-content\/uploads\/2016\/01\/may-bom-hoa-tien-12v-nang-luong-mat-troi.jpg 728w, https:\/\/maybommini.vn\/wp-content\/uploads\/2016\/01\/may-bom-hoa-tien-12v-nang-luong-mat-troi-600x312.jpg 600w, https:\/\/maybommini.vn\/wp-content\/uploads\/2016\/01\/may-bom-hoa-tien-12v-nang-luong-mat-troi-300x156.jpg 300w\" sizes=\"(max-width: 728px) 100vw, 728px\" \/><\/a><\/p>\n<p><strong>MUA M\u00c1Y B\u01a0M N\u01af\u1edaC MINI\u00a0<\/strong><strong>\u1ede \u0110\u00c2U ?<\/strong><\/p>\n<p>M\u1ecdi chi ti\u1ebft vui l\u00f2ng li\u00ean h\u1ec7 tr\u1ef1c ti\u1ebfp cho ch\u00fang t\u00f4i \u0111\u1ec3 \u0111\u01b0\u1ee3c t\u01b0 v\u1ea5n theo nhu c\u1ea7u \u0111\u1ec3 c\u00f3 \u0111\u01b0\u1ee3c b\u1ed9 s\u1ea3n ph\u1ea9m t\u1ed1t nh\u1ea5t v\u00e0 ti\u1ebft ki\u1ec7m.\u00a0B\u1ea1n \u1edf xa v\u1eabn c\u00f3 th\u1ec3 mua h\u00e0ng v\u00e0 giao h\u00e0ng <a title=\"thanh to\u00e1n\" href=\"http:\/\/maybommini.com\/thanh-toan\" target=\"_blank\" rel=\"noopener\">thanh to\u00e1n<\/a> ti\u1ec1n t\u1ea1i nh\u00e0.<\/p>\n<p><img decoding=\"async\" class=\"size-full wp-image-255749 aligncenter\" src=\"https:\/\/maybommini.com.vn\/wp-content\/uploads\/2018\/03\/may-bom-chim-12v-nang-luong-mat-troi.jpg\" alt=\"May Bom Chim 12v Nang Luong Mat Troi\" width=\"800\" height=\"800\" \/><\/p>\n<p><strong>CTY TNHH TH\u01af\u01a0NG M\u1ea0I D\u1ecaCH V\u1ee4 \u0110I\u1ec6N M\u00c1Y TH\u00d4NG MINH<\/strong><br \/>\nHotline : 090 729 4310<br \/>\nEmail : maybommini.com@gmail.com<br \/>\nWebsite : http:\/\/maybommini.com<br \/>\nFacebook : <a href=\"https:\/\/www.facebook.com\/maybommini\" target=\"_blank\" rel=\"noopener\">https:\/\/www.facebook.com\/maybommini<\/a><br \/>\nGoogle : <a href=\"https:\/\/plus.google.com\/ Maybomnuocminiruaxe\" target=\"_blank\" rel=\"noopener\">https:\/\/plus.google.com\/ Maybomnuocminiruaxe<\/a><br \/>\nYoutube demo : <a href=\"https:\/\/www.youtube.com\/bahamasali\" target=\"_blank\" rel=\"noopener\">https:\/\/www.youtube.com\/bahamasali<\/a><\/p>\n<h3 style=\"text-align: center\">M\u00e1y b\u01a1m ch\u00ecm 12V 96W 8L SPX-12-08<\/h3>\n","protected":false},"excerpt":{"rendered":"<p>Model:\u00a0SPX-12-08<br \/>\n\u0110i\u1ec7n\u00a0\u00e1p : 12V<br \/>\nC\u00f4ng xu\u1ea5t : 96W<br \/>\nL\u01b0u l\u01b0\u1ee3ng : 8L\/ph\u00fat<br \/>\nB\u01a1m cao : 70 m\u00e9t<br \/>\nD\u00e0i: 21 cm<br \/>\n\u0110\u01b0\u1eddng k\u00edn: 10 cm<br \/>\n\u1ed0ng ra : 13 mm<br \/>\nCh\u1ea5t li\u1ec7u: Inox &#8211; \u0110\u1ed3ng &#8211; Nh\u1ef1a ABS<br \/>\nMotor c\u00f4ng ngh\u1ec7 m\u1edbi.<br \/>\nB\u01a1m li\u00ean t\u1ef1c 24\/24.<br \/>\nTr\u1ecdng l\u01b0\u1ee3ng : 3 Kg<br \/>\nB\u1ea3o h\u00e0nh: 6 th\u00e1ng<br \/>\nPh\u00e2n ph\u1ed1i:\u00a0<a href=\"https:\/\/maybomminimbm.vn\/\">M\u00e1y B\u01a1m Mini MBM<\/a><br \/>\nS\u1ea3n ph\u1ea9m cao c\u1ea5p<br \/>\nKh\u1eb3ng \u0111\u1ecbnh \u0111\u1ed9 an to\u00e0n v\u00e0 ch\u1ea5t l\u01b0\u1ee3ng.<br \/>\n<strong>H\u00f4\u0309 tr\u01a1\u0323 ky\u0303 thu\u00e2\u0323t vi\u0303nh vi\u00ea\u0303n.<\/strong><br \/>\n<strong>T\u01af V\u1ea4N K\u1ef8 THU\u1eacT \u2013 MUA H\u00c0NG<br \/>\n0908997823 \u2013 0908997872<br \/>\n0907294310 \u2013 02873030399<\/strong><\/p>\n","protected":false},"featured_media":257986,"comment_status":"open","ping_status":"closed","template":"","meta":[],"product_brand":[86],"product_cat":[382],"product_tag":[1547,392,402,403,404,405,406,206,389,407,2066,408,409,1526,2067,410,379],"class_list":{"0":"post-257848","1":"product","2":"type-product","3":"status-publish","4":"has-post-thumbnail","6":"product_brand-surgeflo","7":"product_cat-may-bom-chim-12v","8":"product_tag-bom-cao","9":"product_tag-bom-chim-12v","10":"product_tag-bom-hoa-tien","11":"product_tag-bom-nuoc-gieng-khoan","12":"product_tag-bom-nuoc-sinh-hoat","13":"product_tag-he-thong","14":"product_tag-hoa-tien","15":"product_tag-may-bom-12v","16":"product_tag-may-bom-chim","17":"product_tag-may-bom-gieng-khoan-12v","18":"product_tag-may-bom-gieng-sau","19":"product_tag-may-bom-hoa-tien","20":"product_tag-nang-luong-mat-troi","21":"product_tag-seaflo","22":"product_tag-spx-12-08","23":"product_tag-sugreflo","24":"product_tag-surgeflo","26":"first","27":"instock","28":"sale","29":"featured","30":"shipping-taxable","31":"purchasable","32":"product-type-simple"},"_links":{"self":[{"href":"https:\/\/maybommini.vn\/index.php?rest_route=\/wp\/v2\/product\/257848","targetHints":{"allow":["GET"]}}],"collection":[{"href":"https:\/\/maybommini.vn\/index.php?rest_route=\/wp\/v2\/product"}],"about":[{"href":"https:\/\/maybommini.vn\/index.php?rest_route=\/wp\/v2\/types\/product"}],"replies":[{"embeddable":true,"href":"https:\/\/maybommini.vn\/index.php?rest_route=%2Fwp%2Fv2%2Fcomments&post=257848"}],"wp:featuredmedia":[{"embeddable":true,"href":"https:\/\/maybommini.vn\/index.php?rest_route=\/wp\/v2\/media\/257986"}],"wp:attachment":[{"href":"https:\/\/maybommini.vn\/index.php?rest_route=%2Fwp%2Fv2%2Fmedia&parent=257848"}],"wp:term":[{"taxonomy":"product_brand","embeddable":true,"href":"https:\/\/maybommini.vn\/index.php?rest_route=%2Fwp%2Fv2%2Fproduct_brand&post=257848"},{"taxonomy":"product_cat","embeddable":true,"href":"https:\/\/maybommini.vn\/index.php?rest_route=%2Fwp%2Fv2%2Fproduct_cat&post=257848"},{"taxonomy":"product_tag","embeddable":true,"href":"https:\/\/maybommini.vn\/index.php?rest_route=%2Fwp%2Fv2%2Fproduct_tag&post=257848"}],"curies":[{"name":"wp","href":"https:\/\/api.w.org\/{rel}","templated":true}]}}