{"id":257850,"date":"2018-04-12T19:52:18","date_gmt":"2018-04-12T12:52:18","guid":{"rendered":"https:\/\/maybommini.com\/san-pham\/import-placeholder-for-255955"},"modified":"2026-04-21T10:23:27","modified_gmt":"2026-04-21T03:23:27","slug":"bec-xit-rua-xe-may-lanh-khoa-nuoc-taiwan","status":"publish","type":"product","link":"https:\/\/maybommini.vn\/?product=bec-xit-rua-xe-may-lanh-khoa-nuoc-taiwan","title":{"rendered":"B\u00e9c x\u1ecbt r\u1eeda xe m\u00e1y l\u1ea1nh kho\u00e1 n\u01b0\u1edbc Taiwan"},"content":{"rendered":"<p style=\"text-align: left;\"><strong>Chuy\u00ean b\u00e1c c\u00e1c lo\u1ea1i b\u00e9c x\u1ecbt r\u1eeda xe m\u00e1y l\u1ea1nh kho\u00e1 n\u01b0\u1edbc Taiwan d\u00f9ng cho m\u00e1y b\u01a1m \u00e1p l\u1ef1c \u0111\u1ec3 r\u1eeda xe m\u00e1y, v\u1ec7 sinh m\u00e1y l\u1ea1nh v\u00e0 c\u00e1c lo\u1ea1i b\u01a1m phun x\u1ecbt r\u1eeda kh\u00e1c.\u00a0\u0110\u1ea7u x\u1ecbt r\u1eeda xe m\u00e1y l\u1ea1nh\u00a0\u0111\u01b0\u1ee3c s\u1ea3n xu\u1ea5t b\u1eb1ng\u00a0\u0111\u1ed3ng ch\u1ed1ng b\u1ecb r\u1ec9 s\u00e9t n\u00ean r\u1ea5t b\u1ec1n v\u00e0 s\u1eed d\u1ee5ng l\u00e2u d\u00e0i.<\/strong><\/p>\n<p><img decoding=\"async\" class=\"size-full wp-image-255962 aligncenter\" src=\"https:\/\/maybommini.com.vn\/wp-content\/uploads\/2018\/03\/bec-xit-rua-xe-taiwan.jpg\" alt=\"Bec Xit Rua Xe Taiwan\" width=\"750\" height=\"750\" \/><\/p>\n<p><strong>TH\u00d4NG S\u1ed0 K\u1ef8 THU\u1eacT<\/strong><br \/>\nModel: B\u00e9c\u00a0\u0111\u1ed3ng kho\u00e1 n\u01b0\u1edbc Taiwan<br \/>\nB\u00e9c\u00a0\u0111\u1ed3ng cao c\u1ea5p.<br \/>\nK\u00edch th\u01b0\u1edbc l\u1ed5 phun: 0.1 mm<br \/>\nKho\u00e1 n\u01b0\u1edbc Taiwan<br \/>\nRen ngo\u00e0i: 13 mm<br \/>\nD\u00f9ng\u00a0\u1ed1ng: 8.5 &#8211; 10 mm<br \/>\nK\u1ebft n\u1ed1i\u00a0\u1ed1ng:\u00a0\u0110u\u00f4i chu\u1ed9t v\u00e0 c\u1ed5 d\u00ea<br \/>\nCh\u1ea5t li\u1ec7u:\u00a0\u0110\u1ed3ng<br \/>\nChi\u1ec1u d\u00e0i: 80 mm<br \/>\nTr\u1ecdng l\u01b0\u1ee3ng: 100g<\/p>\n<p><img decoding=\"async\" class=\"size-full wp-image-255963 aligncenter\" src=\"https:\/\/maybommini.com.vn\/wp-content\/uploads\/2018\/03\/khoa-nuoc-may-bom-ap-luc.jpg\" alt=\"Khoa Nuoc May Bom Ap Luc\" width=\"750\" height=\"750\" \/> <img decoding=\"async\" class=\"size-full wp-image-255964 aligncenter\" src=\"https:\/\/maybommini.com.vn\/wp-content\/uploads\/2018\/03\/khoa-nuoc-taiwan.jpg\" alt=\"Khoa Nuoc Taiwan\" width=\"750\" height=\"750\" \/> <img decoding=\"async\" class=\"size-full wp-image-255958 aligncenter\" src=\"https:\/\/maybommini.com.vn\/wp-content\/uploads\/2018\/03\/bec-rua-xe.jpg\" alt=\"Bec Rua Xe\" width=\"750\" height=\"750\" \/> <img decoding=\"async\" class=\"size-full wp-image-255957 aligncenter\" src=\"https:\/\/maybommini.com.vn\/wp-content\/uploads\/2018\/03\/bec-rua-may-lanh.jpg\" alt=\"Bec Rua May Lanh\" width=\"750\" height=\"750\" \/><\/p>\n<p style=\"text-align: left;\">\u0110\u1ea7u x\u1ecbt hay c\u00f2n g\u1ecdi l\u00e0 b\u00e9c phun\u00a0\u00e1p l\u1ef1c\u00a0\u0111\u01b0\u1ee3c s\u1ea3n xu\u1ea5t b\u1eb1ng\u00a0\u0111\u1ed3ng c\u00f3\u00a0\u0111\u1ea7u phun nh\u1ecf gi\u00fap t\u0103ng\u00a0\u00e1p l\u1ef1c n\u01b0\u1edbc khi d\u00f9ng m\u00e1y b\u01a1m n\u01b0\u1edbc mini.<br \/>\n\u0110\u1ea7i x\u1ecbt r\u1eeda xe m\u00e1y l\u1ea1nh c\u00f3\u00a0\u0111\u1ea7u n\u1ed1i d\u00e2y th\u00f4ng minh ch\u1eafc ch\u1eafn\u00a0\u0111\u1ec3 khi th\u00e1o g\u1edf v\u00e0 chi\u1ec7u\u00a0\u0111\u01b0\u1ee3c\u00a0\u00e1p l\u1ef1c n\u01b0\u1edbc r\u1ea5t l\u1edbn m\u00e0 kh\u00f4ng b\u1ecb x\u00ec n\u01b0\u1edbc ra ngo\u00e0i.<br \/>\n\u0110\u1ea7u n\u1ed1i n\u00e0y th\u01b0\u1eddng d\u00f9ng trong h\u1ec7 th\u1ed1ng phun s\u01b0\u01a1ng r\u1ea5t t\u1ed1t m\u00e0 kh\u00f4ng b\u1ecb tho\u00e1t n\u01b0\u1edbc ra ngo\u00e0i.<br \/>\nL\u1eafp\u00a0\u0111\u1eb7t\u00a0\u0111\u1ea7u x\u1ecbt r\u1eeda xe \u0111\u01a1n gi\u1ea3n v\u00e0 ti\u1ec7n l\u1ee3i khi b\u1ea1n s\u1ef1 d\u1ee5ng\u00a0\u0111\u1ec3 r\u1eeda xe m\u00e1y l\u1ea1nh v\u00e0 c\u00e1c thi\u1ec7t b\u1ecb sinh ho\u1ea1t trong gia\u00a0\u0111\u00ecnh.<br \/>\n\u0110\u1ea7u x\u1ecbt r\u1eeda xe m\u00e1y l\u1ea1nh d\u00f9ng cho m\u00e1y b\u01a1m n\u01b0\u1edbc mini 12v\u00a0\u00e1p l\u1ef1c cao g\u1ecdn nh\u1eb9 d\u1ec3 th\u00e1p l\u1eafp.<\/p>\n<p><img decoding=\"async\" class=\"size-full wp-image-255961 aligncenter\" src=\"https:\/\/maybommini.com.vn\/wp-content\/uploads\/2018\/03\/bec-xit-rua-may-lanh-gia-dinh.jpg\" alt=\"Bec Xit Rua May Lanh Gia Dinh\" width=\"750\" height=\"750\" \/> <img decoding=\"async\" class=\"size-full wp-image-255960 aligncenter\" src=\"https:\/\/maybommini.com.vn\/wp-content\/uploads\/2018\/03\/bec-xit-bang-dong.jpg\" alt=\"Bec Xit Bang Dong\" width=\"750\" height=\"750\" \/> <img decoding=\"async\" class=\"size-full wp-image-255959 aligncenter\" src=\"https:\/\/maybommini.com.vn\/wp-content\/uploads\/2018\/03\/bec-rua-xe-ap-luc-cao.jpg\" alt=\"Bec Rua Xe Ap Luc Cao\" width=\"750\" height=\"750\" \/> <img decoding=\"async\" class=\"size-full wp-image-255956 aligncenter\" src=\"https:\/\/maybommini.com.vn\/wp-content\/uploads\/2018\/03\/bec-phun-xit-rua.jpg\" alt=\"Bec Phun Xit Rua\" width=\"750\" height=\"750\" \/><\/p>\n<p style=\"text-align: left;\"><strong>B\u00c1N B\u00c9C X\u1ecaT R\u1eecA XE M\u00c1Y L\u1ea0NH<\/strong><br \/>\nCh\u00fang t\u00f4i chuy\u00ean cung c\u1ea5p c\u00e1c lo\u1ea1i b\u00e9c x\u1ecbt r\u1eeda xe v\u1ec7 sinh m\u00e1y l\u1ea1nh\u00a0\u00e1p l\u1ef1c cao b\u1eb1ng\u00a0\u0111\u1ed3ng cao c\u1ea5p, s\u00fang x\u1ecbt r\u1eeda xe, v\u00f2i x\u1ecbt t\u01b0\u1edbi c\u00e2y, c\u1ea7n phun thu\u1ed1c tr\u1eeb s\u00e2u. Giao h\u00e0ng to\u00e0n qu\u1ed1c b\u00e0o h\u00e0nh l\u00e2u d\u00e0i, ch\u1ea5t l\u01b0\u1ee3ng uy t\u00edn h\u00e0ng\u00a0\u0111\u1ea7u t\u1ea1i Vi\u1ec7t Nam.<br \/>\n<strong>Tel:<\/strong> 09072194310<br \/>\n<strong>Email:<\/strong> maybommini.com@gmail.com<br \/>\n<strong>Website:\u00a0<\/strong><br \/>\n<a href=\"https:\/\/maybommini.com.vn\" target=\"_blank\" rel=\"noopener\">https:\/\/maybommini.com.vn<\/a><br \/>\n<a href=\"https:\/\/maybommini.com\" target=\"_blank\" rel=\"noopener\">https:\/\/maybommini.com<\/a><\/p>\n<h3 style=\"text-align: center;\"><strong>B\u00e9c x\u1ecbt r\u1eeda xe m\u00e1y l\u1ea1nh kho\u00e1 n\u01b0\u1edbc Taiwan<\/strong><\/h3>\n","protected":false},"excerpt":{"rendered":"<p>Model: B\u00e9c\u00a0\u0111\u1ed3ng kho\u00e1 n\u01b0\u1edbc Taiwan<br \/>\nB\u00e9c\u00a0\u0111\u1ed3ng cao c\u1ea5p.<br \/>\nK\u00edch th\u01b0\u1edbc l\u1ed5 phun: 0.1 mm<br \/>\nKho\u00e1 n\u01b0\u1edbc Taiwan<br \/>\nRen ngo\u00e0i: 13 mm<br \/>\nD\u00f9ng\u00a0\u1ed1ng: 8.5 &#8211; 10 mm<br \/>\nK\u1ebft n\u1ed1i\u00a0\u1ed1ng:\u00a0\u0110u\u00f4i chu\u1ed9t v\u00e0 c\u1ed5 d\u00ea<br \/>\nCh\u1ea5t li\u1ec7u:\u00a0\u0110\u1ed3ng<br \/>\nChi\u1ec1u d\u00e0i: 80 mm<br \/>\nTr\u1ecdng l\u01b0\u1ee3ng: 100g<br \/>\n<strong>H\u00f4\u0309 tr\u01a1\u0323 ky\u0303 thu\u00e2\u0323t vi\u0303nh vi\u00ea\u0303n.<\/strong><br \/>\n<strong>Ph\u00e2n ph\u1ed1i: Maybommini.com<\/strong><br \/>\n<strong>T\u01af V\u1ea4N K\u1ef8 THU\u1eacT \u2013 MUA H\u00c0NG<br \/>\n0908997823 \u2013 0908997872<br \/>\n0907294310 \u2013 02873030399<\/strong><\/p>\n","protected":false},"featured_media":257998,"comment_status":"open","ping_status":"closed","template":"","meta":[],"product_brand":[2227],"product_cat":[215],"product_tag":[232,2350,2069,233,234,2070,2963,2962,236,238,239,210],"class_list":{"0":"post-257850","1":"product","2":"type-product","3":"status-publish","4":"has-post-thumbnail","6":"product_brand-mtm","7":"product_cat-phu-kien-xit-rua-ap-luc","8":"product_tag-bec","9":"product_tag-bec-1-tia","10":"product_tag-bec-dong","11":"product_tag-bec-phun-ap-luc-cao","12":"product_tag-bec-rua-xe","13":"product_tag-bec-taiwan","14":"product_tag-bec-xit-rua","15":"product_tag-bec-xit-rua-ap-luc-cao","16":"product_tag-dau-phun-nuoc","17":"product_tag-dau-xit-rua-xe-may-lanh","18":"product_tag-rua-may-lanh","19":"product_tag-rua-xe","21":"first","22":"instock","23":"sale","24":"featured","25":"shipping-taxable","26":"purchasable","27":"product-type-simple"},"_links":{"self":[{"href":"https:\/\/maybommini.vn\/index.php?rest_route=\/wp\/v2\/product\/257850","targetHints":{"allow":["GET"]}}],"collection":[{"href":"https:\/\/maybommini.vn\/index.php?rest_route=\/wp\/v2\/product"}],"about":[{"href":"https:\/\/maybommini.vn\/index.php?rest_route=\/wp\/v2\/types\/product"}],"replies":[{"embeddable":true,"href":"https:\/\/maybommini.vn\/index.php?rest_route=%2Fwp%2Fv2%2Fcomments&post=257850"}],"wp:featuredmedia":[{"embeddable":true,"href":"https:\/\/maybommini.vn\/index.php?rest_route=\/wp\/v2\/media\/257998"}],"wp:attachment":[{"href":"https:\/\/maybommini.vn\/index.php?rest_route=%2Fwp%2Fv2%2Fmedia&parent=257850"}],"wp:term":[{"taxonomy":"product_brand","embeddable":true,"href":"https:\/\/maybommini.vn\/index.php?rest_route=%2Fwp%2Fv2%2Fproduct_brand&post=257850"},{"taxonomy":"product_cat","embeddable":true,"href":"https:\/\/maybommini.vn\/index.php?rest_route=%2Fwp%2Fv2%2Fproduct_cat&post=257850"},{"taxonomy":"product_tag","embeddable":true,"href":"https:\/\/maybommini.vn\/index.php?rest_route=%2Fwp%2Fv2%2Fproduct_tag&post=257850"}],"curies":[{"name":"wp","href":"https:\/\/api.w.org\/{rel}","templated":true}]}}