{"id":257895,"date":"2018-04-12T19:53:04","date_gmt":"2018-04-12T12:53:04","guid":{"rendered":"https:\/\/maybommini.com\/san-pham\/import-placeholder-for-256068"},"modified":"2018-07-10T10:35:33","modified_gmt":"2018-07-10T03:35:33","slug":"cong-tac-dieu-khien-tu-xa-12v-30a","status":"publish","type":"product","link":"https:\/\/maybommini.vn\/?product=cong-tac-dieu-khien-tu-xa-12v-30a","title":{"rendered":"C\u00f4ng t\u1eafc \u0111i\u1ec1u khi\u1ec3n t\u1eeb xa 12V 30A"},"content":{"rendered":"<p><strong>Chuy\u00ean b\u00e1n c\u00e1c lo\u1ea1i\u00a0c\u00f4ng t\u1eafc \u0111i\u1ec1u khi\u1ec3n t\u1eeb xa 12V 30A d\u00f9ng \u0111\u1ec3 t\u1eafc m\u1edf c\u00e1c thi\u1ebft b\u1ecb t\u1eeb xa th\u00f4ng qua m\u1ed9t remote nh\u1ecf m\u00f3c kh\u00f3a r\u1ea5t chuy\u00ean nghi\u1ec7p. T\u1eafc m\u1edf c\u00e1c thi\u1ebft b\u1ecb gi\u00e1 d\u1ee5ng, \u0111\u00e8n, qu\u1ea1t, mortor, m\u00e1y b\u01a1m n\u01b0\u1edbc, m\u00e1y b\u01a1m x\u1ecbt v\u1ec7 sinh m\u00e1y l\u1ea1nh &#8230;<\/strong><\/p>\n<p><img decoding=\"async\" class=\"size-full wp-image-256071 aligncenter\" src=\"https:\/\/maybommini.com.vn\/wp-content\/uploads\/2018\/04\/cong-tac-dieu-khien-tu-xa.jpg\" alt=\"Cong Tac Dieu Khien Tu Xa\" width=\"800\" height=\"800\" \/><\/p>\n<p><strong>TH\u00d4NG S\u1ed0 K\u1ef8 THU\u1eacT<\/strong><br \/>\nModel:\u00a0SU-12V-1D<br \/>\nNgu\u1ed3n \u0111i\u1ec7n : 12V DC<br \/>\nC\u00f4ng su\u1ea5t ch\u1ecbu t\u1ea3i thi\u1ebft b\u1ecb: 30A &#8211; 360W<br \/>\nT\u1ea7n su\u1ea5t ho\u1ea1t \u0111\u1ed9ng: 315MHZ<br \/>\nKho\u1ea3ng c\u00e1ch \u0111i\u1ec1u khi\u1ec3n: 100 m\u00e9t.<br \/>\nT\u1ea7n s\u1ed1: 315MHZ \/ 433MHz<br \/>\n\u0110\u1ed9 nh\u1ea1y:&gt; &#8211; 105dB<br \/>\n\u0110i\u1ec1u khi\u1ec3n t\u1eeb xa, nh\u1ea5n A \u0111\u1ec3 m\u1edf, b\u1ea5m ph\u00edm B<br \/>\nPin remote: 6V.<\/p>\n<p><img decoding=\"async\" class=\"size-full wp-image-256072 aligncenter\" src=\"https:\/\/maybommini.com.vn\/wp-content\/uploads\/2018\/04\/cong-tac-mo-tu-xa-may-bom.jpg\" alt=\"Cong Tac Mo Tu Xa May Bom\" width=\"800\" height=\"800\" \/> <img decoding=\"async\" class=\"size-full wp-image-256069 aligncenter\" src=\"https:\/\/maybommini.com.vn\/wp-content\/uploads\/2018\/04\/ban-dieu-khien-tu-xa-tat-mo-thiet-bi.jpg\" alt=\"Ban Dieu Khien Tu Xa Tat Mo Thiet Bi\" width=\"800\" height=\"800\" \/> <img decoding=\"async\" class=\"size-full wp-image-256074 aligncenter\" src=\"https:\/\/maybommini.com.vn\/wp-content\/uploads\/2018\/04\/tac-mo-tu-xa-12V.jpg\" alt=\"Tac Mo Tu Xa 12V\" width=\"800\" height=\"800\" \/><\/p>\n<p><strong>\u1ee8NG D\u1ee4NG M\u1ea0CH T\u1eaec M\u1ede KH\u00d4NG D\u00c2Y 12V<\/strong><br \/>\n&#8211; T\u1eaft m\u1edf thi\u1ebft b\u1ecb gia d\u1ee5ng.<br \/>\n&#8211; M\u00e1y b\u01a1m n\u01b0\u1edbc mini.<br \/>\n&#8211; M\u00e1y b\u01a1m \u00e1p l\u1ef1c mini.<br \/>\n&#8211; T\u1eaft m\u1edf m\u00e1y phun s\u01b0\u01a1ng.<br \/>\n&#8211; T\u1eaft m\u1edf \u0111\u00e8n.<br \/>\n&#8211; T\u1eaft m\u1edf c\u1eeda nh\u00e0.<br \/>\n&#8211; D\u00f9ng trong nh\u00e0 th\u00f4ng minh.<br \/>\n&#8211; T\u1eaft m\u1edf m\u00e1y b\u01a1m v\u1ec7 sinh m\u00e1y l\u1ea1nh<br \/>\n&#8211; T\u1eaft m\u1edf kh\u00f4ng d\u00e2y c\u00e1c thi\u1ebft b\u1ecb \u0111i\u1ec7n kh\u00e1c.<\/p>\n<p><img decoding=\"async\" class=\"size-full wp-image-256075 aligncenter\" src=\"https:\/\/maybommini.com.vn\/wp-content\/uploads\/2018\/04\/ung-dung-cong-tac-dieu-khien-tu-xa.jpg\" alt=\"Ung Dung Cong Tac Dieu Khien Tu Xa\" width=\"800\" height=\"800\" \/><\/p>\n<p>C\u00e1ch l\u1eafp c\u00f4ng t\u1eaft kh\u00f4ng d\u00e2y t\u1eeb xa ti\u1ec7n l\u1ee3i d\u1ec3 d\u00e0ng. Th\u00f4ng qua s\u01a1 \u0111\u1ed3 m\u1ea1ch kh\u00f4ng d\u00e2y t\u1eaft m\u1edf 12V 24V 220V.<\/p>\n<p><img decoding=\"async\" class=\"size-full wp-image-256070 aligncenter\" src=\"https:\/\/maybommini.com.vn\/wp-content\/uploads\/2018\/04\/cach-lap-su-dung-dieu-khien-tu-xa-12v.jpg\" alt=\"Cach Lap Su Dung Dieu Khien Tu Xa 12v\" width=\"800\" height=\"800\" \/> <img decoding=\"async\" class=\"size-full wp-image-256073 aligncenter\" src=\"https:\/\/maybommini.com.vn\/wp-content\/uploads\/2018\/04\/dieu-khien-tu-xa-12v-may-bom.jpg\" alt=\"Dieu Khien Tu Xa 12v May Bom\" width=\"800\" height=\"800\" \/><\/p>\n<p><strong>MUA M\u1ea0CH C\u00d4NG T\u1eaeC KH\u00d4NG D\u00c2Y \u1ede \u0110\u00c2U ?<\/strong><br \/>\n<strong>CTY TNHH TH\u01af\u01a0NG M\u1ea0I D\u1ecaCH V\u1ee4 \u0110I\u1ec6N M\u00c1Y TH\u00d4NG MINH<\/strong><br \/>\nHotline : 090 729 4310<br \/>\nEmail : maybommini.com@gmail.com<br \/>\nWebsite : http:\/\/maybommini.com<br \/>\nFacebook : <a href=\"https:\/\/www.facebook.com\/maybommini\" target=\"_blank\" rel=\"noopener\">https:\/\/www.facebook.com\/maybommini<\/a><br \/>\nGoogle : <a href=\"https:\/\/plus.google.com\/ Maybomnuocminiruaxe\" target=\"_blank\" rel=\"noopener\">https:\/\/plus.google.com\/ Maybomnuocminiruaxe<\/a><br \/>\nYoutube demo : <a href=\"https:\/\/www.youtube.com\/bahamasali\" target=\"_blank\" rel=\"noopener\">https:\/\/www.youtube.com\/bahamasali<\/a><\/p>\n<h3 style=\"text-align: center\">C\u00f4ng t\u1eafc \u0111i\u1ec1u khi\u1ec3n t\u1eeb xa 12V 30A<\/h3>\n","protected":false},"excerpt":{"rendered":"<p>Model:\u00a0SU-12V-1D<br \/>\nNgu\u1ed3n \u0111i\u1ec7n : 12V DC<br \/>\nC\u00f4ng su\u1ea5t ch\u1ecbu t\u1ea3i thi\u1ebft b\u1ecb: 30A &#8211; 360W<br \/>\nT\u1ea7n su\u1ea5t ho\u1ea1t \u0111\u1ed9ng: 315MHZ<br \/>\nKho\u1ea3ng c\u00e1ch \u0111i\u1ec1u khi\u1ec3n: 100 m\u00e9t.<br \/>\nT\u1ea7n s\u1ed1: 315MHZ \/ 433MHz<br \/>\n\u0110\u1ed9 nh\u1ea1y: &gt; &#8211; 105dB<br \/>\n\u0110i\u1ec1u khi\u1ec3n t\u1eeb xa, nh\u1ea5n A \u0111\u1ec3 m\u1edf, b\u1ea5m ph\u00edm B<br \/>\nPin remote: 6V.<br \/>\n<strong>Tel: 090 729 4310<\/strong><\/p>\n","protected":false},"featured_media":258049,"comment_status":"open","ping_status":"closed","template":"","meta":[],"product_brand":[],"product_cat":[598],"product_tag":[267,500,488,599,2088,694,600,601,695,696,2089,697,698,602,604],"class_list":{"0":"post-257895","1":"product","2":"type-product","3":"status-publish","4":"has-post-thumbnail","6":"product_cat-dieu-khien-tu-xa","7":"product_tag-12v","8":"product_tag-220v","9":"product_tag-24v","10":"product_tag-bo-dieu-khien-tu-xa","11":"product_tag-cong-tac-dieu-khien-tu-xa","12":"product_tag-dieu-khien-tu-xa","13":"product_tag-dien-thoai","14":"product_tag-dieu-khien","15":"product_tag-khong-day","16":"product_tag-mach-dieu-khien","17":"product_tag-tac-mo-tu-xa","18":"product_tag-tat-mo-khong-dat","19":"product_tag-tat-mo-may-bom-tu-xa","20":"product_tag-thiet-bi-thong-minh","21":"product_tag-tu-xa","23":"first","24":"instock","25":"sale","26":"shipping-taxable","27":"purchasable","28":"product-type-simple"},"_links":{"self":[{"href":"https:\/\/maybommini.vn\/index.php?rest_route=\/wp\/v2\/product\/257895","targetHints":{"allow":["GET"]}}],"collection":[{"href":"https:\/\/maybommini.vn\/index.php?rest_route=\/wp\/v2\/product"}],"about":[{"href":"https:\/\/maybommini.vn\/index.php?rest_route=\/wp\/v2\/types\/product"}],"replies":[{"embeddable":true,"href":"https:\/\/maybommini.vn\/index.php?rest_route=%2Fwp%2Fv2%2Fcomments&post=257895"}],"wp:featuredmedia":[{"embeddable":true,"href":"https:\/\/maybommini.vn\/index.php?rest_route=\/wp\/v2\/media\/258049"}],"wp:attachment":[{"href":"https:\/\/maybommini.vn\/index.php?rest_route=%2Fwp%2Fv2%2Fmedia&parent=257895"}],"wp:term":[{"taxonomy":"product_brand","embeddable":true,"href":"https:\/\/maybommini.vn\/index.php?rest_route=%2Fwp%2Fv2%2Fproduct_brand&post=257895"},{"taxonomy":"product_cat","embeddable":true,"href":"https:\/\/maybommini.vn\/index.php?rest_route=%2Fwp%2Fv2%2Fproduct_cat&post=257895"},{"taxonomy":"product_tag","embeddable":true,"href":"https:\/\/maybommini.vn\/index.php?rest_route=%2Fwp%2Fv2%2Fproduct_tag&post=257895"}],"curies":[{"name":"wp","href":"https:\/\/api.w.org\/{rel}","templated":true}]}}