{"id":257896,"date":"2018-04-12T19:53:05","date_gmt":"2018-04-12T12:53:05","guid":{"rendered":"https:\/\/maybommini.com\/san-pham\/import-placeholder-for-256077"},"modified":"2022-10-21T17:05:08","modified_gmt":"2022-10-21T10:05:08","slug":"loc-nuoc-may-bom-mini-loai-trung-inox","status":"publish","type":"product","link":"https:\/\/maybommini.vn\/?product=loc-nuoc-may-bom-mini-loai-trung-inox","title":{"rendered":"L\u1ecdc n\u01b0\u1edbc m\u00e1y b\u01a1m mini &#8211; lo\u1ea1i trung inox"},"content":{"rendered":"<p><strong>L\u1ecdc d\u00f9ng cho\u00a0<a title=\"m\u00e1y b\u01a1m\" href=\"http:\/\/maybommini.com\/may-bom\" data-cke-saved-href=\"http:\/\/maybommini.com\/may-bom\" data-cke-saved- target=\"_blank\" rel=\"noopener\">m\u00e1y b\u01a1m<\/a>\u00a0n\u01b0\u1edbc mini l\u00e0 ph\u1ee5 ki\u1ec7n kh\u00f4ng th\u1ec3 thi\u1ebfu khi b\u1ea1n s\u1eed d\u1ee5ng m\u00e1y b\u01a1m n\u01b0\u1edbc mini \u0111\u00e2y l\u00e0 ph\u1ee5 ki\u1ec7n tuy nh\u1ecf nh\u01b0ng c\u00f3 nhi\u1ec7m v\u1ee5 l\u1ecdc c\u00e1c b\u1ea9n c\u1ee7a \u1ed1ng v\u00e0o m\u00e1y b\u01a1m m\u1ed9t c\u00e1ch t\u1ed1t nh\u1ea5t. D\u00f9ng chuy\u00eang d\u1ee5ng cho c\u00e1c lo\u1ea1i m\u00e1y b\u01a1m x\u0103ng d\u1ea7u nh\u1edbt.<\/strong><\/p>\n<p><img decoding=\"async\" class=\"size-full wp-image-256079 aligncenter\" src=\"https:\/\/maybommini.com.vn\/wp-content\/uploads\/2018\/04\/loc-inox-cao-cap.jpg\" alt=\"Loc Inox Cao Cap\" width=\"750\" height=\"750\" \/><\/p>\n<p><strong>TH\u00d4NG S\u1ed0 K\u1ef6 THU\u1eacT<br \/>\n<\/strong>T\u1ed5ng chi\u1ec1u d\u00e0i 90mm<br \/>\nChi\u1ec1u d\u00e0i ph\u1ea7n b\u1ed9 l\u1ecdc 40mm<br \/>\nPh\u1ea7n giao di\u1ec7n chi\u1ec1u d\u00e0i 50mm<br \/>\n\u0110\u01b0\u1eddng k\u00ednh ngo\u00e0i 37mm<br \/>\nD\u00f9ng\u00a0\u1ed1ng: 27mm<br \/>\nL\u01b0\u1edbi l\u1ecdc Inox cao c\u1ea5p.<br \/>\nTr\u1ecdng l\u01b0\u1ee3ng: 100g<\/p>\n<p><img decoding=\"async\" class=\"size-full wp-image-256080 aligncenter\" src=\"https:\/\/maybommini.com.vn\/wp-content\/uploads\/2018\/04\/loc-inox-may-bom-mini.jpg\" alt=\"Loc Inox May Bom Mini\" width=\"750\" height=\"750\" \/> <img decoding=\"async\" class=\"size-full wp-image-256081 aligncenter\" src=\"https:\/\/maybommini.com.vn\/wp-content\/uploads\/2018\/04\/loc-nuoc-may-bom.jpg\" alt=\"Loc Nuoc May Bom\" width=\"750\" height=\"750\" \/><\/p>\n<p>&nbsp;<\/p>\n<p><strong>M\u1ee5c \u0111\u00edch s\u1eed d\u1ee5ng b\u1ed9 l\u1ecdc d\u00f9ng cho m\u00e1y b\u01a1m n\u01b0\u1edbc mini<br \/>\n<\/strong>D\u00f9ng cho m\u00e1y gi\u1eb7t, m\u00e1y r\u1eeda xe chuy\u00ean d\u1ee5ng, l\u1ecdc n\u01b0\u1edbc, gi\u00fap b\u1ea3o v\u1ec7 m\u00e1y\u00a0<a title=\"B\u1ed9 r\u1eeda xe mini 12V \u2013 Option 1\" href=\"http:\/\/maybommini.com\/bo-rua-xe-mini-12v-option-1.html\" data-cke-saved-href=\"http:\/\/maybommini.com\/bo-rua-xe-mini-12v-option-1.html\" data-cke-saved- target=\"_blank\" rel=\"noopener\">r\u1eeda xe mini 12V<\/a>\u00a0kh\u00f4ng v\u00e0o b\u1ee5i b\u1ea9n, b\u1ec1n h\u01a1n.<br \/>\nC\u00e1c b\u1ea1n c\u00f3 th\u1ec3 g\u1eafn k\u00e8m b\u1ed9 l\u1ecdc n\u00e0y cho m\u00e1y\u00a0<a title=\"B\u01a1m \u00e1p l\u1ef1c mini\" href=\"http:\/\/maybommini.com\/may-bom-mini\/bom-ap-luc-mini\" target=\"_blank\" rel=\"noopener\" data-cke-saved-href=\"http:\/\/maybommini.com\/may-bom-mini\/bom-ap-luc-mini\" data-cke-saved->b\u01a1m n\u01b0\u1edbc \u00e1p l\u1ef1c mini<\/a>\u00a012V 24V \u0111\u1ec3 r\u1eeda xe gi\u00fap m\u00e1y ho\u1ea1t \u0111\u1ed9ng t\u1ed1t h\u01a1n v\u00e0 b\u1ec1n h\u01a1n<br \/>\nCh\u1ea5t li\u1ec7u b\u1ed9 l\u1ecdc d\u00f9ng cho m\u00e1y b\u01a1m n\u01b0\u1edbc mini<br \/>\nCh\u1ea5t li\u1ec7u nh\u1ef1a \u0111\u1eb7c bi\u1ec7t, l\u01b0\u1edbi th\u00e9p kh\u00f4ng r\u1ec9.<\/p>\n<p><img decoding=\"async\" class=\"size-full wp-image-256082 aligncenter\" src=\"https:\/\/maybommini.com.vn\/wp-content\/uploads\/2018\/04\/loc-rac-may-bom-xang-dau-nhot.jpg\" alt=\"Loc Rac May Bom Xang Dau Nhot\" width=\"750\" height=\"750\" \/><\/p>\n<p><strong>MUA L\u1eccC N\u01af\u1edaC M\u00c1Y B\u01a0M MINI \u1ede \u0110\u00c2U ?<br \/>\n<\/strong>M\u1ecdi chi ti\u1ebft vui l\u00f2ng li\u00ean h\u1ec7 tr\u1ef1c ti\u1ebfp cho ch\u00fang t\u00f4i \u0111\u1ec3 \u0111\u01b0\u1ee3c t\u01b0 v\u1ea5n theo nhu c\u1ea7u \u0111\u1ec3 c\u00f3 \u0111\u01b0\u1ee3c b\u1ed9 s\u1ea3n ph\u1ea9m t\u1ed1t nh\u1ea5t v\u00e0 ti\u1ebft ki\u1ec7m.<\/p>\n<p><strong>CTY TNHH TH\u01af\u01a0NG M\u1ea0I D\u1ecaCH V\u1ee4 \u0110I\u1ec6N M\u00c1Y TH\u00d4NG MINH<\/strong><br \/>\nHotline : 090 729 4310<br \/>\nEmail :\u00a0maybommini.com@gmail.com<br \/>\nWebsite : http:\/\/maybommini.com<br \/>\nFacebook :\u00a0<a href=\"https:\/\/www.facebook.com\/maybommini\" target=\"_blank\" rel=\"noopener\" data-cke-saved-href=\"https:\/\/www.facebook.com\/maybommini\" data-cke-saved->https:\/\/www.facebook.com\/maybommini<\/a><br \/>\nGoogle :\u00a0<a href=\"https:\/\/plus.google.com\/ Maybomnuocminiruaxe\" target=\"_blank\" rel=\"noopener\" data-cke-saved-href=\"https:\/\/plus.google.com\/ Maybomnuocminiruaxe\" data-cke-saved->https:\/\/plus.google.com\/ Maybomnuocminiruaxe<\/a><br \/>\nYoutube demo :\u00a0<a href=\"https:\/\/www.youtube.com\/bahamasali\" target=\"_blank\" rel=\"noopener\" data-cke-saved-href=\"https:\/\/www.youtube.com\/bahamasali\" data-cke-saved->https:\/\/www.youtube.com\/bahamasali<\/a><\/p>\n<h3 style=\"text-align: center\">L\u1ecdc n\u01b0\u1edbc m\u00e1y b\u01a1m mini &#8211; lo\u1ea1i trung inox<\/h3>\n","protected":false},"excerpt":{"rendered":"<p>T\u1ed5ng chi\u1ec1u d\u00e0i 90mm<br \/>\nChi\u1ec1u d\u00e0i ph\u1ea7n b\u1ed9 l\u1ecdc 40mm<br \/>\nPh\u1ea7n giao di\u1ec7n chi\u1ec1u d\u00e0i 50mm<br \/>\n\u0110\u01b0\u1eddng k\u00ednh ngo\u00e0i 37mm<br \/>\nD\u00f9ng\u00a0\u1ed1ng: 27mm<br \/>\nL\u01b0\u1edbi l\u1ecdc Inox cao c\u1ea5p.<br \/>\nTr\u1ecdng l\u01b0\u1ee3ng: 100g<\/p>\n","protected":false},"featured_media":258056,"comment_status":"open","ping_status":"closed","template":"","meta":[],"product_brand":[],"product_cat":[214],"product_tag":[1726,2090,1725,289,1193],"class_list":{"0":"post-257896","1":"product","2":"type-product","3":"status-publish","4":"has-post-thumbnail","6":"product_cat-phu-kien-bom-nuoc","7":"product_tag-dau-loc-may-bom","8":"product_tag-loc-inox","9":"product_tag-loc-mini","10":"product_tag-loc-nuoc","11":"product_tag-loc-rac","13":"first","14":"instock","15":"sale","16":"shipping-taxable","17":"purchasable","18":"product-type-simple"},"_links":{"self":[{"href":"https:\/\/maybommini.vn\/index.php?rest_route=\/wp\/v2\/product\/257896","targetHints":{"allow":["GET"]}}],"collection":[{"href":"https:\/\/maybommini.vn\/index.php?rest_route=\/wp\/v2\/product"}],"about":[{"href":"https:\/\/maybommini.vn\/index.php?rest_route=\/wp\/v2\/types\/product"}],"replies":[{"embeddable":true,"href":"https:\/\/maybommini.vn\/index.php?rest_route=%2Fwp%2Fv2%2Fcomments&post=257896"}],"wp:featuredmedia":[{"embeddable":true,"href":"https:\/\/maybommini.vn\/index.php?rest_route=\/wp\/v2\/media\/258056"}],"wp:attachment":[{"href":"https:\/\/maybommini.vn\/index.php?rest_route=%2Fwp%2Fv2%2Fmedia&parent=257896"}],"wp:term":[{"taxonomy":"product_brand","embeddable":true,"href":"https:\/\/maybommini.vn\/index.php?rest_route=%2Fwp%2Fv2%2Fproduct_brand&post=257896"},{"taxonomy":"product_cat","embeddable":true,"href":"https:\/\/maybommini.vn\/index.php?rest_route=%2Fwp%2Fv2%2Fproduct_cat&post=257896"},{"taxonomy":"product_tag","embeddable":true,"href":"https:\/\/maybommini.vn\/index.php?rest_route=%2Fwp%2Fv2%2Fproduct_tag&post=257896"}],"curies":[{"name":"wp","href":"https:\/\/api.w.org\/{rel}","templated":true}]}}