{"id":258134,"date":"2018-04-14T15:44:52","date_gmt":"2018-04-14T08:44:52","guid":{"rendered":"https:\/\/maybommini.com\/?post_type=product&#038;p=258134"},"modified":"2019-12-28T11:39:57","modified_gmt":"2019-12-28T04:39:57","slug":"adapter-nguon-dien-12v-8a-96w","status":"publish","type":"product","link":"https:\/\/maybommini.vn\/?product=adapter-nguon-dien-12v-8a-96w","title":{"rendered":"Adapter ngu\u1ed3n \u0111i\u1ec7n 12V 8A 96W"},"content":{"rendered":"<p><strong>Chuy\u00ean cung c\u1ea5p b\u00e1n c\u00e1c lo\u1ea1i adapter ngu\u1ed3n \u0111i\u1ec7n 12V 8A 96W chuy\u00ean d\u1ee5ng cao c\u1ea5p ch\u1ea5t l\u01b0\u1ee3ng h\u00e0ng\u00a0\u0111\u1ea7u s\u1eed d\u1ee5ng\u00a0\u0111\u01b0\u1ee3c nhi\u1ec1u trong c\u00e1c thi\u1ebft b\u1ecb\u00a0\u0111i\u1ec7n 12V DC. B\u1ea1n c\u00f3 th\u1ec1 d\u00f9ng l\u00e0m ngu\u1ed3n\u00a0\u0111i\u1ec7n m\u00e1y b\u01a1m mini, m\u00e1y h\u00fat b\u1ee5i, thi\u1ebft b\u1ecb\u00a0\u0111i\u1ec7n, ngu\u1ed3n\u00a0\u0111i\u1ec7n\u00a0\u0111\u00e8n led, ngu\u1ed3n\u00a0\u0111i\u1ec7n b\u1ea3ng hi\u1ec7u v\u00e0 nhi\u1ec1u\u00a0\u1ee9ng d\u1ee5ng kh\u00e1c, giao h\u00e0ng to\u00e0n qu\u1ed1c gi\u00e1 t\u1ed1t b\u1ea3o h\u00e0nh ch\u00ednh h\u00e3ng.<\/strong><\/p>\n<p><a href=\"https:\/\/maybommini.com\/wp-content\/uploads\/2018\/04\/12v-8a-adapter.jpg\" target=\"_blank\" rel=\"noopener\"><img decoding=\"async\" class=\"size-full wp-image-258129 aligncenter\" src=\"https:\/\/maybommini.com\/wp-content\/uploads\/2018\/04\/12v-8a-adapter.jpg\" alt=\"12v 8a Adapter\" width=\"800\" height=\"800\" srcset=\"https:\/\/maybommini.vn\/wp-content\/uploads\/2018\/04\/12v-8a-adapter.jpg 800w, https:\/\/maybommini.vn\/wp-content\/uploads\/2018\/04\/12v-8a-adapter-300x300.jpg 300w, https:\/\/maybommini.vn\/wp-content\/uploads\/2018\/04\/12v-8a-adapter-150x150.jpg 150w, https:\/\/maybommini.vn\/wp-content\/uploads\/2018\/04\/12v-8a-adapter-600x600.jpg 600w\" sizes=\"(max-width: 800px) 100vw, 800px\" \/><\/a><\/p>\n<p><strong>TH\u00d4NG S\u1ed0 K\u1ef8 THU\u1eacT<\/strong><br \/>\nModel: 12V 8A<br \/>\n\u0110i\u1ec7n th\u1ebf v\u00e0o: 100V &#8211; 220V AC<br \/>\n\u0110i\u1ec7n th\u1ebf ra: 12V DC<br \/>\nC\u00f4ng xu\u1ea5t : 96W &#8211; 8A<br \/>\nNgu\u1ed3n ti\u00eau chu\u1ea9n CE<br \/>\nJack c\u1ea5m DC: 5.5 x 2.1 mm<br \/>\nTr\u1ecdng l\u01b0\u1ee3ng : 500g<\/p>\n<p><a href=\"https:\/\/maybommini.com\/wp-content\/uploads\/2018\/04\/lazada-nguon-dien-12v-8a.jpg\" target=\"_blank\" rel=\"noopener\"><img decoding=\"async\" class=\"size-full wp-image-258132 aligncenter\" src=\"https:\/\/maybommini.com\/wp-content\/uploads\/2018\/04\/lazada-nguon-dien-12v-8a.jpg\" alt=\"Lazada Nguon Dien 12v 8a\" width=\"800\" height=\"800\" srcset=\"https:\/\/maybommini.vn\/wp-content\/uploads\/2018\/04\/lazada-nguon-dien-12v-8a.jpg 800w, https:\/\/maybommini.vn\/wp-content\/uploads\/2018\/04\/lazada-nguon-dien-12v-8a-300x300.jpg 300w, https:\/\/maybommini.vn\/wp-content\/uploads\/2018\/04\/lazada-nguon-dien-12v-8a-150x150.jpg 150w, https:\/\/maybommini.vn\/wp-content\/uploads\/2018\/04\/lazada-nguon-dien-12v-8a-600x600.jpg 600w\" sizes=\"(max-width: 800px) 100vw, 800px\" \/><\/a> <a href=\"https:\/\/maybommini.com\/wp-content\/uploads\/2018\/04\/doi-dien-220v-xuong-12v-8a.jpg\" target=\"_blank\" rel=\"noopener\"><img decoding=\"async\" class=\"size-full wp-image-258130 aligncenter\" src=\"https:\/\/maybommini.com\/wp-content\/uploads\/2018\/04\/doi-dien-220v-xuong-12v-8a.jpg\" alt=\"Doi Dien 220v Xuong 12v 8a\" width=\"800\" height=\"800\" srcset=\"https:\/\/maybommini.vn\/wp-content\/uploads\/2018\/04\/doi-dien-220v-xuong-12v-8a.jpg 800w, https:\/\/maybommini.vn\/wp-content\/uploads\/2018\/04\/doi-dien-220v-xuong-12v-8a-300x300.jpg 300w, https:\/\/maybommini.vn\/wp-content\/uploads\/2018\/04\/doi-dien-220v-xuong-12v-8a-150x150.jpg 150w, https:\/\/maybommini.vn\/wp-content\/uploads\/2018\/04\/doi-dien-220v-xuong-12v-8a-600x600.jpg 600w\" sizes=\"(max-width: 800px) 100vw, 800px\" \/><\/a><\/p>\n<p>&nbsp;<\/p>\n<p><strong>S\u1eec D\u1ee4NG ADATER 12V<\/strong><br \/>\n&#8211; D\u00f9ng l\u00e0m ngu\u1ed3n\u00a0\u0111i\u1ec7n <a href=\"https:\/\/maybommini.com\/danh-muc\/may-bom-ap-luc-mini\" target=\"_blank\" rel=\"noopener\">m\u00e1y b\u01a1m mini<\/a>.<br \/>\n&#8211; D\u00f9ng l\u00e0m bi\u1ebfn th\u1ebf 12V.<br \/>\n&#8211; S\u1eed d\u1ee5ng l\u00e0m ngu\u1ed3n\u00a0\u0111i\u1ec7n\u00a0\u0111\u00e8n led 12v.<br \/>\n&#8211; Ngu\u1ed3n\u00a0\u0111i\u1ec7n thi\u1ebft\u00a0b\u1ecb 12V.<br \/>\n&#8211; Ngu\u1ed3n\u00a0\u0111i\u1ec7n m\u00e0n h\u00ecnh LCD.<br \/>\n&#8211; Ngu\u1ed3n\u00a0\u0111i\u1ec7n thi\u1ebft b\u1ecb\u00a0\u0111i\u1ec7n t\u1eed.<br \/>\nV\u00e0 d\u00f9ng nhi\u1ec1u trong c\u00e1c thi\u1ebft b\u1ecb kh\u00e1c 12V DC.<br \/>\n<a href=\"https:\/\/maybommini.com\/wp-content\/uploads\/2018\/04\/su-dung-nguin-dien-bien-the-adapter.jpg\" target=\"_blank\" rel=\"noopener\"><img decoding=\"async\" class=\"size-full wp-image-258133 aligncenter\" src=\"https:\/\/maybommini.com\/wp-content\/uploads\/2018\/04\/su-dung-nguin-dien-bien-the-adapter.jpg\" alt=\"Su Dung Nguin Dien Bien The Adapter\" width=\"800\" height=\"800\" srcset=\"https:\/\/maybommini.vn\/wp-content\/uploads\/2018\/04\/su-dung-nguin-dien-bien-the-adapter.jpg 800w, https:\/\/maybommini.vn\/wp-content\/uploads\/2018\/04\/su-dung-nguin-dien-bien-the-adapter-300x300.jpg 300w, https:\/\/maybommini.vn\/wp-content\/uploads\/2018\/04\/su-dung-nguin-dien-bien-the-adapter-150x150.jpg 150w, https:\/\/maybommini.vn\/wp-content\/uploads\/2018\/04\/su-dung-nguin-dien-bien-the-adapter-600x600.jpg 600w\" sizes=\"(max-width: 800px) 100vw, 800px\" \/><\/a> <a href=\"https:\/\/maybommini.com\/wp-content\/uploads\/2018\/04\/sun-dung-adapter-12v.jpg\" target=\"_blank\" rel=\"noopener\"><img decoding=\"async\" class=\"size-full wp-image-258127 aligncenter\" src=\"https:\/\/maybommini.com\/wp-content\/uploads\/2018\/04\/sun-dung-adapter-12v.jpg\" alt=\"Sun Dung Adapter 12v\" width=\"800\" height=\"800\" srcset=\"https:\/\/maybommini.vn\/wp-content\/uploads\/2018\/04\/sun-dung-adapter-12v.jpg 800w, https:\/\/maybommini.vn\/wp-content\/uploads\/2018\/04\/sun-dung-adapter-12v-300x300.jpg 300w, https:\/\/maybommini.vn\/wp-content\/uploads\/2018\/04\/sun-dung-adapter-12v-150x150.jpg 150w, https:\/\/maybommini.vn\/wp-content\/uploads\/2018\/04\/sun-dung-adapter-12v-600x600.jpg 600w, https:\/\/maybommini.vn\/wp-content\/uploads\/2018\/04\/sun-dung-adapter-12v-768x768.jpg 768w\" sizes=\"(max-width: 800px) 100vw, 800px\" \/><\/a><\/p>\n<p><a href=\"https:\/\/maybommini.com\/wp-content\/uploads\/2018\/04\/chung-nhan-adapter-12v-24v.jpg\" target=\"_blank\" rel=\"noopener\"><img decoding=\"async\" class=\"size-full wp-image-258122 aligncenter\" src=\"https:\/\/maybommini.com\/wp-content\/uploads\/2018\/04\/chung-nhan-adapter-12v-24v.jpg\" alt=\"Chung Nhan Adapter 12v 24v\" width=\"800\" height=\"800\" srcset=\"https:\/\/maybommini.vn\/wp-content\/uploads\/2018\/04\/chung-nhan-adapter-12v-24v.jpg 800w, https:\/\/maybommini.vn\/wp-content\/uploads\/2018\/04\/chung-nhan-adapter-12v-24v-300x300.jpg 300w, https:\/\/maybommini.vn\/wp-content\/uploads\/2018\/04\/chung-nhan-adapter-12v-24v-150x150.jpg 150w, https:\/\/maybommini.vn\/wp-content\/uploads\/2018\/04\/chung-nhan-adapter-12v-24v-600x600.jpg 600w\" sizes=\"(max-width: 800px) 100vw, 800px\" \/><\/a><\/p>\n<p><strong>MUA NGU\u1ed2N\u00a0\u0110I\u1ec6N BI\u1ebeN TH\u1ebe ADAPTER\u00a0\u1ede\u00a0\u0110\u00c2U ?<\/strong><br \/>\nB\u1ea1n c\u1ea7n mua adapter bi\u1ebfn th\u1ebf ngu\u1ed3n\u00a0\u0111i\u1ec7n c\u00f3 th\u1ec3 li\u00ean h\u1ec7 ch\u00fang t\u00f4i\u00a0\u0111\u1ec3 c\u00f3 gi\u00e1 t\u1ed1t nh\u1ea5t, giao h\u00e0ng to\u00e0n qu\u1ed1c, b\u1ea3o h\u00e0nh l\u00e2u d\u00e0i.<br \/>\n<strong>Website:<\/strong>\u00a0\u00a0<a href=\"https:\/\/maybommini.com\" target=\"_blank\" rel=\"noopener\">https:\/\/maybommini.com<\/a><br \/>\n<strong>Email:<\/strong> maybommini.com@gmail.com<br \/>\n<strong>Tel:<\/strong> 090 729 4310<\/p>\n<h3 style=\"text-align: center;\">Adapter ngu\u1ed3n \u0111i\u1ec7n 12V 8A 96W<\/h3>\n","protected":false},"excerpt":{"rendered":"<p>Model: 12V 8A<br \/>\n\u0110i\u1ec7n th\u1ebf v\u00e0o: 100V &#8211; 220V AC<br \/>\n\u0110i\u1ec7n th\u1ebf ra: 12V DC<br \/>\nC\u00f4ng xu\u1ea5t : 96W &#8211; 8A<br \/>\nNgu\u1ed3n ti\u00eau chu\u1ea9n CE<br \/>\nJack c\u1ea5m DC: 5.5 x 2.1 mm<br \/>\nTr\u1ecdng l\u01b0\u1ee3ng : 450g<br \/>\nTel: 0907294310<\/p>\n","protected":false},"featured_media":258129,"comment_status":"open","ping_status":"closed","template":"","meta":[],"product_brand":[2227],"product_cat":[214,3132],"product_tag":[267,422,2095,854,415,573,416,2094,417,2093,2096,1383],"class_list":{"0":"post-258134","1":"product","2":"type-product","3":"status-publish","4":"has-post-thumbnail","6":"product_brand-mtm","7":"product_cat-phu-kien-bom-nuoc","8":"product_cat-nguon-dien-bien-the-adapter","9":"product_tag-12v","10":"product_tag-12v-10a","11":"product_tag-12v-7a","12":"product_tag-12v-8a","13":"product_tag-ac-adapter","14":"product_tag-adapter","15":"product_tag-bien-the","16":"product_tag-chuyen-nguon","17":"product_tag-dc-12v-10a","18":"product_tag-doi-nguon","19":"product_tag-nguon-12v-8a","20":"product_tag-nguon-may-bom-mini","22":"first","23":"instock","24":"sale","25":"shipping-taxable","26":"purchasable","27":"product-type-simple"},"_links":{"self":[{"href":"https:\/\/maybommini.vn\/index.php?rest_route=\/wp\/v2\/product\/258134","targetHints":{"allow":["GET"]}}],"collection":[{"href":"https:\/\/maybommini.vn\/index.php?rest_route=\/wp\/v2\/product"}],"about":[{"href":"https:\/\/maybommini.vn\/index.php?rest_route=\/wp\/v2\/types\/product"}],"replies":[{"embeddable":true,"href":"https:\/\/maybommini.vn\/index.php?rest_route=%2Fwp%2Fv2%2Fcomments&post=258134"}],"wp:featuredmedia":[{"embeddable":true,"href":"https:\/\/maybommini.vn\/index.php?rest_route=\/wp\/v2\/media\/258129"}],"wp:attachment":[{"href":"https:\/\/maybommini.vn\/index.php?rest_route=%2Fwp%2Fv2%2Fmedia&parent=258134"}],"wp:term":[{"taxonomy":"product_brand","embeddable":true,"href":"https:\/\/maybommini.vn\/index.php?rest_route=%2Fwp%2Fv2%2Fproduct_brand&post=258134"},{"taxonomy":"product_cat","embeddable":true,"href":"https:\/\/maybommini.vn\/index.php?rest_route=%2Fwp%2Fv2%2Fproduct_cat&post=258134"},{"taxonomy":"product_tag","embeddable":true,"href":"https:\/\/maybommini.vn\/index.php?rest_route=%2Fwp%2Fv2%2Fproduct_tag&post=258134"}],"curies":[{"name":"wp","href":"https:\/\/api.w.org\/{rel}","templated":true}]}}