{"id":258155,"date":"2018-04-17T22:54:47","date_gmt":"2018-04-17T15:54:47","guid":{"rendered":"https:\/\/maybommini.com\/?post_type=product&#038;p=258155"},"modified":"2022-10-17T14:29:46","modified_gmt":"2022-10-17T07:29:46","slug":"noi-ong-loc-nuoc-vao-may-ap-luc-cao","status":"publish","type":"product","link":"https:\/\/maybommini.vn\/?product=noi-ong-loc-nuoc-vao-may-ap-luc-cao","title":{"rendered":"N\u1ed1i \u1ed1ng l\u1ecdc n\u01b0\u1edbc v\u00e0o m\u00e1y \u00e1p l\u1ef1c cao &#8211; 2 c\u00e1i"},"content":{"rendered":"<p><strong>Chuy\u00ean b\u00e1n c\u00e1c lo\u1ea1i n\u1ed1i \u1ed1ng l\u1ecdc n\u01b0\u1edbc v\u00e0o m\u00e1y <a href=\"https:\/\/maybommini.com\/danh-muc\/may-phun-rua-cao-ap\" target=\"_blank\" rel=\"noopener\">\u00e1p l\u1ef1c cao r\u1eeda xe gia\u00a0\u0111\u00ecnh<\/a>,\u00a0\u0111\u00e2y l\u00e0 n\u1ed1i nhanh\u00a0\u1ed1ng n\u01b0\u1edbc v\u00e0o d\u00f9ng cho t\u1ea5t c\u1ea3 c\u00e1c lo\u1ea1i m\u00e1y\u00a0\u00e1p l\u1ef1c c\u00f3 tr\u00ean th\u1ecb tr\u01b0\u1eddng hi\u1ec7n nay. Ch\u1ea5t li\u1ec7u cao c\u1ea5p c\u00f3 l\u1ecfi l\u1ecdc l\u01b0\u1edbi l\u1ecdc b\u00ean trong ng\u0103n c\u00e1c lo\u1ea1i r\u00e1c c\u1eb7n b\u1ea9n v\u00e0o m\u00e1y b\u01a1m v\u00e0 c\u00f3 ch\u1ee9c n\u0103ng k\u1ebft n\u1ed1i\u00a0\u1ed1ng n\u01b0\u1edbc v\u00e0o c\u1ee7a m\u00e1y.<\/strong><\/p>\n<p><a href=\"https:\/\/maybommini.com\/wp-content\/uploads\/2018\/04\/loc-nuoc-may-ap-luc-cao.jpg\" target=\"_blank\" rel=\"noopener\"><img decoding=\"async\" class=\"size-full wp-image-258160 aligncenter\" src=\"https:\/\/maybommini.com\/wp-content\/uploads\/2018\/04\/loc-nuoc-may-ap-luc-cao.jpg\" alt=\"Loc Nuoc May Ap Luc Cao\" width=\"820\" height=\"820\" srcset=\"https:\/\/maybommini.vn\/wp-content\/uploads\/2018\/04\/loc-nuoc-may-ap-luc-cao.jpg 820w, https:\/\/maybommini.vn\/wp-content\/uploads\/2018\/04\/loc-nuoc-may-ap-luc-cao-300x300.jpg 300w, https:\/\/maybommini.vn\/wp-content\/uploads\/2018\/04\/loc-nuoc-may-ap-luc-cao-150x150.jpg 150w, https:\/\/maybommini.vn\/wp-content\/uploads\/2018\/04\/loc-nuoc-may-ap-luc-cao-600x600.jpg 600w\" sizes=\"(max-width: 820px) 100vw, 820px\" \/><\/a><\/p>\n<p><strong>TH\u00d4NG S\u1ed0 K\u1ef8 THU\u1eacT<\/strong><br \/>\nLo\u1ea1i : L\u1ecdc &#8211; n\u1ed1i\u00a0\u1ed1ng<br \/>\nRen trong: 26mm<br \/>\nN\u1ed1i nhanh du\u00f4i\u00a0\u0111\u1ef1c.<br \/>\nCh\u1ea5t li\u1ec7u: Nh\u1ef1a trong cao c\u1ea5p.<br \/>\nL\u1ecfi l\u1ecdc l\u01b0\u1edbi.<br \/>\nB\u1ed9 2 c\u00e1i<br \/>\nTr\u1ecdng l\u01b0\u1ee3ng: 50g<\/p>\n<p><a href=\"https:\/\/maybommini.com\/wp-content\/uploads\/2018\/04\/kich-thuoc-dau-noi-ong-day-nuoc-vao-may-ap-luc.jpg\" target=\"_blank\" rel=\"noopener\"><img decoding=\"async\" class=\"size-full wp-image-258158 aligncenter\" src=\"https:\/\/maybommini.com\/wp-content\/uploads\/2018\/04\/kich-thuoc-dau-noi-ong-day-nuoc-vao-may-ap-luc.jpg\" alt=\"Kich Thuoc Dau Noi Ong Day Nuoc Vao May Ap Luc\" width=\"820\" height=\"820\" srcset=\"https:\/\/maybommini.vn\/wp-content\/uploads\/2018\/04\/kich-thuoc-dau-noi-ong-day-nuoc-vao-may-ap-luc.jpg 820w, https:\/\/maybommini.vn\/wp-content\/uploads\/2018\/04\/kich-thuoc-dau-noi-ong-day-nuoc-vao-may-ap-luc-300x300.jpg 300w, https:\/\/maybommini.vn\/wp-content\/uploads\/2018\/04\/kich-thuoc-dau-noi-ong-day-nuoc-vao-may-ap-luc-150x150.jpg 150w, https:\/\/maybommini.vn\/wp-content\/uploads\/2018\/04\/kich-thuoc-dau-noi-ong-day-nuoc-vao-may-ap-luc-600x600.jpg 600w\" sizes=\"(max-width: 820px) 100vw, 820px\" \/><\/a> <a href=\"https:\/\/maybommini.com\/wp-content\/uploads\/2018\/04\/loc-nuoc-noi-ong-ap-luc-cao.jpg\" target=\"_blank\" rel=\"noopener\"><img decoding=\"async\" class=\"size-full wp-image-258161 aligncenter\" src=\"https:\/\/maybommini.com\/wp-content\/uploads\/2018\/04\/loc-nuoc-noi-ong-ap-luc-cao.jpg\" alt=\"Loc Nuoc Noi Ong Ap Luc Cao\" width=\"820\" height=\"820\" srcset=\"https:\/\/maybommini.vn\/wp-content\/uploads\/2018\/04\/loc-nuoc-noi-ong-ap-luc-cao.jpg 820w, https:\/\/maybommini.vn\/wp-content\/uploads\/2018\/04\/loc-nuoc-noi-ong-ap-luc-cao-300x300.jpg 300w, https:\/\/maybommini.vn\/wp-content\/uploads\/2018\/04\/loc-nuoc-noi-ong-ap-luc-cao-150x150.jpg 150w, https:\/\/maybommini.vn\/wp-content\/uploads\/2018\/04\/loc-nuoc-noi-ong-ap-luc-cao-600x600.jpg 600w\" sizes=\"(max-width: 820px) 100vw, 820px\" \/><\/a> <a href=\"https:\/\/maybommini.com\/wp-content\/uploads\/2018\/04\/noi-ong-nuoc-vao-may-ap-luc-cao.jpg\" target=\"_blank\" rel=\"noopener\"><img decoding=\"async\" class=\"size-full wp-image-258162 aligncenter\" src=\"https:\/\/maybommini.com\/wp-content\/uploads\/2018\/04\/noi-ong-nuoc-vao-may-ap-luc-cao.jpg\" alt=\"Noi Ong Nuoc Vao May Ap Luc Cao\" width=\"820\" height=\"820\" srcset=\"https:\/\/maybommini.vn\/wp-content\/uploads\/2018\/04\/noi-ong-nuoc-vao-may-ap-luc-cao.jpg 820w, https:\/\/maybommini.vn\/wp-content\/uploads\/2018\/04\/noi-ong-nuoc-vao-may-ap-luc-cao-300x300.jpg 300w, https:\/\/maybommini.vn\/wp-content\/uploads\/2018\/04\/noi-ong-nuoc-vao-may-ap-luc-cao-150x150.jpg 150w, https:\/\/maybommini.vn\/wp-content\/uploads\/2018\/04\/noi-ong-nuoc-vao-may-ap-luc-cao-600x600.jpg 600w\" sizes=\"(max-width: 820px) 100vw, 820px\" \/><\/a> <a href=\"https:\/\/maybommini.com\/wp-content\/uploads\/2018\/04\/phu-kien-may-rua-xe-gia-dinh.jpg\" target=\"_blank\" rel=\"noopener\"><img decoding=\"async\" class=\"size-full wp-image-258163 aligncenter\" src=\"https:\/\/maybommini.com\/wp-content\/uploads\/2018\/04\/phu-kien-may-rua-xe-gia-dinh.jpg\" alt=\"Phu Kien May Rua Xe Gia Dinh\" width=\"820\" height=\"820\" srcset=\"https:\/\/maybommini.vn\/wp-content\/uploads\/2018\/04\/phu-kien-may-rua-xe-gia-dinh.jpg 820w, https:\/\/maybommini.vn\/wp-content\/uploads\/2018\/04\/phu-kien-may-rua-xe-gia-dinh-300x300.jpg 300w, https:\/\/maybommini.vn\/wp-content\/uploads\/2018\/04\/phu-kien-may-rua-xe-gia-dinh-150x150.jpg 150w, https:\/\/maybommini.vn\/wp-content\/uploads\/2018\/04\/phu-kien-may-rua-xe-gia-dinh-600x600.jpg 600w\" sizes=\"(max-width: 820px) 100vw, 820px\" \/><\/a><\/p>\n<p><strong>S\u1eec D\u1ee4NG N\u1ed0I\u00a0\u1ed0NG L\u1eccC N\u01af\u1edaC M\u00c1Y\u00a0\u00c1P L\u1ef0C CAO<\/strong><br \/>\n&#8211; D\u00f9ng n\u1ed1i\u00a0\u1ed1ng n\u01b0\u1edbc v\u00e0o m\u00e1y\u00a0\u00e1p l\u1ef1c r\u1eeda xe.<br \/>\n&#8211; D\u00f9ng l\u1ecdc r\u00e1c m\u00e1y b\u01a1m\u00a0\u00e1p l\u1ef1c cao.<br \/>\n&#8211; N\u1ed1i nhanh\u00a0\u1ed1ng n\u01b0\u1edbc.<br \/>\n&#8211; D\u00f9ng cho c\u00e1c lo\u1ea1i m\u00e1y r\u1eeda xe gia\u00a0\u0111\u00ecnh.<br \/>\n&#8211; d\u00f9ng cho c\u00e1c lo\u1ea1i m\u00e1y v\u1ec7 sinh nh\u00e0 c\u1eeda\u00a0\u00e1p l\u1ef1c cao.<\/p>\n<p><a href=\"https:\/\/maybommini.com\/wp-content\/uploads\/2018\/04\/cachh-lap-noi-ong-nuoc-vao-may-ap-luc-cao.jpg\" target=\"_blank\" rel=\"noopener\"><img decoding=\"async\" class=\"size-full wp-image-258156 aligncenter\" src=\"https:\/\/maybommini.com\/wp-content\/uploads\/2018\/04\/cachh-lap-noi-ong-nuoc-vao-may-ap-luc-cao.jpg\" alt=\"Cachh Lap Noi Ong Nuoc Vao May Ap Luc Cao\" width=\"820\" height=\"820\" srcset=\"https:\/\/maybommini.vn\/wp-content\/uploads\/2018\/04\/cachh-lap-noi-ong-nuoc-vao-may-ap-luc-cao.jpg 820w, https:\/\/maybommini.vn\/wp-content\/uploads\/2018\/04\/cachh-lap-noi-ong-nuoc-vao-may-ap-luc-cao-300x300.jpg 300w, https:\/\/maybommini.vn\/wp-content\/uploads\/2018\/04\/cachh-lap-noi-ong-nuoc-vao-may-ap-luc-cao-150x150.jpg 150w, https:\/\/maybommini.vn\/wp-content\/uploads\/2018\/04\/cachh-lap-noi-ong-nuoc-vao-may-ap-luc-cao-600x600.jpg 600w\" sizes=\"(max-width: 820px) 100vw, 820px\" \/><\/a><\/p>\n<p><strong>MUA PH\u1ee4 KI\u1ec6N M\u00c1Y X\u1ecaT\u00a0\u00c1P L\u1ef0C CAO\u00a0\u1ede\u00a0\u0110\u00c2U ?<\/strong><br \/>\nCh\u00fang t\u00f4i nh\u00e0 cung c\u1ea5p chuy\u00ean nghi\u1ec7p c\u00e1c lo\u1ea1i ph\u1ee5 ki\u1ec7n nh\u01b0 l\u1ecdc n\u01b0\u1edbc,\u00a0\u1ed1ng\u00a0\u00e1p l\u1ef1c cao, <a href=\"https:\/\/maybommini.com\/danh-muc\/phu-kien-bom-nuoc-mini\/sung-phun-nuoc-ap-luc-cao\" target=\"_blank\" rel=\"noopener\">s\u00fang x\u1ecbt r\u1eeda xe<\/a>, b\u00e9c x\u1ecbt v\u1ec7 sinh m\u00e1y l\u1ea1nh,\u00a0\u0111\u1ea7u b\u01a1m\u00a0\u00e1p l\u1ef1c cao v\u00e0 c\u00e1c lo\u1ea1i m\u00e1y x\u1ecbt\u00a0\u00e1p l\u1ef1c cao r\u1eeda xe, v\u1ec7 sinh nh\u00e0 c\u1eeda, v\u1ec7 sinh m\u00e1y l\u1ea1nh&#8230;<br \/>\n<strong>Website:<\/strong>\u00a0<a href=\"https:\/\/maybommini.com\" target=\"_blank\" rel=\"noopener\">https:\/\/maybommini.com<\/a><br \/>\n<strong>Email:<\/strong> maybommini.com@gmail.com<br \/>\n<strong>Tel:<\/strong> 090 7294310<\/p>\n<h3 style=\"text-align: center;\">N\u1ed1i \u1ed1ng l\u1ecdc n\u01b0\u1edbc v\u00e0o m\u00e1y \u00e1p l\u1ef1c cao<\/h3>\n","protected":false},"excerpt":{"rendered":"<p>Lo\u1ea1i : L\u1ecdc &#8211; n\u1ed1i\u00a0\u1ed1ng<br \/>\nRen trong: 26mm<br \/>\nN\u1ed1i nhanh du\u00f4i\u00a0\u0111\u1ef1c.<br \/>\nCh\u1ea5t li\u1ec7u: Nh\u1ef1a trong cao c\u1ea5p.<br \/>\nL\u1ecfi l\u1ecdc l\u01b0\u1edbi.<br \/>\nB\u1ed9 2 c\u00e1i<br \/>\nTr\u1ecdng l\u01b0\u1ee3ng: 50g<br \/>\n<strong>Tel: 0907294310<\/strong><\/p>\n","protected":false},"featured_media":258161,"comment_status":"open","ping_status":"closed","template":"","meta":[],"product_brand":[],"product_cat":[214],"product_tag":[289,555,663,2099,2097,2098],"class_list":{"0":"post-258155","1":"product","2":"type-product","3":"status-publish","4":"has-post-thumbnail","6":"product_cat-phu-kien-bom-nuoc","7":"product_tag-loc-nuoc","8":"product_tag-may-ap-luc-cao","9":"product_tag-noi-ong","10":"product_tag-noi-ong-loc-nuoc","11":"product_tag-noi-ong-nuoc-vao","12":"product_tag-phu-kien-may-ap-luc-cao","14":"first","15":"instock","16":"sale","17":"shipping-taxable","18":"purchasable","19":"product-type-simple"},"_links":{"self":[{"href":"https:\/\/maybommini.vn\/index.php?rest_route=\/wp\/v2\/product\/258155","targetHints":{"allow":["GET"]}}],"collection":[{"href":"https:\/\/maybommini.vn\/index.php?rest_route=\/wp\/v2\/product"}],"about":[{"href":"https:\/\/maybommini.vn\/index.php?rest_route=\/wp\/v2\/types\/product"}],"replies":[{"embeddable":true,"href":"https:\/\/maybommini.vn\/index.php?rest_route=%2Fwp%2Fv2%2Fcomments&post=258155"}],"wp:featuredmedia":[{"embeddable":true,"href":"https:\/\/maybommini.vn\/index.php?rest_route=\/wp\/v2\/media\/258161"}],"wp:attachment":[{"href":"https:\/\/maybommini.vn\/index.php?rest_route=%2Fwp%2Fv2%2Fmedia&parent=258155"}],"wp:term":[{"taxonomy":"product_brand","embeddable":true,"href":"https:\/\/maybommini.vn\/index.php?rest_route=%2Fwp%2Fv2%2Fproduct_brand&post=258155"},{"taxonomy":"product_cat","embeddable":true,"href":"https:\/\/maybommini.vn\/index.php?rest_route=%2Fwp%2Fv2%2Fproduct_cat&post=258155"},{"taxonomy":"product_tag","embeddable":true,"href":"https:\/\/maybommini.vn\/index.php?rest_route=%2Fwp%2Fv2%2Fproduct_tag&post=258155"}],"curies":[{"name":"wp","href":"https:\/\/api.w.org\/{rel}","templated":true}]}}