{"id":258274,"date":"2018-04-25T21:21:59","date_gmt":"2018-04-25T14:21:59","guid":{"rendered":"https:\/\/maybommini.com\/?post_type=product&#038;p=258274"},"modified":"2018-04-26T11:02:40","modified_gmt":"2018-04-26T04:02:40","slug":"may-thoi-va-hut-bui-cam-tay-220v-1200w","status":"publish","type":"product","link":"https:\/\/maybommini.vn\/?product=may-thoi-va-hut-bui-cam-tay-220v-1200w","title":{"rendered":"M\u00e1y th\u1ed5i v\u00e0 h\u00fat b\u1ee5i c\u1ea7m tay 220V 1200W"},"content":{"rendered":"<p><em><strong>M\u00e1y th\u1ed5i v\u00e0 h\u00fat b\u1ee5i c\u1ea7m tay 220V 1200W l\u00e0 lo\u1ea1i m\u00e1y d\u00f9ng th\u1ed5i b\u1ee5i v\u1ec7 sinh thi\u1ebft b\u1ecb m\u00e1y vi t\u00ednh, th\u1ed5i b\u1ee5i xe oto v\u00e0 nh\u00e0 c\u1eeda trong gia\u00a0\u0111\u00ecnh. M\u00e1y c\u00f3 thi\u1ebft k\u1ebf g\u1ecdn nh\u1eb9 d\u00f9ng\u00a0\u0111i\u1ec7n 220V an to\u00e0n v\u00e0 c\u00f3 l\u1ef1c th\u1ed5i v\u00e0 h\u00fat kh\u00e1 m\u1ea1nh.<\/strong><\/em><\/p>\n<p><a href=\"https:\/\/maybommini.com\/wp-content\/uploads\/2018\/04\/may-thoi-va-hut-bui-220v.jpg\" target=\"_blank\" rel=\"noopener\"><img decoding=\"async\" class=\"size-full wp-image-258283 aligncenter\" src=\"https:\/\/maybommini.com\/wp-content\/uploads\/2018\/04\/may-thoi-va-hut-bui-220v.jpg\" alt=\"May Thoi Va Hut Bui 220v\" width=\"820\" height=\"820\" srcset=\"https:\/\/maybommini.vn\/wp-content\/uploads\/2018\/04\/may-thoi-va-hut-bui-220v.jpg 820w, https:\/\/maybommini.vn\/wp-content\/uploads\/2018\/04\/may-thoi-va-hut-bui-220v-300x300.jpg 300w, https:\/\/maybommini.vn\/wp-content\/uploads\/2018\/04\/may-thoi-va-hut-bui-220v-150x150.jpg 150w, https:\/\/maybommini.vn\/wp-content\/uploads\/2018\/04\/may-thoi-va-hut-bui-220v-600x600.jpg 600w\" sizes=\"(max-width: 820px) 100vw, 820px\" \/><\/a><\/p>\n<p><strong>TH\u00d4NG S\u1ed0 K\u1ef8 THU\u1eacT<\/strong><br \/>\nTh\u01b0\u01a1ng hi\u1ec7u: TOP COBRA<br \/>\nModel: EB-006<br \/>\n\u0110i\u1ec7n th\u1ebf: AC 220V<br \/>\nC\u00f4ng su\u1ea5t: 1200W<br \/>\nL\u1ef1c th\u1ed5i xa: 3 m\u00e9t<br \/>\nCh\u1ebf\u00a0\u0111\u1ed9 h\u00fat v\u00e0 th\u1ed5i.<br \/>\nCh\u1ea5t li\u1ec7u: Nh\u1ef1a ABS &#8211;\u00a0\u0110\u1ed3ng<br \/>\nMotor cao c\u1ea5p<br \/>\nPh\u1ee5 ki\u1ec7n:\u00a0\u1ed0ng,T\u00fai ch\u1ee9a b\u1ee5i v\u00e0\u00a0\u0111\u1ea7u h\u00fat.<br \/>\nTr\u1ecdng l\u01b0\u1ee3ng: 2 kG<br \/>\nS\u1ea3n ph\u1ea9m cao c\u1ea5p.<\/p>\n<p><a href=\"https:\/\/maybommini.com\/wp-content\/uploads\/2018\/04\/kich-thuoc-moi-thoi-va-hut-bui.jpg\" target=\"_blank\" rel=\"noopener\"><img decoding=\"async\" class=\"size-full wp-image-258280 aligncenter\" src=\"https:\/\/maybommini.com\/wp-content\/uploads\/2018\/04\/kich-thuoc-moi-thoi-va-hut-bui.jpg\" alt=\"Kich Thuoc Moi Thoi Va Hut Bui\" width=\"820\" height=\"820\" srcset=\"https:\/\/maybommini.vn\/wp-content\/uploads\/2018\/04\/kich-thuoc-moi-thoi-va-hut-bui.jpg 820w, https:\/\/maybommini.vn\/wp-content\/uploads\/2018\/04\/kich-thuoc-moi-thoi-va-hut-bui-300x300.jpg 300w, https:\/\/maybommini.vn\/wp-content\/uploads\/2018\/04\/kich-thuoc-moi-thoi-va-hut-bui-150x150.jpg 150w, https:\/\/maybommini.vn\/wp-content\/uploads\/2018\/04\/kich-thuoc-moi-thoi-va-hut-bui-600x600.jpg 600w\" sizes=\"(max-width: 820px) 100vw, 820px\" \/><\/a><a href=\"https:\/\/maybommini.com\/wp-content\/uploads\/2018\/04\/chuyen-ban-ca-loai-may-thoi-bui-va-hut-bui-gia-re.jpg\" target=\"_blank\" rel=\"noopener\"><img decoding=\"async\" class=\"size-full wp-image-258277 aligncenter\" src=\"https:\/\/maybommini.com\/wp-content\/uploads\/2018\/04\/chuyen-ban-ca-loai-may-thoi-bui-va-hut-bui-gia-re.jpg\" alt=\"Chuyen Ban Ca Loai May Thoi Bui Va Hut Bui Gia Re\" width=\"820\" height=\"820\" srcset=\"https:\/\/maybommini.vn\/wp-content\/uploads\/2018\/04\/chuyen-ban-ca-loai-may-thoi-bui-va-hut-bui-gia-re.jpg 820w, https:\/\/maybommini.vn\/wp-content\/uploads\/2018\/04\/chuyen-ban-ca-loai-may-thoi-bui-va-hut-bui-gia-re-300x300.jpg 300w, https:\/\/maybommini.vn\/wp-content\/uploads\/2018\/04\/chuyen-ban-ca-loai-may-thoi-bui-va-hut-bui-gia-re-150x150.jpg 150w, https:\/\/maybommini.vn\/wp-content\/uploads\/2018\/04\/chuyen-ban-ca-loai-may-thoi-bui-va-hut-bui-gia-re-600x600.jpg 600w\" sizes=\"(max-width: 820px) 100vw, 820px\" \/><\/a><a href=\"https:\/\/maybommini.com\/wp-content\/uploads\/2018\/04\/may-thoi-va-hut-bui.jpg\" target=\"_blank\" rel=\"noopener\"><img decoding=\"async\" class=\"size-full wp-image-258282 aligncenter\" src=\"https:\/\/maybommini.com\/wp-content\/uploads\/2018\/04\/may-thoi-va-hut-bui.jpg\" alt=\"May Thoi Va Hut Bui\" width=\"820\" height=\"820\" srcset=\"https:\/\/maybommini.vn\/wp-content\/uploads\/2018\/04\/may-thoi-va-hut-bui.jpg 820w, https:\/\/maybommini.vn\/wp-content\/uploads\/2018\/04\/may-thoi-va-hut-bui-300x300.jpg 300w, https:\/\/maybommini.vn\/wp-content\/uploads\/2018\/04\/may-thoi-va-hut-bui-150x150.jpg 150w, https:\/\/maybommini.vn\/wp-content\/uploads\/2018\/04\/may-thoi-va-hut-bui-600x600.jpg 600w\" sizes=\"(max-width: 820px) 100vw, 820px\" \/><\/a> <a href=\"https:\/\/maybommini.com\/wp-content\/uploads\/2018\/04\/su-dung-may-thoi-bui-gia-dinh.jpg\" target=\"_blank\" rel=\"noopener\"><img decoding=\"async\" class=\"size-full wp-image-258284 aligncenter\" src=\"https:\/\/maybommini.com\/wp-content\/uploads\/2018\/04\/su-dung-may-thoi-bui-gia-dinh.jpg\" alt=\"Su Dung May Thoi Bui Gia Dinh\" width=\"820\" height=\"820\" srcset=\"https:\/\/maybommini.vn\/wp-content\/uploads\/2018\/04\/su-dung-may-thoi-bui-gia-dinh.jpg 820w, https:\/\/maybommini.vn\/wp-content\/uploads\/2018\/04\/su-dung-may-thoi-bui-gia-dinh-300x300.jpg 300w, https:\/\/maybommini.vn\/wp-content\/uploads\/2018\/04\/su-dung-may-thoi-bui-gia-dinh-150x150.jpg 150w, https:\/\/maybommini.vn\/wp-content\/uploads\/2018\/04\/su-dung-may-thoi-bui-gia-dinh-600x600.jpg 600w\" sizes=\"(max-width: 820px) 100vw, 820px\" \/><\/a> <a href=\"https:\/\/maybommini.com\/wp-content\/uploads\/2018\/04\/ban-mya-thoi-bui-va-hut-bui-gia-re.jpg\" target=\"_blank\" rel=\"noopener\"><img decoding=\"async\" class=\"size-full wp-image-258276 aligncenter\" src=\"https:\/\/maybommini.com\/wp-content\/uploads\/2018\/04\/ban-mya-thoi-bui-va-hut-bui-gia-re.jpg\" alt=\"Ban Mya Thoi Bui Va Hut Bui Gia Re\" width=\"820\" height=\"820\" srcset=\"https:\/\/maybommini.vn\/wp-content\/uploads\/2018\/04\/ban-mya-thoi-bui-va-hut-bui-gia-re.jpg 820w, https:\/\/maybommini.vn\/wp-content\/uploads\/2018\/04\/ban-mya-thoi-bui-va-hut-bui-gia-re-300x300.jpg 300w, https:\/\/maybommini.vn\/wp-content\/uploads\/2018\/04\/ban-mya-thoi-bui-va-hut-bui-gia-re-150x150.jpg 150w, https:\/\/maybommini.vn\/wp-content\/uploads\/2018\/04\/ban-mya-thoi-bui-va-hut-bui-gia-re-600x600.jpg 600w\" sizes=\"(max-width: 820px) 100vw, 820px\" \/><\/a> <a href=\"https:\/\/maybommini.com\/wp-content\/uploads\/2018\/04\/ban-may-thoi-bui-gia-re.jpg\" target=\"_blank\" rel=\"noopener\"><img decoding=\"async\" class=\"size-full wp-image-258275 aligncenter\" src=\"https:\/\/maybommini.com\/wp-content\/uploads\/2018\/04\/ban-may-thoi-bui-gia-re.jpg\" alt=\"Ban May Thoi Bui Gia Re\" width=\"820\" height=\"820\" srcset=\"https:\/\/maybommini.vn\/wp-content\/uploads\/2018\/04\/ban-may-thoi-bui-gia-re.jpg 820w, https:\/\/maybommini.vn\/wp-content\/uploads\/2018\/04\/ban-may-thoi-bui-gia-re-300x300.jpg 300w, https:\/\/maybommini.vn\/wp-content\/uploads\/2018\/04\/ban-may-thoi-bui-gia-re-150x150.jpg 150w, https:\/\/maybommini.vn\/wp-content\/uploads\/2018\/04\/ban-may-thoi-bui-gia-re-600x600.jpg 600w\" sizes=\"(max-width: 820px) 100vw, 820px\" \/><\/a><\/p>\n<p><strong>\u1ee8NG D\u1ee4NG M\u00c1Y TH\u1ed4I B\u1ee4I C\u1ea6M TAY<\/strong><br \/>\n&#8211; D\u00f9ng th\u1ed5i b\u1ee5i v\u1ec7 sinh m\u00e1y vi t\u00ednh.<br \/>\n&#8211; D\u00f9ng th\u1ed5i b\u1ee5i v\u1ec7 sinh Oto<br \/>\n&#8211; D\u00f9ng th\u1ed5i l\u00e0m kh\u00f4 thi\u1ebft b\u1ecb gia\u00a0\u0111\u00ecnh.<br \/>\n&#8211; D\u00f9ng th\u1ed5i b\u1ee5i v\u1ec7 sinh nh\u00e0 c\u1eeda th\u00fa nu\u00f4i.<br \/>\n&#8211; V\u00e0\u00a0\u0111\u01b0\u1ee3c\u00a0\u1ee9ng d\u1ee5ng trong m\u1ed9t s\u1ed1 l\u0129nh v\u1ef1c kh\u00e1c d\u00f9ng ngu\u1ed3n 12V.<br \/>\n<a href=\"https:\/\/maybommini.com\/wp-content\/uploads\/2018\/04\/hut-bui-va-thoi-bui-ve-sinh-oto.jpg\" target=\"_blank\" rel=\"noopener\"><img decoding=\"async\" class=\"size-full wp-image-258279 aligncenter\" src=\"https:\/\/maybommini.com\/wp-content\/uploads\/2018\/04\/hut-bui-va-thoi-bui-ve-sinh-oto.jpg\" alt=\"Hut Bui Va Thoi Bui Ve Sinh Oto\" width=\"820\" height=\"820\" srcset=\"https:\/\/maybommini.vn\/wp-content\/uploads\/2018\/04\/hut-bui-va-thoi-bui-ve-sinh-oto.jpg 820w, https:\/\/maybommini.vn\/wp-content\/uploads\/2018\/04\/hut-bui-va-thoi-bui-ve-sinh-oto-300x300.jpg 300w, https:\/\/maybommini.vn\/wp-content\/uploads\/2018\/04\/hut-bui-va-thoi-bui-ve-sinh-oto-150x150.jpg 150w, https:\/\/maybommini.vn\/wp-content\/uploads\/2018\/04\/hut-bui-va-thoi-bui-ve-sinh-oto-600x600.jpg 600w, https:\/\/maybommini.vn\/wp-content\/uploads\/2018\/04\/hut-bui-va-thoi-bui-ve-sinh-oto-768x768.jpg 768w\" sizes=\"(max-width: 820px) 100vw, 820px\" \/><\/a> <a href=\"https:\/\/maybommini.com\/wp-content\/uploads\/2018\/04\/hut-bui-ghe-salon-gia-dinh.jpg\" target=\"_blank\" rel=\"noopener\"><img decoding=\"async\" class=\"size-full wp-image-258278 aligncenter\" src=\"https:\/\/maybommini.com\/wp-content\/uploads\/2018\/04\/hut-bui-ghe-salon-gia-dinh.jpg\" alt=\"Hut Bui Ghe Salon Gia Dinh\" width=\"820\" height=\"820\" srcset=\"https:\/\/maybommini.vn\/wp-content\/uploads\/2018\/04\/hut-bui-ghe-salon-gia-dinh.jpg 820w, https:\/\/maybommini.vn\/wp-content\/uploads\/2018\/04\/hut-bui-ghe-salon-gia-dinh-300x300.jpg 300w, https:\/\/maybommini.vn\/wp-content\/uploads\/2018\/04\/hut-bui-ghe-salon-gia-dinh-150x150.jpg 150w, https:\/\/maybommini.vn\/wp-content\/uploads\/2018\/04\/hut-bui-ghe-salon-gia-dinh-600x600.jpg 600w\" sizes=\"(max-width: 820px) 100vw, 820px\" \/><\/a><a href=\"https:\/\/maybommini.com\/wp-content\/uploads\/2018\/04\/thui-bui-may-tinh.jpg\" target=\"_blank\" rel=\"noopener\"><img decoding=\"async\" class=\"size-full wp-image-258285 aligncenter\" src=\"https:\/\/maybommini.com\/wp-content\/uploads\/2018\/04\/thui-bui-may-tinh.jpg\" alt=\"Thui Bui May Tinh\" width=\"820\" height=\"820\" srcset=\"https:\/\/maybommini.vn\/wp-content\/uploads\/2018\/04\/thui-bui-may-tinh.jpg 820w, https:\/\/maybommini.vn\/wp-content\/uploads\/2018\/04\/thui-bui-may-tinh-300x300.jpg 300w, https:\/\/maybommini.vn\/wp-content\/uploads\/2018\/04\/thui-bui-may-tinh-150x150.jpg 150w, https:\/\/maybommini.vn\/wp-content\/uploads\/2018\/04\/thui-bui-may-tinh-600x600.jpg 600w\" sizes=\"(max-width: 820px) 100vw, 820px\" \/><\/a><img decoding=\"async\" class=\"size-full wp-image-254186 aligncenter\" src=\"https:\/\/maybommini.com.vn\/wp-content\/uploads\/2018\/01\/may-thoi-gio.jpg\" alt=\"May Thoi Gio\" width=\"750\" height=\"750\" srcset=\"https:\/\/maybommini.vn\/wp-content\/uploads\/2018\/01\/may-thoi-gio.jpg 750w, https:\/\/maybommini.vn\/wp-content\/uploads\/2018\/01\/may-thoi-gio-300x300.jpg 300w, https:\/\/maybommini.vn\/wp-content\/uploads\/2018\/01\/may-thoi-gio-600x600.jpg 600w, https:\/\/maybommini.vn\/wp-content\/uploads\/2018\/01\/may-thoi-gio-150x150.jpg 150w, https:\/\/maybommini.vn\/wp-content\/uploads\/2018\/01\/may-thoi-gio-270x270.jpg 270w, https:\/\/maybommini.vn\/wp-content\/uploads\/2018\/01\/may-thoi-gio-375x375.jpg 375w, https:\/\/maybommini.vn\/wp-content\/uploads\/2018\/01\/may-thoi-gio-140x140.jpg 140w, https:\/\/maybommini.vn\/wp-content\/uploads\/2018\/01\/may-thoi-gio-131x131.jpg 131w, https:\/\/maybommini.vn\/wp-content\/uploads\/2018\/01\/may-thoi-gio-142x142.jpg 142w, https:\/\/maybommini.vn\/wp-content\/uploads\/2018\/01\/may-thoi-gio-164x164.jpg 164w, https:\/\/maybommini.vn\/wp-content\/uploads\/2018\/01\/may-thoi-gio-175x175.jpg 175w, https:\/\/maybommini.vn\/wp-content\/uploads\/2018\/01\/may-thoi-gio-193x193.jpg 193w, https:\/\/maybommini.vn\/wp-content\/uploads\/2018\/01\/may-thoi-gio-200x200.jpg 200w, https:\/\/maybommini.vn\/wp-content\/uploads\/2018\/01\/may-thoi-gio-204x204.jpg 204w, https:\/\/maybommini.vn\/wp-content\/uploads\/2018\/01\/may-thoi-gio-213x213.jpg 213w, https:\/\/maybommini.vn\/wp-content\/uploads\/2018\/01\/may-thoi-gio-248x248.jpg 248w, https:\/\/maybommini.vn\/wp-content\/uploads\/2018\/01\/may-thoi-gio-260x260.jpg 260w\" sizes=\"(max-width: 750px) 100vw, 750px\" \/><br \/>\n<strong>MUA M\u00c1Y TH\u1ed4I B\u1ee4I C\u1ea6M TAY\u00a0\u1ede\u00a0\u0110\u00c2U ?<br \/>\n<\/strong>Ch\u00fang t\u00f4i chuy\u00ean cung c\u1ea5p c\u00e1c thi\u1ebft b\u1ecb d\u1ee5ng c\u1ee5 c\u1ea7m tay v\u00e0 m\u00e1y m\u00f3c c\u1ea7m tay DC 12V 24V 220V tr\u00ean to\u00e0n qu\u1ed1c. V\u1edbi gi\u00e1 t\u1ed1t h\u00e0ng ch\u00ednh h\u00e3ng t\u1ea1i Vi\u1ec7t Nam MBM &#8211; <a href=\"https:\/\/maybommini.com\" target=\"_blank\" rel=\"noopener noreferrer\">MAYBOMMINI.COM<\/a> l\u00e0 l\u1ef1a ch\u1ecdn h\u00e0ng\u00a0\u0111\u1ea7u c\u1ee7a kh\u00e1ch h\u00e0ng.<\/p>\n<p><strong>CTY TNHH TH\u01af\u01a0NG M\u1ea0I D\u1ecaCH V\u1ee4 \u0110I\u1ec6N M\u00c1Y TH\u00d4NG MINH<\/strong><br \/>\n<strong>Hotline<\/strong> : 090 729 4310<br \/>\n<strong>Email<\/strong> : maybommini.com@gmail.com<br \/>\n<strong>Website<\/strong> : <a href=\"https:\/\/maybommini.com\" target=\"_blank\" rel=\"noopener\">https:\/\/maybommini.com<\/a><br \/>\n<strong>Facebook<\/strong> : <a href=\"https:\/\/www.facebook.com\/maybommini\" target=\"_blank\" rel=\"noopener\">https:\/\/www.facebook.com\/maybommini<\/a><br \/>\n<strong>Google<\/strong> : <a href=\"https:\/\/plus.google.com\/ Maybomnuocminiruaxe\" target=\"_blank\" rel=\"noopener\">https:\/\/plus.google.com\/ Maybomnuocminiruaxe<\/a><br \/>\n<strong>Youtube demo<\/strong> : <a href=\"https:\/\/www.youtube.com\/bahamasali\" target=\"_blank\" rel=\"noopener\">https:\/\/www.youtube.com\/bahamasali<\/a><\/p>\n<h3 style=\"text-align: center;\">M\u00e1y th\u1ed5i v\u00e0 h\u00fat b\u1ee5i c\u1ea7m tay 220V 1200W<\/h3>\n","protected":false},"excerpt":{"rendered":"<p>Th\u01b0\u01a1ng hi\u1ec7u: TOP COBRA<br \/>\nModel: EB-006<br \/>\n\u0110i\u1ec7n th\u1ebf: AC 220V<br \/>\nC\u00f4ng su\u1ea5t: 1200W<br \/>\nL\u1ef1c th\u1ed5i xa: 3 m\u00e9t<br \/>\nCh\u1ebf\u00a0\u0111\u1ed9 h\u00fat v\u00e0 th\u1ed5i.<br \/>\nCh\u1ea5t li\u1ec7u: Nh\u1ef1a ABS &#8211;\u00a0\u0110\u1ed3ng<br \/>\nMotor cao c\u1ea5p<br \/>\nPh\u1ee5 ki\u1ec7n:\u00a0\u1ed0ng,T\u00fai ch\u1ee9a b\u1ee5i v\u00e0\u00a0\u0111\u1ea7u h\u00fat.<br \/>\nTr\u1ecdng l\u01b0\u1ee3ng: 2 kG<br \/>\nS\u1ea3n ph\u1ea9m cao c\u1ea5p.<br \/>\nS\u1ea3n ph\u1ea9m nh\u1eadp kh\u1ea9u<br \/>\nB\u1ea3o h\u00e0nh: 6 th\u00e1ng<\/p>\n","protected":false},"featured_media":258283,"comment_status":"open","ping_status":"closed","template":"","meta":[],"product_brand":[],"product_cat":[1167],"product_tag":[1276,1277,267,1030,2123,1168,1174,1169,2122,1170,1171,1172,1278,1173,2124],"class_list":{"0":"post-258274","1":"product","2":"type-product","3":"status-publish","4":"has-post-thumbnail","6":"product_cat-may-thoi-hut-bui","7":"product_tag-1000w","8":"product_tag-1277","9":"product_tag-12v","10":"product_tag-12v-1000w","11":"product_tag-220v-1200w","12":"product_tag-600w","13":"product_tag-880w","14":"product_tag-cam-tay","15":"product_tag-may-hut-bui","16":"product_tag-may-thoi","17":"product_tag-may-thoi-bui","18":"product_tag-may-thoi-cam-tay","19":"product_tag-may-xit-bui","20":"product_tag-may-xit-khi","21":"product_tag-topcobra","23":"first","24":"instock","25":"sale","26":"shipping-taxable","27":"purchasable","28":"product-type-simple"},"_links":{"self":[{"href":"https:\/\/maybommini.vn\/index.php?rest_route=\/wp\/v2\/product\/258274","targetHints":{"allow":["GET"]}}],"collection":[{"href":"https:\/\/maybommini.vn\/index.php?rest_route=\/wp\/v2\/product"}],"about":[{"href":"https:\/\/maybommini.vn\/index.php?rest_route=\/wp\/v2\/types\/product"}],"replies":[{"embeddable":true,"href":"https:\/\/maybommini.vn\/index.php?rest_route=%2Fwp%2Fv2%2Fcomments&post=258274"}],"wp:featuredmedia":[{"embeddable":true,"href":"https:\/\/maybommini.vn\/index.php?rest_route=\/wp\/v2\/media\/258283"}],"wp:attachment":[{"href":"https:\/\/maybommini.vn\/index.php?rest_route=%2Fwp%2Fv2%2Fmedia&parent=258274"}],"wp:term":[{"taxonomy":"product_brand","embeddable":true,"href":"https:\/\/maybommini.vn\/index.php?rest_route=%2Fwp%2Fv2%2Fproduct_brand&post=258274"},{"taxonomy":"product_cat","embeddable":true,"href":"https:\/\/maybommini.vn\/index.php?rest_route=%2Fwp%2Fv2%2Fproduct_cat&post=258274"},{"taxonomy":"product_tag","embeddable":true,"href":"https:\/\/maybommini.vn\/index.php?rest_route=%2Fwp%2Fv2%2Fproduct_tag&post=258274"}],"curies":[{"name":"wp","href":"https:\/\/api.w.org\/{rel}","templated":true}]}}