{"id":258300,"date":"2018-04-26T17:41:47","date_gmt":"2018-04-26T10:41:47","guid":{"rendered":"https:\/\/maybommini.com\/?post_type=product&#038;p=258300"},"modified":"2022-11-24T22:38:11","modified_gmt":"2022-11-24T15:38:11","slug":"may-bom-nhu-dong-12v-kfs","status":"publish","type":"product","link":"https:\/\/maybommini.vn\/?product=may-bom-nhu-dong-12v-kfs","title":{"rendered":"M\u00e1y b\u01a1m nhu \u0111\u1ed9ng 12V Kamoer KFS-HB2S10P"},"content":{"rendered":"<p><strong>Ph\u00e2n ph\u1ed1i m\u00e1y b\u01a1m nhu \u0111\u1ed9ng 12V Kamoer KFS-HB2S10P \u0111\u00e2y l\u00e0 lo\u1ea1i m\u00e1y b\u01a1m nhu \u0111\u1ed9ng 12VDC l\u01b0u l\u01b0\u1ee3ng \u00e1p l\u1ef1c nh\u1ecf th\u00edch h\u1ee3p s\u1eeda d\u1ee5ng b\u01a1m ch\u1ea5t l\u1ecfng ph\u00f2ng th\u00ed nghi\u1ec7m, ho\u00e1 ch\u1ea5t, b\u01a1m \u0111\u1ecbnh l\u01b0\u1ee3ng, m\u00e1y b\u01a1m pha ch\u1ebf, m\u00e1y b\u01a1m ph\u00f2ng Lab, b\u01a1m n\u01b0\u1edbc m\u00e1y h\u00fat qu\u00e9t lau nh\u00e0, m\u00e1y b\u01a1m robot lau nh\u00e0, b\u01a1m n\u01b0\u1edbc m\u00e1y pha ch\u1ebf v\u00e0 nhi\u1ec1u \u1ee9ng d\u1ee5ng kh\u00e1c.<\/strong><\/p>\n<p><strong><a href=\"https:\/\/maybommini.com\/wp-content\/uploads\/2018\/04\/May-bom-nhu-dong-12V-KFS-HB2S10P-Kamier.jpg\" target=\"_blank\" rel=\"noopener\"><img decoding=\"async\" class=\"size-full wp-image-271515 aligncenter\" src=\"https:\/\/maybommini.com\/wp-content\/uploads\/2018\/04\/May-bom-nhu-dong-12V-KFS-HB2S10P-Kamier.jpg\" alt=\"May Bom Nhu Dong 12V KFS HB2S10P Kamier\" width=\"750\" height=\"750\" srcset=\"https:\/\/maybommini.vn\/wp-content\/uploads\/2018\/04\/May-bom-nhu-dong-12V-KFS-HB2S10P-Kamier.jpg 750w, https:\/\/maybommini.vn\/wp-content\/uploads\/2018\/04\/May-bom-nhu-dong-12V-KFS-HB2S10P-Kamier-300x300.jpg 300w, https:\/\/maybommini.vn\/wp-content\/uploads\/2018\/04\/May-bom-nhu-dong-12V-KFS-HB2S10P-Kamier-150x150.jpg 150w, https:\/\/maybommini.vn\/wp-content\/uploads\/2018\/04\/May-bom-nhu-dong-12V-KFS-HB2S10P-Kamier-600x600.jpg 600w\" sizes=\"(max-width: 750px) 100vw, 750px\" \/><\/a>TH\u00d4NG S\u1ed0 K\u1ef8 THU\u1eacT<br \/>\n<\/strong>Th\u01b0\u01a1ng hi\u1ec7u: Kamoer<strong><br \/>\n<\/strong>Model: KFS-HB2S10P<br \/>\n\u0110i\u1ec7n th\u1ebf: 12VDC<br \/>\nC\u00f4ng su\u1ea5t: 5W<br \/>\nL\u01b0u l\u01b0\u1ee3ng: 7 ml\/min<br \/>\n\u1ed0ng nhu \u0111\u1ed9ng: Silicone<br \/>\nNhi\u1ec7t ch\u1ea5t l\u1ecfng: 0 &#8211; 40\u00a0\u0111\u1ed9 C<br \/>\nTi\u1ebfng\u00a0\u1ed3n: &lt;40 dB<br \/>\nCh\u1ea5t li\u1ec7u: Kim lo\u1ea1i &#8211; Nh\u1ef1a cao c\u1ea5p<br \/>\nM\u00e1y b\u01a1m t\u1ef1 h\u00fat.<br \/>\nTi\u00eau chu\u1ea9n : CE RoHS<br \/>\nK\u00edch th\u01b0\u1edbc: 80 x 48 mm<br \/>\nTr\u1ecdng l\u01b0\u1ee3ng: 90 gam<strong><a href=\"https:\/\/maybommini.com\/wp-content\/uploads\/2018\/04\/May-bom-nhu-dong-12V-KFS-HB2S10P-Kamier.jpg\" target=\"_blank\" rel=\"noopener\"><img decoding=\"async\" class=\"size-full wp-image-271515 aligncenter\" src=\"https:\/\/maybommini.com\/wp-content\/uploads\/2018\/04\/May-bom-nhu-dong-12V-KFS-HB2S10P-Kamier.jpg\" alt=\"May Bom Nhu Dong 12V KFS HB2S10P Kamier\" width=\"750\" height=\"750\" srcset=\"https:\/\/maybommini.vn\/wp-content\/uploads\/2018\/04\/May-bom-nhu-dong-12V-KFS-HB2S10P-Kamier.jpg 750w, https:\/\/maybommini.vn\/wp-content\/uploads\/2018\/04\/May-bom-nhu-dong-12V-KFS-HB2S10P-Kamier-300x300.jpg 300w, https:\/\/maybommini.vn\/wp-content\/uploads\/2018\/04\/May-bom-nhu-dong-12V-KFS-HB2S10P-Kamier-150x150.jpg 150w, https:\/\/maybommini.vn\/wp-content\/uploads\/2018\/04\/May-bom-nhu-dong-12V-KFS-HB2S10P-Kamier-600x600.jpg 600w\" sizes=\"(max-width: 750px) 100vw, 750px\" \/><\/a><a href=\"https:\/\/maybommini.com\/wp-content\/uploads\/2018\/04\/ban-may-bom-nhu-dong-12V-KFS-HB2B10P-Kamier.jpg\" target=\"_blank\" rel=\"noopener\"><img decoding=\"async\" class=\"size-full wp-image-271516 aligncenter\" src=\"https:\/\/maybommini.com\/wp-content\/uploads\/2018\/04\/ban-may-bom-nhu-dong-12V-KFS-HB2B10P-Kamier.jpg\" alt=\"Ban May Bom Nhu Dong 12V KFS HB2B10P Kamier\" width=\"750\" height=\"750\" srcset=\"https:\/\/maybommini.vn\/wp-content\/uploads\/2018\/04\/ban-may-bom-nhu-dong-12V-KFS-HB2B10P-Kamier.jpg 750w, https:\/\/maybommini.vn\/wp-content\/uploads\/2018\/04\/ban-may-bom-nhu-dong-12V-KFS-HB2B10P-Kamier-300x300.jpg 300w, https:\/\/maybommini.vn\/wp-content\/uploads\/2018\/04\/ban-may-bom-nhu-dong-12V-KFS-HB2B10P-Kamier-150x150.jpg 150w, https:\/\/maybommini.vn\/wp-content\/uploads\/2018\/04\/ban-may-bom-nhu-dong-12V-KFS-HB2B10P-Kamier-600x600.jpg 600w\" sizes=\"(max-width: 750px) 100vw, 750px\" \/><\/a><a href=\"https:\/\/maybommini.com\/wp-content\/uploads\/2018\/04\/KFS-Peristaltic-Water-Pump-Kamier.jpg\" target=\"_blank\" rel=\"noopener\"><img decoding=\"async\" class=\"size-full wp-image-271519 aligncenter\" src=\"https:\/\/maybommini.com\/wp-content\/uploads\/2018\/04\/KFS-Peristaltic-Water-Pump-Kamier.jpg\" alt=\"KFS Peristaltic Water Pump Kamier\" width=\"750\" height=\"750\" srcset=\"https:\/\/maybommini.vn\/wp-content\/uploads\/2018\/04\/KFS-Peristaltic-Water-Pump-Kamier.jpg 750w, https:\/\/maybommini.vn\/wp-content\/uploads\/2018\/04\/KFS-Peristaltic-Water-Pump-Kamier-300x300.jpg 300w, https:\/\/maybommini.vn\/wp-content\/uploads\/2018\/04\/KFS-Peristaltic-Water-Pump-Kamier-150x150.jpg 150w, https:\/\/maybommini.vn\/wp-content\/uploads\/2018\/04\/KFS-Peristaltic-Water-Pump-Kamier-600x600.jpg 600w\" sizes=\"(max-width: 750px) 100vw, 750px\" \/><\/a><a href=\"https:\/\/maybommini.com\/wp-content\/uploads\/2018\/04\/bom-nuoc-nhu-dong-12v-KFS.jpg\" target=\"_blank\" rel=\"noopener\"><img decoding=\"async\" class=\"size-full wp-image-271517 aligncenter\" src=\"https:\/\/maybommini.com\/wp-content\/uploads\/2018\/04\/bom-nuoc-nhu-dong-12v-KFS.jpg\" alt=\"Bom Nuoc Nhu Dong 12v KFS\" width=\"750\" height=\"750\" srcset=\"https:\/\/maybommini.vn\/wp-content\/uploads\/2018\/04\/bom-nuoc-nhu-dong-12v-KFS.jpg 750w, https:\/\/maybommini.vn\/wp-content\/uploads\/2018\/04\/bom-nuoc-nhu-dong-12v-KFS-300x300.jpg 300w, https:\/\/maybommini.vn\/wp-content\/uploads\/2018\/04\/bom-nuoc-nhu-dong-12v-KFS-150x150.jpg 150w, https:\/\/maybommini.vn\/wp-content\/uploads\/2018\/04\/bom-nuoc-nhu-dong-12v-KFS-600x600.jpg 600w\" sizes=\"(max-width: 750px) 100vw, 750px\" \/><\/a>H\u01af\u1edaNG D\u1ea8N S\u1eec D\u1ee4NG M\u00c1Y B\u01a0M NHU \u0110\u1ed8NG<\/strong><br \/>\n&#8211; S\u1eed d\u1ee5ng ngu\u1ed3n \u0111i\u1ec7n 1 chi\u1ec1u DC 12V.<br \/>\n&#8211; K\u1ebft n\u1ed1i d\u00e2y ngu\u1ed3n d\u01b0\u01a1ng (+) v\u00e0 c\u1ecdc m\u00e0u \u0111\u1ecf.<br \/>\n&#8211; K\u1ebft n\u1ed1i d\u00e2y ngu\u1ed3n \u00e2m (-) v\u00e0o c\u1ecdc c\u00f2n l\u1ea1i.<br \/>\n&#8211; M\u00e1y t\u1ef1 h\u00fat \u1edf kho\u1ea3ng c\u00e1ch th\u1ea5p t\u00f9y thu\u1ed9c lo\u1ea1i ch\u1ea5t l\u1ecfng.<br \/>\n&#8211; B\u1ea3o qu\u1ea3n n\u01a1i tho\u00e1ng m\u00e1t.<br \/>\n&#8211; S\u1eed d\u1ee5ng \u0111\u00fang lo\u1ea1i ngu\u1ed3n \u0111i\u1ec7n ghi tr\u00ean m\u00e1y.<\/p>\n<p><strong><a href=\"https:\/\/maybommini.com\/wp-content\/uploads\/2018\/04\/chuyen-cung-cap-bom-nhu-dong-KFS-Kameor.jpg\" target=\"_blank\" rel=\"noopener\"><img decoding=\"async\" class=\"size-full wp-image-271518 aligncenter\" src=\"https:\/\/maybommini.com\/wp-content\/uploads\/2018\/04\/chuyen-cung-cap-bom-nhu-dong-KFS-Kameor.jpg\" alt=\"Chuyen Cung Cap Bom Nhu Dong KFS Kameor\" width=\"750\" height=\"750\" srcset=\"https:\/\/maybommini.vn\/wp-content\/uploads\/2018\/04\/chuyen-cung-cap-bom-nhu-dong-KFS-Kameor.jpg 750w, https:\/\/maybommini.vn\/wp-content\/uploads\/2018\/04\/chuyen-cung-cap-bom-nhu-dong-KFS-Kameor-300x300.jpg 300w, https:\/\/maybommini.vn\/wp-content\/uploads\/2018\/04\/chuyen-cung-cap-bom-nhu-dong-KFS-Kameor-150x150.jpg 150w, https:\/\/maybommini.vn\/wp-content\/uploads\/2018\/04\/chuyen-cung-cap-bom-nhu-dong-KFS-Kameor-600x600.jpg 600w\" sizes=\"(max-width: 750px) 100vw, 750px\" \/><\/a><\/strong><\/p>\n<p><strong>\u1ee8NG D\u1ee4NG M\u00c1Y B\u01a0M NH\u1ee6\u00a0\u0110\u1ed8NG 12V<br \/>\n<\/strong>&#8211; S\u1eed d\u1ee5ng trong ph\u00f2ng th\u00ed nghi\u1ec7m<br \/>\n&#8211; B\u1edbm ho\u00e1 ch\u1ea5t, h\u00f3a h\u1ecdc.<br \/>\n&#8211; B\u01a1m n\u01b0\u1edbc m\u00f4 h\u00ecnh.<br \/>\n&#8211; B\u01a1m t\u1ef1 h\u00fat n\u01b0\u1edbc ch\u1ea5t l\u1ecfng.<br \/>\n&#8211; M\u00e1y b\u01a1m pha ch\u1ebf.<br \/>\n&#8211; M\u00e1y b\u01a1m cho h\u1ec7 th\u1ed1ng m\u00e1y \u0111\u1ecbnh l\u01b0\u1ee3ng.<br \/>\n&#8211; M\u00e1y b\u01a1m mini ph\u00f2ng Lad.<br \/>\n&#8211; M\u00e1y b\u01a1m ch\u1ea5t hoa h\u1ecdc, thu\u1ed1c.<br \/>\n&#8211; B\u01a1m n\u01b0\u1edbc m\u00e1y lau nh\u00e0.<br \/>\n&#8211; M\u00e1y b\u01a1m robot lau nh\u00e0.<br \/>\n&#8211; M\u00e1y b\u01a1m n\u01b0\u1edbc cho m\u00e1y bay b\u01a1m phun h\u00f3a h\u00f3a ch\u1ea5t.<br \/>\nV\u00e0 c\u00e1c \u1ee9ng d\u1ee5ng kh\u00e1c &#8230;.<\/p>\n<h3 style=\"text-align: center;\"><a href=\"https:\/\/maybommini.com\/wp-content\/uploads\/2018\/04\/su-dung-bom-nhu-dong-12v.jpg\" target=\"_blank\" rel=\"noopener\"><img decoding=\"async\" class=\"alignnone size-full wp-image-271521\" src=\"https:\/\/maybommini.com\/wp-content\/uploads\/2018\/04\/su-dung-bom-nhu-dong-12v.jpg\" alt=\"Su Dung Bom Nhu Dong 12v\" width=\"750\" height=\"750\" srcset=\"https:\/\/maybommini.vn\/wp-content\/uploads\/2018\/04\/su-dung-bom-nhu-dong-12v.jpg 750w, https:\/\/maybommini.vn\/wp-content\/uploads\/2018\/04\/su-dung-bom-nhu-dong-12v-300x300.jpg 300w, https:\/\/maybommini.vn\/wp-content\/uploads\/2018\/04\/su-dung-bom-nhu-dong-12v-150x150.jpg 150w, https:\/\/maybommini.vn\/wp-content\/uploads\/2018\/04\/su-dung-bom-nhu-dong-12v-600x600.jpg 600w\" sizes=\"(max-width: 750px) 100vw, 750px\" \/><\/a><\/h3>\n<p><strong>MUA M\u00c1Y B\u01a0M NHU \u0110\u1ed8NG 12V \u1ede \u0110\u00c2U ?<br \/>\n<\/strong>M\u1ecdi chi ti\u1ebft vui l\u00f2ng li\u00ean h\u1ec7 tr\u1ef1c ti\u1ebfp cho ch\u00fang t\u00f4i \u0111\u1ec3 \u0111\u01b0\u1ee3c t\u01b0 v\u1ea5n theo nhu c\u1ea7u \u0111\u1ec3 c\u00f3 \u0111\u01b0\u1ee3c b\u1ed9 s\u1ea3n ph\u1ea9m t\u1ed1t nh\u1ea5t v\u00e0 ti\u1ebft ki\u1ec7m.\u00a0B\u1ea1n \u1edf xa v\u1eabn c\u00f3 th\u1ec3 mua h\u00e0ng v\u00e0 giao h\u00e0ng thanh to\u00e1n ti\u1ec1n t\u1ea1i nh\u00e0.<br \/>\nChuy\u00ean c\u00e1c lo\u1ea1i m\u00e1y b\u01a1m n\u01b0\u1edbc, b\u01a1m \u00e1p l\u1ef1c, m\u00e1y r\u1eeda xe, r\u1eeda m\u00e1y l\u1ea1nh, phun thu\u1ed1c tr\u1eeb s\u00e2u, phun s\u01b0\u01a1ng, m\u00e1y b\u01a1m h\u00f3a ch\u1ea5t.<\/p>\n<h3 style=\"text-align: center;\"><a href=\"https:\/\/maybommini.com\/wp-content\/uploads\/2018\/04\/chuyen-chung-cap-may-bom-mini-chinh-hang.jpg\" target=\"_blank\" rel=\"noopener\"><img decoding=\"async\" class=\"size-full wp-image-271520 aligncenter\" src=\"https:\/\/maybommini.com\/wp-content\/uploads\/2018\/04\/chuyen-chung-cap-may-bom-mini-chinh-hang.jpg\" alt=\"Chuyen Chung Cap May Bom Mini Chinh Hang\" width=\"750\" height=\"750\" srcset=\"https:\/\/maybommini.vn\/wp-content\/uploads\/2018\/04\/chuyen-chung-cap-may-bom-mini-chinh-hang.jpg 750w, https:\/\/maybommini.vn\/wp-content\/uploads\/2018\/04\/chuyen-chung-cap-may-bom-mini-chinh-hang-300x300.jpg 300w, https:\/\/maybommini.vn\/wp-content\/uploads\/2018\/04\/chuyen-chung-cap-may-bom-mini-chinh-hang-150x150.jpg 150w, https:\/\/maybommini.vn\/wp-content\/uploads\/2018\/04\/chuyen-chung-cap-may-bom-mini-chinh-hang-600x600.jpg 600w\" sizes=\"(max-width: 750px) 100vw, 750px\" \/><\/a>M\u00e1y b\u01a1m nhu \u0111\u1ed9ng 12V KFS<br \/>\nKamoer high precision KFS 12V\/24V small peristaltic pump with brush motor<\/h3>\n<p><strong>Ch\u00fang t\u00f4i chuy\u00ean cung c\u1ea5p c\u00e1c thi\u1ebft b\u1ecb m\u00e1y b\u01a1m n\u01b0\u1edbc, m\u00e1y b\u01a1m nhu \u0111\u1ed9ng, m\u00e1y l\u1ecdc n\u01b0\u1edbc, ph\u1ee5 ki\u1ec7n l\u1ecdc n\u01b0\u1edbc RO, b\u01a1m t\u0103ng \u00e1p, m\u00e1y b\u01a1m v\u00f2i n\u01b0\u1edbc tr\u00ean to\u00e0n qu\u1ed1c gi\u00e1 t\u1ed1t b\u1ea3o h\u00e0nh ch\u00ednh h\u00e3ng.<br \/>\n<\/strong><strong>CTY TNHH TH\u01af\u01a0NG M\u1ea0I D\u1ecaCH V\u1ee4 \u0110I\u1ec6N M\u00c1Y TH\u00d4NG MINH<br \/>\nWebsite:\u00a0<a href=\"https:\/\/maybommini.com\/\" target=\"_blank\" rel=\"noopener\">https:\/\/maybommini.com<\/a><br \/>\nEmail: maybommini.com@gmail.com<br \/>\nT\u01af V\u1ea4N K\u1ef8 THU\u1eacT \u2013 MUA H\u00c0NG<br \/>\nTel\/ Zalo: 0908997823 \u2013 0908997872 \u2013 0907294310 \u2013 02873030399<\/strong><\/p>\n<p><a class=\"swipebox\" title=\"\" href=\"https:\/\/maybommini.com\/wp-content\/uploads\/2022\/07\/thong-tin-lien-he-may-bom-mini.jpg\" data-rel=\"lightbox-image-bGlnaHRib3gtaW1hZ2UtYkdsbmFIUmliM2d0YVcxaFoyVXRZa2RzYm1GSVVtbGlNMmQwWVZjeGFGb3lWWFJOVkVVOQ==\" data-rl_title=\"\" data-rl_caption=\"\" data-rl_ target=\"_blank\" rel=\"noopener\"><img decoding=\"async\" class=\"size-full wp-image-270584 lazyloaded aligncenter\" src=\"https:\/\/maybommini.com\/wp-content\/uploads\/2022\/07\/thong-tin-lien-he-may-bom-mini.jpg\" sizes=\"(max-width: 750px) 100vw, 750px\" srcset=\"https:\/\/maybommini.com\/wp-content\/uploads\/2022\/07\/thong-tin-lien-he-may-bom-mini.jpg 750w, https:\/\/maybommini.com\/wp-content\/uploads\/2022\/07\/thong-tin-lien-he-may-bom-mini-300x202.jpg 300w, https:\/\/maybommini.com\/wp-content\/uploads\/2022\/07\/thong-tin-lien-he-may-bom-mini-600x405.jpg 600w\" alt=\"Thong Tin Lien He May Bom Mini\" width=\"750\" height=\"506\" data-lazy-srcset=\"https:\/\/maybommini.com\/wp-content\/uploads\/2022\/07\/thong-tin-lien-he-may-bom-mini.jpg 750w, https:\/\/maybommini.com\/wp-content\/uploads\/2022\/07\/thong-tin-lien-he-may-bom-mini-300x202.jpg 300w, https:\/\/maybommini.com\/wp-content\/uploads\/2022\/07\/thong-tin-lien-he-may-bom-mini-600x405.jpg 600w\" data-lazy-sizes=\"(max-width: 750px) 100vw, 750px\" data-lazy-src=\"https:\/\/maybommini.com\/wp-content\/uploads\/2022\/07\/thong-tin-lien-he-may-bom-mini.jpg\" data-was-processed=\"true\" \/><\/a><\/p>\n<p><a href=\"https:\/\/maybommini.com\/wp-content\/uploads\/2018\/04\/may-bom-nhu-dong-24v-KFS.jpg\" target=\"_blank\" rel=\"noopener\"><img decoding=\"async\" class=\"size-full wp-image-258303 aligncenter\" src=\"https:\/\/maybommini.com\/wp-content\/uploads\/2018\/04\/may-bom-nhu-dong-24v-KFS.jpg\" alt=\"May Bom Nhu Dong 24v KFS\" width=\"800\" height=\"800\" srcset=\"https:\/\/maybommini.vn\/wp-content\/uploads\/2018\/04\/may-bom-nhu-dong-24v-KFS.jpg 800w, https:\/\/maybommini.vn\/wp-content\/uploads\/2018\/04\/may-bom-nhu-dong-24v-KFS-300x300.jpg 300w, https:\/\/maybommini.vn\/wp-content\/uploads\/2018\/04\/may-bom-nhu-dong-24v-KFS-150x150.jpg 150w, https:\/\/maybommini.vn\/wp-content\/uploads\/2018\/04\/may-bom-nhu-dong-24v-KFS-600x600.jpg 600w\" sizes=\"(max-width: 800px) 100vw, 800px\" \/><\/a><\/p>\n<p>&nbsp;<\/p>\n<p><a href=\"https:\/\/maybommini.com\/wp-content\/uploads\/2018\/04\/thong-so-cau-truc-may-bom-nhu-dong.jpg\" target=\"_blank\" rel=\"noopener\"><img decoding=\"async\" class=\"size-full wp-image-258304 aligncenter\" src=\"https:\/\/maybommini.com\/wp-content\/uploads\/2018\/04\/thong-so-cau-truc-may-bom-nhu-dong.jpg\" alt=\"Thong So Cau Truc May Bom Nhu Dong\" width=\"800\" height=\"800\" srcset=\"https:\/\/maybommini.vn\/wp-content\/uploads\/2018\/04\/thong-so-cau-truc-may-bom-nhu-dong.jpg 800w, https:\/\/maybommini.vn\/wp-content\/uploads\/2018\/04\/thong-so-cau-truc-may-bom-nhu-dong-300x300.jpg 300w, https:\/\/maybommini.vn\/wp-content\/uploads\/2018\/04\/thong-so-cau-truc-may-bom-nhu-dong-150x150.jpg 150w, https:\/\/maybommini.vn\/wp-content\/uploads\/2018\/04\/thong-so-cau-truc-may-bom-nhu-dong-600x600.jpg 600w\" sizes=\"(max-width: 800px) 100vw, 800px\" \/><\/a> <a href=\"https:\/\/maybommini.com\/wp-content\/uploads\/2018\/04\/thong-so-ky-thuat-may-bom-nhu-dong-KFS.jpg\" target=\"_blank\" rel=\"noopener\"><img decoding=\"async\" class=\"size-full wp-image-258305 aligncenter\" src=\"https:\/\/maybommini.com\/wp-content\/uploads\/2018\/04\/thong-so-ky-thuat-may-bom-nhu-dong-KFS.jpg\" alt=\"Thong So Ky Thuat May Bom Nhu Dong KFS\" width=\"800\" height=\"800\" srcset=\"https:\/\/maybommini.vn\/wp-content\/uploads\/2018\/04\/thong-so-ky-thuat-may-bom-nhu-dong-KFS.jpg 800w, https:\/\/maybommini.vn\/wp-content\/uploads\/2018\/04\/thong-so-ky-thuat-may-bom-nhu-dong-KFS-300x300.jpg 300w, https:\/\/maybommini.vn\/wp-content\/uploads\/2018\/04\/thong-so-ky-thuat-may-bom-nhu-dong-KFS-150x150.jpg 150w, https:\/\/maybommini.vn\/wp-content\/uploads\/2018\/04\/thong-so-ky-thuat-may-bom-nhu-dong-KFS-600x600.jpg 600w\" sizes=\"(max-width: 800px) 100vw, 800px\" \/><\/a> <a href=\"https:\/\/maybommini.com\/wp-content\/uploads\/2018\/04\/may-bom-mini-nhu-dong-12v.jpg\" target=\"_blank\" rel=\"noopener\"><img decoding=\"async\" class=\"size-full wp-image-258302 aligncenter\" src=\"https:\/\/maybommini.com\/wp-content\/uploads\/2018\/04\/may-bom-mini-nhu-dong-12v.jpg\" alt=\"May Bom Mini Nhu Dong 12v\" width=\"800\" height=\"800\" srcset=\"https:\/\/maybommini.vn\/wp-content\/uploads\/2018\/04\/may-bom-mini-nhu-dong-12v.jpg 800w, https:\/\/maybommini.vn\/wp-content\/uploads\/2018\/04\/may-bom-mini-nhu-dong-12v-300x300.jpg 300w, https:\/\/maybommini.vn\/wp-content\/uploads\/2018\/04\/may-bom-mini-nhu-dong-12v-150x150.jpg 150w, https:\/\/maybommini.vn\/wp-content\/uploads\/2018\/04\/may-bom-mini-nhu-dong-12v-600x600.jpg 600w\" sizes=\"(max-width: 800px) 100vw, 800px\" \/><\/a> <a href=\"https:\/\/maybommini.com\/wp-content\/uploads\/2018\/04\/ban-may-bom-nhu-dong-12v-KSF.jpg\" target=\"_blank\" rel=\"noopener\"><img decoding=\"async\" class=\"size-full wp-image-258301 aligncenter\" src=\"https:\/\/maybommini.com\/wp-content\/uploads\/2018\/04\/ban-may-bom-nhu-dong-12v-KSF.jpg\" alt=\"Ban May Bom Nhu Dong 12v KSF\" width=\"800\" height=\"800\" srcset=\"https:\/\/maybommini.vn\/wp-content\/uploads\/2018\/04\/ban-may-bom-nhu-dong-12v-KSF.jpg 800w, https:\/\/maybommini.vn\/wp-content\/uploads\/2018\/04\/ban-may-bom-nhu-dong-12v-KSF-300x300.jpg 300w, https:\/\/maybommini.vn\/wp-content\/uploads\/2018\/04\/ban-may-bom-nhu-dong-12v-KSF-150x150.jpg 150w, https:\/\/maybommini.vn\/wp-content\/uploads\/2018\/04\/ban-may-bom-nhu-dong-12v-KSF-600x600.jpg 600w\" sizes=\"(max-width: 800px) 100vw, 800px\" \/><\/a><\/p>\n<p>&nbsp;<\/p>\n<p><a href=\"https:\/\/maybommini.com\/wp-content\/uploads\/2018\/04\/ung-dung-may-bom-mini-1.jpg\" target=\"_blank\" rel=\"noopener\"><img decoding=\"async\" class=\"size-full wp-image-258307 aligncenter\" src=\"https:\/\/maybommini.com\/wp-content\/uploads\/2018\/04\/ung-dung-may-bom-mini-1.jpg\" alt=\"Ung Dung May Bom Mini\" width=\"750\" height=\"750\" srcset=\"https:\/\/maybommini.vn\/wp-content\/uploads\/2018\/04\/ung-dung-may-bom-mini-1.jpg 750w, https:\/\/maybommini.vn\/wp-content\/uploads\/2018\/04\/ung-dung-may-bom-mini-1-300x300.jpg 300w, https:\/\/maybommini.vn\/wp-content\/uploads\/2018\/04\/ung-dung-may-bom-mini-1-150x150.jpg 150w, https:\/\/maybommini.vn\/wp-content\/uploads\/2018\/04\/ung-dung-may-bom-mini-1-600x600.jpg 600w\" sizes=\"(max-width: 750px) 100vw, 750px\" \/><\/a> <a href=\"https:\/\/maybommini.com\/wp-content\/uploads\/2018\/04\/ung-dung-va-su-dung-may-bom-nhu-dong-mini-1.jpg\" target=\"_blank\" rel=\"noopener\"><img decoding=\"async\" class=\"size-full wp-image-258308 aligncenter\" src=\"https:\/\/maybommini.com\/wp-content\/uploads\/2018\/04\/ung-dung-va-su-dung-may-bom-nhu-dong-mini-1.jpg\" alt=\"Ung Dung Va Su Dung May Bom Nhu Dong Mini\" width=\"750\" height=\"750\" srcset=\"https:\/\/maybommini.vn\/wp-content\/uploads\/2018\/04\/ung-dung-va-su-dung-may-bom-nhu-dong-mini-1.jpg 750w, https:\/\/maybommini.vn\/wp-content\/uploads\/2018\/04\/ung-dung-va-su-dung-may-bom-nhu-dong-mini-1-300x300.jpg 300w, https:\/\/maybommini.vn\/wp-content\/uploads\/2018\/04\/ung-dung-va-su-dung-may-bom-nhu-dong-mini-1-150x150.jpg 150w, https:\/\/maybommini.vn\/wp-content\/uploads\/2018\/04\/ung-dung-va-su-dung-may-bom-nhu-dong-mini-1-600x600.jpg 600w\" sizes=\"(max-width: 750px) 100vw, 750px\" \/><\/a><\/p>\n<p><a href=\"http:\/\/maybommini.com\/wp-content\/uploads\/2016\/02\/may-bom-nhu-dong.gif\" rel=\"attachment wp-att-244784 noopener\" target=\"_blank\"><img decoding=\"async\" class=\"size-full wp-image-244784 aligncenter\" src=\"http:\/\/maybommini.com\/wp-content\/uploads\/2016\/02\/may-bom-nhu-dong.gif\" alt=\"may bom nhu dong\" width=\"790\" height=\"383\" \/><\/a><\/p>\n<h3 style=\"text-align: center;\"><\/h3>\n","protected":false},"excerpt":{"rendered":"<p>Th\u01b0\u01a1ng hi\u1ec7u: Kamoer<strong><br \/>\n<\/strong>Model: KFS-HB2S10P<br \/>\n\u0110i\u1ec7n th\u1ebf: 12VDC<br \/>\nC\u00f4ng su\u1ea5t: 5W<br \/>\nL\u01b0u l\u01b0\u1ee3ng: 7 ml\/min<br \/>\n\u1ed0ng nhu \u0111\u1ed9ng: Silicone<br \/>\nNhi\u1ec7t ch\u1ea5t l\u1ecfng: 0 &#8211; 40\u00a0\u0111\u1ed9 C<br \/>\nTi\u1ebfng\u00a0\u1ed3n: &lt;40 dB<br \/>\nCh\u1ea5t li\u1ec7u: Nh\u1ef1a cao c\u1ea5p<br \/>\nM\u00e1y b\u01a1m t\u1ef1 h\u00fat<br \/>\nTi\u00eau chu\u1ea9n : CE RoHS<br \/>\nK\u00edch th\u01b0\u1edbc: 80 x 48 mm<br \/>\nTr\u1ecdng l\u01b0\u1ee3ng: 90 gam<br \/>\nB\u1ea3o h\u00e0nh: 3 th\u00e1ng<br \/>\n<strong>Mua s\u1ed1 l\u01b0\u1ee3ng c\u00f3 gi\u00e1 t\u1ed1t<\/strong><\/p>\n","protected":false},"featured_media":271515,"comment_status":"open","ping_status":"closed","template":"","meta":[],"product_brand":[],"product_cat":[224,3789],"product_tag":[267,510,488,1746,511,512,1745,2127,2126,3790,513,375,514],"class_list":{"0":"post-258300","1":"product","2":"type-product","3":"status-publish","4":"has-post-thumbnail","6":"product_cat-may-bom-nuoc","7":"product_cat-may-bom-nhu-dong","8":"product_tag-12v","9":"product_tag-12v-may-bom","10":"product_tag-24v","11":"product_tag-bom-nho-giot","12":"product_tag-bom-nhu","13":"product_tag-bom-nhu-dong","14":"product_tag-kamoer","15":"product_tag-kamoer-kfs","16":"product_tag-kfs","17":"product_tag-kfs-hb2s10p","18":"product_tag-may-bom-nhu-dong","19":"product_tag-may-bom-nuoc","20":"product_tag-tu-moi","22":"first","23":"instock","24":"sale","25":"shipping-taxable","26":"purchasable","27":"product-type-simple"},"_links":{"self":[{"href":"https:\/\/maybommini.vn\/index.php?rest_route=\/wp\/v2\/product\/258300","targetHints":{"allow":["GET"]}}],"collection":[{"href":"https:\/\/maybommini.vn\/index.php?rest_route=\/wp\/v2\/product"}],"about":[{"href":"https:\/\/maybommini.vn\/index.php?rest_route=\/wp\/v2\/types\/product"}],"replies":[{"embeddable":true,"href":"https:\/\/maybommini.vn\/index.php?rest_route=%2Fwp%2Fv2%2Fcomments&post=258300"}],"wp:featuredmedia":[{"embeddable":true,"href":"https:\/\/maybommini.vn\/index.php?rest_route=\/wp\/v2\/media\/271515"}],"wp:attachment":[{"href":"https:\/\/maybommini.vn\/index.php?rest_route=%2Fwp%2Fv2%2Fmedia&parent=258300"}],"wp:term":[{"taxonomy":"product_brand","embeddable":true,"href":"https:\/\/maybommini.vn\/index.php?rest_route=%2Fwp%2Fv2%2Fproduct_brand&post=258300"},{"taxonomy":"product_cat","embeddable":true,"href":"https:\/\/maybommini.vn\/index.php?rest_route=%2Fwp%2Fv2%2Fproduct_cat&post=258300"},{"taxonomy":"product_tag","embeddable":true,"href":"https:\/\/maybommini.vn\/index.php?rest_route=%2Fwp%2Fv2%2Fproduct_tag&post=258300"}],"curies":[{"name":"wp","href":"https:\/\/api.w.org\/{rel}","templated":true}]}}