{"id":258599,"date":"2018-05-21T01:02:26","date_gmt":"2018-05-20T18:02:26","guid":{"rendered":"https:\/\/maybommini.com\/?post_type=product&#038;p=258599"},"modified":"2018-05-21T01:04:55","modified_gmt":"2018-05-20T18:04:55","slug":"ket-nuoc-tan-nhiet-240","status":"publish","type":"product","link":"https:\/\/maybommini.vn\/?product=ket-nuoc-tan-nhiet-240","title":{"rendered":"K\u00e9t n\u01b0\u1edbc t\u1ea3n nhi\u1ec7t 240"},"content":{"rendered":"<p><strong>Chuy\u00ean b\u00e1n k\u00e9t n\u01b0\u1edbc t\u1ea3n nhi\u1ec7t 240 &#8211; 24 cm l\u00e0 lo\u1ea1i khay\u00a0n\u01b0\u1edbc k\u00e9t n\u01b0\u1edbc l\u00e0m m\u00e1t chuy\u00ean d\u1ee5ng cho h\u1ec7 th\u1ed1ng <a href=\"https:\/\/maybommini.com\/danh-muc\/tan-nhiet-nuoc\" target=\"_blank\" rel=\"noopener\">t\u1ea3n nhi\u1ec7t b\u1eb1ng n\u01b0\u1edbc<\/a> ch\u1ea5t l\u1ecfng c\u1ee7a m\u00e1y t\u00ednh PC v\u00e0 m\u00e1y m\u00f3c hi\u1ec7n nay\u00a0\u0111\u01b0\u1ee3c thi\u1ebft k\u1ebf b\u1eb1ng\u00a0\u0111\u1ed3ng nguy\u00ean ch\u1ea5t. K\u00e9t n\u01b0\u1edbc t\u1ea3n nhi\u1ec7t cho ph\u00e9p n\u01b0\u1edbc\u00a0\u0111i qua ph\u00e2n b\u1ed1\u00a0\u0111\u1ec1u do\u00a0\u0111\u00f3 khi qu\u1ea1t th\u1ed5i v\u00e0o s\u1ebb l\u00e0m m\u00e1t nhanh v\u00e0 hi\u1ec7u qu\u1ea3 h\u01a1n.<\/strong><\/p>\n<p><a href=\"https:\/\/maybommini.com\/wp-content\/uploads\/2018\/05\/tan-nhiet-bang-nuoc-may-tinh.jpg\" target=\"_blank\" rel=\"noopener\"><img decoding=\"async\" class=\"size-full wp-image-258597 aligncenter\" src=\"https:\/\/maybommini.com\/wp-content\/uploads\/2018\/05\/tan-nhiet-bang-nuoc-may-tinh.jpg\" alt=\"Tan Nhiet Bang Nuoc May Tinh\" width=\"820\" height=\"820\" srcset=\"https:\/\/maybommini.vn\/wp-content\/uploads\/2018\/05\/tan-nhiet-bang-nuoc-may-tinh.jpg 820w, https:\/\/maybommini.vn\/wp-content\/uploads\/2018\/05\/tan-nhiet-bang-nuoc-may-tinh-300x300.jpg 300w, https:\/\/maybommini.vn\/wp-content\/uploads\/2018\/05\/tan-nhiet-bang-nuoc-may-tinh-150x150.jpg 150w, https:\/\/maybommini.vn\/wp-content\/uploads\/2018\/05\/tan-nhiet-bang-nuoc-may-tinh-600x600.jpg 600w\" sizes=\"(max-width: 820px) 100vw, 820px\" \/><\/a><\/p>\n<p><strong>TH\u00d4NG S\u1ed0 K\u1ef8 THU\u1eacT<\/strong><br \/>\nLo\u1ea1i : K\u00e9t n\u01b0\u1edbc t\u1ea3n nhi\u1ec7t 240<br \/>\nCh\u1ea5t li\u1ec7u: H\u1ee3p kim\u00a0\u0111\u1ed3ng &#8211; Nh\u00f4m<br \/>\nK\u00edch th\u01b0\u1edbc: 124 X 30 X 286 mm<br \/>\nS\u1eed d\u1ee5ng qu\u1ea1t : 120 mm x 2 (Fan)<br \/>\n\u0110inh\u00a0\u00f3c g\u1eafn qu\u1ea1t: 4mm<br \/>\n\u1ed0ng n\u01b0\u1edbc: 12 mm<br \/>\nTr\u1ecdng l\u01b0\u1ee3ng: 650 g<br \/>\nTi\u00eau chu\u1ea9n: RoHS<\/p>\n<p><a href=\"https:\/\/maybommini.com\/wp-content\/uploads\/2018\/05\/ket-nuoc-tan-nhiet.jpg\" target=\"_blank\" rel=\"noopener\"><img decoding=\"async\" class=\"size-full wp-image-258593 aligncenter\" src=\"https:\/\/maybommini.com\/wp-content\/uploads\/2018\/05\/ket-nuoc-tan-nhiet.jpg\" alt=\"Ket Nuoc Tan Nhiet\" width=\"820\" height=\"820\" srcset=\"https:\/\/maybommini.vn\/wp-content\/uploads\/2018\/05\/ket-nuoc-tan-nhiet.jpg 820w, https:\/\/maybommini.vn\/wp-content\/uploads\/2018\/05\/ket-nuoc-tan-nhiet-300x300.jpg 300w, https:\/\/maybommini.vn\/wp-content\/uploads\/2018\/05\/ket-nuoc-tan-nhiet-150x150.jpg 150w, https:\/\/maybommini.vn\/wp-content\/uploads\/2018\/05\/ket-nuoc-tan-nhiet-600x600.jpg 600w\" sizes=\"(max-width: 820px) 100vw, 820px\" \/><\/a> <a href=\"https:\/\/maybommini.com\/wp-content\/uploads\/2018\/05\/ket-nuoc-lam-mat.jpg\" target=\"_blank\" rel=\"noopener\"><img decoding=\"async\" class=\"size-full wp-image-258592 aligncenter\" src=\"https:\/\/maybommini.com\/wp-content\/uploads\/2018\/05\/ket-nuoc-lam-mat.jpg\" alt=\"Ket Nuoc Lam Mat\" width=\"820\" height=\"820\" srcset=\"https:\/\/maybommini.vn\/wp-content\/uploads\/2018\/05\/ket-nuoc-lam-mat.jpg 820w, https:\/\/maybommini.vn\/wp-content\/uploads\/2018\/05\/ket-nuoc-lam-mat-300x300.jpg 300w, https:\/\/maybommini.vn\/wp-content\/uploads\/2018\/05\/ket-nuoc-lam-mat-150x150.jpg 150w, https:\/\/maybommini.vn\/wp-content\/uploads\/2018\/05\/ket-nuoc-lam-mat-600x600.jpg 600w\" sizes=\"(max-width: 820px) 100vw, 820px\" \/><\/a> <a href=\"https:\/\/maybommini.com\/wp-content\/uploads\/2018\/05\/lap-tan-nhiet-nuoc-may-tinh.jpg\" target=\"_blank\" rel=\"noopener\"><img decoding=\"async\" class=\"size-full wp-image-258596 aligncenter\" src=\"https:\/\/maybommini.com\/wp-content\/uploads\/2018\/05\/lap-tan-nhiet-nuoc-may-tinh.jpg\" alt=\"Lap Tan Nhiet Nuoc May Tinh\" width=\"820\" height=\"820\" srcset=\"https:\/\/maybommini.vn\/wp-content\/uploads\/2018\/05\/lap-tan-nhiet-nuoc-may-tinh.jpg 820w, https:\/\/maybommini.vn\/wp-content\/uploads\/2018\/05\/lap-tan-nhiet-nuoc-may-tinh-300x300.jpg 300w, https:\/\/maybommini.vn\/wp-content\/uploads\/2018\/05\/lap-tan-nhiet-nuoc-may-tinh-150x150.jpg 150w, https:\/\/maybommini.vn\/wp-content\/uploads\/2018\/05\/lap-tan-nhiet-nuoc-may-tinh-600x600.jpg 600w\" sizes=\"(max-width: 820px) 100vw, 820px\" \/><\/a> <a href=\"https:\/\/maybommini.com\/wp-content\/uploads\/2018\/05\/tan-nhiet-nuoc-cao-cap.jpg\" target=\"_blank\" rel=\"noopener\"><img decoding=\"async\" class=\"size-full wp-image-258598 aligncenter\" src=\"https:\/\/maybommini.com\/wp-content\/uploads\/2018\/05\/tan-nhiet-nuoc-cao-cap.jpg\" alt=\"Tan Nhiet Nuoc Cao Cap\" width=\"820\" height=\"820\" srcset=\"https:\/\/maybommini.vn\/wp-content\/uploads\/2018\/05\/tan-nhiet-nuoc-cao-cap.jpg 820w, https:\/\/maybommini.vn\/wp-content\/uploads\/2018\/05\/tan-nhiet-nuoc-cao-cap-300x300.jpg 300w, https:\/\/maybommini.vn\/wp-content\/uploads\/2018\/05\/tan-nhiet-nuoc-cao-cap-150x150.jpg 150w, https:\/\/maybommini.vn\/wp-content\/uploads\/2018\/05\/tan-nhiet-nuoc-cao-cap-600x600.jpg 600w\" sizes=\"(max-width: 820px) 100vw, 820px\" \/><\/a><\/p>\n<p><strong>S\u1eec D\u1ee4NG K\u00c9T N\u01af\u1edaC T\u1ea2N NHI\u1ec6T<\/strong><br \/>\n&#8211; D\u00f9ng k\u00e9t n\u01b0\u1edbc t\u1ea3n nhi\u1ec7t trong h\u1ec7 th\u00f3ng l\u00e0m m\u00e1t m\u00e1y t\u00ednh PC.<br \/>\n&#8211; D\u00f9ng l\u00e0m m\u00e1t b\u1eb1ng ch\u1ea5t l\u1ecfng trong xe m\u00e1y\u00a0\u00f4t\u00f4.<br \/>\n&#8211; L\u00e0m m\u00e1t\u00a0\u0111\u00e8n LED b\u1eb1ng ch\u1ea5t l\u1ecfng.<br \/>\n&#8211; D\u00f9ng l\u00e0m m\u00e1t b\u1eb1ng n\u01b0\u1edbc cho h\u1ec7 th\u1ed1ng m\u00e1y m\u00f3c thi\u1ebft b\u1ecb.<br \/>\n&#8211; D\u00f9ng l\u00e0m m\u00e1t b\u1eb1ng dung d\u1ecbch ch\u1ea5t l\u1ecfng.<br \/>\n&#8211; <a href=\"https:\/\/maybommini.com\/danh-muc\/tan-nhiet-nuoc\" target=\"_blank\" rel=\"noopener\">T\u1ea3n nhi\u1ec7t n\u01b0\u1edbc<\/a> cho m\u00e1y t\u00ednh PC.<\/p>\n<p><a href=\"https:\/\/maybommini.com\/wp-content\/uploads\/2018\/05\/he-thong-tan-nhiet-nuoc-240.jpg\" target=\"_blank\" rel=\"noopener\"><img decoding=\"async\" class=\"size-full wp-image-258600 aligncenter\" src=\"https:\/\/maybommini.com\/wp-content\/uploads\/2018\/05\/he-thong-tan-nhiet-nuoc-240.jpg\" alt=\"He Thong Tan Nhiet Nuoc 240\" width=\"820\" height=\"820\" srcset=\"https:\/\/maybommini.vn\/wp-content\/uploads\/2018\/05\/he-thong-tan-nhiet-nuoc-240.jpg 820w, https:\/\/maybommini.vn\/wp-content\/uploads\/2018\/05\/he-thong-tan-nhiet-nuoc-240-300x300.jpg 300w, https:\/\/maybommini.vn\/wp-content\/uploads\/2018\/05\/he-thong-tan-nhiet-nuoc-240-150x150.jpg 150w, https:\/\/maybommini.vn\/wp-content\/uploads\/2018\/05\/he-thong-tan-nhiet-nuoc-240-600x600.jpg 600w\" sizes=\"(max-width: 820px) 100vw, 820px\" \/><\/a> <a href=\"https:\/\/maybommini.com\/wp-content\/uploads\/2018\/05\/tan-nhiet-nuoc-cho-may-tinh.jpg\" target=\"_blank\" rel=\"noopener\"><img decoding=\"async\" class=\"size-full wp-image-258601 aligncenter\" src=\"https:\/\/maybommini.com\/wp-content\/uploads\/2018\/05\/tan-nhiet-nuoc-cho-may-tinh.jpg\" alt=\"Tan Nhiet Nuoc Cho May Tinh\" width=\"820\" height=\"820\" srcset=\"https:\/\/maybommini.vn\/wp-content\/uploads\/2018\/05\/tan-nhiet-nuoc-cho-may-tinh.jpg 820w, https:\/\/maybommini.vn\/wp-content\/uploads\/2018\/05\/tan-nhiet-nuoc-cho-may-tinh-300x300.jpg 300w, https:\/\/maybommini.vn\/wp-content\/uploads\/2018\/05\/tan-nhiet-nuoc-cho-may-tinh-150x150.jpg 150w, https:\/\/maybommini.vn\/wp-content\/uploads\/2018\/05\/tan-nhiet-nuoc-cho-may-tinh-600x600.jpg 600w\" sizes=\"(max-width: 820px) 100vw, 820px\" \/><\/a><\/p>\n<p><a href=\"https:\/\/maybommini.com\/wp-content\/uploads\/2018\/05\/ket-nuoc-dung-tan-nhiet-may-moc.jpg\" target=\"_blank\" rel=\"noopener\"><img decoding=\"async\" class=\"size-full wp-image-258591 aligncenter\" src=\"https:\/\/maybommini.com\/wp-content\/uploads\/2018\/05\/ket-nuoc-dung-tan-nhiet-may-moc.jpg\" alt=\"Ket Nuoc Dung Tan Nhiet May Moc\" width=\"820\" height=\"820\" srcset=\"https:\/\/maybommini.vn\/wp-content\/uploads\/2018\/05\/ket-nuoc-dung-tan-nhiet-may-moc.jpg 820w, https:\/\/maybommini.vn\/wp-content\/uploads\/2018\/05\/ket-nuoc-dung-tan-nhiet-may-moc-300x300.jpg 300w, https:\/\/maybommini.vn\/wp-content\/uploads\/2018\/05\/ket-nuoc-dung-tan-nhiet-may-moc-150x150.jpg 150w, https:\/\/maybommini.vn\/wp-content\/uploads\/2018\/05\/ket-nuoc-dung-tan-nhiet-may-moc-600x600.jpg 600w\" sizes=\"(max-width: 820px) 100vw, 820px\" \/><\/a> <a href=\"https:\/\/maybommini.com\/wp-content\/uploads\/2018\/05\/khau-nuoc-tan-nhiet-lam-mat.jpg\" target=\"_blank\" rel=\"noopener\"><img decoding=\"async\" class=\"size-full wp-image-258595 aligncenter\" src=\"https:\/\/maybommini.com\/wp-content\/uploads\/2018\/05\/khau-nuoc-tan-nhiet-lam-mat.jpg\" alt=\"Khau Nuoc Tan Nhiet Lam Mat\" width=\"820\" height=\"820\" srcset=\"https:\/\/maybommini.vn\/wp-content\/uploads\/2018\/05\/khau-nuoc-tan-nhiet-lam-mat.jpg 820w, https:\/\/maybommini.vn\/wp-content\/uploads\/2018\/05\/khau-nuoc-tan-nhiet-lam-mat-300x300.jpg 300w, https:\/\/maybommini.vn\/wp-content\/uploads\/2018\/05\/khau-nuoc-tan-nhiet-lam-mat-150x150.jpg 150w, https:\/\/maybommini.vn\/wp-content\/uploads\/2018\/05\/khau-nuoc-tan-nhiet-lam-mat-600x600.jpg 600w\" sizes=\"(max-width: 820px) 100vw, 820px\" \/><\/a> <a href=\"https:\/\/maybommini.com\/wp-content\/uploads\/2018\/05\/tan-nhiet-bang-nuoc-may-tinh.jpg\" target=\"_blank\" rel=\"noopener\"><img decoding=\"async\" class=\"size-full wp-image-258597 aligncenter\" src=\"https:\/\/maybommini.com\/wp-content\/uploads\/2018\/05\/tan-nhiet-bang-nuoc-may-tinh.jpg\" alt=\"Tan Nhiet Bang Nuoc May Tinh\" width=\"820\" height=\"820\" srcset=\"https:\/\/maybommini.vn\/wp-content\/uploads\/2018\/05\/tan-nhiet-bang-nuoc-may-tinh.jpg 820w, https:\/\/maybommini.vn\/wp-content\/uploads\/2018\/05\/tan-nhiet-bang-nuoc-may-tinh-300x300.jpg 300w, https:\/\/maybommini.vn\/wp-content\/uploads\/2018\/05\/tan-nhiet-bang-nuoc-may-tinh-150x150.jpg 150w, https:\/\/maybommini.vn\/wp-content\/uploads\/2018\/05\/tan-nhiet-bang-nuoc-may-tinh-600x600.jpg 600w\" sizes=\"(max-width: 820px) 100vw, 820px\" \/><\/a><\/p>\n<p><strong>MUA K\u00c9T N\u01af\u1edaC N\u01af\u1edaC T\u1ea2N NHI\u1ec6T\u00a0\u1ede\u00a0\u0110\u00c2U ?<br \/>\n<\/strong>B\u1ea1n c\u00f3 th\u1ec3 mua c\u00e1c lo\u1ea1i thi\u1ebft b\u1ecb t\u1ea3n nhi\u1ec7t n\u01b0\u1edbc t\u1ea1i <a href=\"https:\/\/maybommini.com\" target=\"_blank\" rel=\"noopener\">m\u00e1y b\u01a1m mini<\/a> v\u1edbi ch\u1eadt l\u01b0\u1ee3ng cao nh\u1ea5t, b\u1ea3o h\u00e0nh ch\u00ednh h\u00e3ng, giao h\u00e0ng to\u00e0n qu\u1ed1c v\u00e0\u00a0\u0111\u01b0\u1ee3c\u00a0\u01b0u\u00a0\u0111\u00e3i sao n\u00e0y. Li\u00ean h\u1ec7 v\u1edbi ch\u00fang t\u00f4i\u00a0\u0111\u1ec3 c\u00f3 gi\u00e1 t\u1ed1t nh\u1ea5t hi\u1ec7n nay.<br \/>\n<strong>Website:<\/strong>\u00a0https:\/\/maybommini.com<br \/>\n<strong>Email:<\/strong> maybommini.com@gmail.com<br \/>\n<strong>Tel:<\/strong> 0907294310<\/p>\n<h3 style=\"text-align: center;\">K\u00e9t n\u01b0\u1edbc t\u1ea3n nhi\u1ec7t 240 &#8211;\u00a0T\u1ea3n nhi\u1ec7t T\u1ea3n nhi\u1ec7t n\u01b0\u1edbc &#8211; Watercooling<\/h3>\n","protected":false},"excerpt":{"rendered":"<p>Lo\u1ea1i : K\u00e9t n\u01b0\u1edbc t\u1ea3n nhi\u1ec7t 240<br \/>\nCh\u1ea5t li\u1ec7u: H\u1ee3p kim\u00a0\u0111\u1ed3ng &#8211; Nh\u00f4m<br \/>\nK\u00edch th\u01b0\u1edbc: 124 X 30 X 286 mm<br \/>\nS\u1eed d\u1ee5ng qu\u1ea1t : 120 mm x 2 (Fan)<br \/>\n\u0110inh\u00a0\u00f3c g\u1eafn qu\u1ea1t: 4mm<br \/>\n\u1ed0ng n\u01b0\u1edbc: 12 mm<br \/>\nTr\u1ecdng l\u01b0\u1ee3ng: 650 g<br \/>\nTi\u00eau chu\u1ea9n: RoHS<\/p>\n","protected":false},"featured_media":258593,"comment_status":"open","ping_status":"closed","template":"","meta":[],"product_brand":[],"product_cat":[1993],"product_tag":[2150,2142,2146,2144,2145,2147,2148,2149,2143,2151,2152],"class_list":{"0":"post-258599","1":"product","2":"type-product","3":"status-publish","4":"has-post-thumbnail","6":"product_cat-tan-nhiet-nuoc","7":"product_tag-2150","8":"product_tag-ket-nuoc-tan-nhiet","9":"product_tag-linh-kien-tan-nhiet-nuoc","10":"product_tag-magicool-240","11":"product_tag-slim-radiator-240","12":"product_tag-tan-nhiet-240","13":"product_tag-tan-nhiet-may-tinh","14":"product_tag-tan-nhiet-may-tinh-bang-nuoc","15":"product_tag-tan-nhiet-nuoc","16":"product_tag-tan-nhiet-tan-nhiet-nuoc","17":"product_tag-watercooling","19":"first","20":"instock","21":"sale","22":"shipping-taxable","23":"purchasable","24":"product-type-simple"},"_links":{"self":[{"href":"https:\/\/maybommini.vn\/index.php?rest_route=\/wp\/v2\/product\/258599","targetHints":{"allow":["GET"]}}],"collection":[{"href":"https:\/\/maybommini.vn\/index.php?rest_route=\/wp\/v2\/product"}],"about":[{"href":"https:\/\/maybommini.vn\/index.php?rest_route=\/wp\/v2\/types\/product"}],"replies":[{"embeddable":true,"href":"https:\/\/maybommini.vn\/index.php?rest_route=%2Fwp%2Fv2%2Fcomments&post=258599"}],"wp:featuredmedia":[{"embeddable":true,"href":"https:\/\/maybommini.vn\/index.php?rest_route=\/wp\/v2\/media\/258593"}],"wp:attachment":[{"href":"https:\/\/maybommini.vn\/index.php?rest_route=%2Fwp%2Fv2%2Fmedia&parent=258599"}],"wp:term":[{"taxonomy":"product_brand","embeddable":true,"href":"https:\/\/maybommini.vn\/index.php?rest_route=%2Fwp%2Fv2%2Fproduct_brand&post=258599"},{"taxonomy":"product_cat","embeddable":true,"href":"https:\/\/maybommini.vn\/index.php?rest_route=%2Fwp%2Fv2%2Fproduct_cat&post=258599"},{"taxonomy":"product_tag","embeddable":true,"href":"https:\/\/maybommini.vn\/index.php?rest_route=%2Fwp%2Fv2%2Fproduct_tag&post=258599"}],"curies":[{"name":"wp","href":"https:\/\/api.w.org\/{rel}","templated":true}]}}