{"id":258628,"date":"2018-05-24T15:25:13","date_gmt":"2018-05-24T08:25:13","guid":{"rendered":"https:\/\/maybommini.com\/?post_type=product&#038;p=258628"},"modified":"2025-05-26T13:30:48","modified_gmt":"2025-05-26T06:30:48","slug":"may-bom-mini-ap-12v-60w-5l-maxpumps","status":"publish","type":"product","link":"https:\/\/maybommini.vn\/?product=may-bom-mini-ap-12v-60w-5l-maxpumps","title":{"rendered":"M\u00e1y b\u01a1m mini \u00e1p l\u1ef1c 12V 60W 5L MAXPUMPS"},"content":{"rendered":"<p><em><strong>Chuy\u00ean cung c\u1ea5p\u00a0b\u00e1n M\u00e1y b\u01a1m mini \u00e1p l\u1ef1c 12V 60W 5L MAXPUMPS l\u00e0 lo\u1ea1i b\u01a1m nh\u1ecf g\u1ecdn d\u00f9ng ngu\u1ed3n 12v 6A r\u1ea5t th\u00edch h\u1ee3p phun thu\u1ed1c tr\u1eeb s\u00e2u, phun s\u01b0\u01a1ng t\u01b0\u1edbi lan v\u00e0 v\u1ec7 sinh m\u00e1y l\u1ea1nh.\u00a0\u00a0M\u00e1y b\u01a1m n\u01b0\u1edbc mini 12v 60w\u00a0do Maybommini.com\u00a0\u0111\u1ed9c quy\u1ec1n ph\u00e2n ph\u1ed1i t\u1ea1i Vi\u1ec7t Nam v\u1edbi th\u01b0\u01a1ng hi\u1ec7u MAXPUMPS. Giao h\u00e0ng to\u00e0n qu\u1ed1c gi\u00e1 t\u1ed1t b\u1ea3o h\u00e0nh l\u00e2u d\u00e0i h\u1ed5 tr\u1ee3 k\u1ef9 thu\u1eadt v\u0129nh vi\u1ec5n khi s\u1eed d\u1ee5ng.<\/strong><\/em><\/p>\n<p><a href=\"https:\/\/maybommini.com\/wp-content\/uploads\/2018\/05\/ban-may-bom-ap-luc-mini-cao-cap.jpg\" target=\"_blank\" rel=\"noopener\"><img decoding=\"async\" class=\"size-full wp-image-258629 aligncenter\" src=\"https:\/\/maybommini.com\/wp-content\/uploads\/2018\/05\/ban-may-bom-ap-luc-mini-cao-cap.jpg\" alt=\"Ban May Bom Ap Luc Mini Cao Cap\" width=\"820\" height=\"820\" srcset=\"https:\/\/maybommini.vn\/wp-content\/uploads\/2018\/05\/ban-may-bom-ap-luc-mini-cao-cap.jpg 820w, https:\/\/maybommini.vn\/wp-content\/uploads\/2018\/05\/ban-may-bom-ap-luc-mini-cao-cap-300x300.jpg 300w, https:\/\/maybommini.vn\/wp-content\/uploads\/2018\/05\/ban-may-bom-ap-luc-mini-cao-cap-150x150.jpg 150w, https:\/\/maybommini.vn\/wp-content\/uploads\/2018\/05\/ban-may-bom-ap-luc-mini-cao-cap-600x600.jpg 600w, https:\/\/maybommini.vn\/wp-content\/uploads\/2018\/05\/ban-may-bom-ap-luc-mini-cao-cap-768x768.jpg 768w\" sizes=\"(max-width: 820px) 100vw, 820px\" \/><\/a><\/p>\n<p><strong>TH\u00d4NG S\u1ed0 K\u1ef8 THU\u1eacT<br \/>\n<\/strong>Th\u01b0\u01a1ng hi\u1ec7u:\u00a0 MAXPUMPS<br \/>\n\u0110i\u1ec7n\u00a0\u00e1p : 12V<br \/>\nC\u00f4ng xu\u1ea5t : 60W &#8211; 5A<br \/>\n\u00c1p l\u1ef1c : 8kg (0.8 Mpa)<br \/>\nL\u01b0u l\u01b0\u1ee3ng : 5L\/ph\u00fat<br \/>\nTr\u1ecdng l\u01b0\u1ee3ng : 0.6 Kg<br \/>\n\u1ed0ng v\u00e0o ra : 12 mm<br \/>\n\u1ed0ng d\u00e2y cho ph\u00e9p t\u1ed1i\u00a0\u0111a: 90 m\u00e9t.<br \/>\nT\u1ef1 h\u00fat: 1.5 m\u00e9t<br \/>\n\u0110\u1ea9y cao: &gt; 15 m\u00e9t<br \/>\nC\u00f4ng t\u1eaft\u00a0\u00e1p l\u1ef1c t\u1ef1\u00a0\u0111\u1ed9ng ng\u1eaft \u0111i\u1ec7n\u00a0khi kho\u00e1 n\u01b0\u1edbc ra.<br \/>\nPh\u00e2n ph\u1ed1i : MAYBOMMINI.COM<br \/>\nB\u1ea3o h\u00e0nh: 6 th\u00e1ng 1\u00a0\u0111\u1ed5i 1<\/p>\n<p><a href=\"https:\/\/maybommini.com\/wp-content\/uploads\/2018\/05\/may-bom-mini-12V-60W-2018.jpg\" target=\"_blank\" rel=\"noopener\"><img decoding=\"async\" class=\"size-full wp-image-258632 aligncenter\" src=\"https:\/\/maybommini.com\/wp-content\/uploads\/2018\/05\/may-bom-mini-12V-60W-2018.jpg\" alt=\"May Bom Mini 12V 60W 2018\" width=\"820\" height=\"820\" srcset=\"https:\/\/maybommini.vn\/wp-content\/uploads\/2018\/05\/may-bom-mini-12V-60W-2018.jpg 820w, https:\/\/maybommini.vn\/wp-content\/uploads\/2018\/05\/may-bom-mini-12V-60W-2018-300x300.jpg 300w, https:\/\/maybommini.vn\/wp-content\/uploads\/2018\/05\/may-bom-mini-12V-60W-2018-150x150.jpg 150w, https:\/\/maybommini.vn\/wp-content\/uploads\/2018\/05\/may-bom-mini-12V-60W-2018-600x600.jpg 600w, https:\/\/maybommini.vn\/wp-content\/uploads\/2018\/05\/may-bom-mini-12V-60W-2018-768x768.jpg 768w\" sizes=\"(max-width: 820px) 100vw, 820px\" \/><\/a> <a href=\"https:\/\/maybommini.com\/wp-content\/uploads\/2018\/05\/may-bom-mini-tien-loi-cao-cap.jpg\" target=\"_blank\" rel=\"noopener\"><img decoding=\"async\" class=\"size-full wp-image-258635 aligncenter\" src=\"https:\/\/maybommini.com\/wp-content\/uploads\/2018\/05\/may-bom-mini-tien-loi-cao-cap.jpg\" alt=\"May Bom Mini Tien Loi Cao Cap\" width=\"820\" height=\"820\" srcset=\"https:\/\/maybommini.vn\/wp-content\/uploads\/2018\/05\/may-bom-mini-tien-loi-cao-cap.jpg 820w, https:\/\/maybommini.vn\/wp-content\/uploads\/2018\/05\/may-bom-mini-tien-loi-cao-cap-300x300.jpg 300w, https:\/\/maybommini.vn\/wp-content\/uploads\/2018\/05\/may-bom-mini-tien-loi-cao-cap-150x150.jpg 150w, https:\/\/maybommini.vn\/wp-content\/uploads\/2018\/05\/may-bom-mini-tien-loi-cao-cap-600x600.jpg 600w\" sizes=\"(max-width: 820px) 100vw, 820px\" \/><\/a> <a href=\"https:\/\/maybommini.com\/wp-content\/uploads\/2018\/05\/may-bom-mini-tien-loi-tu-dong.jpg\" target=\"_blank\" rel=\"noopener\"><img decoding=\"async\" class=\"size-full wp-image-258636 aligncenter\" src=\"https:\/\/maybommini.com\/wp-content\/uploads\/2018\/05\/may-bom-mini-tien-loi-tu-dong.jpg\" alt=\"May Bom Mini Tien Loi Tu Dong\" width=\"820\" height=\"820\" srcset=\"https:\/\/maybommini.vn\/wp-content\/uploads\/2018\/05\/may-bom-mini-tien-loi-tu-dong.jpg 820w, https:\/\/maybommini.vn\/wp-content\/uploads\/2018\/05\/may-bom-mini-tien-loi-tu-dong-300x300.jpg 300w, https:\/\/maybommini.vn\/wp-content\/uploads\/2018\/05\/may-bom-mini-tien-loi-tu-dong-150x150.jpg 150w, https:\/\/maybommini.vn\/wp-content\/uploads\/2018\/05\/may-bom-mini-tien-loi-tu-dong-600x600.jpg 600w\" sizes=\"(max-width: 820px) 100vw, 820px\" \/><\/a> <a href=\"https:\/\/maybommini.com\/wp-content\/uploads\/2018\/05\/may-rua-xe-minh-12v.jpg\" target=\"_blank\" rel=\"noopener\"><img decoding=\"async\" class=\"size-full wp-image-258638 aligncenter\" src=\"https:\/\/maybommini.com\/wp-content\/uploads\/2018\/05\/may-rua-xe-minh-12v.jpg\" alt=\"May Rua Xe Minh 12v\" width=\"820\" height=\"820\" srcset=\"https:\/\/maybommini.vn\/wp-content\/uploads\/2018\/05\/may-rua-xe-minh-12v.jpg 820w, https:\/\/maybommini.vn\/wp-content\/uploads\/2018\/05\/may-rua-xe-minh-12v-300x300.jpg 300w, https:\/\/maybommini.vn\/wp-content\/uploads\/2018\/05\/may-rua-xe-minh-12v-150x150.jpg 150w, https:\/\/maybommini.vn\/wp-content\/uploads\/2018\/05\/may-rua-xe-minh-12v-600x600.jpg 600w\" sizes=\"(max-width: 820px) 100vw, 820px\" \/><\/a><\/p>\n<p><strong>\u1ee8NG D\u1ee4NG M\u00c1Y B\u01a0M MINI 12V 60W<br \/>\n<\/strong>M\u00e1y b\u01a1m 12V 60W d\u00f9ng l\u00e0m m\u00e1y v\u1ec7 sinh m\u00e1y l\u1ea1nh gia\u00a0\u0111\u00ecnh.<br \/>\nD\u00f9ng l\u00e0m m\u00e1y b\u01a1m v\u1ec7 sinh xe, r\u1eeda xe.<br \/>\nD\u00f9ng l\u00e0m m\u00e1y phun thu\u1ed1c tr\u1eeba s\u00e2u, t\u01b0\u1edbi c\u00e2y.<br \/>\nD\u00f9ng l\u00e0m m\u00e1y b\u01a1m phun s\u01b0\u01a1ng, t\u01b0\u1edbi lan,&#8230;<br \/>\nD\u00f9ng l\u00e0m m\u00e1y b\u01a1m n\u01b0\u1edbc v\u00e0o b\u1ec3\u00a0ch\u1ee9a.<br \/>\nD\u00f9ng l\u00e0m b\u01a1m th\u1ef1c ph\u1ea9m.<br \/>\nD\u00f9ng l\u00e0m m\u00e1y b\u01a1m tr\u1ee3 l\u1ef1c m\u00e1y gi\u1eb7t.<br \/>\nD\u00f9ng l\u00e0m b\u01a1m l\u00e0m m\u00e1t h\u1ec7 th\u1ed1ng.<br \/>\nM\u00e1y b\u01a1m ti\u1ec7n l\u1ee3i th\u00f4ng minh t\u1ef1\u00a0\u0111\u1ed9ng<\/p>\n<p><a href=\"https:\/\/maybommini.com\/wp-content\/uploads\/2018\/05\/ban-may-bom-mini-gia-re-tai-kho.jpg\" target=\"_blank\" rel=\"noopener\"><img decoding=\"async\" class=\"size-full wp-image-258630 aligncenter\" src=\"https:\/\/maybommini.com\/wp-content\/uploads\/2018\/05\/ban-may-bom-mini-gia-re-tai-kho.jpg\" alt=\"Ban May Bom Mini Gia Re Tai Kho\" width=\"820\" height=\"820\" srcset=\"https:\/\/maybommini.vn\/wp-content\/uploads\/2018\/05\/ban-may-bom-mini-gia-re-tai-kho.jpg 820w, https:\/\/maybommini.vn\/wp-content\/uploads\/2018\/05\/ban-may-bom-mini-gia-re-tai-kho-300x300.jpg 300w, https:\/\/maybommini.vn\/wp-content\/uploads\/2018\/05\/ban-may-bom-mini-gia-re-tai-kho-150x150.jpg 150w, https:\/\/maybommini.vn\/wp-content\/uploads\/2018\/05\/ban-may-bom-mini-gia-re-tai-kho-600x600.jpg 600w\" sizes=\"(max-width: 820px) 100vw, 820px\" \/><\/a> <a href=\"https:\/\/maybommini.com\/wp-content\/uploads\/2018\/05\/bom-nuoc-mini-12v-5L.jpg\" target=\"_blank\" rel=\"noopener\"><img decoding=\"async\" class=\"size-full wp-image-258631 aligncenter\" src=\"https:\/\/maybommini.com\/wp-content\/uploads\/2018\/05\/bom-nuoc-mini-12v-5L.jpg\" alt=\"Bom Nuoc Mini 12v 5L\" width=\"820\" height=\"820\" srcset=\"https:\/\/maybommini.vn\/wp-content\/uploads\/2018\/05\/bom-nuoc-mini-12v-5L.jpg 820w, https:\/\/maybommini.vn\/wp-content\/uploads\/2018\/05\/bom-nuoc-mini-12v-5L-300x300.jpg 300w, https:\/\/maybommini.vn\/wp-content\/uploads\/2018\/05\/bom-nuoc-mini-12v-5L-150x150.jpg 150w, https:\/\/maybommini.vn\/wp-content\/uploads\/2018\/05\/bom-nuoc-mini-12v-5L-600x600.jpg 600w\" sizes=\"(max-width: 820px) 100vw, 820px\" \/><\/a><\/p>\n<p><a href=\"https:\/\/maybommini.com\/wp-content\/uploads\/2018\/05\/phun-thuoc-tru-sau-bang-may-cay.jpg\" target=\"_blank\" rel=\"noopener\"><img decoding=\"async\" class=\"size-full wp-image-258626 aligncenter\" src=\"https:\/\/maybommini.com\/wp-content\/uploads\/2018\/05\/phun-thuoc-tru-sau-bang-may-cay.jpg\" alt=\"Phun Thuoc Tru Sau Bang May Cay\" width=\"820\" height=\"820\" srcset=\"https:\/\/maybommini.vn\/wp-content\/uploads\/2018\/05\/phun-thuoc-tru-sau-bang-may-cay.jpg 820w, https:\/\/maybommini.vn\/wp-content\/uploads\/2018\/05\/phun-thuoc-tru-sau-bang-may-cay-300x300.jpg 300w, https:\/\/maybommini.vn\/wp-content\/uploads\/2018\/05\/phun-thuoc-tru-sau-bang-may-cay-150x150.jpg 150w, https:\/\/maybommini.vn\/wp-content\/uploads\/2018\/05\/phun-thuoc-tru-sau-bang-may-cay-600x600.jpg 600w, https:\/\/maybommini.vn\/wp-content\/uploads\/2018\/05\/phun-thuoc-tru-sau-bang-may-cay-768x768.jpg 768w\" sizes=\"(max-width: 820px) 100vw, 820px\" \/><\/a> <a href=\"https:\/\/maybommini.com\/wp-content\/uploads\/2018\/05\/he-thong-phun-thuoc-tru-sau.jpg\" target=\"_blank\" rel=\"noopener\"><img decoding=\"async\" class=\"size-full wp-image-258623 aligncenter\" src=\"https:\/\/maybommini.com\/wp-content\/uploads\/2018\/05\/he-thong-phun-thuoc-tru-sau.jpg\" alt=\"He Thong Phun Thuoc Tru Sau\" width=\"820\" height=\"820\" srcset=\"https:\/\/maybommini.vn\/wp-content\/uploads\/2018\/05\/he-thong-phun-thuoc-tru-sau.jpg 820w, https:\/\/maybommini.vn\/wp-content\/uploads\/2018\/05\/he-thong-phun-thuoc-tru-sau-300x300.jpg 300w, https:\/\/maybommini.vn\/wp-content\/uploads\/2018\/05\/he-thong-phun-thuoc-tru-sau-150x150.jpg 150w, https:\/\/maybommini.vn\/wp-content\/uploads\/2018\/05\/he-thong-phun-thuoc-tru-sau-600x600.jpg 600w\" sizes=\"(max-width: 820px) 100vw, 820px\" \/><\/a><\/p>\n<p><strong>MUA M\u00c1Y B\u01a0M N\u01af\u1edaC MINI 12V 60W \u1ede \u0110\u00c2U ?<br \/>\n<\/strong>M\u1ecdi chi ti\u1ebft vui l\u00f2ng li\u00ean h\u1ec7 tr\u1ef1c ti\u1ebfp cho ch\u00fang t\u00f4i \u0111\u1ec3 \u0111\u01b0\u1ee3c t\u01b0 v\u1ea5n theo nhu c\u1ea7u \u0111\u1ec3 c\u00f3 \u0111\u01b0\u1ee3c b\u1ed9 s\u1ea3n ph\u1ea9m t\u1ed1t nh\u1ea5t v\u00e0 ti\u1ebft ki\u1ec7m.\u00a0B\u1ea1n \u1edf xa v\u1eabn c\u00f3 th\u1ec3 mua h\u00e0ng v\u00e0 giao h\u00e0ng thanh to\u00e1n ti\u1ec1n t\u1ea1i nh\u00e0.<br \/>\nChuy\u00ean c\u00e1c lo\u1ea1i m\u00e1y b\u01a1m n\u01b0\u1edbc, b\u01a1m \u00e1p l\u1ef1c, m\u00e1y r\u1eeda xe, r\u1eeda m\u00e1y l\u1ea1nh, phun thu\u1ed1c tr\u1eeb s\u00e2u, phun s\u01b0\u01a1ng, m\u00e1y b\u01a1m h\u00f3a ch\u1ea5t.<\/p>\n<p><img decoding=\"async\" class=\"size-full wp-image-254389 aligncenter\" src=\"http:\/\/maybommini.com.vn\/wp-content\/uploads\/2018\/01\/bom-nuoc-mini-12v-24-100w-banner.jpg\" alt=\"Bom Nuoc Mini 12v 24 100w Banner\" width=\"880\" height=\"454\" srcset=\"https:\/\/maybommini.vn\/wp-content\/uploads\/2018\/01\/bom-nuoc-mini-12v-24-100w-banner.jpg 880w, https:\/\/maybommini.vn\/wp-content\/uploads\/2018\/01\/bom-nuoc-mini-12v-24-100w-banner-600x310.jpg 600w, https:\/\/maybommini.vn\/wp-content\/uploads\/2018\/01\/bom-nuoc-mini-12v-24-100w-banner-300x155.jpg 300w, https:\/\/maybommini.vn\/wp-content\/uploads\/2018\/01\/bom-nuoc-mini-12v-24-100w-banner-768x396.jpg 768w\" sizes=\"(max-width: 880px) 100vw, 880px\" \/><\/p>\n<p><strong>CTY TNHH TH\u01af\u01a0NG M\u1ea0I D\u1ecaCH V\u1ee4 \u0110I\u1ec6N M\u00c1Y TH\u00d4NG MINH<\/strong><br \/>\n18Bis\/22\/3 Nguy\u1ec5n Th\u1ecb Minh Khai, Ph\u01b0\u1eddng \u0110akao, Qu\u1eadn 1 , H\u1ed3 Ch\u00ed Minh.<br \/>\nHotline : 090 729 4310<br \/>\nEmail : maybommini.com@gmail.com<br \/>\nWebsite : http:\/\/maybommini.com<br \/>\nFacebook : https:\/\/www.facebook.com\/maybommini<br \/>\nGoogle : https:\/\/plus.google.com\/ Maybomnuocminiruaxe<br \/>\nYoutube demo : https:\/\/www.youtube.com\/bahamasali<\/p>\n<h3 style=\"text-align: center;\">M\u00e1y b\u01a1m mini \u00e1p l\u1ef1c 12V 60W 5L MAXPUMPS<\/h3>\n","protected":false},"excerpt":{"rendered":"<p>Th\u01b0\u01a1ng hi\u1ec7u:\u00a0 MAXPUMPS<br \/>\n\u0110i\u1ec7n\u00a0\u00e1p : 12V<br \/>\nC\u00f4ng xu\u1ea5t : 60W &#8211; 5A<br \/>\n\u00c1p l\u1ef1c : 8kg (0.8 Mpa)<br \/>\nL\u01b0u l\u01b0\u1ee3ng : 5L\/ph\u00fat<br \/>\nTr\u1ecdng l\u01b0\u1ee3ng : 0.6 Kg<br \/>\n\u1ed0ng v\u00e0o ra : 12 mm<br \/>\n\u1ed0ng d\u00e2y cho ph\u00e9p t\u1ed1i\u00a0\u0111a: 90 m\u00e9t.<br \/>\nT\u1ef1 h\u00fat: 1.5 m\u00e9t<br \/>\n\u0110\u1ea9y cao: &gt; 15 m\u00e9t<br \/>\nC\u00f4ng t\u1eaft\u00a0\u00e1p l\u1ef1c t\u1ef1\u00a0\u0111\u1ed9ng ng\u1eaft \u0111i\u1ec7n\u00a0khi kho\u00e1 n\u01b0\u1edbc ra.<br \/>\nPh\u00e2n ph\u1ed1i : MAYBOMMINI.COM<br \/>\nB\u1ea3o h\u00e0nh: 6 th\u00e1ng 1\u00a0\u0111\u1ed5i 1<br \/>\n<strong>B\u1ea3o h\u00e0nh: 6 th\u00e1ng 1\u00a0\u0111\u1ed5i 1<br \/>\nTel: 0907294310<\/strong><\/p>\n","protected":false},"featured_media":258629,"comment_status":"open","ping_status":"closed","template":"","meta":[],"product_brand":[60],"product_cat":[197,225],"product_tag":[266,267,369,370,867,868,232,284,285,268,282,235,269,270,283,271,272,273,274,2002,275,276,277,278,279,239,210,280,314,869,469,281],"class_list":{"0":"post-258628","1":"product","2":"type-product","3":"status-publish","4":"has-post-thumbnail","6":"product_brand-maxpumps","7":"product_cat-may-bom-ap-luc-12v","8":"product_cat-may-bom-nuoc-mini-12v","9":"product_tag-0142-motor","10":"product_tag-12v","11":"product_tag-12v-45w","12":"product_tag-4-lit","13":"product_tag-5l","14":"product_tag-60w","15":"product_tag-bec","16":"product_tag-bom-12v-80w","17":"product_tag-bom-ap-luc","18":"product_tag-bom-ap-luc-nho-nhat","19":"product_tag-bom-mini-12v-70w","20":"product_tag-bom-nuoc-mini","21":"product_tag-bom-nuoc-nho-nhat","22":"product_tag-dc-12v-60w","23":"product_tag-dc-12v-70w","24":"product_tag-high-pressure-diaphragm","25":"product_tag-high-pressure-diaphragm-water","26":"product_tag-high-pressure-diaphragm-water-self-priming-pump","27":"product_tag-http-maybommini-com","28":"product_tag-maxpumps","29":"product_tag-mini","30":"product_tag-mini-12v-60w","31":"product_tag-phun-suong","32":"product_tag-propumps","33":"product_tag-pump","34":"product_tag-rua-may-lanh","35":"product_tag-rua-xe","36":"product_tag-self-priming","37":"product_tag-smart-pumps","38":"product_tag-tro-luc-may-giat","39":"product_tag-tuoi-lan","40":"product_tag-tuoi-vuon","42":"first","43":"instock","44":"sale","45":"shipping-taxable","46":"purchasable","47":"product-type-simple"},"_links":{"self":[{"href":"https:\/\/maybommini.vn\/index.php?rest_route=\/wp\/v2\/product\/258628","targetHints":{"allow":["GET"]}}],"collection":[{"href":"https:\/\/maybommini.vn\/index.php?rest_route=\/wp\/v2\/product"}],"about":[{"href":"https:\/\/maybommini.vn\/index.php?rest_route=\/wp\/v2\/types\/product"}],"replies":[{"embeddable":true,"href":"https:\/\/maybommini.vn\/index.php?rest_route=%2Fwp%2Fv2%2Fcomments&post=258628"}],"wp:featuredmedia":[{"embeddable":true,"href":"https:\/\/maybommini.vn\/index.php?rest_route=\/wp\/v2\/media\/258629"}],"wp:attachment":[{"href":"https:\/\/maybommini.vn\/index.php?rest_route=%2Fwp%2Fv2%2Fmedia&parent=258628"}],"wp:term":[{"taxonomy":"product_brand","embeddable":true,"href":"https:\/\/maybommini.vn\/index.php?rest_route=%2Fwp%2Fv2%2Fproduct_brand&post=258628"},{"taxonomy":"product_cat","embeddable":true,"href":"https:\/\/maybommini.vn\/index.php?rest_route=%2Fwp%2Fv2%2Fproduct_cat&post=258628"},{"taxonomy":"product_tag","embeddable":true,"href":"https:\/\/maybommini.vn\/index.php?rest_route=%2Fwp%2Fv2%2Fproduct_tag&post=258628"}],"curies":[{"name":"wp","href":"https:\/\/api.w.org\/{rel}","templated":true}]}}