{"id":258640,"date":"2018-05-24T19:13:28","date_gmt":"2018-05-24T12:13:28","guid":{"rendered":"https:\/\/maybommini.com\/?post_type=product&#038;p=258640"},"modified":"2018-05-24T19:13:28","modified_gmt":"2018-05-24T12:13:28","slug":"ren-noi-ong-ap-luc-cao-22mm","status":"publish","type":"product","link":"https:\/\/maybommini.vn\/?product=ren-noi-ong-ap-luc-cao-22mm","title":{"rendered":"Ren n\u1ed1i \u1ed1ng \u00e1p l\u1ef1c cao 22mm"},"content":{"rendered":"<p><strong>B\u00e1n ren n\u1ed1i \u1ed1ng \u00e1p l\u1ef1c cao 22mm d\u00f9ng n\u1ed1i d\u00e0i\u00a0\u1ed1ng n\u01b0\u1edbc m\u00e1y\u00a0\u00e1p l\u1ef1c r\u1eeda xe v\u1ec7 sinh nh\u00e0 c\u1eeda. B\u1ea1n mu\u1ed1n d\u00f9ng\u00a0\u1ed1ng d\u00e2y d\u00e0i th\u00ec c\u00f3 th\u1ec3 d\u00f9ng ren n\u1ed1i\u00a0\u1ed1ng n\u00e0y\u00a0\u0111\u1ec3 g\u1eafn 2\u00a0\u1ed1ng l\u1ea1i v\u1edbi nhau m\u1ed9t c\u00e1ch d\u1ec3 d\u00e0ng m\u00e0 kh\u00f4ng s\u1ee3 b\u1ecb r\u1ec9 n\u01b0\u1edbc ho\u1eb7c bung\u00a0\u1ed1ng.<\/strong><\/p>\n<p><a href=\"https:\/\/maybommini.com\/wp-content\/uploads\/2018\/05\/so-mi-re-ngoai-noi-ong-ap-luc-cao-rua-xe.jpg\" target=\"_blank\" rel=\"noopener\"><img decoding=\"async\" class=\"size-full wp-image-258648 aligncenter\" src=\"https:\/\/maybommini.com\/wp-content\/uploads\/2018\/05\/so-mi-re-ngoai-noi-ong-ap-luc-cao-rua-xe.jpg\" alt=\"So Mi Re Ngoai Noi Ong Ap Luc Cao Rua Xe\" width=\"820\" height=\"820\" srcset=\"https:\/\/maybommini.vn\/wp-content\/uploads\/2018\/05\/so-mi-re-ngoai-noi-ong-ap-luc-cao-rua-xe.jpg 820w, https:\/\/maybommini.vn\/wp-content\/uploads\/2018\/05\/so-mi-re-ngoai-noi-ong-ap-luc-cao-rua-xe-300x300.jpg 300w, https:\/\/maybommini.vn\/wp-content\/uploads\/2018\/05\/so-mi-re-ngoai-noi-ong-ap-luc-cao-rua-xe-150x150.jpg 150w, https:\/\/maybommini.vn\/wp-content\/uploads\/2018\/05\/so-mi-re-ngoai-noi-ong-ap-luc-cao-rua-xe-600x600.jpg 600w\" sizes=\"(max-width: 820px) 100vw, 820px\" \/><\/a><\/p>\n<p><strong>TH\u00d4NG S\u1ed0 K\u1ef8 THU\u1eacT<\/strong><br \/>\nModel: S\u01a1 Mi Ren Ngo\u00e0i 22mm.<br \/>\nK\u00edch th\u01b0\u1edbc ren: 22mm.<br \/>\nLo\u1ea1i ren: Ren ngo\u00e0i.<br \/>\nCh\u1ea5t li\u1ec7u:\u00a0\u0110\u1ed3ng.<br \/>\nTr\u1ecdng l\u01b0\u1ee3ng: 100g.<\/p>\n<p><a href=\"https:\/\/maybommini.com\/wp-content\/uploads\/2018\/05\/ren-so-mi-22mm.jpg\" target=\"_blank\" rel=\"noopener\"><img decoding=\"async\" class=\"size-full wp-image-258647 aligncenter\" src=\"https:\/\/maybommini.com\/wp-content\/uploads\/2018\/05\/ren-so-mi-22mm.jpg\" alt=\"Ren So Mi 22mm\" width=\"820\" height=\"820\" srcset=\"https:\/\/maybommini.vn\/wp-content\/uploads\/2018\/05\/ren-so-mi-22mm.jpg 820w, https:\/\/maybommini.vn\/wp-content\/uploads\/2018\/05\/ren-so-mi-22mm-300x300.jpg 300w, https:\/\/maybommini.vn\/wp-content\/uploads\/2018\/05\/ren-so-mi-22mm-150x150.jpg 150w, https:\/\/maybommini.vn\/wp-content\/uploads\/2018\/05\/ren-so-mi-22mm-600x600.jpg 600w\" sizes=\"(max-width: 820px) 100vw, 820px\" \/><\/a> <a href=\"https:\/\/maybommini.com\/wp-content\/uploads\/2018\/05\/ren-ngoai-22mm-noi-ong-day.jpg\" target=\"_blank\" rel=\"noopener\"><img decoding=\"async\" class=\"size-full wp-image-258646 aligncenter\" src=\"https:\/\/maybommini.com\/wp-content\/uploads\/2018\/05\/ren-ngoai-22mm-noi-ong-day.jpg\" alt=\"Ren Ngoai 22mm Noi Ong Day\" width=\"820\" height=\"820\" srcset=\"https:\/\/maybommini.vn\/wp-content\/uploads\/2018\/05\/ren-ngoai-22mm-noi-ong-day.jpg 820w, https:\/\/maybommini.vn\/wp-content\/uploads\/2018\/05\/ren-ngoai-22mm-noi-ong-day-300x300.jpg 300w, https:\/\/maybommini.vn\/wp-content\/uploads\/2018\/05\/ren-ngoai-22mm-noi-ong-day-150x150.jpg 150w, https:\/\/maybommini.vn\/wp-content\/uploads\/2018\/05\/ren-ngoai-22mm-noi-ong-day-600x600.jpg 600w, https:\/\/maybommini.vn\/wp-content\/uploads\/2018\/05\/ren-ngoai-22mm-noi-ong-day-768x768.jpg 768w\" sizes=\"(max-width: 820px) 100vw, 820px\" \/><\/a> <a href=\"https:\/\/maybommini.com\/wp-content\/uploads\/2018\/05\/noi-ong-rua-xe-may-ap-luc-cao.jpg\" target=\"_blank\" rel=\"noopener\"><img decoding=\"async\" class=\"size-full wp-image-258645 aligncenter\" src=\"https:\/\/maybommini.com\/wp-content\/uploads\/2018\/05\/noi-ong-rua-xe-may-ap-luc-cao.jpg\" alt=\"Noi Ong Rua Xe May Ap Luc Cao\" width=\"820\" height=\"820\" srcset=\"https:\/\/maybommini.vn\/wp-content\/uploads\/2018\/05\/noi-ong-rua-xe-may-ap-luc-cao.jpg 820w, https:\/\/maybommini.vn\/wp-content\/uploads\/2018\/05\/noi-ong-rua-xe-may-ap-luc-cao-300x300.jpg 300w, https:\/\/maybommini.vn\/wp-content\/uploads\/2018\/05\/noi-ong-rua-xe-may-ap-luc-cao-150x150.jpg 150w, https:\/\/maybommini.vn\/wp-content\/uploads\/2018\/05\/noi-ong-rua-xe-may-ap-luc-cao-600x600.jpg 600w\" sizes=\"(max-width: 820px) 100vw, 820px\" \/><\/a> <a href=\"https:\/\/maybommini.com\/wp-content\/uploads\/2018\/05\/dau-noi-ong-day-rua-xe.jpg\" target=\"_blank\" rel=\"noopener\"><img decoding=\"async\" class=\"size-full wp-image-258642 aligncenter\" src=\"https:\/\/maybommini.com\/wp-content\/uploads\/2018\/05\/dau-noi-ong-day-rua-xe.jpg\" alt=\"Dau Noi Ong Day Rua Xe\" width=\"820\" height=\"820\" srcset=\"https:\/\/maybommini.vn\/wp-content\/uploads\/2018\/05\/dau-noi-ong-day-rua-xe.jpg 820w, https:\/\/maybommini.vn\/wp-content\/uploads\/2018\/05\/dau-noi-ong-day-rua-xe-300x300.jpg 300w, https:\/\/maybommini.vn\/wp-content\/uploads\/2018\/05\/dau-noi-ong-day-rua-xe-150x150.jpg 150w, https:\/\/maybommini.vn\/wp-content\/uploads\/2018\/05\/dau-noi-ong-day-rua-xe-600x600.jpg 600w\" sizes=\"(max-width: 820px) 100vw, 820px\" \/><\/a><\/p>\n<p><strong>N\u1ed0I\u00a0\u1ed0NG D\u00c2Y\u00a0\u00c1P L\u1ef0C M\u00c1Y R\u1eecA XE<\/strong><br \/>\n&#8211; D\u00f9ng n\u1ed1i c\u00e1c lo\u1ea1i\u00a0\u1ed1ng d\u00e2y\u00a0\u00e1p l\u1ef1c cao.<br \/>\n&#8211; D\u00f9ng trong h\u1ec7 th\u1ed1ng\u00a0\u1ed1ng n\u01b0\u1edbc m\u00e1y b\u01a1m.<br \/>\n&#8211; D\u00f9ng n\u1ed1i d\u00e0i\u00a0\u1ed1ng d\u00e2y m\u00e1y r\u1eeda xe.<br \/>\n&#8211; N\u1ed1i\u00a0\u1ed1ng d\u00e2y m\u00e1y r\u1eeda xe gia\u00a0\u0111\u00ecnh.<br \/>\n&#8211; N\u1ed1i d\u00e0i\u00a0\u1ed1ng m\u00e1y b\u01a1m n\u01b0\u1edbc cao\u00a0\u00e1p.<br \/>\n&#8211; D\u00f9ng cho d\u00e2y\u00a0\u00e1p l\u1ef1c ren trong 22mm.<br \/>\n&#8211; Ren 22mm cho\u00a0\u1ed1ng n\u01b0\u1edbc.<\/p>\n<p><a href=\"https:\/\/maybommini.com\/wp-content\/uploads\/2018\/05\/cach-noi-ong-day-ap-luc.jpg\" target=\"_blank\" rel=\"noopener\"><img decoding=\"async\" class=\"size-full wp-image-258641 aligncenter\" src=\"https:\/\/maybommini.com\/wp-content\/uploads\/2018\/05\/cach-noi-ong-day-ap-luc.jpg\" alt=\"Cach Noi Ong Day Ap Luc\" width=\"820\" height=\"820\" srcset=\"https:\/\/maybommini.vn\/wp-content\/uploads\/2018\/05\/cach-noi-ong-day-ap-luc.jpg 820w, https:\/\/maybommini.vn\/wp-content\/uploads\/2018\/05\/cach-noi-ong-day-ap-luc-300x300.jpg 300w, https:\/\/maybommini.vn\/wp-content\/uploads\/2018\/05\/cach-noi-ong-day-ap-luc-150x150.jpg 150w, https:\/\/maybommini.vn\/wp-content\/uploads\/2018\/05\/cach-noi-ong-day-ap-luc-600x600.jpg 600w\" sizes=\"(max-width: 820px) 100vw, 820px\" \/><\/a> <a href=\"https:\/\/maybommini.com\/wp-content\/uploads\/2018\/05\/noi-day-ong-rua-ve-ap-luc-cao.jpg\" target=\"_blank\" rel=\"noopener\"><img decoding=\"async\" class=\"size-full wp-image-258644 aligncenter\" src=\"https:\/\/maybommini.com\/wp-content\/uploads\/2018\/05\/noi-day-ong-rua-ve-ap-luc-cao.jpg\" alt=\"Noi Day Ong Rua Ve Ap Luc Cao\" width=\"820\" height=\"820\" srcset=\"https:\/\/maybommini.vn\/wp-content\/uploads\/2018\/05\/noi-day-ong-rua-ve-ap-luc-cao.jpg 820w, https:\/\/maybommini.vn\/wp-content\/uploads\/2018\/05\/noi-day-ong-rua-ve-ap-luc-cao-300x300.jpg 300w, https:\/\/maybommini.vn\/wp-content\/uploads\/2018\/05\/noi-day-ong-rua-ve-ap-luc-cao-150x150.jpg 150w, https:\/\/maybommini.vn\/wp-content\/uploads\/2018\/05\/noi-day-ong-rua-ve-ap-luc-cao-600x600.jpg 600w\" sizes=\"(max-width: 820px) 100vw, 820px\" \/><\/a> <a href=\"https:\/\/maybommini.com\/wp-content\/uploads\/2018\/05\/so-mi-re-ngoai-noi-ong-ap-luc-cao-rua-xe.jpg\" target=\"_blank\" rel=\"noopener\"><img decoding=\"async\" class=\"size-full wp-image-258648 aligncenter\" src=\"https:\/\/maybommini.com\/wp-content\/uploads\/2018\/05\/so-mi-re-ngoai-noi-ong-ap-luc-cao-rua-xe.jpg\" alt=\"So Mi Re Ngoai Noi Ong Ap Luc Cao Rua Xe\" width=\"820\" height=\"820\" srcset=\"https:\/\/maybommini.vn\/wp-content\/uploads\/2018\/05\/so-mi-re-ngoai-noi-ong-ap-luc-cao-rua-xe.jpg 820w, https:\/\/maybommini.vn\/wp-content\/uploads\/2018\/05\/so-mi-re-ngoai-noi-ong-ap-luc-cao-rua-xe-300x300.jpg 300w, https:\/\/maybommini.vn\/wp-content\/uploads\/2018\/05\/so-mi-re-ngoai-noi-ong-ap-luc-cao-rua-xe-150x150.jpg 150w, https:\/\/maybommini.vn\/wp-content\/uploads\/2018\/05\/so-mi-re-ngoai-noi-ong-ap-luc-cao-rua-xe-600x600.jpg 600w\" sizes=\"(max-width: 820px) 100vw, 820px\" \/><\/a><\/p>\n<p><strong>MUA REN N\u1ed0I\u00a0\u1ed0NG D\u00c2Y\u00a0\u00c1P L\u1ef0C CAO R\u1eecA XE<\/strong><br \/>\nM\u00e1y b\u01a1m mini chuy\u00ean cung c\u1ea5p c\u00e1c lo\u1ea1i s\u01a1 mi, ren, n\u1ed1i nhanh,\u00a0\u1ed1ng d\u00e2y\u00a0\u00e1p l\u1ef1c, v\u00f2i x\u1ecbt, b\u00e9c x\u1ecbt, n\u1ed1i\u00a0\u1ed1ng, m\u00e1y\u00a0\u00e1p l\u1ef1c cao d\u00f9ng cho gia\u00a0\u0111\u00ecnh, qu\u00e1n\u00a0\u0103n nh\u00e0 h\u00e0ng\u00a0\u0111\u1ec3 v\u1ec7 sinh nh\u00e0 c\u1eeda v\u00e0 t\u01b0\u1edbi c\u00e2y.<br \/>\nWebsite:\u00a0https:\/\/maybommini.com<br \/>\nEmail: maybommini.com@gmail.com<br \/>\nTel: 0907294310<\/p>\n<h3 style=\"text-align: center;\">Ren n\u1ed1i \u1ed1ng \u00e1p l\u1ef1c cao 22mm<\/h3>\n","protected":false},"excerpt":{"rendered":"<p>Model: S\u01a1 Mi Ren Ngo\u00e0i 22mm.<br \/>\nK\u00edch th\u01b0\u1edbc ren: 22mm.<br \/>\nLo\u1ea1i ren: Ren ngo\u00e0i.<br \/>\nCh\u1ea5t li\u1ec7u:\u00a0\u0110\u1ed3ng.<br \/>\nTr\u1ecdng l\u01b0\u1ee3ng: 100g.<\/p>\n","protected":false},"featured_media":258648,"comment_status":"open","ping_status":"closed","template":"","meta":[],"product_brand":[],"product_cat":[2034],"product_tag":[2157,2158,2161,2159,2156,2160],"class_list":{"0":"post-258640","1":"product","2":"type-product","3":"status-publish","4":"has-post-thumbnail","6":"product_cat-ong-day","7":"product_tag-noi-dai-ong-day","8":"product_tag-noi-ong-rua-xe","9":"product_tag-ong-day-may-rua-xe","10":"product_tag-ren-22mm","11":"product_tag-ren-noi-ong","12":"product_tag-so-mi-22mm","14":"first","15":"instock","16":"sale","17":"shipping-taxable","18":"purchasable","19":"product-type-simple"},"_links":{"self":[{"href":"https:\/\/maybommini.vn\/index.php?rest_route=\/wp\/v2\/product\/258640","targetHints":{"allow":["GET"]}}],"collection":[{"href":"https:\/\/maybommini.vn\/index.php?rest_route=\/wp\/v2\/product"}],"about":[{"href":"https:\/\/maybommini.vn\/index.php?rest_route=\/wp\/v2\/types\/product"}],"replies":[{"embeddable":true,"href":"https:\/\/maybommini.vn\/index.php?rest_route=%2Fwp%2Fv2%2Fcomments&post=258640"}],"wp:featuredmedia":[{"embeddable":true,"href":"https:\/\/maybommini.vn\/index.php?rest_route=\/wp\/v2\/media\/258648"}],"wp:attachment":[{"href":"https:\/\/maybommini.vn\/index.php?rest_route=%2Fwp%2Fv2%2Fmedia&parent=258640"}],"wp:term":[{"taxonomy":"product_brand","embeddable":true,"href":"https:\/\/maybommini.vn\/index.php?rest_route=%2Fwp%2Fv2%2Fproduct_brand&post=258640"},{"taxonomy":"product_cat","embeddable":true,"href":"https:\/\/maybommini.vn\/index.php?rest_route=%2Fwp%2Fv2%2Fproduct_cat&post=258640"},{"taxonomy":"product_tag","embeddable":true,"href":"https:\/\/maybommini.vn\/index.php?rest_route=%2Fwp%2Fv2%2Fproduct_tag&post=258640"}],"curies":[{"name":"wp","href":"https:\/\/api.w.org\/{rel}","templated":true}]}}