{"id":258672,"date":"2018-05-27T14:11:44","date_gmt":"2018-05-27T07:11:44","guid":{"rendered":"https:\/\/maybommini.com\/?post_type=product&#038;p=258672"},"modified":"2022-11-10T23:52:30","modified_gmt":"2022-11-10T16:52:30","slug":"pin-21v-2000mah-5-cell-thiet-bi-cam-tay","status":"publish","type":"product","link":"https:\/\/maybommini.vn\/?product=pin-21v-2000mah-5-cell-thiet-bi-cam-tay","title":{"rendered":"Pin 21V 2000mah 5 cell thi\u1ebft b\u1ecb c\u1ea7m tay"},"content":{"rendered":"<p><strong>Pin 21V 2000mah 5 cell thi\u1ebft b\u1ecb c\u1ea7m tay g\u1ecdn nh\u1eb9 ph\u00f9 h\u1ee3p c\u00e1c thi\u1ebft b\u1ecb d\u00f9ng pin c\u00f3 khe c\u1eafm c\u00f9ng lo\u1ea1i. Ch\u00fang t\u00f4i chuy\u00ean cung c\u1ea5p c\u00e1c lo\u1ea1i pin thi\u1ebft b\u1ecb 12V 16V 21V ch\u00ednh h\u00e3ng gi\u00e1 t\u1ed1t b\u1ea3o h\u00e0nh to\u00e0n qu\u1ed1c, vui l\u00f2ng li\u00ean h\u1ec7 \u0111\u01b0\u1ee3c \u0111\u01b0\u1ee3c t\u01b0 v\u1ea5n th\u00eam.\u00a0<\/strong><\/p>\n<p><strong><a href=\"https:\/\/maybommini.com\/wp-content\/uploads\/2018\/05\/pin-may-khoan-cam-tay-21V-2000mah-FV-MTM.jpg\" target=\"_blank\" rel=\"noopener\"><img decoding=\"async\" class=\"size-full wp-image-271384 aligncenter\" src=\"https:\/\/maybommini.com\/wp-content\/uploads\/2018\/05\/pin-may-khoan-cam-tay-21V-2000mah-FV-MTM.jpg\" alt=\"Pin May Khoan Cam Tay 21V 2000mah FV MTM\" width=\"750\" height=\"750\" srcset=\"https:\/\/maybommini.vn\/wp-content\/uploads\/2018\/05\/pin-may-khoan-cam-tay-21V-2000mah-FV-MTM.jpg 750w, https:\/\/maybommini.vn\/wp-content\/uploads\/2018\/05\/pin-may-khoan-cam-tay-21V-2000mah-FV-MTM-300x300.jpg 300w, https:\/\/maybommini.vn\/wp-content\/uploads\/2018\/05\/pin-may-khoan-cam-tay-21V-2000mah-FV-MTM-150x150.jpg 150w, https:\/\/maybommini.vn\/wp-content\/uploads\/2018\/05\/pin-may-khoan-cam-tay-21V-2000mah-FV-MTM-600x600.jpg 600w\" sizes=\"(max-width: 750px) 100vw, 750px\" \/><\/a>TH\u00d4NG S\u1ed0 K\u1ef8 THU\u1eacT<\/strong><br \/>\nTh\u01b0\u01a1ng hi\u1ec7u: MTM<br \/>\nModel: FV-21V-2000<br \/>\n\u0110i\u1ec7n th\u1ebf \u0111\u1ecbnh danh: 21V DC<br \/>\n\u0110i\u1ec7n th\u1ebf giao \u0111\u1ed9ng: 18V &#8211; 21.6V DC<br \/>\nDung l\u01b0\u1ee3ng: 2000mAh &#8211; 2.0 Ah<br \/>\nS\u1ea1c v\u00e0o: 21.6V 1A &#8211; 2A<br \/>\nLo\u1ea1i pin: Lithium Li-ion<br \/>\nKi\u1ec3u gh\u00e9p pin: 5S1P &#8211; 5 cell 18650<br \/>\nM\u1ea1ch b\u1ea3o v\u1ec7 qu\u00e1 t\u1ea3i v\u00e0 c\u00e2n b\u1eb1ng pin.<br \/>\nC\u1ed5ng s\u1ea1c: Jack DC 5.5 x 2.1 mm<br \/>\nCh\u1ea5t li\u1ec7u: Nh\u1ef1a ABS &#8211; Kim lo\u1ea1i<br \/>\nK\u00edch th\u01b0\u1edbc:<br \/>\nTr\u1ecdng l\u01b0\u1ee3ng: 200g<br \/>\n<a href=\"https:\/\/maybommini.com\/wp-content\/uploads\/2018\/05\/pin-sac-21v-may-khoan-trung-quoc.jpg\" target=\"_blank\" rel=\"noopener\"><img decoding=\"async\" class=\"size-full wp-image-271385 aligncenter\" src=\"https:\/\/maybommini.com\/wp-content\/uploads\/2018\/05\/pin-sac-21v-may-khoan-trung-quoc.jpg\" alt=\"Pin Sac 21v May Khoan Trung Quoc\" width=\"750\" height=\"750\" srcset=\"https:\/\/maybommini.vn\/wp-content\/uploads\/2018\/05\/pin-sac-21v-may-khoan-trung-quoc.jpg 750w, https:\/\/maybommini.vn\/wp-content\/uploads\/2018\/05\/pin-sac-21v-may-khoan-trung-quoc-300x300.jpg 300w, https:\/\/maybommini.vn\/wp-content\/uploads\/2018\/05\/pin-sac-21v-may-khoan-trung-quoc-150x150.jpg 150w, https:\/\/maybommini.vn\/wp-content\/uploads\/2018\/05\/pin-sac-21v-may-khoan-trung-quoc-600x600.jpg 600w\" sizes=\"(max-width: 750px) 100vw, 750px\" \/><\/a><a href=\"https:\/\/maybommini.com\/wp-content\/uploads\/2018\/05\/pin-21v-chuan-trung-quoc-gia-tot.jpg\" target=\"_blank\" rel=\"noopener\"><img decoding=\"async\" class=\"size-full wp-image-271381 aligncenter\" src=\"https:\/\/maybommini.com\/wp-content\/uploads\/2018\/05\/pin-21v-chuan-trung-quoc-gia-tot.jpg\" alt=\"Pin 21v Chuan Trung Quoc Gia Tot\" width=\"750\" height=\"750\" srcset=\"https:\/\/maybommini.vn\/wp-content\/uploads\/2018\/05\/pin-21v-chuan-trung-quoc-gia-tot.jpg 750w, https:\/\/maybommini.vn\/wp-content\/uploads\/2018\/05\/pin-21v-chuan-trung-quoc-gia-tot-300x300.jpg 300w, https:\/\/maybommini.vn\/wp-content\/uploads\/2018\/05\/pin-21v-chuan-trung-quoc-gia-tot-150x150.jpg 150w, https:\/\/maybommini.vn\/wp-content\/uploads\/2018\/05\/pin-21v-chuan-trung-quoc-gia-tot-600x600.jpg 600w\" sizes=\"(max-width: 750px) 100vw, 750px\" \/><\/a><a href=\"https:\/\/maybommini.com\/wp-content\/uploads\/2018\/05\/pin-21v-2000mah-5-cell.jpg\" target=\"_blank\" rel=\"noopener\"><img decoding=\"async\" class=\"size-full wp-image-271380 aligncenter\" src=\"https:\/\/maybommini.com\/wp-content\/uploads\/2018\/05\/pin-21v-2000mah-5-cell.jpg\" alt=\"Pin 21v 2000mah 5 Cell\" width=\"750\" height=\"750\" srcset=\"https:\/\/maybommini.vn\/wp-content\/uploads\/2018\/05\/pin-21v-2000mah-5-cell.jpg 750w, https:\/\/maybommini.vn\/wp-content\/uploads\/2018\/05\/pin-21v-2000mah-5-cell-300x300.jpg 300w, https:\/\/maybommini.vn\/wp-content\/uploads\/2018\/05\/pin-21v-2000mah-5-cell-150x150.jpg 150w, https:\/\/maybommini.vn\/wp-content\/uploads\/2018\/05\/pin-21v-2000mah-5-cell-600x600.jpg 600w\" sizes=\"(max-width: 750px) 100vw, 750px\" \/><\/a><a href=\"https:\/\/maybommini.com\/wp-content\/uploads\/2018\/05\/pin-21v-5s-5-cell-gia-re-chinh-hang.jpg\" target=\"_blank\" rel=\"noopener\"><img decoding=\"async\" class=\"size-full wp-image-271379 aligncenter\" src=\"https:\/\/maybommini.com\/wp-content\/uploads\/2018\/05\/pin-21v-5s-5-cell-gia-re-chinh-hang.jpg\" alt=\"Pin 21v 5s 5 Cell Gia Re Chinh Hang\" width=\"750\" height=\"750\" srcset=\"https:\/\/maybommini.vn\/wp-content\/uploads\/2018\/05\/pin-21v-5s-5-cell-gia-re-chinh-hang.jpg 750w, https:\/\/maybommini.vn\/wp-content\/uploads\/2018\/05\/pin-21v-5s-5-cell-gia-re-chinh-hang-300x300.jpg 300w, https:\/\/maybommini.vn\/wp-content\/uploads\/2018\/05\/pin-21v-5s-5-cell-gia-re-chinh-hang-150x150.jpg 150w, https:\/\/maybommini.vn\/wp-content\/uploads\/2018\/05\/pin-21v-5s-5-cell-gia-re-chinh-hang-600x600.jpg 600w\" sizes=\"(max-width: 750px) 100vw, 750px\" \/><\/a><a href=\"https:\/\/maybommini.com\/wp-content\/uploads\/2018\/05\/pin-may-bat-vit-cam-tay-21v-2000mah.jpg\" target=\"_blank\" rel=\"noopener\"><img decoding=\"async\" class=\"size-full wp-image-271382 aligncenter\" src=\"https:\/\/maybommini.com\/wp-content\/uploads\/2018\/05\/pin-may-bat-vit-cam-tay-21v-2000mah.jpg\" alt=\"Pin May Bat Vit Cam Tay 21v 2000mah\" width=\"750\" height=\"750\" srcset=\"https:\/\/maybommini.vn\/wp-content\/uploads\/2018\/05\/pin-may-bat-vit-cam-tay-21v-2000mah.jpg 750w, https:\/\/maybommini.vn\/wp-content\/uploads\/2018\/05\/pin-may-bat-vit-cam-tay-21v-2000mah-300x300.jpg 300w, https:\/\/maybommini.vn\/wp-content\/uploads\/2018\/05\/pin-may-bat-vit-cam-tay-21v-2000mah-150x150.jpg 150w, https:\/\/maybommini.vn\/wp-content\/uploads\/2018\/05\/pin-may-bat-vit-cam-tay-21v-2000mah-600x600.jpg 600w\" sizes=\"(max-width: 750px) 100vw, 750px\" \/><\/a><\/p>\n<p><strong>H\u01af\u1edaNG D\u1eaaN S\u1eec D\u1ee4NG PIN 21V THI\u1ebeT B\u1eca C\u1ea6M TAY<\/strong><br \/>\n&#8211; Vui l\u00f2ng thao kh\u1ea3o v\u00e0 xem k\u1ef9 khe c\u1eafm pin c\u00f9ng lo\u1ea1i.<br \/>\n\u2013 S\u1eed d\u1ee5ng pin \u0111\u00fang cho thi\u1ebft b\u1ecb c\u1ee7a nh\u00e0 s\u1ea3n xu\u1ea5t y\u00eau c\u1ea7u, theo \u0111\u00fang khe c\u1eafm pin.<br \/>\n\u2013 S\u1eed d\u1ee5ng s\u1ea1c k\u00e8m theo pin ho\u1eb7c k\u00e8m theo m\u00e1y \u0111\u1ec3 s\u1ea1c \u0111\u1ea7y pin tr\u01b0\u1edbc khi s\u1eed d\u1ee5ng.<br \/>\n\u2013 \u0110\u00e8n tr\u00ean s\u1ea1c m\u00e0u xanh l\u00e0 pin \u0111\u1ea7y, m\u00e0u \u0111\u1ecf l\u00e0 \u0111ang s\u1ea1c.<br \/>\n\u2013 Tr\u00e1nh kh\u00f4ng \u0111\u01b0\u1ee3c \u0111\u1ec3 pin v\u00e0o n\u01b0\u1edbc.<br \/>\n\u2013 V\u1ec7 sinh s\u1ea1ch sau khi s\u1eed d\u1ee5ng pin.<br \/>\n\u2013 S\u1ea1c l\u1ea1i pin sau khi s\u1eed d\u1ee5ng v\u00e0 c\u1ea5t gi\u1eef l\u00e2u d\u00e0i.<br \/>\n\u2013 Tr\u00e1nh \u1ea9m \u01b0\u1edbt v\u00e0 \u0111\u1ec3 xa t\u1ea7m tay tr\u1ebb em.<br \/>\n<em><strong>*** L\u01b0u \u00fd v\u1ec1 pin m\u00e1y khoan c\u1ea7m tay.\u00a0<\/strong><\/em><br \/>\n\u2013 Pin 21V 2000mah 5 Cell<br \/>\n\u2013 Pin 21V 4000mah 10 cell<br \/>\n\u2013 Pin 21V 6000mah 15 cell<strong><a href=\"https:\/\/maybommini.com\/wp-content\/uploads\/2018\/05\/pin-may-bat-vit-cam-tay-21v-gia-re.jpg\" target=\"_blank\" rel=\"noopener\"><img decoding=\"async\" class=\"size-full wp-image-271383 aligncenter\" src=\"https:\/\/maybommini.com\/wp-content\/uploads\/2018\/05\/pin-may-bat-vit-cam-tay-21v-gia-re.jpg\" alt=\"Pin May Bat Vit Cam Tay 21v Gia Re\" width=\"750\" height=\"750\" srcset=\"https:\/\/maybommini.vn\/wp-content\/uploads\/2018\/05\/pin-may-bat-vit-cam-tay-21v-gia-re.jpg 750w, https:\/\/maybommini.vn\/wp-content\/uploads\/2018\/05\/pin-may-bat-vit-cam-tay-21v-gia-re-300x300.jpg 300w, https:\/\/maybommini.vn\/wp-content\/uploads\/2018\/05\/pin-may-bat-vit-cam-tay-21v-gia-re-150x150.jpg 150w, https:\/\/maybommini.vn\/wp-content\/uploads\/2018\/05\/pin-may-bat-vit-cam-tay-21v-gia-re-600x600.jpg 600w\" sizes=\"(max-width: 750px) 100vw, 750px\" \/><\/a><a href=\"https:\/\/maybommini.com\/wp-content\/uploads\/2018\/05\/ban-pin-may-khoan-cam-tay-21v.jpg\" target=\"_blank\" rel=\"noopener\"><img decoding=\"async\" class=\"size-full wp-image-271377 aligncenter\" src=\"https:\/\/maybommini.com\/wp-content\/uploads\/2018\/05\/ban-pin-may-khoan-cam-tay-21v.jpg\" alt=\"Ban Pin May Khoan Cam Tay 21v\" width=\"750\" height=\"750\" srcset=\"https:\/\/maybommini.vn\/wp-content\/uploads\/2018\/05\/ban-pin-may-khoan-cam-tay-21v.jpg 750w, https:\/\/maybommini.vn\/wp-content\/uploads\/2018\/05\/ban-pin-may-khoan-cam-tay-21v-300x300.jpg 300w, https:\/\/maybommini.vn\/wp-content\/uploads\/2018\/05\/ban-pin-may-khoan-cam-tay-21v-150x150.jpg 150w, https:\/\/maybommini.vn\/wp-content\/uploads\/2018\/05\/ban-pin-may-khoan-cam-tay-21v-600x600.jpg 600w\" sizes=\"(max-width: 750px) 100vw, 750px\" \/><\/a><\/strong><\/p>\n<p><strong>S\u1eec D\u1ee4NG PIN 21V M\u00c1Y KHOAN V\u00c0 THI\u1ebeT B\u1eca C\u1ea6M TAY C\u1ea6M TAY<\/strong><br \/>\n&#8211; D\u00f9ng thay th\u1ebf Pin m\u00e1y khoan c\u1ea7m tay.<br \/>\n&#8211; D\u00f9ng l\u00e0m pin d\u1ef1 ph\u00f2ng cho <a href=\"http:\/\/MAY K\" target=\"_blank\" rel=\"noopener\">m\u00e1y khoan c\u1ea7m tay<\/a> b\u1eaft v\u00edt 21V.<br \/>\n&#8211; D\u00f9ng cho c\u00e1c lo\u1ea1i m\u00e1y khoan c\u1ea7m tay c\u00f3 lo\u1ea1i pin r\u1eddi s\u1ea1c.<br \/>\n&#8211; Pin cho m\u00e1y in, m\u00e1y \u0111o nhi\u1ec7t, m\u00e1y qu\u1ea1t mini, b\u01a1m mini.<br \/>\n&#8211; Pin 21V m\u00e1y b\u01a1m x\u0103ng d\u1ea7u DC.<br \/>\n&#8211; Pin 21V cho \u0111\u00e8n Led chi\u1ebfu s\u00e1ng, pin 21v \u0111\u00e8n pin d\u1ef1 ph\u00f2ng.<br \/>\n&#8211; Pin s\u1ea1c 21V cho b\u1ed9 s\u1ea1c USB \u0111i\u1ec7n tho\u1ea1i v\u00e0 nhi\u1ec1u \u1ee9ng d\u1ee5ng kh\u00e1c.<\/p>\n<p><a href=\"https:\/\/maybommini.com\/wp-content\/uploads\/2018\/05\/may-khoan-cam-tay-dung-pin-21v.jpg\" target=\"_blank\" rel=\"noopener\"><img decoding=\"async\" class=\"size-full wp-image-258678 aligncenter\" src=\"https:\/\/maybommini.com\/wp-content\/uploads\/2018\/05\/may-khoan-cam-tay-dung-pin-21v.jpg\" alt=\"May Khoan Cam Tay Dung Pin 21v\" width=\"800\" height=\"800\" srcset=\"https:\/\/maybommini.vn\/wp-content\/uploads\/2018\/05\/may-khoan-cam-tay-dung-pin-21v.jpg 800w, https:\/\/maybommini.vn\/wp-content\/uploads\/2018\/05\/may-khoan-cam-tay-dung-pin-21v-300x300.jpg 300w, https:\/\/maybommini.vn\/wp-content\/uploads\/2018\/05\/may-khoan-cam-tay-dung-pin-21v-150x150.jpg 150w, https:\/\/maybommini.vn\/wp-content\/uploads\/2018\/05\/may-khoan-cam-tay-dung-pin-21v-600x600.jpg 600w\" sizes=\"(max-width: 800px) 100vw, 800px\" \/><\/a><\/p>\n<p><strong>MUA PIN 12V 16.8V 21V M\u00c1Y KHOAN S\u00daNG B\u1eaeN V\u00cdT\u00a0\u1ede \u0110\u00c2U ?<\/strong><br \/>\nCh\u00fang t\u00f4i chuy\u00ean nh\u1eadp kh\u1ea7u v\u00e0 ph\u00e2n ph\u1ed1i c\u00e1c lo\u1ea1i m\u00e1y khoan pin 12V 16.8V 21V c\u1ea7m tay v\u00e0 pin m\u00e1y khoan c\u00e1c lo\u1ea1i \u1ee1 Vi\u1ec7t Nam. V\u1edbi gi\u00e1 t\u1ed1t ch\u00ednh h\u00e3ng b\u1ea3o h\u00e0nh l\u00e2u d\u00e0i \u0111\u00e2y l\u00e0 l\u1ef1a ch\u1ecdn cho kh\u00e1ch h\u00e0ng c\u1ee7a ch\u00fang t\u00f4i trong th\u1eddi gian qua.<\/p>\n<h4 style=\"text-align: center;\"><strong> <a href=\"https:\/\/maybommini.com\/wp-content\/uploads\/2018\/05\/chuyen-phan-phoi-cac-loai-pin-21v-may-khoan.jpg\" target=\"_blank\" rel=\"noopener\"><img decoding=\"async\" class=\"alignnone size-full wp-image-271378\" src=\"https:\/\/maybommini.com\/wp-content\/uploads\/2018\/05\/chuyen-phan-phoi-cac-loai-pin-21v-may-khoan.jpg\" alt=\"Chuyen Phan Phoi Cac Loai Pin 21v May Khoan\" width=\"750\" height=\"750\" srcset=\"https:\/\/maybommini.vn\/wp-content\/uploads\/2018\/05\/chuyen-phan-phoi-cac-loai-pin-21v-may-khoan.jpg 750w, https:\/\/maybommini.vn\/wp-content\/uploads\/2018\/05\/chuyen-phan-phoi-cac-loai-pin-21v-may-khoan-300x300.jpg 300w, https:\/\/maybommini.vn\/wp-content\/uploads\/2018\/05\/chuyen-phan-phoi-cac-loai-pin-21v-may-khoan-150x150.jpg 150w, https:\/\/maybommini.vn\/wp-content\/uploads\/2018\/05\/chuyen-phan-phoi-cac-loai-pin-21v-may-khoan-600x600.jpg 600w\" sizes=\"(max-width: 750px) 100vw, 750px\" \/><\/a><a href=\"https:\/\/maybommini.com\/wp-content\/uploads\/2018\/05\/ban-pin-may-khoan-cam-tay-21v.jpg\" target=\"_blank\" rel=\"noopener\"><img decoding=\"async\" class=\"alignnone size-full wp-image-271377\" src=\"https:\/\/maybommini.com\/wp-content\/uploads\/2018\/05\/ban-pin-may-khoan-cam-tay-21v.jpg\" alt=\"Ban Pin May Khoan Cam Tay 21v\" width=\"750\" height=\"750\" srcset=\"https:\/\/maybommini.vn\/wp-content\/uploads\/2018\/05\/ban-pin-may-khoan-cam-tay-21v.jpg 750w, https:\/\/maybommini.vn\/wp-content\/uploads\/2018\/05\/ban-pin-may-khoan-cam-tay-21v-300x300.jpg 300w, https:\/\/maybommini.vn\/wp-content\/uploads\/2018\/05\/ban-pin-may-khoan-cam-tay-21v-150x150.jpg 150w, https:\/\/maybommini.vn\/wp-content\/uploads\/2018\/05\/ban-pin-may-khoan-cam-tay-21v-600x600.jpg 600w\" sizes=\"(max-width: 750px) 100vw, 750px\" \/><\/a><a href=\"https:\/\/maybommini.com\/wp-content\/uploads\/2018\/05\/pin-may-bat-vit-cam-tay-21v-gia-re.jpg\" target=\"_blank\" rel=\"noopener\"><img decoding=\"async\" class=\"size-full wp-image-271383 aligncenter\" src=\"https:\/\/maybommini.com\/wp-content\/uploads\/2018\/05\/pin-may-bat-vit-cam-tay-21v-gia-re.jpg\" alt=\"Pin May Bat Vit Cam Tay 21v Gia Re\" width=\"750\" height=\"750\" srcset=\"https:\/\/maybommini.vn\/wp-content\/uploads\/2018\/05\/pin-may-bat-vit-cam-tay-21v-gia-re.jpg 750w, https:\/\/maybommini.vn\/wp-content\/uploads\/2018\/05\/pin-may-bat-vit-cam-tay-21v-gia-re-300x300.jpg 300w, https:\/\/maybommini.vn\/wp-content\/uploads\/2018\/05\/pin-may-bat-vit-cam-tay-21v-gia-re-150x150.jpg 150w, https:\/\/maybommini.vn\/wp-content\/uploads\/2018\/05\/pin-may-bat-vit-cam-tay-21v-gia-re-600x600.jpg 600w\" sizes=\"(max-width: 750px) 100vw, 750px\" \/><\/a><br \/>\nPin 21V 2000mah 5 cell thi\u1ebft b\u1ecb c\u1ea7m tay<\/strong><\/h4>\n<p><strong>MUA M\u00c1Y KHOAN PIN B\u1eaeT V\u00cdT C\u1ea6M TAY T\u1ed4 ONG \u1ede \u0110\u00c2U ?<\/strong><br \/>\nCh\u00fang t\u00f4i chuy\u00ean cung c\u1ea5p m\u00e1y khoan, m\u00e1y b\u1eaft v\u00edt, m\u00e1y b\u1eafn bulong, thi\u1ebft b\u1ecb \u0111i\u1ec7n, ngu\u1ed3n \u0111i\u1ec7n, bi\u1ebfn th\u1ebf, bi\u1ebfn \u00e1p, t\u0103ng ph\u00f4 \u0111i\u1ec7n, adapter, adapter, ngu\u1ed3n t\u1ed5 ong, s\u1ea1c pin s\u1ea1c b\u00ecnh v\u1edbi gi\u00e1 t\u1ed1t ch\u00ednh h\u00e3ng c\u00f3 b\u1ea3o h\u00e0nh tr\u00ean to\u00e0n qu\u1ed1c.<br \/>\n<strong>CTY TNHH TH\u01af\u01a0NG M\u1ea0I D\u1ecaCH V\u1ee4 \u0110I\u1ec6N M\u00c1Y TH\u00d4NG MINH<\/strong><br \/>\n<strong>Hotline:<\/strong>\u00a0<a href=\"tel:02873030399\">02873030399<\/a>\u00a0\u2013\u00a0<a href=\"tel:0907294310\">0907294310<\/a>\u00a0\u2013\u00a0<a href=\"tel:0908997823\">0908997823<\/a>\u00a0\u2013\u00a0<a href=\"tel:0908997872\">0908997872<\/a><br \/>\n<strong>Email:<\/strong>\u00a0maybommini.com@gmail.com<br \/>\n<strong>Website:<\/strong>\u00a0<a href=\"https:\/\/maybommini.com\/\" target=\"_blank\" rel=\"noopener\">https:\/\/maybommini.com<\/a><br \/>\n<strong>Youtube demo:<\/strong>\u00a0<a title=\"Youtube M\u00e1y B\u01a1m Mini\" href=\"https:\/\/www.youtube.com\/bahamasali\" target=\"_blank\" rel=\"noopener\">M\u00e1y B\u01a1m Mini<\/a><\/p>\n<p><a class=\"swipebox\" title=\"\" href=\"https:\/\/maybommini.com\/wp-content\/uploads\/2022\/07\/thong-tin-lien-he-may-bom-mini.jpg\" data-rel=\"lightbox-image-bGlnaHRib3gtaW1hZ2UtYkdsbmFIUmliM2d0YVcxaFoyVXRNVFU9\" data-rl_title=\"\" data-rl_caption=\"\" data-rl_ target=\"_blank\" rel=\"noopener\"><img decoding=\"async\" class=\"size-full wp-image-270584 aligncenter lazyloaded\" src=\"https:\/\/maybommini.com\/wp-content\/uploads\/2022\/07\/thong-tin-lien-he-may-bom-mini.jpg\" sizes=\"(max-width: 750px) 100vw, 750px\" srcset=\"https:\/\/maybommini.com\/wp-content\/uploads\/2022\/07\/thong-tin-lien-he-may-bom-mini.jpg 750w, https:\/\/maybommini.com\/wp-content\/uploads\/2022\/07\/thong-tin-lien-he-may-bom-mini-300x202.jpg 300w, https:\/\/maybommini.com\/wp-content\/uploads\/2022\/07\/thong-tin-lien-he-may-bom-mini-600x405.jpg 600w\" alt=\"Thong Tin Lien He May Bom Mini\" width=\"750\" height=\"506\" data-lazy-srcset=\"https:\/\/maybommini.com\/wp-content\/uploads\/2022\/07\/thong-tin-lien-he-may-bom-mini.jpg 750w, https:\/\/maybommini.com\/wp-content\/uploads\/2022\/07\/thong-tin-lien-he-may-bom-mini-300x202.jpg 300w, https:\/\/maybommini.com\/wp-content\/uploads\/2022\/07\/thong-tin-lien-he-may-bom-mini-600x405.jpg 600w\" data-lazy-sizes=\"(max-width: 750px) 100vw, 750px\" data-lazy-src=\"https:\/\/maybommini.com\/wp-content\/uploads\/2022\/07\/thong-tin-lien-he-may-bom-mini.jpg\" data-was-processed=\"true\" \/><\/a><\/p>\n<p><a href=\"https:\/\/maybommini.com\/wp-content\/uploads\/2018\/05\/pin-may-khoan-21v.jpg\" target=\"_blank\" rel=\"noopener\"><img decoding=\"async\" class=\"size-full wp-image-258674 aligncenter\" src=\"https:\/\/maybommini.com\/wp-content\/uploads\/2018\/05\/pin-may-khoan-21v.jpg\" alt=\"Pin May Khoan 21v\" width=\"820\" height=\"820\" srcset=\"https:\/\/maybommini.vn\/wp-content\/uploads\/2018\/05\/pin-may-khoan-21v.jpg 820w, https:\/\/maybommini.vn\/wp-content\/uploads\/2018\/05\/pin-may-khoan-21v-300x300.jpg 300w, https:\/\/maybommini.vn\/wp-content\/uploads\/2018\/05\/pin-may-khoan-21v-150x150.jpg 150w, https:\/\/maybommini.vn\/wp-content\/uploads\/2018\/05\/pin-may-khoan-21v-600x600.jpg 600w\" sizes=\"(max-width: 820px) 100vw, 820px\" \/><\/a><\/p>\n<p><a href=\"https:\/\/maybommini.com\/wp-content\/uploads\/2018\/05\/pin-may-khoan-cam-tay-21V.jpg\" target=\"_blank\" rel=\"noopener\"><img decoding=\"async\" class=\"size-full wp-image-258676 aligncenter\" src=\"https:\/\/maybommini.com\/wp-content\/uploads\/2018\/05\/pin-may-khoan-cam-tay-21V.jpg\" alt=\"Pin May Khoan Cam Tay 21V\" width=\"820\" height=\"820\" srcset=\"https:\/\/maybommini.vn\/wp-content\/uploads\/2018\/05\/pin-may-khoan-cam-tay-21V.jpg 820w, https:\/\/maybommini.vn\/wp-content\/uploads\/2018\/05\/pin-may-khoan-cam-tay-21V-300x300.jpg 300w, https:\/\/maybommini.vn\/wp-content\/uploads\/2018\/05\/pin-may-khoan-cam-tay-21V-150x150.jpg 150w, https:\/\/maybommini.vn\/wp-content\/uploads\/2018\/05\/pin-may-khoan-cam-tay-21V-600x600.jpg 600w\" sizes=\"(max-width: 820px) 100vw, 820px\" \/><\/a> <a href=\"https:\/\/maybommini.com\/wp-content\/uploads\/2018\/05\/pin-may-khoan-sung-ban-vit.jpg\" target=\"_blank\" rel=\"noopener\"><img decoding=\"async\" class=\"size-full wp-image-258677 aligncenter\" src=\"https:\/\/maybommini.com\/wp-content\/uploads\/2018\/05\/pin-may-khoan-sung-ban-vit.jpg\" alt=\"Pin May Khoan Sung Ban Vit\" width=\"820\" height=\"820\" srcset=\"https:\/\/maybommini.vn\/wp-content\/uploads\/2018\/05\/pin-may-khoan-sung-ban-vit.jpg 820w, https:\/\/maybommini.vn\/wp-content\/uploads\/2018\/05\/pin-may-khoan-sung-ban-vit-300x300.jpg 300w, https:\/\/maybommini.vn\/wp-content\/uploads\/2018\/05\/pin-may-khoan-sung-ban-vit-150x150.jpg 150w, https:\/\/maybommini.vn\/wp-content\/uploads\/2018\/05\/pin-may-khoan-sung-ban-vit-600x600.jpg 600w\" sizes=\"(max-width: 820px) 100vw, 820px\" \/><\/a> <a href=\"https:\/\/maybommini.com\/wp-content\/uploads\/2018\/05\/pin-21v-may-khoan-sung-ban-vit.jpg\" target=\"_blank\" rel=\"noopener\"><img decoding=\"async\" class=\"size-full wp-image-258673 aligncenter\" src=\"https:\/\/maybommini.com\/wp-content\/uploads\/2018\/05\/pin-21v-may-khoan-sung-ban-vit.jpg\" alt=\"Pin 21v May Khoan Sung Ban Vit\" width=\"820\" height=\"820\" srcset=\"https:\/\/maybommini.vn\/wp-content\/uploads\/2018\/05\/pin-21v-may-khoan-sung-ban-vit.jpg 820w, https:\/\/maybommini.vn\/wp-content\/uploads\/2018\/05\/pin-21v-may-khoan-sung-ban-vit-300x300.jpg 300w, https:\/\/maybommini.vn\/wp-content\/uploads\/2018\/05\/pin-21v-may-khoan-sung-ban-vit-150x150.jpg 150w, https:\/\/maybommini.vn\/wp-content\/uploads\/2018\/05\/pin-21v-may-khoan-sung-ban-vit-600x600.jpg 600w\" sizes=\"(max-width: 820px) 100vw, 820px\" \/><\/a><\/p>\n<p>&nbsp;<\/p>\n<p>&nbsp;<\/p>\n<p>&nbsp;<\/p>\n<p><a href=\"https:\/\/maybommini.com\/wp-content\/uploads\/2018\/05\/ban-pin-may-khoan-gia-re-chat-luong.jpg\" target=\"_blank\" rel=\"noopener\"><img decoding=\"async\" class=\"size-full wp-image-258665 aligncenter\" src=\"https:\/\/maybommini.com\/wp-content\/uploads\/2018\/05\/ban-pin-may-khoan-gia-re-chat-luong.jpg\" alt=\"Ban Pin May Khoan Gia Re Chat Luong\" width=\"820\" height=\"820\" srcset=\"https:\/\/maybommini.vn\/wp-content\/uploads\/2018\/05\/ban-pin-may-khoan-gia-re-chat-luong.jpg 820w, https:\/\/maybommini.vn\/wp-content\/uploads\/2018\/05\/ban-pin-may-khoan-gia-re-chat-luong-300x300.jpg 300w, https:\/\/maybommini.vn\/wp-content\/uploads\/2018\/05\/ban-pin-may-khoan-gia-re-chat-luong-150x150.jpg 150w, https:\/\/maybommini.vn\/wp-content\/uploads\/2018\/05\/ban-pin-may-khoan-gia-re-chat-luong-600x600.jpg 600w\" sizes=\"(max-width: 820px) 100vw, 820px\" \/><\/a><\/p>\n<h3 style=\"text-align: center;\"><\/h3>\n","protected":false},"excerpt":{"rendered":"<p>Th\u01b0\u01a1ng hi\u1ec7u: MTM<br \/>\nModel: FV-21V-2000<br \/>\n\u0110i\u1ec7n th\u1ebf \u0111\u1ecbnh danh: 21V DC<br \/>\n\u0110i\u1ec7n th\u1ebf giao \u0111\u1ed9ng: 18V &#8211; 21.6V DC<br \/>\nDung l\u01b0\u1ee3ng: 2000mAh &#8211; 2.0 Ah<br \/>\nS\u1ea1c v\u00e0o: 21.6V 1A &#8211; 2A<br \/>\nLo\u1ea1i pin: Lithium Li-ion<br \/>\nKi\u1ec3u gh\u00e9p pin: 5S1P &#8211; 5 cell 18650<br \/>\nM\u1ea1ch b\u1ea3o v\u1ec7 qu\u00e1 t\u1ea3i v\u00e0 c\u00e2n b\u1eb1ng pin.<br \/>\nC\u1ed5ng s\u1ea1c: Jack DC 5.5 x 2.1 mm<br \/>\nCh\u1ea5t li\u1ec7u: Nh\u1ef1a ABS &#8211; Kim lo\u1ea1i<br \/>\nK\u00edch th\u01b0\u1edbc:<br \/>\nTr\u1ecdng l\u01b0\u1ee3ng: 200g<br \/>\nB\u1ea3o h\u00e0nh: 1 th\u00e1ng<br \/>\n<strong>Mua s\u1ed1 l\u01b0\u1ee3ng c\u00f3 gi\u00e1 t\u1ed1t<\/strong><br \/>\n<strong>Nh\u1eadn \u0111\u00f3ng pin thay cell pin m\u00e1y khoan<\/strong><br \/>\n<strong>Thay cell pin thi\u1ebft b\u1ecb d\u00f9ng pin c\u00e1c lo\u1ea1i<\/strong><\/p>\n","protected":false},"featured_media":271384,"comment_status":"open","ping_status":"closed","template":"","meta":[],"product_brand":[],"product_cat":[421,317,828,3654],"product_tag":[267,2162,2164,430,1133,2163,3470,2530,1134,1135,1136,2165,1137],"class_list":{"0":"post-258672","1":"product","2":"type-product","3":"status-publish","4":"has-post-thumbnail","6":"product_cat-pin-sac","7":"product_cat-thiet-bi-dung-cu","8":"product_cat-may-khoan-ban-vit","9":"product_cat-pin-thiet-bi-cam-tay","10":"product_tag-12v","11":"product_tag-16-8v","12":"product_tag-21v","13":"product_tag-pin","14":"product_tag-pin-12v-may-khoan","15":"product_tag-pin-16-8v","16":"product_tag-pin-21v","17":"product_tag-pin-21v-makita","18":"product_tag-pin-li-ion","19":"product_tag-pin-may-ban-vit","20":"product_tag-pin-may-khoan","21":"product_tag-pin-may-khoan-21v","22":"product_tag-pin-sac-may-khoan","24":"first","25":"instock","26":"sale","27":"shipping-taxable","28":"purchasable","29":"product-type-simple"},"_links":{"self":[{"href":"https:\/\/maybommini.vn\/index.php?rest_route=\/wp\/v2\/product\/258672","targetHints":{"allow":["GET"]}}],"collection":[{"href":"https:\/\/maybommini.vn\/index.php?rest_route=\/wp\/v2\/product"}],"about":[{"href":"https:\/\/maybommini.vn\/index.php?rest_route=\/wp\/v2\/types\/product"}],"replies":[{"embeddable":true,"href":"https:\/\/maybommini.vn\/index.php?rest_route=%2Fwp%2Fv2%2Fcomments&post=258672"}],"wp:featuredmedia":[{"embeddable":true,"href":"https:\/\/maybommini.vn\/index.php?rest_route=\/wp\/v2\/media\/271384"}],"wp:attachment":[{"href":"https:\/\/maybommini.vn\/index.php?rest_route=%2Fwp%2Fv2%2Fmedia&parent=258672"}],"wp:term":[{"taxonomy":"product_brand","embeddable":true,"href":"https:\/\/maybommini.vn\/index.php?rest_route=%2Fwp%2Fv2%2Fproduct_brand&post=258672"},{"taxonomy":"product_cat","embeddable":true,"href":"https:\/\/maybommini.vn\/index.php?rest_route=%2Fwp%2Fv2%2Fproduct_cat&post=258672"},{"taxonomy":"product_tag","embeddable":true,"href":"https:\/\/maybommini.vn\/index.php?rest_route=%2Fwp%2Fv2%2Fproduct_tag&post=258672"}],"curies":[{"name":"wp","href":"https:\/\/api.w.org\/{rel}","templated":true}]}}