{"id":259076,"date":"2018-06-12T18:03:19","date_gmt":"2018-06-12T11:03:19","guid":{"rendered":"https:\/\/maybommini.com\/?post_type=product&#038;p=259076"},"modified":"2019-06-27T14:30:44","modified_gmt":"2019-06-27T07:30:44","slug":"may-bom-binh-nuoc-tinh-khiet-jf-016","status":"publish","type":"product","link":"https:\/\/maybommini.vn\/?product=may-bom-binh-nuoc-tinh-khiet-jf-016","title":{"rendered":"M\u00e1y b\u01a1m b\u00ecnh n\u01b0\u1edbc tinh khi\u1ebft JF-016"},"content":{"rendered":"<h3>Chuy\u00ean cung c\u1ea5p b\u00e1n m\u00e1y b\u01a1m b\u00ecnh n\u01b0\u1edbc tinh khi\u1ebft JF-016 \u0111\u00e2y l\u00e0m lo\u1ea1i m\u00e1y b\u01a1m d\u00f9ng cho b\u00ecnh n\u01b0\u1edbc tinh khi\u1ebft b\u00ecnh n\u01b0\u1edbc cho m\u00e1y n\u00f3ng l\u1ea1nh d\u00f9ng trong gia\u00a0\u0111\u00ecnh v\u0103n ph\u00f2ng nh\u00e0 h\u00e0ng qu\u00e1n\u00a0\u0103n. S\u1eed d\u1ee5ng c\u00f4ng ngh\u1ec7 cao an\u00a0to\u00e0n s\u1ee9c kh\u1ecfe, ti\u1ec7n l\u1ee3i d\u1ec3 l\u1eafp\u00a0\u0111\u1eb7t kh\u00f4ng c\u1ea7n c\u1ea5m\u00a0\u0111i\u1ec7n gi\u00e1 t\u1ed1t b\u1ea3o h\u00e0nh ch\u00ednh h\u00e3ng.<\/h3>\n<p><a href=\"https:\/\/maybommini.com\/wp-content\/uploads\/2018\/06\/may-bom-binh-nuoc-tinh-khiet-jf-016.jpg\" target=\"_blank\" rel=\"noopener\"><img decoding=\"async\" class=\"size-full wp-image-259084 aligncenter\" src=\"https:\/\/maybommini.com\/wp-content\/uploads\/2018\/06\/may-bom-binh-nuoc-tinh-khiet-jf-016.jpg\" alt=\"May Bom Binh Nuoc Tinh Khiet Jf 016\" width=\"820\" height=\"820\" srcset=\"https:\/\/maybommini.vn\/wp-content\/uploads\/2018\/06\/may-bom-binh-nuoc-tinh-khiet-jf-016.jpg 820w, https:\/\/maybommini.vn\/wp-content\/uploads\/2018\/06\/may-bom-binh-nuoc-tinh-khiet-jf-016-300x300.jpg 300w, https:\/\/maybommini.vn\/wp-content\/uploads\/2018\/06\/may-bom-binh-nuoc-tinh-khiet-jf-016-150x150.jpg 150w, https:\/\/maybommini.vn\/wp-content\/uploads\/2018\/06\/may-bom-binh-nuoc-tinh-khiet-jf-016-600x600.jpg 600w\" sizes=\"(max-width: 820px) 100vw, 820px\" \/><\/a><\/p>\n<p><strong>TH\u00d4NG S\u1ed0 K\u1ef8 THU\u1eacT<\/strong><br \/>\nModel: JF-016<br \/>\nC\u00f4ng su\u1ea5t: 4W<br \/>\nL\u01b0u l\u01b0\u1ee3ng: 1.5L\/P<br \/>\nCh\u1ea5t li\u1ec7u: Inox, ABS<br \/>\nM\u00e1y b\u01a1m\u00a0\u00e1p l\u1ef1c c\u00f4ng ngh\u1ec7 cao.<br \/>\nV\u00f2i n\u01b0\u1edbc Inox cong 42\u00a0\u0111\u1ed9.<br \/>\nD\u00f9ng pin s\u1ea1c c\u1ed5ng USB \u0111i\u1ec7n tho\u1ea1i.<br \/>\nK\u00e8m d\u00e2y s\u1ea1c USB,\u00a0\u1ed1ng n\u01b0\u1edbc h\u00fat.<br \/>\nTr\u1ecdng l\u01b0\u1ee3ng: 500g<\/p>\n<p><a href=\"https:\/\/maybommini.com\/wp-content\/uploads\/2018\/06\/dau-bom-binh-nuoc-tinh-khiet-jf-016.jpg\" target=\"_blank\" rel=\"noopener\"><img decoding=\"async\" class=\"size-full wp-image-259080 aligncenter\" src=\"https:\/\/maybommini.com\/wp-content\/uploads\/2018\/06\/dau-bom-binh-nuoc-tinh-khiet-jf-016.jpg\" alt=\"Dau Bom Binh Nuoc Tinh Khiet Jf 016\" width=\"820\" height=\"820\" srcset=\"https:\/\/maybommini.vn\/wp-content\/uploads\/2018\/06\/dau-bom-binh-nuoc-tinh-khiet-jf-016.jpg 820w, https:\/\/maybommini.vn\/wp-content\/uploads\/2018\/06\/dau-bom-binh-nuoc-tinh-khiet-jf-016-300x300.jpg 300w, https:\/\/maybommini.vn\/wp-content\/uploads\/2018\/06\/dau-bom-binh-nuoc-tinh-khiet-jf-016-150x150.jpg 150w, https:\/\/maybommini.vn\/wp-content\/uploads\/2018\/06\/dau-bom-binh-nuoc-tinh-khiet-jf-016-600x600.jpg 600w\" sizes=\"(max-width: 820px) 100vw, 820px\" \/><\/a><\/p>\n<p><a href=\"https:\/\/maybommini.com\/wp-content\/uploads\/2018\/06\/bom-nuoc-binh-tinh-khiet-cong-nghe-cao.jpg\" target=\"_blank\" rel=\"noopener\"><img decoding=\"async\" class=\"size-full wp-image-259061 aligncenter\" src=\"https:\/\/maybommini.com\/wp-content\/uploads\/2018\/06\/bom-nuoc-binh-tinh-khiet-cong-nghe-cao.jpg\" alt=\"Bom Nuoc Binh Tinh Khiet Cong Nghe Cao\" width=\"820\" height=\"820\" srcset=\"https:\/\/maybommini.vn\/wp-content\/uploads\/2018\/06\/bom-nuoc-binh-tinh-khiet-cong-nghe-cao.jpg 820w, https:\/\/maybommini.vn\/wp-content\/uploads\/2018\/06\/bom-nuoc-binh-tinh-khiet-cong-nghe-cao-300x300.jpg 300w, https:\/\/maybommini.vn\/wp-content\/uploads\/2018\/06\/bom-nuoc-binh-tinh-khiet-cong-nghe-cao-150x150.jpg 150w, https:\/\/maybommini.vn\/wp-content\/uploads\/2018\/06\/bom-nuoc-binh-tinh-khiet-cong-nghe-cao-600x600.jpg 600w\" sizes=\"(max-width: 820px) 100vw, 820px\" \/><\/a><a href=\"https:\/\/maybommini.com\/wp-content\/uploads\/2018\/06\/ong-nuoc-dau-bom-binh-nuoc.jpg\" target=\"_blank\" rel=\"noopener\"><img decoding=\"async\" class=\"size-full wp-image-259072 aligncenter\" src=\"https:\/\/maybommini.com\/wp-content\/uploads\/2018\/06\/ong-nuoc-dau-bom-binh-nuoc.jpg\" alt=\"Ong Nuoc Dau Bom Binh Nuoc\" width=\"820\" height=\"820\" srcset=\"https:\/\/maybommini.vn\/wp-content\/uploads\/2018\/06\/ong-nuoc-dau-bom-binh-nuoc.jpg 820w, https:\/\/maybommini.vn\/wp-content\/uploads\/2018\/06\/ong-nuoc-dau-bom-binh-nuoc-300x300.jpg 300w, https:\/\/maybommini.vn\/wp-content\/uploads\/2018\/06\/ong-nuoc-dau-bom-binh-nuoc-150x150.jpg 150w, https:\/\/maybommini.vn\/wp-content\/uploads\/2018\/06\/ong-nuoc-dau-bom-binh-nuoc-600x600.jpg 600w, https:\/\/maybommini.vn\/wp-content\/uploads\/2018\/06\/ong-nuoc-dau-bom-binh-nuoc-768x768.jpg 768w\" sizes=\"(max-width: 820px) 100vw, 820px\" \/><\/a><a href=\"https:\/\/maybommini.com\/wp-content\/uploads\/2018\/06\/may-bom-binh-nuoc-nuoc-tinh-khiet.jpg\" target=\"_blank\" rel=\"noopener\"><img decoding=\"async\" class=\"size-full wp-image-259083 aligncenter\" src=\"https:\/\/maybommini.com\/wp-content\/uploads\/2018\/06\/may-bom-binh-nuoc-nuoc-tinh-khiet.jpg\" alt=\"May Bom Binh Nuoc Nuoc Tinh Khiet\" width=\"820\" height=\"820\" srcset=\"https:\/\/maybommini.vn\/wp-content\/uploads\/2018\/06\/may-bom-binh-nuoc-nuoc-tinh-khiet.jpg 820w, https:\/\/maybommini.vn\/wp-content\/uploads\/2018\/06\/may-bom-binh-nuoc-nuoc-tinh-khiet-300x300.jpg 300w, https:\/\/maybommini.vn\/wp-content\/uploads\/2018\/06\/may-bom-binh-nuoc-nuoc-tinh-khiet-150x150.jpg 150w, https:\/\/maybommini.vn\/wp-content\/uploads\/2018\/06\/may-bom-binh-nuoc-nuoc-tinh-khiet-600x600.jpg 600w\" sizes=\"(max-width: 820px) 100vw, 820px\" \/><\/a><strong>H\u01af\u1edaNG D\u1eaaN S\u1eea\u00a0D\u1ee4NG<br \/>\n<\/strong>&#8211; G\u1eafn\u00a0\u1ed1ng n\u01b0\u1edbc v\u00e0o\u00a0\u0111\u1ea7u b\u01a1m n\u01b0\u1edbc.<br \/>\n&#8211; G\u1eafn \u0111\u1ea7u b\u01a1m v\u00e0o b\u00ecnh n\u01b0\u1edbc tinh khi\u1ebft.<br \/>\n&#8211; B\u1ea5m n\u00fat ngu\u1ed3n 1 l\u1ea7n s\u1ebb b\u01a1m h\u00fat n\u01b0\u1edbc t\u1eeb trong b\u00ecnh ra.<br \/>\n&#8211; B\u1ea5m n\u00fat ngu\u1ed3n 1 l\u1ea7n n\u1eefa s\u1ebb t\u1eafc b\u01a1m.<br \/>\n&#8211; S\u1ea1c pin b\u1eb1ng ngu\u1ed3n s\u1ea1c\u00a0\u0111i\u1ec7n tho\u1ea1i, m\u00e1y t\u00ednh b\u1ea3ng c\u1ed5ng USB.<br \/>\n&#8211; Kh\u00f4ng c\u1ea7n c\u1ea5m\u00a0\u0111i\u1ec7n.<\/p>\n<p><a href=\"https:\/\/maybommini.com\/wp-content\/uploads\/2018\/06\/su-dung-dau-bom-binh-nuoc-uong-gia-dinh.jpg\" target=\"_blank\" rel=\"noopener\"><img decoding=\"async\" class=\"size-full wp-image-259086 aligncenter\" src=\"https:\/\/maybommini.com\/wp-content\/uploads\/2018\/06\/su-dung-dau-bom-binh-nuoc-uong-gia-dinh.jpg\" alt=\"Su Dung Dau Bom Binh Nuoc Uong Gia Dinh\" width=\"820\" height=\"820\" srcset=\"https:\/\/maybommini.vn\/wp-content\/uploads\/2018\/06\/su-dung-dau-bom-binh-nuoc-uong-gia-dinh.jpg 820w, https:\/\/maybommini.vn\/wp-content\/uploads\/2018\/06\/su-dung-dau-bom-binh-nuoc-uong-gia-dinh-300x300.jpg 300w, https:\/\/maybommini.vn\/wp-content\/uploads\/2018\/06\/su-dung-dau-bom-binh-nuoc-uong-gia-dinh-150x150.jpg 150w, https:\/\/maybommini.vn\/wp-content\/uploads\/2018\/06\/su-dung-dau-bom-binh-nuoc-uong-gia-dinh-600x600.jpg 600w\" sizes=\"(max-width: 820px) 100vw, 820px\" \/><\/a> <a href=\"https:\/\/maybommini.com\/wp-content\/uploads\/2018\/06\/may-bom-binh-nuoc-nuoc-tinh-khiet.jpg\" target=\"_blank\" rel=\"noopener\"><img decoding=\"async\" class=\"size-full wp-image-259083 aligncenter\" src=\"https:\/\/maybommini.com\/wp-content\/uploads\/2018\/06\/may-bom-binh-nuoc-nuoc-tinh-khiet.jpg\" alt=\"May Bom Binh Nuoc Nuoc Tinh Khiet\" width=\"820\" height=\"820\" srcset=\"https:\/\/maybommini.vn\/wp-content\/uploads\/2018\/06\/may-bom-binh-nuoc-nuoc-tinh-khiet.jpg 820w, https:\/\/maybommini.vn\/wp-content\/uploads\/2018\/06\/may-bom-binh-nuoc-nuoc-tinh-khiet-300x300.jpg 300w, https:\/\/maybommini.vn\/wp-content\/uploads\/2018\/06\/may-bom-binh-nuoc-nuoc-tinh-khiet-150x150.jpg 150w, https:\/\/maybommini.vn\/wp-content\/uploads\/2018\/06\/may-bom-binh-nuoc-nuoc-tinh-khiet-600x600.jpg 600w\" sizes=\"(max-width: 820px) 100vw, 820px\" \/><\/a> <a href=\"https:\/\/maybommini.com\/wp-content\/uploads\/2018\/06\/lay-nuoc-bom-nuoc-binh-tinh-khiet-nong-lanh.jpg\" target=\"_blank\" rel=\"noopener\"><img decoding=\"async\" class=\"size-full wp-image-259081 aligncenter\" src=\"https:\/\/maybommini.com\/wp-content\/uploads\/2018\/06\/lay-nuoc-bom-nuoc-binh-tinh-khiet-nong-lanh.jpg\" alt=\"Lay Nuoc Bom Nuoc Binh Tinh Khiet Nong Lanh\" width=\"820\" height=\"820\" srcset=\"https:\/\/maybommini.vn\/wp-content\/uploads\/2018\/06\/lay-nuoc-bom-nuoc-binh-tinh-khiet-nong-lanh.jpg 820w, https:\/\/maybommini.vn\/wp-content\/uploads\/2018\/06\/lay-nuoc-bom-nuoc-binh-tinh-khiet-nong-lanh-300x300.jpg 300w, https:\/\/maybommini.vn\/wp-content\/uploads\/2018\/06\/lay-nuoc-bom-nuoc-binh-tinh-khiet-nong-lanh-150x150.jpg 150w, https:\/\/maybommini.vn\/wp-content\/uploads\/2018\/06\/lay-nuoc-bom-nuoc-binh-tinh-khiet-nong-lanh-600x600.jpg 600w\" sizes=\"(max-width: 820px) 100vw, 820px\" \/><\/a> <a href=\"https:\/\/maybommini.com\/wp-content\/uploads\/2018\/06\/bom-nuoc-uong-gia-dinh-cao-cap-gia-re.jpg\" target=\"_blank\" rel=\"noopener\"><img decoding=\"async\" class=\"size-full wp-image-259079 aligncenter\" src=\"https:\/\/maybommini.com\/wp-content\/uploads\/2018\/06\/bom-nuoc-uong-gia-dinh-cao-cap-gia-re.jpg\" alt=\"Bom Nuoc Uong Gia Dinh Cao Cap Gia Re\" width=\"820\" height=\"820\" srcset=\"https:\/\/maybommini.vn\/wp-content\/uploads\/2018\/06\/bom-nuoc-uong-gia-dinh-cao-cap-gia-re.jpg 820w, https:\/\/maybommini.vn\/wp-content\/uploads\/2018\/06\/bom-nuoc-uong-gia-dinh-cao-cap-gia-re-300x300.jpg 300w, https:\/\/maybommini.vn\/wp-content\/uploads\/2018\/06\/bom-nuoc-uong-gia-dinh-cao-cap-gia-re-150x150.jpg 150w, https:\/\/maybommini.vn\/wp-content\/uploads\/2018\/06\/bom-nuoc-uong-gia-dinh-cao-cap-gia-re-600x600.jpg 600w\" sizes=\"(max-width: 820px) 100vw, 820px\" \/><\/a> <a href=\"https:\/\/maybommini.com\/wp-content\/uploads\/2018\/06\/su-dung-may-bom-nuoc-binh-20l.jpg\" target=\"_blank\" rel=\"noopener\"><img decoding=\"async\" class=\"size-full wp-image-259087 aligncenter\" src=\"https:\/\/maybommini.com\/wp-content\/uploads\/2018\/06\/su-dung-may-bom-nuoc-binh-20l.jpg\" alt=\"Su Dung May Bom Nuoc Binh 20l\" width=\"820\" height=\"820\" srcset=\"https:\/\/maybommini.vn\/wp-content\/uploads\/2018\/06\/su-dung-may-bom-nuoc-binh-20l.jpg 820w, https:\/\/maybommini.vn\/wp-content\/uploads\/2018\/06\/su-dung-may-bom-nuoc-binh-20l-300x300.jpg 300w, https:\/\/maybommini.vn\/wp-content\/uploads\/2018\/06\/su-dung-may-bom-nuoc-binh-20l-150x150.jpg 150w, https:\/\/maybommini.vn\/wp-content\/uploads\/2018\/06\/su-dung-may-bom-nuoc-binh-20l-600x600.jpg 600w\" sizes=\"(max-width: 820px) 100vw, 820px\" \/><\/a><\/p>\n<p><strong>\u1ee8NG D\u1ee4NG M\u00c1Y B\u01a0M B\u00ccNH N\u01af\u1edaC TINH KHI\u1ebeT<\/strong><br \/>\n<strong>&#8211;\u00a0<\/strong>D\u00f9ng cho c\u00e1c lo\u1ea1i b\u00ecnh n\u01b0\u1edbc tinh khi\u1ebft ki\u1ec1u cho m\u00e1y n\u01b0\u1edbc n\u00f3ng l\u1ea1nh.<br \/>\n&#8211; D\u00f9ng b\u01a1m n\u01b0\u1edbc u\u1ed1ng trong gia\u00a0\u0111\u00ecnh.<br \/>\n&#8211; D\u00f9ng b\u01a1m n\u01b0\u1edbc b\u00ecnh tinh khi\u1ebft.<br \/>\n&#8211; B\u01a1m n\u01b0\u1edbc t\u1eeb b\u00ecnh ch\u01b0a n\u01b0\u1edbc tinh khi\u1ebft 20L 10L.<br \/>\n&#8211; B\u01a1m th\u1ef1c ph\u1ea9m l\u1ecfng kh\u00e1c t\u1eeb c\u00e1c b\u00ecnh ch\u1ee9a.<br \/>\n&#8211; D\u00f9ng b\u01a1m c\u00e0 ph\u00ea, s\u1eefa l\u1ecfng kh\u00e1c.<br \/>\n&#8211; D\u00f9ng b\u01a1m n\u01b0\u1edbc tinh khi\u1ebft trong nh\u00e0 b\u1ebfp, nh\u00e0 h\u00e0ng, kh\u00e1ch s\u1ea1n.<\/p>\n<p><a href=\"https:\/\/maybommini.com\/wp-content\/uploads\/2018\/06\/lay-nuoc-bom-nuoc-binh-tinh-khiet-nong-lanh.jpg\" target=\"_blank\" rel=\"noopener\"><img decoding=\"async\" class=\"size-full wp-image-259081 aligncenter\" src=\"https:\/\/maybommini.com\/wp-content\/uploads\/2018\/06\/lay-nuoc-bom-nuoc-binh-tinh-khiet-nong-lanh.jpg\" alt=\"Lay Nuoc Bom Nuoc Binh Tinh Khiet Nong Lanh\" width=\"820\" height=\"820\" srcset=\"https:\/\/maybommini.vn\/wp-content\/uploads\/2018\/06\/lay-nuoc-bom-nuoc-binh-tinh-khiet-nong-lanh.jpg 820w, https:\/\/maybommini.vn\/wp-content\/uploads\/2018\/06\/lay-nuoc-bom-nuoc-binh-tinh-khiet-nong-lanh-300x300.jpg 300w, https:\/\/maybommini.vn\/wp-content\/uploads\/2018\/06\/lay-nuoc-bom-nuoc-binh-tinh-khiet-nong-lanh-150x150.jpg 150w, https:\/\/maybommini.vn\/wp-content\/uploads\/2018\/06\/lay-nuoc-bom-nuoc-binh-tinh-khiet-nong-lanh-600x600.jpg 600w\" sizes=\"(max-width: 820px) 100vw, 820px\" \/><\/a><a href=\"https:\/\/maybommini.com\/wp-content\/uploads\/2018\/06\/may-bom-binh-nuoc-nuoc-tinh-khiet.jpg\" target=\"_blank\" rel=\"noopener\"><img decoding=\"async\" class=\"size-full wp-image-259083 aligncenter\" src=\"https:\/\/maybommini.com\/wp-content\/uploads\/2018\/06\/may-bom-binh-nuoc-nuoc-tinh-khiet.jpg\" alt=\"May Bom Binh Nuoc Nuoc Tinh Khiet\" width=\"820\" height=\"820\" srcset=\"https:\/\/maybommini.vn\/wp-content\/uploads\/2018\/06\/may-bom-binh-nuoc-nuoc-tinh-khiet.jpg 820w, https:\/\/maybommini.vn\/wp-content\/uploads\/2018\/06\/may-bom-binh-nuoc-nuoc-tinh-khiet-300x300.jpg 300w, https:\/\/maybommini.vn\/wp-content\/uploads\/2018\/06\/may-bom-binh-nuoc-nuoc-tinh-khiet-150x150.jpg 150w, https:\/\/maybommini.vn\/wp-content\/uploads\/2018\/06\/may-bom-binh-nuoc-nuoc-tinh-khiet-600x600.jpg 600w\" sizes=\"(max-width: 820px) 100vw, 820px\" \/><\/a><a href=\"https:\/\/maybommini.com\/wp-content\/uploads\/2018\/06\/may-bom-nuoc-uong-gia-dinh-2018.jpg\" target=\"_blank\" rel=\"noopener\"><img decoding=\"async\" class=\"size-full wp-image-259085 aligncenter\" src=\"https:\/\/maybommini.com\/wp-content\/uploads\/2018\/06\/may-bom-nuoc-uong-gia-dinh-2018.jpg\" alt=\"May Bom Nuoc Uong Gia Dinh 2018\" width=\"820\" height=\"820\" srcset=\"https:\/\/maybommini.vn\/wp-content\/uploads\/2018\/06\/may-bom-nuoc-uong-gia-dinh-2018.jpg 820w, https:\/\/maybommini.vn\/wp-content\/uploads\/2018\/06\/may-bom-nuoc-uong-gia-dinh-2018-300x300.jpg 300w, https:\/\/maybommini.vn\/wp-content\/uploads\/2018\/06\/may-bom-nuoc-uong-gia-dinh-2018-150x150.jpg 150w, https:\/\/maybommini.vn\/wp-content\/uploads\/2018\/06\/may-bom-nuoc-uong-gia-dinh-2018-600x600.jpg 600w\" sizes=\"(max-width: 820px) 100vw, 820px\" \/><\/a><a href=\"https:\/\/maybommini.com\/wp-content\/uploads\/2018\/06\/su-dung-may-bom-nuoc-binh-20l.jpg\" target=\"_blank\" rel=\"noopener\"><img decoding=\"async\" class=\"size-full wp-image-259087 aligncenter\" src=\"https:\/\/maybommini.com\/wp-content\/uploads\/2018\/06\/su-dung-may-bom-nuoc-binh-20l.jpg\" alt=\"Su Dung May Bom Nuoc Binh 20l\" width=\"820\" height=\"820\" srcset=\"https:\/\/maybommini.vn\/wp-content\/uploads\/2018\/06\/su-dung-may-bom-nuoc-binh-20l.jpg 820w, https:\/\/maybommini.vn\/wp-content\/uploads\/2018\/06\/su-dung-may-bom-nuoc-binh-20l-300x300.jpg 300w, https:\/\/maybommini.vn\/wp-content\/uploads\/2018\/06\/su-dung-may-bom-nuoc-binh-20l-150x150.jpg 150w, https:\/\/maybommini.vn\/wp-content\/uploads\/2018\/06\/su-dung-may-bom-nuoc-binh-20l-600x600.jpg 600w\" sizes=\"(max-width: 820px) 100vw, 820px\" \/><\/a><a href=\"https:\/\/maybommini.com\/wp-content\/uploads\/2018\/06\/su-dung-may-bom-binh-nuoc-tinh-khiet.jpg\" target=\"_blank\" rel=\"noopener\"><img decoding=\"async\" class=\"size-full wp-image-259074 aligncenter\" src=\"https:\/\/maybommini.com\/wp-content\/uploads\/2018\/06\/su-dung-may-bom-binh-nuoc-tinh-khiet.jpg\" alt=\"Su Dung May Bom Binh Nuoc Tinh Khiet\" width=\"820\" height=\"820\" srcset=\"https:\/\/maybommini.vn\/wp-content\/uploads\/2018\/06\/su-dung-may-bom-binh-nuoc-tinh-khiet.jpg 820w, https:\/\/maybommini.vn\/wp-content\/uploads\/2018\/06\/su-dung-may-bom-binh-nuoc-tinh-khiet-300x300.jpg 300w, https:\/\/maybommini.vn\/wp-content\/uploads\/2018\/06\/su-dung-may-bom-binh-nuoc-tinh-khiet-150x150.jpg 150w, https:\/\/maybommini.vn\/wp-content\/uploads\/2018\/06\/su-dung-may-bom-binh-nuoc-tinh-khiet-600x600.jpg 600w, https:\/\/maybommini.vn\/wp-content\/uploads\/2018\/06\/su-dung-may-bom-binh-nuoc-tinh-khiet-768x768.jpg 768w\" sizes=\"(max-width: 820px) 100vw, 820px\" \/><\/a><strong>MUA\u00a0\u0110\u1ea6U B\u01a0M B\u00ccNH N\u01af\u1edaC TINH KHI\u1ebeT\u00a0\u1ede\u00a0\u0110\u00c2U ?<\/strong><br \/>\nCh\u00fang t\u00f4i chuy\u00ean cung c\u1ea5p c\u00e1c lo\u1ea1i m\u00e1y b\u01a1m b\u00ecnh n\u01b0\u1edbc tinh khi\u1ebft, m\u00e1y b\u01a1m mini, m\u00e1y b\u01a1m th\u1ef1c ph\u1ea9m, m\u00e1y b\u01a1m h\u00f3a ch\u1ea5t ch\u1ea5t l\u01b0\u1ee3ng cao, ch\u00ednh h\u00e3ng giao h\u00e0ng tr\u00ean to\u00e0n qu\u1ed1c, b\u1ea3o h\u00e0nh ch\u00ednh h\u00e3ng, gi\u00e1 t\u1ed1t nh\u1ea5t.<br \/>\nTel: 02873030399 &#8211; 0907294310<br \/>\nEmail: maybommini.com@gmail.com<br \/>\nWebsite:\u00a0https:\/\/maybommini.com<\/p>\n","protected":false},"excerpt":{"rendered":"<p>Model: JF-016<br \/>\nC\u00f4ng su\u1ea5t: 4W<br \/>\nL\u01b0u l\u01b0\u1ee3ng: 1.5L\/P<br \/>\nCh\u1ea5t li\u1ec7u: Inox, ABS<br \/>\nM\u00e1y b\u01a1m\u00a0\u00e1p l\u1ef1c c\u00f4ng ngh\u1ec7 cao.<br \/>\nV\u00f2i n\u01b0\u1edbc Inox cong 42\u00a0\u0111\u1ed9.<br \/>\nD\u00f9ng pin s\u1ea1c c\u1ed5ng USB \u0111i\u1ec7n tho\u1ea1i.<br \/>\nK\u00e8m d\u00e2y s\u1ea1c USB,\u00a0\u1ed1ng n\u01b0\u1edbc h\u00fat.<br \/>\nTr\u1ecdng l\u01b0\u1ee3ng: 500g<br \/>\nB\u1ea3o h\u00e0nh: 6 th\u00e1ng<\/p>\n","protected":false},"featured_media":259080,"comment_status":"open","ping_status":"closed","template":"","meta":[],"product_brand":[2227],"product_cat":[2047,224],"product_tag":[2233,2230,2234,2231,2229,1141,2232,2237,375,2228,2236,2235],"class_list":{"0":"post-259076","1":"product","2":"type-product","3":"status-publish","4":"has-post-thumbnail","6":"product_brand-mtm","7":"product_cat-may-bom-thuc-pham","8":"product_cat-may-bom-nuoc","9":"product_tag-510h","10":"product_tag-binh-nuoc-tinh-khiet","11":"product_tag-bom-binh-nuoc-tinh-khiet","12":"product_tag-bom-nuoc-binh-tinh-khiet","13":"product_tag-bom-nuoc-tinh-khiet","14":"product_tag-dau-bom","15":"product_tag-dau-bom-binh-nuoc-tinh-khiet","16":"product_tag-jf-016","17":"product_tag-may-bom-nuoc","18":"product_tag-may-bom-nuoc-uong","19":"product_tag-may-bom-nuoc-uong-gia-dinh","20":"product_tag-nuoc-tinh-khiet","22":"first","23":"instock","24":"sale","25":"shipping-taxable","26":"purchasable","27":"product-type-simple"},"_links":{"self":[{"href":"https:\/\/maybommini.vn\/index.php?rest_route=\/wp\/v2\/product\/259076","targetHints":{"allow":["GET"]}}],"collection":[{"href":"https:\/\/maybommini.vn\/index.php?rest_route=\/wp\/v2\/product"}],"about":[{"href":"https:\/\/maybommini.vn\/index.php?rest_route=\/wp\/v2\/types\/product"}],"replies":[{"embeddable":true,"href":"https:\/\/maybommini.vn\/index.php?rest_route=%2Fwp%2Fv2%2Fcomments&post=259076"}],"wp:featuredmedia":[{"embeddable":true,"href":"https:\/\/maybommini.vn\/index.php?rest_route=\/wp\/v2\/media\/259080"}],"wp:attachment":[{"href":"https:\/\/maybommini.vn\/index.php?rest_route=%2Fwp%2Fv2%2Fmedia&parent=259076"}],"wp:term":[{"taxonomy":"product_brand","embeddable":true,"href":"https:\/\/maybommini.vn\/index.php?rest_route=%2Fwp%2Fv2%2Fproduct_brand&post=259076"},{"taxonomy":"product_cat","embeddable":true,"href":"https:\/\/maybommini.vn\/index.php?rest_route=%2Fwp%2Fv2%2Fproduct_cat&post=259076"},{"taxonomy":"product_tag","embeddable":true,"href":"https:\/\/maybommini.vn\/index.php?rest_route=%2Fwp%2Fv2%2Fproduct_tag&post=259076"}],"curies":[{"name":"wp","href":"https:\/\/api.w.org\/{rel}","templated":true}]}}