{"id":259106,"date":"2018-06-13T12:57:42","date_gmt":"2018-06-13T05:57:42","guid":{"rendered":"https:\/\/maybommini.com\/?post_type=product&#038;p=259106"},"modified":"2025-04-04T12:34:54","modified_gmt":"2025-04-04T05:34:54","slug":"may-bom-binh-nuoc-suoi-nuoc-khoang-inox-cao-cap","status":"publish","type":"product","link":"https:\/\/maybommini.vn\/?product=may-bom-binh-nuoc-suoi-nuoc-khoang-inox-cao-cap","title":{"rendered":"M\u00e1y b\u01a1m b\u00ecnh n\u01b0\u1edbc su\u1ed1i n\u01b0\u1edbc kho\u00e1ng inox cao c\u1ea5p"},"content":{"rendered":"<h3>B\u00e1n\u00a0m\u00e1y b\u01a1m b\u00ecnh n\u01b0\u1edbc su\u1ed1i n\u01b0\u1edbc kho\u00e1ng inox cao c\u1ea5p \u0111\u00e2y l\u00e0m lo\u1ea1i m\u00e1y b\u01a1m v\u00f2i b\u01a1m d\u00f9ng cho b\u00ecnh n\u01b0\u1edbc su\u1ed1i\u00a0b\u00ecnh n\u01b0\u1edbc cho m\u00e1y n\u00f3ng l\u1ea1nh d\u00f9ng trong gia\u00a0\u0111\u00ecnh v\u0103n ph\u00f2ng nh\u00e0 h\u00e0ng qu\u00e1n\u00a0\u0103n. S\u1eed d\u1ee5ng c\u00f4ng ngh\u1ec7 cao an\u00a0to\u00e0n s\u1ee9c kh\u1ecfe, ti\u1ec7n l\u1ee3i d\u1ec3 l\u1eafp\u00a0\u0111\u1eb7t kh\u00f4ng c\u1ea7n c\u1ea5m\u00a0\u0111i\u1ec7n gi\u00e1 t\u1ed1t b\u1ea3o h\u00e0nh ch\u00ednh h\u00e3ng.<\/h3>\n<p><a href=\"https:\/\/maybommini.com\/wp-content\/uploads\/2018\/06\/voi-bom-binh-nuoc-suoi.jpg\" target=\"_blank\" rel=\"noopener\"><img decoding=\"async\" class=\"size-full wp-image-259115 aligncenter\" src=\"https:\/\/maybommini.com\/wp-content\/uploads\/2018\/06\/voi-bom-binh-nuoc-suoi.jpg\" alt=\"Voi Bom Binh Nuoc Suoi\" width=\"820\" height=\"820\" srcset=\"https:\/\/maybommini.vn\/wp-content\/uploads\/2018\/06\/voi-bom-binh-nuoc-suoi.jpg 820w, https:\/\/maybommini.vn\/wp-content\/uploads\/2018\/06\/voi-bom-binh-nuoc-suoi-300x300.jpg 300w, https:\/\/maybommini.vn\/wp-content\/uploads\/2018\/06\/voi-bom-binh-nuoc-suoi-150x150.jpg 150w, https:\/\/maybommini.vn\/wp-content\/uploads\/2018\/06\/voi-bom-binh-nuoc-suoi-600x600.jpg 600w\" sizes=\"(max-width: 820px) 100vw, 820px\" \/><\/a><\/p>\n<p><strong>TH\u00d4NG S\u1ed0 K\u1ef8 THU\u1eacT<\/strong><br \/>\nModel: DCX-002<br \/>\nC\u00f4ng su\u1ea5t: 5W<br \/>\nL\u01b0u l\u01b0\u1ee3ng: 510L\/H<br \/>\nCh\u1ea5t li\u1ec7u: Inox 304, PP<br \/>\nM\u00e1y b\u01a1m\u00a0\u00e1p l\u1ef1c c\u00f4ng ngh\u1ec7 cao.<br \/>\nV\u00f2i n\u01b0\u1edbc inox 304.<br \/>\nPin : 2000mA<br \/>\nD\u00f9ng pin s\u1ea1c c\u1ed5ng USB \u0111i\u1ec7n tho\u1ea1i.<br \/>\nK\u00e8m d\u00e2y s\u1ea1c USB,\u00a0\u1ed1ng n\u01b0\u1edbc h\u00fat.<br \/>\n\u0110\u00e8n led b\u00e1o s\u1ea1c.<br \/>\nTr\u1ecdng l\u01b0\u1ee3ng: 600g<\/p>\n<p><a href=\"https:\/\/maybommini.com\/wp-content\/uploads\/2018\/06\/thong-so-va-huong-dan-su-dung-voi-bom-binh-nuoc.jpg\" target=\"_blank\" rel=\"noopener\"><img decoding=\"async\" class=\"size-full wp-image-259113 aligncenter\" src=\"https:\/\/maybommini.com\/wp-content\/uploads\/2018\/06\/thong-so-va-huong-dan-su-dung-voi-bom-binh-nuoc.jpg\" alt=\"Thong So Va Huong Dan Su Dung Voi Bom Binh Nuoc\" width=\"820\" height=\"820\" srcset=\"https:\/\/maybommini.vn\/wp-content\/uploads\/2018\/06\/thong-so-va-huong-dan-su-dung-voi-bom-binh-nuoc.jpg 820w, https:\/\/maybommini.vn\/wp-content\/uploads\/2018\/06\/thong-so-va-huong-dan-su-dung-voi-bom-binh-nuoc-300x300.jpg 300w, https:\/\/maybommini.vn\/wp-content\/uploads\/2018\/06\/thong-so-va-huong-dan-su-dung-voi-bom-binh-nuoc-150x150.jpg 150w, https:\/\/maybommini.vn\/wp-content\/uploads\/2018\/06\/thong-so-va-huong-dan-su-dung-voi-bom-binh-nuoc-600x600.jpg 600w\" sizes=\"(max-width: 820px) 100vw, 820px\" \/><\/a> <a href=\"https:\/\/maybommini.com\/wp-content\/uploads\/2018\/06\/may-bom-binh-nuoc-suoi-cao-cap.jpg\" target=\"_blank\" rel=\"noopener\"><img decoding=\"async\" class=\"size-full wp-image-259112 aligncenter\" src=\"https:\/\/maybommini.com\/wp-content\/uploads\/2018\/06\/may-bom-binh-nuoc-suoi-cao-cap.jpg\" alt=\"May Bom Binh Nuoc Suoi Cao Cap\" width=\"820\" height=\"820\" srcset=\"https:\/\/maybommini.vn\/wp-content\/uploads\/2018\/06\/may-bom-binh-nuoc-suoi-cao-cap.jpg 820w, https:\/\/maybommini.vn\/wp-content\/uploads\/2018\/06\/may-bom-binh-nuoc-suoi-cao-cap-300x300.jpg 300w, https:\/\/maybommini.vn\/wp-content\/uploads\/2018\/06\/may-bom-binh-nuoc-suoi-cao-cap-150x150.jpg 150w, https:\/\/maybommini.vn\/wp-content\/uploads\/2018\/06\/may-bom-binh-nuoc-suoi-cao-cap-600x600.jpg 600w, https:\/\/maybommini.vn\/wp-content\/uploads\/2018\/06\/may-bom-binh-nuoc-suoi-cao-cap-768x768.jpg 768w\" sizes=\"(max-width: 820px) 100vw, 820px\" \/><\/a> <a href=\"https:\/\/maybommini.com\/wp-content\/uploads\/2018\/06\/voi-bom-nuoc-binh-nuoc-suoi-nuoc-nong-lanh.jpg\" target=\"_blank\" rel=\"noopener\"><img decoding=\"async\" class=\"size-full wp-image-259118 aligncenter\" src=\"https:\/\/maybommini.com\/wp-content\/uploads\/2018\/06\/voi-bom-nuoc-binh-nuoc-suoi-nuoc-nong-lanh.jpg\" alt=\"Voi Bom Nuoc Binh Nuoc Suoi Nuoc Nong Lanh\" width=\"820\" height=\"820\" srcset=\"https:\/\/maybommini.vn\/wp-content\/uploads\/2018\/06\/voi-bom-nuoc-binh-nuoc-suoi-nuoc-nong-lanh.jpg 820w, https:\/\/maybommini.vn\/wp-content\/uploads\/2018\/06\/voi-bom-nuoc-binh-nuoc-suoi-nuoc-nong-lanh-300x300.jpg 300w, https:\/\/maybommini.vn\/wp-content\/uploads\/2018\/06\/voi-bom-nuoc-binh-nuoc-suoi-nuoc-nong-lanh-150x150.jpg 150w, https:\/\/maybommini.vn\/wp-content\/uploads\/2018\/06\/voi-bom-nuoc-binh-nuoc-suoi-nuoc-nong-lanh-600x600.jpg 600w\" sizes=\"(max-width: 820px) 100vw, 820px\" \/><\/a> <a href=\"https:\/\/maybommini.com\/wp-content\/uploads\/2018\/06\/voi-bom-nuoc-uong-gia-dinh-cao-cap.jpg\" target=\"_blank\" rel=\"noopener\"><img decoding=\"async\" class=\"size-full wp-image-259119 aligncenter\" src=\"https:\/\/maybommini.com\/wp-content\/uploads\/2018\/06\/voi-bom-nuoc-uong-gia-dinh-cao-cap.jpg\" alt=\"Voi Bom Nuoc Uong Gia Dinh Cao Cap\" width=\"820\" height=\"820\" srcset=\"https:\/\/maybommini.vn\/wp-content\/uploads\/2018\/06\/voi-bom-nuoc-uong-gia-dinh-cao-cap.jpg 820w, https:\/\/maybommini.vn\/wp-content\/uploads\/2018\/06\/voi-bom-nuoc-uong-gia-dinh-cao-cap-300x300.jpg 300w, https:\/\/maybommini.vn\/wp-content\/uploads\/2018\/06\/voi-bom-nuoc-uong-gia-dinh-cao-cap-150x150.jpg 150w, https:\/\/maybommini.vn\/wp-content\/uploads\/2018\/06\/voi-bom-nuoc-uong-gia-dinh-cao-cap-600x600.jpg 600w\" sizes=\"(max-width: 820px) 100vw, 820px\" \/><\/a> <a href=\"https:\/\/maybommini.com\/wp-content\/uploads\/2018\/06\/voi-bom-nuoc-uong-tu-dong-cao-cap.jpg\" target=\"_blank\" rel=\"noopener\"><img decoding=\"async\" class=\"size-full wp-image-259120 aligncenter\" src=\"https:\/\/maybommini.com\/wp-content\/uploads\/2018\/06\/voi-bom-nuoc-uong-tu-dong-cao-cap.jpg\" alt=\"Voi Bom Nuoc Uong Tu Dong Cao Cap\" width=\"820\" height=\"820\" srcset=\"https:\/\/maybommini.vn\/wp-content\/uploads\/2018\/06\/voi-bom-nuoc-uong-tu-dong-cao-cap.jpg 820w, https:\/\/maybommini.vn\/wp-content\/uploads\/2018\/06\/voi-bom-nuoc-uong-tu-dong-cao-cap-300x300.jpg 300w, https:\/\/maybommini.vn\/wp-content\/uploads\/2018\/06\/voi-bom-nuoc-uong-tu-dong-cao-cap-150x150.jpg 150w, https:\/\/maybommini.vn\/wp-content\/uploads\/2018\/06\/voi-bom-nuoc-uong-tu-dong-cao-cap-600x600.jpg 600w\" sizes=\"(max-width: 820px) 100vw, 820px\" \/><\/a> <a href=\"https:\/\/maybommini.com\/wp-content\/uploads\/2018\/06\/voi-bom-binh-nuoc-suoi-nuoc-loc.jpg\" target=\"_blank\" rel=\"noopener\"><img decoding=\"async\" class=\"size-full wp-image-259116 aligncenter\" src=\"https:\/\/maybommini.com\/wp-content\/uploads\/2018\/06\/voi-bom-binh-nuoc-suoi-nuoc-loc.jpg\" alt=\"Voi Bom Binh Nuoc Suoi Nuoc Loc\" width=\"820\" height=\"820\" srcset=\"https:\/\/maybommini.vn\/wp-content\/uploads\/2018\/06\/voi-bom-binh-nuoc-suoi-nuoc-loc.jpg 820w, https:\/\/maybommini.vn\/wp-content\/uploads\/2018\/06\/voi-bom-binh-nuoc-suoi-nuoc-loc-300x300.jpg 300w, https:\/\/maybommini.vn\/wp-content\/uploads\/2018\/06\/voi-bom-binh-nuoc-suoi-nuoc-loc-150x150.jpg 150w, https:\/\/maybommini.vn\/wp-content\/uploads\/2018\/06\/voi-bom-binh-nuoc-suoi-nuoc-loc-600x600.jpg 600w\" sizes=\"(max-width: 820px) 100vw, 820px\" \/><\/a> <a href=\"https:\/\/maybommini.com\/wp-content\/uploads\/2018\/06\/voi-bom-binh-nuoc-suoi-nuoc-loc-cao-cap.jpg\" target=\"_blank\" rel=\"noopener\"><img decoding=\"async\" class=\"size-full wp-image-259117 aligncenter\" src=\"https:\/\/maybommini.com\/wp-content\/uploads\/2018\/06\/voi-bom-binh-nuoc-suoi-nuoc-loc-cao-cap.jpg\" alt=\"Voi Bom Binh Nuoc Suoi Nuoc Loc Cao Cap\" width=\"820\" height=\"820\" srcset=\"https:\/\/maybommini.vn\/wp-content\/uploads\/2018\/06\/voi-bom-binh-nuoc-suoi-nuoc-loc-cao-cap.jpg 820w, https:\/\/maybommini.vn\/wp-content\/uploads\/2018\/06\/voi-bom-binh-nuoc-suoi-nuoc-loc-cao-cap-300x300.jpg 300w, https:\/\/maybommini.vn\/wp-content\/uploads\/2018\/06\/voi-bom-binh-nuoc-suoi-nuoc-loc-cao-cap-150x150.jpg 150w, https:\/\/maybommini.vn\/wp-content\/uploads\/2018\/06\/voi-bom-binh-nuoc-suoi-nuoc-loc-cao-cap-600x600.jpg 600w\" sizes=\"(max-width: 820px) 100vw, 820px\" \/><\/a><\/p>\n<p>&nbsp;<\/p>\n<p><strong>H\u01af\u1edaNG D\u1eaaN S\u1eea\u00a0D\u1ee4NG<br \/>\n<\/strong>&#8211; G\u1eafn\u00a0\u1ed1ng n\u01b0\u1edbc v\u00e0o\u00a0\u0111\u1ea7u b\u01a1m n\u01b0\u1edbc.<br \/>\n&#8211; G\u1eafn \u0111\u1ea7u b\u01a1m v\u00e0o b\u00ecnh n\u01b0\u1edbc tinh khi\u1ebft.<br \/>\n&#8211; B\u1ea5m n\u00fat ngu\u1ed3n 0.6L t\u1ef1\u00a0\u0111\u1ed9ng t\u1eafc khi b\u01a1m\u00a0\u0111\u1ee7 0.6L.<br \/>\n&#8211; B\u1ea5m n\u00fat ngu\u1ed3n b\u01a1m li\u00ean t\u1ee5c s\u1ebb ch\u1ea1y li\u00ean t\u1ee5c.<br \/>\n&#8211; S\u1ea1c pin b\u1eb1ng ngu\u1ed3n s\u1ea1c\u00a0\u0111i\u1ec7n tho\u1ea1i, m\u00e1y t\u00ednh b\u1ea3ng c\u1ed5ng USB.<br \/>\n&#8211; Kh\u00f4ng c\u1ea7n c\u1ea5m\u00a0\u0111i\u1ec7n.<\/p>\n<p>&nbsp;<\/p>\n<p><a href=\"https:\/\/maybommini.com\/wp-content\/uploads\/2018\/06\/thong-so-va-huong-dan-su-dung-voi-bom-binh-nuoc.jpg\" target=\"_blank\" rel=\"noopener\"><img decoding=\"async\" class=\"size-full wp-image-259113 aligncenter\" src=\"https:\/\/maybommini.com\/wp-content\/uploads\/2018\/06\/thong-so-va-huong-dan-su-dung-voi-bom-binh-nuoc.jpg\" alt=\"Thong So Va Huong Dan Su Dung Voi Bom Binh Nuoc\" width=\"820\" height=\"820\" srcset=\"https:\/\/maybommini.vn\/wp-content\/uploads\/2018\/06\/thong-so-va-huong-dan-su-dung-voi-bom-binh-nuoc.jpg 820w, https:\/\/maybommini.vn\/wp-content\/uploads\/2018\/06\/thong-so-va-huong-dan-su-dung-voi-bom-binh-nuoc-300x300.jpg 300w, https:\/\/maybommini.vn\/wp-content\/uploads\/2018\/06\/thong-so-va-huong-dan-su-dung-voi-bom-binh-nuoc-150x150.jpg 150w, https:\/\/maybommini.vn\/wp-content\/uploads\/2018\/06\/thong-so-va-huong-dan-su-dung-voi-bom-binh-nuoc-600x600.jpg 600w\" sizes=\"(max-width: 820px) 100vw, 820px\" \/><\/a> <a href=\"https:\/\/maybommini.com\/wp-content\/uploads\/2018\/06\/voi-bom-nuoc-uong-tu-dong-cao-cap.jpg\" target=\"_blank\" rel=\"noopener\"><img decoding=\"async\" class=\"size-full wp-image-259120 aligncenter\" src=\"https:\/\/maybommini.com\/wp-content\/uploads\/2018\/06\/voi-bom-nuoc-uong-tu-dong-cao-cap.jpg\" alt=\"Voi Bom Nuoc Uong Tu Dong Cao Cap\" width=\"820\" height=\"820\" srcset=\"https:\/\/maybommini.vn\/wp-content\/uploads\/2018\/06\/voi-bom-nuoc-uong-tu-dong-cao-cap.jpg 820w, https:\/\/maybommini.vn\/wp-content\/uploads\/2018\/06\/voi-bom-nuoc-uong-tu-dong-cao-cap-300x300.jpg 300w, https:\/\/maybommini.vn\/wp-content\/uploads\/2018\/06\/voi-bom-nuoc-uong-tu-dong-cao-cap-150x150.jpg 150w, https:\/\/maybommini.vn\/wp-content\/uploads\/2018\/06\/voi-bom-nuoc-uong-tu-dong-cao-cap-600x600.jpg 600w\" sizes=\"(max-width: 820px) 100vw, 820px\" \/><\/a> <a href=\"https:\/\/maybommini.com\/wp-content\/uploads\/2018\/06\/voi-bom-nuoc-binh-nuoc-suoi-nuoc-nong-lanh.jpg\" target=\"_blank\" rel=\"noopener\"><img decoding=\"async\" class=\"size-full wp-image-259118 aligncenter\" src=\"https:\/\/maybommini.com\/wp-content\/uploads\/2018\/06\/voi-bom-nuoc-binh-nuoc-suoi-nuoc-nong-lanh.jpg\" alt=\"Voi Bom Nuoc Binh Nuoc Suoi Nuoc Nong Lanh\" width=\"820\" height=\"820\" srcset=\"https:\/\/maybommini.vn\/wp-content\/uploads\/2018\/06\/voi-bom-nuoc-binh-nuoc-suoi-nuoc-nong-lanh.jpg 820w, https:\/\/maybommini.vn\/wp-content\/uploads\/2018\/06\/voi-bom-nuoc-binh-nuoc-suoi-nuoc-nong-lanh-300x300.jpg 300w, https:\/\/maybommini.vn\/wp-content\/uploads\/2018\/06\/voi-bom-nuoc-binh-nuoc-suoi-nuoc-nong-lanh-150x150.jpg 150w, https:\/\/maybommini.vn\/wp-content\/uploads\/2018\/06\/voi-bom-nuoc-binh-nuoc-suoi-nuoc-nong-lanh-600x600.jpg 600w\" sizes=\"(max-width: 820px) 100vw, 820px\" \/><\/a> <a href=\"https:\/\/maybommini.com\/wp-content\/uploads\/2018\/06\/voi-bom-nuoc-uong-gia-dinh-cao-cap.jpg\" target=\"_blank\" rel=\"noopener\"><img decoding=\"async\" class=\"size-full wp-image-259119 aligncenter\" src=\"https:\/\/maybommini.com\/wp-content\/uploads\/2018\/06\/voi-bom-nuoc-uong-gia-dinh-cao-cap.jpg\" alt=\"Voi Bom Nuoc Uong Gia Dinh Cao Cap\" width=\"820\" height=\"820\" srcset=\"https:\/\/maybommini.vn\/wp-content\/uploads\/2018\/06\/voi-bom-nuoc-uong-gia-dinh-cao-cap.jpg 820w, https:\/\/maybommini.vn\/wp-content\/uploads\/2018\/06\/voi-bom-nuoc-uong-gia-dinh-cao-cap-300x300.jpg 300w, https:\/\/maybommini.vn\/wp-content\/uploads\/2018\/06\/voi-bom-nuoc-uong-gia-dinh-cao-cap-150x150.jpg 150w, https:\/\/maybommini.vn\/wp-content\/uploads\/2018\/06\/voi-bom-nuoc-uong-gia-dinh-cao-cap-600x600.jpg 600w\" sizes=\"(max-width: 820px) 100vw, 820px\" \/><\/a><\/p>\n<p><strong>\u1ee8NG D\u1ee4NG M\u00c1Y B\u01a0M B\u00ccNH N\u01af\u1edaC TINH KHI\u1ebeT<\/strong><br \/>\n<strong>&#8211;\u00a0<\/strong>D\u00f9ng cho c\u00e1c lo\u1ea1i b\u00ecnh n\u01b0\u1edbc tinh khi\u1ebft ki\u1ec1u cho m\u00e1y n\u01b0\u1edbc n\u00f3ng l\u1ea1nh.<br \/>\n&#8211; D\u00f9ng b\u01a1m n\u01b0\u1edbc u\u1ed1ng trong gia\u00a0\u0111\u00ecnh.<br \/>\n&#8211; D\u00f9ng b\u01a1m n\u01b0\u1edbc b\u00ecnh tinh khi\u1ebft.<br \/>\n&#8211; B\u01a1m n\u01b0\u1edbc t\u1eeb b\u00ecnh ch\u01b0a n\u01b0\u1edbc tinh khi\u1ebft 20L 10L v\u00e0 c\u00e1c lo\u1ea1i b\u00ecnh ch\u1ee9a n\u01b0\u1edbc kh\u00e1c.<br \/>\n&#8211; B\u01a1m th\u1ef1c ph\u1ea9m l\u1ecfng kh\u00e1c t\u1eeb c\u00e1c b\u00ecnh ch\u1ee9a.<br \/>\n&#8211; D\u00f9ng b\u01a1m c\u00e0 ph\u00ea, s\u1eefa l\u1ecfng kh\u00e1c.<br \/>\n&#8211; D\u00f9ng b\u01a1m n\u01b0\u1edbc tinh khi\u1ebft trong nh\u00e0 b\u1ebfp, nh\u00e0 h\u00e0ng, kh\u00e1ch s\u1ea1n.<br \/>\n&#8211; D\u00f9ng b\u01a1m b\u00ecnh n\u01b0\u1edbc su\u1ed1i.<br \/>\n&#8211; B\u01a1m n\u01b0\u1edbc su\u1ed1i n\u01b0\u1edbc kho\u00e1ng n\u01b0\u1edbc l\u1ecdc.<br \/>\n&#8211; B\u01a1m n\u01b0\u1edbc n\u1ea5u\u00a0\u0103n nh\u00e0 b\u1ebfp.<\/p>\n<p><a href=\"https:\/\/maybommini.com\/wp-content\/uploads\/2018\/06\/voi-bom-binh-nuoc-suoi-nuoc-loc-cao-cap.jpg\" target=\"_blank\" rel=\"noopener\"><img decoding=\"async\" class=\"size-full wp-image-259117 aligncenter\" src=\"https:\/\/maybommini.com\/wp-content\/uploads\/2018\/06\/voi-bom-binh-nuoc-suoi-nuoc-loc-cao-cap.jpg\" alt=\"Voi Bom Binh Nuoc Suoi Nuoc Loc Cao Cap\" width=\"820\" height=\"820\" srcset=\"https:\/\/maybommini.vn\/wp-content\/uploads\/2018\/06\/voi-bom-binh-nuoc-suoi-nuoc-loc-cao-cap.jpg 820w, https:\/\/maybommini.vn\/wp-content\/uploads\/2018\/06\/voi-bom-binh-nuoc-suoi-nuoc-loc-cao-cap-300x300.jpg 300w, https:\/\/maybommini.vn\/wp-content\/uploads\/2018\/06\/voi-bom-binh-nuoc-suoi-nuoc-loc-cao-cap-150x150.jpg 150w, https:\/\/maybommini.vn\/wp-content\/uploads\/2018\/06\/voi-bom-binh-nuoc-suoi-nuoc-loc-cao-cap-600x600.jpg 600w\" sizes=\"(max-width: 820px) 100vw, 820px\" \/><\/a> <a href=\"https:\/\/maybommini.com\/wp-content\/uploads\/2018\/06\/voi-bom-binh-nuoc-suoi-nuoc-loc.jpg\" target=\"_blank\" rel=\"noopener\"><img decoding=\"async\" class=\"size-full wp-image-259116 aligncenter\" src=\"https:\/\/maybommini.com\/wp-content\/uploads\/2018\/06\/voi-bom-binh-nuoc-suoi-nuoc-loc.jpg\" alt=\"Voi Bom Binh Nuoc Suoi Nuoc Loc\" width=\"820\" height=\"820\" srcset=\"https:\/\/maybommini.vn\/wp-content\/uploads\/2018\/06\/voi-bom-binh-nuoc-suoi-nuoc-loc.jpg 820w, https:\/\/maybommini.vn\/wp-content\/uploads\/2018\/06\/voi-bom-binh-nuoc-suoi-nuoc-loc-300x300.jpg 300w, https:\/\/maybommini.vn\/wp-content\/uploads\/2018\/06\/voi-bom-binh-nuoc-suoi-nuoc-loc-150x150.jpg 150w, https:\/\/maybommini.vn\/wp-content\/uploads\/2018\/06\/voi-bom-binh-nuoc-suoi-nuoc-loc-600x600.jpg 600w\" sizes=\"(max-width: 820px) 100vw, 820px\" \/><\/a> <a href=\"https:\/\/maybommini.com\/wp-content\/uploads\/2018\/06\/bom-nuoc-binh-chua-nuoc-nong-lanh.jpg\" target=\"_blank\" rel=\"noopener\"><img decoding=\"async\" class=\"size-full wp-image-259107 aligncenter\" src=\"https:\/\/maybommini.com\/wp-content\/uploads\/2018\/06\/bom-nuoc-binh-chua-nuoc-nong-lanh.jpg\" alt=\"Bom Nuoc Binh Chua Nuoc Nong Lanh\" width=\"820\" height=\"820\" srcset=\"https:\/\/maybommini.vn\/wp-content\/uploads\/2018\/06\/bom-nuoc-binh-chua-nuoc-nong-lanh.jpg 820w, https:\/\/maybommini.vn\/wp-content\/uploads\/2018\/06\/bom-nuoc-binh-chua-nuoc-nong-lanh-300x300.jpg 300w, https:\/\/maybommini.vn\/wp-content\/uploads\/2018\/06\/bom-nuoc-binh-chua-nuoc-nong-lanh-150x150.jpg 150w, https:\/\/maybommini.vn\/wp-content\/uploads\/2018\/06\/bom-nuoc-binh-chua-nuoc-nong-lanh-600x600.jpg 600w\" sizes=\"(max-width: 820px) 100vw, 820px\" \/><\/a> <a href=\"https:\/\/maybommini.com\/wp-content\/uploads\/2018\/06\/bom-nuoc-binh-nuoc-suoi-cao-cap-DCX-002.jpg\" target=\"_blank\" rel=\"noopener\"><img decoding=\"async\" class=\"size-full wp-image-259108 aligncenter\" src=\"https:\/\/maybommini.com\/wp-content\/uploads\/2018\/06\/bom-nuoc-binh-nuoc-suoi-cao-cap-DCX-002.jpg\" alt=\"Bom Nuoc Binh Nuoc Suoi Cao Cap DCX 002\" width=\"820\" height=\"820\" srcset=\"https:\/\/maybommini.vn\/wp-content\/uploads\/2018\/06\/bom-nuoc-binh-nuoc-suoi-cao-cap-DCX-002.jpg 820w, https:\/\/maybommini.vn\/wp-content\/uploads\/2018\/06\/bom-nuoc-binh-nuoc-suoi-cao-cap-DCX-002-300x300.jpg 300w, https:\/\/maybommini.vn\/wp-content\/uploads\/2018\/06\/bom-nuoc-binh-nuoc-suoi-cao-cap-DCX-002-150x150.jpg 150w, https:\/\/maybommini.vn\/wp-content\/uploads\/2018\/06\/bom-nuoc-binh-nuoc-suoi-cao-cap-DCX-002-600x600.jpg 600w\" sizes=\"(max-width: 820px) 100vw, 820px\" \/><\/a> <a href=\"https:\/\/maybommini.com\/wp-content\/uploads\/2018\/06\/bom-nuoc-uong-binh-nuoc-khoang-da-nang.jpg\" target=\"_blank\" rel=\"noopener\"><img decoding=\"async\" class=\"size-full wp-image-259110 aligncenter\" src=\"https:\/\/maybommini.com\/wp-content\/uploads\/2018\/06\/bom-nuoc-uong-binh-nuoc-khoang-da-nang.jpg\" alt=\"Bom Nuoc Uong Binh Nuoc Khoang Da Nang\" width=\"820\" height=\"820\" srcset=\"https:\/\/maybommini.vn\/wp-content\/uploads\/2018\/06\/bom-nuoc-uong-binh-nuoc-khoang-da-nang.jpg 820w, https:\/\/maybommini.vn\/wp-content\/uploads\/2018\/06\/bom-nuoc-uong-binh-nuoc-khoang-da-nang-300x300.jpg 300w, https:\/\/maybommini.vn\/wp-content\/uploads\/2018\/06\/bom-nuoc-uong-binh-nuoc-khoang-da-nang-150x150.jpg 150w, https:\/\/maybommini.vn\/wp-content\/uploads\/2018\/06\/bom-nuoc-uong-binh-nuoc-khoang-da-nang-600x600.jpg 600w\" sizes=\"(max-width: 820px) 100vw, 820px\" \/><\/a> <a href=\"https:\/\/maybommini.com\/wp-content\/uploads\/2018\/06\/dau-bom-nuoc-binh-nuoc-suoi.jpg\" target=\"_blank\" rel=\"noopener\"><img decoding=\"async\" class=\"size-full wp-image-259111 aligncenter\" src=\"https:\/\/maybommini.com\/wp-content\/uploads\/2018\/06\/dau-bom-nuoc-binh-nuoc-suoi.jpg\" alt=\"Dau Bom Nuoc Binh Nuoc Suoi\" width=\"820\" height=\"820\" srcset=\"https:\/\/maybommini.vn\/wp-content\/uploads\/2018\/06\/dau-bom-nuoc-binh-nuoc-suoi.jpg 820w, https:\/\/maybommini.vn\/wp-content\/uploads\/2018\/06\/dau-bom-nuoc-binh-nuoc-suoi-300x300.jpg 300w, https:\/\/maybommini.vn\/wp-content\/uploads\/2018\/06\/dau-bom-nuoc-binh-nuoc-suoi-150x150.jpg 150w, https:\/\/maybommini.vn\/wp-content\/uploads\/2018\/06\/dau-bom-nuoc-binh-nuoc-suoi-600x600.jpg 600w\" sizes=\"(max-width: 820px) 100vw, 820px\" \/><\/a> <a href=\"https:\/\/maybommini.com\/wp-content\/uploads\/2018\/06\/voi-bom-binh-nuoc-nha-bep.jpg\" target=\"_blank\" rel=\"noopener\"><img decoding=\"async\" class=\"size-full wp-image-259114 aligncenter\" src=\"https:\/\/maybommini.com\/wp-content\/uploads\/2018\/06\/voi-bom-binh-nuoc-nha-bep.jpg\" alt=\"Voi Bom Binh Nuoc Nha Bep\" width=\"820\" height=\"820\" srcset=\"https:\/\/maybommini.vn\/wp-content\/uploads\/2018\/06\/voi-bom-binh-nuoc-nha-bep.jpg 820w, https:\/\/maybommini.vn\/wp-content\/uploads\/2018\/06\/voi-bom-binh-nuoc-nha-bep-300x300.jpg 300w, https:\/\/maybommini.vn\/wp-content\/uploads\/2018\/06\/voi-bom-binh-nuoc-nha-bep-150x150.jpg 150w, https:\/\/maybommini.vn\/wp-content\/uploads\/2018\/06\/voi-bom-binh-nuoc-nha-bep-600x600.jpg 600w\" sizes=\"(max-width: 820px) 100vw, 820px\" \/><\/a> <a href=\"https:\/\/maybommini.com\/wp-content\/uploads\/2018\/06\/may-bom-binh-nuoc-suoi-cao-cap.jpg\" target=\"_blank\" rel=\"noopener\"><img decoding=\"async\" class=\"size-full wp-image-259112 aligncenter\" src=\"https:\/\/maybommini.com\/wp-content\/uploads\/2018\/06\/may-bom-binh-nuoc-suoi-cao-cap.jpg\" alt=\"May Bom Binh Nuoc Suoi Cao Cap\" width=\"820\" height=\"820\" srcset=\"https:\/\/maybommini.vn\/wp-content\/uploads\/2018\/06\/may-bom-binh-nuoc-suoi-cao-cap.jpg 820w, https:\/\/maybommini.vn\/wp-content\/uploads\/2018\/06\/may-bom-binh-nuoc-suoi-cao-cap-300x300.jpg 300w, https:\/\/maybommini.vn\/wp-content\/uploads\/2018\/06\/may-bom-binh-nuoc-suoi-cao-cap-150x150.jpg 150w, https:\/\/maybommini.vn\/wp-content\/uploads\/2018\/06\/may-bom-binh-nuoc-suoi-cao-cap-600x600.jpg 600w, https:\/\/maybommini.vn\/wp-content\/uploads\/2018\/06\/may-bom-binh-nuoc-suoi-cao-cap-768x768.jpg 768w\" sizes=\"(max-width: 820px) 100vw, 820px\" \/><\/a><\/p>\n<p>&nbsp;<\/p>\n<p><strong>MUA\u00a0\u0110\u1ea6U B\u01a0M B\u00ccNH N\u01af\u1edaC TINH KHI\u1ebeT\u00a0\u1ede\u00a0\u0110\u00c2U ?<\/strong><br \/>\nCh\u00fang t\u00f4i chuy\u00ean cung c\u1ea5p c\u00e1c lo\u1ea1i m\u00e1y b\u01a1m b\u00ecnh n\u01b0\u1edbc tinh khi\u1ebft, m\u00e1y b\u01a1m mini, m\u00e1y b\u01a1m th\u1ef1c ph\u1ea9m, m\u00e1y b\u01a1m h\u00f3a ch\u1ea5t ch\u1ea5t l\u01b0\u1ee3ng cao, ch\u00ednh h\u00e3ng giao h\u00e0ng tr\u00ean to\u00e0n qu\u1ed1c, b\u1ea3o h\u00e0nh ch\u00ednh h\u00e3ng, gi\u00e1 t\u1ed1t nh\u1ea5t.<br \/>\nTel: 02873030399 &#8211; 0907294310<br \/>\nEmail: maybommini.com@gmail.com<br \/>\nWebsite:\u00a0https:\/\/maybommini.com<\/p>\n<h3 style=\"text-align: center\"><a href=\"https:\/\/maybommini.com\/san-pham\/may-bom-binh-nuoc-suoi-nuoc-khoang-jinghu-5v-4w-1-5l\" target=\"_blank\" rel=\"noopener\">M\u00e1y b\u01a1m b\u00ecnh n\u01b0\u1edbc su\u1ed1i n\u01b0\u1edbc kho\u00e1ng JINGHU 5V 4W 1.5L<\/a><br \/>\n<a href=\"https:\/\/maybommini.com\/san-pham\/may-bom-binh-nuoc-suoi-nuoc-khoang-5v-4w-1-5l-jf-012\" target=\"_blank\" rel=\"noopener\">M\u00e1y b\u01a1m b\u00ecnh n\u01b0\u1edbc su\u1ed1i n\u01b0\u1edbc kho\u00e1ng 5V 4W 1.5L JF-012<\/a><br \/>\n<a href=\"https:\/\/maybommini.com\/san-pham\/may-bom-binh-nuoc-suoi-nuoc-khoang-5v-4w-1-5l-a1-electric-pump\" target=\"_blank\" rel=\"noopener\">M\u00e1y b\u01a1m b\u00ecnh n\u01b0\u1edbc su\u1ed1i n\u01b0\u1edbc kho\u00e1ng 5V 4W 1.5L A1 ELECTRIC PUMP<\/a><br \/>\nM\u00e1y b\u01a1m b\u00ecnh n\u01b0\u1edbc su\u1ed1i n\u01b0\u1edbc kho\u00e1ng inox cao c\u1ea5p<\/h3>\n","protected":false},"excerpt":{"rendered":"<p>Model: DCX-002<br \/>\nC\u00f4ng su\u1ea5t: 5W<br \/>\nL\u01b0u l\u01b0\u1ee3ng: 510L\/H<br \/>\nCh\u1ea5t li\u1ec7u: Inox 304, PP<br \/>\nM\u00e1y b\u01a1m\u00a0\u00e1p l\u1ef1c c\u00f4ng ngh\u1ec7 cao.<br \/>\nV\u00f2i n\u01b0\u1edbc inox 304.<br \/>\nPin : 2000mA<br \/>\nD\u00f9ng pin s\u1ea1c c\u1ed5ng USB \u0111i\u1ec7n tho\u1ea1i, pin d\u1ef1 ph\u00f2ng.<br \/>\nK\u00e8m d\u00e2y s\u1ea1c USB,\u00a0\u1ed1ng n\u01b0\u1edbc h\u00fat.<br \/>\n\u0110\u00e8n led b\u00e1o s\u1ea1c.<br \/>\nTr\u1ecdng l\u01b0\u1ee3ng: 600g<br \/>\nB\u1ea3o h\u00e0nh: 6 th\u00e1ng.<br \/>\nKh\u1eb3ng \u0111\u1ecbnh \u0111\u1ed9 an to\u00e0n ch\u1ea5t l\u01b0\u1ee3ng v\u1edbi ng\u01b0\u1eddi ti\u00eau dung.<br \/>\n<strong>H\u00f4\u0309 tr\u01a1\u0323 ky\u0303 thu\u00e2\u0323t vi\u0303nh vi\u00ea\u0303n.<\/strong><br \/>\n<strong>Ph\u00e2n ph\u1ed1i: Maybommini.com<\/strong><br \/>\n<strong>T\u01af V\u1ea4N K\u1ef8 THU\u1eacT \u2013 MUA H\u00c0NG<br \/>\n0908997823 \u2013 0908997872<br \/>\n0907294310 \u2013 02873030399<\/strong><\/p>\n","protected":false},"featured_media":259108,"comment_status":"open","ping_status":"closed","template":"","meta":[],"product_brand":[2227],"product_cat":[2047],"product_tag":[2233,2238,2230,2239,2234,2231,2240,2229,1141,2241,2232,2242,2237,375,2228,2236,2235],"class_list":{"0":"post-259106","1":"product","2":"type-product","3":"status-publish","4":"has-post-thumbnail","6":"product_brand-mtm","7":"product_cat-may-bom-thuc-pham","8":"product_tag-510h","9":"product_tag-510l","10":"product_tag-binh-nuoc-tinh-khiet","11":"product_tag-bom-binh-nuoc-suoi","12":"product_tag-bom-binh-nuoc-tinh-khiet","13":"product_tag-bom-nuoc-binh-tinh-khiet","14":"product_tag-bom-nuoc-suoi","15":"product_tag-bom-nuoc-tinh-khiet","16":"product_tag-dau-bom","17":"product_tag-dau-bom-binh-nuoc-suoi","18":"product_tag-dau-bom-binh-nuoc-tinh-khiet","19":"product_tag-dcx-002","20":"product_tag-jf-016","21":"product_tag-may-bom-nuoc","22":"product_tag-may-bom-nuoc-uong","23":"product_tag-may-bom-nuoc-uong-gia-dinh","24":"product_tag-nuoc-tinh-khiet","26":"first","27":"instock","28":"sale","29":"shipping-taxable","30":"purchasable","31":"product-type-simple"},"_links":{"self":[{"href":"https:\/\/maybommini.vn\/index.php?rest_route=\/wp\/v2\/product\/259106","targetHints":{"allow":["GET"]}}],"collection":[{"href":"https:\/\/maybommini.vn\/index.php?rest_route=\/wp\/v2\/product"}],"about":[{"href":"https:\/\/maybommini.vn\/index.php?rest_route=\/wp\/v2\/types\/product"}],"replies":[{"embeddable":true,"href":"https:\/\/maybommini.vn\/index.php?rest_route=%2Fwp%2Fv2%2Fcomments&post=259106"}],"wp:featuredmedia":[{"embeddable":true,"href":"https:\/\/maybommini.vn\/index.php?rest_route=\/wp\/v2\/media\/259108"}],"wp:attachment":[{"href":"https:\/\/maybommini.vn\/index.php?rest_route=%2Fwp%2Fv2%2Fmedia&parent=259106"}],"wp:term":[{"taxonomy":"product_brand","embeddable":true,"href":"https:\/\/maybommini.vn\/index.php?rest_route=%2Fwp%2Fv2%2Fproduct_brand&post=259106"},{"taxonomy":"product_cat","embeddable":true,"href":"https:\/\/maybommini.vn\/index.php?rest_route=%2Fwp%2Fv2%2Fproduct_cat&post=259106"},{"taxonomy":"product_tag","embeddable":true,"href":"https:\/\/maybommini.vn\/index.php?rest_route=%2Fwp%2Fv2%2Fproduct_tag&post=259106"}],"curies":[{"name":"wp","href":"https:\/\/api.w.org\/{rel}","templated":true}]}}