{"id":259230,"date":"2018-06-22T09:31:40","date_gmt":"2018-06-22T02:31:40","guid":{"rendered":"https:\/\/maybommini.com\/?post_type=product&#038;p=259230"},"modified":"2019-10-18T08:49:55","modified_gmt":"2019-10-18T01:49:55","slug":"may-bom-nuoc-mini-8v-24v-900l-jt750","status":"publish","type":"product","link":"https:\/\/maybommini.vn\/?product=may-bom-nuoc-mini-8v-24v-900l-jt750","title":{"rendered":"M\u00e1y b\u01a1m n\u01b0\u1edbc mini 8V 24V 900L JT750"},"content":{"rendered":"<h3><strong>Nh\u00e0 cung c\u1ea5p\u00a0s\u1ec9 l\u1ebb\u00a0m\u00e1y b\u01a1m n\u01b0\u1edbc mini 8V 24V 900L JT750 kh\u00f4ng ch\u1ed5i than ti\u00eau chu\u1ea9n IP68 ch\u1ea5t l\u01b0\u1ee3ng cao b\u1ec1n b\u1ec9 ho\u1ea1t\u00a0\u0111\u1ed9ng li\u00ean t\u1ee5c c\u00f3 l\u01b0u l\u01b0\u1ee3ng l\u1edbn v\u1eeba ph\u1ea3i th\u00edch h\u1ee3p cho c\u00e1c lo\u1ea1i h\u1ed3 c\u00e1 trong nh\u00e0 v\u00e0 s\u00e2n v\u01b0\u1eddn h\u00f2n non b\u1ed9. V\u1edbi thi\u1ebft k\u1ebf nh\u1ecf n\u00ean m\u00e1y ho\u1ea1t\u00a0\u0111\u1ed9ng y\u00ean t\u0129nh v\u00e0 d\u00f9ng ngu\u1ed3n\u00a0\u0111i\u1ec7n 8V\u00a0\u0111\u1ebfn\u00a024V DC r\u1ea5t an to\u00e0n.<\/strong><\/h3>\n<p><a href=\"https:\/\/maybommini.com\/wp-content\/uploads\/2018\/06\/bom-nuoc-mini-12v-24v.jpg\" target=\"_blank\" rel=\"noopener\"><img decoding=\"async\" class=\"size-full wp-image-259231 aligncenter\" src=\"https:\/\/maybommini.com\/wp-content\/uploads\/2018\/06\/bom-nuoc-mini-12v-24v.jpg\" alt=\"Bom Nuoc Mini 12v 24v\" width=\"820\" height=\"820\" srcset=\"https:\/\/maybommini.vn\/wp-content\/uploads\/2018\/06\/bom-nuoc-mini-12v-24v.jpg 820w, https:\/\/maybommini.vn\/wp-content\/uploads\/2018\/06\/bom-nuoc-mini-12v-24v-300x300.jpg 300w, https:\/\/maybommini.vn\/wp-content\/uploads\/2018\/06\/bom-nuoc-mini-12v-24v-150x150.jpg 150w, https:\/\/maybommini.vn\/wp-content\/uploads\/2018\/06\/bom-nuoc-mini-12v-24v-600x600.jpg 600w\" sizes=\"(max-width: 820px) 100vw, 820px\" \/><\/a><\/p>\n<h3 style=\"text-align: center;\"><a href=\"https:\/\/www.youtube.com\/watch?v=exqFnkSQiKg&amp;t=4s\" target=\"_blank\" rel=\"noopener\"><strong>VIDEO DEMO M\u00c1Y B\u01a0M N\u01af\u1edaC MINI 8V 24V 900L JT-750<\/strong><\/a><\/h3>\n<p style=\"text-align: center;\"><iframe width=\"750\" height=\"650\" frameborder=\"0\" src=\"https:\/\/www.youtube.com\/embed\/exqFnkSQiKg\"><\/iframe><\/p>\n<p><strong>TH\u00d4NG S\u1ed0 K\u1ef8 THU\u1eacT<\/strong><br \/>\nModel : JT-750<br \/>\nNgu\u1ed3n\u00a0\u0111i\u1ec7n: DC 8V 24V<br \/>\nC\u00f4ng su\u1ea5t: 26.4W<br \/>\nMotor kh\u00f4ng ch\u1ed5i than.<br \/>\nL\u01b0u l\u01b0\u1ee3ng: 900L\/H<br \/>\nB\u01a1m cao : 3 \u0111\u1ebfn 6 M\u00e9t<br \/>\n\u0110\u1ea7u v\u00e0o: 16mm<br \/>\n\u0110\u1ea7u ra: 12mm<br \/>\nNhi\u1ec7t\u00a0\u0111\u1ed9 n\u01b0\u1edbc: 0\u00a0\u0111\u1ed9 C\u00a0\u0111\u1ebfn 60 \u0111\u1ed9 C<br \/>\nCh\u1ea5t li\u1ec7u: Nh\u1ef1a &#8211;\u00a0\u0110\u1ed3ng.<br \/>\nCh\u1ea1y li\u00ean t\u1ee5c 24\/24.<br \/>\nK\u00edch th\u01b0\u1edbc : 80 * 68 * 43 mm<br \/>\nTi\u00eau chu\u1ea9n: IP68<br \/>\nTr\u1ecdng l\u01b0\u1ee3ng: 100g<br \/>\nB\u1ea3o h\u00e0nh: 3 th\u00e1ng.<\/p>\n<p><a href=\"https:\/\/maybommini.com\/wp-content\/uploads\/2018\/06\/may-bom-nuoc-mini-6v-12v-24v.jpg\" target=\"_blank\" rel=\"noopener\"><img decoding=\"async\" class=\"size-full wp-image-259228 aligncenter\" src=\"https:\/\/maybommini.com\/wp-content\/uploads\/2018\/06\/may-bom-nuoc-mini-6v-12v-24v.jpg\" alt=\"May Bom Nuoc Mini 6v 12v 24v\" width=\"820\" height=\"820\" srcset=\"https:\/\/maybommini.vn\/wp-content\/uploads\/2018\/06\/may-bom-nuoc-mini-6v-12v-24v.jpg 820w, https:\/\/maybommini.vn\/wp-content\/uploads\/2018\/06\/may-bom-nuoc-mini-6v-12v-24v-300x300.jpg 300w, https:\/\/maybommini.vn\/wp-content\/uploads\/2018\/06\/may-bom-nuoc-mini-6v-12v-24v-150x150.jpg 150w, https:\/\/maybommini.vn\/wp-content\/uploads\/2018\/06\/may-bom-nuoc-mini-6v-12v-24v-600x600.jpg 600w\" sizes=\"(max-width: 820px) 100vw, 820px\" \/><\/a><\/p>\n<p style=\"text-align: left;\"><strong>\u1ee8NG D\u1ee4NG M\u00c1Y B\u01a0M N\u01af\u1edaC MINI JT-750<\/strong><br \/>\nD\u00f9ng b\u01a1m h\u1ed3 c\u00e1.<br \/>\nD\u00f9ng b\u01a1m h\u00f2n non b\u1ed9.<br \/>\nD\u00f9ng b\u01a1m\u00a0\u0111\u00e0i phun n\u01b0\u1edbc nh\u1ecf n\u0103ng l\u01b0\u1ee3ng m\u1eb7t tr\u1eddi.<br \/>\nD\u00f9ng tr\u1ed9n thu\u1ed1c tr\u1eeb s\u00e2u.<br \/>\nD\u00f9ng tr\u1ed9n ph\u00e2n t\u01b0\u1edbi c\u00e2y.<br \/>\nD\u00f9ng b\u01a1m l\u1ecdc h\u1ed3 c\u00e1.<br \/>\nD\u00f9ng cho h\u1ed3 ch\u1ee9a n\u01b0\u1edbc.<br \/>\nD\u00f9ng c\u1ea5p n\u01b0\u1edbc qu\u1ea1t phun s\u01b0\u01a1ng l\u00e0m m\u00e1t.<br \/>\nD\u00f9ng c\u1ea5p n\u01b0\u1edbc v\u00e0o b\u1ed3n b\u1ec3 ch\u1ee9a.<br \/>\nD\u00f9ng b\u01a1m n\u01b0\u1edbc ng\u1eadp, n\u01b0\u1edbc th\u1ea3i.<br \/>\nB\u01a1m n\u01b0\u1edbc ng\u1eadp trong nh\u00e0.<br \/>\nD\u00f9ng cho h\u1ec7 th\u1ed1ng b\u01a1m n\u0103ng l\u01b0\u1ee3ng m\u1eb7t tr\u1eddi.<\/p>\n<p><a href=\"https:\/\/maybommini.com\/wp-content\/uploads\/2018\/06\/su-dung-may-bom-nuoc-mini-jt750-1.jpg\" target=\"_blank\" rel=\"noopener\"><img decoding=\"async\" class=\"size-full wp-image-260295 aligncenter\" src=\"https:\/\/maybommini.com\/wp-content\/uploads\/2018\/06\/su-dung-may-bom-nuoc-mini-jt750-1.jpg\" alt=\"Su Dung May Bom Nuoc Mini Jt750\" width=\"820\" height=\"820\" srcset=\"https:\/\/maybommini.vn\/wp-content\/uploads\/2018\/06\/su-dung-may-bom-nuoc-mini-jt750-1.jpg 820w, https:\/\/maybommini.vn\/wp-content\/uploads\/2018\/06\/su-dung-may-bom-nuoc-mini-jt750-1-300x300.jpg 300w, https:\/\/maybommini.vn\/wp-content\/uploads\/2018\/06\/su-dung-may-bom-nuoc-mini-jt750-1-150x150.jpg 150w, https:\/\/maybommini.vn\/wp-content\/uploads\/2018\/06\/su-dung-may-bom-nuoc-mini-jt750-1-600x600.jpg 600w\" sizes=\"(max-width: 820px) 100vw, 820px\" \/><\/a><\/p>\n<p><strong>MUA M\u00c1Y B\u01a0M\u00a0 N\u01af\u1edaC MINI \u1ede\u00a0\u0110\u00c2U ?<\/strong><br \/>\nCh\u00fang t\u00f4i chuy\u00ean cung c\u1ea5p c\u00e1c lo\u1ea1i m\u00e1y b\u01a1m n\u01b0\u1edbc mini, m\u00e1y b\u01a1m, m\u00e1y b\u01a1m h\u1ed3 c\u00e1, m\u00e1y b\u01a1m h\u00f2n non b\u1ed9 v\u1edbi nhi\u1ec1u c\u00f4ng su\u1ea5t kh\u00e1c nhau. T\u1ea5t c\u1ea3 c\u00e1c s\u1ea3n ph\u1ea9m b\u1ea3o h\u00e0nh v\u00e0 c\u00f3 gi\u00e1 t\u1ed1t nh\u1ea5t giao h\u00e0ng to\u00e0n qu\u1ed1c v\u00e0 thu ti\u1ec1n t\u1ea1i nh\u00e0 ti\u1ec7n l\u1ee3i nh\u1ea5t cho kh\u00e1ch h\u00e0ng s\u1eed d\u1ee5ng.<br \/>\n<strong>Website<\/strong>:\u00a0https:\/\/maybommini.com<br \/>\n<strong>Email:<\/strong> maybommini.com@gmail.com<br \/>\n<strong>Tel:<\/strong> 0907294310<\/p>\n<p><a href=\"https:\/\/maybommini.com\/wp-content\/uploads\/2018\/06\/bom-nuoc-mini-12v-24v.jpg\" target=\"_blank\" rel=\"noopener\"><img decoding=\"async\" class=\"size-full wp-image-259231 aligncenter\" src=\"https:\/\/maybommini.com\/wp-content\/uploads\/2018\/06\/bom-nuoc-mini-12v-24v.jpg\" alt=\"Bom Nuoc Mini 12v 24v\" width=\"820\" height=\"820\" srcset=\"https:\/\/maybommini.vn\/wp-content\/uploads\/2018\/06\/bom-nuoc-mini-12v-24v.jpg 820w, https:\/\/maybommini.vn\/wp-content\/uploads\/2018\/06\/bom-nuoc-mini-12v-24v-300x300.jpg 300w, https:\/\/maybommini.vn\/wp-content\/uploads\/2018\/06\/bom-nuoc-mini-12v-24v-150x150.jpg 150w, https:\/\/maybommini.vn\/wp-content\/uploads\/2018\/06\/bom-nuoc-mini-12v-24v-600x600.jpg 600w\" sizes=\"(max-width: 820px) 100vw, 820px\" \/><\/a><\/p>\n<h3 style=\"text-align: center;\">M\u00e1y b\u01a1m n\u01b0\u1edbc mini 8V 24V 900L JT750<br \/>\n<a href=\"https:\/\/maybommini.com\/san-pham\/may-bom-nuoc-mini-6v-12v-700l-jt750\" target=\"_blank\" rel=\"noopener\">M\u00e1y b\u01a1m n\u01b0\u1edbc mini 6V 12V 700L JT750<\/a><\/h3>\n","protected":false},"excerpt":{"rendered":"<p>Model : JT-750<br \/>\nNgu\u1ed3n\u00a0\u0111i\u1ec7n: DC 8V 24V<br \/>\nC\u00f4ng su\u1ea5t: 26.4W<br \/>\nMotor kh\u00f4ng ch\u1ed5i than.<br \/>\nL\u01b0u l\u01b0\u1ee3ng: 900L\/H<br \/>\nB\u01a1m cao : 3 \u0111\u1ebfn 6 M\u00e9t<br \/>\n\u0110\u1ea7u v\u00e0o: 16mm<br \/>\n\u0110\u1ea7u ra: 12mm<br \/>\nNhi\u1ec7t\u00a0\u0111\u1ed9 n\u01b0\u1edbc: 0\u00a0\u0111\u1ed9 C\u00a0\u0111\u1ebfn 60 \u0111\u1ed9 C<br \/>\nCh\u1ea5t li\u1ec7u: Nh\u1ef1a &#8211;\u00a0\u0110\u1ed3ng.<br \/>\nCh\u1ea1y li\u00ean t\u1ee5c 24\/24.<br \/>\nK\u00edch th\u01b0\u1edbc: 80 * 68 * 43 mm<br \/>\nTi\u00eau chu\u1ea9n: IP68<br \/>\nTr\u1ecdng l\u01b0\u1ee3ng: 100g<br \/>\nB\u1ea3o h\u00e0nh: 3 th\u00e1ng.<br \/>\n<strong>H\u00f4\u0309 tr\u01a1\u0323 ky\u0303 thu\u00e2\u0323t vi\u0303nh vi\u00ea\u0303n.<\/strong><br \/>\n<strong>Ph\u00e2n ph\u1ed1i: Maybommini.com<\/strong><br \/>\n<strong>T\u01af V\u1ea4N K\u1ef8 THU\u1eacT \u2013 MUA H\u00c0NG<br \/>\n0908997823 \u2013 0908997872<br \/>\n0907294310 \u2013 02873030399<\/strong><\/p>\n","protected":false},"featured_media":259231,"comment_status":"open","ping_status":"closed","template":"","meta":[],"product_brand":[2227],"product_cat":[225],"product_tag":[2280,3092,921,925,2279,206,570,2278,2281,389,615,616,2256,617,620],"class_list":{"0":"post-259230","1":"product","2":"type-product","3":"status-publish","4":"has-post-thumbnail","6":"product_brand-mtm","7":"product_cat-may-bom-nuoc-mini-12v","8":"product_tag-700l","9":"product_tag-bom-loc-nuoc-ho-ca","10":"product_tag-bom-nuoc-ngap","11":"product_tag-bom-nuoc-thai","12":"product_tag-jt-750","13":"product_tag-may-bom-12v","14":"product_tag-may-bom-24v","15":"product_tag-may-bom-6v","16":"product_tag-may-bom-8v","17":"product_tag-may-bom-chim","18":"product_tag-may-bom-ho-non-bo","19":"product_tag-may-bom-hon-non-bo","20":"product_tag-may-bom-nuoc-ngap","21":"product_tag-may-bom-nuoc-thai","22":"product_tag-maybom-ho-ca","24":"first","25":"instock","26":"shipping-taxable","27":"purchasable","28":"product-type-simple"},"_links":{"self":[{"href":"https:\/\/maybommini.vn\/index.php?rest_route=\/wp\/v2\/product\/259230","targetHints":{"allow":["GET"]}}],"collection":[{"href":"https:\/\/maybommini.vn\/index.php?rest_route=\/wp\/v2\/product"}],"about":[{"href":"https:\/\/maybommini.vn\/index.php?rest_route=\/wp\/v2\/types\/product"}],"replies":[{"embeddable":true,"href":"https:\/\/maybommini.vn\/index.php?rest_route=%2Fwp%2Fv2%2Fcomments&post=259230"}],"wp:featuredmedia":[{"embeddable":true,"href":"https:\/\/maybommini.vn\/index.php?rest_route=\/wp\/v2\/media\/259231"}],"wp:attachment":[{"href":"https:\/\/maybommini.vn\/index.php?rest_route=%2Fwp%2Fv2%2Fmedia&parent=259230"}],"wp:term":[{"taxonomy":"product_brand","embeddable":true,"href":"https:\/\/maybommini.vn\/index.php?rest_route=%2Fwp%2Fv2%2Fproduct_brand&post=259230"},{"taxonomy":"product_cat","embeddable":true,"href":"https:\/\/maybommini.vn\/index.php?rest_route=%2Fwp%2Fv2%2Fproduct_cat&post=259230"},{"taxonomy":"product_tag","embeddable":true,"href":"https:\/\/maybommini.vn\/index.php?rest_route=%2Fwp%2Fv2%2Fproduct_tag&post=259230"}],"curies":[{"name":"wp","href":"https:\/\/api.w.org\/{rel}","templated":true}]}}