{"id":259337,"date":"2018-07-01T20:45:48","date_gmt":"2018-07-01T13:45:48","guid":{"rendered":"https:\/\/maybommini.com\/?post_type=product&#038;p=259337"},"modified":"2018-07-01T20:46:57","modified_gmt":"2018-07-01T13:46:57","slug":"may-bom-nuoc-chim-tu-dong-hyundai-220v-250w-92l","status":"publish","type":"product","link":"https:\/\/maybommini.vn\/?product=may-bom-nuoc-chim-tu-dong-hyundai-220v-250w-92l","title":{"rendered":"M\u00e1y b\u01a1m n\u01b0\u1edbc ch\u00ecm t\u1ef1 \u0111\u1ed9ng HYUNDAI 220V 250W 92L"},"content":{"rendered":"<h3><strong>Chuy\u00ean cung c\u1ea5p\u00a0ph\u00e2n ph\u1ed1i\u00a0m\u00e1y b\u01a1m n\u01b0\u1edbc ch\u00ecm t\u1ef1 \u0111\u1ed9ng HYUNDAI 220V 250W 92L tr\u00ean to\u00e0n qu\u1ed1c gi\u00e1 t\u1ed1t b\u1ea3o h\u00e0nh ch\u00ednh h\u00e3ng t\u1ea1i Vi\u1ec7t Nam. \u0110\u00e2y l\u00e0m m\u00e1y b\u01a1m n\u01b0\u1edbc ng\u1eadp, b\u01a1m n\u01b0\u1edbc th\u1ea3i, b\u01a1m h\u1ed3 c\u00e1 v\u00e0 b\u01a1m c\u1ea5p n\u01b0\u1edbc t\u1ef1 \u0111\u1ed9ng d\u00f9ng cho gia \u0111\u00ecnh v\u00e0 c\u00f4ng nghi\u1ec7p ch\u1ea5t l\u01b0\u1ee3ng cao.<a href=\"https:\/\/maybommini.com\/wp-content\/uploads\/2018\/07\/may-bom-chim-HYUNDAI-tu-dong.jpg\" target=\"_blank\" rel=\"noopener\"><img decoding=\"async\" class=\"size-full wp-image-259345 aligncenter\" src=\"https:\/\/maybommini.com\/wp-content\/uploads\/2018\/07\/may-bom-chim-HYUNDAI-tu-dong.jpg\" alt=\"May Bom Chim HYUNDAI Tu Dong\" width=\"820\" height=\"820\" srcset=\"https:\/\/maybommini.vn\/wp-content\/uploads\/2018\/07\/may-bom-chim-HYUNDAI-tu-dong.jpg 820w, https:\/\/maybommini.vn\/wp-content\/uploads\/2018\/07\/may-bom-chim-HYUNDAI-tu-dong-300x300.jpg 300w, https:\/\/maybommini.vn\/wp-content\/uploads\/2018\/07\/may-bom-chim-HYUNDAI-tu-dong-150x150.jpg 150w, https:\/\/maybommini.vn\/wp-content\/uploads\/2018\/07\/may-bom-chim-HYUNDAI-tu-dong-600x600.jpg 600w\" sizes=\"(max-width: 820px) 100vw, 820px\" \/><\/a><\/strong><\/h3>\n<p><strong>TH\u00d4NG S\u1ed0 K\u1ef8 THU\u1eacT<\/strong><br \/>\nTh\u01b0\u01a1ng hi\u1ec7u: HYUNDAI<br \/>\nModel: HY-WP-003<br \/>\n\u0110i\u1ec7n th\u1ebf: 220V &#8211; 230V AC<br \/>\nC\u00f4ng su\u1ea5t: 250W<br \/>\nL\u01b0u l\u01b0\u1ee3ng: 92 L\/P<br \/>\nB\u01a1m cao: 5 M\u00e9t<br \/>\nD\u00e2y ngu\u1ed3n: 4 M\u00e9t<br \/>\n\u1ed0ng n\u01b0\u1edbc: 27 Mm<br \/>\nRole c\u00f4ng t\u1eafc t\u1ef1\u00a0\u0111\u1ed9ng.<br \/>\nT\u1ef1 b\u01a1m khi c\u00f3 n\u01b0\u1edbc.<br \/>\nTi\u00eau chu\u1ea9n : IPX8<br \/>\nMotor d\u00e2y\u00a0\u0111\u1ed3ng<br \/>\nTr\u1ecdng l\u01b0\u1ee3ng: 2 Kg<br \/>\nC\u00f4ng ngh\u1ec7 KOREA<br \/>\nB\u1ea3o h\u00e0nh: 6 th\u00e1ng.<\/p>\n<p><a href=\"https:\/\/maybommini.com\/wp-content\/uploads\/2018\/07\/cau-tao-may-bom-chim-tu-dong-220v.jpg\" target=\"_blank\" rel=\"noopener\"><img decoding=\"async\" class=\"size-full wp-image-259341 aligncenter\" src=\"https:\/\/maybommini.com\/wp-content\/uploads\/2018\/07\/cau-tao-may-bom-chim-tu-dong-220v.jpg\" alt=\"Cau Tao May Bom Chim Tu Dong 220v\" width=\"820\" height=\"820\" srcset=\"https:\/\/maybommini.vn\/wp-content\/uploads\/2018\/07\/cau-tao-may-bom-chim-tu-dong-220v.jpg 820w, https:\/\/maybommini.vn\/wp-content\/uploads\/2018\/07\/cau-tao-may-bom-chim-tu-dong-220v-300x300.jpg 300w, https:\/\/maybommini.vn\/wp-content\/uploads\/2018\/07\/cau-tao-may-bom-chim-tu-dong-220v-150x150.jpg 150w, https:\/\/maybommini.vn\/wp-content\/uploads\/2018\/07\/cau-tao-may-bom-chim-tu-dong-220v-600x600.jpg 600w\" sizes=\"(max-width: 820px) 100vw, 820px\" \/><\/a> <a href=\"https:\/\/maybommini.com\/wp-content\/uploads\/2018\/07\/bom-nuoc-tu-dong-ho-ca-ho-boi.jpg\" target=\"_blank\" rel=\"noopener\"><img decoding=\"async\" class=\"size-full wp-image-259340 aligncenter\" src=\"https:\/\/maybommini.com\/wp-content\/uploads\/2018\/07\/bom-nuoc-tu-dong-ho-ca-ho-boi.jpg\" alt=\"Bom Nuoc Tu Dong Ho Ca Ho Boi\" width=\"820\" height=\"820\" srcset=\"https:\/\/maybommini.vn\/wp-content\/uploads\/2018\/07\/bom-nuoc-tu-dong-ho-ca-ho-boi.jpg 820w, https:\/\/maybommini.vn\/wp-content\/uploads\/2018\/07\/bom-nuoc-tu-dong-ho-ca-ho-boi-300x300.jpg 300w, https:\/\/maybommini.vn\/wp-content\/uploads\/2018\/07\/bom-nuoc-tu-dong-ho-ca-ho-boi-150x150.jpg 150w, https:\/\/maybommini.vn\/wp-content\/uploads\/2018\/07\/bom-nuoc-tu-dong-ho-ca-ho-boi-600x600.jpg 600w\" sizes=\"(max-width: 820px) 100vw, 820px\" \/><\/a> <a href=\"https:\/\/maybommini.com\/wp-content\/uploads\/2018\/07\/loi-motor-may-bom-bang-dong-cao-cap.jpg\" target=\"_blank\" rel=\"noopener\"><img decoding=\"async\" class=\"size-full wp-image-259343 aligncenter\" src=\"https:\/\/maybommini.com\/wp-content\/uploads\/2018\/07\/loi-motor-may-bom-bang-dong-cao-cap.jpg\" alt=\"Loi Motor May Bom Bang Dong Cao Cap\" width=\"820\" height=\"820\" srcset=\"https:\/\/maybommini.vn\/wp-content\/uploads\/2018\/07\/loi-motor-may-bom-bang-dong-cao-cap.jpg 820w, https:\/\/maybommini.vn\/wp-content\/uploads\/2018\/07\/loi-motor-may-bom-bang-dong-cao-cap-300x300.jpg 300w, https:\/\/maybommini.vn\/wp-content\/uploads\/2018\/07\/loi-motor-may-bom-bang-dong-cao-cap-150x150.jpg 150w, https:\/\/maybommini.vn\/wp-content\/uploads\/2018\/07\/loi-motor-may-bom-bang-dong-cao-cap-600x600.jpg 600w, https:\/\/maybommini.vn\/wp-content\/uploads\/2018\/07\/loi-motor-may-bom-bang-dong-cao-cap-768x768.jpg 768w\" sizes=\"(max-width: 820px) 100vw, 820px\" \/><\/a><\/p>\n<p><strong>S\u1eec D\u1ee4NG M\u00c1Y B\u01a0M N\u01af\u1edaC CH\u00ccM T\u1ef0\u00a0\u0110\u1ed8NG<\/strong><br \/>\nS\u1eed d\u1ee5ng l\u00e0m m\u00e1y b\u01a1m ch\u1ed1ng g\u1eadp n\u01b0\u1edbc t\u1ef1\u00a0\u0111\u1ed9ng cho gia\u00a0\u0111\u00ecnh nh\u1ea3 c\u1eeda\u00a0\u1edf nh\u1eefng n\u01a1i hay ng\u1eadp do m\u00f9a l\u1edbn v\u00e0 tri\u1ebfu c\u01b0\u1eddng.<br \/>\nD\u00f9ng b\u01a1m n\u01b0\u1edbc th\u1ea3i gia\u00a0\u0111\u00ecnh trong nh\u00e0\u00a0\u1edf c\u1ed1ng tho\u00e1t n\u01b0\u1edbc ho\u1eb7c b\u1ec3 ch\u1ee9a n\u01b0\u1edbc th\u1ea3i.<br \/>\nD\u00f9ng b\u01a1m n\u01b0\u1edbc h\u1ed3 c\u00e1,\u00a0\u0111\u00e0i phun n\u01b0\u1edbc, h\u00f2n non b\u1ed9.<br \/>\nB\u01a1m n\u01b0\u1edbc th\u1ea3i n\u01b0\u1edbc ng\u1eadp l\u01b0u l\u01b0\u1ee3ng l\u1edbn b\u01a1m nhanh v\u00e0 t\u1ef1\u00a0\u0111\u1ed9ng.<br \/>\nM\u00e1y b\u01a1m n\u01b0\u1edbc chuy\u00ean d\u1ee5ng t\u1ef1\u00a0\u0111\u1ed9ng l\u01b0u l\u01b0\u1ee3ng l\u1edbn c\u1ea5p n\u01b0\u1edbc, t\u01b0\u1edbi c\u00e2y, h\u1ec7 th\u1ed1ng t\u01b0\u1edbi nh\u00e0 v\u01b0\u1eddn.<\/p>\n<p><a href=\"https:\/\/maybommini.com\/wp-content\/uploads\/2018\/07\/bom-nuoc-gia-dinh-chong-ngap-tu-dong.jpg\" target=\"_blank\" rel=\"noopener\"><img decoding=\"async\" class=\"size-full wp-image-259339 aligncenter\" src=\"https:\/\/maybommini.com\/wp-content\/uploads\/2018\/07\/bom-nuoc-gia-dinh-chong-ngap-tu-dong.jpg\" alt=\"Bom Nuoc Gia Dinh Chong Ngap Tu Dong\" width=\"820\" height=\"820\" srcset=\"https:\/\/maybommini.vn\/wp-content\/uploads\/2018\/07\/bom-nuoc-gia-dinh-chong-ngap-tu-dong.jpg 820w, https:\/\/maybommini.vn\/wp-content\/uploads\/2018\/07\/bom-nuoc-gia-dinh-chong-ngap-tu-dong-300x300.jpg 300w, https:\/\/maybommini.vn\/wp-content\/uploads\/2018\/07\/bom-nuoc-gia-dinh-chong-ngap-tu-dong-150x150.jpg 150w, https:\/\/maybommini.vn\/wp-content\/uploads\/2018\/07\/bom-nuoc-gia-dinh-chong-ngap-tu-dong-600x600.jpg 600w, https:\/\/maybommini.vn\/wp-content\/uploads\/2018\/07\/bom-nuoc-gia-dinh-chong-ngap-tu-dong-768x768.jpg 768w\" sizes=\"(max-width: 820px) 100vw, 820px\" \/><\/a><\/p>\n<p><strong>MUA M\u00c1Y B\u01a0M N\u01af\u1edaC CH\u1ed0NG NG\u1eacP T\u1ef0\u00a0\u0110\u1ed8NG\u00a0\u1ede\u00a0\u0110\u00c2U ?<\/strong><br \/>\nCh\u00fang t\u00f4i chuy\u00ean cung c\u1ea5p c\u00e1c loa6i m\u00e1y b\u01a1m n\u01b0\u1edbc ch\u00ecm, m\u00e1y b\u01a1m ch\u1ed1ng ng\u1eadp, m\u00e1y b\u01a1m t\u1ef1\u00a0\u0111\u1ed9ng, m\u00e1y b\u01a1m n\u01b0\u1edbc th\u1ea3i d\u00f9ng cho gia\u00a0\u0111\u00ecnh trong nh\u00e0 v\u00e0 c\u00f4ng n\u00f4ng nghi\u1ec7p v\u1edbi c\u00f4ng su\u1ea5t l\u1edbn ch\u00ednh h\u00e3ng b\u1ea3o h\u00e0nh l\u00e2u d\u00e0i v\u00e0 giao h\u00e0ng to\u00e0n qu\u1ed1c gi\u00e1 t\u1ed1t nh\u1ea5t.<br \/>\n<strong>Website:<\/strong>\u00a0https:\/\/maybommini.com<br \/>\n<strong>Email:<\/strong> maybommini.com@gmail.com<br \/>\n<strong>Tel:<\/strong> 0907294310<\/p>\n<p><a href=\"https:\/\/maybommini.com\/wp-content\/uploads\/2018\/07\/may-bom-chim-HYUNDAI-tu-dong.jpg\" target=\"_blank\" rel=\"noopener\"><img decoding=\"async\" class=\"size-full wp-image-259345 aligncenter\" src=\"https:\/\/maybommini.com\/wp-content\/uploads\/2018\/07\/may-bom-chim-HYUNDAI-tu-dong.jpg\" alt=\"May Bom Chim HYUNDAI Tu Dong\" width=\"820\" height=\"820\" srcset=\"https:\/\/maybommini.vn\/wp-content\/uploads\/2018\/07\/may-bom-chim-HYUNDAI-tu-dong.jpg 820w, https:\/\/maybommini.vn\/wp-content\/uploads\/2018\/07\/may-bom-chim-HYUNDAI-tu-dong-300x300.jpg 300w, https:\/\/maybommini.vn\/wp-content\/uploads\/2018\/07\/may-bom-chim-HYUNDAI-tu-dong-150x150.jpg 150w, https:\/\/maybommini.vn\/wp-content\/uploads\/2018\/07\/may-bom-chim-HYUNDAI-tu-dong-600x600.jpg 600w\" sizes=\"(max-width: 820px) 100vw, 820px\" \/><\/a><\/p>\n<h3 style=\"text-align: center;\"><strong>M\u00e1y b\u01a1m n\u01b0\u1edbc ch\u00ecm t\u1ef1 \u0111\u1ed9ng HYUNDAI 220V 250W 92L<\/strong><\/h3>\n","protected":false},"excerpt":{"rendered":"<p>Th\u01b0\u01a1ng hi\u1ec7u: HYUNDAI<br \/>\nModel: HY-WP-003<br \/>\n\u0110i\u1ec7n th\u1ebf: 220V &#8211; 230V AC<br \/>\nC\u00f4ng su\u1ea5t: 250W<br \/>\nL\u01b0u l\u01b0\u1ee3ng: 92 L\/P<br \/>\nB\u01a1m cao: 5 M\u00e9t<br \/>\nD\u00e2y ngu\u1ed3n: 4 M\u00e9t<br \/>\n\u1ed0ng n\u01b0\u1edbc: 27 Mm<br \/>\nRole c\u00f4ng t\u1eafc t\u1ef1\u00a0\u0111\u1ed9ng.<br \/>\nT\u1ef1 b\u01a1m khi c\u00f3 n\u01b0\u1edbc.<br \/>\nTi\u00eau chu\u1ea9n : IPX8<br \/>\nMotor d\u00e2y\u00a0\u0111\u1ed3ng<br \/>\nTr\u1ecdng l\u01b0\u1ee3ng: 2 Kg<br \/>\nC\u00f4ng ngh\u1ec7 KOREA<br \/>\nB\u1ea3o h\u00e0nh: 6 th\u00e1ng.<br \/>\n<strong>Tel: 0907294310<\/strong><\/p>\n","protected":false},"featured_media":259345,"comment_status":"open","ping_status":"closed","template":"","meta":[],"product_brand":[2294],"product_cat":[775],"product_tag":[500,391,705,2295,921,629,2296,389,849,394],"class_list":{"0":"post-259337","1":"product","2":"type-product","3":"status-publish","4":"has-post-thumbnail","6":"product_brand-hyundai","7":"product_cat-may-bom-chim-220v","8":"product_tag-220v","9":"product_tag-bom-chat-thai","10":"product_tag-bom-chim","11":"product_tag-bom-chong-ngap","12":"product_tag-bom-nuoc-ngap","13":"product_tag-hon-non-bo","14":"product_tag-hyundai","15":"product_tag-may-bom-chim","16":"product_tag-may-bom-tu-dong","17":"product_tag-may-bom-tuoi","19":"first","20":"instock","21":"sale","22":"shipping-taxable","23":"purchasable","24":"product-type-simple"},"_links":{"self":[{"href":"https:\/\/maybommini.vn\/index.php?rest_route=\/wp\/v2\/product\/259337","targetHints":{"allow":["GET"]}}],"collection":[{"href":"https:\/\/maybommini.vn\/index.php?rest_route=\/wp\/v2\/product"}],"about":[{"href":"https:\/\/maybommini.vn\/index.php?rest_route=\/wp\/v2\/types\/product"}],"replies":[{"embeddable":true,"href":"https:\/\/maybommini.vn\/index.php?rest_route=%2Fwp%2Fv2%2Fcomments&post=259337"}],"wp:featuredmedia":[{"embeddable":true,"href":"https:\/\/maybommini.vn\/index.php?rest_route=\/wp\/v2\/media\/259345"}],"wp:attachment":[{"href":"https:\/\/maybommini.vn\/index.php?rest_route=%2Fwp%2Fv2%2Fmedia&parent=259337"}],"wp:term":[{"taxonomy":"product_brand","embeddable":true,"href":"https:\/\/maybommini.vn\/index.php?rest_route=%2Fwp%2Fv2%2Fproduct_brand&post=259337"},{"taxonomy":"product_cat","embeddable":true,"href":"https:\/\/maybommini.vn\/index.php?rest_route=%2Fwp%2Fv2%2Fproduct_cat&post=259337"},{"taxonomy":"product_tag","embeddable":true,"href":"https:\/\/maybommini.vn\/index.php?rest_route=%2Fwp%2Fv2%2Fproduct_tag&post=259337"}],"curies":[{"name":"wp","href":"https:\/\/api.w.org\/{rel}","templated":true}]}}