{"id":259357,"date":"2018-07-03T17:31:48","date_gmt":"2018-07-03T10:31:48","guid":{"rendered":"https:\/\/maybommini.com\/?post_type=product&#038;p=259357"},"modified":"2019-05-19T21:21:31","modified_gmt":"2019-05-19T14:21:31","slug":"may-bom-oxy-24v-60w-80l","status":"publish","type":"product","link":"https:\/\/maybommini.vn\/?product=may-bom-oxy-24v-60w-80l","title":{"rendered":"M\u00e1y b\u01a1m oxy 24V 60W 80L"},"content":{"rendered":"<h3><strong>Chuy\u00ean b\u00e1n ph\u00e2n ph\u1ed1i\u00a0c\u00e1c lo\u1ea1i m\u00e1y b\u01a1m oxy h\u1ed3 c\u00e1 chuy\u00ean d\u1ee5ng d\u00f9ng ngu\u1ed3n \u0111i\u1ec7n DC 24V cao c\u1ea5p c\u00f3 th\u1ec3 d\u00f9ng b\u00ecnh \u00e1c quy \u0111\u1ec3 ch\u1ea1y r\u1ea5t t\u1ed1t. Giao h\u00e0ng to\u00e0n qu\u1ed1c b\u1ea3o h\u00e0nh ch\u00ednh h\u00e3ng gi\u00e1 t\u1ed1t mua s\u1ed1 l\u01b0\u1ee3ng.<\/strong><\/h3>\n<p><a href=\"https:\/\/maybommini.com\/wp-content\/uploads\/2018\/07\/may-tao-oxy-24V.jpg\" target=\"_blank\" rel=\"noopener\"><img decoding=\"async\" class=\"size-full wp-image-259358 aligncenter\" src=\"https:\/\/maybommini.com\/wp-content\/uploads\/2018\/07\/may-tao-oxy-24V.jpg\" alt=\"May Tao Oxy 24V\" width=\"750\" height=\"750\" srcset=\"https:\/\/maybommini.vn\/wp-content\/uploads\/2018\/07\/may-tao-oxy-24V.jpg 750w, https:\/\/maybommini.vn\/wp-content\/uploads\/2018\/07\/may-tao-oxy-24V-300x300.jpg 300w, https:\/\/maybommini.vn\/wp-content\/uploads\/2018\/07\/may-tao-oxy-24V-150x150.jpg 150w, https:\/\/maybommini.vn\/wp-content\/uploads\/2018\/07\/may-tao-oxy-24V-600x600.jpg 600w\" sizes=\"(max-width: 750px) 100vw, 750px\" \/><\/a><\/p>\n<p><strong>TH\u00d4NG S\u1ed0 K\u1ef8 THU\u1eacT<\/strong><br \/>\nModel: MPQ-904<br \/>\n\u0110i\u1ec7n th\u1ebf: 24V DC<br \/>\nC\u00f4ng su\u1ea5t: 60 W<br \/>\nL\u01b0u l\u01b0\u1ee3ng: 80 L\/P<br \/>\n\u00c1p l\u1ef1c: 0.08 MPa<br \/>\nCh\u1ea5t li\u1ec7u: \u0110\u1ed3ng &#8211; Gang<br \/>\nTr\u1ecdng l\u01b0\u1ee3ng: 2 Kg<\/p>\n<p><img decoding=\"async\" class=\"size-full wp-image-254108 aligncenter\" src=\"https:\/\/maybommini.com.vn\/wp-content\/uploads\/2018\/02\/may-bom-oxy-loi-dong.jpg\" alt=\"May Bom Oxy Loi Dong\" width=\"750\" height=\"750\" srcset=\"https:\/\/maybommini.vn\/wp-content\/uploads\/2018\/02\/may-bom-oxy-loi-dong.jpg 750w, https:\/\/maybommini.vn\/wp-content\/uploads\/2018\/02\/may-bom-oxy-loi-dong-300x300.jpg 300w, https:\/\/maybommini.vn\/wp-content\/uploads\/2018\/02\/may-bom-oxy-loi-dong-600x600.jpg 600w, https:\/\/maybommini.vn\/wp-content\/uploads\/2018\/02\/may-bom-oxy-loi-dong-150x150.jpg 150w\" sizes=\"(max-width: 750px) 100vw, 750px\" \/><\/p>\n<p><a href=\"https:\/\/maybommini.com\/wp-content\/uploads\/2018\/07\/cau-tao-may-bom-oxy-ho-ca.jpg\" target=\"_blank\" rel=\"noopener\"><img decoding=\"async\" class=\"size-full wp-image-259359 aligncenter\" src=\"https:\/\/maybommini.com\/wp-content\/uploads\/2018\/07\/cau-tao-may-bom-oxy-ho-ca.jpg\" alt=\"Cau Tao May Bom Oxy Ho Ca\" width=\"750\" height=\"750\" srcset=\"https:\/\/maybommini.vn\/wp-content\/uploads\/2018\/07\/cau-tao-may-bom-oxy-ho-ca.jpg 750w, https:\/\/maybommini.vn\/wp-content\/uploads\/2018\/07\/cau-tao-may-bom-oxy-ho-ca-300x300.jpg 300w, https:\/\/maybommini.vn\/wp-content\/uploads\/2018\/07\/cau-tao-may-bom-oxy-ho-ca-150x150.jpg 150w, https:\/\/maybommini.vn\/wp-content\/uploads\/2018\/07\/cau-tao-may-bom-oxy-ho-ca-600x600.jpg 600w\" sizes=\"(max-width: 750px) 100vw, 750px\" \/><\/a> <a href=\"https:\/\/maybommini.com\/wp-content\/uploads\/2018\/07\/dong-may-bom-bom-oxy-MPQ-904.jpg\" target=\"_blank\" rel=\"noopener\"><img decoding=\"async\" class=\"size-full wp-image-259360 aligncenter\" src=\"https:\/\/maybommini.com\/wp-content\/uploads\/2018\/07\/dong-may-bom-bom-oxy-MPQ-904.jpg\" alt=\"Dong May Bom Bom Oxy MPQ 904\" width=\"750\" height=\"750\" srcset=\"https:\/\/maybommini.vn\/wp-content\/uploads\/2018\/07\/dong-may-bom-bom-oxy-MPQ-904.jpg 750w, https:\/\/maybommini.vn\/wp-content\/uploads\/2018\/07\/dong-may-bom-bom-oxy-MPQ-904-300x300.jpg 300w, https:\/\/maybommini.vn\/wp-content\/uploads\/2018\/07\/dong-may-bom-bom-oxy-MPQ-904-150x150.jpg 150w, https:\/\/maybommini.vn\/wp-content\/uploads\/2018\/07\/dong-may-bom-bom-oxy-MPQ-904-600x600.jpg 600w\" sizes=\"(max-width: 750px) 100vw, 750px\" \/><\/a><\/p>\n<p>&nbsp;<\/p>\n<h3><strong>S\u1eec D\u1ee4NG M\u00c1Y B\u01a0M OXY H\u1ed2 C\u00c1 12V 24V<\/strong><\/h3>\n<p>&#8211; D\u00f9ng b\u01a1m oxy h\u1ed3 c\u00e1.<br \/>\n&#8211; D\u00f9ng b\u01a1m oxy d\u1ef1 ph\u00f2ng ch\u1ed3 c\u00e1 c\u1ea3nh.<br \/>\n&#8211; D\u00f9ng b\u01a1m oxy h\u1ed3 c\u00e1 nh\u00e0 h\u00e0ng qu\u00e1n \u0103n.<br \/>\n&#8211; D\u00f9ng b\u01a1m oxy cho xe ch\u1edf c\u00e1, t\u00f4m th\u1ee7y s\u1ea3n.<br \/>\n&#8211; D\u00f9ng b\u01a1m oxy h\u1ed3 n\u01b0\u1edbc.<br \/>\n&#8211; V\u00e0 d\u00f9ng b\u01a1m kh\u00ed oxy, s\u1ee5c kh\u00ed oxy.<br \/>\nB\u1ea1n c\u00f3 th\u1ec3 d\u00f9ng b\u00ecnh \u00e1c quy 12V 24V DC \u0111\u1ec3 ch\u1ea1y m\u00e1y b\u01a1m oxy r\u1ea5t t\u1ed1t ho\u1eb7c d\u00f9ng bi\u1ebfn th\u1ebf ngu\u1ed3n \u0111i\u1ec7n 220V sang 24V 5A \u0111\u1ec3 ch\u1ea1y.<\/p>\n<p><a href=\"https:\/\/maybommini.com\/wp-content\/uploads\/2018\/07\/may-oxy-24v-dung-binh-ac-quy.jpg\" target=\"_blank\" rel=\"noopener\"><img decoding=\"async\" class=\"size-full wp-image-259361 aligncenter\" src=\"https:\/\/maybommini.com\/wp-content\/uploads\/2018\/07\/may-oxy-24v-dung-binh-ac-quy.jpg\" alt=\"May Oxy 24v Dung Binh Ac Quy\" width=\"820\" height=\"820\" srcset=\"https:\/\/maybommini.vn\/wp-content\/uploads\/2018\/07\/may-oxy-24v-dung-binh-ac-quy.jpg 820w, https:\/\/maybommini.vn\/wp-content\/uploads\/2018\/07\/may-oxy-24v-dung-binh-ac-quy-300x300.jpg 300w, https:\/\/maybommini.vn\/wp-content\/uploads\/2018\/07\/may-oxy-24v-dung-binh-ac-quy-150x150.jpg 150w, https:\/\/maybommini.vn\/wp-content\/uploads\/2018\/07\/may-oxy-24v-dung-binh-ac-quy-600x600.jpg 600w\" sizes=\"(max-width: 820px) 100vw, 820px\" \/><\/a><\/p>\n<p><a href=\"https:\/\/maybommini.com\/wp-content\/uploads\/2018\/07\/may-tao-oxy-24V.jpg\" target=\"_blank\" rel=\"noopener\"><img decoding=\"async\" class=\"size-full wp-image-259358 aligncenter\" src=\"https:\/\/maybommini.com\/wp-content\/uploads\/2018\/07\/may-tao-oxy-24V.jpg\" alt=\"May Tao Oxy 24V\" width=\"750\" height=\"750\" srcset=\"https:\/\/maybommini.vn\/wp-content\/uploads\/2018\/07\/may-tao-oxy-24V.jpg 750w, https:\/\/maybommini.vn\/wp-content\/uploads\/2018\/07\/may-tao-oxy-24V-300x300.jpg 300w, https:\/\/maybommini.vn\/wp-content\/uploads\/2018\/07\/may-tao-oxy-24V-150x150.jpg 150w, https:\/\/maybommini.vn\/wp-content\/uploads\/2018\/07\/may-tao-oxy-24V-600x600.jpg 600w\" sizes=\"(max-width: 750px) 100vw, 750px\" \/><\/a><\/p>\n<h3><strong>MUA M\u00c1Y B\u01a0M OXY 12V 24V \u1ede \u0110\u00c2Y<\/strong><\/h3>\n<p>Ch\u00fang t\u00f4i cung c\u1ea5p c\u00e1c lo\u1ea1i<em><strong><a href=\"https:\/\/maybommini.com.vn\/san-pham\/may-tao-oxy-usb-6v-mini\" target=\"_blank\" rel=\"noopener\"> m\u00e1y b\u01a1m oxy<\/a> 12v 24v<\/strong><\/em>, m\u00e1y b\u01a1m oxy usb, m\u00e1y b\u01a1m h\u1ed3 c\u00e1c, m\u00e1y b\u01a1m ch\u00ecm c\u00e1 c\u1ea3nh, h\u00f2n non b\u1ed9 gi\u00e1 t\u1ed1t giao h\u00e0ng to\u00e0n qu\u1ed1c b\u1ea3o h\u00e0nh l\u00e2u d\u00e0i ch\u00ednh h\u00e3ng. M\u1ecdi chi ti\u1ebft vui l\u00f2ng li\u00ean h\u1ec7 tr\u1ef1c ti\u1ebfp cho ch\u00fang t\u00f4i \u0111\u1ec3 \u0111\u01b0\u1ee3c t\u01b0 v\u1ea5n theo nhu c\u1ea7u \u0111\u1ec3 c\u00f3 \u0111\u01b0\u1ee3c b\u1ed9 s\u1ea3n ph\u1ea9m t\u1ed1t nh\u1ea5t v\u00e0 ti\u1ebft ki\u1ec7m.<br \/>\nM\u00e1y B\u01a1m Mini l\u00e0 nh\u00e0 cung c\u1ea5p h\u00e0ng\u00a0\u0111\u1ea7u v\u1ec1 c\u00e1c thi\u1ebft bi6 nh\u01b0 m\u00e1y b\u01a1m mini, m\u00e1y b\u01a1m n\u01b0\u1edbc, b\u01a1m oxy, b\u01a1m n\u01b0\u1edbc ng\u1eadp, b\u01a1m ho\u00e1 ch\u1ea5t, m\u00e1y b\u01a1m x\u0103ng d\u1ea7u, m\u00e1y phun s\u01b0\u01a1ng v\u00e0 nhi\u1ec1u thi\u1ebft b\u1ecb kh\u00e1c gi\u00e1 t\u1ed1t.<br \/>\nEmail : maybommini.com@gmail.com<br \/>\nWebsite : <a title=\"May bom mini\" href=\"http:\/\/maybommini.com\/\" target=\"_blank\" rel=\"noopener\">http:\/\/maybommini.com<\/a><br \/>\nFacebook :\u00a0<a title=\"m\u00e1y b\u01a1m mini\" href=\"https:\/\/www.facebook.com\/maybommini\" target=\"_blank\" rel=\"noopener\">https:\/\/www.facebook.com\/maybommini<\/a><br \/>\nGoogle :\u00a0<a title=\"May bom nuoc mini rua xe\" href=\"https:\/\/plus.google.com\/ Maybomnuocminiruaxe\" target=\"_blank\" rel=\"noopener\">https:\/\/plus.google.com\/ Maybomnuocminiruaxe<\/a><br \/>\nYoutube demo :\u00a0<a title=\"Rua xe bang may bom mini\" href=\"https:\/\/www.youtube.com\/bahamasali\" target=\"_blank\" rel=\"noopener\">https:\/\/www.youtube.com\/bahamasali<\/a><\/p>\n","protected":false},"excerpt":{"rendered":"<p>Model: MPQ-904<br \/>\n\u0110i\u1ec7n th\u1ebf: 24V DC<br \/>\nC\u00f4ng su\u1ea5t: 60 W<br \/>\nL\u01b0u l\u01b0\u1ee3ng: 80 L\/P<br \/>\n\u00c1p l\u1ef1c: 0.08 MPa<br \/>\nCh\u1ea5t li\u1ec7u: \u0110\u1ed3ng &#8211; Gang<br \/>\nTr\u1ecdng l\u01b0\u1ee3ng: 2 Kg<br \/>\nTel: 0907294310<\/p>\n","protected":false},"featured_media":259358,"comment_status":"open","ping_status":"closed","template":"","meta":[],"product_brand":[2784],"product_cat":[1000],"product_tag":[488,1727,1728,2307,1365,1729,2306,2305,2303,2304],"class_list":{"0":"post-259357","1":"product","2":"type-product","3":"status-publish","4":"has-post-thumbnail","6":"product_brand-resun","7":"product_cat-may-tao-oxy","8":"product_tag-24v","9":"product_tag-bom-oxy-12v","10":"product_tag-bom-oxy-du-phong","11":"product_tag-may-bom-bom-oxy-ban-ca","12":"product_tag-may-bom-oxy","13":"product_tag-may-bom-oxy-hho-ca","14":"product_tag-may-bom-oxy-xe-may","15":"product_tag-may-bom-oxy-xe-tai","16":"product_tag-may-oxy-24v","17":"product_tag-oxy-ho-ca","19":"first","20":"instock","21":"sale","22":"shipping-taxable","23":"purchasable","24":"product-type-simple"},"_links":{"self":[{"href":"https:\/\/maybommini.vn\/index.php?rest_route=\/wp\/v2\/product\/259357","targetHints":{"allow":["GET"]}}],"collection":[{"href":"https:\/\/maybommini.vn\/index.php?rest_route=\/wp\/v2\/product"}],"about":[{"href":"https:\/\/maybommini.vn\/index.php?rest_route=\/wp\/v2\/types\/product"}],"replies":[{"embeddable":true,"href":"https:\/\/maybommini.vn\/index.php?rest_route=%2Fwp%2Fv2%2Fcomments&post=259357"}],"wp:featuredmedia":[{"embeddable":true,"href":"https:\/\/maybommini.vn\/index.php?rest_route=\/wp\/v2\/media\/259358"}],"wp:attachment":[{"href":"https:\/\/maybommini.vn\/index.php?rest_route=%2Fwp%2Fv2%2Fmedia&parent=259357"}],"wp:term":[{"taxonomy":"product_brand","embeddable":true,"href":"https:\/\/maybommini.vn\/index.php?rest_route=%2Fwp%2Fv2%2Fproduct_brand&post=259357"},{"taxonomy":"product_cat","embeddable":true,"href":"https:\/\/maybommini.vn\/index.php?rest_route=%2Fwp%2Fv2%2Fproduct_cat&post=259357"},{"taxonomy":"product_tag","embeddable":true,"href":"https:\/\/maybommini.vn\/index.php?rest_route=%2Fwp%2Fv2%2Fproduct_tag&post=259357"}],"curies":[{"name":"wp","href":"https:\/\/api.w.org\/{rel}","templated":true}]}}