{"id":259404,"date":"2018-07-09T16:19:31","date_gmt":"2018-07-09T09:19:31","guid":{"rendered":"https:\/\/maybommini.com\/?post_type=product&#038;p=259404"},"modified":"2020-09-21T15:05:32","modified_gmt":"2020-09-21T08:05:32","slug":"binh-phun-bot-tuyet-rua-xe-1l-dau-noi-nhanh","status":"publish","type":"product","link":"https:\/\/maybommini.vn\/?product=binh-phun-bot-tuyet-rua-xe-1l-dau-noi-nhanh","title":{"rendered":"B\u00ecnh phun b\u1ecdt tuy\u1ebft r\u1eeda xe 1L \u0111\u1ea7u n\u1ed1i nhanh"},"content":{"rendered":"<h3><strong>Chuy\u00ean b\u00e1n ph\u00e2n ph\u1ed1i c\u00e1c lo\u1ea1i b\u00ecnh phun b\u1ecdt tuy\u1ebft r\u1eeda xe 1L \u0111\u1ea7u n\u1ed1i nhanh cao c\u1ea5p gi\u00e1 t\u1ed1t ch\u00ednh h\u00e3ng t\u1ea1i Vi\u1ec7t Nam. D\u00f9ng cho t\u1ea5t c\u1ea3 c\u00e1c lo\u1ea1i m\u00e1y b\u01a1m \u00e1p l\u1ef1c cao r\u1eeda xe m\u00e1y v\u00e0 \u00f4to r\u1ea5t ti\u1ec7n l\u1ee3i chi ph\u00ed th\u1ea5p chuy\u00ean nghi\u1ec7p gi\u00fap v\u1ec7 sinh r\u1eeda xe r\u1ea5t s\u1ea1ch.<\/strong><\/h3>\n<p><a href=\"https:\/\/maybommini.com\/wp-content\/uploads\/2018\/07\/binh-phun-bot-tuyet-rua-xe-noi-nhanh.jpg\" target=\"_blank\" rel=\"noopener\"><img decoding=\"async\" class=\"size-full wp-image-259409 aligncenter\" src=\"https:\/\/maybommini.com\/wp-content\/uploads\/2018\/07\/binh-phun-bot-tuyet-rua-xe-noi-nhanh.jpg\" alt=\"Binh Phun Bot Tuyet Rua Xe Noi Nhanh\" width=\"820\" height=\"820\" srcset=\"https:\/\/maybommini.vn\/wp-content\/uploads\/2018\/07\/binh-phun-bot-tuyet-rua-xe-noi-nhanh.jpg 820w, https:\/\/maybommini.vn\/wp-content\/uploads\/2018\/07\/binh-phun-bot-tuyet-rua-xe-noi-nhanh-300x300.jpg 300w, https:\/\/maybommini.vn\/wp-content\/uploads\/2018\/07\/binh-phun-bot-tuyet-rua-xe-noi-nhanh-150x150.jpg 150w, https:\/\/maybommini.vn\/wp-content\/uploads\/2018\/07\/binh-phun-bot-tuyet-rua-xe-noi-nhanh-600x600.jpg 600w, https:\/\/maybommini.vn\/wp-content\/uploads\/2018\/07\/binh-phun-bot-tuyet-rua-xe-noi-nhanh-768x768.jpg 768w\" sizes=\"(max-width: 820px) 100vw, 820px\" \/><\/a><\/p>\n<p><strong>TH\u00d4NG S\u1ed0 K\u1ef8 THU\u1eacT<\/strong><br \/>\nModel: BT-1L-NOI-NHANH<br \/>\nDung t\u00edch : 1 l\u00edt<br \/>\nB\u00e9c phun : M\u1ecf v\u1ecbt<br \/>\nKi\u1ec3u n\u1ed1i \u1ed1ng : N\u1ed1i nhanh<br \/>\nCh\u1ea5t li\u1ec7u: \u0110\u1ed3ng &#8211; Inox &#8211; Nh\u1ef1a<br \/>\nS\u1ea3n ph\u1ea9m cao c\u1ea5p<br \/>\nD\u00f9ng cho c\u00e1c lo\u1ea1i m\u00e1y b\u01a1m \u00e1p l\u1ef1c.<br \/>\nB\u00e9c c\u00f3 th\u1ec3 \u0111i\u1ec1u ch\u1ec9nh tia phun.<br \/>\nB\u00ecnh c\u00f3 th\u1ec3 \u0111i\u1ec1u ch\u1ec9nh l\u01b0\u1ee3ng phun.<br \/>\nD\u00f9ng t\u1ed1t cho t\u1ea5t c\u1ea3 c\u00e1c lo\u1ea1i ho\u00e1 ch\u1ea5t r\u1eeda xe v\u00e0 x\u00e0 ph\u1ed3ng.<\/p>\n<p><a href=\"https:\/\/maybommini.com\/wp-content\/uploads\/2018\/07\/binh-phun-bot-tuyet-gia-re.jpg\" target=\"_blank\" rel=\"noopener\"><img decoding=\"async\" class=\"size-full wp-image-259408 aligncenter\" src=\"https:\/\/maybommini.com\/wp-content\/uploads\/2018\/07\/binh-phun-bot-tuyet-gia-re.jpg\" alt=\"Binh Phun Bot Tuyet Gia Re\" width=\"820\" height=\"820\" srcset=\"https:\/\/maybommini.vn\/wp-content\/uploads\/2018\/07\/binh-phun-bot-tuyet-gia-re.jpg 820w, https:\/\/maybommini.vn\/wp-content\/uploads\/2018\/07\/binh-phun-bot-tuyet-gia-re-300x300.jpg 300w, https:\/\/maybommini.vn\/wp-content\/uploads\/2018\/07\/binh-phun-bot-tuyet-gia-re-150x150.jpg 150w, https:\/\/maybommini.vn\/wp-content\/uploads\/2018\/07\/binh-phun-bot-tuyet-gia-re-600x600.jpg 600w\" sizes=\"(max-width: 820px) 100vw, 820px\" \/><\/a> <a href=\"https:\/\/maybommini.com\/wp-content\/uploads\/2018\/07\/binh-chua-bot-tuyet-rua-xe.jpg\" target=\"_blank\" rel=\"noopener\"><img decoding=\"async\" class=\"size-full wp-image-259406 aligncenter\" src=\"https:\/\/maybommini.com\/wp-content\/uploads\/2018\/07\/binh-chua-bot-tuyet-rua-xe.jpg\" alt=\"Binh Chua Bot Tuyet Rua Xe\" width=\"820\" height=\"820\" srcset=\"https:\/\/maybommini.vn\/wp-content\/uploads\/2018\/07\/binh-chua-bot-tuyet-rua-xe.jpg 820w, https:\/\/maybommini.vn\/wp-content\/uploads\/2018\/07\/binh-chua-bot-tuyet-rua-xe-300x300.jpg 300w, https:\/\/maybommini.vn\/wp-content\/uploads\/2018\/07\/binh-chua-bot-tuyet-rua-xe-150x150.jpg 150w, https:\/\/maybommini.vn\/wp-content\/uploads\/2018\/07\/binh-chua-bot-tuyet-rua-xe-600x600.jpg 600w\" sizes=\"(max-width: 820px) 100vw, 820px\" \/><\/a> <a href=\"https:\/\/maybommini.com\/wp-content\/uploads\/2018\/07\/bec-phun-mo-vit-bot-tuyet.jpg\" target=\"_blank\" rel=\"noopener\"><img decoding=\"async\" class=\"size-full wp-image-259405 aligncenter\" src=\"https:\/\/maybommini.com\/wp-content\/uploads\/2018\/07\/bec-phun-mo-vit-bot-tuyet.jpg\" alt=\"Bec Phun Mo Vit Bot Tuyet\" width=\"820\" height=\"820\" srcset=\"https:\/\/maybommini.vn\/wp-content\/uploads\/2018\/07\/bec-phun-mo-vit-bot-tuyet.jpg 820w, https:\/\/maybommini.vn\/wp-content\/uploads\/2018\/07\/bec-phun-mo-vit-bot-tuyet-300x300.jpg 300w, https:\/\/maybommini.vn\/wp-content\/uploads\/2018\/07\/bec-phun-mo-vit-bot-tuyet-150x150.jpg 150w, https:\/\/maybommini.vn\/wp-content\/uploads\/2018\/07\/bec-phun-mo-vit-bot-tuyet-600x600.jpg 600w, https:\/\/maybommini.vn\/wp-content\/uploads\/2018\/07\/bec-phun-mo-vit-bot-tuyet-768x768.jpg 768w\" sizes=\"(max-width: 820px) 100vw, 820px\" \/><\/a> <a href=\"https:\/\/maybommini.com\/wp-content\/uploads\/2018\/07\/dau-phun-bot-tuyet-noi-nhanh.jpg\" target=\"_blank\" rel=\"noopener\"><img decoding=\"async\" class=\"size-full wp-image-259412 aligncenter\" src=\"https:\/\/maybommini.com\/wp-content\/uploads\/2018\/07\/dau-phun-bot-tuyet-noi-nhanh.jpg\" alt=\"Dau Phun Bot Tuyet Noi Nhanh\" width=\"820\" height=\"820\" srcset=\"https:\/\/maybommini.vn\/wp-content\/uploads\/2018\/07\/dau-phun-bot-tuyet-noi-nhanh.jpg 820w, https:\/\/maybommini.vn\/wp-content\/uploads\/2018\/07\/dau-phun-bot-tuyet-noi-nhanh-300x300.jpg 300w, https:\/\/maybommini.vn\/wp-content\/uploads\/2018\/07\/dau-phun-bot-tuyet-noi-nhanh-150x150.jpg 150w, https:\/\/maybommini.vn\/wp-content\/uploads\/2018\/07\/dau-phun-bot-tuyet-noi-nhanh-600x600.jpg 600w\" sizes=\"(max-width: 820px) 100vw, 820px\" \/><\/a> <a href=\"https:\/\/maybommini.com\/wp-content\/uploads\/2018\/07\/dau-phun-bot-tuyet.jpg\" target=\"_blank\" rel=\"noopener\"><img decoding=\"async\" class=\"size-full wp-image-259411 aligncenter\" src=\"https:\/\/maybommini.com\/wp-content\/uploads\/2018\/07\/dau-phun-bot-tuyet.jpg\" alt=\"Dau Phun Bot Tuyet\" width=\"820\" height=\"820\" srcset=\"https:\/\/maybommini.vn\/wp-content\/uploads\/2018\/07\/dau-phun-bot-tuyet.jpg 820w, https:\/\/maybommini.vn\/wp-content\/uploads\/2018\/07\/dau-phun-bot-tuyet-300x300.jpg 300w, https:\/\/maybommini.vn\/wp-content\/uploads\/2018\/07\/dau-phun-bot-tuyet-150x150.jpg 150w, https:\/\/maybommini.vn\/wp-content\/uploads\/2018\/07\/dau-phun-bot-tuyet-600x600.jpg 600w\" sizes=\"(max-width: 820px) 100vw, 820px\" \/><\/a><strong>S\u1eec D\u1ee4NG B\u00ccNH PHUN B\u1eccT TUY\u1ebeT \u0110\u1ec2 R\u1eecA XE<\/strong><br \/>\nV\u1edbi b\u00ecnh phun b\u1ed9t tuy\u1ebft n\u00e0y b\u1ea1n c\u00f3 th\u1ec3 k\u1ebft h\u1ee3p v\u1edbi t\u1ea5t c\u1ea3 c\u00e1c lo\u1ea1i m\u00e1y r\u1eeda xe \u00e1p l\u1ef1c cao tr\u00ean th\u1ecb tr\u01b0\u1eddng r\u1ea5t t\u1ed1t, s\u1eed d\u1ee5ng ti\u1ec7n l\u1ee3i v\u00e0 chi ph\u00ed th\u1ea5p l\u1ea1i c\u00f2n chuy\u00ean nghi\u1ec7p.<br \/>\nD\u00f9ng cho c\u00e1c lo\u1ea1i m\u00e1y b\u01a1m \u00e1p l\u1ef1c r\u1eeda xe.<br \/>\nB\u00e9c c\u00f3 th\u1ec3 \u0111i\u1ec1u ch\u1ec9nh tia phun l\u1edbn ho\u1eb7c nh\u1ecf tu\u1ef3 th\u00edch.<br \/>\nB\u00ecnh c\u00f3 th\u1ec3 \u0111i\u1ec1u ch\u1ec9nh l\u01b0\u1ee3ng phun ph\u00f9 h\u1ee3p.<br \/>\nD\u00f9ng t\u1ed1t cho t\u1ea5t c\u1ea3 c\u00e1c lo\u1ea1i ho\u00e1 ch\u1ea5t r\u1eeda xe v\u00e0 x\u00e0 ph\u1ed3ng.<br \/>\nCh\u1ee9a 1 l\u00edt dung d\u1ecbch n\u00ean r\u1ea5t thu\u1eadn ti\u1ec7n kh\u00f4ng c\u1ea7n th\u00eam ho\u00e1 ch\u1ea5t li\u00ean t\u1ee5c nh\u01b0 c\u00e1c lo\u1ea1i kh\u00e1c gi\u00e1 r\u1ebb h\u01a1n.<br \/>\nB\u00ecnh hi\u1ec7n t\u1ea1i c\u00f3 2 lo\u1ea1i d\u00f9ng ren ngo\u00e0i 22mm v\u00e0 lo\u1ea1i n\u1ed1i nhanh ti\u1ec7n l\u1ee3i.<\/p>\n<p><a href=\"https:\/\/maybommini.com\/wp-content\/uploads\/2018\/07\/cach-su-dung-binh-phun-tuyet.jpg\" target=\"_blank\" rel=\"noopener\"><img decoding=\"async\" class=\"size-full wp-image-259418 aligncenter\" src=\"https:\/\/maybommini.com\/wp-content\/uploads\/2018\/07\/cach-su-dung-binh-phun-tuyet.jpg\" alt=\"Cach Su Dung Binh Phun Tuyet\" width=\"820\" height=\"820\" srcset=\"https:\/\/maybommini.vn\/wp-content\/uploads\/2018\/07\/cach-su-dung-binh-phun-tuyet.jpg 820w, https:\/\/maybommini.vn\/wp-content\/uploads\/2018\/07\/cach-su-dung-binh-phun-tuyet-300x300.jpg 300w, https:\/\/maybommini.vn\/wp-content\/uploads\/2018\/07\/cach-su-dung-binh-phun-tuyet-150x150.jpg 150w, https:\/\/maybommini.vn\/wp-content\/uploads\/2018\/07\/cach-su-dung-binh-phun-tuyet-600x600.jpg 600w, https:\/\/maybommini.vn\/wp-content\/uploads\/2018\/07\/cach-su-dung-binh-phun-tuyet-768x768.jpg 768w\" sizes=\"(max-width: 820px) 100vw, 820px\" \/><\/a> <a href=\"https:\/\/maybommini.com\/wp-content\/uploads\/2018\/07\/su-dung-binh-phu-bot-tuyet-voi-may-rua-xe.jpg\" target=\"_blank\" rel=\"noopener\"><img decoding=\"async\" class=\"size-full wp-image-259419 aligncenter\" src=\"https:\/\/maybommini.com\/wp-content\/uploads\/2018\/07\/su-dung-binh-phu-bot-tuyet-voi-may-rua-xe.jpg\" alt=\"Su Dung Binh Phu Bot Tuyet Voi May Rua Xe\" width=\"820\" height=\"820\" srcset=\"https:\/\/maybommini.vn\/wp-content\/uploads\/2018\/07\/su-dung-binh-phu-bot-tuyet-voi-may-rua-xe.jpg 820w, https:\/\/maybommini.vn\/wp-content\/uploads\/2018\/07\/su-dung-binh-phu-bot-tuyet-voi-may-rua-xe-300x300.jpg 300w, https:\/\/maybommini.vn\/wp-content\/uploads\/2018\/07\/su-dung-binh-phu-bot-tuyet-voi-may-rua-xe-150x150.jpg 150w, https:\/\/maybommini.vn\/wp-content\/uploads\/2018\/07\/su-dung-binh-phu-bot-tuyet-voi-may-rua-xe-600x600.jpg 600w\" sizes=\"(max-width: 820px) 100vw, 820px\" \/><\/a> <a href=\"https:\/\/maybommini.com\/wp-content\/uploads\/2018\/07\/su-dung-binh-phun-bot-tuyet.jpg\" target=\"_blank\" rel=\"noopener\"><img decoding=\"async\" class=\"size-full wp-image-259420 aligncenter\" src=\"https:\/\/maybommini.com\/wp-content\/uploads\/2018\/07\/su-dung-binh-phun-bot-tuyet.jpg\" alt=\"Su Dung Binh Phun Bot Tuyet\" width=\"820\" height=\"820\" srcset=\"https:\/\/maybommini.vn\/wp-content\/uploads\/2018\/07\/su-dung-binh-phun-bot-tuyet.jpg 820w, https:\/\/maybommini.vn\/wp-content\/uploads\/2018\/07\/su-dung-binh-phun-bot-tuyet-300x300.jpg 300w, https:\/\/maybommini.vn\/wp-content\/uploads\/2018\/07\/su-dung-binh-phun-bot-tuyet-150x150.jpg 150w, https:\/\/maybommini.vn\/wp-content\/uploads\/2018\/07\/su-dung-binh-phun-bot-tuyet-600x600.jpg 600w\" sizes=\"(max-width: 820px) 100vw, 820px\" \/><\/a><\/p>\n<p><strong>B\u00c1N B\u00ccNH PHUN B\u1ed8T TUY\u1ebeT CAO C\u1ea4P GI\u00c1 R\u1eba<br \/>\n<\/strong>Ch\u00fang t\u00f4i b\u00e1n ph\u00e2n ph\u1ed1i c\u00e1c lo\u1ea1i linh ph\u1ee5 ki\u1ec7n cho m\u00e1y r\u1eeda xe \u00e1p l\u1ef1c cao nh\u01b0 m\u00e1y b\u01a1m cao \u00e1p, s\u00fang x\u1ecbt \u00e1p l\u1ef1c cao, b\u00ecnh phun b\u1ecdt tuy\u1ebft, b\u00e9c x\u1ecbt \u00e1p l\u1ef1c cao r\u1eeda xe, d\u00e2y r\u1eeda xe \u00e1p l\u1ef1c v\u00e0 nhi\u1ec1u thi\u1ebft b\u1ecb kh\u00e1c v\u1edbi gi\u00e1 t\u1ed1t nh\u1ea5t b\u1ea3o h\u00e0nh ch\u00ednh h\u00e3ng, giao h\u00e0ng to\u00e0n qu\u1ed1c thu ti\u1ec1n t\u1ea1i nh\u00e0.<br \/>\n<strong>Website:<\/strong>\u00a0<a href=\"https:\/\/maybommini.com\" target=\"_blank\" rel=\"noopener\">https:\/\/maybommini.com<\/a><br \/>\n<strong>Youtube:<\/strong>\u00a0<a href=\"https:\/\/www.youtube.com\/user\/bahamasali\/videos\" target=\"_blank\" rel=\"noopener\">https:\/\/www.youtube.com\/user\/bahamasali\/videos<\/a><br \/>\n<strong>Email:<\/strong> maybommini.com@gmail.com<br \/>\n<strong>Tel:<\/strong> 0907294310 &#8211; 02873030399<\/p>\n<h3 style=\"text-align: center;\"><strong>B\u00ecnh phun b\u1ecdt tuy\u1ebft r\u1eeda xe 1L \u0111\u1ea7u n\u1ed1i nhanh<\/strong><\/h3>\n","protected":false},"excerpt":{"rendered":"<p>Model: BT-1L-NOI-NHANH<br \/>\nDung t\u00edch : 1 l\u00edt<br \/>\nB\u00e9c phun : M\u1ecf v\u1ecbt<br \/>\nKi\u1ec3u n\u1ed1i \u1ed1ng : N\u1ed1i nhanh<br \/>\nCh\u1ea5t li\u1ec7u: \u0110\u1ed3ng &#8211; Inox &#8211; Nh\u1ef1a<br \/>\nS\u1ea3n ph\u1ea9m cao c\u1ea5p<br \/>\nD\u00f9ng cho c\u00e1c lo\u1ea1i m\u00e1y b\u01a1m \u00e1p l\u1ef1c.<br \/>\nB\u00e9c c\u00f3 th\u1ec3 \u0111i\u1ec1u ch\u1ec9nh tia phun.<br \/>\nB\u00ecnh c\u00f3 th\u1ec3 \u0111i\u1ec1u ch\u1ec9nh l\u01b0\u1ee3ng phun.<br \/>\nD\u00f9ng t\u1ed1t cho t\u1ea5t c\u1ea3 c\u00e1c lo\u1ea1i ho\u00e1 ch\u1ea5t r\u1eeda xe v\u00e0 x\u00e0 ph\u1ed3ng.<br \/>\nB\u1ea3o h\u00e0nh: 1 th\u00e1ng<br \/>\n<strong>Tel: 0907294310<\/strong><\/p>\n","protected":false},"featured_media":259409,"comment_status":"open","ping_status":"closed","template":"","meta":[],"product_brand":[2227],"product_cat":[215,364],"product_tag":[2308,2312,2310,2311,210,2309],"class_list":{"0":"post-259404","1":"product","2":"type-product","3":"status-publish","4":"has-post-thumbnail","6":"product_brand-mtm","7":"product_cat-phu-kien-xit-rua-ap-luc","8":"product_cat-may-bom-ap-luc-cao","9":"product_tag-binh-phun-bot-tuyet","10":"product_tag-binh-phun-bot-tuyet-rua-xe","11":"product_tag-binh-phun-xa-phong","12":"product_tag-phun-sa-bong","13":"product_tag-rua-xe","14":"product_tag-rua-xe-bot-tuyet","16":"first","17":"instock","18":"sale","19":"shipping-taxable","20":"purchasable","21":"product-type-simple"},"_links":{"self":[{"href":"https:\/\/maybommini.vn\/index.php?rest_route=\/wp\/v2\/product\/259404","targetHints":{"allow":["GET"]}}],"collection":[{"href":"https:\/\/maybommini.vn\/index.php?rest_route=\/wp\/v2\/product"}],"about":[{"href":"https:\/\/maybommini.vn\/index.php?rest_route=\/wp\/v2\/types\/product"}],"replies":[{"embeddable":true,"href":"https:\/\/maybommini.vn\/index.php?rest_route=%2Fwp%2Fv2%2Fcomments&post=259404"}],"wp:featuredmedia":[{"embeddable":true,"href":"https:\/\/maybommini.vn\/index.php?rest_route=\/wp\/v2\/media\/259409"}],"wp:attachment":[{"href":"https:\/\/maybommini.vn\/index.php?rest_route=%2Fwp%2Fv2%2Fmedia&parent=259404"}],"wp:term":[{"taxonomy":"product_brand","embeddable":true,"href":"https:\/\/maybommini.vn\/index.php?rest_route=%2Fwp%2Fv2%2Fproduct_brand&post=259404"},{"taxonomy":"product_cat","embeddable":true,"href":"https:\/\/maybommini.vn\/index.php?rest_route=%2Fwp%2Fv2%2Fproduct_cat&post=259404"},{"taxonomy":"product_tag","embeddable":true,"href":"https:\/\/maybommini.vn\/index.php?rest_route=%2Fwp%2Fv2%2Fproduct_tag&post=259404"}],"curies":[{"name":"wp","href":"https:\/\/api.w.org\/{rel}","templated":true}]}}