{"id":259444,"date":"2018-07-12T14:20:15","date_gmt":"2018-07-12T07:20:15","guid":{"rendered":"https:\/\/maybommini.com\/?post_type=product&#038;p=259444"},"modified":"2023-04-06T11:53:31","modified_gmt":"2023-04-06T04:53:31","slug":"binh-ac-quy-kho-mini-12v-8ah-cao-cap","status":"publish","type":"product","link":"https:\/\/maybommini.vn\/?product=binh-ac-quy-kho-mini-12v-8ah-cao-cap","title":{"rendered":"B\u00ecnh \u1eafc quy kh\u00f4 mini 12V 8Ah cao c\u1ea5p"},"content":{"rendered":"<h3><em><strong>Chuy\u00ean b\u00e1n ph\u00e2n ph\u1ed1i c\u00e1c lo\u1ea1i b\u00ecnh\u00a0\u1eafc quy kh\u00f4 mini 12v 8ah cao c\u1ea5p ch\u1ea5t l\u01b0\u1ee3ng cao ch\u00ednh h\u00e3ng d\u00f9ng cho c\u00e1c thi\u1ebft b\u1ecb\u00a0\u0111i\u1ec7n, m\u00e1y b\u01a1m mini v\u00e0 nhi\u1ec1u\u00a0\u1ee9ng d\u1ee5ng kh\u00e1c.\u00a0\u0110\u00e2y l\u00e0 s\u1ea3n ph\u1ea9m h\u00e0ng ch\u1ea5t l\u01b0\u1ee3ng cao chuy\u00ean d\u1ee5ng v\u00e0\u00a0\u0111\u01b0\u1ee3c b\u00e0o h\u00e0nh ch\u00ednh h\u00e3ng do <a href=\"https:\/\/maybommini.com\/san-pham\/may-bom-nuoc-mini-ap-luc-12v-30w-3-1l-xld-pumps\" target=\"_blank\" rel=\"noopener noreferrer\">M\u00e1y B\u01a1m Mini<\/a> MTM ph\u00e2n ph\u1ed1i to\u00e0n qu\u1ed1c.<\/strong><\/em><\/h3>\n<p><a href=\"https:\/\/maybommini.com\/wp-content\/uploads\/2018\/07\/binh-ac-quy-12v8ah.jpg\" target=\"_blank\" rel=\"noopener\"><img decoding=\"async\" class=\"size-full wp-image-259446 aligncenter\" src=\"https:\/\/maybommini.com\/wp-content\/uploads\/2018\/07\/binh-ac-quy-12v8ah.jpg\" alt=\"Binh Ac Quy 12v8ah\" width=\"820\" height=\"820\" srcset=\"https:\/\/maybommini.vn\/wp-content\/uploads\/2018\/07\/binh-ac-quy-12v8ah.jpg 820w, https:\/\/maybommini.vn\/wp-content\/uploads\/2018\/07\/binh-ac-quy-12v8ah-300x300.jpg 300w, https:\/\/maybommini.vn\/wp-content\/uploads\/2018\/07\/binh-ac-quy-12v8ah-150x150.jpg 150w, https:\/\/maybommini.vn\/wp-content\/uploads\/2018\/07\/binh-ac-quy-12v8ah-600x600.jpg 600w\" sizes=\"(max-width: 820px) 100vw, 820px\" \/><\/a><\/p>\n<p><strong>TH\u00d4NG S\u1ed0 K\u1ef8 THU\u1eacT<\/strong><br \/>\nModel: ACQUY-12-8<br \/>\n\u0110i\u1ec7n th\u1ebf ra: 12V<br \/>\nDung l\u01b0\u1ee3ng: 8Ah<br \/>\nS\u1ea1c v\u00e0o: 0.1A &#8211; 1.2A &#8211; 12V<br \/>\nK\u00edch th\u01b0\u1edbc: 15 x 9.5 x 6.5 Cm<br \/>\nTr\u1ecdng l\u01b0\u1ee3ng: 2.2 kG<br \/>\nB\u1ea3o h\u00e0nh: 6 th\u00e1ng ch\u00ednh h\u00e3ng<\/p>\n<h3><a href=\"https:\/\/maybommini.com\/wp-content\/uploads\/2018\/07\/ban-binh-ac-quy-12v-cao-cap.jpg\" target=\"_blank\" rel=\"noopener\"><img decoding=\"async\" class=\"size-full wp-image-259445 aligncenter\" src=\"https:\/\/maybommini.com\/wp-content\/uploads\/2018\/07\/ban-binh-ac-quy-12v-cao-cap.jpg\" alt=\"Ban Binh Ac Quy 12v Cao Cap\" width=\"820\" height=\"820\" srcset=\"https:\/\/maybommini.vn\/wp-content\/uploads\/2018\/07\/ban-binh-ac-quy-12v-cao-cap.jpg 820w, https:\/\/maybommini.vn\/wp-content\/uploads\/2018\/07\/ban-binh-ac-quy-12v-cao-cap-300x300.jpg 300w, https:\/\/maybommini.vn\/wp-content\/uploads\/2018\/07\/ban-binh-ac-quy-12v-cao-cap-150x150.jpg 150w, https:\/\/maybommini.vn\/wp-content\/uploads\/2018\/07\/ban-binh-ac-quy-12v-cao-cap-600x600.jpg 600w\" sizes=\"(max-width: 820px) 100vw, 820px\" \/><\/a> <a href=\"https:\/\/maybommini.com\/wp-content\/uploads\/2018\/07\/chuyen-cyng-cap-binh-ac-quy-mini-12v.jpg\" target=\"_blank\" rel=\"noopener\"><img decoding=\"async\" class=\"size-full wp-image-259447 aligncenter\" src=\"https:\/\/maybommini.com\/wp-content\/uploads\/2018\/07\/chuyen-cyng-cap-binh-ac-quy-mini-12v.jpg\" alt=\"Chuyen Cyng Cap Binh Ac Quy Mini 12v\" width=\"820\" height=\"820\" srcset=\"https:\/\/maybommini.vn\/wp-content\/uploads\/2018\/07\/chuyen-cyng-cap-binh-ac-quy-mini-12v.jpg 820w, https:\/\/maybommini.vn\/wp-content\/uploads\/2018\/07\/chuyen-cyng-cap-binh-ac-quy-mini-12v-300x300.jpg 300w, https:\/\/maybommini.vn\/wp-content\/uploads\/2018\/07\/chuyen-cyng-cap-binh-ac-quy-mini-12v-150x150.jpg 150w, https:\/\/maybommini.vn\/wp-content\/uploads\/2018\/07\/chuyen-cyng-cap-binh-ac-quy-mini-12v-600x600.jpg 600w\" sizes=\"(max-width: 820px) 100vw, 820px\" \/><\/a><\/h3>\n<p><strong>S\u1eec D\u1ee4NG B\u00ccNH\u00a0\u1eaeC QUY KH\u00d4\u00a0MINI 12V<\/strong><br \/>\n&#8211; D\u00f9ng cho h\u1ec7 th\u1ed1ng thi\u1ebft b\u1ecb \u0111i\u1ec7n.<br \/>\n&#8211; D\u00f9ng cho <a href=\"https:\/\/maybommini.com\/danh-muc\/bom-nuoc-mini\" target=\"_blank\" rel=\"noopener noreferrer\">m\u00e1y b\u01a1m n\u01b0\u1edbc mini<\/a> 12V 24V<br \/>\n&#8211; D\u00f9ng h\u1ec7 th\u1ed1ng Camera.<br \/>\n&#8211; D\u00f9ng ngu\u1ed3n\u00a0\u0111i\u1ec7n d\u1ef1 ph\u00f2ng.<br \/>\n&#8211; D\u00f9ng cho\u00a0\u0111\u00e8n chi\u1ebfu s\u00e1ng c\u1ea7m tay ho\u1eb7c\u00a0\u0111\u00e8n treo t\u01b0\u1eddng d\u1ee5 ph\u00f2ng.<br \/>\n&#8211; D\u00f9ng trong h\u1ec7 th\u1ed1ng m\u00e1y m\u00f3c t\u1ef1\u00a0\u0111\u1ed9ng.<br \/>\n&#8211; D\u00f9ng h\u1ec7 th\u1ed1ng n\u0103ng l\u01b0\u1ee3ng m\u1eb7t tr\u1eddi.<br \/>\n&#8211; D\u00f9ng trong\u00a0\u0111\u1ed3 ch\u01a1i tr\u1ebb em.<br \/>\nV\u00e0\u00a0\u1ee9ng d\u1ee5ng trong nhi\u1ec1u l\u0129nh v\u1ef1c kh\u00e1c&#8230;<br \/>\n&#8211; S\u1eed d\u1ee5ng <a href=\"https:\/\/maybommini.com\/san-pham\/sac-binh-ac-qui-12v-1-2a\" target=\"_blank\" rel=\"noopener noreferrer\">s\u1ea1c\u00a0\u00e1c quy<\/a>\u00a0\u0111\u1ec3 n\u1ea1p.<\/p>\n<p><a href=\"https:\/\/maybommini.com\/wp-content\/uploads\/2018\/05\/phun-thuoc-tru-sau-bang-may-cay.jpg\" target=\"_blank\" rel=\"noopener\"><img decoding=\"async\" class=\"size-full wp-image-258626 aligncenter\" src=\"https:\/\/maybommini.com\/wp-content\/uploads\/2018\/05\/phun-thuoc-tru-sau-bang-may-cay.jpg\" alt=\"Phun Thuoc Tru Sau Bang May Cay\" width=\"820\" height=\"820\" srcset=\"https:\/\/maybommini.vn\/wp-content\/uploads\/2018\/05\/phun-thuoc-tru-sau-bang-may-cay.jpg 820w, https:\/\/maybommini.vn\/wp-content\/uploads\/2018\/05\/phun-thuoc-tru-sau-bang-may-cay-300x300.jpg 300w, https:\/\/maybommini.vn\/wp-content\/uploads\/2018\/05\/phun-thuoc-tru-sau-bang-may-cay-150x150.jpg 150w, https:\/\/maybommini.vn\/wp-content\/uploads\/2018\/05\/phun-thuoc-tru-sau-bang-may-cay-600x600.jpg 600w, https:\/\/maybommini.vn\/wp-content\/uploads\/2018\/05\/phun-thuoc-tru-sau-bang-may-cay-768x768.jpg 768w\" sizes=\"(max-width: 820px) 100vw, 820px\" \/><\/a> <a href=\"https:\/\/maybommini.com\/wp-content\/uploads\/2018\/05\/he-thong-phun-thuoc-tru-sau.jpg\" target=\"_blank\" rel=\"noopener\"><img decoding=\"async\" class=\"size-full wp-image-258623 aligncenter\" src=\"https:\/\/maybommini.com\/wp-content\/uploads\/2018\/05\/he-thong-phun-thuoc-tru-sau.jpg\" alt=\"He Thong Phun Thuoc Tru Sau\" width=\"820\" height=\"820\" srcset=\"https:\/\/maybommini.vn\/wp-content\/uploads\/2018\/05\/he-thong-phun-thuoc-tru-sau.jpg 820w, https:\/\/maybommini.vn\/wp-content\/uploads\/2018\/05\/he-thong-phun-thuoc-tru-sau-300x300.jpg 300w, https:\/\/maybommini.vn\/wp-content\/uploads\/2018\/05\/he-thong-phun-thuoc-tru-sau-150x150.jpg 150w, https:\/\/maybommini.vn\/wp-content\/uploads\/2018\/05\/he-thong-phun-thuoc-tru-sau-600x600.jpg 600w\" sizes=\"(max-width: 820px) 100vw, 820px\" \/><\/a><\/p>\n<p><strong>B\u00c1N B\u00ccNH\u00a0\u1eaeC QUY KH\u00d4 MINI 12V\u00a0\u1ede\u00a0\u0110\u00c2U<\/strong><br \/>\n<strong>Ch\u00fang t\u00f4i nh\u00e0 cung c\u1ea5p ph\u00e2n ph\u1ed1i to\u00e0n qu\u1ed1c c\u00e1c lo\u1ea1i b\u00e1n b\u00ecnh\u00a0\u00e1c quy mini\u00a0\u0111\u1ebfn c\u00e1c lo\u1ea1i\u00a0\u00e1c quy c\u00e1c dung l\u01b0\u1ee3ng r\u1ea5t l\u1edbn v\u1edbi gi\u00e1 h\u1ee3p l\u00fd v\u00e0 b\u1ea3o h\u00e0nh ch\u00ednh h\u00e3ng.<\/strong><br \/>\n<strong>Website:<\/strong>\u00a0<a href=\"https:\/\/maybommini.com\" target=\"_blank\" rel=\"noopener\">https:\/\/maybommini.com<\/a><br \/>\n<strong>Email:<\/strong> maybommini.com@gmail.com<br \/>\n<strong>Tel:<\/strong> 090 7294310<br \/>\n<a href=\"https:\/\/maybommini.com\/wp-content\/uploads\/2017\/10\/may-bom-mini-shop-ban-hang-uy-tin.jpg\" target=\"_blank\" rel=\"noopener\"><img decoding=\"async\" class=\"size-full wp-image-249726 aligncenter\" src=\"https:\/\/maybommini.com\/wp-content\/uploads\/2017\/10\/may-bom-mini-shop-ban-hang-uy-tin.jpg\" alt=\"May Bom Mini Shop Ban Hang Uy Tin\" width=\"570\" height=\"140\" srcset=\"https:\/\/maybommini.vn\/wp-content\/uploads\/2017\/10\/may-bom-mini-shop-ban-hang-uy-tin.jpg 570w, https:\/\/maybommini.vn\/wp-content\/uploads\/2017\/10\/may-bom-mini-shop-ban-hang-uy-tin-300x74.jpg 300w\" sizes=\"(max-width: 570px) 100vw, 570px\" \/><\/a><\/p>\n","protected":false},"excerpt":{"rendered":"<p>Model: ACQUY-12-8<br \/>\n\u0110i\u1ec7n th\u1ebf ra: 12V<br \/>\nDung l\u01b0\u1ee3ng: 8Ah<br \/>\nS\u1ea1c v\u00e0o: 0.1A &#8211; 1.2A &#8211; 12V<br \/>\nK\u00edch th\u01b0\u1edbc: 15 x 9.5 x 6.5 Cm<br \/>\nTr\u1ecdng l\u01b0\u1ee3ng: 2.2 kG<br \/>\nB\u1ea3o h\u00e0nh: 6 th\u00e1ng ch\u00ednh h\u00e3ng<br \/>\n<strong>Tel: 0907294310<\/strong><\/p>\n","protected":false},"featured_media":259446,"comment_status":"open","ping_status":"closed","template":"","meta":[],"product_brand":[2227],"product_cat":[1486,4122],"product_tag":[1487,267,2318,2317,1488,2319,1539,1489,1490,1491,3386,1492,1493,275,435],"class_list":{"0":"post-259444","1":"product","2":"type-product","3":"status-publish","4":"has-post-thumbnail","6":"product_brand-mtm","7":"product_cat-binh-ac-quy","8":"product_cat-ac-quy-12v","9":"product_tag-1-2ah","10":"product_tag-12v","11":"product_tag-12v-8000mah","12":"product_tag-12v-8ah","13":"product_tag-ac-quy","14":"product_tag-ac-quy-12v-8ah","15":"product_tag-ac-quy-kho","16":"product_tag-apollo","17":"product_tag-binh","18":"product_tag-binh-ac","19":"product_tag-binh-ac-quy-kho","20":"product_tag-binh-ac-quy-nho","21":"product_tag-binh-kho","22":"product_tag-mini","23":"product_tag-sac-ac-quy","25":"first","26":"instock","27":"shipping-taxable","28":"product-type-simple"},"_links":{"self":[{"href":"https:\/\/maybommini.vn\/index.php?rest_route=\/wp\/v2\/product\/259444","targetHints":{"allow":["GET"]}}],"collection":[{"href":"https:\/\/maybommini.vn\/index.php?rest_route=\/wp\/v2\/product"}],"about":[{"href":"https:\/\/maybommini.vn\/index.php?rest_route=\/wp\/v2\/types\/product"}],"replies":[{"embeddable":true,"href":"https:\/\/maybommini.vn\/index.php?rest_route=%2Fwp%2Fv2%2Fcomments&post=259444"}],"wp:featuredmedia":[{"embeddable":true,"href":"https:\/\/maybommini.vn\/index.php?rest_route=\/wp\/v2\/media\/259446"}],"wp:attachment":[{"href":"https:\/\/maybommini.vn\/index.php?rest_route=%2Fwp%2Fv2%2Fmedia&parent=259444"}],"wp:term":[{"taxonomy":"product_brand","embeddable":true,"href":"https:\/\/maybommini.vn\/index.php?rest_route=%2Fwp%2Fv2%2Fproduct_brand&post=259444"},{"taxonomy":"product_cat","embeddable":true,"href":"https:\/\/maybommini.vn\/index.php?rest_route=%2Fwp%2Fv2%2Fproduct_cat&post=259444"},{"taxonomy":"product_tag","embeddable":true,"href":"https:\/\/maybommini.vn\/index.php?rest_route=%2Fwp%2Fv2%2Fproduct_tag&post=259444"}],"curies":[{"name":"wp","href":"https:\/\/api.w.org\/{rel}","templated":true}]}}