{"id":259460,"date":"2018-07-14T15:25:58","date_gmt":"2018-07-14T08:25:58","guid":{"rendered":"https:\/\/maybommini.com\/?post_type=product&#038;p=259460"},"modified":"2018-07-14T15:33:04","modified_gmt":"2018-07-14T08:33:04","slug":"may-bom-nuoc-chim-usb-1020-3w-200l","status":"publish","type":"product","link":"https:\/\/maybommini.vn\/?product=may-bom-nuoc-chim-usb-1020-3w-200l","title":{"rendered":"M\u00e1y b\u01a1m n\u01b0\u1edbc ch\u00ecm USB-1020 3W 200L"},"content":{"rendered":"<h3><strong>Ph\u00e2n ph\u1ed1i cung c\u1ea5p m\u00e1y b\u01a1m n\u01b0\u1edbc ch\u00ecm USB-1020 3W 200L kh\u00f4ng ch\u1ed5i than ti\u00eau chu\u1ea9n IPX8 ch\u1ea5t l\u01b0\u1ee3ng cao b\u1ec1n b\u1ec9 ho\u1ea1t\u00a0\u0111\u1ed9ng li\u00ean t\u1ee5c c\u00f3 l\u01b0u l\u01b0\u1ee3ng l\u1edbn v\u1eeba ph\u1ea3i th\u00edch h\u1ee3p cho c\u00e1c lo\u1ea1i h\u1ed3 c\u00e1 trong nh\u00e0 v\u00e0 s\u00e2n v\u01b0\u1eddn h\u00f2n non b\u1ed9 b\u01a1m n\u01b0\u1edbc t\u1ea3n nhi\u1ec7t. V\u1edbi thi\u1ebft k\u1ebf b\u01a1m ch\u00ecm n\u00ean m\u00e1y ho\u1ea1t\u00a0\u0111\u1ed9ng y\u00ean t\u0129nh v\u00e0 d\u00f9ng ngu\u1ed3n\u00a0\u0111i\u1ec7n USB r\u1ea5t an to\u00e0n.<\/strong><\/h3>\n<p><a href=\"https:\/\/maybommini.com\/wp-content\/uploads\/2018\/07\/may-bom-nuoc-nho-nhat-usb.jpg\" target=\"_blank\" rel=\"noopener\"><img decoding=\"async\" class=\"size-full wp-image-259467 aligncenter\" src=\"https:\/\/maybommini.com\/wp-content\/uploads\/2018\/07\/may-bom-nuoc-nho-nhat-usb.jpg\" alt=\"May Bom Nuoc Nho Nhat Usb\" width=\"820\" height=\"820\" srcset=\"https:\/\/maybommini.vn\/wp-content\/uploads\/2018\/07\/may-bom-nuoc-nho-nhat-usb.jpg 820w, https:\/\/maybommini.vn\/wp-content\/uploads\/2018\/07\/may-bom-nuoc-nho-nhat-usb-300x300.jpg 300w, https:\/\/maybommini.vn\/wp-content\/uploads\/2018\/07\/may-bom-nuoc-nho-nhat-usb-150x150.jpg 150w, https:\/\/maybommini.vn\/wp-content\/uploads\/2018\/07\/may-bom-nuoc-nho-nhat-usb-600x600.jpg 600w, https:\/\/maybommini.vn\/wp-content\/uploads\/2018\/07\/may-bom-nuoc-nho-nhat-usb-768x768.jpg 768w\" sizes=\"(max-width: 820px) 100vw, 820px\" \/><\/a><\/p>\n<p><strong>TH\u00d4NG S\u1ed0 K\u1ef8 THU\u1eacT<\/strong><br \/>\nModel : USB-1020<br \/>\nNgu\u1ed3n\u00a0\u0111i\u1ec7n: USB<br \/>\nC\u00f4ng su\u1ea5t: 3W<br \/>\nMotor kh\u00f4ng ch\u1ed5i than.<br \/>\nL\u01b0u l\u01b0\u1ee3ng: 200L\/H<br \/>\nB\u01a1m cao : 0.5 M\u00e9t<br \/>\n\u1ed0ng n\u01b0\u1edbc : 10mm<br \/>\nNhi\u1ec7t\u00a0\u0111\u1ed9 n\u01b0\u1edbc: 0\u00a0\u0111\u1ed9 C\u00a0\u0111\u1ebfn 60 \u0111\u1ed9 C<br \/>\nCh\u1ea5t li\u1ec7u: Nh\u1ef1a &#8211;\u00a0\u0110\u1ed3ng.<br \/>\nCh\u1ea1y li\u00ean t\u1ef1c 24\/24.<br \/>\nK\u00edch th\u01b0\u1edbc : 25.6 * 36.5 * 41 mm<br \/>\nTi\u00eau chu\u1ea9n: IPX8<br \/>\nTr\u1ecdng l\u01b0\u1ee3ng: 100g<br \/>\nB\u1ea3o h\u00e0nh: 3 th\u00e1ng.<\/p>\n<p><a href=\"https:\/\/maybommini.com\/wp-content\/uploads\/2018\/07\/may-bom-nuoc-bang-cong-usb.jpg\" target=\"_blank\" rel=\"noopener\"><img decoding=\"async\" class=\"size-full wp-image-259466 aligncenter\" src=\"https:\/\/maybommini.com\/wp-content\/uploads\/2018\/07\/may-bom-nuoc-bang-cong-usb.jpg\" alt=\"May Bom Nuoc Bang Cong Usb\" width=\"820\" height=\"820\" srcset=\"https:\/\/maybommini.vn\/wp-content\/uploads\/2018\/07\/may-bom-nuoc-bang-cong-usb.jpg 820w, https:\/\/maybommini.vn\/wp-content\/uploads\/2018\/07\/may-bom-nuoc-bang-cong-usb-300x300.jpg 300w, https:\/\/maybommini.vn\/wp-content\/uploads\/2018\/07\/may-bom-nuoc-bang-cong-usb-150x150.jpg 150w, https:\/\/maybommini.vn\/wp-content\/uploads\/2018\/07\/may-bom-nuoc-bang-cong-usb-600x600.jpg 600w, https:\/\/maybommini.vn\/wp-content\/uploads\/2018\/07\/may-bom-nuoc-bang-cong-usb-768x768.jpg 768w\" sizes=\"(max-width: 820px) 100vw, 820px\" \/><\/a> <a href=\"https:\/\/maybommini.com\/wp-content\/uploads\/2018\/07\/may-bom-chim-usb-1020.jpg\" target=\"_blank\" rel=\"noopener\"><img decoding=\"async\" class=\"size-full wp-image-259464 aligncenter\" src=\"https:\/\/maybommini.com\/wp-content\/uploads\/2018\/07\/may-bom-chim-usb-1020.jpg\" alt=\"May Bom Chim Usb 1020\" width=\"820\" height=\"820\" srcset=\"https:\/\/maybommini.vn\/wp-content\/uploads\/2018\/07\/may-bom-chim-usb-1020.jpg 820w, https:\/\/maybommini.vn\/wp-content\/uploads\/2018\/07\/may-bom-chim-usb-1020-300x300.jpg 300w, https:\/\/maybommini.vn\/wp-content\/uploads\/2018\/07\/may-bom-chim-usb-1020-150x150.jpg 150w, https:\/\/maybommini.vn\/wp-content\/uploads\/2018\/07\/may-bom-chim-usb-1020-600x600.jpg 600w\" sizes=\"(max-width: 820px) 100vw, 820px\" \/><\/a> <a href=\"https:\/\/maybommini.com\/wp-content\/uploads\/2018\/07\/bom-nuoc-mini-usb.jpg\" target=\"_blank\" rel=\"noopener\"><img decoding=\"async\" class=\"size-full wp-image-259462 aligncenter\" src=\"https:\/\/maybommini.com\/wp-content\/uploads\/2018\/07\/bom-nuoc-mini-usb.jpg\" alt=\"Bom Nuoc Mini Usb\" width=\"820\" height=\"820\" srcset=\"https:\/\/maybommini.vn\/wp-content\/uploads\/2018\/07\/bom-nuoc-mini-usb.jpg 820w, https:\/\/maybommini.vn\/wp-content\/uploads\/2018\/07\/bom-nuoc-mini-usb-300x300.jpg 300w, https:\/\/maybommini.vn\/wp-content\/uploads\/2018\/07\/bom-nuoc-mini-usb-150x150.jpg 150w, https:\/\/maybommini.vn\/wp-content\/uploads\/2018\/07\/bom-nuoc-mini-usb-600x600.jpg 600w, https:\/\/maybommini.vn\/wp-content\/uploads\/2018\/07\/bom-nuoc-mini-usb-768x768.jpg 768w\" sizes=\"(max-width: 820px) 100vw, 820px\" \/><\/a><\/p>\n<p>&nbsp;<\/p>\n<p style=\"text-align: left;\"><strong>\u1ee8NG D\u1ee4NG M\u00c1Y B\u01a0M N\u01af\u1edaC CH\u00ccM USB<\/strong><br \/>\nD\u00f9ng b\u01a1m h\u1ed3 c\u00e1.<br \/>\nD\u00f9ng b\u01a1m h\u00f2n non b\u1ed9.<br \/>\nD\u00f9ng b\u01a1m\u00a0\u0111\u00e0i phun n\u01b0\u1edbc nh\u1ecf n\u0103ng l\u01b0\u1ee3ng m\u1eb7t tr\u1eddi.<br \/>\nD\u00f9ng tr\u1ed9n thu\u1ed1c tr\u1eeb s\u00e2u.<br \/>\nD\u00f9ng tr\u1ed9n ph\u00e2n t\u01b0\u1edbi c\u00e2y.<br \/>\nD\u00f9ng b\u01a1m l\u1ecdc h\u1ed3 c\u00e1.<br \/>\nD\u00f9ng cho h\u1ed3 ch\u1ee9a n\u01b0\u1edbc.<br \/>\nD\u00f9ng c\u1ea5p n\u01b0\u1edbc qu\u1ea1t phun s\u01b0\u01a1ng l\u00e0m m\u00e1t.<br \/>\nD\u00f9ng c\u1ea5p n\u01b0\u1edbc v\u00e0o b\u1ed3n b\u1ec3 ch\u1ee9a.<br \/>\nD\u00f9ng b\u01a1m n\u01b0\u1edbc ng\u1eadp, n\u01b0\u1edbc th\u1ea3i.<br \/>\nB\u01a1m n\u01b0\u1edbc ng\u1eadp trong nh\u00e0.<br \/>\nH\u00ea th\u1ed1ng b\u01a1m t\u1ea3n nhi\u1ec7t.<\/p>\n<p><a href=\"https:\/\/maybommini.com\/wp-content\/uploads\/2018\/07\/may-bom-nguon-dien-usb-gia-re.jpg\" target=\"_blank\" rel=\"noopener\"><img decoding=\"async\" class=\"size-full wp-image-259465 aligncenter\" src=\"https:\/\/maybommini.com\/wp-content\/uploads\/2018\/07\/may-bom-nguon-dien-usb-gia-re.jpg\" alt=\"May Bom Nguon Dien Usb Gia Re\" width=\"820\" height=\"820\" srcset=\"https:\/\/maybommini.vn\/wp-content\/uploads\/2018\/07\/may-bom-nguon-dien-usb-gia-re.jpg 820w, https:\/\/maybommini.vn\/wp-content\/uploads\/2018\/07\/may-bom-nguon-dien-usb-gia-re-300x300.jpg 300w, https:\/\/maybommini.vn\/wp-content\/uploads\/2018\/07\/may-bom-nguon-dien-usb-gia-re-150x150.jpg 150w, https:\/\/maybommini.vn\/wp-content\/uploads\/2018\/07\/may-bom-nguon-dien-usb-gia-re-600x600.jpg 600w\" sizes=\"(max-width: 820px) 100vw, 820px\" \/><\/a><\/p>\n<p><strong>MUA M\u00c1Y B\u01a0M\u00a0 N\u01af\u1edaC CH\u00ccM\u00a0\u1ede\u00a0\u0110\u00c2U ?<\/strong><br \/>\nCh\u00fang t\u00f4i chuy\u00ean cung c\u1ea5p c\u00e1c lo\u1ea1i m\u00e1y b\u01a1m n\u01b0\u1edbc mini, m\u00e1y b\u01a1m, m\u00e1y b\u01a1m h\u1ed3 c\u00e1, m\u00e1y b\u01a1m h\u00f2n non b\u1ed9 v\u1edbi nhi\u1ec1u c\u00f4ng su\u1ea5t kh\u00e1c nhau. T\u1ea5t c\u1ea3 c\u00e1c s\u1ea3n ph\u1ea9m b\u1ea3o h\u00e0nh v\u00e0 c\u00f3 gi\u00e1 t\u1ed1t nh\u1ea5t giao h\u00e0ng to\u00e0n qu\u1ed1c v\u00e0 thu ti\u1ec1n t\u1ea1i nh\u00e0 ti\u1ec7n l\u1ee3i nh\u1ea5t cho kh\u00e1ch h\u00e0ng s\u1eed d\u1ee5ng.<br \/>\n<strong>Website<\/strong>:\u00a0https:\/\/maybommini.com<br \/>\n<strong>Email:<\/strong> maybommini.com@gmail.com<br \/>\n<strong>Tel:<\/strong> 0907294310<\/p>\n<h3 style=\"text-align: center;\">M\u00e1y b\u01a1m n\u01b0\u1edbc ch\u00ecm USB-1020 3W 200L<\/h3>\n","protected":false},"excerpt":{"rendered":"<p>Model : USB-1020<br \/>\nNgu\u1ed3n\u00a0\u0111i\u1ec7n: USB<br \/>\nC\u00f4ng su\u1ea5t: 3W<br \/>\nMotor kh\u00f4ng ch\u1ed5i than.<br \/>\nL\u01b0u l\u01b0\u1ee3ng: 200L\/H<br \/>\nB\u01a1m cao : 0.5 M\u00e9t<br \/>\n\u1ed0ng n\u01b0\u1edbc : 10mm<br \/>\nNhi\u1ec7t\u00a0\u0111\u1ed9 n\u01b0\u1edbc: 0\u00a0\u0111\u1ed9 C\u00a0\u0111\u1ebfn 60 \u0111\u1ed9 C<br \/>\nCh\u1ea5t li\u1ec7u: Nh\u1ef1a &#8211;\u00a0\u0110\u1ed3ng.<br \/>\nCh\u1ea1y li\u00ean t\u1ef1c 24\/24.<br \/>\nK\u00edch th\u01b0\u1edbc : 25.6 * 36.5 * 41 mm<br \/>\nTi\u00eau chu\u1ea9n: IPX8<br \/>\nTr\u1ecdng l\u01b0\u1ee3ng: 100g<br \/>\nB\u1ea3o h\u00e0nh: 3 th\u00e1ng.<br \/>\n<strong>Hotline: 090 729 4310<\/strong><\/p>\n","protected":false},"featured_media":259464,"comment_status":"open","ping_status":"closed","template":"","meta":[],"product_brand":[2227],"product_cat":[613,381],"product_tag":[921,925,2275,389,614,615,616,2256,618,2276,619,620,2323,2324],"class_list":{"0":"post-259460","1":"product","2":"type-product","3":"status-publish","4":"has-post-thumbnail","6":"product_brand-mtm","7":"product_cat-may-bom-ho-ca","8":"product_cat-may-bom-chim","9":"product_tag-bom-nuoc-ngap","10":"product_tag-bom-nuoc-thai","11":"product_tag-jt-1020","12":"product_tag-may-bom-chim","13":"product_tag-may-bom-ho-ca","14":"product_tag-may-bom-ho-non-bo","15":"product_tag-may-bom-hon-non-bo","16":"product_tag-may-bom-nuoc-ngap","17":"product_tag-may-bom-phong-thuy-luan","18":"product_tag-may-bom-usb","19":"product_tag-may-loc-nuo-cho-ca","20":"product_tag-maybom-ho-ca","21":"product_tag-usb","22":"product_tag-usb-1020","24":"first","25":"instock","26":"sale","27":"shipping-taxable","28":"purchasable","29":"product-type-simple"},"_links":{"self":[{"href":"https:\/\/maybommini.vn\/index.php?rest_route=\/wp\/v2\/product\/259460","targetHints":{"allow":["GET"]}}],"collection":[{"href":"https:\/\/maybommini.vn\/index.php?rest_route=\/wp\/v2\/product"}],"about":[{"href":"https:\/\/maybommini.vn\/index.php?rest_route=\/wp\/v2\/types\/product"}],"replies":[{"embeddable":true,"href":"https:\/\/maybommini.vn\/index.php?rest_route=%2Fwp%2Fv2%2Fcomments&post=259460"}],"wp:featuredmedia":[{"embeddable":true,"href":"https:\/\/maybommini.vn\/index.php?rest_route=\/wp\/v2\/media\/259464"}],"wp:attachment":[{"href":"https:\/\/maybommini.vn\/index.php?rest_route=%2Fwp%2Fv2%2Fmedia&parent=259460"}],"wp:term":[{"taxonomy":"product_brand","embeddable":true,"href":"https:\/\/maybommini.vn\/index.php?rest_route=%2Fwp%2Fv2%2Fproduct_brand&post=259460"},{"taxonomy":"product_cat","embeddable":true,"href":"https:\/\/maybommini.vn\/index.php?rest_route=%2Fwp%2Fv2%2Fproduct_cat&post=259460"},{"taxonomy":"product_tag","embeddable":true,"href":"https:\/\/maybommini.vn\/index.php?rest_route=%2Fwp%2Fv2%2Fproduct_tag&post=259460"}],"curies":[{"name":"wp","href":"https:\/\/api.w.org\/{rel}","templated":true}]}}