{"id":259583,"date":"2018-07-25T23:53:01","date_gmt":"2018-07-25T16:53:01","guid":{"rendered":"https:\/\/maybommini.com\/?post_type=product&#038;p=259583"},"modified":"2018-07-26T00:00:25","modified_gmt":"2018-07-25T17:00:25","slug":"tay-cam-phun-xit-qm-bec-dong-trung-chinh-tia","status":"publish","type":"product","link":"https:\/\/maybommini.vn\/?product=tay-cam-phun-xit-qm-bec-dong-trung-chinh-tia","title":{"rendered":"Tay c\u1ea7m phun x\u1ecbt QM &#8211; b\u00e9c \u0111\u1ed3ng trung ch\u1ec9nh tia"},"content":{"rendered":"<h3><strong>Chuy\u00ean ph\u00e2n ph\u1ed1i s\u1ec9 l\u1ebb b\u00e1n c\u00e1c lo\u1ea1i\u00a0tay c\u1ea7m phun x\u1ecbt QM &#8211; b\u00e9c \u0111\u1ed3ng trung ch\u1ec9nh tia ch\u1ea5t l\u01b0\u1ee3ng cao gi\u00e1 t\u1ed1t d\u00f9ng x\u1ecbt r\u1eeda xe, v\u1ec7 sinh m\u00e1y l\u1ea1nh nh\u00e0 c\u1eeda t\u01b0\u1edbi c\u00e2y. \u0110\u00e2y l\u00e0 b\u1ed9 tay c\u1ea7m phun x\u1ecbt ti\u1ec7n d\u1ee5ng th\u00edch h\u1ee3p cho t\u1ea5t c\u1ea3 m\u00e1y b\u01a1m \u00e1p l\u1ef1c mini, m\u00e1y x\u1ecbt \u00e1p l\u1ef1c cao.<\/strong><\/h3>\n<p><a href=\"https:\/\/maybommini.com\/wp-content\/uploads\/2018\/07\/tay-cam-phun-xit-QM-bec-dong-trung-chinh-tia.jpg\" target=\"_blank\" rel=\"noopener\"><img decoding=\"async\" class=\"size-full wp-image-259586 aligncenter\" src=\"https:\/\/maybommini.com\/wp-content\/uploads\/2018\/07\/tay-cam-phun-xit-QM-bec-dong-trung-chinh-tia.jpg\" alt=\"Tay Cam Phun Xit QM Bec Dong Trung Chinh Tia\" width=\"820\" height=\"820\" srcset=\"https:\/\/maybommini.vn\/wp-content\/uploads\/2018\/07\/tay-cam-phun-xit-QM-bec-dong-trung-chinh-tia.jpg 820w, https:\/\/maybommini.vn\/wp-content\/uploads\/2018\/07\/tay-cam-phun-xit-QM-bec-dong-trung-chinh-tia-300x300.jpg 300w, https:\/\/maybommini.vn\/wp-content\/uploads\/2018\/07\/tay-cam-phun-xit-QM-bec-dong-trung-chinh-tia-150x150.jpg 150w, https:\/\/maybommini.vn\/wp-content\/uploads\/2018\/07\/tay-cam-phun-xit-QM-bec-dong-trung-chinh-tia-600x600.jpg 600w\" sizes=\"(max-width: 820px) 100vw, 820px\" \/><\/a><\/p>\n<p><strong>TH\u00d4NG S\u1ed0 K\u1ef8 THU\u1eacT<\/strong><br \/>\nModel: QM-BEC-DONG-TRUNG-CHINH-TIA<br \/>\nTay c\u1ea7m inox 304 QM cao c\u1ea5p.<br \/>\nB\u00e9c b\u00e9c \u0111\u1ed3ng trung ch\u1ec9nh tia.<br \/>\nL\u1ed5 phun: 1 mm.<br \/>\nN\u1ed1i nhanh \u1ed1ng 12mm AKS<br \/>\nRen n\u1ed1i : 13mm<br \/>\nChi\u1ec1u d\u00e0i: 24 cm<br \/>\nTr\u1ecdng l\u01b0\u1ee3ng: 210g<br \/>\nC\u00f3 kho\u00e1 c\u00f2 khi phun x\u1ecbt.<br \/>\nCh\u1ea5t li\u1ec7u: Inox 304 &#8211; \u0110\u1ed3ng<br \/>\nPh\u00e2n ph\u1ed1i: Maybommini.com<\/p>\n<p><a href=\"https:\/\/maybommini.com\/wp-content\/uploads\/2018\/07\/tay-cam-phun-xit-QM-bec-dong-chinhh-tia-gia-re.jpg\" target=\"_blank\" rel=\"noopener\"><img decoding=\"async\" class=\"size-full wp-image-259585 aligncenter\" src=\"https:\/\/maybommini.com\/wp-content\/uploads\/2018\/07\/tay-cam-phun-xit-QM-bec-dong-chinhh-tia-gia-re.jpg\" alt=\"Tay Cam Phun Xit QM Bec Dong Chinhh Tia Gia Re\" width=\"820\" height=\"820\" srcset=\"https:\/\/maybommini.vn\/wp-content\/uploads\/2018\/07\/tay-cam-phun-xit-QM-bec-dong-chinhh-tia-gia-re.jpg 820w, https:\/\/maybommini.vn\/wp-content\/uploads\/2018\/07\/tay-cam-phun-xit-QM-bec-dong-chinhh-tia-gia-re-300x300.jpg 300w, https:\/\/maybommini.vn\/wp-content\/uploads\/2018\/07\/tay-cam-phun-xit-QM-bec-dong-chinhh-tia-gia-re-150x150.jpg 150w, https:\/\/maybommini.vn\/wp-content\/uploads\/2018\/07\/tay-cam-phun-xit-QM-bec-dong-chinhh-tia-gia-re-600x600.jpg 600w\" sizes=\"(max-width: 820px) 100vw, 820px\" \/><\/a><\/p>\n<p><strong>S\u1eec D\u1ee4NG TAY C\u1ea6M PHUN X\u1ecaT<\/strong><br \/>\n&#8211; D\u00f9ng x\u1ecbt r\u1eeda xe m\u00e1y.<br \/>\n&#8211; X\u1ecbt r\u1eeda xe \u00d4to.<br \/>\n&#8211; Phun x\u1ecbt t\u01b0\u1edbi c\u00e2y v\u01b0\u1eddn nh\u00e0 gia \u0111\u00ecnh.<br \/>\n&#8211; D\u00f9ng x\u1ecbt r\u1eeda v\u1ec7 sinh m\u00e1y l\u1ea1nh.<br \/>\n&#8211; D\u00f9ng x\u1ecbt v\u1ec7 sinh nh\u00e0 c\u1eeda.<br \/>\n&#8211; D\u00f9ng v\u1edbi m\u00e1y b\u01a1m \u00e1p l\u1ef1c \u0111\u1ec3 x\u1ecbt r\u1eeda.<br \/>\n&#8211; X\u1ecbt r\u1eeda v\u1edbi m\u00e1y b\u01a1m \u00e1p l\u1ef1c mini.<br \/>\n&#8211; D\u00f9ng x\u1ecbt r\u1eeda \u00e1p l\u1ef1c cao.<br \/>\n<a href=\"https:\/\/maybommini.com\/wp-content\/uploads\/2018\/07\/bec-phun-xit-rua-xe-ve-sinh-may-lanh-tuoi-cay.jpg\" target=\"_blank\" rel=\"noopener\"><img decoding=\"async\" class=\"size-full wp-image-259552 aligncenter\" src=\"https:\/\/maybommini.com\/wp-content\/uploads\/2018\/07\/bec-phun-xit-rua-xe-ve-sinh-may-lanh-tuoi-cay.jpg\" alt=\"Bec Phun Xit Rua Xe Ve Sinh May Lanh Tuoi Cay\" width=\"820\" height=\"820\" srcset=\"https:\/\/maybommini.vn\/wp-content\/uploads\/2018\/07\/bec-phun-xit-rua-xe-ve-sinh-may-lanh-tuoi-cay.jpg 820w, https:\/\/maybommini.vn\/wp-content\/uploads\/2018\/07\/bec-phun-xit-rua-xe-ve-sinh-may-lanh-tuoi-cay-300x300.jpg 300w, https:\/\/maybommini.vn\/wp-content\/uploads\/2018\/07\/bec-phun-xit-rua-xe-ve-sinh-may-lanh-tuoi-cay-150x150.jpg 150w, https:\/\/maybommini.vn\/wp-content\/uploads\/2018\/07\/bec-phun-xit-rua-xe-ve-sinh-may-lanh-tuoi-cay-600x600.jpg 600w\" sizes=\"(max-width: 820px) 100vw, 820px\" \/><\/a> <a href=\"https:\/\/maybommini.com\/wp-content\/uploads\/2018\/07\/bec-phun-xit-chinh-tia-cao-cap-gia-re.jpg\" target=\"_blank\" rel=\"noopener\"><img decoding=\"async\" class=\"size-full wp-image-259551 aligncenter\" src=\"https:\/\/maybommini.com\/wp-content\/uploads\/2018\/07\/bec-phun-xit-chinh-tia-cao-cap-gia-re.jpg\" alt=\"Bec Phun Xit Chinh Tia Cao Cap Gia Re\" width=\"820\" height=\"820\" srcset=\"https:\/\/maybommini.vn\/wp-content\/uploads\/2018\/07\/bec-phun-xit-chinh-tia-cao-cap-gia-re.jpg 820w, https:\/\/maybommini.vn\/wp-content\/uploads\/2018\/07\/bec-phun-xit-chinh-tia-cao-cap-gia-re-300x300.jpg 300w, https:\/\/maybommini.vn\/wp-content\/uploads\/2018\/07\/bec-phun-xit-chinh-tia-cao-cap-gia-re-150x150.jpg 150w, https:\/\/maybommini.vn\/wp-content\/uploads\/2018\/07\/bec-phun-xit-chinh-tia-cao-cap-gia-re-600x600.jpg 600w, https:\/\/maybommini.vn\/wp-content\/uploads\/2018\/07\/bec-phun-xit-chinh-tia-cao-cap-gia-re-768x768.jpg 768w\" sizes=\"(max-width: 820px) 100vw, 820px\" \/><\/a> <a href=\"https:\/\/maybommini.com\/wp-content\/uploads\/2018\/07\/bec-phun-xit-chinh-tia-cao-cap.jpg\" target=\"_blank\" rel=\"noopener\"><img decoding=\"async\" class=\"size-full wp-image-259550 aligncenter\" src=\"https:\/\/maybommini.com\/wp-content\/uploads\/2018\/07\/bec-phun-xit-chinh-tia-cao-cap.jpg\" alt=\"Bec Phun Xit Chinh Tia Cao Cap\" width=\"820\" height=\"820\" srcset=\"https:\/\/maybommini.vn\/wp-content\/uploads\/2018\/07\/bec-phun-xit-chinh-tia-cao-cap.jpg 820w, https:\/\/maybommini.vn\/wp-content\/uploads\/2018\/07\/bec-phun-xit-chinh-tia-cao-cap-300x300.jpg 300w, https:\/\/maybommini.vn\/wp-content\/uploads\/2018\/07\/bec-phun-xit-chinh-tia-cao-cap-150x150.jpg 150w, https:\/\/maybommini.vn\/wp-content\/uploads\/2018\/07\/bec-phun-xit-chinh-tia-cao-cap-600x600.jpg 600w\" sizes=\"(max-width: 820px) 100vw, 820px\" \/><\/a><\/p>\n<p>Chuy\u00ean c\u1ea5p c\u00e1c lo\u1ea1i v\u00f2i x\u1ecbt, b\u00e9c x\u1ecbt, b\u00e9c \u0111\u1ed3ng, b\u00e9c r\u1eeda xe, b\u00e9c phun thu\u1ed1c tr\u1eeb s\u00e2u, tay c\u1ea7m phun thu\u1ed1c, tay c\u1ea7m phun x\u1ecbt, kho\u00e1 n\u01b0\u1edbc v\u00e0 c\u00e1c lo\u1ea1i thi\u1ebft b\u1ecb phun x\u1ecbt kh\u00e1c c\u00f3 gi\u00e1 t\u1ed1t ch\u1ea5t l\u01b0\u1ee3ng giao h\u00e0ng to\u00e0n qu\u1ed1c.<br \/>\n<strong>Website:<\/strong>\u00a0https:\/\/maybommini.com<br \/>\n<strong>Email:<\/strong> maybommini.com@gmail.com<br \/>\n<strong>Tel &#8211; Zalo:<\/strong> 0907294310<\/p>\n<h3 style=\"text-align: center;\">Tay c\u1ea7m phun x\u1ecbt QM &#8211; b\u00e9c \u0111\u1ed3ng trung ch\u1ec9nh tia<\/h3>\n","protected":false},"excerpt":{"rendered":"<p>Model: QM-BEC-DONG-TRUNG-CHINH-TIA<br \/>\nTay c\u1ea7m inox 304 QM cao c\u1ea5p.<br \/>\nB\u00e9c b\u00e9c \u0111\u1ed3ng trung ch\u1ec9nh tia.<br \/>\nL\u1ed5 phun: 1 mm.<br \/>\nN\u1ed1i nhanh \u1ed1ng 12mm AKS<br \/>\nRen n\u1ed1i : 13mm<br \/>\nChi\u1ec1u d\u00e0i: 24 cm<br \/>\nTr\u1ecdng l\u01b0\u1ee3ng: 210g<br \/>\nC\u00f3 kho\u00e1 c\u00f2 khi phun x\u1ecbt.<br \/>\nCh\u1ea5t li\u1ec7u: Inox 304 &#8211; \u0110\u1ed3ng<br \/>\n<strong>Ph\u00e2n ph\u1ed1i: Maybommini.com<\/strong><br \/>\n<strong>Tel: 0907294310<\/strong><\/p>\n","protected":false},"featured_media":259586,"comment_status":"open","ping_status":"closed","template":"","meta":[],"product_brand":[2227],"product_cat":[215],"product_tag":[2350,2153,2069,1206,2140,2351,234,498,2346,915,2349,2347,2348],"class_list":{"0":"post-259583","1":"product","2":"type-product","3":"status-publish","4":"has-post-thumbnail","6":"product_brand-mtm","7":"product_cat-phu-kien-xit-rua-ap-luc","8":"product_tag-bec-1-tia","9":"product_tag-bec-chinh-tia","10":"product_tag-bec-dong","11":"product_tag-bec-inox","12":"product_tag-bec-phun-thuoc-sau","13":"product_tag-bec-rua-may-lanh","14":"product_tag-bec-rua-xe","15":"product_tag-bec-xit","16":"product_tag-cam-phun-xit","17":"product_tag-can-phun-thuoc","18":"product_tag-qm","19":"product_tag-tay-cam-qm","20":"product_tag-tay-phun-thuoc-tru-sau","22":"first","23":"instock","24":"sale","25":"shipping-taxable","26":"purchasable","27":"product-type-simple"},"_links":{"self":[{"href":"https:\/\/maybommini.vn\/index.php?rest_route=\/wp\/v2\/product\/259583","targetHints":{"allow":["GET"]}}],"collection":[{"href":"https:\/\/maybommini.vn\/index.php?rest_route=\/wp\/v2\/product"}],"about":[{"href":"https:\/\/maybommini.vn\/index.php?rest_route=\/wp\/v2\/types\/product"}],"replies":[{"embeddable":true,"href":"https:\/\/maybommini.vn\/index.php?rest_route=%2Fwp%2Fv2%2Fcomments&post=259583"}],"wp:featuredmedia":[{"embeddable":true,"href":"https:\/\/maybommini.vn\/index.php?rest_route=\/wp\/v2\/media\/259586"}],"wp:attachment":[{"href":"https:\/\/maybommini.vn\/index.php?rest_route=%2Fwp%2Fv2%2Fmedia&parent=259583"}],"wp:term":[{"taxonomy":"product_brand","embeddable":true,"href":"https:\/\/maybommini.vn\/index.php?rest_route=%2Fwp%2Fv2%2Fproduct_brand&post=259583"},{"taxonomy":"product_cat","embeddable":true,"href":"https:\/\/maybommini.vn\/index.php?rest_route=%2Fwp%2Fv2%2Fproduct_cat&post=259583"},{"taxonomy":"product_tag","embeddable":true,"href":"https:\/\/maybommini.vn\/index.php?rest_route=%2Fwp%2Fv2%2Fproduct_tag&post=259583"}],"curies":[{"name":"wp","href":"https:\/\/api.w.org\/{rel}","templated":true}]}}