{"id":259627,"date":"2018-07-29T23:28:54","date_gmt":"2018-07-29T16:28:54","guid":{"rendered":"https:\/\/maybommini.com\/?post_type=product&#038;p=259627"},"modified":"2018-07-29T23:28:55","modified_gmt":"2018-07-29T16:28:55","slug":"may-tao-oxy-mini-du-phong-di-dong-lt-203s","status":"publish","type":"product","link":"https:\/\/maybommini.vn\/?product=may-tao-oxy-mini-du-phong-di-dong-lt-203s","title":{"rendered":"M\u00e1y t\u1ea1o oxy mini d\u1ef1 ph\u00f2ng di \u0111\u1ed9ng LT-203S"},"content":{"rendered":"<h3><strong>Ph\u00e2n ph\u1ed1i s\u1ec9 l\u1ebb m\u00e1y t\u1ea1o oxy mini d\u1ef1 ph\u00f2ng di \u0111\u1ed9ng LT-203S pin 4400mAh 4L l\u00e0 lo\u1ea1i m\u00e1y b\u01a1m oxy t\u00edch h\u1ee3p pin s\u1ea1c ti\u1ec7n d\u1ee5ng cho nh\u1eefng chuy\u1ebfn \u0111i c\u00e2u c\u00e1 ho\u1eb7c d\u00f9ng l\u00e0m m\u00e1y oxy d\u1ef1 ph\u00f2ng cho b\u1ec3 c\u00e1 r\u1ea5t t\u1ed1t. C\u00f4ng ngh\u1ec7 m\u1edbi ch\u1ea5t li\u1ec7u ABS pin s\u1ea1c v\u00e0 nhi\u1ec1u ch\u1ebf \u0111\u1ed9 ch\u1ea1y ti\u1ebft ki\u1ec7m n\u0103ng l\u01b0\u1ee3ng khi d\u00f9ng li\u00ean t\u1ee5c.<\/strong><\/h3>\n<p><a href=\"https:\/\/maybommini.com\/wp-content\/uploads\/2018\/07\/may-tao-oxy-du-phong-dung-pin-LT-203S.jpg\" target=\"_blank\" rel=\"noopener\"><img decoding=\"async\" class=\"size-full wp-image-259632 aligncenter\" src=\"https:\/\/maybommini.com\/wp-content\/uploads\/2018\/07\/may-tao-oxy-du-phong-dung-pin-LT-203S.jpg\" alt=\"May Tao Oxy Du Phong Dung Pin LT 203S\" width=\"820\" height=\"820\" srcset=\"https:\/\/maybommini.vn\/wp-content\/uploads\/2018\/07\/may-tao-oxy-du-phong-dung-pin-LT-203S.jpg 820w, https:\/\/maybommini.vn\/wp-content\/uploads\/2018\/07\/may-tao-oxy-du-phong-dung-pin-LT-203S-300x300.jpg 300w, https:\/\/maybommini.vn\/wp-content\/uploads\/2018\/07\/may-tao-oxy-du-phong-dung-pin-LT-203S-150x150.jpg 150w, https:\/\/maybommini.vn\/wp-content\/uploads\/2018\/07\/may-tao-oxy-du-phong-dung-pin-LT-203S-600x600.jpg 600w\" sizes=\"(max-width: 820px) 100vw, 820px\" \/><\/a><\/p>\n<p><strong>TH\u00d4NG S\u1ed0 K\u1ef8 THU\u1eacT<\/strong><br \/>\nModel: LT-203S<br \/>\nPin s\u1ea1c: 5V 4400 mAh<br \/>\nC\u00f4ng su\u1ea5t: 2W<br \/>\nL\u01b0u l\u01b0\u1ee3ng: 4L\/P<br \/>\nC\u1ed5ng n\u1ed1i \u1ed1ng : 2<br \/>\n\u1ed0ng h\u01a1i : 1.2m<br \/>\n\u0110\u1ea7u t\u1ea1o b\u1ecdt kh\u00ed: 2 c\u00e1i<br \/>\nS\u1ea1c pin ngu\u1ed3n USB<br \/>\nCh\u1ebf \u0111\u1ed9 ch\u1ea1y: ch\u1ea1y li\u00ean t\u1ee5c v\u00e0 ng\u1eaft qu\u00e3ng.<br \/>\nTh\u1eddi gian ch\u1ea1y : 15 &#8211; 25 gi\u1edd<br \/>\nB\u00e1o pin: C\u00f3<br \/>\nK\u00edch th\u01b0\u1edbc: 130 x 55 x 87 mm<br \/>\nCh\u1ea5t li\u1ec7u: \u0110\u1ed3ng &#8211; H\u1ee3p kim &#8211; ABS<br \/>\nTi\u1ebft ki\u1ec7m pin.<br \/>\nTi\u1ebfng \u1ed3n th\u1ea5p.<br \/>\nTr\u1ecdng l\u01b0\u1ee3ng: 600g<\/p>\n<p><a href=\"https:\/\/maybommini.com\/wp-content\/uploads\/2018\/07\/may-tao-oxy-ho-ca-be-ca-cau-ca.jpg\" target=\"_blank\" rel=\"noopener\"><img decoding=\"async\" class=\"size-full wp-image-259633 aligncenter\" src=\"https:\/\/maybommini.com\/wp-content\/uploads\/2018\/07\/may-tao-oxy-ho-ca-be-ca-cau-ca.jpg\" alt=\"May Tao Oxy Ho Ca Be Ca Cau Ca\" width=\"820\" height=\"820\" srcset=\"https:\/\/maybommini.vn\/wp-content\/uploads\/2018\/07\/may-tao-oxy-ho-ca-be-ca-cau-ca.jpg 820w, https:\/\/maybommini.vn\/wp-content\/uploads\/2018\/07\/may-tao-oxy-ho-ca-be-ca-cau-ca-300x300.jpg 300w, https:\/\/maybommini.vn\/wp-content\/uploads\/2018\/07\/may-tao-oxy-ho-ca-be-ca-cau-ca-150x150.jpg 150w, https:\/\/maybommini.vn\/wp-content\/uploads\/2018\/07\/may-tao-oxy-ho-ca-be-ca-cau-ca-600x600.jpg 600w\" sizes=\"(max-width: 820px) 100vw, 820px\" \/><\/a> <a href=\"https:\/\/maybommini.com\/wp-content\/uploads\/2018\/07\/sac-pin-cho-may-oxy-mini.jpg\" target=\"_blank\" rel=\"noopener\"><img decoding=\"async\" class=\"size-full wp-image-259634 aligncenter\" src=\"https:\/\/maybommini.com\/wp-content\/uploads\/2018\/07\/sac-pin-cho-may-oxy-mini.jpg\" alt=\"Sac Pin Cho May Oxy Mini\" width=\"820\" height=\"820\" srcset=\"https:\/\/maybommini.vn\/wp-content\/uploads\/2018\/07\/sac-pin-cho-may-oxy-mini.jpg 820w, https:\/\/maybommini.vn\/wp-content\/uploads\/2018\/07\/sac-pin-cho-may-oxy-mini-300x300.jpg 300w, https:\/\/maybommini.vn\/wp-content\/uploads\/2018\/07\/sac-pin-cho-may-oxy-mini-150x150.jpg 150w, https:\/\/maybommini.vn\/wp-content\/uploads\/2018\/07\/sac-pin-cho-may-oxy-mini-600x600.jpg 600w, https:\/\/maybommini.vn\/wp-content\/uploads\/2018\/07\/sac-pin-cho-may-oxy-mini-768x768.jpg 768w\" sizes=\"(max-width: 820px) 100vw, 820px\" \/><\/a><\/p>\n<p><strong>H\u01af\u1edaNG S\u1eec D\u1ee4NG M\u00c1Y B\u01a0M OXY MINI DI \u0110\u1ed8NG D\u1ef0 PH\u00d2NG<\/strong><br \/>\n&#8211; S\u1ea1c pin th\u00f4ng qua c\u1ee5c s\u1ea1c k\u00e8m theo m\u00e1y.<br \/>\n&#8211; N\u00fat ngu\u1ed3n t\u1eaft m\u00e1y khi kh\u00f4ng s\u1eed d\u1ee5ng.<br \/>\n&#8211; N\u00fat ch\u1ebf \u0111\u1ed9 ch\u1ea1y li\u00ean t\u1ee5c.<br \/>\n&#8211; N\u00fat ch\u1ebf \u0111\u1ed9 ch\u1ea1y ng\u1eaft qu\u00e3ng.<br \/>\n&#8211; K\u1ebft n\u1ed1i \u1ed1ng h\u01a1i v\u00e0o 2 l\u1ed5 v\u00e0 g\u1eafn \u0111\u1ea7u t\u1ea1o b\u1ecdt kh\u00ed.<br \/>\n&#8211; D\u00f9ng c\u1ea1n pin m\u1edbi s\u1ea1c l\u1ea1i tr\u00e1nh l\u00e0m h\u1ea1i pin khi s\u1eed d\u1ee5ng sau n\u00e0y.<\/p>\n<p><a href=\"https:\/\/maybommini.com\/wp-content\/uploads\/2018\/07\/cach-su-dung-may-tao-oxy-mini-du-phong.jpg\" target=\"_blank\" rel=\"noopener\"><img decoding=\"async\" class=\"size-full wp-image-259628 aligncenter\" src=\"https:\/\/maybommini.com\/wp-content\/uploads\/2018\/07\/cach-su-dung-may-tao-oxy-mini-du-phong.jpg\" alt=\"Cach Su Dung May Tao Oxy Mini Du Phong\" width=\"820\" height=\"820\" srcset=\"https:\/\/maybommini.vn\/wp-content\/uploads\/2018\/07\/cach-su-dung-may-tao-oxy-mini-du-phong.jpg 820w, https:\/\/maybommini.vn\/wp-content\/uploads\/2018\/07\/cach-su-dung-may-tao-oxy-mini-du-phong-300x300.jpg 300w, https:\/\/maybommini.vn\/wp-content\/uploads\/2018\/07\/cach-su-dung-may-tao-oxy-mini-du-phong-150x150.jpg 150w, https:\/\/maybommini.vn\/wp-content\/uploads\/2018\/07\/cach-su-dung-may-tao-oxy-mini-du-phong-600x600.jpg 600w\" sizes=\"(max-width: 820px) 100vw, 820px\" \/><\/a><\/p>\n<p><strong>\u1ee8NG D\u1ee4NG M\u00c1Y B\u01a0M OXY MINI D\u1ef0 PH\u00d2NG<\/strong><br \/>\n&#8211; D\u00f9ng cho nh\u1eefng chuy\u1ebfn \u0111i c\u00e2u c\u00e1, c\u00e2u t\u00f4m&#8230;<br \/>\n&#8211; D\u00f9ng l\u00e0m m\u00e1y oxy d\u1ef1 ph\u00f2ng khi c\u00fap \u0111i\u1ec7n cho b\u1ec3 c\u00e1c ki\u1ec3ng gia \u0111\u00ecnh.<br \/>\n&#8211; D\u00f9ng cho qu\u00e1n \u0103n h\u1ea3i s\u1ea3n.<br \/>\n&#8211; D\u00f9ng cho ng\u01b0\u1eddi b\u00e1n c\u00e1, t\u00f4m h\u1ea3i s\u1ea3n \u1edf ch\u1ee3.<br \/>\n&#8211; D\u00f9ng cho h\u1ed3 c\u00e1, h\u00f2n non b\u1ed9.<\/p>\n<p><a href=\"https:\/\/maybommini.com\/wp-content\/uploads\/2018\/07\/may-tao-oxy-cau-ca.jpg\" target=\"_blank\" rel=\"noopener\"><img decoding=\"async\" class=\"size-full wp-image-259631 aligncenter\" src=\"https:\/\/maybommini.com\/wp-content\/uploads\/2018\/07\/may-tao-oxy-cau-ca.jpg\" alt=\"May Tao Oxy Cau Ca\" width=\"820\" height=\"820\" srcset=\"https:\/\/maybommini.vn\/wp-content\/uploads\/2018\/07\/may-tao-oxy-cau-ca.jpg 820w, https:\/\/maybommini.vn\/wp-content\/uploads\/2018\/07\/may-tao-oxy-cau-ca-300x300.jpg 300w, https:\/\/maybommini.vn\/wp-content\/uploads\/2018\/07\/may-tao-oxy-cau-ca-150x150.jpg 150w, https:\/\/maybommini.vn\/wp-content\/uploads\/2018\/07\/may-tao-oxy-cau-ca-600x600.jpg 600w, https:\/\/maybommini.vn\/wp-content\/uploads\/2018\/07\/may-tao-oxy-cau-ca-768x768.jpg 768w\" sizes=\"(max-width: 820px) 100vw, 820px\" \/><\/a> <a href=\"https:\/\/maybommini.com\/wp-content\/uploads\/2018\/07\/may-oxy-di-dong-cho-nguoi-di-cau-ca.jpg\" target=\"_blank\" rel=\"noopener\"><img decoding=\"async\" class=\"size-full wp-image-259630 aligncenter\" src=\"https:\/\/maybommini.com\/wp-content\/uploads\/2018\/07\/may-oxy-di-dong-cho-nguoi-di-cau-ca.jpg\" alt=\"May Oxy Di Dong Cho Nguoi Di Cau Ca\" width=\"820\" height=\"820\" srcset=\"https:\/\/maybommini.vn\/wp-content\/uploads\/2018\/07\/may-oxy-di-dong-cho-nguoi-di-cau-ca.jpg 820w, https:\/\/maybommini.vn\/wp-content\/uploads\/2018\/07\/may-oxy-di-dong-cho-nguoi-di-cau-ca-300x300.jpg 300w, https:\/\/maybommini.vn\/wp-content\/uploads\/2018\/07\/may-oxy-di-dong-cho-nguoi-di-cau-ca-150x150.jpg 150w, https:\/\/maybommini.vn\/wp-content\/uploads\/2018\/07\/may-oxy-di-dong-cho-nguoi-di-cau-ca-600x600.jpg 600w, https:\/\/maybommini.vn\/wp-content\/uploads\/2018\/07\/may-oxy-di-dong-cho-nguoi-di-cau-ca-768x768.jpg 768w\" sizes=\"(max-width: 820px) 100vw, 820px\" \/><\/a><\/p>\n<h3><strong>B\u00c1N M\u00c1Y B\u01a0M OXY \u1ed4 \u0110\u00c2U ?<\/strong><br \/>\n<a href=\"https:\/\/maybomminimbm.vn\/\" target=\"_blank\" rel=\"noopener\">M\u00e1y B\u01a1m Mini &#8211; MBM<\/a> nh\u00e0 cung c\u1ea5p h\u00e0ng \u0111\u1ea7u v\u1ec1 <a href=\"https:\/\/maybommini.com\/danh-muc\/may-bom-chim\/may-tao-oxy\" target=\"_blank\" rel=\"noopener\">m\u00e1y b\u01a1m oxy<\/a>, m\u00e1y b\u01a1m b\u1ec3 c\u00e1, m\u00e1y b\u01a1m h\u1ed3 c\u00e1, m\u00e1y b\u01a1m ch\u00ecm, m\u00e1y b\u01a1m oxy USB gi\u00e1 t\u1ed1t ch\u1ea5t l\u01b0\u1ee3ng b\u1ea3o h\u00e0nh ch\u00ednh h\u00e3ng. Giao h\u00e0ng to\u00e0n qu\u1ed1c t\u1ea1i nh\u00e0 t\u01b0 v\u1ea5n v\u00e0 h\u1ed5 tr\u1ee3 k\u1ef9 thu\u1eadt v\u0129nh vi\u1ec5n.<br \/>\nWebsite:\u00a0https:\/\/maybommini.com<br \/>\nEmail: maybommini.com@gmail.com<br \/>\nTel: 090 7294310<\/h3>\n<h2 style=\"text-align: center;\">M\u00e1y t\u1ea1o oxy mini d\u1ef1 ph\u00f2ng di \u0111\u1ed9ng LT-203S<\/h2>\n","protected":false},"excerpt":{"rendered":"<p>Model: LT-203S<br \/>\nPin s\u1ea1c: 5V 4400 mAh<br \/>\nC\u00f4ng su\u1ea5t: 2W<br \/>\nL\u01b0u l\u01b0\u1ee3ng: 4L\/P<br \/>\nC\u1ed5ng n\u1ed1i \u1ed1ng : 2<br \/>\n\u1ed0ng h\u01a1i : 1.2m<br \/>\n\u0110\u1ea7u t\u1ea1o b\u1ecdt kh\u00ed: 2 c\u00e1i<br \/>\nS\u1ea1c pin ngu\u1ed3n USB<br \/>\nCh\u1ebf \u0111\u1ed9 ch\u1ea1y: ch\u1ea1y li\u00ean t\u1ee5c v\u00e0 ng\u1eaft qu\u00e3ng.<br \/>\nTh\u1eddi gian ch\u1ea1y : 15 &#8211; 25 gi\u1edd<br \/>\nB\u00e1o pin: C\u00f3<br \/>\nK\u00edch th\u01b0\u1edbc: 130 x 55 x 87 mm<br \/>\nCh\u1ea5t li\u1ec7u: \u0110\u1ed3ng &#8211; H\u1ee3p kim &#8211; ABS<br \/>\nTi\u1ebft ki\u1ec7m pin.<br \/>\nTi\u1ebfng \u1ed3n th\u1ea5p.<br \/>\nTr\u1ecdng l\u01b0\u1ee3ng: 1000g<br \/>\n<strong>Ph\u00e2n ph\u1ed1i b\u1edfi : Maybommini.com<\/strong><br \/>\n<strong>Tel: 0907294310<\/strong><\/p>\n","protected":false},"featured_media":259632,"comment_status":"open","ping_status":"closed","template":"","meta":[],"product_brand":[2227],"product_cat":[1000],"product_tag":[1365,2364,1003,1006,2365],"class_list":{"0":"post-259627","1":"product","2":"type-product","3":"status-publish","4":"has-post-thumbnail","6":"product_brand-mtm","7":"product_cat-may-tao-oxy","8":"product_tag-may-bom-oxy","9":"product_tag-may-oxy-du-phong","10":"product_tag-may-oxy-mini","11":"product_tag-may-tao-oxy","12":"product_tag-oxy-usb","14":"first","15":"instock","16":"sale","17":"shipping-taxable","18":"purchasable","19":"product-type-simple"},"_links":{"self":[{"href":"https:\/\/maybommini.vn\/index.php?rest_route=\/wp\/v2\/product\/259627","targetHints":{"allow":["GET"]}}],"collection":[{"href":"https:\/\/maybommini.vn\/index.php?rest_route=\/wp\/v2\/product"}],"about":[{"href":"https:\/\/maybommini.vn\/index.php?rest_route=\/wp\/v2\/types\/product"}],"replies":[{"embeddable":true,"href":"https:\/\/maybommini.vn\/index.php?rest_route=%2Fwp%2Fv2%2Fcomments&post=259627"}],"wp:featuredmedia":[{"embeddable":true,"href":"https:\/\/maybommini.vn\/index.php?rest_route=\/wp\/v2\/media\/259632"}],"wp:attachment":[{"href":"https:\/\/maybommini.vn\/index.php?rest_route=%2Fwp%2Fv2%2Fmedia&parent=259627"}],"wp:term":[{"taxonomy":"product_brand","embeddable":true,"href":"https:\/\/maybommini.vn\/index.php?rest_route=%2Fwp%2Fv2%2Fproduct_brand&post=259627"},{"taxonomy":"product_cat","embeddable":true,"href":"https:\/\/maybommini.vn\/index.php?rest_route=%2Fwp%2Fv2%2Fproduct_cat&post=259627"},{"taxonomy":"product_tag","embeddable":true,"href":"https:\/\/maybommini.vn\/index.php?rest_route=%2Fwp%2Fv2%2Fproduct_tag&post=259627"}],"curies":[{"name":"wp","href":"https:\/\/api.w.org\/{rel}","templated":true}]}}