{"id":259647,"date":"2018-07-31T19:26:44","date_gmt":"2018-07-31T12:26:44","guid":{"rendered":"https:\/\/maybommini.com\/?post_type=product&#038;p=259647"},"modified":"2023-06-08T21:43:19","modified_gmt":"2023-06-08T14:43:19","slug":"ups-du-phong-modem-wifi-camera-5v-9v-12v-4200mah","status":"publish","type":"product","link":"https:\/\/maybommini.vn\/?product=ups-du-phong-modem-wifi-camera-5v-9v-12v-4200mah","title":{"rendered":"UPS d\u1ef1 ph\u00f2ng modem wifi camera 5V 9V 12V 24000mAh"},"content":{"rendered":"<h3><strong>Chuy\u00ean cung c\u1ea5p c\u00e1c lo\u1ea1i UPS d\u1ef1 ph\u00f2ng modem wifi camera 5V 9V 12V 24000mAh ch\u00ednh h\u00e3ng ch\u1ea5t l\u01b0\u1ee3ng cao b\u1ec1n b\u1ec9 theo th\u1eddi gian d\u00e0i \u1ee9ng d\u1ee5ng nhi\u1ec1u trong gia \u0111\u00ecnh v\u00e0 v\u0103n ph\u00f2ng c\u00f4ng ty. \u0110\u00e2y l\u00e0 lo\u1ea1i USB mini nh\u1ecf g\u1ecdn d\u00f9ng cho thi\u1ebft b\u1ecb nh\u01b0 modem m\u1ea1ng, wifi ph\u00e1t t\u00ednh hi\u1ec7u, camera gi\u00e1m s\u00e1t, s\u1ea1c d\u1ef1 ph\u00f2ng, ngu\u1ed3n c\u1ea5p \u0111i\u1ec7n cho c\u00e1c thi\u1ebft b\u1ecb kh\u00e1c.<\/strong><\/h3>\n<p><a href=\"https:\/\/maybommini.com\/wp-content\/uploads\/2018\/07\/ups-du-phong-cho-modem-wifi.jpg\" target=\"_blank\" rel=\"noopener\"><img decoding=\"async\" class=\"size-full wp-image-259657 aligncenter\" src=\"https:\/\/maybommini.com\/wp-content\/uploads\/2018\/07\/ups-du-phong-cho-modem-wifi.jpg\" alt=\"Ups Du Phong Cho Modem Wifi\" width=\"820\" height=\"820\" srcset=\"https:\/\/maybommini.vn\/wp-content\/uploads\/2018\/07\/ups-du-phong-cho-modem-wifi.jpg 820w, https:\/\/maybommini.vn\/wp-content\/uploads\/2018\/07\/ups-du-phong-cho-modem-wifi-300x300.jpg 300w, https:\/\/maybommini.vn\/wp-content\/uploads\/2018\/07\/ups-du-phong-cho-modem-wifi-150x150.jpg 150w, https:\/\/maybommini.vn\/wp-content\/uploads\/2018\/07\/ups-du-phong-cho-modem-wifi-600x600.jpg 600w\" sizes=\"(max-width: 820px) 100vw, 820px\" \/><\/a><\/p>\n<p><strong>TH\u00d4NG S\u1ed0 K\u1ef8 THU\u1eacT<\/strong><br \/>\nModem: UPS-5V9V12V-24000<br \/>\nPin 9 cell 18650.<br \/>\nNgu\u1ed3n v\u00e0o: 220V AC<br \/>\nNgu\u1ed3n ra: 5V 9V 12V<br \/>\nD\u00f2ng \u0111i\u1ec7n: 2A<br \/>\nDung l\u01b0\u1ee3ng pin: 24000mAh<br \/>\nC\u1ed5ng USB 5V : 2<br \/>\nC\u1ed5ng DC 5V: 1<br \/>\nC\u1ed5ng DC 9V: 1<br \/>\nC\u1ed5ng DC 12V: 3<br \/>\nD\u00e2y ngu\u1ed3n DC k\u1ebft n\u1ed1i thi\u1ebft b\u1ecb.<br \/>\nAdapter 220V 12V 2A<br \/>\nN\u00fat ngu\u1ed3n.<br \/>\n\u0110\u00e8n Led b\u00e1o dung l\u01b0\u1ee3ng pin.<br \/>\nTr\u1ecdng l\u01b0\u1ee3ng: 750g<br \/>\nK\u00edch th\u01b0\u1edbc: 161 x 138 x 33 mm<\/p>\n<p><a href=\"https:\/\/maybommini.com\/wp-content\/uploads\/2018\/07\/nguon-dien-du-phong-cho-modem-wifi.jpg\" target=\"_blank\" rel=\"noopener\"><img decoding=\"async\" class=\"size-full wp-image-259650 aligncenter\" src=\"https:\/\/maybommini.com\/wp-content\/uploads\/2018\/07\/nguon-dien-du-phong-cho-modem-wifi.jpg\" alt=\"Nguon Dien Du Phong Cho Modem Wifi\" width=\"820\" height=\"820\" srcset=\"https:\/\/maybommini.vn\/wp-content\/uploads\/2018\/07\/nguon-dien-du-phong-cho-modem-wifi.jpg 820w, https:\/\/maybommini.vn\/wp-content\/uploads\/2018\/07\/nguon-dien-du-phong-cho-modem-wifi-300x300.jpg 300w, https:\/\/maybommini.vn\/wp-content\/uploads\/2018\/07\/nguon-dien-du-phong-cho-modem-wifi-150x150.jpg 150w, https:\/\/maybommini.vn\/wp-content\/uploads\/2018\/07\/nguon-dien-du-phong-cho-modem-wifi-600x600.jpg 600w, https:\/\/maybommini.vn\/wp-content\/uploads\/2018\/07\/nguon-dien-du-phong-cho-modem-wifi-768x768.jpg 768w\" sizes=\"(max-width: 820px) 100vw, 820px\" \/><\/a> <a href=\"https:\/\/maybommini.com\/wp-content\/uploads\/2018\/07\/UPS-12v-24000mah.jpg\" target=\"_blank\" rel=\"noopener\"><img decoding=\"async\" class=\"size-full wp-image-259655 aligncenter\" src=\"https:\/\/maybommini.com\/wp-content\/uploads\/2018\/07\/UPS-12v-24000mah.jpg\" alt=\"UPS 12v 24000mah\" width=\"820\" height=\"820\" srcset=\"https:\/\/maybommini.vn\/wp-content\/uploads\/2018\/07\/UPS-12v-24000mah.jpg 820w, https:\/\/maybommini.vn\/wp-content\/uploads\/2018\/07\/UPS-12v-24000mah-300x300.jpg 300w, https:\/\/maybommini.vn\/wp-content\/uploads\/2018\/07\/UPS-12v-24000mah-150x150.jpg 150w, https:\/\/maybommini.vn\/wp-content\/uploads\/2018\/07\/UPS-12v-24000mah-600x600.jpg 600w\" sizes=\"(max-width: 820px) 100vw, 820px\" \/><\/a> <a href=\"https:\/\/maybommini.com\/wp-content\/uploads\/2018\/07\/UPS-12V-camera-modem-wifi-den-led.jpg\" target=\"_blank\" rel=\"noopener\"><img decoding=\"async\" class=\"size-full wp-image-259656 aligncenter\" src=\"https:\/\/maybommini.com\/wp-content\/uploads\/2018\/07\/UPS-12V-camera-modem-wifi-den-led.jpg\" alt=\"UPS 12V Camera Modem Wifi Den Led\" width=\"820\" height=\"820\" srcset=\"https:\/\/maybommini.vn\/wp-content\/uploads\/2018\/07\/UPS-12V-camera-modem-wifi-den-led.jpg 820w, https:\/\/maybommini.vn\/wp-content\/uploads\/2018\/07\/UPS-12V-camera-modem-wifi-den-led-300x300.jpg 300w, https:\/\/maybommini.vn\/wp-content\/uploads\/2018\/07\/UPS-12V-camera-modem-wifi-den-led-150x150.jpg 150w, https:\/\/maybommini.vn\/wp-content\/uploads\/2018\/07\/UPS-12V-camera-modem-wifi-den-led-600x600.jpg 600w, https:\/\/maybommini.vn\/wp-content\/uploads\/2018\/07\/UPS-12V-camera-modem-wifi-den-led-768x768.jpg 768w\" sizes=\"(max-width: 820px) 100vw, 820px\" \/><\/a> <a href=\"https:\/\/maybommini.com\/wp-content\/uploads\/2018\/07\/phu-kien-UPS-modem-wifi.jpg\" target=\"_blank\" rel=\"noopener\"><img decoding=\"async\" class=\"size-full wp-image-259652 aligncenter\" src=\"https:\/\/maybommini.com\/wp-content\/uploads\/2018\/07\/phu-kien-UPS-modem-wifi.jpg\" alt=\"Phu Kien UPS Modem Wifi\" width=\"820\" height=\"820\" srcset=\"https:\/\/maybommini.vn\/wp-content\/uploads\/2018\/07\/phu-kien-UPS-modem-wifi.jpg 820w, https:\/\/maybommini.vn\/wp-content\/uploads\/2018\/07\/phu-kien-UPS-modem-wifi-300x300.jpg 300w, https:\/\/maybommini.vn\/wp-content\/uploads\/2018\/07\/phu-kien-UPS-modem-wifi-150x150.jpg 150w, https:\/\/maybommini.vn\/wp-content\/uploads\/2018\/07\/phu-kien-UPS-modem-wifi-600x600.jpg 600w\" sizes=\"(max-width: 820px) 100vw, 820px\" \/><\/a><\/p>\n<p><strong>H\u01af\u1edaNG D\u1eaaN S\u1eec D\u1ee4NG UPS MODEM WIFI CAMERA<\/strong><br \/>\n&#8211; C\u1ea5m ngu\u1ed3n adapter k\u00e8m theo v\u00e0o \u0111i\u1ec7n 220V.<br \/>\n&#8211; B\u1eadt n\u00fat ngu\u1ed3n Power.<br \/>\n&#8211; D\u00f9ng d\u00e2y jack DC k\u00e8m theo c\u1ea5m v\u00e0o UPS v\u00e0 \u0111\u1ea7u c\u00f2n l\u1ea1i c\u1ea5m v\u00e0o thi\u1ebft b\u1ecb Modem. Wifi, Box TV, Camera.<br \/>\n&#8211; Ch\u00fa \u00fd xem k\u1ef9 thi\u1ebft b\u1ecb d\u00f9ng ngu\u1ed3n \u0111i\u1ec7n bao nhi\u00eau Vont \u0111\u1ec3 s\u1eed d\u1ee5ng \u0111\u00fang ngu\u1ed3n c\u1ea5p. N\u1ebfu c\u1ea5m sai c\u1ed5ng ngu\u1ed3n s\u1ebb l\u00e0m h\u01b0 thi\u1ebft b\u1ecb c\u1ee7a b\u1ea1n.<br \/>\n&#8211; Khi s\u1eed d\u1ee5ng trong th\u1eddi gian c\u00fap \u0111i\u1ec7n c\u1ea7n xem \u0111\u00e8n Led b\u00e1o dung l\u01b0\u1ee3ng pin \u0111\u1ec3 d\u1ef1 ph\u00f2ng th\u1eddi gian t\u1eaft.<br \/>\n&#8211; D\u00f9ng l\u00e0m UPS tr\u1ef1c ti\u1ebfp cho c\u00e1c thi\u1ebft b\u1ecb 24\/24 ph\u00f2ng khi c\u00fap \u0111i\u1ec7n n\u00ean b\u1ea1n kh\u00f4ng c\u1ea7n t\u1eafc ngu\u1ed3n.<br \/>\n&#8211; D\u00f9ng l\u00e0m s\u1ea1c pin d\u1ef1 ph\u00f2ng cho \u0111i\u1ec7n tho\u1ea1i qua c\u1ed5ng USB.<br \/>\n&#8211; L\u00e0m l\u01b0u \u0111i\u1ec7n d\u1ef1 ph\u00f2ng cho Modem, Wifi, Box TV, Camera, thi\u1ebft b\u1ecb an ninh&#8230;.<\/p>\n<p><a href=\"https:\/\/maybommini.com\/wp-content\/uploads\/2018\/07\/nguon-dien-du-phong-cho-modem-wifi.jpg\" target=\"_blank\" rel=\"noopener\"><img decoding=\"async\" class=\"size-full wp-image-259650 aligncenter\" src=\"https:\/\/maybommini.com\/wp-content\/uploads\/2018\/07\/nguon-dien-du-phong-cho-modem-wifi.jpg\" alt=\"Nguon Dien Du Phong Cho Modem Wifi\" width=\"820\" height=\"820\" srcset=\"https:\/\/maybommini.vn\/wp-content\/uploads\/2018\/07\/nguon-dien-du-phong-cho-modem-wifi.jpg 820w, https:\/\/maybommini.vn\/wp-content\/uploads\/2018\/07\/nguon-dien-du-phong-cho-modem-wifi-300x300.jpg 300w, https:\/\/maybommini.vn\/wp-content\/uploads\/2018\/07\/nguon-dien-du-phong-cho-modem-wifi-150x150.jpg 150w, https:\/\/maybommini.vn\/wp-content\/uploads\/2018\/07\/nguon-dien-du-phong-cho-modem-wifi-600x600.jpg 600w, https:\/\/maybommini.vn\/wp-content\/uploads\/2018\/07\/nguon-dien-du-phong-cho-modem-wifi-768x768.jpg 768w\" sizes=\"(max-width: 820px) 100vw, 820px\" \/><\/a> <a href=\"https:\/\/maybommini.com\/wp-content\/uploads\/2018\/07\/su-dung-UPS-cho-modem-wifi-camera.jpg\" target=\"_blank\" rel=\"noopener\"><img decoding=\"async\" class=\"size-full wp-image-259653 aligncenter\" src=\"https:\/\/maybommini.com\/wp-content\/uploads\/2018\/07\/su-dung-UPS-cho-modem-wifi-camera.jpg\" alt=\"Su Dung UPS Cho Modem Wifi Camera\" width=\"820\" height=\"820\" srcset=\"https:\/\/maybommini.vn\/wp-content\/uploads\/2018\/07\/su-dung-UPS-cho-modem-wifi-camera.jpg 820w, https:\/\/maybommini.vn\/wp-content\/uploads\/2018\/07\/su-dung-UPS-cho-modem-wifi-camera-300x300.jpg 300w, https:\/\/maybommini.vn\/wp-content\/uploads\/2018\/07\/su-dung-UPS-cho-modem-wifi-camera-150x150.jpg 150w, https:\/\/maybommini.vn\/wp-content\/uploads\/2018\/07\/su-dung-UPS-cho-modem-wifi-camera-600x600.jpg 600w\" sizes=\"(max-width: 820px) 100vw, 820px\" \/><\/a><\/p>\n<h2 style=\"text-align: center;\">UPS d\u1ef1 ph\u00f2ng cho modem wifi camera<\/h2>\n<p><a href=\"https:\/\/maybommini.com\/wp-content\/uploads\/2018\/07\/su-dung-usp-thiet-bi-mang-gia-dinh-cty.jpg\" target=\"_blank\" rel=\"noopener\"><img decoding=\"async\" class=\"size-full wp-image-259654 aligncenter\" src=\"https:\/\/maybommini.com\/wp-content\/uploads\/2018\/07\/su-dung-usp-thiet-bi-mang-gia-dinh-cty.jpg\" alt=\"Su Dung Usp Thiet Bi Mang Gia Dinh Cty\" width=\"820\" height=\"820\" srcset=\"https:\/\/maybommini.vn\/wp-content\/uploads\/2018\/07\/su-dung-usp-thiet-bi-mang-gia-dinh-cty.jpg 820w, https:\/\/maybommini.vn\/wp-content\/uploads\/2018\/07\/su-dung-usp-thiet-bi-mang-gia-dinh-cty-300x300.jpg 300w, https:\/\/maybommini.vn\/wp-content\/uploads\/2018\/07\/su-dung-usp-thiet-bi-mang-gia-dinh-cty-150x150.jpg 150w, https:\/\/maybommini.vn\/wp-content\/uploads\/2018\/07\/su-dung-usp-thiet-bi-mang-gia-dinh-cty-600x600.jpg 600w\" sizes=\"(max-width: 820px) 100vw, 820px\" \/><\/a><\/p>\n<p><strong>\u1ee8NG D\u1ee4NG USB D\u1ef0 PH\u00d2NG L\u01afU \u0110I\u1ec6N 5V 9V 12V<\/strong><br \/>\n&#8211; S\u1eed d\u1ee5ng l\u00e0m UPS cho thi\u1ebft b\u1ecb modem m\u1ea1ng internet, Wifi ph\u00e1t cho gia \u0111\u00ecnh.<br \/>\n&#8211; D\u00f9ng l\u00e0m ngu\u1ed3n d\u1ef1 ph\u00f2ng cho thi\u1ebft b\u1ecb m\u1ea1ng, camera Cty v\u0103n ph\u00f2ng, qu\u00e1n \u0103n, Shop, C\u1eeda h\u00e0ng &#8230;<br \/>\n&#8211; D\u00f9ng l\u00e0m pin d\u1ef1 ph\u00f2ng cho \u0111i\u1ec7n tho\u1ea1i m\u00e1y t\u00ednh b\u1ea3ng v\u00e0 thi\u1ebft b\u1ecb kh\u00e1c.<br \/>\n&#8211; D\u00f9ng l\u00e0m ngu\u1ed3n \u0111i\u1ec7n cho thi\u1ebft b\u1ecb 5V 9V 12V.<br \/>\n&#8211; D\u00f9ng l\u00e0m ngu\u1ed3n \u0111\u00e8n led.<br \/>\n&#8211; D\u00f9ng l\u00e0m ngu\u1ed3n \u0111i\u1ec7n cho thi\u1ebft b\u1ecb an ninh, kho\u00e1 c\u1eeda, m\u00e1y ch\u1ea5m c\u00f4ng &#8230;<br \/>\n&#8211; V\u00e0 d\u00f9ng l\u00e0m ngu\u1ed3n cho nhi\u1ec1u thi\u1ebft b\u1ecb kh\u00e1c.<\/p>\n<p><a href=\"https:\/\/maybommini.com\/wp-content\/uploads\/2018\/07\/usp-12v-camera-modem.jpg\" target=\"_blank\" rel=\"noopener\"><img decoding=\"async\" class=\"size-full wp-image-259658 aligncenter\" src=\"https:\/\/maybommini.com\/wp-content\/uploads\/2018\/07\/usp-12v-camera-modem.jpg\" alt=\"Usp 12v Camera Modem\" width=\"820\" height=\"820\" srcset=\"https:\/\/maybommini.vn\/wp-content\/uploads\/2018\/07\/usp-12v-camera-modem.jpg 820w, https:\/\/maybommini.vn\/wp-content\/uploads\/2018\/07\/usp-12v-camera-modem-300x300.jpg 300w, https:\/\/maybommini.vn\/wp-content\/uploads\/2018\/07\/usp-12v-camera-modem-150x150.jpg 150w, https:\/\/maybommini.vn\/wp-content\/uploads\/2018\/07\/usp-12v-camera-modem-600x600.jpg 600w, https:\/\/maybommini.vn\/wp-content\/uploads\/2018\/07\/usp-12v-camera-modem-768x768.jpg 768w\" sizes=\"(max-width: 820px) 100vw, 820px\" \/><\/a><\/p>\n<p><strong>MUA UPS D\u1ef0 PH\u00d2NG MODEM WIFI CAMERA \u1ede \u0110\u00c2U CH\u1ea4T L\u01af\u1ee2NG ?\u00a0<\/strong><br \/>\n<em><strong><a href=\"https:\/\/maybomminimbm.vn\/\" target=\"_blank\" rel=\"noopener\">M\u00e1y B\u01a1m Mini MBM<\/a> l\u00e0 nha cung c\u1ea5p c\u00e1c thi\u1ebft b\u1ecb pin d\u1ef1 ph\u00f2ng, UPS, Pin s\u1ea1c, ngu\u1ed3n \u0111i\u1ec7n adapter gi\u00e1 t\u1ed1t ch\u1ea5t l\u01b0\u1ee3ng b\u1ea3o h\u00e0nh l\u00e2u d\u00e0i v\u00e0 h\u1ed5 tr\u1ee3 k\u1ef9 thu\u1eadt v\u0129nh vi\u1ec5n giao h\u00e0ng t\u1eadn nh\u00e0 ti\u1ec7n l\u1ee3i.<\/strong><\/em><br \/>\n<strong>Website:<\/strong>\u00a0https:\/\/maybommini.com<br \/>\n<strong>Email:<\/strong> maybommini.com@gmail.com<br \/>\n<strong>Tel;<\/strong> 0907294310 &#8211; 02873030399<\/p>\n<h2 style=\"text-align: center;\">UPS d\u1ef1 ph\u00f2ng cho modem wifi camera 5V 9V 12V 4200mAh<\/h2>\n","protected":false},"excerpt":{"rendered":"<p>Modem: UPS-5V9V12V-24000<br \/>\nPin 9 cell 18650.<br \/>\nNgu\u1ed3n v\u00e0o: 220V AC<br \/>\nNgu\u1ed3n ra: 5V 9V 12V<br \/>\nD\u00f2ng \u0111i\u1ec7n: 2A<br \/>\nDung l\u01b0\u1ee3ng pin: 24000mAh<br \/>\nC\u1ed5ng USB 5V : 2<br \/>\nC\u1ed5ng DC 5V: 1<br \/>\nC\u1ed5ng DC 9V: 1<br \/>\nC\u1ed5ng DC 12V: 3<br \/>\nD\u00e2y ngu\u1ed3n DC k\u1ebft n\u1ed1i thi\u1ebft b\u1ecb.<br \/>\nAdapter 220V 12V 2A<br \/>\nN\u00fat ngu\u1ed3n.<br \/>\n\u0110\u00e8n Led b\u00e1o dung l\u01b0\u1ee3ng pin.<br \/>\nTr\u1ecdng l\u01b0\u1ee3ng: 750g<br \/>\nK\u00edch th\u01b0\u1edbc: 161 x 138 x 33 mm<br \/>\nB\u1ea3o h\u00e0nh: 6 th\u00e1ng<br \/>\n<strong>Ph\u00e2n ph\u1ed1i: <a href=\"https:\/\/maybomminimbm.vn\/\" target=\"_blank\" rel=\"noopener\">M\u00e1y B\u01a1m Mini MBM<\/a><\/strong><br \/>\n<strong>Tel: 0907294310<\/strong><\/p>\n","protected":false},"featured_media":259657,"comment_status":"open","ping_status":"closed","template":"","meta":[],"product_brand":[2227],"product_cat":[421,4181],"product_tag":[2375,1307,437,2369,2372,2374,2373,2371,2370],"class_list":{"0":"post-259647","1":"product","2":"type-product","3":"status-publish","4":"has-post-thumbnail","6":"product_brand-mtm","7":"product_cat-pin-sac","8":"product_cat-bo-luu-dien-ups-dc","9":"product_tag-luu-dien","10":"product_tag-sac-du-phong","11":"product_tag-sac-pin","12":"product_tag-ups","13":"product_tag-ups-12v","14":"product_tag-ups-5v","15":"product_tag-ups-9v","16":"product_tag-ups-modem","17":"product_tag-ups-wifi","19":"first","20":"instock","21":"sale","22":"shipping-taxable","23":"purchasable","24":"product-type-simple"},"_links":{"self":[{"href":"https:\/\/maybommini.vn\/index.php?rest_route=\/wp\/v2\/product\/259647","targetHints":{"allow":["GET"]}}],"collection":[{"href":"https:\/\/maybommini.vn\/index.php?rest_route=\/wp\/v2\/product"}],"about":[{"href":"https:\/\/maybommini.vn\/index.php?rest_route=\/wp\/v2\/types\/product"}],"replies":[{"embeddable":true,"href":"https:\/\/maybommini.vn\/index.php?rest_route=%2Fwp%2Fv2%2Fcomments&post=259647"}],"wp:featuredmedia":[{"embeddable":true,"href":"https:\/\/maybommini.vn\/index.php?rest_route=\/wp\/v2\/media\/259657"}],"wp:attachment":[{"href":"https:\/\/maybommini.vn\/index.php?rest_route=%2Fwp%2Fv2%2Fmedia&parent=259647"}],"wp:term":[{"taxonomy":"product_brand","embeddable":true,"href":"https:\/\/maybommini.vn\/index.php?rest_route=%2Fwp%2Fv2%2Fproduct_brand&post=259647"},{"taxonomy":"product_cat","embeddable":true,"href":"https:\/\/maybommini.vn\/index.php?rest_route=%2Fwp%2Fv2%2Fproduct_cat&post=259647"},{"taxonomy":"product_tag","embeddable":true,"href":"https:\/\/maybommini.vn\/index.php?rest_route=%2Fwp%2Fv2%2Fproduct_tag&post=259647"}],"curies":[{"name":"wp","href":"https:\/\/api.w.org\/{rel}","templated":true}]}}