{"id":259760,"date":"2018-08-09T02:48:22","date_gmt":"2018-08-08T19:48:22","guid":{"rendered":"https:\/\/maybommini.com\/?post_type=product&#038;p=259760"},"modified":"2020-01-01T12:47:07","modified_gmt":"2020-01-01T05:47:07","slug":"van-dien-tu-12v-2w-160-15-ren-21mm","status":"publish","type":"product","link":"https:\/\/maybommini.vn\/?product=van-dien-tu-12v-2w-160-15-ren-21mm","title":{"rendered":"Van \u0111i\u1ec7n t\u1eeb 12V 2W-160-15 ren 21mm"},"content":{"rendered":"<h3>Ph\u1ed1i b\u00e1n c\u00e1c lo\u1ea1i <a href=\"https:\/\/maybommini.com\/danh-muc\/phu-kien-bom-nuoc-mini\/van-dien-tu-solenoid-vavle\" target=\"_blank\" rel=\"noopener noreferrer\">van \u0111i\u1ec7n t\u1eeb Solenoi Valve <\/a>th\u01b0\u1eddng \u0111\u00f3ng 12V 24V 220V h\u00e0ng \u0111\u1ea7u ch\u00ednh h\u00e3ng t\u1ea1i Vi\u1ec7t Nam. V\u1edbi ch\u1ea5t l\u01b0\u1ee3ng \u0111\u1ea3m b\u1ea3o v\u00e0 b\u1ea3o h\u00e0nh ch\u00ednh h\u00e3ng t\u1eeb nh\u00e0 s\u1ea3n xu\u1ea5t \u0111\u00e2y ch\u00ednh l\u00e0 l\u1ef1a ch\u1ecdn s\u1ed1 1 c\u1ee7a kh\u00e1ch h\u00e0ng s\u1eed d\u1ee5ng trong h\u1ec7 th\u1ed1ng c\u1ea5p n\u01b0\u1edbc, m\u00e1y phun s\u01b0\u01a1ng, t\u01b0\u1edbi c\u00e2y t\u1ef1 \u0111\u1ed9ng, h\u1ec7 th\u1ed1ng b\u01a1m n\u01b0\u1edbc, kho\u00e1 b\u01a1m d\u1ea7u nh\u1edbt &#8230;<\/h3>\n<p><a href=\"https:\/\/maybommini.com\/wp-content\/uploads\/2018\/08\/van-dien-tu-phi-21mm-12v-2w-160-15.jpg\" target=\"_blank\" rel=\"noopener\"><img decoding=\"async\" class=\"size-full wp-image-259762 aligncenter\" src=\"https:\/\/maybommini.com\/wp-content\/uploads\/2018\/08\/van-dien-tu-phi-21mm-12v-2w-160-15.jpg\" alt=\"Van Dien Tu Phi 21mm 12v 2w 160 15\" width=\"820\" height=\"820\" srcset=\"https:\/\/maybommini.vn\/wp-content\/uploads\/2018\/08\/van-dien-tu-phi-21mm-12v-2w-160-15.jpg 820w, https:\/\/maybommini.vn\/wp-content\/uploads\/2018\/08\/van-dien-tu-phi-21mm-12v-2w-160-15-300x300.jpg 300w, https:\/\/maybommini.vn\/wp-content\/uploads\/2018\/08\/van-dien-tu-phi-21mm-12v-2w-160-15-150x150.jpg 150w, https:\/\/maybommini.vn\/wp-content\/uploads\/2018\/08\/van-dien-tu-phi-21mm-12v-2w-160-15-600x600.jpg 600w\" sizes=\"(max-width: 820px) 100vw, 820px\" \/><\/a><\/p>\n<p><strong>TH\u00d4NG S\u1ed0 K\u1ef8 THU\u1eacT<\/strong><br \/>\nModel:\u00a02W-160-15<br \/>\n\u0110i\u1ec7n th\u1ebf: 12V DC<br \/>\nRen n\u1ed1i \u1ed1ng: 21 mm<br \/>\nPhi \u0111\u01b0\u1eddng \u1ed1ng: 16 mm<br \/>\nNhi\u1ec7t \u0111\u1ed9 l\u00e0m vi\u1ec7c: -5 \u0111\u1ebfn 80 \u0111\u1ed9 C<br \/>\n\u00c1p l\u1ef1c ch\u1ecbu t\u1ea3i: 10 kgf\/cm2 (0 &#8211; 1.0 mpa)<br \/>\nDu\u0300ng nam ch\u00e2m \u0111i\u00ea\u0323n<br \/>\nVan \u0111i\u1ec7n: Th\u01b0\u1eddng \u0111\u00f3ng &#8211; M\u1edf khi c\u00f3 \u0111i\u1ec7n<br \/>\nCh\u1ea5t li\u1ec7u: \u0110\u1ed3ng &#8211; Th\u00e9p<br \/>\nK\u00edch th\u01b0\u1edbc: 64 * 20 * 90 mm<br \/>\nTr\u1ecdng l\u01b0\u1ee3ng: 0.6 kg<br \/>\nTi\u00eau chu\u1ea9n Ch\u00e2u \u00c2u : CE<br \/>\nHo\u1ea1t \u0111\u1ed9ng y\u00ean t\u0129nh.<br \/>\nTi\u1ebft ki\u1ec7m \u0111i\u1ec7n.<br \/>\nT\u00ecnh tr\u1ea1ng: H\u00e0ng m\u1edbi 100%<br \/>\nKh\u1eb3ng \u0111\u1ecbnh \u0111\u1ed9 an to\u00e0n, ch\u1ea5t l\u01b0\u1ee3ng s\u1ea3n ph\u1ea9m v\u1edbi ng\u01b0\u1eddi ti\u00eau d\u00f9ng.<br \/>\nB\u1ea3o h\u00e0nh: 3 th\u00e1ng<br \/>\nS\u1ea3n ph\u1ea9m nh\u1eadp kh\u1ea9u.<br \/>\nPh\u00e2n ph\u1ed1i:\u00a0<a href=\"https:\/\/maybomminimbm.vn\/\" target=\"_blank\" rel=\"noopener\">M\u00e1y B\u01a1m Mini MBM<\/a><br \/>\nTel: 0907294310<\/p>\n<p><a href=\"https:\/\/maybommini.com\/wp-content\/uploads\/2018\/08\/nha-cung-cap-cac-loai-van-dien-tu-gia-re.jpg\" target=\"_blank\" rel=\"noopener\"><img decoding=\"async\" class=\"size-full wp-image-259767 aligncenter\" src=\"https:\/\/maybommini.com\/wp-content\/uploads\/2018\/08\/nha-cung-cap-cac-loai-van-dien-tu-gia-re.jpg\" alt=\"Nha Cung Cap Cac Loai Van Dien Tu Gia Re\" width=\"820\" height=\"820\" srcset=\"https:\/\/maybommini.vn\/wp-content\/uploads\/2018\/08\/nha-cung-cap-cac-loai-van-dien-tu-gia-re.jpg 820w, https:\/\/maybommini.vn\/wp-content\/uploads\/2018\/08\/nha-cung-cap-cac-loai-van-dien-tu-gia-re-300x300.jpg 300w, https:\/\/maybommini.vn\/wp-content\/uploads\/2018\/08\/nha-cung-cap-cac-loai-van-dien-tu-gia-re-150x150.jpg 150w, https:\/\/maybommini.vn\/wp-content\/uploads\/2018\/08\/nha-cung-cap-cac-loai-van-dien-tu-gia-re-600x600.jpg 600w, https:\/\/maybommini.vn\/wp-content\/uploads\/2018\/08\/nha-cung-cap-cac-loai-van-dien-tu-gia-re-768x768.jpg 768w\" sizes=\"(max-width: 820px) 100vw, 820px\" \/><\/a> <a href=\"https:\/\/maybommini.com\/wp-content\/uploads\/2018\/08\/cau-tao-van-dien-tu.jpg\" target=\"_blank\" rel=\"noopener\"><img decoding=\"async\" class=\"size-full wp-image-259763 aligncenter\" src=\"https:\/\/maybommini.com\/wp-content\/uploads\/2018\/08\/cau-tao-van-dien-tu.jpg\" alt=\"Cau Tao Van Dien Tu\" width=\"820\" height=\"820\" srcset=\"https:\/\/maybommini.vn\/wp-content\/uploads\/2018\/08\/cau-tao-van-dien-tu.jpg 820w, https:\/\/maybommini.vn\/wp-content\/uploads\/2018\/08\/cau-tao-van-dien-tu-300x300.jpg 300w, https:\/\/maybommini.vn\/wp-content\/uploads\/2018\/08\/cau-tao-van-dien-tu-150x150.jpg 150w, https:\/\/maybommini.vn\/wp-content\/uploads\/2018\/08\/cau-tao-van-dien-tu-600x600.jpg 600w\" sizes=\"(max-width: 820px) 100vw, 820px\" \/><\/a> <a href=\"https:\/\/maybommini.com\/wp-content\/uploads\/2018\/08\/van-dien-tu-day-dong-cao-cap.jpg\" target=\"_blank\" rel=\"noopener\"><img decoding=\"async\" class=\"size-full wp-image-259773 aligncenter\" src=\"https:\/\/maybommini.com\/wp-content\/uploads\/2018\/08\/van-dien-tu-day-dong-cao-cap.jpg\" alt=\"Van Dien Tu Day Dong Cao Cap\" width=\"820\" height=\"820\" srcset=\"https:\/\/maybommini.vn\/wp-content\/uploads\/2018\/08\/van-dien-tu-day-dong-cao-cap.jpg 820w, https:\/\/maybommini.vn\/wp-content\/uploads\/2018\/08\/van-dien-tu-day-dong-cao-cap-300x300.jpg 300w, https:\/\/maybommini.vn\/wp-content\/uploads\/2018\/08\/van-dien-tu-day-dong-cao-cap-150x150.jpg 150w, https:\/\/maybommini.vn\/wp-content\/uploads\/2018\/08\/van-dien-tu-day-dong-cao-cap-600x600.jpg 600w\" sizes=\"(max-width: 820px) 100vw, 820px\" \/><\/a> <a href=\"https:\/\/maybommini.com\/wp-content\/uploads\/2018\/08\/chuyen-ban-van-dien-tu.jpg\" target=\"_blank\" rel=\"noopener\"><img decoding=\"async\" class=\"size-full wp-image-259766 aligncenter\" src=\"https:\/\/maybommini.com\/wp-content\/uploads\/2018\/08\/chuyen-ban-van-dien-tu.jpg\" alt=\"Chuyen Ban Van Dien Tu\" width=\"820\" height=\"820\" srcset=\"https:\/\/maybommini.vn\/wp-content\/uploads\/2018\/08\/chuyen-ban-van-dien-tu.jpg 820w, https:\/\/maybommini.vn\/wp-content\/uploads\/2018\/08\/chuyen-ban-van-dien-tu-300x300.jpg 300w, https:\/\/maybommini.vn\/wp-content\/uploads\/2018\/08\/chuyen-ban-van-dien-tu-150x150.jpg 150w, https:\/\/maybommini.vn\/wp-content\/uploads\/2018\/08\/chuyen-ban-van-dien-tu-600x600.jpg 600w, https:\/\/maybommini.vn\/wp-content\/uploads\/2018\/08\/chuyen-ban-van-dien-tu-768x768.jpg 768w\" sizes=\"(max-width: 820px) 100vw, 820px\" \/><\/a><\/p>\n<p><strong>K\u00cdCH TH\u01af\u1edaC<\/strong><br \/>\n2W-08 LWH: 39 * 42 * 74 mm &#8211; 0.37 kg<br \/>\n2W-10 LWH: 51 * 52 * 85\u00a0mm &#8211; 0.48 kg<br \/>\n2W-15 LWH: 62 * 102 * 55\u00a0mm &#8211; 0.6 kg<br \/>\n2W-20 LWH: 67 * 55 * 113\u00a0mm &#8211; \u00a00.66 kg<br \/>\n2W-25 LWH: 86 * 117 * 73\u00a0mm &#8211; 1.02 kg<br \/>\n2W-32 LWH: 90 * 130 * 77\u00a0mm &#8211; 1.16 kg<br \/>\n2W-40 LWH: 106 * 87 * 164\u00a0mm &#8211; 2.32 kg<br \/>\n2W-50 LWH: 123 * 93 * 176\u00a0mm &#8211; 4 kg<\/p>\n<p><a href=\"https:\/\/maybommini.com\/wp-content\/uploads\/2018\/08\/thong-so-van-dien-tu-cao-cap.jpg\" target=\"_blank\" rel=\"noopener\"><img decoding=\"async\" class=\"size-full wp-image-259771 aligncenter\" src=\"https:\/\/maybommini.com\/wp-content\/uploads\/2018\/08\/thong-so-van-dien-tu-cao-cap.jpg\" alt=\"Thong So Van Dien Tu Cao Cap\" width=\"820\" height=\"820\" srcset=\"https:\/\/maybommini.vn\/wp-content\/uploads\/2018\/08\/thong-so-van-dien-tu-cao-cap.jpg 820w, https:\/\/maybommini.vn\/wp-content\/uploads\/2018\/08\/thong-so-van-dien-tu-cao-cap-300x300.jpg 300w, https:\/\/maybommini.vn\/wp-content\/uploads\/2018\/08\/thong-so-van-dien-tu-cao-cap-150x150.jpg 150w, https:\/\/maybommini.vn\/wp-content\/uploads\/2018\/08\/thong-so-van-dien-tu-cao-cap-600x600.jpg 600w\" sizes=\"(max-width: 820px) 100vw, 820px\" \/><\/a><a href=\"https:\/\/maybommini.com\/wp-content\/uploads\/2018\/08\/van-dien-tu-gia-re.jpg\" target=\"_blank\" rel=\"noopener\"><img decoding=\"async\" class=\"size-full wp-image-259774 aligncenter\" src=\"https:\/\/maybommini.com\/wp-content\/uploads\/2018\/08\/van-dien-tu-gia-re.jpg\" alt=\"Van Dien Tu Gia Re\" width=\"820\" height=\"820\" srcset=\"https:\/\/maybommini.vn\/wp-content\/uploads\/2018\/08\/van-dien-tu-gia-re.jpg 820w, https:\/\/maybommini.vn\/wp-content\/uploads\/2018\/08\/van-dien-tu-gia-re-300x300.jpg 300w, https:\/\/maybommini.vn\/wp-content\/uploads\/2018\/08\/van-dien-tu-gia-re-150x150.jpg 150w, https:\/\/maybommini.vn\/wp-content\/uploads\/2018\/08\/van-dien-tu-gia-re-600x600.jpg 600w, https:\/\/maybommini.vn\/wp-content\/uploads\/2018\/08\/van-dien-tu-gia-re-768x768.jpg 768w\" sizes=\"(max-width: 820px) 100vw, 820px\" \/><\/a><a href=\"https:\/\/maybommini.com\/wp-content\/uploads\/2018\/08\/thiet-ke-van-dien-tu-tieu-chuan.jpg\" target=\"_blank\" rel=\"noopener\"><img decoding=\"async\" class=\"size-full wp-image-259770 aligncenter\" src=\"https:\/\/maybommini.com\/wp-content\/uploads\/2018\/08\/thiet-ke-van-dien-tu-tieu-chuan.jpg\" alt=\"Thiet Ke Van Dien Tu Tieu Chuan\" width=\"820\" height=\"820\" srcset=\"https:\/\/maybommini.vn\/wp-content\/uploads\/2018\/08\/thiet-ke-van-dien-tu-tieu-chuan.jpg 820w, https:\/\/maybommini.vn\/wp-content\/uploads\/2018\/08\/thiet-ke-van-dien-tu-tieu-chuan-300x300.jpg 300w, https:\/\/maybommini.vn\/wp-content\/uploads\/2018\/08\/thiet-ke-van-dien-tu-tieu-chuan-150x150.jpg 150w, https:\/\/maybommini.vn\/wp-content\/uploads\/2018\/08\/thiet-ke-van-dien-tu-tieu-chuan-600x600.jpg 600w, https:\/\/maybommini.vn\/wp-content\/uploads\/2018\/08\/thiet-ke-van-dien-tu-tieu-chuan-768x768.jpg 768w\" sizes=\"(max-width: 820px) 100vw, 820px\" \/><\/a><a href=\"https:\/\/maybommini.com\/wp-content\/uploads\/2018\/08\/chuyen-ban-cac-loai-van-dien-tu-HCM.jpg\" target=\"_blank\" rel=\"noopener\"><img decoding=\"async\" class=\"size-full wp-image-259764 aligncenter\" src=\"https:\/\/maybommini.com\/wp-content\/uploads\/2018\/08\/chuyen-ban-cac-loai-van-dien-tu-HCM.jpg\" alt=\"Chuyen Ban Cac Loai Van Dien Tu HCM\" width=\"820\" height=\"820\" srcset=\"https:\/\/maybommini.vn\/wp-content\/uploads\/2018\/08\/chuyen-ban-cac-loai-van-dien-tu-HCM.jpg 820w, https:\/\/maybommini.vn\/wp-content\/uploads\/2018\/08\/chuyen-ban-cac-loai-van-dien-tu-HCM-300x300.jpg 300w, https:\/\/maybommini.vn\/wp-content\/uploads\/2018\/08\/chuyen-ban-cac-loai-van-dien-tu-HCM-150x150.jpg 150w, https:\/\/maybommini.vn\/wp-content\/uploads\/2018\/08\/chuyen-ban-cac-loai-van-dien-tu-HCM-600x600.jpg 600w\" sizes=\"(max-width: 820px) 100vw, 820px\" \/><\/a><a href=\"https:\/\/maybommini.com\/wp-content\/uploads\/2018\/08\/phan-phoi-van-dien-tu-khoa-nuoc.jpg\" target=\"_blank\" rel=\"noopener\"><img decoding=\"async\" class=\"size-full wp-image-259768 aligncenter\" src=\"https:\/\/maybommini.com\/wp-content\/uploads\/2018\/08\/phan-phoi-van-dien-tu-khoa-nuoc.jpg\" alt=\"Phan Phoi Van Dien Tu Khoa Nuoc\" width=\"820\" height=\"820\" srcset=\"https:\/\/maybommini.vn\/wp-content\/uploads\/2018\/08\/phan-phoi-van-dien-tu-khoa-nuoc.jpg 820w, https:\/\/maybommini.vn\/wp-content\/uploads\/2018\/08\/phan-phoi-van-dien-tu-khoa-nuoc-300x300.jpg 300w, https:\/\/maybommini.vn\/wp-content\/uploads\/2018\/08\/phan-phoi-van-dien-tu-khoa-nuoc-150x150.jpg 150w, https:\/\/maybommini.vn\/wp-content\/uploads\/2018\/08\/phan-phoi-van-dien-tu-khoa-nuoc-600x600.jpg 600w\" sizes=\"(max-width: 820px) 100vw, 820px\" \/><\/a><a href=\"https:\/\/maybommini.com\/wp-content\/uploads\/2018\/08\/chuyen-ban-van-dien-gia-re.jpg\" target=\"_blank\" rel=\"noopener\"><img decoding=\"async\" class=\"size-full wp-image-259765 aligncenter\" src=\"https:\/\/maybommini.com\/wp-content\/uploads\/2018\/08\/chuyen-ban-van-dien-gia-re.jpg\" alt=\"Chuyen Ban Van Dien Gia Re\" width=\"820\" height=\"820\" srcset=\"https:\/\/maybommini.vn\/wp-content\/uploads\/2018\/08\/chuyen-ban-van-dien-gia-re.jpg 820w, https:\/\/maybommini.vn\/wp-content\/uploads\/2018\/08\/chuyen-ban-van-dien-gia-re-300x300.jpg 300w, https:\/\/maybommini.vn\/wp-content\/uploads\/2018\/08\/chuyen-ban-van-dien-gia-re-150x150.jpg 150w, https:\/\/maybommini.vn\/wp-content\/uploads\/2018\/08\/chuyen-ban-van-dien-gia-re-600x600.jpg 600w\" sizes=\"(max-width: 820px) 100vw, 820px\" \/><\/a><\/p>\n<p>&nbsp;<\/p>\n<p><strong>\u1ee8NG D\u1ee4NG VAN \u0110I\u1ec6N T\u1eea &#8211; SOLENOID VALE<\/strong><br \/>\n&#8211; D\u00f9ng l\u00e0m kh\u00f3a m\u1edf n\u01b0\u1edbc t\u1ef1 \u0111\u1ed9ng<br \/>\n&#8211; D\u00f9ng l\u00e0m kh\u00f3a m\u1edf d\u1ea7u nh\u1edbt.<br \/>\n&#8211; D\u00f9ng l\u00e0m kh\u00f3a kh\u00ed ga.<br \/>\n&#8211; D\u00f9ng trong <a href=\"https:\/\/maybommini.com\/danh-muc\/he-thong-phun-suong\" target=\"_blank\" rel=\"noopener noreferrer\">h\u1ec7 th\u1ed1ng phun s\u01b0\u01a1ng<\/a>.<br \/>\n&#8211; D\u00f9ng trong h\u1ec7 th\u1ed1ng t\u01b0\u1edbi t\u1ef1 \u0111\u1ed9ng.<br \/>\n&#8211; D\u00f9ng trong h\u1ec7 th\u1ed1ng cungg c\u1ea5p n\u01b0\u1edbc.<br \/>\n&#8211; D\u00f9ng trong t\u01b0\u1edbi lan nh\u00e0 v\u01b0\u1eddn.<br \/>\n&#8211; D\u00f9ng trong h\u1ec7 th\u1ed1ng m\u00e1y c\u00f4ng nghi\u1ec7p.<br \/>\n&#8211; D\u00f9ng trong m\u00e1y <a href=\"https:\/\/maybommini.com\/danh-muc\/may-bom-ap-luc-mini\/may-bom-nuoc-ro\" target=\"_blank\" rel=\"noopener noreferrer\">l\u1ecdc n\u01b0\u1edbc RO<\/a>.<\/p>\n<p><a href=\"https:\/\/maybommini.com\/wp-content\/uploads\/2018\/08\/ung-dung-su-dung-van-dien-tu.jpg\" target=\"_blank\" rel=\"noopener\"><img decoding=\"async\" class=\"size-full wp-image-259772 aligncenter\" src=\"https:\/\/maybommini.com\/wp-content\/uploads\/2018\/08\/ung-dung-su-dung-van-dien-tu.jpg\" alt=\"Ung Dung Su Dung Van Dien Tu\" width=\"820\" height=\"820\" srcset=\"https:\/\/maybommini.vn\/wp-content\/uploads\/2018\/08\/ung-dung-su-dung-van-dien-tu.jpg 820w, https:\/\/maybommini.vn\/wp-content\/uploads\/2018\/08\/ung-dung-su-dung-van-dien-tu-300x300.jpg 300w, https:\/\/maybommini.vn\/wp-content\/uploads\/2018\/08\/ung-dung-su-dung-van-dien-tu-150x150.jpg 150w, https:\/\/maybommini.vn\/wp-content\/uploads\/2018\/08\/ung-dung-su-dung-van-dien-tu-600x600.jpg 600w\" sizes=\"(max-width: 820px) 100vw, 820px\" \/><\/a> <a href=\"https:\/\/maybommini.com\/wp-content\/uploads\/2018\/08\/su-dung-van-dien-tu.jpg\" target=\"_blank\" rel=\"noopener\"><img decoding=\"async\" class=\"size-full wp-image-259769 aligncenter\" src=\"https:\/\/maybommini.com\/wp-content\/uploads\/2018\/08\/su-dung-van-dien-tu.jpg\" alt=\"Su Dung Van Dien Tu\" width=\"820\" height=\"820\" srcset=\"https:\/\/maybommini.vn\/wp-content\/uploads\/2018\/08\/su-dung-van-dien-tu.jpg 820w, https:\/\/maybommini.vn\/wp-content\/uploads\/2018\/08\/su-dung-van-dien-tu-300x300.jpg 300w, https:\/\/maybommini.vn\/wp-content\/uploads\/2018\/08\/su-dung-van-dien-tu-150x150.jpg 150w, https:\/\/maybommini.vn\/wp-content\/uploads\/2018\/08\/su-dung-van-dien-tu-600x600.jpg 600w, https:\/\/maybommini.vn\/wp-content\/uploads\/2018\/08\/su-dung-van-dien-tu-768x768.jpg 768w\" sizes=\"(max-width: 820px) 100vw, 820px\" \/><\/a><\/p>\n<p><img decoding=\"async\" class=\"size-full wp-image-248816 aligncenter\" src=\"https:\/\/maybommini.com\/wp-content\/uploads\/2017\/04\/chhung-nhan-van-dieen-tu.jpg\" alt=\"Chhung Nhan Van Dieen Tu\" width=\"750\" height=\"750\" srcset=\"https:\/\/maybommini.vn\/wp-content\/uploads\/2017\/04\/chhung-nhan-van-dieen-tu.jpg 750w, https:\/\/maybommini.vn\/wp-content\/uploads\/2017\/04\/chhung-nhan-van-dieen-tu-300x300.jpg 300w, https:\/\/maybommini.vn\/wp-content\/uploads\/2017\/04\/chhung-nhan-van-dieen-tu-600x600.jpg 600w, https:\/\/maybommini.vn\/wp-content\/uploads\/2017\/04\/chhung-nhan-van-dieen-tu-150x150.jpg 150w\" sizes=\"(max-width: 750px) 100vw, 750px\" \/><br \/>\n<strong>MUA VAN \u0110I\u1ec6N T\u1eea \u1ede \u0110\u00c2U ?\u00a0<\/strong><br \/>\nCh\u00fang t\u00f4i chuy\u00ean cung c\u1ea5p c\u00e1c lo\u1ea1i van \u0111i\u1ec7n t\u1eeb c\u00e1c lo\u1ea1i gi\u00e1 t\u1ed1t b\u1ea3o h\u00e0nh ch\u00ednh h\u00e3ng, giao h\u00e0ng t\u1eadn nh\u00e0 ch\u1ea5t l\u01b0\u1ee3ng gi\u00e1 r\u1ebb t\u1ed1t<br \/>\nWebsite:\u00a0<a href=\"https:\/\/maybommini.com\" target=\"_blank\" rel=\"noopener noreferrer\">https:\/\/maybommini.com<\/a><br \/>\nEmail: maybommini.com@gmail.com<br \/>\nFacebook:\u00a0<a href=\"https:\/\/www.facebook.com\/maybommini\/\" target=\"_blank\" rel=\"noopener noreferrer\">https:\/\/www.facebook.com\/maybommini<\/a><\/p>\n<h2 style=\"text-align: center\">Ph\u1ed1i b\u00e1n c\u00e1c lo\u1ea1i <a href=\"https:\/\/maybommini.com\/danh-muc\/phu-kien-bom-nuoc-mini\/van-dien-tu-solenoid-vavle\" target=\"_blank\" rel=\"noopener noreferrer\">van \u0111i\u1ec7n t\u1eeb Solenoi Valve<\/a><\/h2>\n","protected":false},"excerpt":{"rendered":"<p>Model:\u00a02W-160-15<br \/>\n\u0110i\u1ec7n th\u1ebf: 12V DC<br \/>\nRen n\u1ed1i \u1ed1ng: 21 mm<br \/>\nPhi \u0111\u01b0\u1eddng \u1ed1ng: 16 mm<br \/>\nNhi\u1ec7t \u0111\u1ed9 l\u00e0m vi\u1ec7c: -5 \u0111\u1ebfn 80 \u0111\u1ed9 C<br \/>\n\u00c1p l\u1ef1c ch\u1ecbu t\u1ea3i: 10 kgf\/cm2 (0 &#8211; 1.0 mpa)<br \/>\nDu\u0300ng nam ch\u00e2m \u0111i\u00ea\u0323n<br \/>\nVan \u0111i\u1ec7n: Th\u01b0\u1eddng \u0111\u00f3ng &#8211; M\u1edf khi c\u00f3 \u0111i\u1ec7n<br \/>\nCh\u1ea5t li\u1ec7u: \u0110\u1ed3ng &#8211; Th\u00e9p<br \/>\nK\u00edch th\u01b0\u1edbc: 64 * 20 * 90 mm<br \/>\nTr\u1ecdng l\u01b0\u1ee3ng: 0.6 kg<br \/>\nTi\u00eau chu\u1ea9n Ch\u00e2u \u00c2u : CE<br \/>\nHo\u1ea1t \u0111\u1ed9ng y\u00ean t\u0129nh.<br \/>\nTi\u1ebft ki\u1ec7m \u0111i\u1ec7n.<br \/>\nT\u00ecnh tr\u1ea1ng: H\u00e0ng m\u1edbi 100%<br \/>\nKh\u1eb3ng \u0111\u1ecbnh \u0111\u1ed9 an to\u00e0n, ch\u1ea5t l\u01b0\u1ee3ng s\u1ea3n ph\u1ea9m v\u1edbi ng\u01b0\u1eddi ti\u00eau dung.<br \/>\nB\u1ea3o h\u00e0ng: 3 th\u00e1ng<br \/>\nS\u1ea3n ph\u1ea9m nh\u1eadp kh\u1ea9u.<br \/>\nPh\u00e2n ph\u1ed1i:\u00a0<a href=\"https:\/\/maybomminimbm.vn\/\">M\u00e1y B\u01a1m Mini MBM<\/a><br \/>\nTel: 0907294310<\/p>\n","protected":false},"featured_media":259762,"comment_status":"open","ping_status":"closed","template":"","meta":[],"product_brand":[2227],"product_cat":[543,3156],"product_tag":[267,500,488,557,1249,545,874,2403,546,1250],"class_list":{"0":"post-259760","1":"product","2":"type-product","3":"status-publish","4":"has-post-thumbnail","6":"product_brand-mtm","7":"product_cat-van-dien-tu-solenoid-vavle","8":"product_cat-van-dien-tu-12v","9":"product_tag-12v","10":"product_tag-220v","11":"product_tag-24v","12":"product_tag-khoa-nuoc","13":"product_tag-solenoid-vale","14":"product_tag-van-dien","15":"product_tag-van-dien-tu","16":"product_tag-van-dien-tu-21mm","17":"product_tag-van-nuoc","18":"product_tag-van-thuongg-dong","20":"first","21":"instock","22":"sale","23":"shipping-taxable","24":"purchasable","25":"product-type-simple"},"_links":{"self":[{"href":"https:\/\/maybommini.vn\/index.php?rest_route=\/wp\/v2\/product\/259760","targetHints":{"allow":["GET"]}}],"collection":[{"href":"https:\/\/maybommini.vn\/index.php?rest_route=\/wp\/v2\/product"}],"about":[{"href":"https:\/\/maybommini.vn\/index.php?rest_route=\/wp\/v2\/types\/product"}],"replies":[{"embeddable":true,"href":"https:\/\/maybommini.vn\/index.php?rest_route=%2Fwp%2Fv2%2Fcomments&post=259760"}],"wp:featuredmedia":[{"embeddable":true,"href":"https:\/\/maybommini.vn\/index.php?rest_route=\/wp\/v2\/media\/259762"}],"wp:attachment":[{"href":"https:\/\/maybommini.vn\/index.php?rest_route=%2Fwp%2Fv2%2Fmedia&parent=259760"}],"wp:term":[{"taxonomy":"product_brand","embeddable":true,"href":"https:\/\/maybommini.vn\/index.php?rest_route=%2Fwp%2Fv2%2Fproduct_brand&post=259760"},{"taxonomy":"product_cat","embeddable":true,"href":"https:\/\/maybommini.vn\/index.php?rest_route=%2Fwp%2Fv2%2Fproduct_cat&post=259760"},{"taxonomy":"product_tag","embeddable":true,"href":"https:\/\/maybommini.vn\/index.php?rest_route=%2Fwp%2Fv2%2Fproduct_tag&post=259760"}],"curies":[{"name":"wp","href":"https:\/\/api.w.org\/{rel}","templated":true}]}}