{"id":259846,"date":"2018-08-13T02:35:58","date_gmt":"2018-08-12T19:35:58","guid":{"rendered":"https:\/\/maybommini.com\/?post_type=product&#038;p=259846"},"modified":"2025-07-28T14:09:43","modified_gmt":"2025-07-28T07:09:43","slug":"box-xit-rua-xe-mini-ap-luc-220v-80w","status":"publish","type":"product","link":"https:\/\/maybommini.vn\/?product=box-xit-rua-xe-mini-ap-luc-220v-80w","title":{"rendered":"Box x\u1ecbt r\u1eeda xe mini \u00e1p l\u1ef1c 220V 80W"},"content":{"rendered":"<h3><strong>B\u1ea1n c\u1ea7n t\u00ecm d\u1ee5ng c\u1ee5 \u0111\u1ec3 v\u1ec7 sinh r\u1eeda xe m\u00e1y xe oto gi\u00e1 r\u1ebb g\u1ecdn nh\u1eb9 ti\u1ec7n l\u1ee3i ti\u1ebft ki\u1ec7n th\u00ec Box x\u1ecbt r\u1eeda xe mini \u00e1p l\u1ef1c 220V 80W\u00a0l\u00e0 l\u1ef1a ch\u1ecdn h\u1ee3p l\u00fd v\u00ec \u0111\u01b0\u1ee3c t\u00edch h\u1ee3p m\u00e1y b\u01a1m \u00e1p l\u1ef1c v\u00e0 b\u1ed9 d\u1ee5ng c\u1ee5. Li\u00ean h\u1ec7 tr\u1ef1c ti\u1ebfp ch\u00fang t\u1ed1i ho\u1eb7c \u0111\u1eb7c h\u00e0ng online \u0111\u1ec3 \u0111\u01b0\u1ee3c t\u01b0 v\u1ea5n v\u00e0 c\u00f3 gi\u00e1 t\u1ed1t h\u01a1n giao h\u00e0ng t\u1eadn nh\u00e0 to\u00e0n qu\u1ed1c.<\/strong><\/h3>\n<p><a href=\"https:\/\/maybommini.com\/wp-content\/uploads\/2018\/08\/may-rua-xe-tuoi-cay-ve-sinh-may-lanh-220v-80w.jpg\" target=\"_blank\" rel=\"noopener\"><img decoding=\"async\" class=\"size-full wp-image-259858 aligncenter\" src=\"https:\/\/maybommini.com\/wp-content\/uploads\/2018\/08\/may-rua-xe-tuoi-cay-ve-sinh-may-lanh-220v-80w.jpg\" alt=\"May Rua Xe Tuoi Cay Ve Sinh May Lanh 220v 80w\" width=\"820\" height=\"820\" srcset=\"https:\/\/maybommini.vn\/wp-content\/uploads\/2018\/08\/may-rua-xe-tuoi-cay-ve-sinh-may-lanh-220v-80w.jpg 820w, https:\/\/maybommini.vn\/wp-content\/uploads\/2018\/08\/may-rua-xe-tuoi-cay-ve-sinh-may-lanh-220v-80w-300x300.jpg 300w, https:\/\/maybommini.vn\/wp-content\/uploads\/2018\/08\/may-rua-xe-tuoi-cay-ve-sinh-may-lanh-220v-80w-150x150.jpg 150w, https:\/\/maybommini.vn\/wp-content\/uploads\/2018\/08\/may-rua-xe-tuoi-cay-ve-sinh-may-lanh-220v-80w-600x600.jpg 600w\" sizes=\"(max-width: 820px) 100vw, 820px\" \/><\/a><\/p>\n<p><strong>TH\u00d4NG S\u00d4\u0301 KY\u0303 THU\u00c2\u0323T<\/strong><br \/>\nModel: BOX-RX-220V80W<br \/>\n\u0110i\u1ec7n th\u1ebf: 220V AC<br \/>\nC\u00f4ng su\u1ea5t: 80W<br \/>\nL\u01b0u l\u01b0\u1ee3ng: 6L<br \/>\n\u00c1p l\u1ef1c: 1.0 Mpa<br \/>\nAuto On Off<br \/>\nBox t\u00edch h\u1ee3p ti\u1ec7n l\u1ee3i.<br \/>\nT\u1ef1 h\u00fat n\u01b0\u1edbc.<br \/>\n1. M\u00e1y b\u01a1m \u00e1p l\u1ef1c 12V 80W Smartpumps<br \/>\n2. Ngu\u1ed3n 12V 10A<br \/>\n3. S\u00fang x\u1ecbt \u00e1p l\u1ef1c ch\u1ec9nh tia<br \/>\n4. \u1ed0ng ra 8mm 8 m\u00e9t<br \/>\n5. \u1ed0ng n\u01b0\u1edbc v\u00e0o 12mm 2 m\u00e9t<br \/>\n6.\u00a0D\u00e2y ngu\u1ed3n<br \/>\n7.\u00a0L\u1ecdc n\u01b0\u1edbc<br \/>\n8. H\u01b0\u1edbng d\u1ea9n s\u1eed d\u1ee5ng.<br \/>\nK\u00edch th\u01b0\u1edbc: 45 x 20 x 20 cm<br \/>\nTr\u1ecdng l\u01b0\u1ee3ng: 4.5 Kg<br \/>\n<strong>H\u00f4\u0309 tr\u01a1\u0323 ky\u0303 thu\u00e2\u0323t vi\u0303nh vi\u00ea\u0303n.<\/strong><br \/>\n<strong>B\u1ea3o h\u00e0nh: 6 th\u00e1ng<\/strong><br \/>\n<strong>Ph\u00e2n ph\u1ed1i: Maybommini.com<\/strong><br \/>\n<strong>Tel: 0907294310<\/strong><\/p>\n<p>&nbsp;<\/p>\n<p><a href=\"https:\/\/maybommini.com\/wp-content\/uploads\/2018\/08\/bo-rua-xe-ap-luc-220v-80w-op1.jpg\" target=\"_blank\" rel=\"noopener\"><img decoding=\"async\" class=\"size-full wp-image-259849 aligncenter\" src=\"https:\/\/maybommini.com\/wp-content\/uploads\/2018\/08\/bo-rua-xe-ap-luc-220v-80w-op1.jpg\" alt=\"Bo Rua Xe Ap Luc 220v 80w Op1\" width=\"820\" height=\"820\" srcset=\"https:\/\/maybommini.vn\/wp-content\/uploads\/2018\/08\/bo-rua-xe-ap-luc-220v-80w-op1.jpg 820w, https:\/\/maybommini.vn\/wp-content\/uploads\/2018\/08\/bo-rua-xe-ap-luc-220v-80w-op1-300x300.jpg 300w, https:\/\/maybommini.vn\/wp-content\/uploads\/2018\/08\/bo-rua-xe-ap-luc-220v-80w-op1-150x150.jpg 150w, https:\/\/maybommini.vn\/wp-content\/uploads\/2018\/08\/bo-rua-xe-ap-luc-220v-80w-op1-600x600.jpg 600w\" sizes=\"(max-width: 820px) 100vw, 820px\" \/><\/a> <a href=\"https:\/\/maybommini.com\/wp-content\/uploads\/2018\/08\/bo-phu-kien-rua-xe-tien-toi.jpg\" target=\"_blank\" rel=\"noopener\"><img decoding=\"async\" class=\"size-full wp-image-259848 aligncenter\" src=\"https:\/\/maybommini.com\/wp-content\/uploads\/2018\/08\/bo-phu-kien-rua-xe-tien-toi.jpg\" alt=\"Bo Phu Kien Rua Xe Tien Toi\" width=\"820\" height=\"820\" srcset=\"https:\/\/maybommini.vn\/wp-content\/uploads\/2018\/08\/bo-phu-kien-rua-xe-tien-toi.jpg 820w, https:\/\/maybommini.vn\/wp-content\/uploads\/2018\/08\/bo-phu-kien-rua-xe-tien-toi-300x300.jpg 300w, https:\/\/maybommini.vn\/wp-content\/uploads\/2018\/08\/bo-phu-kien-rua-xe-tien-toi-150x150.jpg 150w, https:\/\/maybommini.vn\/wp-content\/uploads\/2018\/08\/bo-phu-kien-rua-xe-tien-toi-600x600.jpg 600w\" sizes=\"(max-width: 820px) 100vw, 820px\" \/><\/a> <a href=\"https:\/\/maybommini.com\/wp-content\/uploads\/2018\/08\/box-xit-rua-xe-ap-luc-220v-80w.jpg\" target=\"_blank\" rel=\"noopener\"><img decoding=\"async\" class=\"size-full wp-image-259852 aligncenter\" src=\"https:\/\/maybommini.com\/wp-content\/uploads\/2018\/08\/box-xit-rua-xe-ap-luc-220v-80w.jpg\" alt=\"Box Xit Rua Xe Ap Luc 220v 80w\" width=\"820\" height=\"820\" srcset=\"https:\/\/maybommini.vn\/wp-content\/uploads\/2018\/08\/box-xit-rua-xe-ap-luc-220v-80w.jpg 820w, https:\/\/maybommini.vn\/wp-content\/uploads\/2018\/08\/box-xit-rua-xe-ap-luc-220v-80w-300x300.jpg 300w, https:\/\/maybommini.vn\/wp-content\/uploads\/2018\/08\/box-xit-rua-xe-ap-luc-220v-80w-150x150.jpg 150w, https:\/\/maybommini.vn\/wp-content\/uploads\/2018\/08\/box-xit-rua-xe-ap-luc-220v-80w-600x600.jpg 600w\" sizes=\"(max-width: 820px) 100vw, 820px\" \/><\/a> <a href=\"https:\/\/maybommini.com\/wp-content\/uploads\/2018\/08\/box-rua-xe-mini-tien-loi-80w.jpg\" target=\"_blank\" rel=\"noopener\"><img decoding=\"async\" class=\"size-full wp-image-259851 aligncenter\" src=\"https:\/\/maybommini.com\/wp-content\/uploads\/2018\/08\/box-rua-xe-mini-tien-loi-80w.jpg\" alt=\"Box Rua Xe Mini Tien Loi 80w\" width=\"820\" height=\"820\" srcset=\"https:\/\/maybommini.vn\/wp-content\/uploads\/2018\/08\/box-rua-xe-mini-tien-loi-80w.jpg 820w, https:\/\/maybommini.vn\/wp-content\/uploads\/2018\/08\/box-rua-xe-mini-tien-loi-80w-300x300.jpg 300w, https:\/\/maybommini.vn\/wp-content\/uploads\/2018\/08\/box-rua-xe-mini-tien-loi-80w-150x150.jpg 150w, https:\/\/maybommini.vn\/wp-content\/uploads\/2018\/08\/box-rua-xe-mini-tien-loi-80w-600x600.jpg 600w\" sizes=\"(max-width: 820px) 100vw, 820px\" \/><\/a> <a href=\"https:\/\/maybommini.com\/wp-content\/uploads\/2018\/08\/bo-rua-xe-mini-tien-loi-80w.jpg\" target=\"_blank\" rel=\"noopener\"><img decoding=\"async\" class=\"size-full wp-image-259850 aligncenter\" src=\"https:\/\/maybommini.com\/wp-content\/uploads\/2018\/08\/bo-rua-xe-mini-tien-loi-80w.jpg\" alt=\"Bo Rua Xe Mini Tien Loi 80w\" width=\"820\" height=\"820\" srcset=\"https:\/\/maybommini.vn\/wp-content\/uploads\/2018\/08\/bo-rua-xe-mini-tien-loi-80w.jpg 820w, https:\/\/maybommini.vn\/wp-content\/uploads\/2018\/08\/bo-rua-xe-mini-tien-loi-80w-300x300.jpg 300w, https:\/\/maybommini.vn\/wp-content\/uploads\/2018\/08\/bo-rua-xe-mini-tien-loi-80w-150x150.jpg 150w, https:\/\/maybommini.vn\/wp-content\/uploads\/2018\/08\/bo-rua-xe-mini-tien-loi-80w-600x600.jpg 600w\" sizes=\"(max-width: 820px) 100vw, 820px\" \/><\/a><\/p>\n<h3 style=\"text-align: center\">M\u00e1y r\u1eeda xe \u00e1p l\u1ef1c mini gi\u00e1 r\u1ebb ti\u1ec7n l\u1ee3i<\/h3>\n<p><strong>CA\u0301CH S\u01af\u0309 DU\u0323NG BOX XI\u0323T R\u01af\u0309A XE MINI<br \/>\n<\/strong>Box r\u1eeda xe mini \u0111\u01b0\u1ee3c l\u1eafp r\u00e1p t\u00edch h\u1ee3p trong 1 box ti\u1ec7n l\u1ee3i v\u00e0 r\u1ea5t d\u1ec3 s\u1eed d\u1ee5ng.<br \/>\nM\u00e1y b\u01a1m \u00e1p l\u1ef1c c\u00f3 trong box l\u00e0 lo\u1ea1i m\u00e1y 12V 80W Smartpumps do Maybommini.com ph\u00e2n ph\u1ed1i.<br \/>\nNgu\u1ed3n \u0111i\u1ec7n t\u00edch h\u1ee3p c\u1ed5ng 220V b\u1ea1n ch\u1ec9 vi\u1ec7c c\u1ea5m v\u00e0o l\u00e0 s\u1eed d\u1ee5ng.<br \/>\n\u1ed0ng n\u01b0\u1edbc v\u00e0o d\u00f9ng \u1ed1ng 12mm t\u00edch h\u1ee3p n\u1ed1i nhanh.<br \/>\n\u1ed0ng n\u01b0\u1edbc ra \u00e1p l\u1ef1c t\u00edch h\u1ee3p d\u00f9ng \u1ed1ng 8mm ch\u1ec9nh vi\u1ec7c c\u1ea5m v\u00e0o l\u00e0 d\u00f9ng.<br \/>\nBox t\u00edch h\u1ee3p c\u00f4ng t\u1eafc m\u1edf ngu\u1ed3n kim lu\u00f4n t\u0103ng gi\u00e3m \u00e1p l\u1ef1c m\u00e1y b\u01a1m n\u00ean r\u1ea5t t\u1ed1t khi b\u1ea1n c\u1ea7n t\u0103ng m\u1ea1nh ho\u1eb7c gi\u00e3m l\u1ef1c x\u1ecbt.<br \/>\nS\u00fang x\u1ecbt \u00e1p l\u1ef1c cao c\u1ea5p ch\u1ec9nh tia \u0111a n\u0103ng d\u00f9ng r\u1eeda xe, t\u01b0\u1edbi c\u00e2y, x\u1ecbt r\u1eeda \u00e1p l\u1ef1c.<\/p>\n<p>&nbsp;<\/p>\n<h3 style=\"text-align: center\">B\u1ed8 R\u1eecA XE MINI \u00c1P L\u1ef0C 220V<br \/>\n<a href=\"https:\/\/maybommini.com\/wp-content\/uploads\/2018\/08\/cach-su-dung-may-rua-xe-ap-luc-mini-220v-80w.jpg\" target=\"_blank\" rel=\"noopener\"><img decoding=\"async\" class=\"alignnone size-full wp-image-259854\" src=\"https:\/\/maybommini.com\/wp-content\/uploads\/2018\/08\/cach-su-dung-may-rua-xe-ap-luc-mini-220v-80w.jpg\" alt=\"Cach Su Dung May Rua Xe Ap Luc Mini 220v 80w\" width=\"820\" height=\"820\" srcset=\"https:\/\/maybommini.vn\/wp-content\/uploads\/2018\/08\/cach-su-dung-may-rua-xe-ap-luc-mini-220v-80w.jpg 820w, https:\/\/maybommini.vn\/wp-content\/uploads\/2018\/08\/cach-su-dung-may-rua-xe-ap-luc-mini-220v-80w-300x300.jpg 300w, https:\/\/maybommini.vn\/wp-content\/uploads\/2018\/08\/cach-su-dung-may-rua-xe-ap-luc-mini-220v-80w-150x150.jpg 150w, https:\/\/maybommini.vn\/wp-content\/uploads\/2018\/08\/cach-su-dung-may-rua-xe-ap-luc-mini-220v-80w-600x600.jpg 600w\" sizes=\"(max-width: 820px) 100vw, 820px\" \/><\/a><\/h3>\n<p><strong>S\u1eec D\u1ee4NG M\u00c1Y X\u1ecaT R\u1eecA \u00c1P L\u1ef0C<\/strong><br \/>\n&#8211; D\u00f9ng v\u1ec7 sinh \u0111i\u1ec1u ho\u00e0 gia \u0111\u00ecnh.<br \/>\n&#8211; D\u00f9ng x\u1ecbt r\u1eeda m\u00e1y l\u1ea1nh gia \u0111\u00ecnh ho\u1eb7c Cty v\u0103n ph\u00f2ng.<br \/>\n&#8211; D\u00f9ng cho nh\u00e2n vi\u00ean d\u1ecbch v\u1ee5 \u0111i\u1ec7n l\u1ea1nh chuy\u00ean nhi\u1ec7p.<br \/>\n&#8211; D\u00f9ng x\u1ecbt r\u1eeda m\u00e1y l\u1ea1nh, m\u00e1y l\u1ecdc kh\u00f4ng kh\u00ed.<br \/>\n&#8211; V\u1ec7 sinh m\u00e1y l\u1ea1nh cho Hotel kh\u00e1ch s\u1ea1n nh\u00e0 ngh\u1ec9.<br \/>\n&#8211; Ngo\u00e0i ra c\u00f3 th\u1ec3 d\u00f9ng nh\u01b0 m\u1ed9t m\u00e1y r\u1eeda xe gia \u0111\u00ecnh r\u1ea5t ti\u1ec7n d\u1ee5ng.<br \/>\n&#8211; D\u00f9ng phun t\u01b0\u1edbi c\u00e2y, phun thu\u1ed1c tr\u1eeb s\u00e2u.<br \/>\n&#8211; D\u00f9ng l\u00e0m phun s\u01b0\u01a1ng l\u00e0m m\u00e1t v\u1edbi s\u1ed1 l\u01b0\u1ee3ng b\u00e9c phun t\u1eeb 5 \u0111\u1ebfn 20 b\u00e9c phun s\u01b0\u01a1ng.<br \/>\n&#8211; X\u1ecbt r\u1eeda \u00d4to, xe m\u00e1y c\u00f3 th\u1ec3 d\u00f9ng n\u01b0\u1edbc x\u00e0 ph\u1ed3ng x\u1ecbt tr\u1ef1c ti\u1ebfp.<br \/>\n&#8211; X\u1ecbt r\u1eeda v\u1ec7 sinh nh\u00e0 c\u1eeda, chu\u1ed3ng tr\u1ea1i ch\u0103n nu\u00f4i.<br \/>\n&#8211; V\u00e0 \u1ee9ng d\u1ee5ng cho nhi\u1ec1u vi\u1ec7c kh\u00e1c nhau.<br \/>\n&#8211; D\u00f9ng phun x\u1ecbt thu\u1ed1c s\u00e2u, t\u01b0\u1edbi c\u00e2y v\u00e0 l\u00e0m v\u01b0\u1eddn.<\/p>\n<h3 style=\"text-align: center\"><strong><a href=\"https:\/\/maybommini.com\/wp-content\/uploads\/2018\/08\/may-rua-xe-tuoi-cay-ve-sinh-may-lanh-220v-80w.jpg\" target=\"_blank\" rel=\"noopener\"><img decoding=\"async\" class=\"alignnone size-full wp-image-259858\" src=\"https:\/\/maybommini.com\/wp-content\/uploads\/2018\/08\/may-rua-xe-tuoi-cay-ve-sinh-may-lanh-220v-80w.jpg\" alt=\"May Rua Xe Tuoi Cay Ve Sinh May Lanh 220v 80w\" width=\"820\" height=\"820\" srcset=\"https:\/\/maybommini.vn\/wp-content\/uploads\/2018\/08\/may-rua-xe-tuoi-cay-ve-sinh-may-lanh-220v-80w.jpg 820w, https:\/\/maybommini.vn\/wp-content\/uploads\/2018\/08\/may-rua-xe-tuoi-cay-ve-sinh-may-lanh-220v-80w-300x300.jpg 300w, https:\/\/maybommini.vn\/wp-content\/uploads\/2018\/08\/may-rua-xe-tuoi-cay-ve-sinh-may-lanh-220v-80w-150x150.jpg 150w, https:\/\/maybommini.vn\/wp-content\/uploads\/2018\/08\/may-rua-xe-tuoi-cay-ve-sinh-may-lanh-220v-80w-600x600.jpg 600w\" sizes=\"(max-width: 820px) 100vw, 820px\" \/><\/a> <a href=\"https:\/\/maybommini.com\/wp-content\/uploads\/2018\/08\/may-rua-xe-mini-220v-80w.jpg\" target=\"_blank\" rel=\"noopener\"><img decoding=\"async\" class=\"alignnone size-full wp-image-259857\" src=\"https:\/\/maybommini.com\/wp-content\/uploads\/2018\/08\/may-rua-xe-mini-220v-80w.jpg\" alt=\"May Rua Xe Mini 220v 80w\" width=\"820\" height=\"820\" srcset=\"https:\/\/maybommini.vn\/wp-content\/uploads\/2018\/08\/may-rua-xe-mini-220v-80w.jpg 820w, https:\/\/maybommini.vn\/wp-content\/uploads\/2018\/08\/may-rua-xe-mini-220v-80w-300x300.jpg 300w, https:\/\/maybommini.vn\/wp-content\/uploads\/2018\/08\/may-rua-xe-mini-220v-80w-150x150.jpg 150w, https:\/\/maybommini.vn\/wp-content\/uploads\/2018\/08\/may-rua-xe-mini-220v-80w-600x600.jpg 600w\" sizes=\"(max-width: 820px) 100vw, 820px\" \/><\/a><br \/>\nBOX XI\u0323T R\u01af\u0309A XE T\u01af\u1edaI C\u00c2Y V\u00ca\u0323 SINH MA\u0301Y LA\u0323NH<\/strong><\/h3>\n<p style=\"text-align: center\"><a href=\"https:\/\/maybommini.com\/wp-content\/uploads\/2018\/08\/ve-sinh-may-lanh-chuyen-nghiep-tien-loi-gia-re.jpg\" target=\"_blank\" rel=\"noopener\"><img decoding=\"async\" class=\"size-full wp-image-259822 aligncenter\" src=\"https:\/\/maybommini.com\/wp-content\/uploads\/2018\/08\/ve-sinh-may-lanh-chuyen-nghiep-tien-loi-gia-re.jpg\" alt=\"Ve Sinh May Lanh Chuyen Nghiep Tien Loi Gia Re\" width=\"820\" height=\"820\" srcset=\"https:\/\/maybommini.vn\/wp-content\/uploads\/2018\/08\/ve-sinh-may-lanh-chuyen-nghiep-tien-loi-gia-re.jpg 820w, https:\/\/maybommini.vn\/wp-content\/uploads\/2018\/08\/ve-sinh-may-lanh-chuyen-nghiep-tien-loi-gia-re-300x300.jpg 300w, https:\/\/maybommini.vn\/wp-content\/uploads\/2018\/08\/ve-sinh-may-lanh-chuyen-nghiep-tien-loi-gia-re-150x150.jpg 150w, https:\/\/maybommini.vn\/wp-content\/uploads\/2018\/08\/ve-sinh-may-lanh-chuyen-nghiep-tien-loi-gia-re-600x600.jpg 600w\" sizes=\"(max-width: 820px) 100vw, 820px\" \/><\/a><\/p>\n<p style=\"text-align: left\"><strong>BA\u0301N B\u00d4\u0323 X\u1ecaT R\u1eecA V\u00ca\u0323 SINH MA\u0301Y LA\u0323NH GIA \u0110I\u0300NH<\/strong><br \/>\nChu\u0301ng t\u00f4i chuy\u00ean ba\u0301n ca\u0301c loa\u0323i ma\u0301y b\u01a1m va\u0300 phu\u0323 ki\u00ea\u0323n du\u0300ng v\u00ea\u0323 sinh ma\u0301y la\u0323nh gia \u0111i\u0300nh va\u0300 v\u00ea\u0323 sinh ma\u0301y la\u0323nh di\u0323ch vu\u0323 tr\u00ean toa\u0300n qu\u00f4\u0301c v\u01a1\u0301i ch\u00e2\u0301t l\u01b0\u01a1\u0323ng cao uy ti\u0301n ba\u0309o ha\u0300nh toa\u0300n qu\u00f4\u0301c.<br \/>\n<strong>Website:<\/strong>\u00a0<a href=\"https:\/\/maybommini.com\" target=\"_blank\" rel=\"noopener\">https:\/\/maybommini.com<\/a><br \/>\n<strong>Email:<\/strong> maybommini.com@gmail.com<br \/>\n<strong>Tel:<\/strong> 0907294310<br \/>\n<a href=\"https:\/\/maybommini.com\/wp-content\/uploads\/2017\/10\/may-bom-mini-shop-ban-hang-uy-tin.jpg\" target=\"_blank\" rel=\"noopener\"><img decoding=\"async\" class=\"size-full wp-image-249726 aligncenter\" src=\"https:\/\/maybommini.com\/wp-content\/uploads\/2017\/10\/may-bom-mini-shop-ban-hang-uy-tin.jpg\" alt=\"May Bom Mini Shop Ban Hang Uy Tin\" width=\"570\" height=\"140\" srcset=\"https:\/\/maybommini.vn\/wp-content\/uploads\/2017\/10\/may-bom-mini-shop-ban-hang-uy-tin.jpg 570w, https:\/\/maybommini.vn\/wp-content\/uploads\/2017\/10\/may-bom-mini-shop-ban-hang-uy-tin-300x74.jpg 300w\" sizes=\"(max-width: 570px) 100vw, 570px\" \/><\/a><\/p>\n<h2 style=\"text-align: center\">Box x\u1ecbt r\u1eeda xe mini \u00e1p l\u1ef1c 220V 80W<\/h2>\n","protected":false},"excerpt":{"rendered":"<p>Model: BOX-RX-220V80W<br \/>\n\u0110i\u1ec7n th\u1ebf: 220V AC<br \/>\nC\u00f4ng su\u1ea5t: 80W<br \/>\nL\u01b0u l\u01b0\u1ee3ng: 6L<br \/>\n\u00c1p l\u1ef1c: 1.0 Mpa<br \/>\nAuto On Off<br \/>\nBox t\u00edch h\u1ee3p ti\u1ec7n l\u1ee3i.<br \/>\nT\u1ef1 h\u00fat n\u01b0\u1edbc.<br \/>\n1. M\u00e1y b\u01a1m \u00e1p l\u1ef1c 12V 80W Smartpumps<br \/>\n2. Ngu\u1ed3n 12V 10A<br \/>\n3. S\u00fang x\u1ecbt \u00e1p l\u1ef1c ch\u1ec9nh tia<br \/>\n4. \u1ed0ng ra 8mm 8 m\u00e9t<br \/>\n5. \u1ed0ng n\u01b0\u1edbc v\u00e0o 12mm 2 m\u00e9t<br \/>\n6.\u00a0D\u00e2y ngu\u1ed3n<br \/>\n7.\u00a0L\u1ecdc n\u01b0\u1edbc<br \/>\n8. H\u01b0\u1edbng d\u1ea9n s\u1eed d\u1ee5ng.<br \/>\nK\u00edch th\u01b0\u1edbc: 45 x 20 x 20 cm<br \/>\nTr\u1ecdng l\u01b0\u1ee3ng: 4.5 Kg<br \/>\n<strong>H\u00f4\u0309 tr\u01a1\u0323 ky\u0303 thu\u00e2\u0323t vi\u0303nh vi\u00ea\u0303n.<\/strong><br \/>\n<strong>B\u1ea3o h\u00e0nh: 6 th\u00e1ng<\/strong><br \/>\n<strong>Ph\u00e2n ph\u1ed1i: Maybommini.com<\/strong><br \/>\n<strong>Tel: 0907294310<\/strong><\/p>\n","protected":false},"featured_media":259858,"comment_status":"open","ping_status":"closed","template":"","meta":[],"product_brand":[2227,44],"product_cat":[293],"product_tag":[310,2418,284,2419,2412,2246,2341,2345,1479,2414,2343,2342,239,210,2340,1480,474,723,2344,316,1478,1481],"class_list":{"0":"post-259846","1":"product","2":"type-product","3":"status-publish","4":"has-post-thumbnail","6":"product_brand-mtm","7":"product_brand-smartpumps","8":"product_cat-bo-rua-xe-mini","9":"product_tag-12v-80w","10":"product_tag-220v-80w","11":"product_tag-bom-12v-80w","12":"product_tag-box","13":"product_tag-box-dung-cu","14":"product_tag-box-de-xe-may","15":"product_tag-box-ve-sinh-may-lanh","16":"product_tag-box-ve-sinh-may-lanh-chuyen-nghiep","17":"product_tag-chuyen-nghiep","18":"product_tag-dung-cu-rua-may-lanh","19":"product_tag-may-bom-mini-mbm","20":"product_tag-mtm","21":"product_tag-rua-may-lanh","22":"product_tag-rua-xe","23":"product_tag-thung-may-bom-ap-luc","24":"product_tag-tu-ve-sinh-lanh","25":"product_tag-tuoi-cay","26":"product_tag-ve-sinh","27":"product_tag-ve-sinh-dieu-hoa","28":"product_tag-ve-sinh-may-lanh","29":"product_tag-xit-ap-luc","30":"product_tag-xit-may-lanh","32":"first","33":"instock","34":"sale","35":"featured","36":"shipping-taxable","37":"purchasable","38":"product-type-simple"},"_links":{"self":[{"href":"https:\/\/maybommini.vn\/index.php?rest_route=\/wp\/v2\/product\/259846","targetHints":{"allow":["GET"]}}],"collection":[{"href":"https:\/\/maybommini.vn\/index.php?rest_route=\/wp\/v2\/product"}],"about":[{"href":"https:\/\/maybommini.vn\/index.php?rest_route=\/wp\/v2\/types\/product"}],"replies":[{"embeddable":true,"href":"https:\/\/maybommini.vn\/index.php?rest_route=%2Fwp%2Fv2%2Fcomments&post=259846"}],"wp:featuredmedia":[{"embeddable":true,"href":"https:\/\/maybommini.vn\/index.php?rest_route=\/wp\/v2\/media\/259858"}],"wp:attachment":[{"href":"https:\/\/maybommini.vn\/index.php?rest_route=%2Fwp%2Fv2%2Fmedia&parent=259846"}],"wp:term":[{"taxonomy":"product_brand","embeddable":true,"href":"https:\/\/maybommini.vn\/index.php?rest_route=%2Fwp%2Fv2%2Fproduct_brand&post=259846"},{"taxonomy":"product_cat","embeddable":true,"href":"https:\/\/maybommini.vn\/index.php?rest_route=%2Fwp%2Fv2%2Fproduct_cat&post=259846"},{"taxonomy":"product_tag","embeddable":true,"href":"https:\/\/maybommini.vn\/index.php?rest_route=%2Fwp%2Fv2%2Fproduct_tag&post=259846"}],"curies":[{"name":"wp","href":"https:\/\/api.w.org\/{rel}","templated":true}]}}