{"id":259860,"date":"2018-08-13T05:53:41","date_gmt":"2018-08-12T22:53:41","guid":{"rendered":"https:\/\/maybommini.com\/?post_type=product&#038;p=259860"},"modified":"2024-07-23T21:43:04","modified_gmt":"2024-07-23T14:43:04","slug":"may-phun-suong-chuyen-nghiep-220v-bsp-75-smartpumps","status":"publish","type":"product","link":"https:\/\/maybommini.vn\/?product=may-phun-suong-chuyen-nghiep-220v-bsp-75-smartpumps","title":{"rendered":"M\u00e1y phun s\u01b0\u01a1ng chuy\u00ean nghi\u1ec7p 220V BSP-75 Smartpumps"},"content":{"rendered":"<h3><strong>Chuy\u00ean ph\u00e2n ph\u1ed1i c\u00e1c lo\u1ea1i m\u00e1y phun s\u01b0\u01a1ng chuy\u00ean cho qu\u00e1n \u0103n qu\u00e1n cafe nh\u00e0 h\u00e0ng v\u00e0 gia \u0111\u00ecnh \u0111\u1ec3 l\u00e0m m\u00e1t t\u01b0\u1edbi c\u00e2y t\u1ef1 \u0111\u1ed9ng gi\u00e1 t\u1ed1t ch\u00ednh h\u00e3ng.\u00a0M\u00e1y phun s\u01b0\u01a1ng chuy\u00ean nghi\u1ec7p 220V BSP-75 Smartpumps l\u00e0 l\u1ef1a ch\u1ecdn ph\u00f9 h\u1ee3p v\u00ec ch\u1ea5t l\u01b0\u1ee3ng cao m\u00e0 gi\u00e1 r\u1ea5t t\u1ed1t d\u1ec3 s\u1eed d\u1ee5ng v\u00e0 l\u1eafp \u0111\u1eb7t \u0111\u01a1n gi\u1ea3n.<\/strong><\/h3>\n<p><a href=\"https:\/\/maybommini.com\/wp-content\/uploads\/2018\/08\/may-phun-suong-chhuyen-nghiep-smartpumps-BSP-75.jpg\" target=\"_blank\" rel=\"noopener\"><img decoding=\"async\" class=\"size-full wp-image-259863 aligncenter\" src=\"https:\/\/maybommini.com\/wp-content\/uploads\/2018\/08\/may-phun-suong-chhuyen-nghiep-smartpumps-BSP-75.jpg\" alt=\"May Phun Suong Chhuyen Nghiep Smartpumps BSP 75\" width=\"820\" height=\"820\" srcset=\"https:\/\/maybommini.vn\/wp-content\/uploads\/2018\/08\/may-phun-suong-chhuyen-nghiep-smartpumps-BSP-75.jpg 820w, https:\/\/maybommini.vn\/wp-content\/uploads\/2018\/08\/may-phun-suong-chhuyen-nghiep-smartpumps-BSP-75-300x300.jpg 300w, https:\/\/maybommini.vn\/wp-content\/uploads\/2018\/08\/may-phun-suong-chhuyen-nghiep-smartpumps-BSP-75-150x150.jpg 150w, https:\/\/maybommini.vn\/wp-content\/uploads\/2018\/08\/may-phun-suong-chhuyen-nghiep-smartpumps-BSP-75-600x600.jpg 600w\" sizes=\"(max-width: 820px) 100vw, 820px\" \/><\/a><\/p>\n<p><strong>TH\u00d4NG S\u1ed0 K\u1ef8 THU\u1eacT<\/strong><br \/>\nModel: BSP-75<br \/>\n\u0110i\u1ec7n th\u1ebf: 220V AC<br \/>\nC\u00f4ng su\u00e2\u0301t: 28W<br \/>\nLo\u1ea1i b\u01a1m \u00e1p l\u1ef1c SP-75 Smartpumps<br \/>\nA\u0301p l\u01b0\u0323c: 140 PSI<br \/>\nL\u01b0u l\u01b0\u1ee3ng: 1.9 L\/P<br \/>\nC\u00f4ng ngh\u00ea\u0323: Japan<br \/>\nT\u00edch h\u1ee3p: Van kho\u00e1 n\u01b0\u1edbc t\u1ef1 \u0111\u1ed9ng<br \/>\nN\u00fat \u0111i\u1ec1u ch\u1ec9nh \u00e1p l\u1ef1c.<br \/>\n\u1ed0ng n\u01b0\u1edbc v\u00e0o: 12mm<br \/>\n\u1ed0ng n\u01b0\u1edbc ra: 8mm<br \/>\nB\u00e9c phun t\u1ed1i \u0111a: 15 b\u00e9c<br \/>\nHo\u1ea1t \u0111\u1ed9ng li\u00ean t\u1ef1c 24\/24<br \/>\nKh\u00f4ng ti\u1ebfng \u1ed3n.<br \/>\nH\u01b0\u1edbng d\u1ea9n s\u1eed d\u1ee5ng<br \/>\nTr\u1ecdng l\u01b0\u1ee3ng: 3.3 Kg<br \/>\nK\u00edch th\u01b0\u1edbc: 20 x 16 x 30 cm<\/p>\n<p><a href=\"https:\/\/maybommini.com\/wp-content\/uploads\/2018\/08\/MAY-PHUN-SUONG-GIA-RE-CHUYEN-NGHIEP-QUAN-CAFE.jpg\" target=\"_blank\" rel=\"noopener\"><img decoding=\"async\" class=\"size-full wp-image-259864 aligncenter\" src=\"https:\/\/maybommini.com\/wp-content\/uploads\/2018\/08\/MAY-PHUN-SUONG-GIA-RE-CHUYEN-NGHIEP-QUAN-CAFE.jpg\" alt=\"MAY PHUN SUONG GIA RE CHUYEN NGHIEP QUAN CAFE\" width=\"820\" height=\"820\" srcset=\"https:\/\/maybommini.vn\/wp-content\/uploads\/2018\/08\/MAY-PHUN-SUONG-GIA-RE-CHUYEN-NGHIEP-QUAN-CAFE.jpg 820w, https:\/\/maybommini.vn\/wp-content\/uploads\/2018\/08\/MAY-PHUN-SUONG-GIA-RE-CHUYEN-NGHIEP-QUAN-CAFE-300x300.jpg 300w, https:\/\/maybommini.vn\/wp-content\/uploads\/2018\/08\/MAY-PHUN-SUONG-GIA-RE-CHUYEN-NGHIEP-QUAN-CAFE-150x150.jpg 150w, https:\/\/maybommini.vn\/wp-content\/uploads\/2018\/08\/MAY-PHUN-SUONG-GIA-RE-CHUYEN-NGHIEP-QUAN-CAFE-600x600.jpg 600w\" sizes=\"(max-width: 820px) 100vw, 820px\" \/><\/a> <a href=\"https:\/\/maybommini.com\/wp-content\/uploads\/2018\/08\/huong-dan-su-dung-may-phun-suong.jpg\" target=\"_blank\" rel=\"noopener\"><img decoding=\"async\" class=\"size-full wp-image-259861 aligncenter\" src=\"https:\/\/maybommini.com\/wp-content\/uploads\/2018\/08\/huong-dan-su-dung-may-phun-suong.jpg\" alt=\"Huong Dan Su Dung May Phun Suong\" width=\"820\" height=\"820\" srcset=\"https:\/\/maybommini.vn\/wp-content\/uploads\/2018\/08\/huong-dan-su-dung-may-phun-suong.jpg 820w, https:\/\/maybommini.vn\/wp-content\/uploads\/2018\/08\/huong-dan-su-dung-may-phun-suong-300x300.jpg 300w, https:\/\/maybommini.vn\/wp-content\/uploads\/2018\/08\/huong-dan-su-dung-may-phun-suong-150x150.jpg 150w, https:\/\/maybommini.vn\/wp-content\/uploads\/2018\/08\/huong-dan-su-dung-may-phun-suong-600x600.jpg 600w\" sizes=\"(max-width: 820px) 100vw, 820px\" \/><\/a><\/p>\n<p><strong>H\u01af\u1edaNG D\u1ea8N S\u1eec D\u1ee4NG M\u00c1Y PHUN S\u01af\u01a0NG CHUY\u00caN NGHI\u1ec6P<\/strong><br \/>\n&#8211; C\u1ea5m d\u00e2y ngu\u1ed3n v\u00e0o \u0111i\u1ec7n 220V AC c\u00f3 tr\u00ean m\u00e1y.<br \/>\n&#8211; L\u1eafp \u1ed1ng n\u01b0\u1edbc v\u00e0o 12mm b\u00ean d\u01b0\u1edbi v\u00e0o h\u1ec7 th\u1ed1ng c\u1ea5p n\u01b0\u1edbc qua b\u00ecnh l\u1ecdc n\u01b0\u1edbc phun s\u01b0\u01a1ng ho\u1eb7c b\u00ecnh l\u1ecdc n\u01b0\u1edbc RO.<br \/>\n&#8211; L\u1eafp \u1ed1ng n\u01b0\u1edbc ra 8mm b\u00ean d\u01b0\u1edbi v\u00e0o h\u1ec7 th\u1ed1ng b\u00e9c phun s\u01b0\u01a1ng, b\u00e9c phun t\u01b0\u1edbi c\u00e2y &#8230;<br \/>\n&#8211; B\u1eadt n\u00fat ngu\u1ed3n ON OFF \u0111\u1ec3 kh\u1edfi \u0111\u1ed9ng m\u00e1y.<br \/>\n&#8211; \u0110i\u1ec1u ch\u1ec9nh \u00e1p l\u1ef1c ph\u00f9 h\u1ee3p khi d\u00f9ng b\u00e9c phun \u00edt h\u01a1n 10 b\u00e9c \u0111\u1ec3 tr\u00e1nh d\u01b0 \u00e1p l\u1ef1c l\u00e0m h\u1ea1i m\u00e1y b\u01a1m v\u00e0 h\u01b0 \u0111\u01b0\u1eddng \u1ed1ng ra.<br \/>\n&#8211; T\u1eaft ngu\u1ed3n \u0111i\u1ec7n n\u1ebfu kh\u00f4ng d\u00f9ng trong th\u1eddi gian d\u00e0i.<br \/>\n&#8211; Tr\u00e1nh s\u1eed d\u1ee5ng n\u01b0\u1edbc nhi\u1ec5m b\u1ea9n, ho\u00e1 ch\u1ea5t&#8230;<br \/>\n&#8211; Kh\u00f4ng b\u1ea3o h\u00e0nh ngu\u1ed3n \u0111i\u1ec7n v\u00e0 ph\u1ee5 ki\u1ec7n.<br \/>\n&#8211; Kh\u00f4ng b\u1ea3o h\u00e0nh m\u00e1y b\u1ecb th\u00e1o r\u1eddi thay th\u1ebf, ch\u1ea5y n\u1ed5&#8230;<\/p>\n<p><a href=\"https:\/\/maybommini.com\/wp-content\/uploads\/2018\/08\/may-phun-suong-BSP-75.jpg\" target=\"_blank\" rel=\"noopener\"><img decoding=\"async\" class=\"size-full wp-image-259862 aligncenter\" src=\"https:\/\/maybommini.com\/wp-content\/uploads\/2018\/08\/may-phun-suong-BSP-75.jpg\" alt=\"May Phun Suong BSP 75\" width=\"820\" height=\"820\" srcset=\"https:\/\/maybommini.vn\/wp-content\/uploads\/2018\/08\/may-phun-suong-BSP-75.jpg 820w, https:\/\/maybommini.vn\/wp-content\/uploads\/2018\/08\/may-phun-suong-BSP-75-300x300.jpg 300w, https:\/\/maybommini.vn\/wp-content\/uploads\/2018\/08\/may-phun-suong-BSP-75-150x150.jpg 150w, https:\/\/maybommini.vn\/wp-content\/uploads\/2018\/08\/may-phun-suong-BSP-75-600x600.jpg 600w\" sizes=\"(max-width: 820px) 100vw, 820px\" \/><\/a><\/p>\n<p><strong>S\u1eec D\u1ee4NG M\u00c1Y PHUN S\u01af\u01a0NG<\/strong><br \/>\n&#8211; D\u00f9ng phun s\u01b0\u01a1ng l\u00e0m m\u00e1t qu\u00e1n c\u00e0 ph\u00ea.<br \/>\n&#8211; D\u00f9ng phun s\u01b0\u01a1ng l\u00e0m m\u00e1t t\u1ea1o \u1ea9m ng\u0103n b\u1ee5i cho gia \u0111\u00ecnh.<br \/>\n&#8211; D\u00f9ng phun s\u01b0\u01a1ng cho qu\u00e1n \u0103n, nh\u00e0 h\u00e0ng s\u00e2n v\u01b0\u1eddn.<br \/>\n&#8211; Phun s\u01b0\u01a1ng l\u00e0m m\u00e1t nh\u00e0 x\u01b0\u1edfng c\u00f4ng nghi\u1ec7p.<br \/>\n&#8211; Phun s\u01b0\u01a1ng gi\u00e3m kh\u00f3i b\u1ee5i cho c\u00f4ng tr\u01b0\u1eddng.<br \/>\n&#8211; Phun s\u01b0\u01a1ng t\u01b0\u1edbi c\u00e2y t\u1ef1 \u0111\u1ed9ng, phun s\u01b0\u1edbi lan.<br \/>\n&#8211; Phun t\u01b0\u1edbi b\u00f3n c\u00e2y trong nh\u00e0 k\u00edn, nh\u00e0 v\u01b0\u1eddn.<br \/>\n&#8211; Phun n\u01b0\u1edbc t\u01b0\u1edbi nh\u00e0 n\u1ea5m, nh\u00e0 v\u01b0\u1eddn&#8230;<br \/>\n&#8211; Phun s\u01b0\u01a1ng cho nh\u00e0 y\u1ebfn.<br \/>\nV\u00e0 d\u00f9ng nhi\u1ec1u trong c\u00e1c l\u0129nh v\u1ef1c kh\u00e1c.<\/p>\n<p><a href=\"https:\/\/maybommini.com\/wp-content\/uploads\/2018\/08\/phun-suong-gia-re-tien-loi.jpg\" target=\"_blank\" rel=\"noopener\"><img decoding=\"async\" class=\"size-full wp-image-259865 aligncenter\" src=\"https:\/\/maybommini.com\/wp-content\/uploads\/2018\/08\/phun-suong-gia-re-tien-loi.jpg\" alt=\"Phun Suong Gia Re Tien Loi\" width=\"820\" height=\"820\" srcset=\"https:\/\/maybommini.vn\/wp-content\/uploads\/2018\/08\/phun-suong-gia-re-tien-loi.jpg 820w, https:\/\/maybommini.vn\/wp-content\/uploads\/2018\/08\/phun-suong-gia-re-tien-loi-300x300.jpg 300w, https:\/\/maybommini.vn\/wp-content\/uploads\/2018\/08\/phun-suong-gia-re-tien-loi-150x150.jpg 150w, https:\/\/maybommini.vn\/wp-content\/uploads\/2018\/08\/phun-suong-gia-re-tien-loi-600x600.jpg 600w\" sizes=\"(max-width: 820px) 100vw, 820px\" \/><\/a><\/p>\n<h3 style=\"text-align: center;\">VIDEO M\u00c1Y PHUN S\u01af\u01a0NG CHUY\u00caN NGHI\u1ec6P<\/h3>\n<p style=\"text-align: center;\"><iframe width=\"560\" height=\"315\" frameborder=\"0\" src=\"https:\/\/www.youtube.com\/embed\/4O8810VWuYw\"><\/iframe><br \/>\n<iframe width=\"560\" height=\"315\" frameborder=\"0\" src=\"https:\/\/www.youtube.com\/embed\/NbxU6cDv85Q\"><\/iframe><br \/>\n<iframe width=\"560\" height=\"315\" frameborder=\"0\" src=\"https:\/\/www.youtube.com\/embed\/WW1kxLNO_Gc\"><\/iframe><\/p>\n<p><strong>B\u00c1N M\u00c1Y PHUN S\u01af\u01a0NG \u1ede \u0110\u00c2U ?<\/strong><br \/>\n<a href=\"https:\/\/maybommini.com\" target=\"_blank\" rel=\"noopener\">M\u00e1y B\u01a1m Mini<\/a> l\u00e0 nh\u00e0 cung c\u1ea5p c\u00e1c lo\u1ea1i m\u00e1y phun s\u01b0\u01a1ng, thi\u1ebft b\u1ecb phun t\u01b0\u1edbi, ph\u1ee5 ki\u1ec7n phun s\u01b0\u01a1ng, <a href=\"https:\/\/maybommini.com\/?category=&amp;s=b%C3%A9c+phun+s%C6%B0%C6%A1ng&amp;search_posttype=product\" target=\"_blank\" rel=\"noopener\">b\u00e9c phun s\u01b0\u01a1ng<\/a>, \u1ed1ng phun s\u01b0\u01a1ng, b\u00ecnh l\u1ecdc phun s\u01b0\u01a1ng, <a href=\"https:\/\/maybommini.com\/danh-muc\/he-thong-phun-suong\/may-phun-suong-mini\" target=\"_blank\" rel=\"noopener\">m\u00e1y b\u01a1m phun s\u01b0\u01a1ng<\/a>, h\u1eb9n gi\u1edd t\u1ef1 \u0111\u1ed9ng v\u00e0 nhi\u1ec1u thi\u1ebft b\u1ecb kh\u00e1c v\u1edbi gi\u00e1 t\u1ed1t ch\u1ea5t l\u01b0\u1ee3ng b\u1ea3o h\u00e0nh ch\u00ednh h\u00e3ng h\u1ed5 tr\u1ee3 k\u1ef9 thu\u1eadt v\u0129nh vi\u1ec5n.<\/p>\n<p><strong>Website:<\/strong>\u00a0https:\/\/maybommini.com<br \/>\n<strong>Email:<\/strong> maybommini.com@gmail.com<br \/>\n<strong>T\u01af V\u1ea4N K\u1ef8 THU\u1eacT<\/strong><br \/>\n<a href=\"tel:0908997823\">Mr Nh\u1ef1t \u2013\u00a00908997823<\/a><br \/>\n<a href=\"tel:0908997872\">Mr H\u1ea3i \u2013\u00a00908997872<\/a><br \/>\n<a href=\"tel:0907294310\">Mr Nh\u1ef1t \u2013\u00a00907294310<\/a><br \/>\n<strong>PH\u00d2NG B\u1ea2O H\u00c0NH &#8211;\u00a0<\/strong><a href=\"tel:02873030399\">02873030399<\/a><\/p>\n<h3 style=\"text-align: center;\"><strong>M\u00e1y phun s\u01b0\u01a1ng chuy\u00ean nghi\u1ec7p 220V BSP-75 Smartpumps<\/strong><\/h3>\n<p><a href=\"https:\/\/maybommini.com\/wp-content\/uploads\/2017\/10\/may-bom-mini-shop-ban-hang-uy-tin.jpg\" target=\"_blank\" rel=\"noopener\"><img decoding=\"async\" class=\"size-full wp-image-249726 aligncenter\" src=\"https:\/\/maybommini.com\/wp-content\/uploads\/2017\/10\/may-bom-mini-shop-ban-hang-uy-tin.jpg\" alt=\"May Bom Mini Shop Ban Hang Uy Tin\" width=\"570\" height=\"140\" srcset=\"https:\/\/maybommini.vn\/wp-content\/uploads\/2017\/10\/may-bom-mini-shop-ban-hang-uy-tin.jpg 570w, https:\/\/maybommini.vn\/wp-content\/uploads\/2017\/10\/may-bom-mini-shop-ban-hang-uy-tin-300x74.jpg 300w\" sizes=\"(max-width: 570px) 100vw, 570px\" \/><\/a><\/p>\n","protected":false},"excerpt":{"rendered":"<p>Model: BSP-75<br \/>\n\u0110i\u1ec7n th\u1ebf: 220V AC<br \/>\nC\u00f4ng su\u00e2\u0301t: 28W<br \/>\nLo\u1ea1i b\u01a1m \u00e1p l\u1ef1c SP-75 Smartpumps<br \/>\nA\u0301p l\u01b0\u0323c: 140 PSI<br \/>\nL\u01b0u l\u01b0\u1ee3ng: 1.9 L\/P<br \/>\nC\u00f4ng ngh\u00ea\u0323 Japan<br \/>\nT\u00edch h\u1ee3p Van kho\u00e1 n\u01b0\u1edbc t\u1ef1 \u0111\u1ed9ng<br \/>\nN\u00fat \u0111i\u1ec1u ch\u1ec9nh \u00e1p l\u1ef1c.<br \/>\n\u1ed0ng n\u01b0\u1edbc v\u00e0o: 12mm<br \/>\n\u1ed0ng n\u01b0\u1edbc ra: 8mm<br \/>\nHo\u1ea1t \u0111\u1ed9ng li\u00ean t\u1ef1c 24\/24<br \/>\nKh\u00f4ng ti\u1ebfng \u1ed3n.<br \/>\nH\u01b0\u1edbng d\u1ea9n s\u1eed d\u1ee5ng<br \/>\nTr\u1ecdng l\u01b0\u1ee3ng: 3.3 Kg<br \/>\nK\u00edch th\u01b0\u1edbc: 20 x 16 x 30 cm<br \/>\n<strong>H\u00f4\u0309 tr\u01a1\u0323 ky\u0303 thu\u00e2\u0323t vi\u0303nh vi\u00ea\u0303n.<\/strong><br \/>\n<strong>B\u1ea3o h\u00e0nh: 6 th\u00e1ng<\/strong><br \/>\n<strong>Ph\u00e2n ph\u1ed1i: Maybommini.com<\/strong><br \/>\n<strong>Tel: 0907294310<\/strong><\/p>\n","protected":false},"featured_media":259863,"comment_status":"open","ping_status":"closed","template":"","meta":[],"product_brand":[2227,44],"product_cat":[368],"product_tag":[361,2423,2425,1084,587,2421,1209,2422,886,2420,2424,474],"class_list":{"0":"post-259860","1":"product","2":"type-product","3":"status-publish","4":"has-post-thumbnail","6":"product_brand-mtm","7":"product_brand-smartpumps","8":"product_cat-may-phun-suong","9":"product_tag-may-phun-suong","10":"product_tag-may-phun-suong-bsp-75","11":"product_tag-may-phun-suong-gia-re","12":"product_tag-phun-suong-gia-dinh","13":"product_tag-phun-suong-lam-mat","14":"product_tag-phun-suong-ngan-bui","15":"product_tag-phun-suong-nha-hang","16":"product_tag-phun-suong-nha-xuong","17":"product_tag-phun-suong-quan-cafe","18":"product_tag-phun-suong-tuoi-cay","19":"product_tag-smartpumps-bsp-75","20":"product_tag-tuoi-cay","22":"first","23":"instock","24":"sale","25":"shipping-taxable","26":"purchasable","27":"product-type-simple"},"_links":{"self":[{"href":"https:\/\/maybommini.vn\/index.php?rest_route=\/wp\/v2\/product\/259860","targetHints":{"allow":["GET"]}}],"collection":[{"href":"https:\/\/maybommini.vn\/index.php?rest_route=\/wp\/v2\/product"}],"about":[{"href":"https:\/\/maybommini.vn\/index.php?rest_route=\/wp\/v2\/types\/product"}],"replies":[{"embeddable":true,"href":"https:\/\/maybommini.vn\/index.php?rest_route=%2Fwp%2Fv2%2Fcomments&post=259860"}],"wp:featuredmedia":[{"embeddable":true,"href":"https:\/\/maybommini.vn\/index.php?rest_route=\/wp\/v2\/media\/259863"}],"wp:attachment":[{"href":"https:\/\/maybommini.vn\/index.php?rest_route=%2Fwp%2Fv2%2Fmedia&parent=259860"}],"wp:term":[{"taxonomy":"product_brand","embeddable":true,"href":"https:\/\/maybommini.vn\/index.php?rest_route=%2Fwp%2Fv2%2Fproduct_brand&post=259860"},{"taxonomy":"product_cat","embeddable":true,"href":"https:\/\/maybommini.vn\/index.php?rest_route=%2Fwp%2Fv2%2Fproduct_cat&post=259860"},{"taxonomy":"product_tag","embeddable":true,"href":"https:\/\/maybommini.vn\/index.php?rest_route=%2Fwp%2Fv2%2Fproduct_tag&post=259860"}],"curies":[{"name":"wp","href":"https:\/\/api.w.org\/{rel}","templated":true}]}}