{"id":259910,"date":"2018-08-19T23:19:27","date_gmt":"2018-08-19T16:19:27","guid":{"rendered":"https:\/\/maybommini.com\/?post_type=product&#038;p=259910"},"modified":"2020-10-08T22:59:40","modified_gmt":"2020-10-08T15:59:40","slug":"may-bom-xang-dau-dong-co-oto-24v","status":"publish","type":"product","link":"https:\/\/maybommini.vn\/?product=may-bom-xang-dau-dong-co-oto-24v","title":{"rendered":"M\u00e1y b\u01a1m x\u0103ng d\u1ea7u \u0111\u1ed9ng c\u01a1 \u00f4t\u00f4 24V HEP-02A Smartpumps"},"content":{"rendered":"<p><strong><a href=\"https:\/\/maybommini.com\/danh-muc\/may-bom-xang-dau-nhot\" target=\"_blank\" rel=\"noopener noreferrer\">M\u00e1y b\u01a1m x\u0103ng d\u1ea7u<\/a> \u0111\u1ed9ng c\u01a1 \u00f4t\u00f4 24V HEP-02A Smartpumps ch\u00ednh h\u00e3ng chuy\u00ean d\u1ee5ng ch\u1ea5t l\u01b0\u1ee3ng cao. \u0110\u00e2y l\u00e0 lo\u1ea1i m\u00e1y b\u01a1m d\u00f9ng cho c\u00e1c lo\u1ea1i xe \u00f4t\u00f4 xe m\u00e1y s\u1eed d\u1ee5ng x\u0103ng d\u1ea7u diesel \u0111\u1ec3 b\u01a1m tr\u1ee3 l\u1ef1c l\u00ean \u0111\u1ed9ng c\u01a1 khi ho\u1ea1t \u0111\u1ed9ng.<\/strong><\/p>\n<p><strong><a href=\"https:\/\/maybommini.com\/wp-content\/uploads\/2018\/08\/May-bom-dong-co-xang-dau-24V-HEP-02A-Smartpumps.jpg\" target=\"_blank\" rel=\"noopener\"><img decoding=\"async\" class=\"size-full wp-image-267391 aligncenter\" src=\"https:\/\/maybommini.com\/wp-content\/uploads\/2018\/08\/May-bom-dong-co-xang-dau-24V-HEP-02A-Smartpumps.jpg\" alt=\"May Bom Dong Co Xang Dau 24V HEP 02A Smartpumps\" width=\"750\" height=\"750\" srcset=\"https:\/\/maybommini.vn\/wp-content\/uploads\/2018\/08\/May-bom-dong-co-xang-dau-24V-HEP-02A-Smartpumps.jpg 750w, https:\/\/maybommini.vn\/wp-content\/uploads\/2018\/08\/May-bom-dong-co-xang-dau-24V-HEP-02A-Smartpumps-300x300.jpg 300w, https:\/\/maybommini.vn\/wp-content\/uploads\/2018\/08\/May-bom-dong-co-xang-dau-24V-HEP-02A-Smartpumps-150x150.jpg 150w, https:\/\/maybommini.vn\/wp-content\/uploads\/2018\/08\/May-bom-dong-co-xang-dau-24V-HEP-02A-Smartpumps-600x600.jpg 600w\" sizes=\"(max-width: 750px) 100vw, 750px\" \/><\/a>TH\u00d4NG S\u1ed0 K\u1ef8 THU\u1eacT<\/strong><br \/>\nTh\u01b0\u01a1ng hi\u1ec7u: SMARTPUMPS<br \/>\nModel: HEP-02A<br \/>\n\u0110i\u1ec7n th\u1ebf: 24V DC<br \/>\nC\u00f4ng su\u1ea5t : 14W<br \/>\nL\u01b0u l\u01b0\u1ee3ng : 70 L\/h<br \/>\n\u00c1p l\u1ef1c: 3 &#8211; 7 PSI<br \/>\n\u1ed0ng ra v\u00e0o: 8mm<br \/>\nMotor l\u00f5i \u0111\u1ed3ng cao c\u1ea5p.<br \/>\nMotor tu\u1ed5i th\u1ecd cao si\u00eau b\u1ec1n.<br \/>\nM\u00e1y b\u01a1m kh\u00f4ng ch\u1ed5i than.<br \/>\nC\u00f4ng ngh\u1ec7 b\u01a1m vi t\u1eeb.<br \/>\nLo\u1ea1i m\u00e1y b\u01a1m nhi\u00ean li\u1ec7u.<br \/>\nCh\u1ea5t li\u1ec7u: \u0110\u1ed3ng &#8211; th\u00e9p<br \/>\nK\u00edch th\u01b0\u1edbc: 142 * 60 * 50 mm<br \/>\nTr\u1ecdng l\u01b0\u1ee3ng: 350 gam<\/p>\n<p><a href=\"https:\/\/maybommini.com\/wp-content\/uploads\/2018\/08\/Electric-Fuel-Pump-24V.jpg\" target=\"_blank\" rel=\"noopener\"><img decoding=\"async\" class=\"size-full wp-image-267397 aligncenter\" src=\"https:\/\/maybommini.com\/wp-content\/uploads\/2018\/08\/Electric-Fuel-Pump-24V.jpg\" alt=\"Electric Fuel Pump 24V\" width=\"750\" height=\"750\" srcset=\"https:\/\/maybommini.vn\/wp-content\/uploads\/2018\/08\/Electric-Fuel-Pump-24V.jpg 750w, https:\/\/maybommini.vn\/wp-content\/uploads\/2018\/08\/Electric-Fuel-Pump-24V-300x300.jpg 300w, https:\/\/maybommini.vn\/wp-content\/uploads\/2018\/08\/Electric-Fuel-Pump-24V-150x150.jpg 150w, https:\/\/maybommini.vn\/wp-content\/uploads\/2018\/08\/Electric-Fuel-Pump-24V-600x600.jpg 600w\" sizes=\"(max-width: 750px) 100vw, 750px\" \/><\/a><a href=\"https:\/\/maybommini.com\/wp-content\/uploads\/2018\/08\/May-bom-HEP-02A-24V.jpg\" target=\"_blank\" rel=\"noopener\"><img decoding=\"async\" class=\"size-full wp-image-267392 aligncenter\" src=\"https:\/\/maybommini.com\/wp-content\/uploads\/2018\/08\/May-bom-HEP-02A-24V.jpg\" alt=\"May Bom HEP 02A 24V\" width=\"750\" height=\"750\" srcset=\"https:\/\/maybommini.vn\/wp-content\/uploads\/2018\/08\/May-bom-HEP-02A-24V.jpg 750w, https:\/\/maybommini.vn\/wp-content\/uploads\/2018\/08\/May-bom-HEP-02A-24V-300x300.jpg 300w, https:\/\/maybommini.vn\/wp-content\/uploads\/2018\/08\/May-bom-HEP-02A-24V-150x150.jpg 150w, https:\/\/maybommini.vn\/wp-content\/uploads\/2018\/08\/May-bom-HEP-02A-24V-600x600.jpg 600w\" sizes=\"(max-width: 750px) 100vw, 750px\" \/><\/a><a href=\"https:\/\/maybommini.com\/wp-content\/uploads\/2018\/08\/bom-dong-co-xang-dau-24V-cao-cap.jpg\" target=\"_blank\" rel=\"noopener\"><img decoding=\"async\" class=\"size-full wp-image-267394 aligncenter\" src=\"https:\/\/maybommini.com\/wp-content\/uploads\/2018\/08\/bom-dong-co-xang-dau-24V-cao-cap.jpg\" alt=\"Bom Dong Co Xang Dau 24V Cao Cap\" width=\"750\" height=\"750\" srcset=\"https:\/\/maybommini.vn\/wp-content\/uploads\/2018\/08\/bom-dong-co-xang-dau-24V-cao-cap.jpg 750w, https:\/\/maybommini.vn\/wp-content\/uploads\/2018\/08\/bom-dong-co-xang-dau-24V-cao-cap-300x300.jpg 300w, https:\/\/maybommini.vn\/wp-content\/uploads\/2018\/08\/bom-dong-co-xang-dau-24V-cao-cap-150x150.jpg 150w, https:\/\/maybommini.vn\/wp-content\/uploads\/2018\/08\/bom-dong-co-xang-dau-24V-cao-cap-600x600.jpg 600w\" sizes=\"(max-width: 750px) 100vw, 750px\" \/><\/a><a href=\"https:\/\/maybommini.com\/wp-content\/uploads\/2018\/08\/bom-dong-co-xang-oto-24v.jpg\" target=\"_blank\" rel=\"noopener\"><img decoding=\"async\" class=\"size-full wp-image-267395 aligncenter\" src=\"https:\/\/maybommini.com\/wp-content\/uploads\/2018\/08\/bom-dong-co-xang-oto-24v.jpg\" alt=\"Bom Dong Co Xang Oto 24v\" width=\"750\" height=\"750\" srcset=\"https:\/\/maybommini.vn\/wp-content\/uploads\/2018\/08\/bom-dong-co-xang-oto-24v.jpg 750w, https:\/\/maybommini.vn\/wp-content\/uploads\/2018\/08\/bom-dong-co-xang-oto-24v-300x300.jpg 300w, https:\/\/maybommini.vn\/wp-content\/uploads\/2018\/08\/bom-dong-co-xang-oto-24v-150x150.jpg 150w, https:\/\/maybommini.vn\/wp-content\/uploads\/2018\/08\/bom-dong-co-xang-oto-24v-600x600.jpg 600w\" sizes=\"(max-width: 750px) 100vw, 750px\" \/><\/a><a href=\"https:\/\/maybommini.com\/wp-content\/uploads\/2018\/08\/Electric-Fuel-Pump-24V-HEP-02A-Smartpumps.jpg\" target=\"_blank\" rel=\"noopener\"><img decoding=\"async\" class=\"size-full wp-image-267388 aligncenter\" src=\"https:\/\/maybommini.com\/wp-content\/uploads\/2018\/08\/Electric-Fuel-Pump-24V-HEP-02A-Smartpumps.jpg\" alt=\"Electric Fuel Pump 24V HEP 02A Smartpumps\" width=\"750\" height=\"750\" srcset=\"https:\/\/maybommini.vn\/wp-content\/uploads\/2018\/08\/Electric-Fuel-Pump-24V-HEP-02A-Smartpumps.jpg 750w, https:\/\/maybommini.vn\/wp-content\/uploads\/2018\/08\/Electric-Fuel-Pump-24V-HEP-02A-Smartpumps-300x300.jpg 300w, https:\/\/maybommini.vn\/wp-content\/uploads\/2018\/08\/Electric-Fuel-Pump-24V-HEP-02A-Smartpumps-150x150.jpg 150w, https:\/\/maybommini.vn\/wp-content\/uploads\/2018\/08\/Electric-Fuel-Pump-24V-HEP-02A-Smartpumps-600x600.jpg 600w\" sizes=\"(max-width: 750px) 100vw, 750px\" \/><\/a><br \/>\n<strong>S\u1eec D\u1ee4NG M\u00c1Y B\u01a0M X\u0102NG D\u1ea6U XE \u00d4T\u00d4<\/strong><br \/>\n&#8211; D\u00f9ng b\u01a1m nhi\u00ean li\u1ec7u cho \u0111\u1ed9ng c\u01a1 \u00f4t\u00f4<br \/>\n&#8211; B\u01a1m nhi\u00ean li\u1ec7u \u0111\u1ed9ng c\u01a1 d\u1ea7u\u00a0diesel cho c\u00e1c lo\u1ea1i xe.<br \/>\n&#8211; M\u00e1y b\u01a1m x\u0103ng xe xe m\u00e1y c\u00e1c lo\u1ea1i.<br \/>\n&#8211; B\u01a1m tr\u1ee3 l\u1ef1c nhi\u00ean li\u1ec7u x\u0103ng d\u1ea7u l\u00ean \u0111\u1ed9ng c\u01a1.<br \/>\n&#8211; M\u00e1y b\u01a1m x\u0103ng chuy\u00ean d\u1ee5ng cho c\u00e1c lo\u1ea1i xe Oto tr\u00ean th\u1ecb tr\u01b0\u1eddng.<br \/>\n&#8211; B\u01a1m \u00e1p l\u1ef1c cho x\u0103ng d\u1ea7u xe.<br \/>\n<a href=\"https:\/\/maybommini.com\/wp-content\/uploads\/2018\/08\/Chuyen-ban-cac-loai-may-bom-nhien-lieu-dong-co-12v-24v.jpg\" target=\"_blank\" rel=\"noopener\"><img decoding=\"async\" class=\"size-full wp-image-267396 aligncenter\" src=\"https:\/\/maybommini.com\/wp-content\/uploads\/2018\/08\/Chuyen-ban-cac-loai-may-bom-nhien-lieu-dong-co-12v-24v.jpg\" alt=\"Chuyen Ban Cac Loai May Bom Nhien Lieu Dong Co 12v 24v\" width=\"750\" height=\"750\" srcset=\"https:\/\/maybommini.vn\/wp-content\/uploads\/2018\/08\/Chuyen-ban-cac-loai-may-bom-nhien-lieu-dong-co-12v-24v.jpg 750w, https:\/\/maybommini.vn\/wp-content\/uploads\/2018\/08\/Chuyen-ban-cac-loai-may-bom-nhien-lieu-dong-co-12v-24v-300x300.jpg 300w, https:\/\/maybommini.vn\/wp-content\/uploads\/2018\/08\/Chuyen-ban-cac-loai-may-bom-nhien-lieu-dong-co-12v-24v-150x150.jpg 150w, https:\/\/maybommini.vn\/wp-content\/uploads\/2018\/08\/Chuyen-ban-cac-loai-may-bom-nhien-lieu-dong-co-12v-24v-600x600.jpg 600w\" sizes=\"(max-width: 750px) 100vw, 750px\" \/><\/a><\/p>\n<p><strong><a href=\"https:\/\/maybommini.com\/wp-content\/uploads\/2018\/08\/phan-phoi-chinh-hang-may-bom-nhien-lieu-dong-co-xe.jpg\" target=\"_blank\" rel=\"noopener\"><img decoding=\"async\" class=\"size-full wp-image-267380 aligncenter\" src=\"https:\/\/maybommini.com\/wp-content\/uploads\/2018\/08\/phan-phoi-chinh-hang-may-bom-nhien-lieu-dong-co-xe.jpg\" alt=\"Phan Phoi Chinh Hang May Bom Nhien Lieu Dong Co Xe\" width=\"750\" height=\"750\" srcset=\"https:\/\/maybommini.vn\/wp-content\/uploads\/2018\/08\/phan-phoi-chinh-hang-may-bom-nhien-lieu-dong-co-xe.jpg 750w, https:\/\/maybommini.vn\/wp-content\/uploads\/2018\/08\/phan-phoi-chinh-hang-may-bom-nhien-lieu-dong-co-xe-300x300.jpg 300w, https:\/\/maybommini.vn\/wp-content\/uploads\/2018\/08\/phan-phoi-chinh-hang-may-bom-nhien-lieu-dong-co-xe-150x150.jpg 150w, https:\/\/maybommini.vn\/wp-content\/uploads\/2018\/08\/phan-phoi-chinh-hang-may-bom-nhien-lieu-dong-co-xe-600x600.jpg 600w\" sizes=\"(max-width: 750px) 100vw, 750px\" \/><\/a><a href=\"https:\/\/maybommini.com\/wp-content\/uploads\/2018\/08\/HEP-02A-Electric-Fuel-Pump-12v-24v-Low-Pressure-Bolt-Fixing-Wire-Diesel.jpg\" target=\"_blank\" rel=\"noopener\"><img decoding=\"async\" class=\"size-full wp-image-267389 aligncenter\" src=\"https:\/\/maybommini.com\/wp-content\/uploads\/2018\/08\/HEP-02A-Electric-Fuel-Pump-12v-24v-Low-Pressure-Bolt-Fixing-Wire-Diesel.jpg\" alt=\"HEP 02A Electric Fuel Pump 12v 24v Low Pressure Bolt Fixing Wire Diesel\" width=\"750\" height=\"750\" srcset=\"https:\/\/maybommini.vn\/wp-content\/uploads\/2018\/08\/HEP-02A-Electric-Fuel-Pump-12v-24v-Low-Pressure-Bolt-Fixing-Wire-Diesel.jpg 750w, https:\/\/maybommini.vn\/wp-content\/uploads\/2018\/08\/HEP-02A-Electric-Fuel-Pump-12v-24v-Low-Pressure-Bolt-Fixing-Wire-Diesel-300x300.jpg 300w, https:\/\/maybommini.vn\/wp-content\/uploads\/2018\/08\/HEP-02A-Electric-Fuel-Pump-12v-24v-Low-Pressure-Bolt-Fixing-Wire-Diesel-150x150.jpg 150w, https:\/\/maybommini.vn\/wp-content\/uploads\/2018\/08\/HEP-02A-Electric-Fuel-Pump-12v-24v-Low-Pressure-Bolt-Fixing-Wire-Diesel-600x600.jpg 600w\" sizes=\"(max-width: 750px) 100vw, 750px\" \/><\/a><a href=\"https:\/\/maybommini.com\/wp-content\/uploads\/2018\/08\/lap-dat-va-su-dung-may-bom-dong-co-xang-dau-12v-24v.jpg\" target=\"_blank\" rel=\"noopener\"><img decoding=\"async\" class=\"size-full wp-image-267390 aligncenter\" src=\"https:\/\/maybommini.com\/wp-content\/uploads\/2018\/08\/lap-dat-va-su-dung-may-bom-dong-co-xang-dau-12v-24v.jpg\" alt=\"Lap Dat Va Su Dung May Bom Dong Co Xang Dau 12v 24v\" width=\"750\" height=\"750\" srcset=\"https:\/\/maybommini.vn\/wp-content\/uploads\/2018\/08\/lap-dat-va-su-dung-may-bom-dong-co-xang-dau-12v-24v.jpg 750w, https:\/\/maybommini.vn\/wp-content\/uploads\/2018\/08\/lap-dat-va-su-dung-may-bom-dong-co-xang-dau-12v-24v-300x300.jpg 300w, https:\/\/maybommini.vn\/wp-content\/uploads\/2018\/08\/lap-dat-va-su-dung-may-bom-dong-co-xang-dau-12v-24v-150x150.jpg 150w, https:\/\/maybommini.vn\/wp-content\/uploads\/2018\/08\/lap-dat-va-su-dung-may-bom-dong-co-xang-dau-12v-24v-600x600.jpg 600w\" sizes=\"(max-width: 750px) 100vw, 750px\" \/><\/a><a href=\"https:\/\/maybommini.com\/wp-content\/uploads\/2018\/08\/su-dung-bom-tro-luc-xang-dau-dong-co-xe.jpg\" target=\"_blank\" rel=\"noopener\"><img decoding=\"async\" class=\"size-full wp-image-267393 aligncenter\" src=\"https:\/\/maybommini.com\/wp-content\/uploads\/2018\/08\/su-dung-bom-tro-luc-xang-dau-dong-co-xe.jpg\" alt=\"Su Dung Bom Tro Luc Xang Dau Dong Co Xe\" width=\"750\" height=\"750\" srcset=\"https:\/\/maybommini.vn\/wp-content\/uploads\/2018\/08\/su-dung-bom-tro-luc-xang-dau-dong-co-xe.jpg 750w, https:\/\/maybommini.vn\/wp-content\/uploads\/2018\/08\/su-dung-bom-tro-luc-xang-dau-dong-co-xe-300x300.jpg 300w, https:\/\/maybommini.vn\/wp-content\/uploads\/2018\/08\/su-dung-bom-tro-luc-xang-dau-dong-co-xe-150x150.jpg 150w, https:\/\/maybommini.vn\/wp-content\/uploads\/2018\/08\/su-dung-bom-tro-luc-xang-dau-dong-co-xe-600x600.jpg 600w\" sizes=\"(max-width: 750px) 100vw, 750px\" \/><\/a>MUA M\u00c1Y B\u01a0M X\u0102NG D\u1ea6U \u0110\u1ed8NG C\u01a0 XE \u1ede \u0110\u00c2U ?<\/strong><br \/>\n<a href=\"https:\/\/maybommini.com\/\" target=\"_blank\" rel=\"noopener noreferrer\"><strong>M\u00e1y B\u01a1m Mini MBM<\/strong><\/a> l\u00e0 nh\u00e0 cung c\u1ea5p h\u00e0ng \u0111\u1ea7u v\u1ec1 c\u00e1c lo\u1ea1i <a href=\"https:\/\/maybommini.com\/danh-muc\/may-bom-xang-dau-nhot\" target=\"_blank\" rel=\"noopener noreferrer\">m\u00e1y b\u01a1m x\u0103ng d\u1ea7u nh\u1edbt<\/a> chuy\u00ean nghi\u1ec7p ch\u00ednh h\u00e3ng gi\u00e1 t\u1ed1t b\u1ea3o h\u00e0nh l\u00e2u d\u00e0i v\u00e0 h\u1ed5 tr\u1ee3 k\u1ef9 thu\u1eadt v\u0129nh vi\u1ec5n t\u1ea1i Vi\u1ec7t Nam. Li\u00ean h\u1ec7 tr\u1ef1c ti\u1ebfp ch\u00fang t\u00f4i \u0111\u1ec3 c\u00f3 gi\u00e1 t\u1ed1t h\u01a1n v\u00e0 cung c\u1ea5p s\u1ec9 l\u1ebb.<br \/>\nTel: 0907294310 &#8211; 02873030399<br \/>\nEmail: maybommini.com@gmail.com<br \/>\nWebsite:\u00a0https:\/\/maybommini.com<\/p>\n<h3 style=\"text-align: center;\">Electric Fuel Pump 12V 24V<br \/>\n<a href=\"https:\/\/maybommini.com\/san-pham\/may-bom-xang-dau-dong-co-oto-12v\" target=\"_blank\" rel=\"noopener noreferrer\">M\u00e1y b\u01a1m x\u0103ng d\u1ea7u \u0111\u1ed9ng c\u01a1 \u00f4t\u00f4 12V HEP-02A Smartpumps<\/a><br \/>\n<a href=\"https:\/\/maybommini.com\/san-pham\/may-bom-xang-dau-dong-co-oto-24v\" target=\"_blank\" rel=\"noopener\">M\u00e1y b\u01a1m x\u0103ng d\u1ea7u \u0111\u1ed9ng c\u01a1 \u00f4t\u00f4 24V HEP-02A Smartpumps<\/a><\/h3>\n<h3><\/h3>\n<h3><strong>Chuy\u00ean b\u00e1n m\u00e1y b\u01a1m x\u0103ng d\u1ea7u \u0111\u1ed9ng c\u01a1 \u00f4t\u00f4 24V chuy\u00ean d\u1ee5ng ch\u1ea5t l\u01b0\u1ee3ng cao ch\u00ednh h\u00e3ng t\u1ea1i Vi\u1ec7t Nam. \u0110\u00e2y l\u00e0 lo\u1ea1i m\u00e1y b\u01a1m d\u00f9ng cho c\u00e1c lo\u1ea1i xe \u00f4t\u00f4 xe m\u00e1y d\u00f9ng x\u0103ng ho\u1eb7c d\u1ea7u diesel \u0111\u1ec3 b\u01a1m l\u00ean \u0111\u1ed9ng c\u01a1 khi ho\u1ea1t \u0111\u1ed9ng.<\/strong><\/h3>\n<p><a href=\"https:\/\/maybommini.com\/wp-content\/uploads\/2018\/08\/may-bom-xang-dau-dong-co-24v.jpg\" target=\"_blank\" rel=\"noopener\"><img decoding=\"async\" class=\"size-full wp-image-259904 aligncenter\" src=\"https:\/\/maybommini.com\/wp-content\/uploads\/2018\/08\/may-bom-xang-dau-dong-co-24v.jpg\" alt=\"May Bom Xang Dau Dong Co 24v\" width=\"820\" height=\"820\" srcset=\"https:\/\/maybommini.vn\/wp-content\/uploads\/2018\/08\/may-bom-xang-dau-dong-co-24v.jpg 820w, https:\/\/maybommini.vn\/wp-content\/uploads\/2018\/08\/may-bom-xang-dau-dong-co-24v-300x300.jpg 300w, https:\/\/maybommini.vn\/wp-content\/uploads\/2018\/08\/may-bom-xang-dau-dong-co-24v-150x150.jpg 150w, https:\/\/maybommini.vn\/wp-content\/uploads\/2018\/08\/may-bom-xang-dau-dong-co-24v-600x600.jpg 600w\" sizes=\"(max-width: 820px) 100vw, 820px\" \/><\/a><\/p>\n<p><a href=\"https:\/\/maybommini.com\/wp-content\/uploads\/2018\/08\/may-bom-xang-dau-mini-12v-24v-dc.jpg\" target=\"_blank\" rel=\"noopener\"><img decoding=\"async\" class=\"size-full wp-image-259907 aligncenter\" src=\"https:\/\/maybommini.com\/wp-content\/uploads\/2018\/08\/may-bom-xang-dau-mini-12v-24v-dc.jpg\" alt=\"May Bom Xang Dau Mini 12v 24v Dc\" width=\"820\" height=\"820\" srcset=\"https:\/\/maybommini.vn\/wp-content\/uploads\/2018\/08\/may-bom-xang-dau-mini-12v-24v-dc.jpg 820w, https:\/\/maybommini.vn\/wp-content\/uploads\/2018\/08\/may-bom-xang-dau-mini-12v-24v-dc-300x300.jpg 300w, https:\/\/maybommini.vn\/wp-content\/uploads\/2018\/08\/may-bom-xang-dau-mini-12v-24v-dc-150x150.jpg 150w, https:\/\/maybommini.vn\/wp-content\/uploads\/2018\/08\/may-bom-xang-dau-mini-12v-24v-dc-600x600.jpg 600w\" sizes=\"(max-width: 820px) 100vw, 820px\" \/><\/a> <a href=\"https:\/\/maybommini.com\/wp-content\/uploads\/2018\/08\/may-bom-xang-dau-dong-co-oto-12v24v.jpg\" target=\"_blank\" rel=\"noopener\"><img decoding=\"async\" class=\"size-full wp-image-259906 aligncenter\" src=\"https:\/\/maybommini.com\/wp-content\/uploads\/2018\/08\/may-bom-xang-dau-dong-co-oto-12v24v.jpg\" alt=\"May Bom Xang Dau Dong Co Oto 12v24v\" width=\"820\" height=\"820\" srcset=\"https:\/\/maybommini.vn\/wp-content\/uploads\/2018\/08\/may-bom-xang-dau-dong-co-oto-12v24v.jpg 820w, https:\/\/maybommini.vn\/wp-content\/uploads\/2018\/08\/may-bom-xang-dau-dong-co-oto-12v24v-300x300.jpg 300w, https:\/\/maybommini.vn\/wp-content\/uploads\/2018\/08\/may-bom-xang-dau-dong-co-oto-12v24v-150x150.jpg 150w, https:\/\/maybommini.vn\/wp-content\/uploads\/2018\/08\/may-bom-xang-dau-dong-co-oto-12v24v-600x600.jpg 600w, https:\/\/maybommini.vn\/wp-content\/uploads\/2018\/08\/may-bom-xang-dau-dong-co-oto-12v24v-768x768.jpg 768w\" sizes=\"(max-width: 820px) 100vw, 820px\" \/><\/a> <a href=\"https:\/\/maybommini.com\/wp-content\/uploads\/2018\/08\/chuyen-cung-cap-ban-may-bom-xang-dau-oto.jpg\" target=\"_blank\" rel=\"noopener\"><img decoding=\"async\" class=\"size-full wp-image-259899 aligncenter\" src=\"https:\/\/maybommini.com\/wp-content\/uploads\/2018\/08\/chuyen-cung-cap-ban-may-bom-xang-dau-oto.jpg\" alt=\"Chuyen Cung Cap Ban May Bom Xang Dau Oto\" width=\"820\" height=\"820\" srcset=\"https:\/\/maybommini.vn\/wp-content\/uploads\/2018\/08\/chuyen-cung-cap-ban-may-bom-xang-dau-oto.jpg 820w, https:\/\/maybommini.vn\/wp-content\/uploads\/2018\/08\/chuyen-cung-cap-ban-may-bom-xang-dau-oto-300x300.jpg 300w, https:\/\/maybommini.vn\/wp-content\/uploads\/2018\/08\/chuyen-cung-cap-ban-may-bom-xang-dau-oto-150x150.jpg 150w, https:\/\/maybommini.vn\/wp-content\/uploads\/2018\/08\/chuyen-cung-cap-ban-may-bom-xang-dau-oto-600x600.jpg 600w\" sizes=\"(max-width: 820px) 100vw, 820px\" \/><\/a> <a href=\"https:\/\/maybommini.com\/wp-content\/uploads\/2018\/08\/bom-ang-xau-dong-co-xe.jpg\" target=\"_blank\" rel=\"noopener\"><img decoding=\"async\" class=\"size-full wp-image-259896 aligncenter\" src=\"https:\/\/maybommini.com\/wp-content\/uploads\/2018\/08\/bom-ang-xau-dong-co-xe.jpg\" alt=\"Bom Ang Xau Dong Co Xe\" width=\"820\" height=\"820\" srcset=\"https:\/\/maybommini.vn\/wp-content\/uploads\/2018\/08\/bom-ang-xau-dong-co-xe.jpg 820w, https:\/\/maybommini.vn\/wp-content\/uploads\/2018\/08\/bom-ang-xau-dong-co-xe-300x300.jpg 300w, https:\/\/maybommini.vn\/wp-content\/uploads\/2018\/08\/bom-ang-xau-dong-co-xe-150x150.jpg 150w, https:\/\/maybommini.vn\/wp-content\/uploads\/2018\/08\/bom-ang-xau-dong-co-xe-600x600.jpg 600w, https:\/\/maybommini.vn\/wp-content\/uploads\/2018\/08\/bom-ang-xau-dong-co-xe-768x768.jpg 768w\" sizes=\"(max-width: 820px) 100vw, 820px\" \/><\/a> <a href=\"https:\/\/maybommini.com\/wp-content\/uploads\/2018\/08\/may-bom-dau-dong-co-12v-24v.jpg\" target=\"_blank\" rel=\"noopener\"><img decoding=\"async\" class=\"size-full wp-image-259902 aligncenter\" src=\"https:\/\/maybommini.com\/wp-content\/uploads\/2018\/08\/may-bom-dau-dong-co-12v-24v.jpg\" alt=\"May Bom Dau Dong Co 12v 24v\" width=\"820\" height=\"820\" srcset=\"https:\/\/maybommini.vn\/wp-content\/uploads\/2018\/08\/may-bom-dau-dong-co-12v-24v.jpg 820w, https:\/\/maybommini.vn\/wp-content\/uploads\/2018\/08\/may-bom-dau-dong-co-12v-24v-300x300.jpg 300w, https:\/\/maybommini.vn\/wp-content\/uploads\/2018\/08\/may-bom-dau-dong-co-12v-24v-150x150.jpg 150w, https:\/\/maybommini.vn\/wp-content\/uploads\/2018\/08\/may-bom-dau-dong-co-12v-24v-600x600.jpg 600w, https:\/\/maybommini.vn\/wp-content\/uploads\/2018\/08\/may-bom-dau-dong-co-12v-24v-768x768.jpg 768w\" sizes=\"(max-width: 820px) 100vw, 820px\" \/><\/a><br \/>\n<a href=\"https:\/\/maybommini.com\/wp-content\/uploads\/2018\/08\/su-dung-may-bom-xang-dau-dong-co-oto.jpg\" target=\"_blank\" rel=\"noopener\"><img decoding=\"async\" class=\"size-full wp-image-259909 aligncenter\" src=\"https:\/\/maybommini.com\/wp-content\/uploads\/2018\/08\/su-dung-may-bom-xang-dau-dong-co-oto.jpg\" alt=\"Su Dung May Bom Xang Dau Dong Co Oto\" width=\"820\" height=\"820\" srcset=\"https:\/\/maybommini.vn\/wp-content\/uploads\/2018\/08\/su-dung-may-bom-xang-dau-dong-co-oto.jpg 820w, https:\/\/maybommini.vn\/wp-content\/uploads\/2018\/08\/su-dung-may-bom-xang-dau-dong-co-oto-300x300.jpg 300w, https:\/\/maybommini.vn\/wp-content\/uploads\/2018\/08\/su-dung-may-bom-xang-dau-dong-co-oto-150x150.jpg 150w, https:\/\/maybommini.vn\/wp-content\/uploads\/2018\/08\/su-dung-may-bom-xang-dau-dong-co-oto-600x600.jpg 600w\" sizes=\"(max-width: 820px) 100vw, 820px\" \/><\/a><\/p>\n","protected":false},"excerpt":{"rendered":"<p>Th\u01b0\u01a1ng hi\u1ec7u: SMARTPUMPS<br \/>\nModel: HEP-02A<br \/>\n\u0110i\u1ec7n th\u1ebf: 24V DC<br \/>\nC\u00f4ng su\u1ea5t : 14W<br \/>\nL\u01b0u l\u01b0\u1ee3ng : 70 L\/h<br \/>\n\u00c1p l\u1ef1c: 3 &#8211; 7 PSI<br \/>\n\u1ed0ng ra v\u00e0o: 8mm<br \/>\nMotor l\u00f5i \u0111\u1ed3ng cao c\u1ea5p.<br \/>\nMotor tu\u1ed5i th\u1ecd cao si\u00eau b\u1ec1n.<br \/>\nM\u00e1y b\u01a1m kh\u00f4ng ch\u1ed5i than.<br \/>\nC\u00f4ng ngh\u1ec7 b\u01a1m vi t\u1eeb.<br \/>\nLo\u1ea1i m\u00e1y b\u01a1m nhi\u00ean li\u1ec7u.<br \/>\nCh\u1ea5t li\u1ec7u: \u0110\u1ed3ng &#8211; th\u00e9p<br \/>\nK\u00edch th\u01b0\u1edbc: 142 * 60 * 50 mm<br \/>\nTr\u1ecdng l\u01b0\u1ee3ng: 350 gam<br \/>\nTel Zalo: 0907294310 &#8211; 02873030399<\/p>\n","protected":false},"featured_media":267391,"comment_status":"open","ping_status":"closed","template":"","meta":[],"product_brand":[2227],"product_cat":[1118,383],"product_tag":[2429,387,2430,858,2428,206,570,523,2427,525,2426,527],"class_list":{"0":"post-259910","1":"product","2":"type-product","3":"status-publish","4":"has-post-thumbnail","6":"product_brand-mtm","7":"product_cat-may-bom-xang-dau-nhot-24v","8":"product_cat-may-bom-xang-dau-nhot","9":"product_tag-baom-xang-24v","10":"product_tag-bom-dau","11":"product_tag-bom-dau-24v","12":"product_tag-bom-xang","13":"product_tag-hep-02a","14":"product_tag-may-bom-12v","15":"product_tag-may-bom-24v","16":"product_tag-may-bom-dau","17":"product_tag-may-bom-dong-co","18":"product_tag-may-bom-nhien-lieu","19":"product_tag-may-bom-nhien-lieu-dong-co","20":"product_tag-may-bom-xang","22":"first","23":"instock","24":"shipping-taxable","25":"purchasable","26":"product-type-simple"},"_links":{"self":[{"href":"https:\/\/maybommini.vn\/index.php?rest_route=\/wp\/v2\/product\/259910","targetHints":{"allow":["GET"]}}],"collection":[{"href":"https:\/\/maybommini.vn\/index.php?rest_route=\/wp\/v2\/product"}],"about":[{"href":"https:\/\/maybommini.vn\/index.php?rest_route=\/wp\/v2\/types\/product"}],"replies":[{"embeddable":true,"href":"https:\/\/maybommini.vn\/index.php?rest_route=%2Fwp%2Fv2%2Fcomments&post=259910"}],"wp:featuredmedia":[{"embeddable":true,"href":"https:\/\/maybommini.vn\/index.php?rest_route=\/wp\/v2\/media\/267391"}],"wp:attachment":[{"href":"https:\/\/maybommini.vn\/index.php?rest_route=%2Fwp%2Fv2%2Fmedia&parent=259910"}],"wp:term":[{"taxonomy":"product_brand","embeddable":true,"href":"https:\/\/maybommini.vn\/index.php?rest_route=%2Fwp%2Fv2%2Fproduct_brand&post=259910"},{"taxonomy":"product_cat","embeddable":true,"href":"https:\/\/maybommini.vn\/index.php?rest_route=%2Fwp%2Fv2%2Fproduct_cat&post=259910"},{"taxonomy":"product_tag","embeddable":true,"href":"https:\/\/maybommini.vn\/index.php?rest_route=%2Fwp%2Fv2%2Fproduct_tag&post=259910"}],"curies":[{"name":"wp","href":"https:\/\/api.w.org\/{rel}","templated":true}]}}