{"id":259911,"date":"2018-08-19T23:52:24","date_gmt":"2018-08-19T16:52:24","guid":{"rendered":"https:\/\/maybommini.com\/?post_type=product&#038;p=259911"},"modified":"2022-10-21T17:10:28","modified_gmt":"2022-10-21T10:10:28","slug":"loc-nuoc-may-bom-mini-12mm-inox","status":"publish","type":"product","link":"https:\/\/maybommini.vn\/?product=loc-nuoc-may-bom-mini-12mm-inox","title":{"rendered":"L\u1ecdc n\u01b0\u1edbc m\u00e1y b\u01a1m mini 12mm inox"},"content":{"rendered":"<h3><strong>Chuy\u00ean b\u00e1n c\u00e1c lo\u1ea1i l\u1ecdc n\u01b0\u1edbc d\u00f9ng cho m\u00e1y b\u01a1m mini m\u00e1y r\u1eeda xe m\u00e1y b\u01a1m \u00e1p l\u1ef1c. \u0110\u00e2y l\u00e0 lo\u1ea1i l\u1ecdc r\u00e1c c\u1eb7n b\u1ea9n b\u1ea3o v\u1ec7 m\u00e1y b\u01a1m ho\u1ea1t \u0111\u1ed9ng t\u1ed1t h\u01a1n khi s\u1eed d\u1ee5ng tr\u00e1nh b\u1ecb c\u00e1c l\u1ed5i th\u01b0\u1eddng g\u1eb7p b\u01a1m n\u01b0\u1edbc nh\u01b0 kh\u00f4ng t\u1ef1 h\u00fat, m\u00e1y b\u1ecb h\u01b0 \u0111\u1ea7u b\u01a1m v\u00e0 c\u00e1c l\u1ed5i kh\u00e1c.<\/strong><\/h3>\n<p><a href=\"https:\/\/maybommini.com\/wp-content\/uploads\/2018\/08\/loc-nuoc-inox-may-bom.jpg\" target=\"_blank\" rel=\"noopener\"><img decoding=\"async\" class=\"size-full wp-image-259916 aligncenter\" src=\"https:\/\/maybommini.com\/wp-content\/uploads\/2018\/08\/loc-nuoc-inox-may-bom.jpg\" alt=\"Loc Nuoc Inox May Bom\" width=\"820\" height=\"820\" srcset=\"https:\/\/maybommini.vn\/wp-content\/uploads\/2018\/08\/loc-nuoc-inox-may-bom.jpg 820w, https:\/\/maybommini.vn\/wp-content\/uploads\/2018\/08\/loc-nuoc-inox-may-bom-300x300.jpg 300w, https:\/\/maybommini.vn\/wp-content\/uploads\/2018\/08\/loc-nuoc-inox-may-bom-150x150.jpg 150w, https:\/\/maybommini.vn\/wp-content\/uploads\/2018\/08\/loc-nuoc-inox-may-bom-600x600.jpg 600w\" sizes=\"(max-width: 820px) 100vw, 820px\" \/><\/a><\/p>\n<p><strong>TH\u00d4NG S\u1ed0 K\u1ef8 THU\u1eacT<\/strong><br \/>\nModel: LOC-INOX-12MM<br \/>\nCh\u1ea5t li\u1ec7u : Inox &#8211; Nh\u1ef1a ABS<br \/>\n\u0110\u1ea7u g\u1eafn \u1ed1ng: 12mm<br \/>\n\u0110\u01b0\u1eddng k\u00ednh l\u1ecdc: 30mm<br \/>\nChi\u1ec1u d\u00e0i: 40mm<br \/>\nL\u1ed5 l\u1ecdc: 1mm<br \/>\nTr\u1ecdng l\u01b0\u1ee3ng: 8g<\/p>\n<p><a href=\"https:\/\/maybommini.com\/wp-content\/uploads\/2018\/08\/kich-thuoc-loc-nuoc-inox-mini.jpg\" target=\"_blank\" rel=\"noopener\"><img decoding=\"async\" class=\"size-full wp-image-259914 aligncenter\" src=\"https:\/\/maybommini.com\/wp-content\/uploads\/2018\/08\/kich-thuoc-loc-nuoc-inox-mini.jpg\" alt=\"Kich Thuoc Loc Nuoc Inox Mini\" width=\"820\" height=\"820\" srcset=\"https:\/\/maybommini.vn\/wp-content\/uploads\/2018\/08\/kich-thuoc-loc-nuoc-inox-mini.jpg 820w, https:\/\/maybommini.vn\/wp-content\/uploads\/2018\/08\/kich-thuoc-loc-nuoc-inox-mini-300x300.jpg 300w, https:\/\/maybommini.vn\/wp-content\/uploads\/2018\/08\/kich-thuoc-loc-nuoc-inox-mini-150x150.jpg 150w, https:\/\/maybommini.vn\/wp-content\/uploads\/2018\/08\/kich-thuoc-loc-nuoc-inox-mini-600x600.jpg 600w\" sizes=\"(max-width: 820px) 100vw, 820px\" \/><\/a> <a href=\"https:\/\/maybommini.com\/wp-content\/uploads\/2018\/08\/loc-rac-may-bom-nuoc-mini.jpg\" target=\"_blank\" rel=\"noopener\"><img decoding=\"async\" class=\"size-full wp-image-259917 aligncenter\" src=\"https:\/\/maybommini.com\/wp-content\/uploads\/2018\/08\/loc-rac-may-bom-nuoc-mini.jpg\" alt=\"Loc Rac May Bom Nuoc Mini\" width=\"820\" height=\"820\" srcset=\"https:\/\/maybommini.vn\/wp-content\/uploads\/2018\/08\/loc-rac-may-bom-nuoc-mini.jpg 820w, https:\/\/maybommini.vn\/wp-content\/uploads\/2018\/08\/loc-rac-may-bom-nuoc-mini-300x300.jpg 300w, https:\/\/maybommini.vn\/wp-content\/uploads\/2018\/08\/loc-rac-may-bom-nuoc-mini-150x150.jpg 150w, https:\/\/maybommini.vn\/wp-content\/uploads\/2018\/08\/loc-rac-may-bom-nuoc-mini-600x600.jpg 600w\" sizes=\"(max-width: 820px) 100vw, 820px\" \/><\/a> <a href=\"https:\/\/maybommini.com\/wp-content\/uploads\/2018\/08\/phu-kien-may-bom-mini.jpg\" target=\"_blank\" rel=\"noopener\"><img decoding=\"async\" class=\"size-full wp-image-259918 aligncenter\" src=\"https:\/\/maybommini.com\/wp-content\/uploads\/2018\/08\/phu-kien-may-bom-mini.jpg\" alt=\"Phu Kien May Bom Mini\" width=\"820\" height=\"820\" srcset=\"https:\/\/maybommini.vn\/wp-content\/uploads\/2018\/08\/phu-kien-may-bom-mini.jpg 820w, https:\/\/maybommini.vn\/wp-content\/uploads\/2018\/08\/phu-kien-may-bom-mini-300x300.jpg 300w, https:\/\/maybommini.vn\/wp-content\/uploads\/2018\/08\/phu-kien-may-bom-mini-150x150.jpg 150w, https:\/\/maybommini.vn\/wp-content\/uploads\/2018\/08\/phu-kien-may-bom-mini-600x600.jpg 600w\" sizes=\"(max-width: 820px) 100vw, 820px\" \/><\/a><strong>S\u1eec D\u1ee4NG L\u1eccC N\u01af\u1edaC CHO M\u00c1Y B\u01a0M<\/strong><br \/>\n&#8211; S\u1eed d\u1ee5ng l\u1ecdc n\u01b0\u1edbc \u0111\u1ea7u v\u00e0o m\u00e1y b\u01a1m mini.<br \/>\n&#8211; D\u00f9ng l\u1ecdc r\u00e1c m\u00e1y r\u1eeda xe c\u00e1c lo\u1ea1i.<br \/>\n&#8211; D\u00f9ng l\u1ecdc phun thu\u1ed1c s\u00e2u.<br \/>\n&#8211; L\u1ecdc h\u1ec7 th\u1ed1ng b\u01a1m c\u1ea5p n\u01b0\u1edbc.<br \/>\n&#8211; D\u00f9ng l\u1ecdc d\u1ea7u nh\u1edbt c\u00e1c lo\u1ea1i.<br \/>\n&#8211; L\u1ecdc c\u1eb7n b\u1ea9n \u0111\u1ea7u v\u00e0o m\u00e1y b\u01a1m \u00e1p l\u1ef1c.<br \/>\n&#8211; L\u1ecdc m\u00e1y r\u1eeda xe \u00e1p l\u1ef1c cao.<\/p>\n<p><a href=\"https:\/\/maybommini.com\/wp-content\/uploads\/2018\/08\/ban-loc-nuoc-cho-may-bom-mini.jpg\" target=\"_blank\" rel=\"noopener\"><img decoding=\"async\" class=\"size-full wp-image-259912 aligncenter\" src=\"https:\/\/maybommini.com\/wp-content\/uploads\/2018\/08\/ban-loc-nuoc-cho-may-bom-mini.jpg\" alt=\"Ban Loc Nuoc Cho May Bom Mini\" width=\"820\" height=\"820\" srcset=\"https:\/\/maybommini.vn\/wp-content\/uploads\/2018\/08\/ban-loc-nuoc-cho-may-bom-mini.jpg 820w, https:\/\/maybommini.vn\/wp-content\/uploads\/2018\/08\/ban-loc-nuoc-cho-may-bom-mini-300x300.jpg 300w, https:\/\/maybommini.vn\/wp-content\/uploads\/2018\/08\/ban-loc-nuoc-cho-may-bom-mini-150x150.jpg 150w, https:\/\/maybommini.vn\/wp-content\/uploads\/2018\/08\/ban-loc-nuoc-cho-may-bom-mini-600x600.jpg 600w\" sizes=\"(max-width: 820px) 100vw, 820px\" \/><\/a><strong>T\u1ea0I SAO N\u00caN D\u00d9NG L\u1eccC N\u01af\u1edaC M\u00c1Y B\u01a0M<\/strong><br \/>\n&#8211; M\u00e1y b\u01a1m d\u00f9ng b\u01a1m n\u01b0\u1edbc th\u01b0\u1eddng c\u00f3 nh\u1eefng c\u1eb7n b\u1ea9n t\u1ea1p ch\u1ea5t khi b\u01a1m v\u00e0o \u0111\u1ea7u b\u01a1m l\u00e0m k\u1eb9t, h\u01b0 h\u1ea1i, kh\u00f4ng h\u00fat \u0111\u01b0\u1ee3c khi b\u01a1m v\u1eady c\u00e1ch t\u1ed1t nh\u1ea5t \u0111\u1ec3 m\u00e1y b\u01a1m ho\u1ea1t \u0111\u1ed9ng ho\u00e0n h\u1ea3o b\u1ea1n n\u00ean d\u00f9ng th\u00eam l\u1ecdc n\u01b0\u1edbc \u1edf \u0111\u1ea7u n\u01b0\u1edbc v\u00e0o nh\u01b0 v\u1eady m\u00e1y b\u01a1m s\u1ebb ho\u1ea1t \u0111\u1ed9ng t\u1ed1t h\u01a1n.<\/p>\n<p><a href=\"https:\/\/maybommini.com\/wp-content\/uploads\/2018\/08\/dau-loc-nuoc-may-bom-mini-rua-xe.jpg\" target=\"_blank\" rel=\"noopener\"><img decoding=\"async\" class=\"size-full wp-image-259913 aligncenter\" src=\"https:\/\/maybommini.com\/wp-content\/uploads\/2018\/08\/dau-loc-nuoc-may-bom-mini-rua-xe.jpg\" alt=\"Dau Loc Nuoc May Bom Mini Rua Xe\" width=\"820\" height=\"820\" srcset=\"https:\/\/maybommini.vn\/wp-content\/uploads\/2018\/08\/dau-loc-nuoc-may-bom-mini-rua-xe.jpg 820w, https:\/\/maybommini.vn\/wp-content\/uploads\/2018\/08\/dau-loc-nuoc-may-bom-mini-rua-xe-300x300.jpg 300w, https:\/\/maybommini.vn\/wp-content\/uploads\/2018\/08\/dau-loc-nuoc-may-bom-mini-rua-xe-150x150.jpg 150w, https:\/\/maybommini.vn\/wp-content\/uploads\/2018\/08\/dau-loc-nuoc-may-bom-mini-rua-xe-600x600.jpg 600w, https:\/\/maybommini.vn\/wp-content\/uploads\/2018\/08\/dau-loc-nuoc-may-bom-mini-rua-xe-768x768.jpg 768w\" sizes=\"(max-width: 820px) 100vw, 820px\" \/><\/a><\/p>\n<p><strong>MUA L\u1eccC MINI M\u00c1Y B\u01a0M N\u01af\u1edaC M\u00c1Y B\u01a0M \u1ede \u0110\u00c2U ?<\/strong><br \/>\n<a href=\"https:\/\/maybomminimbm.vn\/\" target=\"_blank\" rel=\"noopener\">M\u00e1y B\u01a1m Mini MBM<\/a> l\u00e0 ph\u00e2n ph\u1ed1i c\u00e1c lo\u1ea1i m\u00e1y b\u01a1m, l\u1ecdc n\u01b0\u1edbc RO, l\u1ecdc r\u00e1c, l\u1ecdc n\u01b0\u1edbc mini, l\u1ecdc x\u0103ng d\u1ea7u nh\u1edbt ch\u00ednh h\u00e3ng gi\u00e1 t\u1ed1t giao h\u00e0ng to\u00e0n qu\u1ed1c t\u1eadn nh\u00e0.<br \/>\n<strong>Tel:<\/strong>\u00a00907294310 \u2013 02873030399<br \/>\n<strong>Email:<\/strong>\u00a0maybommini.com@gmail.com<br \/>\n<strong>Website:<\/strong>\u00a0https:\/\/maybommini.com<\/p>\n<h3 style=\"text-align: center\"><strong>L\u1eccC N\u01af\u1edaC M\u00c1Y B\u01a0M MINI GI\u00c1 R\u1eba CH\u1ea4T L\u01af\u1ee2NG<\/strong><\/h3>\n","protected":false},"excerpt":{"rendered":"<p>Model: LOC-INOX-12MM<br \/>\nCh\u1ea5t li\u1ec7u : Inox &#8211; Nh\u1ef1a ABS<br \/>\n\u0110\u1ea7u g\u1eafn \u1ed1ng: 12mm<br \/>\n\u0110\u01b0\u1eddng k\u00ednh l\u1ecdc: 30mm<br \/>\nChi\u1ec1u d\u00e0i: 40mm<br \/>\nL\u1ed5 l\u1ecdc: 1mm<br \/>\nTr\u1ecdng l\u01b0\u1ee3ng: 8g<br \/>\n<strong>Tel:<\/strong>\u00a00907294310 \u2013 02873030399<\/p>\n","protected":false},"featured_media":259916,"comment_status":"open","ping_status":"closed","template":"","meta":[],"product_brand":[2227],"product_cat":[2431],"product_tag":[1324,2090,1725,2434,289,2433,1193,2432],"class_list":{"0":"post-259911","1":"product","2":"type-product","3":"status-publish","4":"has-post-thumbnail","6":"product_brand-mtm","7":"product_cat-loc-nuoc","8":"product_tag-loc-can-ban","9":"product_tag-loc-inox","10":"product_tag-loc-mini","11":"product_tag-loc-nho","12":"product_tag-loc-nuoc","13":"product_tag-loc-nuoc-bom-mini","14":"product_tag-loc-rac","15":"product_tag-loi-loc","17":"first","18":"instock","19":"sale","20":"shipping-taxable","21":"purchasable","22":"product-type-simple"},"_links":{"self":[{"href":"https:\/\/maybommini.vn\/index.php?rest_route=\/wp\/v2\/product\/259911","targetHints":{"allow":["GET"]}}],"collection":[{"href":"https:\/\/maybommini.vn\/index.php?rest_route=\/wp\/v2\/product"}],"about":[{"href":"https:\/\/maybommini.vn\/index.php?rest_route=\/wp\/v2\/types\/product"}],"replies":[{"embeddable":true,"href":"https:\/\/maybommini.vn\/index.php?rest_route=%2Fwp%2Fv2%2Fcomments&post=259911"}],"wp:featuredmedia":[{"embeddable":true,"href":"https:\/\/maybommini.vn\/index.php?rest_route=\/wp\/v2\/media\/259916"}],"wp:attachment":[{"href":"https:\/\/maybommini.vn\/index.php?rest_route=%2Fwp%2Fv2%2Fmedia&parent=259911"}],"wp:term":[{"taxonomy":"product_brand","embeddable":true,"href":"https:\/\/maybommini.vn\/index.php?rest_route=%2Fwp%2Fv2%2Fproduct_brand&post=259911"},{"taxonomy":"product_cat","embeddable":true,"href":"https:\/\/maybommini.vn\/index.php?rest_route=%2Fwp%2Fv2%2Fproduct_cat&post=259911"},{"taxonomy":"product_tag","embeddable":true,"href":"https:\/\/maybommini.vn\/index.php?rest_route=%2Fwp%2Fv2%2Fproduct_tag&post=259911"}],"curies":[{"name":"wp","href":"https:\/\/api.w.org\/{rel}","templated":true}]}}