{"id":259926,"date":"2018-08-20T04:33:58","date_gmt":"2018-08-19T21:33:58","guid":{"rendered":"https:\/\/maybommini.com\/?post_type=product&#038;p=259926"},"modified":"2020-05-23T23:22:36","modified_gmt":"2020-05-23T16:22:36","slug":"may-phun-xit-rua-hoi-nuoc-nong-220v-2600w","status":"publish","type":"product","link":"https:\/\/maybommini.vn\/?product=may-phun-xit-rua-hoi-nuoc-nong-220v-2600w","title":{"rendered":"M\u00e1y phun x\u1ecbt r\u1eeda h\u01a1i n\u01b0\u1edbc n\u00f3ng 220V 2600W"},"content":{"rendered":"<p><strong>Ph\u00e2n ph\u1ed1i m\u00e1y x\u1ecbt r\u1eeda h\u01a1i n\u01b0\u1edbc n\u00f3ng 220V 2600W mini cao c\u1ea5p d\u00f9ng \u0111\u1ec3 v\u1ec7 sinh nh\u00e0 c\u1eeda thi\u1ebft b\u1ecb m\u00e1y m\u00f3c ti\u1ec7t tr\u00f9ng t\u1ea9y v\u1ebft b\u1ea9n c\u1ee9ng \u0111\u1ea7u. M\u00e1y phun x\u1ecbt h\u01a1i n\u01b0\u1edbc v\u1edbi nhi\u1ec7t \u0111\u1ed9 cao ti\u1ec7n d\u1ee5ng \u0111\u01a1n gi\u1ea3n d\u1ec3 s\u1eed d\u1ee5ng l\u00e1p r\u00e1p x\u1ecbt r\u1eeda r\u1ea5t t\u1ed1t, giao h\u00e0ng to\u00e0n qu\u1ed1c t\u1eadn nh\u00e0.<\/strong><\/p>\n<p><a href=\"https:\/\/maybommini.com\/wp-content\/uploads\/2018\/08\/may-phun-xit-hoi-nuoc-nong-2600w-220v.jpg\" target=\"_blank\" rel=\"noopener\"><img decoding=\"async\" class=\"size-full wp-image-259936 aligncenter\" src=\"https:\/\/maybommini.com\/wp-content\/uploads\/2018\/08\/may-phun-xit-hoi-nuoc-nong-2600w-220v.jpg\" alt=\"May Phun Xit Hoi Nuoc Nong 2600w 220v\" width=\"820\" height=\"820\" srcset=\"https:\/\/maybommini.vn\/wp-content\/uploads\/2018\/08\/may-phun-xit-hoi-nuoc-nong-2600w-220v.jpg 820w, https:\/\/maybommini.vn\/wp-content\/uploads\/2018\/08\/may-phun-xit-hoi-nuoc-nong-2600w-220v-300x300.jpg 300w, https:\/\/maybommini.vn\/wp-content\/uploads\/2018\/08\/may-phun-xit-hoi-nuoc-nong-2600w-220v-150x150.jpg 150w, https:\/\/maybommini.vn\/wp-content\/uploads\/2018\/08\/may-phun-xit-hoi-nuoc-nong-2600w-220v-600x600.jpg 600w\" sizes=\"(max-width: 820px) 100vw, 820px\" \/><\/a> <a href=\"https:\/\/maybommini.com\/wp-content\/uploads\/2018\/08\/may-phun-xit-hoi-nuoc-nong-2600w-220v-gold.jpg\" target=\"_blank\" rel=\"noopener\"><img decoding=\"async\" class=\"size-full wp-image-259937 aligncenter\" src=\"https:\/\/maybommini.com\/wp-content\/uploads\/2018\/08\/may-phun-xit-hoi-nuoc-nong-2600w-220v-gold.jpg\" alt=\"May Phun Xit Hoi Nuoc Nong 2600w 220v Gold\" width=\"820\" height=\"820\" srcset=\"https:\/\/maybommini.vn\/wp-content\/uploads\/2018\/08\/may-phun-xit-hoi-nuoc-nong-2600w-220v-gold.jpg 820w, https:\/\/maybommini.vn\/wp-content\/uploads\/2018\/08\/may-phun-xit-hoi-nuoc-nong-2600w-220v-gold-300x300.jpg 300w, https:\/\/maybommini.vn\/wp-content\/uploads\/2018\/08\/may-phun-xit-hoi-nuoc-nong-2600w-220v-gold-150x150.jpg 150w, https:\/\/maybommini.vn\/wp-content\/uploads\/2018\/08\/may-phun-xit-hoi-nuoc-nong-2600w-220v-gold-600x600.jpg 600w\" sizes=\"(max-width: 820px) 100vw, 820px\" \/><\/a><\/p>\n<p><strong>TH\u00d4NG S\u1ed0 K\u1ef8 THU\u1eacT<\/strong><br \/>\nModel:\u00a0STQX-03A<br \/>\n\u0110i\u1ec7n th\u1ebf: 220V AC<br \/>\nC\u00f4ng su\u1ea5t: 2600W<br \/>\nNhi\u1ec7t \u0111\u1ed9: &gt; 120 \u0111\u1ed9 C<br \/>\nL\u01b0u l\u01b0\u1ee3ng: 900ml\/p<br \/>\nN\u00fat \u0111i\u1ec1u ch\u1ec9nh l\u01b0u l\u01b0\u1ee3ng.<br \/>\nM\u00e1y b\u01a1m t\u1ef1 h\u00fat n\u01b0\u1edbc.<br \/>\n\u1ed0ng d\u00e2y ch\u1ecbu nhi\u1ec7t.<br \/>\n\u1ed0ng d\u00e2y n\u01b0\u1edbc v\u00e0o.<br \/>\nL\u1ecdc n\u01b0\u1edbc mini.<br \/>\nS\u00fang x\u1ecbt \u00e1p l\u1ef1c.<br \/>\nV\u00f2i inox n\u1ed1i d\u00e0i.<br \/>\n\u0110\u1ea7u c\u1ecd r\u1eeda kim lo\u1ea1i.<br \/>\nBox ch\u1ee9a thi\u1ebft b\u1ecb.<br \/>\nCh\u1ea5t li\u1ec7u: Nh\u1ef1a ABS &#8211; \u0110\u1ed3ng &#8211; Inox<br \/>\nK\u00edch th\u01b0\u1edbc box: 420 x 110 x 300 mm<br \/>\nK\u00edch th\u01b0\u1edbc m\u00e1y: 200 x 90 x 120 mm<br \/>\nTr\u1ecdng l\u01b0\u1ee3ng: 2.5 Kg<br \/>\nTi\u00eau chu\u1ea9n cao.<br \/>\nKh\u1eb3ng \u0111\u1ecbnh \u0111\u1ed9 an to\u00e0n, ch\u1ea5t l\u01b0\u1ee3ng s\u1ea3n ph\u1ea9m v\u1edbi ng\u01b0\u1eddi ti\u00eau dung.<br \/>\nB\u1ea3o h\u00e0nh:\u00a06 th\u00e1ng<br \/>\nPh\u00e2n ph\u1ed1i:\u00a0<a href=\"https:\/\/maybomminimbm.vn\/\" target=\"_blank\" rel=\"noopener\">M\u00e1y B\u01a1m Mini MBM<\/a><br \/>\nTel: 0907294310<\/p>\n<p><a href=\"https:\/\/maybommini.com\/wp-content\/uploads\/2018\/08\/bo-phun-xit-bang-hoi-nuoc.jpg\" target=\"_blank\" rel=\"noopener\"><img decoding=\"async\" class=\"size-full wp-image-259928 aligncenter\" src=\"https:\/\/maybommini.com\/wp-content\/uploads\/2018\/08\/bo-phun-xit-bang-hoi-nuoc.jpg\" alt=\"Bo Phun Xit Bang Hoi Nuoc\" width=\"820\" height=\"820\" srcset=\"https:\/\/maybommini.vn\/wp-content\/uploads\/2018\/08\/bo-phun-xit-bang-hoi-nuoc.jpg 820w, https:\/\/maybommini.vn\/wp-content\/uploads\/2018\/08\/bo-phun-xit-bang-hoi-nuoc-300x300.jpg 300w, https:\/\/maybommini.vn\/wp-content\/uploads\/2018\/08\/bo-phun-xit-bang-hoi-nuoc-150x150.jpg 150w, https:\/\/maybommini.vn\/wp-content\/uploads\/2018\/08\/bo-phun-xit-bang-hoi-nuoc-600x600.jpg 600w\" sizes=\"(max-width: 820px) 100vw, 820px\" \/><\/a> <a href=\"https:\/\/maybommini.com\/wp-content\/uploads\/2018\/08\/sung-xit-hoi-nuoc-nhiet-do-cao.jpg\" target=\"_blank\" rel=\"noopener\"><img decoding=\"async\" class=\"size-full wp-image-259939 aligncenter\" src=\"https:\/\/maybommini.com\/wp-content\/uploads\/2018\/08\/sung-xit-hoi-nuoc-nhiet-do-cao.jpg\" alt=\"Sung Xit Hoi Nuoc Nhiet Do Cao\" width=\"820\" height=\"820\" srcset=\"https:\/\/maybommini.vn\/wp-content\/uploads\/2018\/08\/sung-xit-hoi-nuoc-nhiet-do-cao.jpg 820w, https:\/\/maybommini.vn\/wp-content\/uploads\/2018\/08\/sung-xit-hoi-nuoc-nhiet-do-cao-300x300.jpg 300w, https:\/\/maybommini.vn\/wp-content\/uploads\/2018\/08\/sung-xit-hoi-nuoc-nhiet-do-cao-150x150.jpg 150w, https:\/\/maybommini.vn\/wp-content\/uploads\/2018\/08\/sung-xit-hoi-nuoc-nhiet-do-cao-600x600.jpg 600w\" sizes=\"(max-width: 820px) 100vw, 820px\" \/><\/a> <a href=\"https:\/\/maybommini.com\/wp-content\/uploads\/2018\/08\/may-hoi-nuoc-chinh-hang.jpg\" target=\"_blank\" rel=\"noopener\"><img decoding=\"async\" class=\"size-full wp-image-259934 aligncenter\" src=\"https:\/\/maybommini.com\/wp-content\/uploads\/2018\/08\/may-hoi-nuoc-chinh-hang.jpg\" alt=\"May Hoi Nuoc Chinh Hang\" width=\"820\" height=\"820\" srcset=\"https:\/\/maybommini.vn\/wp-content\/uploads\/2018\/08\/may-hoi-nuoc-chinh-hang.jpg 820w, https:\/\/maybommini.vn\/wp-content\/uploads\/2018\/08\/may-hoi-nuoc-chinh-hang-300x300.jpg 300w, https:\/\/maybommini.vn\/wp-content\/uploads\/2018\/08\/may-hoi-nuoc-chinh-hang-150x150.jpg 150w, https:\/\/maybommini.vn\/wp-content\/uploads\/2018\/08\/may-hoi-nuoc-chinh-hang-600x600.jpg 600w, https:\/\/maybommini.vn\/wp-content\/uploads\/2018\/08\/may-hoi-nuoc-chinh-hang-768x768.jpg 768w\" sizes=\"(max-width: 820px) 100vw, 820px\" \/><\/a> <a href=\"https:\/\/maybommini.com\/wp-content\/uploads\/2018\/08\/kich-thuoc-may-phun-nuoc-nhiet-do-cao.jpg\" target=\"_blank\" rel=\"noopener\"><img decoding=\"async\" class=\"size-full wp-image-259931 aligncenter\" src=\"https:\/\/maybommini.com\/wp-content\/uploads\/2018\/08\/kich-thuoc-may-phun-nuoc-nhiet-do-cao.jpg\" alt=\"Kich Thuoc May Phun Nuoc Nhiet Do Cao\" width=\"820\" height=\"820\" srcset=\"https:\/\/maybommini.vn\/wp-content\/uploads\/2018\/08\/kich-thuoc-may-phun-nuoc-nhiet-do-cao.jpg 820w, https:\/\/maybommini.vn\/wp-content\/uploads\/2018\/08\/kich-thuoc-may-phun-nuoc-nhiet-do-cao-300x300.jpg 300w, https:\/\/maybommini.vn\/wp-content\/uploads\/2018\/08\/kich-thuoc-may-phun-nuoc-nhiet-do-cao-150x150.jpg 150w, https:\/\/maybommini.vn\/wp-content\/uploads\/2018\/08\/kich-thuoc-may-phun-nuoc-nhiet-do-cao-600x600.jpg 600w\" sizes=\"(max-width: 820px) 100vw, 820px\" \/><\/a><strong>H\u01af\u1edaNG D\u1ea8N S\u1eec D\u1ee4NG M\u00c1Y PHUN X\u1ecaT H\u01a0I N\u01af\u1edaC<\/strong><br \/>\n&#8211; G\u1eafn \u1ed1ng n\u01b0\u1edbc v\u00e0o c\u00f3 l\u1ecdc n\u01b0\u1edbc v\u00e0o m\u00e1y.<br \/>\n&#8211; Cho \u0111\u1ea7u c\u00f3 l\u1ecdc n\u01b0\u1edbc v\u00e0o th\u00f9ng ch\u1ee9a n\u01b0\u1edbc.<br \/>\n&#8211; G\u1eafn \u1ed1ng d\u00e2y d\u1ea9n n\u01b0\u1edbc ch\u1ecbu nhi\u1ec7t v\u00e0o m\u00e1y h\u01a1i n\u01b0\u1edbc.<br \/>\n&#8211; L\u1eafp s\u00fang x\u1ecbt v\u00e0o d\u00e2y ch\u1ecbu nhi\u1ec7t v\u00e0 v\u00f2i inox n\u1ed1i d\u00e0i v\u00e0o s\u00fang.<br \/>\n&#8211; L\u1eafp th\u00eam \u0111\u1ea7u c\u1ecd r\u1eeda b\u1eb1ng kim lo\u1ea1i v\u00e0o x\u1ecbt.<br \/>\n&#8211; C\u1ea5m ngu\u1ed3n \u0111i\u1ec7n 220V v\u00e0o m\u00e1y.<br \/>\n&#8211; B\u1eadt n\u00fat ngu\u1ed3n tr\u00ean m\u00e1y \u0111\u1ec3 kh\u1edfi \u0111\u1ed9ng m\u00e1y t\u1ea1o nhi\u1ec7t v\u00e0 h\u00fat n\u01b0\u1edbc.<br \/>\n&#8211; D\u00f9ng s\u00fang x\u1ecbt \u0111\u1ec3 x\u1ecbt tr\u1ef1c ti\u1ebfp v\u00e0o n\u01a1i c\u1ea7n v\u1ec7 sinh.<br \/>\n&#8211; \u0110i\u1ec1u ch\u1ec9nh l\u01b0u l\u01b0\u1ee3ng ph\u00f9 h\u1ee3p khi d\u00f9ng.<br \/>\n&#8211; Tr\u00e1nh kh\u00f4ng x\u1ecbt v\u00e0o ng\u01b0\u1eddi.<br \/>\n&#8211; C\u00f3 th\u1ec3 d\u00f9ng c\u00e1c ho\u00e1 ch\u1ea5t x\u1ecbt v\u00e0o vi\u1ebft b\u1ea9n tr\u01b0\u1edbc khi phun v\u1ec7 sinh b\u1eb1ng m\u00e1y.<\/p>\n<p><a href=\"https:\/\/maybommini.com\/wp-content\/uploads\/2018\/08\/sung-xit-hoi-nuoc-nhiet-do-cao.jpg\" target=\"_blank\" rel=\"noopener\"><img decoding=\"async\" class=\"size-full wp-image-259939 aligncenter\" src=\"https:\/\/maybommini.com\/wp-content\/uploads\/2018\/08\/sung-xit-hoi-nuoc-nhiet-do-cao.jpg\" alt=\"Sung Xit Hoi Nuoc Nhiet Do Cao\" width=\"820\" height=\"820\" srcset=\"https:\/\/maybommini.vn\/wp-content\/uploads\/2018\/08\/sung-xit-hoi-nuoc-nhiet-do-cao.jpg 820w, https:\/\/maybommini.vn\/wp-content\/uploads\/2018\/08\/sung-xit-hoi-nuoc-nhiet-do-cao-300x300.jpg 300w, https:\/\/maybommini.vn\/wp-content\/uploads\/2018\/08\/sung-xit-hoi-nuoc-nhiet-do-cao-150x150.jpg 150w, https:\/\/maybommini.vn\/wp-content\/uploads\/2018\/08\/sung-xit-hoi-nuoc-nhiet-do-cao-600x600.jpg 600w\" sizes=\"(max-width: 820px) 100vw, 820px\" \/><\/a> <a href=\"https:\/\/maybommini.com\/wp-content\/uploads\/2018\/08\/su-dung-may-phun-hoi-nuoc-nhiet-do-cao.jpg\" target=\"_blank\" rel=\"noopener\"><img decoding=\"async\" class=\"size-full wp-image-259938 aligncenter\" src=\"https:\/\/maybommini.com\/wp-content\/uploads\/2018\/08\/su-dung-may-phun-hoi-nuoc-nhiet-do-cao.jpg\" alt=\"Su Dung May Phun Hoi Nuoc Nhiet Do Cao\" width=\"820\" height=\"820\" srcset=\"https:\/\/maybommini.vn\/wp-content\/uploads\/2018\/08\/su-dung-may-phun-hoi-nuoc-nhiet-do-cao.jpg 820w, https:\/\/maybommini.vn\/wp-content\/uploads\/2018\/08\/su-dung-may-phun-hoi-nuoc-nhiet-do-cao-300x300.jpg 300w, https:\/\/maybommini.vn\/wp-content\/uploads\/2018\/08\/su-dung-may-phun-hoi-nuoc-nhiet-do-cao-150x150.jpg 150w, https:\/\/maybommini.vn\/wp-content\/uploads\/2018\/08\/su-dung-may-phun-hoi-nuoc-nhiet-do-cao-600x600.jpg 600w\" sizes=\"(max-width: 820px) 100vw, 820px\" \/><\/a> <a href=\"https:\/\/maybommini.com\/wp-content\/uploads\/2018\/08\/may-hoi-nuoc-chinh-hang.jpg\" target=\"_blank\" rel=\"noopener\"><img decoding=\"async\" class=\"size-full wp-image-259934 aligncenter\" src=\"https:\/\/maybommini.com\/wp-content\/uploads\/2018\/08\/may-hoi-nuoc-chinh-hang.jpg\" alt=\"May Hoi Nuoc Chinh Hang\" width=\"820\" height=\"820\" srcset=\"https:\/\/maybommini.vn\/wp-content\/uploads\/2018\/08\/may-hoi-nuoc-chinh-hang.jpg 820w, https:\/\/maybommini.vn\/wp-content\/uploads\/2018\/08\/may-hoi-nuoc-chinh-hang-300x300.jpg 300w, https:\/\/maybommini.vn\/wp-content\/uploads\/2018\/08\/may-hoi-nuoc-chinh-hang-150x150.jpg 150w, https:\/\/maybommini.vn\/wp-content\/uploads\/2018\/08\/may-hoi-nuoc-chinh-hang-600x600.jpg 600w, https:\/\/maybommini.vn\/wp-content\/uploads\/2018\/08\/may-hoi-nuoc-chinh-hang-768x768.jpg 768w\" sizes=\"(max-width: 820px) 100vw, 820px\" \/><\/a><\/p>\n<p><a href=\"https:\/\/maybommini.com\/wp-content\/uploads\/2018\/08\/dieu-chinh-su-dung-may-phun-hoi-nuoc.jpg\" target=\"_blank\" rel=\"noopener\"><img decoding=\"async\" class=\"size-full wp-image-259930 aligncenter\" src=\"https:\/\/maybommini.com\/wp-content\/uploads\/2018\/08\/dieu-chinh-su-dung-may-phun-hoi-nuoc.jpg\" alt=\"Dieu Chinh Su Dung May Phun Hoi Nuoc\" width=\"820\" height=\"820\" srcset=\"https:\/\/maybommini.vn\/wp-content\/uploads\/2018\/08\/dieu-chinh-su-dung-may-phun-hoi-nuoc.jpg 820w, https:\/\/maybommini.vn\/wp-content\/uploads\/2018\/08\/dieu-chinh-su-dung-may-phun-hoi-nuoc-300x300.jpg 300w, https:\/\/maybommini.vn\/wp-content\/uploads\/2018\/08\/dieu-chinh-su-dung-may-phun-hoi-nuoc-150x150.jpg 150w, https:\/\/maybommini.vn\/wp-content\/uploads\/2018\/08\/dieu-chinh-su-dung-may-phun-hoi-nuoc-600x600.jpg 600w\" sizes=\"(max-width: 820px) 100vw, 820px\" \/><\/a> <a href=\"https:\/\/maybommini.com\/wp-content\/uploads\/2018\/08\/kich-thuoc-may-phun-nuoc-nhiet-do-cao.jpg\" target=\"_blank\" rel=\"noopener\"><img decoding=\"async\" class=\"size-full wp-image-259931 aligncenter\" src=\"https:\/\/maybommini.com\/wp-content\/uploads\/2018\/08\/kich-thuoc-may-phun-nuoc-nhiet-do-cao.jpg\" alt=\"Kich Thuoc May Phun Nuoc Nhiet Do Cao\" width=\"820\" height=\"820\" srcset=\"https:\/\/maybommini.vn\/wp-content\/uploads\/2018\/08\/kich-thuoc-may-phun-nuoc-nhiet-do-cao.jpg 820w, https:\/\/maybommini.vn\/wp-content\/uploads\/2018\/08\/kich-thuoc-may-phun-nuoc-nhiet-do-cao-300x300.jpg 300w, https:\/\/maybommini.vn\/wp-content\/uploads\/2018\/08\/kich-thuoc-may-phun-nuoc-nhiet-do-cao-150x150.jpg 150w, https:\/\/maybommini.vn\/wp-content\/uploads\/2018\/08\/kich-thuoc-may-phun-nuoc-nhiet-do-cao-600x600.jpg 600w\" sizes=\"(max-width: 820px) 100vw, 820px\" \/><\/a><\/p>\n<p><strong>S\u1eec D\u1ee4NG M\u00c1Y PHUN X\u1ecaT B\u1eb0NG H\u01a0I N\u01af\u1edaC NHI\u1ec6T \u0110\u1ed8 CAO<\/strong><br \/>\n&#8211; D\u00f9ng v\u1ec7 sinh c\u00e1c v\u1ebft b\u1ea9n c\u1ee9ng \u0111\u1ea7u kh\u00f3 t\u1ea9y.<br \/>\n&#8211; D\u00f9ng v\u1ec7 sinh m\u00e1y l\u1ea1nh gia \u0111\u00ecnh v\u00e0 m\u00e1y l\u1ea1nh c\u00f4ng nghi\u1ec7p.<br \/>\n&#8211; X\u1ecbt v\u1ec7 sinh ti\u1ec7t tr\u00f9ng d\u1ee5ng c\u1ee5, thi\u1ebft b\u1ecb y t\u1ebf.<br \/>\n&#8211; D\u00f9ng x\u1ecbt v\u1ec7 sinh kh\u1eed tr\u00f9ng qu\u1ea7n \u00e1o, ch\u0103n m\u00e0n, kh\u0103n, \u0111\u1ed3 v\u1ec7 sinh c\u00e1 nh\u00e2n&#8230;<br \/>\n&#8211; D\u00f9ng x\u1ecbt r\u1eeda v\u1ec7 sinh nh\u00e0 b\u1ebfp, m\u00e1y h\u00fat kh\u00f3i b\u1ebfp, b\u1ebfp gas&#8230;<br \/>\n&#8211; D\u00f9ng x\u1ecbt r\u1eeda t\u1ea9y c\u00e1c linh ki\u1ec7n m\u00e1y m\u00f3c.<br \/>\n&#8211; D\u00f9ng t\u1ea9y r\u1eeda d\u1ee5ng c\u1ee5 thi\u1ebft b\u1ecb.<br \/>\n&#8211; D\u00f9ng x\u1ecbt r\u1eeda v\u1ec7 sinh xe \u00f4t\u00f4, kh\u1eed m\u00f9i, kh\u1eed tr\u00f9ng.<br \/>\n&#8211; V\u1ec7 sinh m\u00e1y m\u00f3c thi\u1ebft b\u1ecb ph\u00f2ng t\u00ed nghi\u1ec7m y t\u1ebf.<br \/>\nV\u00e0 \u1ee9ng d\u1ee5ng nhi\u1ec1u trong c\u00e1c l\u0129nh v\u1ef1c kh\u00e1c nhau.<br \/>\n<a href=\"https:\/\/maybommini.com\/wp-content\/uploads\/2018\/08\/xit-rua-bang-hoi-nuoc-vat-dung-gia-dinh.jpg\" target=\"_blank\" rel=\"noopener\"><img decoding=\"async\" class=\"size-full wp-image-259942 aligncenter\" src=\"https:\/\/maybommini.com\/wp-content\/uploads\/2018\/08\/xit-rua-bang-hoi-nuoc-vat-dung-gia-dinh.jpg\" alt=\"Xit Rua Bang Hoi Nuoc Vat Dung Gia Dinh\" width=\"820\" height=\"820\" srcset=\"https:\/\/maybommini.vn\/wp-content\/uploads\/2018\/08\/xit-rua-bang-hoi-nuoc-vat-dung-gia-dinh.jpg 820w, https:\/\/maybommini.vn\/wp-content\/uploads\/2018\/08\/xit-rua-bang-hoi-nuoc-vat-dung-gia-dinh-300x300.jpg 300w, https:\/\/maybommini.vn\/wp-content\/uploads\/2018\/08\/xit-rua-bang-hoi-nuoc-vat-dung-gia-dinh-150x150.jpg 150w, https:\/\/maybommini.vn\/wp-content\/uploads\/2018\/08\/xit-rua-bang-hoi-nuoc-vat-dung-gia-dinh-600x600.jpg 600w\" sizes=\"(max-width: 820px) 100vw, 820px\" \/><\/a> <a href=\"https:\/\/maybommini.com\/wp-content\/uploads\/2018\/08\/cua-ve-sinh-nha-bep-sach-nhat.jpg\" target=\"_blank\" rel=\"noopener\"><img decoding=\"async\" class=\"size-full wp-image-259929 aligncenter\" src=\"https:\/\/maybommini.com\/wp-content\/uploads\/2018\/08\/cua-ve-sinh-nha-bep-sach-nhat.jpg\" alt=\"Cua Ve Sinh Nha Bep Sach Nhat\" width=\"820\" height=\"820\" srcset=\"https:\/\/maybommini.vn\/wp-content\/uploads\/2018\/08\/cua-ve-sinh-nha-bep-sach-nhat.jpg 820w, https:\/\/maybommini.vn\/wp-content\/uploads\/2018\/08\/cua-ve-sinh-nha-bep-sach-nhat-300x300.jpg 300w, https:\/\/maybommini.vn\/wp-content\/uploads\/2018\/08\/cua-ve-sinh-nha-bep-sach-nhat-150x150.jpg 150w, https:\/\/maybommini.vn\/wp-content\/uploads\/2018\/08\/cua-ve-sinh-nha-bep-sach-nhat-600x600.jpg 600w\" sizes=\"(max-width: 820px) 100vw, 820px\" \/><\/a> <a href=\"https:\/\/maybommini.com\/wp-content\/uploads\/2018\/08\/may-phun-hoi-nuoc-ap-luc.jpg\" target=\"_blank\" rel=\"noopener\"><img decoding=\"async\" class=\"size-full wp-image-259935 aligncenter\" src=\"https:\/\/maybommini.com\/wp-content\/uploads\/2018\/08\/may-phun-hoi-nuoc-ap-luc.jpg\" alt=\"May Phun Hoi Nuoc Ap Luc\" width=\"820\" height=\"820\" srcset=\"https:\/\/maybommini.vn\/wp-content\/uploads\/2018\/08\/may-phun-hoi-nuoc-ap-luc.jpg 820w, https:\/\/maybommini.vn\/wp-content\/uploads\/2018\/08\/may-phun-hoi-nuoc-ap-luc-300x300.jpg 300w, https:\/\/maybommini.vn\/wp-content\/uploads\/2018\/08\/may-phun-hoi-nuoc-ap-luc-150x150.jpg 150w, https:\/\/maybommini.vn\/wp-content\/uploads\/2018\/08\/may-phun-hoi-nuoc-ap-luc-600x600.jpg 600w\" sizes=\"(max-width: 820px) 100vw, 820px\" \/><\/a> <a href=\"https:\/\/maybommini.com\/wp-content\/uploads\/2018\/08\/su-dung-may-phun-hoi-nuoc-nhiet-do-cao.jpg\" target=\"_blank\" rel=\"noopener\"><img decoding=\"async\" class=\"size-full wp-image-259938 aligncenter\" src=\"https:\/\/maybommini.com\/wp-content\/uploads\/2018\/08\/su-dung-may-phun-hoi-nuoc-nhiet-do-cao.jpg\" alt=\"Su Dung May Phun Hoi Nuoc Nhiet Do Cao\" width=\"820\" height=\"820\" srcset=\"https:\/\/maybommini.vn\/wp-content\/uploads\/2018\/08\/su-dung-may-phun-hoi-nuoc-nhiet-do-cao.jpg 820w, https:\/\/maybommini.vn\/wp-content\/uploads\/2018\/08\/su-dung-may-phun-hoi-nuoc-nhiet-do-cao-300x300.jpg 300w, https:\/\/maybommini.vn\/wp-content\/uploads\/2018\/08\/su-dung-may-phun-hoi-nuoc-nhiet-do-cao-150x150.jpg 150w, https:\/\/maybommini.vn\/wp-content\/uploads\/2018\/08\/su-dung-may-phun-hoi-nuoc-nhiet-do-cao-600x600.jpg 600w\" sizes=\"(max-width: 820px) 100vw, 820px\" \/><\/a> <a href=\"https:\/\/maybommini.com\/wp-content\/uploads\/2018\/08\/ban-moi-xit-hoi-nuoc-gia-re.jpg\" target=\"_blank\" rel=\"noopener\"><img decoding=\"async\" class=\"size-full wp-image-259927 aligncenter\" src=\"https:\/\/maybommini.com\/wp-content\/uploads\/2018\/08\/ban-moi-xit-hoi-nuoc-gia-re.jpg\" alt=\"Ban Moi Xit Hoi Nuoc Gia Re\" width=\"820\" height=\"820\" srcset=\"https:\/\/maybommini.vn\/wp-content\/uploads\/2018\/08\/ban-moi-xit-hoi-nuoc-gia-re.jpg 820w, https:\/\/maybommini.vn\/wp-content\/uploads\/2018\/08\/ban-moi-xit-hoi-nuoc-gia-re-300x300.jpg 300w, https:\/\/maybommini.vn\/wp-content\/uploads\/2018\/08\/ban-moi-xit-hoi-nuoc-gia-re-150x150.jpg 150w, https:\/\/maybommini.vn\/wp-content\/uploads\/2018\/08\/ban-moi-xit-hoi-nuoc-gia-re-600x600.jpg 600w\" sizes=\"(max-width: 820px) 100vw, 820px\" \/><\/a><strong>MUA M\u00c1Y PHUN X\u1ecaT R\u1eecA H\u01a0I N\u01af\u1edaC \u1ede \u0110\u00c2U ?<\/strong><br \/>\nM\u00e1y B\u01a1m Mini l\u00e0 nh\u00e0 cung c\u1ea5p h\u00e0ng \u0111\u1ea7u t\u1ea1i Vi\u1ec7t Nam m\u00e1y x\u1ecbt r\u1eeda \u00e1p l\u1ef1c, m\u00e1y phun x\u1ecbt r\u1eeda h\u01a1i n\u01b0\u1edbc, m\u00e1y b\u01a1m \u00e1p l\u1ef1c mini, m\u00e1y r\u1eeda xe \u00e1p l\u1ef1c cao v\u00e0 nhi\u1ec1u thi\u1ebft b\u1ecb v\u1ec7 sinh kh\u00e1c ch\u00ednh h\u00e3ng b\u1ea3o h\u00e0nh l\u00e2u d\u00e0i v\u00e0 h\u1ed5 tr\u1ee3 k\u1ef9 thu\u1eadt v\u0129nh vi\u1ec5n.<\/p>\n<h3 style=\"text-align: center;\"><strong>M\u00e1y phun x\u1ecbt r\u1eeda h\u01a1i n\u01b0\u1edbc n\u00f3ng 220V 2600W &#8211; M\u00e1y phun h\u01a1i n\u01b0\u1edbc<\/strong><\/h3>\n","protected":false},"excerpt":{"rendered":"<p>Model:\u00a0STQX-03A<br \/>\n\u0110i\u1ec7n th\u1ebf: 220V AC<br \/>\nC\u00f4ng su\u1ea5t: 2600W<br \/>\nNhi\u1ec7t \u0111\u1ed9: &gt; 120 \u0111\u1ed9 C<br \/>\nL\u01b0u l\u01b0\u1ee3ng: 900ml\/p<br \/>\nN\u00fat \u0111i\u1ec1u ch\u1ec9nh l\u01b0u l\u01b0\u1ee3ng.<br \/>\nM\u00e1y b\u01a1m t\u1ef1 h\u00fat n\u01b0\u1edbc.<br \/>\n\u1ed0ng d\u00e2y ch\u1ecbu nhi\u1ec7t.<br \/>\n\u1ed0ng d\u00e2y n\u01b0\u1edbc v\u00e0o.<br \/>\nL\u1ecdc n\u01b0\u1edbc mini.<br \/>\nS\u00fang x\u1ecbt \u00e1p l\u1ef1c.<br \/>\nV\u00f2i inox n\u1ed1i d\u00e0i.<br \/>\n\u0110\u1ea7u c\u1ecd r\u1eeda kim lo\u1ea1i.<br \/>\nBox ch\u1ee9a thi\u1ebft b\u1ecb.<br \/>\nCh\u1ea5t li\u1ec7u: Nh\u1ef1a ABS &#8211; \u0110\u1ed3ng &#8211; Inox<br \/>\nK\u00edch th\u01b0\u1edbc box: 420 x 110 x 300 mm<br \/>\nK\u00edch th\u01b0\u1edbc m\u00e1y: 200 x 90 x 120 mm<br \/>\nTr\u1ecdng l\u01b0\u1ee3ng: 2.5 Kg<br \/>\nTi\u00eau chu\u1ea9n cao c\u1ea5p<br \/>\nB\u1ea3o h\u00e0nh: 6 th\u00e1ng<br \/>\nPh\u00e2n ph\u1ed1i:\u00a0<a href=\"https:\/\/maybomminimbm.vn\/\">M\u00e1y B\u01a1m Mini MBM<\/a><br \/>\nTel: 0907294310<\/p>\n","protected":false},"featured_media":259936,"comment_status":"open","ping_status":"closed","template":"","meta":[],"product_brand":[2227],"product_cat":[364,2611],"product_tag":[2439,2437,2441,2436,2438,2440],"class_list":{"0":"post-259926","1":"product","2":"type-product","3":"status-publish","4":"has-post-thumbnail","6":"product_brand-mtm","7":"product_cat-may-bom-ap-luc-cao","8":"product_cat-may-phun-xit-rua-hoi-nuoc","9":"product_tag-hoi-nuoc","10":"product_tag-may-hoi-nuoc","11":"product_tag-may-phun-hoi-nuoc","12":"product_tag-may-phun-xit-hoi-nuoc","13":"product_tag-ve-sinh-bang-may-hoi-nuoc","14":"product_tag-xit-rua-hoi-nuoc","16":"first","17":"instock","18":"sale","19":"shipping-taxable","20":"purchasable","21":"product-type-simple"},"_links":{"self":[{"href":"https:\/\/maybommini.vn\/index.php?rest_route=\/wp\/v2\/product\/259926","targetHints":{"allow":["GET"]}}],"collection":[{"href":"https:\/\/maybommini.vn\/index.php?rest_route=\/wp\/v2\/product"}],"about":[{"href":"https:\/\/maybommini.vn\/index.php?rest_route=\/wp\/v2\/types\/product"}],"replies":[{"embeddable":true,"href":"https:\/\/maybommini.vn\/index.php?rest_route=%2Fwp%2Fv2%2Fcomments&post=259926"}],"wp:featuredmedia":[{"embeddable":true,"href":"https:\/\/maybommini.vn\/index.php?rest_route=\/wp\/v2\/media\/259936"}],"wp:attachment":[{"href":"https:\/\/maybommini.vn\/index.php?rest_route=%2Fwp%2Fv2%2Fmedia&parent=259926"}],"wp:term":[{"taxonomy":"product_brand","embeddable":true,"href":"https:\/\/maybommini.vn\/index.php?rest_route=%2Fwp%2Fv2%2Fproduct_brand&post=259926"},{"taxonomy":"product_cat","embeddable":true,"href":"https:\/\/maybommini.vn\/index.php?rest_route=%2Fwp%2Fv2%2Fproduct_cat&post=259926"},{"taxonomy":"product_tag","embeddable":true,"href":"https:\/\/maybommini.vn\/index.php?rest_route=%2Fwp%2Fv2%2Fproduct_tag&post=259926"}],"curies":[{"name":"wp","href":"https:\/\/api.w.org\/{rel}","templated":true}]}}