{"id":260082,"date":"2018-09-04T10:07:39","date_gmt":"2018-09-04T03:07:39","guid":{"rendered":"https:\/\/maybommini.com\/?post_type=product&#038;p=260082"},"modified":"2020-05-23T23:17:16","modified_gmt":"2020-05-23T16:17:16","slug":"may-bom-canh-gat-tu-hut-12v-96w-30l-seaflo","status":"publish","type":"product","link":"https:\/\/maybommini.vn\/?product=may-bom-canh-gat-tu-hut-12v-96w-30l-seaflo","title":{"rendered":"M\u00e1y b\u01a1m c\u00e1nh g\u1ea1t t\u1ef1 h\u00fat 12V 96W 30L SEAFLO"},"content":{"rendered":"<h3>Ph\u00e2n ph\u1ed1i m\u00e1y b\u01a1m c\u00e1nh g\u1ea1t t\u1ef1 h\u00fat 12V 96W 30L SEAFLO l\u00e0 d\u00f2ng b\u01a1m ch\u1ea5t l\u1ecfng, b\u01a1m dung m\u00f4i, b\u01a1m l\u00e0m m\u00e1t h\u1ec7 th\u1ed1ng m\u00e1y m\u00f3c, b\u01a1m t\u00e0u thuy\u1ec1n cano v\u1edbi kh\u1ea3 n\u0103ng t\u1ef1 h\u00fat c\u00f3 l\u01b0u l\u01b0\u1ee3ng l\u1edbn thi\u1ebft k\u1ebf nh\u1ecf g\u1ecdn do h\u00e3ng SEAFLO s\u1ea3n xu\u1ea5t.<\/h3>\n<p><a href=\"https:\/\/maybommini.com\/wp-content\/uploads\/2018\/09\/may-bom-nuoc-nong-tu-hut-canh-gat.jpg\" target=\"_blank\" rel=\"noopener\"><img decoding=\"async\" class=\"size-full wp-image-260087 aligncenter\" src=\"https:\/\/maybommini.com\/wp-content\/uploads\/2018\/09\/may-bom-nuoc-nong-tu-hut-canh-gat.jpg\" alt=\"May Bom Nuoc Nong Tu Hut Canh Gat\" width=\"820\" height=\"820\" srcset=\"https:\/\/maybommini.vn\/wp-content\/uploads\/2018\/09\/may-bom-nuoc-nong-tu-hut-canh-gat.jpg 820w, https:\/\/maybommini.vn\/wp-content\/uploads\/2018\/09\/may-bom-nuoc-nong-tu-hut-canh-gat-300x300.jpg 300w, https:\/\/maybommini.vn\/wp-content\/uploads\/2018\/09\/may-bom-nuoc-nong-tu-hut-canh-gat-150x150.jpg 150w, https:\/\/maybommini.vn\/wp-content\/uploads\/2018\/09\/may-bom-nuoc-nong-tu-hut-canh-gat-600x600.jpg 600w\" sizes=\"(max-width: 820px) 100vw, 820px\" \/><\/a><\/p>\n<p><strong>TH\u00d4NG S\u1ed0 K\u1ef8 THU\u1eacT<\/strong><br \/>\nTh\u01b0\u01a1ng hi\u1ec7u: SEAFLO<br \/>\nModel: SFSP1-080-003-01<br \/>\n\u0110i\u1ec7n th\u1ebf: 12V DC<br \/>\nC\u00f4ng su\u1ea5t : 96W<br \/>\nL\u01b0u l\u01b0\u1ee3ng: 30L\/P &#8211; 1800L\/H<br \/>\nLo\u1ea1i b\u01a1m c\u00e1nh g\u1ea1t.<br \/>\nKi\u1ec1u c\u00e1nh: 6 c\u00e1nh cao su<br \/>\nT\u1ef1 h\u00fat n\u01b0\u1edbc.<br \/>\nB\u01a1m \u0111\u1ea9y cao: 3 m\u00e9t<br \/>\nB\u1ea3o v\u1ec7 qu\u00e1 nhi\u1ec7t.<br \/>\nRen g\u1eafn \u1ed1ng : 21mm<br \/>\nCh\u1ea5t li\u1ec7u: \u0110\u1ed3ng &#8211; Th\u00e9p &#8211; Inox &#8211; ABS<br \/>\nK\u00edch th\u01b0\u1edbc:\u00a0195 x 130 x 108 mm<br \/>\nTr\u1ecdng l\u01b0\u1ee3ng: 2.2 Kg<br \/>\nTi\u00eau chu\u1ea9n : CE<br \/>\nTi\u1ebft ki\u1ec7m \u0111i\u1ec7n.<br \/>\nT\u00ecnh tr\u1ea1ng: H\u00e0ng m\u1edbi 100%<br \/>\nKh\u1eb3ng \u0111\u1ecbnh \u0111\u1ed9 an to\u00e0n, ch\u1ea5t l\u01b0\u1ee3ng s\u1ea3n ph\u1ea9m v\u1edbi ng\u01b0\u1eddi ti\u00eau dung.<br \/>\nB\u1ea3o h\u00e0ng: 6 th\u00e1ng<br \/>\nS\u1ea3n ph\u1ea9m nh\u1eadp kh\u1ea9u.<br \/>\n<b>M\u00e1y b\u01a1m cao c\u1ea5p.<\/b><\/p>\n<p><a href=\"https:\/\/maybommini.com\/wp-content\/uploads\/2018\/09\/thong-so-ky-thuat-may-bom-canh-gat.jpg\" target=\"_blank\" rel=\"noopener\"><img decoding=\"async\" class=\"size-full wp-image-260092 aligncenter\" src=\"https:\/\/maybommini.com\/wp-content\/uploads\/2018\/09\/thong-so-ky-thuat-may-bom-canh-gat.jpg\" alt=\"Thong So Ky Thuat May Bom Canh Gat\" width=\"820\" height=\"820\" srcset=\"https:\/\/maybommini.vn\/wp-content\/uploads\/2018\/09\/thong-so-ky-thuat-may-bom-canh-gat.jpg 820w, https:\/\/maybommini.vn\/wp-content\/uploads\/2018\/09\/thong-so-ky-thuat-may-bom-canh-gat-300x300.jpg 300w, https:\/\/maybommini.vn\/wp-content\/uploads\/2018\/09\/thong-so-ky-thuat-may-bom-canh-gat-150x150.jpg 150w, https:\/\/maybommini.vn\/wp-content\/uploads\/2018\/09\/thong-so-ky-thuat-may-bom-canh-gat-600x600.jpg 600w\" sizes=\"(max-width: 820px) 100vw, 820px\" \/><\/a> <a href=\"https:\/\/maybommini.com\/wp-content\/uploads\/2018\/09\/may-bom-nuoc-tu-hut-12v-24v-cao-cap.jpg\" target=\"_blank\" rel=\"noopener\"><img decoding=\"async\" class=\"size-full wp-image-260090 aligncenter\" src=\"https:\/\/maybommini.com\/wp-content\/uploads\/2018\/09\/may-bom-nuoc-tu-hut-12v-24v-cao-cap.jpg\" alt=\"May Bom Nuoc Tu Hut 12v 24v Cao Cap\" width=\"820\" height=\"820\" srcset=\"https:\/\/maybommini.vn\/wp-content\/uploads\/2018\/09\/may-bom-nuoc-tu-hut-12v-24v-cao-cap.jpg 820w, https:\/\/maybommini.vn\/wp-content\/uploads\/2018\/09\/may-bom-nuoc-tu-hut-12v-24v-cao-cap-300x300.jpg 300w, https:\/\/maybommini.vn\/wp-content\/uploads\/2018\/09\/may-bom-nuoc-tu-hut-12v-24v-cao-cap-150x150.jpg 150w, https:\/\/maybommini.vn\/wp-content\/uploads\/2018\/09\/may-bom-nuoc-tu-hut-12v-24v-cao-cap-600x600.jpg 600w\" sizes=\"(max-width: 820px) 100vw, 820px\" \/><\/a> <a href=\"https:\/\/maybommini.com\/wp-content\/uploads\/2018\/09\/may-bom-nuoc-tau-thuyen-cano-12v.jpg\" target=\"_blank\" rel=\"noopener\"><img decoding=\"async\" class=\"size-full wp-image-260089 aligncenter\" src=\"https:\/\/maybommini.com\/wp-content\/uploads\/2018\/09\/may-bom-nuoc-tau-thuyen-cano-12v.jpg\" alt=\"May Bom Nuoc Tau Thuyen Cano 12v\" width=\"820\" height=\"820\" srcset=\"https:\/\/maybommini.vn\/wp-content\/uploads\/2018\/09\/may-bom-nuoc-tau-thuyen-cano-12v.jpg 820w, https:\/\/maybommini.vn\/wp-content\/uploads\/2018\/09\/may-bom-nuoc-tau-thuyen-cano-12v-300x300.jpg 300w, https:\/\/maybommini.vn\/wp-content\/uploads\/2018\/09\/may-bom-nuoc-tau-thuyen-cano-12v-150x150.jpg 150w, https:\/\/maybommini.vn\/wp-content\/uploads\/2018\/09\/may-bom-nuoc-tau-thuyen-cano-12v-600x600.jpg 600w\" sizes=\"(max-width: 820px) 100vw, 820px\" \/><\/a> <a href=\"https:\/\/maybommini.com\/wp-content\/uploads\/2018\/09\/bom-nuoc-may-moc-dong-co-tau-thuyen.jpg\" target=\"_blank\" rel=\"noopener\"><img decoding=\"async\" class=\"size-full wp-image-260085 aligncenter\" src=\"https:\/\/maybommini.com\/wp-content\/uploads\/2018\/09\/bom-nuoc-may-moc-dong-co-tau-thuyen.jpg\" alt=\"Bom Nuoc May Moc Dong Co Tau Thuyen\" width=\"820\" height=\"820\" srcset=\"https:\/\/maybommini.vn\/wp-content\/uploads\/2018\/09\/bom-nuoc-may-moc-dong-co-tau-thuyen.jpg 820w, https:\/\/maybommini.vn\/wp-content\/uploads\/2018\/09\/bom-nuoc-may-moc-dong-co-tau-thuyen-300x300.jpg 300w, https:\/\/maybommini.vn\/wp-content\/uploads\/2018\/09\/bom-nuoc-may-moc-dong-co-tau-thuyen-150x150.jpg 150w, https:\/\/maybommini.vn\/wp-content\/uploads\/2018\/09\/bom-nuoc-may-moc-dong-co-tau-thuyen-600x600.jpg 600w\" sizes=\"(max-width: 820px) 100vw, 820px\" \/><\/a> <a href=\"https:\/\/maybommini.com\/wp-content\/uploads\/2018\/09\/bom-nuoc-canh-gat-tu-hut.jpg\" target=\"_blank\" rel=\"noopener\"><img decoding=\"async\" class=\"size-full wp-image-260084 aligncenter\" src=\"https:\/\/maybommini.com\/wp-content\/uploads\/2018\/09\/bom-nuoc-canh-gat-tu-hut.jpg\" alt=\"Bom Nuoc Canh Gat Tu Hut\" width=\"820\" height=\"820\" srcset=\"https:\/\/maybommini.vn\/wp-content\/uploads\/2018\/09\/bom-nuoc-canh-gat-tu-hut.jpg 820w, https:\/\/maybommini.vn\/wp-content\/uploads\/2018\/09\/bom-nuoc-canh-gat-tu-hut-300x300.jpg 300w, https:\/\/maybommini.vn\/wp-content\/uploads\/2018\/09\/bom-nuoc-canh-gat-tu-hut-150x150.jpg 150w, https:\/\/maybommini.vn\/wp-content\/uploads\/2018\/09\/bom-nuoc-canh-gat-tu-hut-600x600.jpg 600w\" sizes=\"(max-width: 820px) 100vw, 820px\" \/><\/a><\/p>\n<p><strong>H\u01af\u1edaNG D\u1eaaN S\u1eee D\u1ee4NG M\u00c1Y B\u01a0M MINI C\u00c1NH G\u1ea0T &#8211; B\u01a0M \u0110\u00c1Y T\u00c0U<\/strong><br \/>\n&#8211; M\u00e1y b\u01a1m s\u1eed d\u1ee5ng ngu\u1ed3n \u0111i\u1ec7n 12V ho\u1eb7c 24V DC tu\u1ef3 theo d\u00f2ng m\u00e1y s\u1ea3n su\u1ea5t xem tr\u00ean th\u00f4ng s\u1ed1 k\u1ef9 thu\u1eadt c\u1ee7a m\u00e1y b\u01a1m.<br \/>\n&#8211; Ngu\u1ed3n \u0111i\u1ec7n l\u00e0 \u1eaec quy 12V c\u00f3 trong xe, t\u00e0u thuy\u1ec1n cano&#8230;<br \/>\n&#8211; C\u00f3 th\u1ec3 d\u00f9ng bi\u1ebfn th\u1ebf chuy\u1ec3n t\u1eeb \u0111i\u1ec7n 220V xu\u1ed1ng 12V 24V s\u1eed d\u1ee5ng, d\u00f9ng bi\u1ebfn th\u1ebf 220V 12V 24V 15A tr\u1edf l\u00ean.<br \/>\n&#8211; G\u1eafn \u1ed1ng n\u01b0\u1edbc v\u00e0o n\u01b0\u1edbc ra theo chi\u1ec1u m\u0169i t\u00ean c\u00f3 tr\u00ean \u0111\u1ea7u b\u01a1m.<br \/>\n&#8211; M\u00e1y b\u01a1m t\u1ef1 h\u00fat kh\u00f4ng c\u1ea7n m\u1ed3i, b\u01a1m l\u01b0u l\u01b0\u1ee3ng l\u1edbn.<br \/>\n&#8211; Kh\u00f4ng d\u00f9ng b\u01a1m ho\u00e1 ch\u1ea5t \u0103n m\u00f2n, qu\u00e1 tr\u01a1n.<br \/>\n&#8211; Kh\u00f4ng b\u01a1m dung d\u1ecbch n\u00f3ng h\u01a1m 60 \u0111\u1ed9 C.<br \/>\n&#8211; C\u00f3 th\u1ec3 ch\u1ea1y kh\u00f4 th\u1eddi gian ng\u1eafn.<br \/>\n&#8211; L\u1ef1c h\u00fat m\u1ea1nh l\u01b0u l\u01b0\u1ee3ng b\u01a1m cao t\u1ed1t.<br \/>\n&#8211; L\u1eafp \u0111\u1eb7t d\u1ec3 d\u00e0ng.<br \/>\n&#8211; S\u1eed d\u1ee5ng r\u1ed9ng r\u00e3i.<\/p>\n<p><a href=\"https:\/\/maybommini.com\/wp-content\/uploads\/2018\/09\/may-bom-day-tau-thuyen-cano.jpg\" target=\"_blank\" rel=\"noopener\"><img decoding=\"async\" class=\"size-full wp-image-260086 aligncenter\" src=\"https:\/\/maybommini.com\/wp-content\/uploads\/2018\/09\/may-bom-day-tau-thuyen-cano.jpg\" alt=\"May Bom Day Tau Thuyen Cano\" width=\"820\" height=\"820\" srcset=\"https:\/\/maybommini.vn\/wp-content\/uploads\/2018\/09\/may-bom-day-tau-thuyen-cano.jpg 820w, https:\/\/maybommini.vn\/wp-content\/uploads\/2018\/09\/may-bom-day-tau-thuyen-cano-300x300.jpg 300w, https:\/\/maybommini.vn\/wp-content\/uploads\/2018\/09\/may-bom-day-tau-thuyen-cano-150x150.jpg 150w, https:\/\/maybommini.vn\/wp-content\/uploads\/2018\/09\/may-bom-day-tau-thuyen-cano-600x600.jpg 600w\" sizes=\"(max-width: 820px) 100vw, 820px\" \/><\/a><\/p>\n<p><strong>S\u1eec D\u1ee4NG M\u00c1Y B\u01a0M C\u00c1NH G\u1ea0T &#8211; B\u01a0M T\u00c0U THUY\u1ec0N CANO<\/strong><br \/>\n&#8211; D\u00f9ng b\u01a1m c\u1ea5p n\u01b0\u1edbc trong h\u1ec7 th\u1ed1ng.<br \/>\n&#8211; B\u01a1m n\u01b0\u1edbc t\u1ee5 h\u00fat.<br \/>\n&#8211; D\u00f9ng b\u01a1m \u0111\u00e1y t\u00e0u thuy\u1ec1n cano.<br \/>\n&#8211; B\u01a1m n\u01b0\u1edbc ng\u1eadp n\u01b0\u1edbc th\u1ea3i.<br \/>\n&#8211; B\u01a1m n\u01b0\u1edbc l\u00e0m m\u00e1t h\u1ec7 th\u1ed1ng.<br \/>\n&#8211; B\u01a1m n\u01b0\u1edbc l\u00e0m m\u00e1t \u0111\u1ed9ng c\u01a1 ch\u1ea5t l\u1ecfng.<br \/>\n&#8211; B\u01a1m tho\u00e1t n\u01b0\u1edbc d\u1ea5y t\u00e0u thuy\u1ec1n cano.<br \/>\n&#8211; M\u00e1y b\u01a1m n\u01b0\u1edbc l\u00e0m s\u1ea1ch boong t\u00e0u.<br \/>\n&#8211; B\u01a1m r\u01b0\u1ee3u bia th\u1ef1c ph\u1ea9m.<br \/>\n&#8211; M\u00e1y b\u01a1m \u00f4t\u00f4, xe kh\u00e1ch.<br \/>\n<a href=\"https:\/\/maybommini.com\/wp-content\/uploads\/2018\/09\/may-bom-nuoc-tan-nhiet-may-moc.jpg\" target=\"_blank\" rel=\"noopener\"><img decoding=\"async\" class=\"size-full wp-image-260088 aligncenter\" src=\"https:\/\/maybommini.com\/wp-content\/uploads\/2018\/09\/may-bom-nuoc-tan-nhiet-may-moc.jpg\" alt=\"May Bom Nuoc Tan Nhiet May Moc\" width=\"820\" height=\"820\" srcset=\"https:\/\/maybommini.vn\/wp-content\/uploads\/2018\/09\/may-bom-nuoc-tan-nhiet-may-moc.jpg 820w, https:\/\/maybommini.vn\/wp-content\/uploads\/2018\/09\/may-bom-nuoc-tan-nhiet-may-moc-300x300.jpg 300w, https:\/\/maybommini.vn\/wp-content\/uploads\/2018\/09\/may-bom-nuoc-tan-nhiet-may-moc-150x150.jpg 150w, https:\/\/maybommini.vn\/wp-content\/uploads\/2018\/09\/may-bom-nuoc-tan-nhiet-may-moc-600x600.jpg 600w\" sizes=\"(max-width: 820px) 100vw, 820px\" \/><\/a> <a href=\"https:\/\/maybommini.com\/wp-content\/uploads\/2018\/09\/nha-may-san-xuat-may-bom-mino.jpg\" target=\"_blank\" rel=\"noopener\"><img decoding=\"async\" class=\"size-full wp-image-260091 aligncenter\" src=\"https:\/\/maybommini.com\/wp-content\/uploads\/2018\/09\/nha-may-san-xuat-may-bom-mino.jpg\" alt=\"Nha May San Xuat May Bom Mino\" width=\"820\" height=\"820\" srcset=\"https:\/\/maybommini.vn\/wp-content\/uploads\/2018\/09\/nha-may-san-xuat-may-bom-mino.jpg 820w, https:\/\/maybommini.vn\/wp-content\/uploads\/2018\/09\/nha-may-san-xuat-may-bom-mino-300x300.jpg 300w, https:\/\/maybommini.vn\/wp-content\/uploads\/2018\/09\/nha-may-san-xuat-may-bom-mino-150x150.jpg 150w, https:\/\/maybommini.vn\/wp-content\/uploads\/2018\/09\/nha-may-san-xuat-may-bom-mino-600x600.jpg 600w\" sizes=\"(max-width: 820px) 100vw, 820px\" \/><\/a> <a href=\"https:\/\/maybommini.com\/wp-content\/uploads\/2018\/09\/bom-nuoc-may-moc-dong-co-tau-thuyen.jpg\" target=\"_blank\" rel=\"noopener\"><img decoding=\"async\" class=\"size-full wp-image-260085 aligncenter\" src=\"https:\/\/maybommini.com\/wp-content\/uploads\/2018\/09\/bom-nuoc-may-moc-dong-co-tau-thuyen.jpg\" alt=\"Bom Nuoc May Moc Dong Co Tau Thuyen\" width=\"820\" height=\"820\" srcset=\"https:\/\/maybommini.vn\/wp-content\/uploads\/2018\/09\/bom-nuoc-may-moc-dong-co-tau-thuyen.jpg 820w, https:\/\/maybommini.vn\/wp-content\/uploads\/2018\/09\/bom-nuoc-may-moc-dong-co-tau-thuyen-300x300.jpg 300w, https:\/\/maybommini.vn\/wp-content\/uploads\/2018\/09\/bom-nuoc-may-moc-dong-co-tau-thuyen-150x150.jpg 150w, https:\/\/maybommini.vn\/wp-content\/uploads\/2018\/09\/bom-nuoc-may-moc-dong-co-tau-thuyen-600x600.jpg 600w\" sizes=\"(max-width: 820px) 100vw, 820px\" \/><\/a> <a href=\"https:\/\/maybommini.com\/wp-content\/uploads\/2018\/09\/bom-nuoc-canh-gat-tu-hut.jpg\" target=\"_blank\" rel=\"noopener\"><img decoding=\"async\" class=\"size-full wp-image-260084 aligncenter\" src=\"https:\/\/maybommini.com\/wp-content\/uploads\/2018\/09\/bom-nuoc-canh-gat-tu-hut.jpg\" alt=\"Bom Nuoc Canh Gat Tu Hut\" width=\"820\" height=\"820\" srcset=\"https:\/\/maybommini.vn\/wp-content\/uploads\/2018\/09\/bom-nuoc-canh-gat-tu-hut.jpg 820w, https:\/\/maybommini.vn\/wp-content\/uploads\/2018\/09\/bom-nuoc-canh-gat-tu-hut-300x300.jpg 300w, https:\/\/maybommini.vn\/wp-content\/uploads\/2018\/09\/bom-nuoc-canh-gat-tu-hut-150x150.jpg 150w, https:\/\/maybommini.vn\/wp-content\/uploads\/2018\/09\/bom-nuoc-canh-gat-tu-hut-600x600.jpg 600w\" sizes=\"(max-width: 820px) 100vw, 820px\" \/><\/a> <a href=\"https:\/\/maybommini.com\/wp-content\/uploads\/2018\/09\/bom-lam-mat-dong-co-tau-thuyen-cano.jpg\" target=\"_blank\" rel=\"noopener\"><img decoding=\"async\" class=\"size-full wp-image-260083 aligncenter\" src=\"https:\/\/maybommini.com\/wp-content\/uploads\/2018\/09\/bom-lam-mat-dong-co-tau-thuyen-cano.jpg\" alt=\"Bom Lam Mat Dong Co Tau Thuyen Cano\" width=\"820\" height=\"820\" srcset=\"https:\/\/maybommini.vn\/wp-content\/uploads\/2018\/09\/bom-lam-mat-dong-co-tau-thuyen-cano.jpg 820w, https:\/\/maybommini.vn\/wp-content\/uploads\/2018\/09\/bom-lam-mat-dong-co-tau-thuyen-cano-300x300.jpg 300w, https:\/\/maybommini.vn\/wp-content\/uploads\/2018\/09\/bom-lam-mat-dong-co-tau-thuyen-cano-150x150.jpg 150w, https:\/\/maybommini.vn\/wp-content\/uploads\/2018\/09\/bom-lam-mat-dong-co-tau-thuyen-cano-600x600.jpg 600w\" sizes=\"(max-width: 820px) 100vw, 820px\" \/><\/a><\/p>\n","protected":false},"excerpt":{"rendered":"<p>Th\u01b0\u01a1ng hi\u1ec7u: SEAFLO<br \/>\nModel: SFSP1-080-003-01<br \/>\n\u0110i\u1ec7n th\u1ebf: 12V DC<br \/>\nC\u00f4ng su\u1ea5t : 96W<br \/>\nL\u01b0u l\u01b0\u1ee3ng: 30L\/P &#8211; 1800L\/H<br \/>\nLo\u1ea1i b\u01a1m c\u00e1nh g\u1ea1t.<br \/>\nKi\u1ec1u c\u00e1nh: 6 c\u00e1nh cao su<br \/>\nT\u1ef1 h\u00fat n\u01b0\u1edbc.<br \/>\nB\u01a1m \u0111\u1ea9y cao: 3 m\u00e9t<br \/>\nB\u1ea3o v\u1ec7 qu\u00e1 nhi\u1ec7t.<br \/>\nRen g\u1eafn \u1ed1ng : 21mm<br \/>\nCh\u1ea5t li\u1ec7u: \u0110\u1ed3ng &#8211; Th\u00e9p &#8211; Inox &#8211; ABS<br \/>\nK\u00edch th\u01b0\u1edbc:\u00a0195 x 130 x 108 mm<br \/>\nTr\u1ecdng l\u01b0\u1ee3ng: 2.2 Kg<br \/>\nTi\u00eau chu\u1ea9n : CE<br \/>\nTi\u1ebft ki\u1ec7m \u0111i\u1ec7n.<br \/>\nT\u00ecnh tr\u1ea1ng: H\u00e0ng m\u1edbi 100%<br \/>\nKh\u1eb3ng \u0111\u1ecbnh \u0111\u1ed9 an to\u00e0n, ch\u1ea5t l\u01b0\u1ee3ng s\u1ea3n ph\u1ea9m v\u1edbi ng\u01b0\u1eddi ti\u00eau dung.<br \/>\nB\u1ea3o h\u00e0ng: 6 th\u00e1ng<br \/>\nS\u1ea3n ph\u1ea9m nh\u1eadp kh\u1ea9u.<br \/>\nLo\u1ea1i m\u00e1y b\u01a1m cao c\u1ea5p.<\/p>\n","protected":false},"featured_media":260087,"comment_status":"open","ping_status":"closed","template":"","meta":[],"product_brand":[55],"product_cat":[225,562,2047,224,383,1115,1993],"product_tag":[267,2466,708,2467,2469,206,2464,2465,1234,1526,2468],"class_list":{"0":"post-260082","1":"product","2":"type-product","3":"status-publish","4":"has-post-thumbnail","6":"product_brand-hermee","7":"product_cat-may-bom-nuoc-mini-12v","8":"product_cat-may-bom-hoa-chat","9":"product_cat-may-bom-thuc-pham","10":"product_cat-may-bom-nuoc","11":"product_cat-may-bom-xang-dau-nhot","12":"product_cat-may-bom-xang-dau-nhot-12v","13":"product_cat-tan-nhiet-nuoc","14":"product_tag-12v","15":"product_tag-bom-boong-tau","16":"product_tag-bom-day-tau","17":"product_tag-bom-nuoc-lam-mat","18":"product_tag-impeller-pump-for-boats","19":"product_tag-may-bom-12v","20":"product_tag-may-bom-canh-gat","21":"product_tag-may-bom-tau-thuyen","22":"product_tag-may-bom-tu-hut","23":"product_tag-seaflo","24":"product_tag-self-priming-bilge-pumps","26":"first","27":"instock","28":"sale","29":"shipping-taxable","30":"purchasable","31":"product-type-simple"},"_links":{"self":[{"href":"https:\/\/maybommini.vn\/index.php?rest_route=\/wp\/v2\/product\/260082","targetHints":{"allow":["GET"]}}],"collection":[{"href":"https:\/\/maybommini.vn\/index.php?rest_route=\/wp\/v2\/product"}],"about":[{"href":"https:\/\/maybommini.vn\/index.php?rest_route=\/wp\/v2\/types\/product"}],"replies":[{"embeddable":true,"href":"https:\/\/maybommini.vn\/index.php?rest_route=%2Fwp%2Fv2%2Fcomments&post=260082"}],"wp:featuredmedia":[{"embeddable":true,"href":"https:\/\/maybommini.vn\/index.php?rest_route=\/wp\/v2\/media\/260087"}],"wp:attachment":[{"href":"https:\/\/maybommini.vn\/index.php?rest_route=%2Fwp%2Fv2%2Fmedia&parent=260082"}],"wp:term":[{"taxonomy":"product_brand","embeddable":true,"href":"https:\/\/maybommini.vn\/index.php?rest_route=%2Fwp%2Fv2%2Fproduct_brand&post=260082"},{"taxonomy":"product_cat","embeddable":true,"href":"https:\/\/maybommini.vn\/index.php?rest_route=%2Fwp%2Fv2%2Fproduct_cat&post=260082"},{"taxonomy":"product_tag","embeddable":true,"href":"https:\/\/maybommini.vn\/index.php?rest_route=%2Fwp%2Fv2%2Fproduct_tag&post=260082"}],"curies":[{"name":"wp","href":"https:\/\/api.w.org\/{rel}","templated":true}]}}