{"id":260309,"date":"2018-09-20T10:40:53","date_gmt":"2018-09-20T03:40:53","guid":{"rendered":"https:\/\/maybommini.com\/?post_type=product&#038;p=260309"},"modified":"2020-05-23T22:09:45","modified_gmt":"2020-05-23T15:09:45","slug":"may-bom-tan-nhiet-nuoc-sc1000","status":"publish","type":"product","link":"https:\/\/maybommini.vn\/?product=may-bom-tan-nhiet-nuoc-sc1000","title":{"rendered":"M\u00e1y b\u01a1m t\u1ea3n nhi\u1ec7t n\u01b0\u1edbc SC1000"},"content":{"rendered":"<h3><strong>Chuy\u00ean c\u00e1c lo\u1ea1i m\u00e1y b\u01a1m t\u1ea3n nhi\u1ec7t n\u01b0\u1edbc d\u00f9ng cho h\u1ec7 th\u1ed1ng t\u1ea3n nhi\u1ec7t m\u00e1y t\u00ednh, t\u1ea3n nhi\u1ec7t m\u00e1y m\u00f3c thi\u1ebft b\u1ecb, t\u1ea3n nhi\u1ec7t cho xe v\u00e0 c\u00e1c ph\u1ee5 ki\u1ec7n l\u00e0m m\u00e1t kh\u00e1c v\u1edbi ch\u1ea5t l\u01b0\u1ee3ng nh\u1eadp kh\u1ea9u ch\u00ednh h\u00e3ng.<\/strong><\/h3>\n<p><a href=\"https:\/\/maybommini.com\/wp-content\/uploads\/2018\/09\/may-bom-tan-nhiet-nuoc-12v-SC1000-900L.jpg\" target=\"_blank\" rel=\"noopener\"><img decoding=\"async\" class=\"size-full wp-image-260310 aligncenter\" src=\"https:\/\/maybommini.com\/wp-content\/uploads\/2018\/09\/may-bom-tan-nhiet-nuoc-12v-SC1000-900L.jpg\" alt=\"May Bom Tan Nhiet Nuoc 12v SC1000 900L\" width=\"820\" height=\"820\" srcset=\"https:\/\/maybommini.vn\/wp-content\/uploads\/2018\/09\/may-bom-tan-nhiet-nuoc-12v-SC1000-900L.jpg 820w, https:\/\/maybommini.vn\/wp-content\/uploads\/2018\/09\/may-bom-tan-nhiet-nuoc-12v-SC1000-900L-300x300.jpg 300w, https:\/\/maybommini.vn\/wp-content\/uploads\/2018\/09\/may-bom-tan-nhiet-nuoc-12v-SC1000-900L-150x150.jpg 150w, https:\/\/maybommini.vn\/wp-content\/uploads\/2018\/09\/may-bom-tan-nhiet-nuoc-12v-SC1000-900L-600x600.jpg 600w\" sizes=\"(max-width: 820px) 100vw, 820px\" \/><\/a><strong>TH\u00d4NG S\u1ed0 K\u1ef8 THU\u1eacT<\/strong><br \/>\nModel: SC-1000<br \/>\n\u0110i\u1ec7n th\u1ebf: DC 12V<br \/>\nC\u00f4ng su\u1ea5t: 20W<br \/>\nL\u01b0u l\u01b0\u1ee3ng: 900L\/H<br \/>\n\u0110\u1ea9y cao: 1 &#8211; 3 m\u00e9t<br \/>\nHo\u1ea1t \u0111\u1ed9ng \u00eam \u00e1i li\u00ean t\u1ee5c<br \/>\nLo\u1ea1i m\u00e1y b\u01a1m kh\u00f4ng ch\u1ed5i than.<br \/>\nRen g\u1ea5n \u1ed1ng : 13mm &#8211; G1\/4<br \/>\nK\u00edch th\u01b0\u1edbc: 8.5cm x 7cm x 10cm<br \/>\nTr\u1ecdng l\u01b0\u1ee3ng: 500g<\/p>\n<p style=\"text-align: center;\"><a href=\"https:\/\/maybommini.com\/wp-content\/uploads\/2018\/09\/may-bom-tan-nhiet-nuoc-12v-SC1000-900L.jpg\" target=\"_blank\" rel=\"noopener\"><img decoding=\"async\" class=\"size-full wp-image-260310 aligncenter\" src=\"https:\/\/maybommini.com\/wp-content\/uploads\/2018\/09\/may-bom-tan-nhiet-nuoc-12v-SC1000-900L.jpg\" alt=\"May Bom Tan Nhiet Nuoc 12v SC1000 900L\" width=\"820\" height=\"820\" srcset=\"https:\/\/maybommini.vn\/wp-content\/uploads\/2018\/09\/may-bom-tan-nhiet-nuoc-12v-SC1000-900L.jpg 820w, https:\/\/maybommini.vn\/wp-content\/uploads\/2018\/09\/may-bom-tan-nhiet-nuoc-12v-SC1000-900L-300x300.jpg 300w, https:\/\/maybommini.vn\/wp-content\/uploads\/2018\/09\/may-bom-tan-nhiet-nuoc-12v-SC1000-900L-150x150.jpg 150w, https:\/\/maybommini.vn\/wp-content\/uploads\/2018\/09\/may-bom-tan-nhiet-nuoc-12v-SC1000-900L-600x600.jpg 600w\" sizes=\"(max-width: 820px) 100vw, 820px\" \/><\/a><\/p>\n<p><strong>HO\u1ea0T V\u00c0 S\u1eec D\u1ee4NG M\u00c1Y B\u01a0M T\u1ea2N NHI\u1ec6T N\u01af\u1edaC SC1000<\/strong><br \/>\n1. Nhi\u1ec7t \u0111\u1ed9 m\u00f4i tr\u01b0\u1eddng: 0-40 \u00b0 C<br \/>\n2. \u0110\u1ed9 \u1ea9m m\u00f4i tr\u01b0\u1eddng: 90% RH tr\u1edf xu\u1ed1ng<br \/>\n3. S\u1eed d\u1ee5ng dung d\u1ecbch: kh\u00f4ng \u0103n m\u00f2n axit v\u00e0 ki\u1ec1m, vv Kh\u00f4ng c\u00f3 t\u1ea1p ch\u1ea5t l\u1ecfng<br \/>\n4. Nhi\u1ec7t \u0111\u1ed9 l\u00e0m vi\u1ec7c: 0-50 \u00b0 C<br \/>\n5. L\u00e0m vi\u1ec7c trong tr\u1ea1ng th\u00e1i kh\u00f4ng c\u00f3 n\u01b0\u1edbc.<\/p>\n<h3 style=\"text-align: center;\"><a href=\"https:\/\/maybommini.com\/wp-content\/uploads\/2018\/09\/he-thong-tan-nhiet-nuoc-cho-may-tinh.jpg\" target=\"_blank\" rel=\"noopener\"><img decoding=\"async\" class=\"size-full wp-image-260313 aligncenter\" src=\"https:\/\/maybommini.com\/wp-content\/uploads\/2018\/09\/he-thong-tan-nhiet-nuoc-cho-may-tinh.jpg\" alt=\"He Thong Tan Nhiet Nuoc Cho May Tinh\" width=\"820\" height=\"820\" srcset=\"https:\/\/maybommini.vn\/wp-content\/uploads\/2018\/09\/he-thong-tan-nhiet-nuoc-cho-may-tinh.jpg 820w, https:\/\/maybommini.vn\/wp-content\/uploads\/2018\/09\/he-thong-tan-nhiet-nuoc-cho-may-tinh-300x300.jpg 300w, https:\/\/maybommini.vn\/wp-content\/uploads\/2018\/09\/he-thong-tan-nhiet-nuoc-cho-may-tinh-150x150.jpg 150w, https:\/\/maybommini.vn\/wp-content\/uploads\/2018\/09\/he-thong-tan-nhiet-nuoc-cho-may-tinh-600x600.jpg 600w, https:\/\/maybommini.vn\/wp-content\/uploads\/2018\/09\/he-thong-tan-nhiet-nuoc-cho-may-tinh-768x768.jpg 768w\" sizes=\"(max-width: 820px) 100vw, 820px\" \/><\/a> <a href=\"https:\/\/maybommini.com\/wp-content\/uploads\/2018\/09\/may-tinh-tan-nhiet-nuoc.jpg\" target=\"_blank\" rel=\"noopener\"><img decoding=\"async\" class=\"size-full wp-image-260314 aligncenter\" src=\"https:\/\/maybommini.com\/wp-content\/uploads\/2018\/09\/may-tinh-tan-nhiet-nuoc.jpg\" alt=\"May Tinh Tan Nhiet Nuoc\" width=\"820\" height=\"820\" srcset=\"https:\/\/maybommini.vn\/wp-content\/uploads\/2018\/09\/may-tinh-tan-nhiet-nuoc.jpg 820w, https:\/\/maybommini.vn\/wp-content\/uploads\/2018\/09\/may-tinh-tan-nhiet-nuoc-300x300.jpg 300w, https:\/\/maybommini.vn\/wp-content\/uploads\/2018\/09\/may-tinh-tan-nhiet-nuoc-150x150.jpg 150w, https:\/\/maybommini.vn\/wp-content\/uploads\/2018\/09\/may-tinh-tan-nhiet-nuoc-600x600.jpg 600w\" sizes=\"(max-width: 820px) 100vw, 820px\" \/><\/a><strong>M\u00e1y b\u01a1m t\u1ea3n nhi\u1ec7t n\u01b0\u1edbc SC1000<\/strong><\/h3>\n","protected":false},"excerpt":{"rendered":"<p>Model: SC-1000<br \/>\n\u0110i\u1ec7n th\u1ebf: DC 12V<br \/>\nC\u00f4ng su\u1ea5t: 20W<br \/>\nL\u01b0u l\u01b0\u1ee3ng: 900L\/H<br \/>\n\u0110\u1ea9y cao: 1 &#8211; 3 m\u00e9t<br \/>\nHo\u1ea1t \u0111\u1ed9ng \u00eam \u00e1i li\u00ean t\u1ee5c<br \/>\nLo\u1ea1i m\u00e1y b\u01a1m kh\u00f4ng ch\u1ed5i than.<br \/>\nRen g\u1ea5n \u1ed1ng : 13mm &#8211; G1\/4<br \/>\nK\u00edch th\u01b0\u1edbc: 8.5cm x 7cm x 10cm<br \/>\nTr\u1ecdng l\u01b0\u1ee3ng: 500g<br \/>\nB\u1ea3o h\u00e0nh: 6 th\u00e1ng.<br \/>\nS\u1ea3n ph\u1ea9m cao c\u1ea5p<\/p>\n","protected":false},"featured_media":260310,"comment_status":"open","ping_status":"closed","template":"","meta":[],"product_brand":[2227],"product_cat":[1993,224,225],"product_tag":[267,2511,2514,2510,2509,2513,2512,1501,2148,2143],"class_list":{"0":"post-260309","1":"product","2":"type-product","3":"status-publish","4":"has-post-thumbnail","6":"product_brand-mtm","7":"product_cat-tan-nhiet-nuoc","8":"product_cat-may-bom-nuoc","9":"product_cat-may-bom-nuoc-mini-12v","10":"product_tag-12v","11":"product_tag-bom-nuoc-tan-nhiet","12":"product_tag-bom-tan-nhiet-12v","13":"product_tag-he-thong-tan-nhiet","14":"product_tag-may-bom-tan-nhiet","15":"product_tag-sc-1000","16":"product_tag-sc1000","17":"product_tag-tan-nhiet","18":"product_tag-tan-nhiet-may-tinh","19":"product_tag-tan-nhiet-nuoc","21":"first","22":"instock","23":"sale","24":"shipping-taxable","25":"purchasable","26":"product-type-simple"},"_links":{"self":[{"href":"https:\/\/maybommini.vn\/index.php?rest_route=\/wp\/v2\/product\/260309","targetHints":{"allow":["GET"]}}],"collection":[{"href":"https:\/\/maybommini.vn\/index.php?rest_route=\/wp\/v2\/product"}],"about":[{"href":"https:\/\/maybommini.vn\/index.php?rest_route=\/wp\/v2\/types\/product"}],"replies":[{"embeddable":true,"href":"https:\/\/maybommini.vn\/index.php?rest_route=%2Fwp%2Fv2%2Fcomments&post=260309"}],"wp:featuredmedia":[{"embeddable":true,"href":"https:\/\/maybommini.vn\/index.php?rest_route=\/wp\/v2\/media\/260310"}],"wp:attachment":[{"href":"https:\/\/maybommini.vn\/index.php?rest_route=%2Fwp%2Fv2%2Fmedia&parent=260309"}],"wp:term":[{"taxonomy":"product_brand","embeddable":true,"href":"https:\/\/maybommini.vn\/index.php?rest_route=%2Fwp%2Fv2%2Fproduct_brand&post=260309"},{"taxonomy":"product_cat","embeddable":true,"href":"https:\/\/maybommini.vn\/index.php?rest_route=%2Fwp%2Fv2%2Fproduct_cat&post=260309"},{"taxonomy":"product_tag","embeddable":true,"href":"https:\/\/maybommini.vn\/index.php?rest_route=%2Fwp%2Fv2%2Fproduct_tag&post=260309"}],"curies":[{"name":"wp","href":"https:\/\/api.w.org\/{rel}","templated":true}]}}