{"id":260351,"date":"2018-09-22T16:34:35","date_gmt":"2018-09-22T09:34:35","guid":{"rendered":"https:\/\/maybommini.com\/?post_type=product&#038;p=260351"},"modified":"2020-05-23T22:07:34","modified_gmt":"2020-05-23T15:07:34","slug":"pin-may-khoan-sung-ban-vit-21v-1-5ah","status":"publish","type":"product","link":"https:\/\/maybommini.vn\/?product=pin-may-khoan-sung-ban-vit-21v-1-5ah","title":{"rendered":"Pin m\u00e1y khoan s\u00fang b\u1eafn v\u00edt 21V 1.5Ah"},"content":{"rendered":"<p><strong>Chuy\u00ean ph\u00e2n ph\u1ed1i s\u1ec9 v\u00e0 l\u1ebb c\u00e1c lo\u1ea1i pin m\u00e1y khoan s\u00fang b\u1eafn v\u00edt 21V cao c\u1ea5p\u00a0d\u00f9ng cho c\u00e1c lo\u1ea1i m\u00e1y khoan b\u1eafn v\u00edt c\u1ea7m tay. \u0110\u00e2y l\u00e0 lo\u1ea1i Pin chu\u1ea9n c\u00f3 \u0111\u1ebf g\u1eafn ki\u1ec1u vu\u00f4ng c\u00f3 4 c\u1ea1nh tr\u00f2n ph\u00f9 h\u1ee3p nhi\u1ec1u lo\u1ea1i m\u00e1y khoan c\u1ea7m tay hi\u1ec7n nay tr\u00ean th\u1ecb tr\u01b0\u1eddng.<\/strong><\/p>\n<p><a href=\"https:\/\/maybommini.com\/wp-content\/uploads\/2018\/09\/pin-21v-may-khoan-sung-ban-vit.jpg\" target=\"_blank\" rel=\"noopener\"><img decoding=\"async\" class=\"size-full wp-image-260360 aligncenter\" src=\"https:\/\/maybommini.com\/wp-content\/uploads\/2018\/09\/pin-21v-may-khoan-sung-ban-vit.jpg\" alt=\"Pin 21v May Khoan Sung Ban Vit\" width=\"820\" height=\"820\" srcset=\"https:\/\/maybommini.vn\/wp-content\/uploads\/2018\/09\/pin-21v-may-khoan-sung-ban-vit.jpg 820w, https:\/\/maybommini.vn\/wp-content\/uploads\/2018\/09\/pin-21v-may-khoan-sung-ban-vit-300x300.jpg 300w, https:\/\/maybommini.vn\/wp-content\/uploads\/2018\/09\/pin-21v-may-khoan-sung-ban-vit-150x150.jpg 150w, https:\/\/maybommini.vn\/wp-content\/uploads\/2018\/09\/pin-21v-may-khoan-sung-ban-vit-600x600.jpg 600w\" sizes=\"(max-width: 820px) 100vw, 820px\" \/><\/a><\/p>\n<p><strong>TH\u00d4NG S\u1ed0 K\u1ef8 THU\u1eacT<\/strong><br \/>\nModel: PIN-21V-LI-ION-1.5Ah<br \/>\nDung l\u01b0\u1ee3ng: 1.500 mAh<br \/>\nLo\u1ea1i pin: Lithium Li-ion<br \/>\nKi\u1ec3u: Vu\u00f4ng<br \/>\nS\u1ea1c: C\u00f3 ch\u00e2n c\u1ea5m s\u1ea1c<br \/>\n\u0110\u00e8n b\u00e1o: kh\u00f4ng<br \/>\nCh\u1ea5t li\u1ec7u: Nh\u1ef1a<br \/>\nTr\u1ecdng l\u01b0\u1ee3ng: 312g<\/p>\n<p><a href=\"https:\/\/maybommini.com\/wp-content\/uploads\/2018\/09\/kich-thuoc-pin-21v.jpg\" target=\"_blank\" rel=\"noopener\"><img decoding=\"async\" class=\"size-full wp-image-260358 aligncenter\" src=\"https:\/\/maybommini.com\/wp-content\/uploads\/2018\/09\/kich-thuoc-pin-21v.jpg\" alt=\"Kich Thuoc Pin 21v\" width=\"820\" height=\"820\" srcset=\"https:\/\/maybommini.vn\/wp-content\/uploads\/2018\/09\/kich-thuoc-pin-21v.jpg 820w, https:\/\/maybommini.vn\/wp-content\/uploads\/2018\/09\/kich-thuoc-pin-21v-300x300.jpg 300w, https:\/\/maybommini.vn\/wp-content\/uploads\/2018\/09\/kich-thuoc-pin-21v-150x150.jpg 150w, https:\/\/maybommini.vn\/wp-content\/uploads\/2018\/09\/kich-thuoc-pin-21v-600x600.jpg 600w\" sizes=\"(max-width: 820px) 100vw, 820px\" \/><\/a> <a href=\"https:\/\/maybommini.com\/wp-content\/uploads\/2018\/09\/cau-tao-va-su-dung-pin-may-khoan-21v.jpg\" target=\"_blank\" rel=\"noopener\"><img decoding=\"async\" class=\"size-full wp-image-260356 aligncenter\" src=\"https:\/\/maybommini.com\/wp-content\/uploads\/2018\/09\/cau-tao-va-su-dung-pin-may-khoan-21v.jpg\" alt=\"Cau Tao Va Su Dung Pin May Khoan 21v\" width=\"820\" height=\"820\" srcset=\"https:\/\/maybommini.vn\/wp-content\/uploads\/2018\/09\/cau-tao-va-su-dung-pin-may-khoan-21v.jpg 820w, https:\/\/maybommini.vn\/wp-content\/uploads\/2018\/09\/cau-tao-va-su-dung-pin-may-khoan-21v-300x300.jpg 300w, https:\/\/maybommini.vn\/wp-content\/uploads\/2018\/09\/cau-tao-va-su-dung-pin-may-khoan-21v-150x150.jpg 150w, https:\/\/maybommini.vn\/wp-content\/uploads\/2018\/09\/cau-tao-va-su-dung-pin-may-khoan-21v-600x600.jpg 600w\" sizes=\"(max-width: 820px) 100vw, 820px\" \/><\/a> <a href=\"https:\/\/maybommini.com\/wp-content\/uploads\/2018\/09\/chuyen-ban-pin-may-khoan-pin-cam-tay.jpg\" target=\"_blank\" rel=\"noopener\"><img decoding=\"async\" class=\"size-full wp-image-260357 aligncenter\" src=\"https:\/\/maybommini.com\/wp-content\/uploads\/2018\/09\/chuyen-ban-pin-may-khoan-pin-cam-tay.jpg\" alt=\"Chuyen Ban Pin May Khoan Pin Cam Tay\" width=\"820\" height=\"820\" srcset=\"https:\/\/maybommini.vn\/wp-content\/uploads\/2018\/09\/chuyen-ban-pin-may-khoan-pin-cam-tay.jpg 820w, https:\/\/maybommini.vn\/wp-content\/uploads\/2018\/09\/chuyen-ban-pin-may-khoan-pin-cam-tay-300x300.jpg 300w, https:\/\/maybommini.vn\/wp-content\/uploads\/2018\/09\/chuyen-ban-pin-may-khoan-pin-cam-tay-150x150.jpg 150w, https:\/\/maybommini.vn\/wp-content\/uploads\/2018\/09\/chuyen-ban-pin-may-khoan-pin-cam-tay-600x600.jpg 600w\" sizes=\"(max-width: 820px) 100vw, 820px\" \/><\/a> <a href=\"https:\/\/maybommini.com\/wp-content\/uploads\/2018\/09\/pin-may-khoan-cam-tay-21v.jpg\" target=\"_blank\" rel=\"noopener\"><img decoding=\"async\" class=\"size-full wp-image-260354 aligncenter\" src=\"https:\/\/maybommini.com\/wp-content\/uploads\/2018\/09\/pin-may-khoan-cam-tay-21v.jpg\" alt=\"Pin May Khoan Cam Tay 21v\" width=\"820\" height=\"820\" srcset=\"https:\/\/maybommini.vn\/wp-content\/uploads\/2018\/09\/pin-may-khoan-cam-tay-21v.jpg 820w, https:\/\/maybommini.vn\/wp-content\/uploads\/2018\/09\/pin-may-khoan-cam-tay-21v-300x300.jpg 300w, https:\/\/maybommini.vn\/wp-content\/uploads\/2018\/09\/pin-may-khoan-cam-tay-21v-150x150.jpg 150w, https:\/\/maybommini.vn\/wp-content\/uploads\/2018\/09\/pin-may-khoan-cam-tay-21v-600x600.jpg 600w\" sizes=\"(max-width: 820px) 100vw, 820px\" \/><\/a> <a href=\"https:\/\/maybommini.com\/wp-content\/uploads\/2018\/09\/pin-may-khoan-cam-tay.jpg\" target=\"_blank\" rel=\"noopener\"><img decoding=\"async\" class=\"size-full wp-image-260353 aligncenter\" src=\"https:\/\/maybommini.com\/wp-content\/uploads\/2018\/09\/pin-may-khoan-cam-tay.jpg\" alt=\"Pin May Khoan Cam Tay\" width=\"820\" height=\"820\" srcset=\"https:\/\/maybommini.vn\/wp-content\/uploads\/2018\/09\/pin-may-khoan-cam-tay.jpg 820w, https:\/\/maybommini.vn\/wp-content\/uploads\/2018\/09\/pin-may-khoan-cam-tay-300x300.jpg 300w, https:\/\/maybommini.vn\/wp-content\/uploads\/2018\/09\/pin-may-khoan-cam-tay-150x150.jpg 150w, https:\/\/maybommini.vn\/wp-content\/uploads\/2018\/09\/pin-may-khoan-cam-tay-600x600.jpg 600w\" sizes=\"(max-width: 820px) 100vw, 820px\" \/><\/a> <a href=\"https:\/\/maybommini.com\/wp-content\/uploads\/2018\/09\/phan-phoi-si-le-cac-loai-pin-may-khoan-cam-tay.jpg\" target=\"_blank\" rel=\"noopener\"><img decoding=\"async\" class=\"size-full wp-image-260352 aligncenter\" src=\"https:\/\/maybommini.com\/wp-content\/uploads\/2018\/09\/phan-phoi-si-le-cac-loai-pin-may-khoan-cam-tay.jpg\" alt=\"Phan Phoi Si Le Cac Loai Pin May Khoan Cam Tay\" width=\"820\" height=\"820\" srcset=\"https:\/\/maybommini.vn\/wp-content\/uploads\/2018\/09\/phan-phoi-si-le-cac-loai-pin-may-khoan-cam-tay.jpg 820w, https:\/\/maybommini.vn\/wp-content\/uploads\/2018\/09\/phan-phoi-si-le-cac-loai-pin-may-khoan-cam-tay-300x300.jpg 300w, https:\/\/maybommini.vn\/wp-content\/uploads\/2018\/09\/phan-phoi-si-le-cac-loai-pin-may-khoan-cam-tay-150x150.jpg 150w, https:\/\/maybommini.vn\/wp-content\/uploads\/2018\/09\/phan-phoi-si-le-cac-loai-pin-may-khoan-cam-tay-600x600.jpg 600w\" sizes=\"(max-width: 820px) 100vw, 820px\" \/><\/a><\/p>\n<p>&nbsp;<\/p>\n<p><strong>S\u1eec D\u1ee4NG\u00a0PIN M\u00c1Y KHOAN C\u1ea6M TAY<\/strong><br \/>\n&#8211; D\u00f9ng thay th\u1ebf Pin m\u00e1y khoan c\u1ea7m tay.<br \/>\n&#8211; D\u00f9ng l\u00e0m pin d\u1ef1 ph\u00f2ng cho <a href=\"http:\/\/MAY K\" target=\"_blank\" rel=\"noopener noreferrer\">m\u00e1y khoan c\u1ea7m tay<\/a> b\u1eafn v\u00edt 21V.<br \/>\n&#8211; D\u00f9ng cho c\u00e1c lo\u1ea1i m\u00e1y khoan c\u1ea7m tay c\u00f3 lo\u1ea1i pin r\u1eddi s\u1ea1c.<br \/>\n&#8211; D\u00f9ng cho c\u00e1c lo\u1ea1i m\u00e1y khoan Makita.<br \/>\n&#8211; Pin cho s\u00fang b\u1eafn v\u00edt Makia 21V.<br \/>\n&#8211; Pin cho thi\u1ebft b\u1ecb c\u1ea7m tay 21V Makita.<\/p>\n<p><a href=\"https:\/\/maybommini.com\/wp-content\/uploads\/2018\/09\/nha-cung-cap-cac-loai-pin-may-khoan-gia-tot.jpg\" target=\"_blank\" rel=\"noopener\"><img decoding=\"async\" class=\"size-full wp-image-260359 aligncenter\" src=\"https:\/\/maybommini.com\/wp-content\/uploads\/2018\/09\/nha-cung-cap-cac-loai-pin-may-khoan-gia-tot.jpg\" alt=\"Nha Cung Cap Cac Loai Pin May Khoan Gia Tot\" width=\"820\" height=\"820\" srcset=\"https:\/\/maybommini.vn\/wp-content\/uploads\/2018\/09\/nha-cung-cap-cac-loai-pin-may-khoan-gia-tot.jpg 820w, https:\/\/maybommini.vn\/wp-content\/uploads\/2018\/09\/nha-cung-cap-cac-loai-pin-may-khoan-gia-tot-300x300.jpg 300w, https:\/\/maybommini.vn\/wp-content\/uploads\/2018\/09\/nha-cung-cap-cac-loai-pin-may-khoan-gia-tot-150x150.jpg 150w, https:\/\/maybommini.vn\/wp-content\/uploads\/2018\/09\/nha-cung-cap-cac-loai-pin-may-khoan-gia-tot-600x600.jpg 600w\" sizes=\"(max-width: 820px) 100vw, 820px\" \/><\/a><\/p>\n<p><strong>MUA PIN 12V 16.8V 21V M\u00c1Y KHOAN S\u00daNG B\u1eaeN V\u00cdT\u00a0\u1ede \u0110\u00c2U ?<\/strong><br \/>\nCh\u00fang t\u00f4i chuy\u00ean nh\u1eadp kh\u1ea7u v\u00e0 ph\u00e2n ph\u1ed1i c\u00e1c lo\u1ea1i m\u00e1y khoan pin 12V 16.8V 21V c\u1ea7m tay v\u00e0 pin m\u00e1y khoan c\u00e1c lo\u1ea1i \u1ee1 Vi\u1ec7t Nam. V\u1edbi gi\u00e1 t\u1ed1t ch\u00ednh h\u00e3ng b\u1ea3o h\u00e0nh l\u00e2u d\u00e0i \u0111\u00e2y l\u00e0 l\u1ef1a ch\u1ecdn cho kh\u00e1ch h\u00e0ng c\u1ee7a ch\u00fang t\u00f4i trong th\u1eddi gian qua.<\/p>\n<p><a href=\"https:\/\/maybommini.com\/wp-content\/uploads\/2018\/09\/pin-may-khoan-makita-21v.jpg\" target=\"_blank\" rel=\"noopener\"><img decoding=\"async\" class=\"size-full wp-image-260355 aligncenter\" src=\"https:\/\/maybommini.com\/wp-content\/uploads\/2018\/09\/pin-may-khoan-makita-21v.jpg\" alt=\"Pin May Khoan Makita 21v\" width=\"820\" height=\"820\" srcset=\"https:\/\/maybommini.vn\/wp-content\/uploads\/2018\/09\/pin-may-khoan-makita-21v.jpg 820w, https:\/\/maybommini.vn\/wp-content\/uploads\/2018\/09\/pin-may-khoan-makita-21v-300x300.jpg 300w, https:\/\/maybommini.vn\/wp-content\/uploads\/2018\/09\/pin-may-khoan-makita-21v-150x150.jpg 150w, https:\/\/maybommini.vn\/wp-content\/uploads\/2018\/09\/pin-may-khoan-makita-21v-600x600.jpg 600w\" sizes=\"(max-width: 820px) 100vw, 820px\" \/><\/a><\/p>\n<p><a href=\"https:\/\/maybommini.com\/wp-content\/uploads\/2018\/09\/chuyen-ban-pin-may-khoan-pin-cam-tay.jpg\" target=\"_blank\" rel=\"noopener\"><img decoding=\"async\" class=\"size-full wp-image-260357 aligncenter\" src=\"https:\/\/maybommini.com\/wp-content\/uploads\/2018\/09\/chuyen-ban-pin-may-khoan-pin-cam-tay.jpg\" alt=\"Chuyen Ban Pin May Khoan Pin Cam Tay\" width=\"820\" height=\"820\" srcset=\"https:\/\/maybommini.vn\/wp-content\/uploads\/2018\/09\/chuyen-ban-pin-may-khoan-pin-cam-tay.jpg 820w, https:\/\/maybommini.vn\/wp-content\/uploads\/2018\/09\/chuyen-ban-pin-may-khoan-pin-cam-tay-300x300.jpg 300w, https:\/\/maybommini.vn\/wp-content\/uploads\/2018\/09\/chuyen-ban-pin-may-khoan-pin-cam-tay-150x150.jpg 150w, https:\/\/maybommini.vn\/wp-content\/uploads\/2018\/09\/chuyen-ban-pin-may-khoan-pin-cam-tay-600x600.jpg 600w\" sizes=\"(max-width: 820px) 100vw, 820px\" \/><\/a> <a href=\"https:\/\/maybommini.com\/wp-content\/uploads\/2018\/09\/kich-thuoc-pin-21v.jpg\" target=\"_blank\" rel=\"noopener\"><img decoding=\"async\" class=\"size-full wp-image-260358 aligncenter\" src=\"https:\/\/maybommini.com\/wp-content\/uploads\/2018\/09\/kich-thuoc-pin-21v.jpg\" alt=\"Kich Thuoc Pin 21v\" width=\"820\" height=\"820\" srcset=\"https:\/\/maybommini.vn\/wp-content\/uploads\/2018\/09\/kich-thuoc-pin-21v.jpg 820w, https:\/\/maybommini.vn\/wp-content\/uploads\/2018\/09\/kich-thuoc-pin-21v-300x300.jpg 300w, https:\/\/maybommini.vn\/wp-content\/uploads\/2018\/09\/kich-thuoc-pin-21v-150x150.jpg 150w, https:\/\/maybommini.vn\/wp-content\/uploads\/2018\/09\/kich-thuoc-pin-21v-600x600.jpg 600w\" sizes=\"(max-width: 820px) 100vw, 820px\" \/><\/a><\/p>\n<p><strong>CTY TNHH TH\u01af\u01a0NG M\u1ea0I D\u1ecaCH V\u1ee4 \u0110I\u1ec6N M\u00c1Y TH\u00d4NG MINH<\/strong><br \/>\nHotline : 090 729 4310<br \/>\nEmail : maybommini.com@gmail.com<br \/>\nWebsite : http:\/\/maybommini.com<br \/>\nFacebook : <a href=\"https:\/\/www.facebook.com\/maybommini\" target=\"_blank\" rel=\"noopener noreferrer\">https:\/\/www.facebook.com\/maybommini<\/a><br \/>\nGoogle : <a href=\"https:\/\/plus.google.com\/ Maybomnuocminiruaxe\" target=\"_blank\" rel=\"noopener noreferrer\">https:\/\/plus.google.com\/ Maybomnuocminiruaxe<\/a><br \/>\nYoutube demo : <a href=\"https:\/\/www.youtube.com\/bahamasali\" target=\"_blank\" rel=\"noopener noreferrer\">https:\/\/www.youtube.com\/bahamasali<\/a><\/p>\n<h3 style=\"text-align: center;\">Pin m\u00e1y khoan s\u00fang b\u1eafn v\u00edt 21V 1.5Ah<\/h3>\n","protected":false},"excerpt":{"rendered":"<p>Model: PIN-21V-LI-ION-1.5Ah<br \/>\nDung l\u01b0\u1ee3ng: 1.500 mAh<br \/>\nLo\u1ea1i pin: Lithium Li-ion<br \/>\nKi\u1ec3u: Vu\u00f4ng<br \/>\nS\u1ea1c: C\u00f3 ch\u00e2n c\u1ea5m s\u1ea1c<br \/>\n\u0110\u00e8n b\u00e1o: kh\u00f4ng<br \/>\nCh\u1ea5t li\u1ec7u: Nh\u1ef1a<br \/>\nTr\u1ecdng l\u01b0\u1ee3ng: 312g<br \/>\nB\u1ea3o h\u00e0nh: 1 th\u00e1ng<\/p>\n","protected":false},"featured_media":260360,"comment_status":"open","ping_status":"closed","template":"","meta":[],"product_brand":[2227],"product_cat":[421,214,828],"product_tag":[267,2162,2164,2533,430,1133,2163,2530,1134,1135,1136,2165,1137,2531,2532],"class_list":{"0":"post-260351","1":"product","2":"type-product","3":"status-publish","4":"has-post-thumbnail","6":"product_brand-mtm","7":"product_cat-pin-sac","8":"product_cat-phu-kien-bom-nuoc","9":"product_cat-may-khoan-ban-vit","10":"product_tag-12v","11":"product_tag-16-8v","12":"product_tag-21v","13":"product_tag-khoan-tay","14":"product_tag-pin","15":"product_tag-pin-12v-may-khoan","16":"product_tag-pin-16-8v","17":"product_tag-pin-21v-makita","18":"product_tag-pin-li-ion","19":"product_tag-pin-may-ban-vit","20":"product_tag-pin-may-khoan","21":"product_tag-pin-may-khoan-21v","22":"product_tag-pin-sac-may-khoan","23":"product_tag-pin-sung-cam-tay","24":"product_tag-sung-ban-vit","26":"first","27":"instock","28":"sale","29":"shipping-taxable","30":"purchasable","31":"product-type-simple"},"_links":{"self":[{"href":"https:\/\/maybommini.vn\/index.php?rest_route=\/wp\/v2\/product\/260351","targetHints":{"allow":["GET"]}}],"collection":[{"href":"https:\/\/maybommini.vn\/index.php?rest_route=\/wp\/v2\/product"}],"about":[{"href":"https:\/\/maybommini.vn\/index.php?rest_route=\/wp\/v2\/types\/product"}],"replies":[{"embeddable":true,"href":"https:\/\/maybommini.vn\/index.php?rest_route=%2Fwp%2Fv2%2Fcomments&post=260351"}],"wp:featuredmedia":[{"embeddable":true,"href":"https:\/\/maybommini.vn\/index.php?rest_route=\/wp\/v2\/media\/260360"}],"wp:attachment":[{"href":"https:\/\/maybommini.vn\/index.php?rest_route=%2Fwp%2Fv2%2Fmedia&parent=260351"}],"wp:term":[{"taxonomy":"product_brand","embeddable":true,"href":"https:\/\/maybommini.vn\/index.php?rest_route=%2Fwp%2Fv2%2Fproduct_brand&post=260351"},{"taxonomy":"product_cat","embeddable":true,"href":"https:\/\/maybommini.vn\/index.php?rest_route=%2Fwp%2Fv2%2Fproduct_cat&post=260351"},{"taxonomy":"product_tag","embeddable":true,"href":"https:\/\/maybommini.vn\/index.php?rest_route=%2Fwp%2Fv2%2Fproduct_tag&post=260351"}],"curies":[{"name":"wp","href":"https:\/\/api.w.org\/{rel}","templated":true}]}}