{"id":260371,"date":"2018-09-25T09:59:40","date_gmt":"2018-09-25T02:59:40","guid":{"rendered":"https:\/\/maybommini.com\/?post_type=product&#038;p=260371"},"modified":"2020-05-23T22:06:25","modified_gmt":"2020-05-23T15:06:25","slug":"may-bom-tan-nhiet-nuoc-sc-300t","status":"publish","type":"product","link":"https:\/\/maybommini.vn\/?product=may-bom-tan-nhiet-nuoc-sc-300t","title":{"rendered":"M\u00e1y b\u01a1m t\u1ea3n nhi\u1ec7t n\u01b0\u1edbc SC-300T"},"content":{"rendered":"<h3><strong>Chuy\u00ean c\u00e1c lo\u1ea1i m\u00e1y b\u01a1m t\u1ea3n nhi\u1ec7t n\u01b0\u1edbc d\u00f9ng cho h\u1ec7 th\u1ed1ng t\u1ea3n nhi\u1ec7t m\u00e1y t\u00ednh, t\u1ea3n nhi\u1ec7t m\u00e1y m\u00f3c thi\u1ebft b\u1ecb, t\u1ea3n nhi\u1ec7t cho xe v\u00e0 c\u00e1c ph\u1ee5 ki\u1ec7n l\u00e0m m\u00e1t kh\u00e1c v\u1edbi ch\u1ea5t l\u01b0\u1ee3ng nh\u1eadp kh\u1ea9u ch\u00ednh h\u00e3ng.<\/strong><\/h3>\n<p><a href=\"https:\/\/maybommini.com\/wp-content\/uploads\/2018\/09\/bom-tuan-hoan-nuoc-lam-mat-SC-300T.jpg\" target=\"_blank\" rel=\"noopener\"><img decoding=\"async\" class=\"size-full wp-image-260376 aligncenter\" src=\"https:\/\/maybommini.com\/wp-content\/uploads\/2018\/09\/bom-tuan-hoan-nuoc-lam-mat-SC-300T.jpg\" alt=\"Bom Tuan Hoan Nuoc Lam Mat SC 300T\" width=\"820\" height=\"820\" srcset=\"https:\/\/maybommini.vn\/wp-content\/uploads\/2018\/09\/bom-tuan-hoan-nuoc-lam-mat-SC-300T.jpg 820w, https:\/\/maybommini.vn\/wp-content\/uploads\/2018\/09\/bom-tuan-hoan-nuoc-lam-mat-SC-300T-300x300.jpg 300w, https:\/\/maybommini.vn\/wp-content\/uploads\/2018\/09\/bom-tuan-hoan-nuoc-lam-mat-SC-300T-150x150.jpg 150w, https:\/\/maybommini.vn\/wp-content\/uploads\/2018\/09\/bom-tuan-hoan-nuoc-lam-mat-SC-300T-600x600.jpg 600w\" sizes=\"(max-width: 820px) 100vw, 820px\" \/><\/a><\/p>\n<p><strong>TH\u00d4NG S\u1ed0 K\u1ef8 THU\u1eacT<\/strong><br \/>\nModel: SC-300T<br \/>\n\u0110i\u1ec7n th\u1ebf: DC 12V<br \/>\nC\u00f4ng su\u1ea5t: 4.8W<br \/>\nL\u01b0u l\u01b0\u1ee3ng: 300L\/H<br \/>\n\u0110\u1ea9y cao: 1 &#8211; 1.9 m\u00e9t<br \/>\nHo\u1ea1t \u0111\u1ed9ng \u00eam \u00e1i li\u00ean t\u1ee5c<br \/>\nLo\u1ea1i m\u00e1y b\u01a1m kh\u00f4ng ch\u1ed5i than.<br \/>\n\u1ed0ng n\u01b0\u1edbc v\u00e0o ra: 9.6 mm<br \/>\nK\u00edch th\u01b0\u1edbc: 6.5 cm x 5.6cm x 8.6 cm<br \/>\nTr\u1ecdng l\u01b0\u1ee3ng: 300g<\/p>\n<p style=\"text-align: center;\"><a href=\"https:\/\/maybommini.com\/wp-content\/uploads\/2018\/09\/DC12V-SC-300T-upgraded-version-computer-water-liquid-cooled-cooling.jpg\" target=\"_blank\" rel=\"noopener\"><img decoding=\"async\" class=\"size-full wp-image-260377 aligncenter\" src=\"https:\/\/maybommini.com\/wp-content\/uploads\/2018\/09\/DC12V-SC-300T-upgraded-version-computer-water-liquid-cooled-cooling.jpg\" alt=\"DC12V SC 300T Upgraded Version Computer Water Liquid Cooled Cooling\" width=\"820\" height=\"820\" srcset=\"https:\/\/maybommini.vn\/wp-content\/uploads\/2018\/09\/DC12V-SC-300T-upgraded-version-computer-water-liquid-cooled-cooling.jpg 820w, https:\/\/maybommini.vn\/wp-content\/uploads\/2018\/09\/DC12V-SC-300T-upgraded-version-computer-water-liquid-cooled-cooling-300x300.jpg 300w, https:\/\/maybommini.vn\/wp-content\/uploads\/2018\/09\/DC12V-SC-300T-upgraded-version-computer-water-liquid-cooled-cooling-150x150.jpg 150w, https:\/\/maybommini.vn\/wp-content\/uploads\/2018\/09\/DC12V-SC-300T-upgraded-version-computer-water-liquid-cooled-cooling-600x600.jpg 600w\" sizes=\"(max-width: 820px) 100vw, 820px\" \/><\/a> <a href=\"https:\/\/maybommini.com\/wp-content\/uploads\/2018\/09\/bom-nuoc-tuan-hoan-lam-mat-tan-nhiet.jpg\" target=\"_blank\" rel=\"noopener\"><img decoding=\"async\" class=\"size-full wp-image-260375 aligncenter\" src=\"https:\/\/maybommini.com\/wp-content\/uploads\/2018\/09\/bom-nuoc-tuan-hoan-lam-mat-tan-nhiet.jpg\" alt=\"Bom Nuoc Tuan Hoan Lam Mat Tan Nhiet\" width=\"820\" height=\"820\" srcset=\"https:\/\/maybommini.vn\/wp-content\/uploads\/2018\/09\/bom-nuoc-tuan-hoan-lam-mat-tan-nhiet.jpg 820w, https:\/\/maybommini.vn\/wp-content\/uploads\/2018\/09\/bom-nuoc-tuan-hoan-lam-mat-tan-nhiet-300x300.jpg 300w, https:\/\/maybommini.vn\/wp-content\/uploads\/2018\/09\/bom-nuoc-tuan-hoan-lam-mat-tan-nhiet-150x150.jpg 150w, https:\/\/maybommini.vn\/wp-content\/uploads\/2018\/09\/bom-nuoc-tuan-hoan-lam-mat-tan-nhiet-600x600.jpg 600w\" sizes=\"(max-width: 820px) 100vw, 820px\" \/><\/a> <a href=\"https:\/\/maybommini.com\/wp-content\/uploads\/2018\/09\/kich-thuoc-ong-may-bom-tan-nhiet-may-tinh.jpg\" target=\"_blank\" rel=\"noopener\"><img decoding=\"async\" class=\"size-full wp-image-260379 aligncenter\" src=\"https:\/\/maybommini.com\/wp-content\/uploads\/2018\/09\/kich-thuoc-ong-may-bom-tan-nhiet-may-tinh.jpg\" alt=\"Kich Thuoc Ong May Bom Tan Nhiet May Tinh\" width=\"820\" height=\"820\" srcset=\"https:\/\/maybommini.vn\/wp-content\/uploads\/2018\/09\/kich-thuoc-ong-may-bom-tan-nhiet-may-tinh.jpg 820w, https:\/\/maybommini.vn\/wp-content\/uploads\/2018\/09\/kich-thuoc-ong-may-bom-tan-nhiet-may-tinh-300x300.jpg 300w, https:\/\/maybommini.vn\/wp-content\/uploads\/2018\/09\/kich-thuoc-ong-may-bom-tan-nhiet-may-tinh-150x150.jpg 150w, https:\/\/maybommini.vn\/wp-content\/uploads\/2018\/09\/kich-thuoc-ong-may-bom-tan-nhiet-may-tinh-600x600.jpg 600w\" sizes=\"(max-width: 820px) 100vw, 820px\" \/><\/a> <a href=\"https:\/\/maybommini.com\/wp-content\/uploads\/2018\/09\/may-bom-tan-nhiet-nuoc-may-tinh-SC-300T.jpg\" target=\"_blank\" rel=\"noopener\"><img decoding=\"async\" class=\"size-full wp-image-260380 aligncenter\" src=\"https:\/\/maybommini.com\/wp-content\/uploads\/2018\/09\/may-bom-tan-nhiet-nuoc-may-tinh-SC-300T.jpg\" alt=\"May Bom Tan Nhiet Nuoc May Tinh SC 300T\" width=\"820\" height=\"820\" srcset=\"https:\/\/maybommini.vn\/wp-content\/uploads\/2018\/09\/may-bom-tan-nhiet-nuoc-may-tinh-SC-300T.jpg 820w, https:\/\/maybommini.vn\/wp-content\/uploads\/2018\/09\/may-bom-tan-nhiet-nuoc-may-tinh-SC-300T-300x300.jpg 300w, https:\/\/maybommini.vn\/wp-content\/uploads\/2018\/09\/may-bom-tan-nhiet-nuoc-may-tinh-SC-300T-150x150.jpg 150w, https:\/\/maybommini.vn\/wp-content\/uploads\/2018\/09\/may-bom-tan-nhiet-nuoc-may-tinh-SC-300T-600x600.jpg 600w\" sizes=\"(max-width: 820px) 100vw, 820px\" \/><\/a> <a href=\"https:\/\/maybommini.com\/wp-content\/uploads\/2018\/09\/binh-chua-nuoc-lam-mat-may-tinh-tan-nhiet.jpg\" target=\"_blank\" rel=\"noopener\"><img decoding=\"async\" class=\"size-full wp-image-260372 aligncenter\" src=\"https:\/\/maybommini.com\/wp-content\/uploads\/2018\/09\/binh-chua-nuoc-lam-mat-may-tinh-tan-nhiet.jpg\" alt=\"Binh Chua Nuoc Lam Mat May Tinh Tan Nhiet\" width=\"820\" height=\"820\" srcset=\"https:\/\/maybommini.vn\/wp-content\/uploads\/2018\/09\/binh-chua-nuoc-lam-mat-may-tinh-tan-nhiet.jpg 820w, https:\/\/maybommini.vn\/wp-content\/uploads\/2018\/09\/binh-chua-nuoc-lam-mat-may-tinh-tan-nhiet-300x300.jpg 300w, https:\/\/maybommini.vn\/wp-content\/uploads\/2018\/09\/binh-chua-nuoc-lam-mat-may-tinh-tan-nhiet-150x150.jpg 150w, https:\/\/maybommini.vn\/wp-content\/uploads\/2018\/09\/binh-chua-nuoc-lam-mat-may-tinh-tan-nhiet-600x600.jpg 600w, https:\/\/maybommini.vn\/wp-content\/uploads\/2018\/09\/binh-chua-nuoc-lam-mat-may-tinh-tan-nhiet-768x768.jpg 768w\" sizes=\"(max-width: 820px) 100vw, 820px\" \/><\/a> <a href=\"https:\/\/maybommini.com\/wp-content\/uploads\/2018\/09\/bom-nuoc-tan-nhiet-tuan-hoan-12V.jpg\" target=\"_blank\" rel=\"noopener\"><img decoding=\"async\" class=\"size-full wp-image-260373 aligncenter\" src=\"https:\/\/maybommini.com\/wp-content\/uploads\/2018\/09\/bom-nuoc-tan-nhiet-tuan-hoan-12V.jpg\" alt=\"Bom Nuoc Tan Nhiet Tuan Hoan 12V\" width=\"820\" height=\"820\" srcset=\"https:\/\/maybommini.vn\/wp-content\/uploads\/2018\/09\/bom-nuoc-tan-nhiet-tuan-hoan-12V.jpg 820w, https:\/\/maybommini.vn\/wp-content\/uploads\/2018\/09\/bom-nuoc-tan-nhiet-tuan-hoan-12V-300x300.jpg 300w, https:\/\/maybommini.vn\/wp-content\/uploads\/2018\/09\/bom-nuoc-tan-nhiet-tuan-hoan-12V-150x150.jpg 150w, https:\/\/maybommini.vn\/wp-content\/uploads\/2018\/09\/bom-nuoc-tan-nhiet-tuan-hoan-12V-600x600.jpg 600w\" sizes=\"(max-width: 820px) 100vw, 820px\" \/><\/a> <a href=\"https:\/\/maybommini.com\/wp-content\/uploads\/2018\/09\/thong-so-kich-thuoc-may-bom-SC-300T.jpg\" target=\"_blank\" rel=\"noopener\"><img decoding=\"async\" class=\"size-full wp-image-260383 aligncenter\" src=\"https:\/\/maybommini.com\/wp-content\/uploads\/2018\/09\/thong-so-kich-thuoc-may-bom-SC-300T.jpg\" alt=\"Thong So Kich Thuoc May Bom SC 300T\" width=\"820\" height=\"820\" srcset=\"https:\/\/maybommini.vn\/wp-content\/uploads\/2018\/09\/thong-so-kich-thuoc-may-bom-SC-300T.jpg 820w, https:\/\/maybommini.vn\/wp-content\/uploads\/2018\/09\/thong-so-kich-thuoc-may-bom-SC-300T-300x300.jpg 300w, https:\/\/maybommini.vn\/wp-content\/uploads\/2018\/09\/thong-so-kich-thuoc-may-bom-SC-300T-150x150.jpg 150w, https:\/\/maybommini.vn\/wp-content\/uploads\/2018\/09\/thong-so-kich-thuoc-may-bom-SC-300T-600x600.jpg 600w\" sizes=\"(max-width: 820px) 100vw, 820px\" \/><\/a><\/p>\n<p><strong>HO\u1ea0T V\u00c0 S\u1eec D\u1ee4NG M\u00c1Y B\u01a0M T\u1ea2N NHI\u1ec6T N\u01af\u1edaC SC-300T<\/strong><br \/>\n1. Nhi\u1ec7t \u0111\u1ed9 m\u00f4i tr\u01b0\u1eddng: 0-40 \u00b0 C<br \/>\n2. \u0110\u1ed9 \u1ea9m m\u00f4i tr\u01b0\u1eddng: 90% RH tr\u1edf xu\u1ed1ng<br \/>\n3. S\u1eed d\u1ee5ng dung d\u1ecbch: kh\u00f4ng \u0103n m\u00f2n axit v\u00e0 ki\u1ec1m, vv Kh\u00f4ng c\u00f3 t\u1ea1p ch\u1ea5t l\u1ecfng<br \/>\n4. Nhi\u1ec7t \u0111\u1ed9 l\u00e0m vi\u1ec7c: 0-50 \u00b0 C<br \/>\n5. L\u00e0m vi\u1ec7c trong tr\u1ea1ng th\u00e1i kh\u00f4ng c\u00f3 n\u01b0\u1edbc.<\/p>\n<p style=\"text-align: center;\"><a href=\"https:\/\/maybommini.com\/wp-content\/uploads\/2018\/09\/bom-nuoc-tuan-hoan-lam-mat-may-tinh-SC-300T.jpg\" target=\"_blank\" rel=\"noopener\"><img decoding=\"async\" class=\"size-full wp-image-260374 aligncenter\" src=\"https:\/\/maybommini.com\/wp-content\/uploads\/2018\/09\/bom-nuoc-tuan-hoan-lam-mat-may-tinh-SC-300T.jpg\" alt=\"Bom Nuoc Tuan Hoan Lam Mat May Tinh SC 300T\" width=\"820\" height=\"820\" srcset=\"https:\/\/maybommini.vn\/wp-content\/uploads\/2018\/09\/bom-nuoc-tuan-hoan-lam-mat-may-tinh-SC-300T.jpg 820w, https:\/\/maybommini.vn\/wp-content\/uploads\/2018\/09\/bom-nuoc-tuan-hoan-lam-mat-may-tinh-SC-300T-300x300.jpg 300w, https:\/\/maybommini.vn\/wp-content\/uploads\/2018\/09\/bom-nuoc-tuan-hoan-lam-mat-may-tinh-SC-300T-150x150.jpg 150w, https:\/\/maybommini.vn\/wp-content\/uploads\/2018\/09\/bom-nuoc-tuan-hoan-lam-mat-may-tinh-SC-300T-600x600.jpg 600w\" sizes=\"(max-width: 820px) 100vw, 820px\" \/><\/a> <a href=\"https:\/\/maybommini.com\/wp-content\/uploads\/2018\/09\/may-tinh-tan-nhiet-bang-nuoc.jpg\" target=\"_blank\" rel=\"noopener\"><img decoding=\"async\" class=\"size-full wp-image-260381 aligncenter\" src=\"https:\/\/maybommini.com\/wp-content\/uploads\/2018\/09\/may-tinh-tan-nhiet-bang-nuoc.jpg\" alt=\"May Tinh Tan Nhiet Bang Nuoc\" width=\"820\" height=\"820\" srcset=\"https:\/\/maybommini.vn\/wp-content\/uploads\/2018\/09\/may-tinh-tan-nhiet-bang-nuoc.jpg 820w, https:\/\/maybommini.vn\/wp-content\/uploads\/2018\/09\/may-tinh-tan-nhiet-bang-nuoc-300x300.jpg 300w, https:\/\/maybommini.vn\/wp-content\/uploads\/2018\/09\/may-tinh-tan-nhiet-bang-nuoc-150x150.jpg 150w, https:\/\/maybommini.vn\/wp-content\/uploads\/2018\/09\/may-tinh-tan-nhiet-bang-nuoc-600x600.jpg 600w\" sizes=\"(max-width: 820px) 100vw, 820px\" \/><\/a> <a href=\"https:\/\/maybommini.com\/wp-content\/uploads\/2018\/09\/tan-nhiet-CPU-bang-chat-long.jpg\" target=\"_blank\" rel=\"noopener\"><img decoding=\"async\" class=\"size-full wp-image-260382 aligncenter\" src=\"https:\/\/maybommini.com\/wp-content\/uploads\/2018\/09\/tan-nhiet-CPU-bang-chat-long.jpg\" alt=\"Tan Nhiet CPU Bang Chat Long\" width=\"820\" height=\"820\" srcset=\"https:\/\/maybommini.vn\/wp-content\/uploads\/2018\/09\/tan-nhiet-CPU-bang-chat-long.jpg 820w, https:\/\/maybommini.vn\/wp-content\/uploads\/2018\/09\/tan-nhiet-CPU-bang-chat-long-300x300.jpg 300w, https:\/\/maybommini.vn\/wp-content\/uploads\/2018\/09\/tan-nhiet-CPU-bang-chat-long-150x150.jpg 150w, https:\/\/maybommini.vn\/wp-content\/uploads\/2018\/09\/tan-nhiet-CPU-bang-chat-long-600x600.jpg 600w\" sizes=\"(max-width: 820px) 100vw, 820px\" \/><\/a> <a href=\"https:\/\/maybommini.com\/wp-content\/uploads\/2018\/09\/he-thong-tan-nhiet-nuoc-may-tinh.jpg\" target=\"_blank\" rel=\"noopener\"><img decoding=\"async\" class=\"size-full wp-image-260378 aligncenter\" src=\"https:\/\/maybommini.com\/wp-content\/uploads\/2018\/09\/he-thong-tan-nhiet-nuoc-may-tinh.jpg\" alt=\"He Thong Tan Nhiet Nuoc May Tinh\" width=\"820\" height=\"820\" srcset=\"https:\/\/maybommini.vn\/wp-content\/uploads\/2018\/09\/he-thong-tan-nhiet-nuoc-may-tinh.jpg 820w, https:\/\/maybommini.vn\/wp-content\/uploads\/2018\/09\/he-thong-tan-nhiet-nuoc-may-tinh-300x300.jpg 300w, https:\/\/maybommini.vn\/wp-content\/uploads\/2018\/09\/he-thong-tan-nhiet-nuoc-may-tinh-150x150.jpg 150w, https:\/\/maybommini.vn\/wp-content\/uploads\/2018\/09\/he-thong-tan-nhiet-nuoc-may-tinh-600x600.jpg 600w\" sizes=\"(max-width: 820px) 100vw, 820px\" \/><\/a><\/p>\n<h3 style=\"text-align: center;\">M\u00e1y b\u01a1m t\u1ea3n nhi\u1ec7t n\u01b0\u1edbc SC-300T<\/h3>\n<p><strong>MUA B\u01a0M T\u1ea2N NHI\u1ec6T N\u01af\u1edaC \u1ede \u0110\u00c2U ?<\/strong><br \/>\nM\u00e1y b\u01a1m mini chuy\u00ean ph\u00e2n ph\u1ed1i c\u00e1c lo\u1ea1i m\u00e1y b\u01a1m t\u1ea3n nhi\u1ec7t n\u01b0\u1edbc, b\u01a1m tr\u1ee3 l\u1ef1c b\u01a1m tu\u1ea7n ho\u00e0n, h\u1ec7 th\u1ed1ng t\u1ea3n nhi\u1ec7t, k\u00e9t n\u01b0\u1edbc t\u1ea3n nhi\u1ec7t v\u00e0 nhi\u1ec1u ph\u1ee5 ki\u1ec7n kh\u00e1c d\u00f9ng cho t\u1ea3n nhi\u1ec7t m\u00e1y t\u00ednh, t\u1ea3n nhi\u1ec7t h\u1ec7 th\u1ed1ng m\u00e1y m\u00f3c, t\u1ea3n nhi\u1ec7t xe gi\u00e1 t\u1ed1t ch\u00ednh h\u00e3ng b\u1ea3o h\u00e0nh l\u00e2u d\u00e0i giao h\u00e0ng to\u00e0n qu\u1ed1c.<br \/>\n<strong>H\u00f4\u0309 tr\u01a1\u0323 ky\u0303 thu\u00e2\u0323t vi\u0303nh vi\u00ea\u0303n.<\/strong><br \/>\n<strong>T\u01af V\u1ea4N K\u1ef8 THU\u1eacT \u2013 MUA H\u00c0NG<br \/>\n0908997823 \u2013 0908997872<br \/>\n0907294310 \u2013 02873030399<br \/>\nWebsite:<\/strong>\u00a0https:\/\/maybommini.com<br \/>\n<strong>Email:<\/strong> maybommini.com@gmail.com<\/p>\n","protected":false},"excerpt":{"rendered":"<p>Model: SC-300T<br \/>\n\u0110i\u1ec7n th\u1ebf: DC 12V<br \/>\nC\u00f4ng su\u1ea5t: 4.8W<br \/>\nL\u01b0u l\u01b0\u1ee3ng: 300L\/H<br \/>\n\u0110\u1ea9y cao: 1 &#8211; 1.9 m\u00e9t<br \/>\nHo\u1ea1t \u0111\u1ed9ng \u00eam \u00e1i li\u00ean t\u1ee5c<br \/>\nLo\u1ea1i m\u00e1y b\u01a1m kh\u00f4ng ch\u1ed5i than.<br \/>\n\u1ed0ng n\u01b0\u1edbc v\u00e0o ra: 9.6 mm<br \/>\nK\u00edch th\u01b0\u1edbc: 6.5 cm x 5.6cm x 8.6 cm<br \/>\nTr\u1ecdng l\u01b0\u1ee3ng: 300g<br \/>\nB\u1ea3o h\u00e0nh: 6 th\u00e1ng.<br \/>\nS\u1ea3n ph\u1ea9m cao c\u1ea5p<\/p>\n","protected":false},"featured_media":260376,"comment_status":"open","ping_status":"closed","template":"","meta":[],"product_brand":[2227],"product_cat":[1993,224,225],"product_tag":[267,2511,2514,2535,2538,2510,2509,2513,2536,2537,2539,2512,1501,2148,2143,2534],"class_list":{"0":"post-260371","1":"product","2":"type-product","3":"status-publish","4":"has-post-thumbnail","6":"product_brand-mtm","7":"product_cat-tan-nhiet-nuoc","8":"product_cat-may-bom-nuoc","9":"product_cat-may-bom-nuoc-mini-12v","10":"product_tag-12v","11":"product_tag-bom-nuoc-tan-nhiet","12":"product_tag-bom-tan-nhiet-12v","13":"product_tag-computer-case","14":"product_tag-cooling-computer-system","15":"product_tag-he-thong-tan-nhiet","16":"product_tag-may-bom-tan-nhiet","17":"product_tag-sc-1000","18":"product_tag-sc-300t","19":"product_tag-sc-300t-12v-dc","20":"product_tag-sc-300t-water-cooling-pump","21":"product_tag-sc1000","22":"product_tag-tan-nhiet","23":"product_tag-tan-nhiet-may-tinh","24":"product_tag-tan-nhiet-nuoc","25":"product_tag-water-cooling","27":"first","28":"instock","29":"sale","30":"shipping-taxable","31":"purchasable","32":"product-type-simple"},"_links":{"self":[{"href":"https:\/\/maybommini.vn\/index.php?rest_route=\/wp\/v2\/product\/260371","targetHints":{"allow":["GET"]}}],"collection":[{"href":"https:\/\/maybommini.vn\/index.php?rest_route=\/wp\/v2\/product"}],"about":[{"href":"https:\/\/maybommini.vn\/index.php?rest_route=\/wp\/v2\/types\/product"}],"replies":[{"embeddable":true,"href":"https:\/\/maybommini.vn\/index.php?rest_route=%2Fwp%2Fv2%2Fcomments&post=260371"}],"wp:featuredmedia":[{"embeddable":true,"href":"https:\/\/maybommini.vn\/index.php?rest_route=\/wp\/v2\/media\/260376"}],"wp:attachment":[{"href":"https:\/\/maybommini.vn\/index.php?rest_route=%2Fwp%2Fv2%2Fmedia&parent=260371"}],"wp:term":[{"taxonomy":"product_brand","embeddable":true,"href":"https:\/\/maybommini.vn\/index.php?rest_route=%2Fwp%2Fv2%2Fproduct_brand&post=260371"},{"taxonomy":"product_cat","embeddable":true,"href":"https:\/\/maybommini.vn\/index.php?rest_route=%2Fwp%2Fv2%2Fproduct_cat&post=260371"},{"taxonomy":"product_tag","embeddable":true,"href":"https:\/\/maybommini.vn\/index.php?rest_route=%2Fwp%2Fv2%2Fproduct_tag&post=260371"}],"curies":[{"name":"wp","href":"https:\/\/api.w.org\/{rel}","templated":true}]}}