{"id":260405,"date":"2018-09-26T12:37:02","date_gmt":"2018-09-26T05:37:02","guid":{"rendered":"https:\/\/maybommini.com\/?post_type=product&#038;p=260405"},"modified":"2020-05-23T22:05:45","modified_gmt":"2020-05-23T15:05:45","slug":"may-bom-tan-nhiet-nuoc-xh-800","status":"publish","type":"product","link":"https:\/\/maybommini.vn\/?product=may-bom-tan-nhiet-nuoc-xh-800","title":{"rendered":"M\u00e1y b\u01a1m t\u1ea3n nhi\u1ec7t n\u01b0\u1edbc XH-800"},"content":{"rendered":"<h3><strong>Chuy\u00ean c\u00e1c lo\u1ea1i m\u00e1y b\u01a1m t\u1ea3n nhi\u1ec7t n\u01b0\u1edbc d\u00f9ng cho h\u1ec7 th\u1ed1ng t\u1ea3n nhi\u1ec7t m\u00e1y t\u00ednh, t\u1ea3n nhi\u1ec7t m\u00e1y m\u00f3c thi\u1ebft b\u1ecb, t\u1ea3n nhi\u1ec7t cho xe v\u00e0 c\u00e1c ph\u1ee5 ki\u1ec7n l\u00e0m m\u00e1t kh\u00e1c v\u1edbi ch\u1ea5t l\u01b0\u1ee3ng nh\u1eadp kh\u1ea9u ch\u00ednh h\u00e3ng.<\/strong><\/h3>\n<p><a href=\"https:\/\/maybommini.com\/wp-content\/uploads\/2018\/09\/DC-12V-Low-Noise-CPU-Cooling-Water-Pump.jpg\" target=\"_blank\" rel=\"noopener\"><img decoding=\"async\" class=\"size-full wp-image-260409 aligncenter\" src=\"https:\/\/maybommini.com\/wp-content\/uploads\/2018\/09\/DC-12V-Low-Noise-CPU-Cooling-Water-Pump.jpg\" alt=\"DC 12V Low Noise CPU Cooling Water Pump\" width=\"820\" height=\"820\" srcset=\"https:\/\/maybommini.vn\/wp-content\/uploads\/2018\/09\/DC-12V-Low-Noise-CPU-Cooling-Water-Pump.jpg 820w, https:\/\/maybommini.vn\/wp-content\/uploads\/2018\/09\/DC-12V-Low-Noise-CPU-Cooling-Water-Pump-300x300.jpg 300w, https:\/\/maybommini.vn\/wp-content\/uploads\/2018\/09\/DC-12V-Low-Noise-CPU-Cooling-Water-Pump-150x150.jpg 150w, https:\/\/maybommini.vn\/wp-content\/uploads\/2018\/09\/DC-12V-Low-Noise-CPU-Cooling-Water-Pump-600x600.jpg 600w\" sizes=\"(max-width: 820px) 100vw, 820px\" \/><\/a><\/p>\n<p><strong>TH\u00d4NG S\u1ed0 K\u1ef8 THU\u1eacT<\/strong><br \/>\nModel: XH-800<br \/>\n\u0110i\u1ec7n th\u1ebf: DC 12V<br \/>\nC\u00f4ng su\u1ea5t: 19W<br \/>\nL\u01b0u l\u01b0\u1ee3ng: 800L\/H<br \/>\n\u0110\u1ea9y cao: 1 &#8211; 4 m\u00e9t<br \/>\nHo\u1ea1t \u0111\u1ed9ng \u00eam \u00e1i li\u00ean t\u1ee5c<br \/>\nLo\u1ea1i m\u00e1y b\u01a1m kh\u00f4ng ch\u1ed5i than.<br \/>\n\u1ed0ng n\u01b0\u1edbc v\u00e0o ra ren: 13 mm<br \/>\nK\u00edch th\u01b0\u1edbc: 4.7 cm x 7.0 cm<br \/>\nTr\u1ecdng l\u01b0\u1ee3ng: 400g<\/p>\n<p><a href=\"https:\/\/maybommini.com\/wp-content\/uploads\/2018\/09\/kich-thuoc-bom-nuoc-tuan-hoan-tan-nhiet-XH800.jpg\" target=\"_blank\" rel=\"noopener\"><img decoding=\"async\" class=\"size-full wp-image-260410 aligncenter\" src=\"https:\/\/maybommini.com\/wp-content\/uploads\/2018\/09\/kich-thuoc-bom-nuoc-tuan-hoan-tan-nhiet-XH800.jpg\" alt=\"Kich Thuoc Bom Nuoc Tuan Hoan Tan Nhiet XH800\" width=\"820\" height=\"820\" srcset=\"https:\/\/maybommini.vn\/wp-content\/uploads\/2018\/09\/kich-thuoc-bom-nuoc-tuan-hoan-tan-nhiet-XH800.jpg 820w, https:\/\/maybommini.vn\/wp-content\/uploads\/2018\/09\/kich-thuoc-bom-nuoc-tuan-hoan-tan-nhiet-XH800-300x300.jpg 300w, https:\/\/maybommini.vn\/wp-content\/uploads\/2018\/09\/kich-thuoc-bom-nuoc-tuan-hoan-tan-nhiet-XH800-150x150.jpg 150w, https:\/\/maybommini.vn\/wp-content\/uploads\/2018\/09\/kich-thuoc-bom-nuoc-tuan-hoan-tan-nhiet-XH800-600x600.jpg 600w\" sizes=\"(max-width: 820px) 100vw, 820px\" \/><\/a> <a href=\"https:\/\/maybommini.com\/wp-content\/uploads\/2018\/09\/Water-Cooling-cpu-DESTOP.jpg\" target=\"_blank\" rel=\"noopener\"><img decoding=\"async\" class=\"size-full wp-image-260413 aligncenter\" src=\"https:\/\/maybommini.com\/wp-content\/uploads\/2018\/09\/Water-Cooling-cpu-DESTOP.jpg\" alt=\"Water Cooling Cpu DESTOP\" width=\"820\" height=\"820\" srcset=\"https:\/\/maybommini.vn\/wp-content\/uploads\/2018\/09\/Water-Cooling-cpu-DESTOP.jpg 820w, https:\/\/maybommini.vn\/wp-content\/uploads\/2018\/09\/Water-Cooling-cpu-DESTOP-300x300.jpg 300w, https:\/\/maybommini.vn\/wp-content\/uploads\/2018\/09\/Water-Cooling-cpu-DESTOP-150x150.jpg 150w, https:\/\/maybommini.vn\/wp-content\/uploads\/2018\/09\/Water-Cooling-cpu-DESTOP-600x600.jpg 600w\" sizes=\"(max-width: 820px) 100vw, 820px\" \/><\/a> <a href=\"https:\/\/maybommini.com\/wp-content\/uploads\/2018\/09\/bom-nuoc-cao-cap-tan-nhiet-CPU.jpg\" target=\"_blank\" rel=\"noopener\"><img decoding=\"async\" class=\"size-full wp-image-260414 aligncenter\" src=\"https:\/\/maybommini.com\/wp-content\/uploads\/2018\/09\/bom-nuoc-cao-cap-tan-nhiet-CPU.jpg\" alt=\"Bom Nuoc Cao Cap Tan Nhiet CPU\" width=\"820\" height=\"820\" srcset=\"https:\/\/maybommini.vn\/wp-content\/uploads\/2018\/09\/bom-nuoc-cao-cap-tan-nhiet-CPU.jpg 820w, https:\/\/maybommini.vn\/wp-content\/uploads\/2018\/09\/bom-nuoc-cao-cap-tan-nhiet-CPU-300x300.jpg 300w, https:\/\/maybommini.vn\/wp-content\/uploads\/2018\/09\/bom-nuoc-cao-cap-tan-nhiet-CPU-150x150.jpg 150w, https:\/\/maybommini.vn\/wp-content\/uploads\/2018\/09\/bom-nuoc-cao-cap-tan-nhiet-CPU-600x600.jpg 600w\" sizes=\"(max-width: 820px) 100vw, 820px\" \/><\/a> <a href=\"https:\/\/maybommini.com\/wp-content\/uploads\/2018\/09\/bom-nuoc-mini-tan-nhiet-cpu-12v.jpg\" target=\"_blank\" rel=\"noopener\"><img decoding=\"async\" class=\"size-full wp-image-260415 aligncenter\" src=\"https:\/\/maybommini.com\/wp-content\/uploads\/2018\/09\/bom-nuoc-mini-tan-nhiet-cpu-12v.jpg\" alt=\"Bom Nuoc Mini Tan Nhiet Cpu 12v\" width=\"820\" height=\"820\" srcset=\"https:\/\/maybommini.vn\/wp-content\/uploads\/2018\/09\/bom-nuoc-mini-tan-nhiet-cpu-12v.jpg 820w, https:\/\/maybommini.vn\/wp-content\/uploads\/2018\/09\/bom-nuoc-mini-tan-nhiet-cpu-12v-300x300.jpg 300w, https:\/\/maybommini.vn\/wp-content\/uploads\/2018\/09\/bom-nuoc-mini-tan-nhiet-cpu-12v-150x150.jpg 150w, https:\/\/maybommini.vn\/wp-content\/uploads\/2018\/09\/bom-nuoc-mini-tan-nhiet-cpu-12v-600x600.jpg 600w\" sizes=\"(max-width: 820px) 100vw, 820px\" \/><\/a> <a href=\"https:\/\/maybommini.com\/wp-content\/uploads\/2018\/09\/Cool-System-High-Quality-Water-Cooling-Cooler-For-CPU.jpg\" target=\"_blank\" rel=\"noopener\"><img decoding=\"async\" class=\"size-full wp-image-260408 aligncenter\" src=\"https:\/\/maybommini.com\/wp-content\/uploads\/2018\/09\/Cool-System-High-Quality-Water-Cooling-Cooler-For-CPU.jpg\" alt=\"Cool System High Quality Water Cooling Cooler For CPU\" width=\"820\" height=\"820\" srcset=\"https:\/\/maybommini.vn\/wp-content\/uploads\/2018\/09\/Cool-System-High-Quality-Water-Cooling-Cooler-For-CPU.jpg 820w, https:\/\/maybommini.vn\/wp-content\/uploads\/2018\/09\/Cool-System-High-Quality-Water-Cooling-Cooler-For-CPU-300x300.jpg 300w, https:\/\/maybommini.vn\/wp-content\/uploads\/2018\/09\/Cool-System-High-Quality-Water-Cooling-Cooler-For-CPU-150x150.jpg 150w, https:\/\/maybommini.vn\/wp-content\/uploads\/2018\/09\/Cool-System-High-Quality-Water-Cooling-Cooler-For-CPU-600x600.jpg 600w\" sizes=\"(max-width: 820px) 100vw, 820px\" \/><\/a> <a href=\"https:\/\/maybommini.com\/wp-content\/uploads\/2018\/09\/Cooling-Water-Pump-XH800.jpg\" target=\"_blank\" rel=\"noopener\"><img decoding=\"async\" class=\"size-full wp-image-260407 aligncenter\" src=\"https:\/\/maybommini.com\/wp-content\/uploads\/2018\/09\/Cooling-Water-Pump-XH800.jpg\" alt=\"Cooling Water Pump XH800\" width=\"820\" height=\"820\" srcset=\"https:\/\/maybommini.vn\/wp-content\/uploads\/2018\/09\/Cooling-Water-Pump-XH800.jpg 820w, https:\/\/maybommini.vn\/wp-content\/uploads\/2018\/09\/Cooling-Water-Pump-XH800-300x300.jpg 300w, https:\/\/maybommini.vn\/wp-content\/uploads\/2018\/09\/Cooling-Water-Pump-XH800-150x150.jpg 150w, https:\/\/maybommini.vn\/wp-content\/uploads\/2018\/09\/Cooling-Water-Pump-XH800-600x600.jpg 600w\" sizes=\"(max-width: 820px) 100vw, 820px\" \/><\/a> <a href=\"https:\/\/maybommini.com\/wp-content\/uploads\/2018\/09\/bom-nuoc-nuoc-nong-khong-choi-than-12V.jpg\" target=\"_blank\" rel=\"noopener\"><img decoding=\"async\" class=\"size-full wp-image-260406 aligncenter\" src=\"https:\/\/maybommini.com\/wp-content\/uploads\/2018\/09\/bom-nuoc-nuoc-nong-khong-choi-than-12V.jpg\" alt=\"Bom Nuoc Nuoc Nong Khong Choi Than 12V\" width=\"820\" height=\"820\" srcset=\"https:\/\/maybommini.vn\/wp-content\/uploads\/2018\/09\/bom-nuoc-nuoc-nong-khong-choi-than-12V.jpg 820w, https:\/\/maybommini.vn\/wp-content\/uploads\/2018\/09\/bom-nuoc-nuoc-nong-khong-choi-than-12V-300x300.jpg 300w, https:\/\/maybommini.vn\/wp-content\/uploads\/2018\/09\/bom-nuoc-nuoc-nong-khong-choi-than-12V-150x150.jpg 150w, https:\/\/maybommini.vn\/wp-content\/uploads\/2018\/09\/bom-nuoc-nuoc-nong-khong-choi-than-12V-600x600.jpg 600w, https:\/\/maybommini.vn\/wp-content\/uploads\/2018\/09\/bom-nuoc-nuoc-nong-khong-choi-than-12V-768x768.jpg 768w\" sizes=\"(max-width: 820px) 100vw, 820px\" \/><\/a><\/p>\n<p>&nbsp;<\/p>\n<p><strong>HO\u1ea0T V\u00c0 S\u1eec D\u1ee4NG M\u00c1Y B\u01a0M T\u1ea2N NHI\u1ec6T N\u01af\u1edaC XH-800<\/strong><br \/>\n1. Nhi\u1ec7t \u0111\u1ed9 m\u00f4i tr\u01b0\u1eddng: 0-40 \u00b0 C<br \/>\n2. \u0110\u1ed9 \u1ea9m m\u00f4i tr\u01b0\u1eddng: 90% RH tr\u1edf xu\u1ed1ng<br \/>\n3. S\u1eed d\u1ee5ng dung d\u1ecbch: kh\u00f4ng \u0103n m\u00f2n axit v\u00e0 ki\u1ec1m, vv Kh\u00f4ng c\u00f3 t\u1ea1p ch\u1ea5t l\u1ecfng<br \/>\n4. Nhi\u1ec7t \u0111\u1ed9 l\u00e0m vi\u1ec7c: 0-50 \u00b0 C<br \/>\n5. L\u00e0m vi\u1ec7c trong tr\u1ea1ng th\u00e1i kh\u00f4ng c\u00f3 n\u01b0\u1edbc.<\/p>\n<p><a href=\"https:\/\/maybommini.com\/wp-content\/uploads\/2018\/09\/pc-tan-nhiet-nuoc-gia-re.jpg\" target=\"_blank\" rel=\"noopener\"><img decoding=\"async\" class=\"size-full wp-image-260412 aligncenter\" src=\"https:\/\/maybommini.com\/wp-content\/uploads\/2018\/09\/pc-tan-nhiet-nuoc-gia-re.jpg\" alt=\"Pc Tan Nhiet Nuoc Gia Re\" width=\"820\" height=\"820\" srcset=\"https:\/\/maybommini.vn\/wp-content\/uploads\/2018\/09\/pc-tan-nhiet-nuoc-gia-re.jpg 820w, https:\/\/maybommini.vn\/wp-content\/uploads\/2018\/09\/pc-tan-nhiet-nuoc-gia-re-300x300.jpg 300w, https:\/\/maybommini.vn\/wp-content\/uploads\/2018\/09\/pc-tan-nhiet-nuoc-gia-re-150x150.jpg 150w, https:\/\/maybommini.vn\/wp-content\/uploads\/2018\/09\/pc-tan-nhiet-nuoc-gia-re-600x600.jpg 600w\" sizes=\"(max-width: 820px) 100vw, 820px\" \/><\/a> <a href=\"https:\/\/maybommini.com\/wp-content\/uploads\/2018\/09\/may-tinh-tan-nhiet-bang-nuoc-chat-long.jpg\" target=\"_blank\" rel=\"noopener\"><img decoding=\"async\" class=\"size-full wp-image-260411 aligncenter\" src=\"https:\/\/maybommini.com\/wp-content\/uploads\/2018\/09\/may-tinh-tan-nhiet-bang-nuoc-chat-long.jpg\" alt=\"May Tinh Tan Nhiet Bang Nuoc Chat Long\" width=\"820\" height=\"820\" srcset=\"https:\/\/maybommini.vn\/wp-content\/uploads\/2018\/09\/may-tinh-tan-nhiet-bang-nuoc-chat-long.jpg 820w, https:\/\/maybommini.vn\/wp-content\/uploads\/2018\/09\/may-tinh-tan-nhiet-bang-nuoc-chat-long-300x300.jpg 300w, https:\/\/maybommini.vn\/wp-content\/uploads\/2018\/09\/may-tinh-tan-nhiet-bang-nuoc-chat-long-150x150.jpg 150w, https:\/\/maybommini.vn\/wp-content\/uploads\/2018\/09\/may-tinh-tan-nhiet-bang-nuoc-chat-long-600x600.jpg 600w\" sizes=\"(max-width: 820px) 100vw, 820px\" \/><\/a> <a href=\"https:\/\/maybommini.com\/wp-content\/uploads\/2018\/09\/Water-Cooling-cpu-DESTOP.jpg\" target=\"_blank\" rel=\"noopener\"><img decoding=\"async\" class=\"size-full wp-image-260413 aligncenter\" src=\"https:\/\/maybommini.com\/wp-content\/uploads\/2018\/09\/Water-Cooling-cpu-DESTOP.jpg\" alt=\"Water Cooling Cpu DESTOP\" width=\"820\" height=\"820\" srcset=\"https:\/\/maybommini.vn\/wp-content\/uploads\/2018\/09\/Water-Cooling-cpu-DESTOP.jpg 820w, https:\/\/maybommini.vn\/wp-content\/uploads\/2018\/09\/Water-Cooling-cpu-DESTOP-300x300.jpg 300w, https:\/\/maybommini.vn\/wp-content\/uploads\/2018\/09\/Water-Cooling-cpu-DESTOP-150x150.jpg 150w, https:\/\/maybommini.vn\/wp-content\/uploads\/2018\/09\/Water-Cooling-cpu-DESTOP-600x600.jpg 600w\" sizes=\"(max-width: 820px) 100vw, 820px\" \/><\/a><\/p>\n<h3 style=\"text-align: center;\">M\u00e1y b\u01a1m t\u1ea3n nhi\u1ec7t n\u01b0\u1edbc XH-800 &#8211;\u00a0CPU Water Pump<\/h3>\n<p><strong>MUA B\u01a0M T\u1ea2N NHI\u1ec6T N\u01af\u1edaC \u1ede \u0110\u00c2U ?<\/strong><br \/>\nM\u00e1y b\u01a1m mini chuy\u00ean ph\u00e2n ph\u1ed1i c\u00e1c lo\u1ea1i m\u00e1y b\u01a1m t\u1ea3n nhi\u1ec7t n\u01b0\u1edbc, b\u01a1m tr\u1ee3 l\u1ef1c b\u01a1m tu\u1ea7n ho\u00e0n, h\u1ec7 th\u1ed1ng t\u1ea3n nhi\u1ec7t, k\u00e9t n\u01b0\u1edbc t\u1ea3n nhi\u1ec7t v\u00e0 nhi\u1ec1u ph\u1ee5 ki\u1ec7n kh\u00e1c d\u00f9ng cho t\u1ea3n nhi\u1ec7t m\u00e1y t\u00ednh, t\u1ea3n nhi\u1ec7t h\u1ec7 th\u1ed1ng m\u00e1y m\u00f3c, t\u1ea3n nhi\u1ec7t xe gi\u00e1 t\u1ed1t ch\u00ednh h\u00e3ng b\u1ea3o h\u00e0nh l\u00e2u d\u00e0i giao h\u00e0ng to\u00e0n qu\u1ed1c.<br \/>\n<strong>H\u00f4\u0309 tr\u01a1\u0323 ky\u0303 thu\u00e2\u0323t vi\u0303nh vi\u00ea\u0303n.<\/strong><br \/>\n<strong>T\u01af V\u1ea4N K\u1ef8 THU\u1eacT \u2013 MUA H\u00c0NG<br \/>\n0908997823 \u2013 0908997872<br \/>\n0907294310 \u2013 02873030399<br \/>\nWebsite:<\/strong>\u00a0https:\/\/maybommini.com<br \/>\n<strong>Email:<\/strong> maybommini.com@gmail.com<\/p>\n<h1 class=\"product-name\" style=\"text-align: center;\" data-spm-anchor-id=\"2114.10010108.1000016.i0.15797a6e0EIEVu\">M\u00e1y b\u01a1m t\u1ea3n nhi\u1ec7t n\u01b0\u1edbc XH-800<\/h1>\n<h1 class=\"product-name\" style=\"text-align: center;\" data-spm-anchor-id=\"2114.10010108.1000016.i0.15797a6e0EIEVu\">Brushless CPU Cooling Water Pump for PC Cool System<\/h1>\n","protected":false},"excerpt":{"rendered":"<p>Model: XH-800<br \/>\n\u0110i\u1ec7n th\u1ebf: DC 12V<br \/>\nC\u00f4ng su\u1ea5t: 19W<br \/>\nL\u01b0u l\u01b0\u1ee3ng: 800L\/H<br \/>\n\u0110\u1ea9y cao: 1 &#8211; 4 m\u00e9t<br \/>\nHo\u1ea1t \u0111\u1ed9ng \u00eam \u00e1i li\u00ean t\u1ee5c<br \/>\nLo\u1ea1i m\u00e1y b\u01a1m kh\u00f4ng ch\u1ed5i than.<br \/>\n\u1ed0ng n\u01b0\u1edbc v\u00e0o ra ren: 13 mm<br \/>\nK\u00edch th\u01b0\u1edbc: 4.7 cm x 7.0 cm<br \/>\nTr\u1ecdng l\u01b0\u1ee3ng: 400g<br \/>\nB\u1ea3o h\u00e0nh: 6 th\u00e1ng.<br \/>\nS\u1ea3n ph\u1ea9m cao c\u1ea5p<\/p>\n","protected":false},"featured_media":260409,"comment_status":"open","ping_status":"closed","template":"","meta":[],"product_brand":[2227],"product_cat":[1993,224,225],"product_tag":[267,2511,2514,2535,2543,2538,2541,2510,2509,2513,2536,2537,2539,2540,2512,1501,2148,2143,2534,2542],"class_list":{"0":"post-260405","1":"product","2":"type-product","3":"status-publish","4":"has-post-thumbnail","6":"product_brand-mtm","7":"product_cat-tan-nhiet-nuoc","8":"product_cat-may-bom-nuoc","9":"product_cat-may-bom-nuoc-mini-12v","10":"product_tag-12v","11":"product_tag-bom-nuoc-tan-nhiet","12":"product_tag-bom-tan-nhiet-12v","13":"product_tag-computer-case","14":"product_tag-computer-desktop-magic-magic-equipment","15":"product_tag-cooling-computer-system","16":"product_tag-cpu-water-pump","17":"product_tag-he-thong-tan-nhiet","18":"product_tag-may-bom-tan-nhiet","19":"product_tag-sc-1000","20":"product_tag-sc-300t","21":"product_tag-sc-300t-12v-dc","22":"product_tag-sc-300t-water-cooling-pump","23":"product_tag-sc-600","24":"product_tag-sc1000","25":"product_tag-tan-nhiet","26":"product_tag-tan-nhiet-may-tinh","27":"product_tag-tan-nhiet-nuoc","28":"product_tag-water-cooling","29":"product_tag-xh-800","31":"first","32":"instock","33":"sale","34":"shipping-taxable","35":"purchasable","36":"product-type-simple"},"_links":{"self":[{"href":"https:\/\/maybommini.vn\/index.php?rest_route=\/wp\/v2\/product\/260405","targetHints":{"allow":["GET"]}}],"collection":[{"href":"https:\/\/maybommini.vn\/index.php?rest_route=\/wp\/v2\/product"}],"about":[{"href":"https:\/\/maybommini.vn\/index.php?rest_route=\/wp\/v2\/types\/product"}],"replies":[{"embeddable":true,"href":"https:\/\/maybommini.vn\/index.php?rest_route=%2Fwp%2Fv2%2Fcomments&post=260405"}],"wp:featuredmedia":[{"embeddable":true,"href":"https:\/\/maybommini.vn\/index.php?rest_route=\/wp\/v2\/media\/260409"}],"wp:attachment":[{"href":"https:\/\/maybommini.vn\/index.php?rest_route=%2Fwp%2Fv2%2Fmedia&parent=260405"}],"wp:term":[{"taxonomy":"product_brand","embeddable":true,"href":"https:\/\/maybommini.vn\/index.php?rest_route=%2Fwp%2Fv2%2Fproduct_brand&post=260405"},{"taxonomy":"product_cat","embeddable":true,"href":"https:\/\/maybommini.vn\/index.php?rest_route=%2Fwp%2Fv2%2Fproduct_cat&post=260405"},{"taxonomy":"product_tag","embeddable":true,"href":"https:\/\/maybommini.vn\/index.php?rest_route=%2Fwp%2Fv2%2Fproduct_tag&post=260405"}],"curies":[{"name":"wp","href":"https:\/\/api.w.org\/{rel}","templated":true}]}}