{"id":260452,"date":"2018-10-05T15:38:58","date_gmt":"2018-10-05T08:38:58","guid":{"rendered":"https:\/\/maybommini.com\/?post_type=product&#038;p=260452"},"modified":"2020-05-23T22:04:10","modified_gmt":"2020-05-23T15:04:10","slug":"box-sac-pin-du-phong-5-cell","status":"publish","type":"product","link":"https:\/\/maybommini.vn\/?product=box-sac-pin-du-phong-5-cell","title":{"rendered":"Box s\u1ea1c pin d\u1ef1 ph\u00f2ng 5 cell"},"content":{"rendered":"<h3><strong>Chuy\u00ean ph\u00e2n ph\u1ed1i s\u1ec9 v\u00e0 l\u1ebb c\u00e1c lo\u1ea1i box s\u1ea1c pin d\u1ef1 ph\u00f2ng 5 cell d\u00f9ng cho<\/strong><strong>\u00a0\u0111i\u1ec7n tho\u1ea1i m\u00e1y t\u00ednh b\u1ea3ng v\u00e0 c\u00e1c thi\u1ebft b\u1ecb kh\u00e1c v\u1edbi ch\u1ea5t l\u01b0\u1ee3ng t\u1ed1t nh\u1ea5t thi\u1ebft k\u1ebf \u0111\u1eb9p tinh t\u1ebf th\u1eddi trang dung l\u01b0\u1ee3ng l\u1edbn.<\/strong><\/h3>\n<p><a href=\"https:\/\/maybommini.com\/wp-content\/uploads\/2018\/10\/box-sac-5-cell-tang-cap-sac-pin.jpg\" target=\"_blank\" rel=\"noopener\"><img decoding=\"async\" class=\"size-full wp-image-260460 aligncenter\" src=\"https:\/\/maybommini.com\/wp-content\/uploads\/2018\/10\/box-sac-5-cell-tang-cap-sac-pin.jpg\" alt=\"Box Sac 5 Cell Tang Cap Sac Pin\" width=\"820\" height=\"820\" srcset=\"https:\/\/maybommini.vn\/wp-content\/uploads\/2018\/10\/box-sac-5-cell-tang-cap-sac-pin.jpg 820w, https:\/\/maybommini.vn\/wp-content\/uploads\/2018\/10\/box-sac-5-cell-tang-cap-sac-pin-300x300.jpg 300w, https:\/\/maybommini.vn\/wp-content\/uploads\/2018\/10\/box-sac-5-cell-tang-cap-sac-pin-150x150.jpg 150w, https:\/\/maybommini.vn\/wp-content\/uploads\/2018\/10\/box-sac-5-cell-tang-cap-sac-pin-600x600.jpg 600w\" sizes=\"(max-width: 820px) 100vw, 820px\" \/><\/a><\/p>\n<p><strong>TH\u00d4NG S\u1ed0 K\u1ef8 THU\u1eacT<\/strong><br \/>\nModel: A5<br \/>\nCh\u1ee9a Pin: 5 vi\u00ean (5 cell)<br \/>\nLo\u1ea1i Pin: Pin s\u1ea1c 18650<br \/>\nC\u1ed5ng s\u1ea1c OUT : 0.1A \u0111\u1ebfn 2.3A (2 c\u1ed5ng USB)<br \/>\nC\u1ed5ng s\u1ea1c IN: 0.1A \u0111\u1ebfn 2A (1 c\u1ed5ng Micro USB)<br \/>\n\u0110\u00e8n LED chi\u1ebfu s\u00e1ng: 1\u00a0c\u00e1i<br \/>\nN\u00fat ngu\u1ed3n: C\u00f3<br \/>\nM\u00e0n h\u00ecnh: C\u00f3<br \/>\nB\u00e1o dung l\u01b0\u1ee3ng ph\u1ea7n tr\u0103m<br \/>\nB\u00e1o s\u1ea1c: c\u00f3<br \/>\nBox c\u00f3 th\u1ec3 th\u00e1o l\u1eafp \u0111\u1ec3 thay pin.<br \/>\nNg\u1eaft s\u1ea1c an to\u00e0n th\u00f4ng minh<br \/>\nKh\u00f4ng g\u00e2y h\u01b0 pin ho\u1eb7c thi\u1ebft b\u1ecb<br \/>\n<strong>Box kh\u00f4ng k\u00e8m theo Pin<\/strong><br \/>\nTr\u1ecdng l\u01b0\u1ee3ng: 50g<br \/>\nK\u00edch th\u01b0\u1edbc: 149 * 62 * 22mm<\/p>\n<p><a href=\"https:\/\/maybommini.com\/wp-content\/uploads\/2018\/10\/chuyen-ban-si-le-cac-loai-box-sac-du-phong-gan-pin.jpg\" target=\"_blank\" rel=\"noopener\"><img decoding=\"async\" class=\"size-full wp-image-260462 aligncenter\" src=\"https:\/\/maybommini.com\/wp-content\/uploads\/2018\/10\/chuyen-ban-si-le-cac-loai-box-sac-du-phong-gan-pin.jpg\" alt=\"Chuyen Ban Si Le Cac Loai Box Sac Du Phong Gan Pin\" width=\"820\" height=\"820\" srcset=\"https:\/\/maybommini.vn\/wp-content\/uploads\/2018\/10\/chuyen-ban-si-le-cac-loai-box-sac-du-phong-gan-pin.jpg 820w, https:\/\/maybommini.vn\/wp-content\/uploads\/2018\/10\/chuyen-ban-si-le-cac-loai-box-sac-du-phong-gan-pin-300x300.jpg 300w, https:\/\/maybommini.vn\/wp-content\/uploads\/2018\/10\/chuyen-ban-si-le-cac-loai-box-sac-du-phong-gan-pin-150x150.jpg 150w, https:\/\/maybommini.vn\/wp-content\/uploads\/2018\/10\/chuyen-ban-si-le-cac-loai-box-sac-du-phong-gan-pin-600x600.jpg 600w\" sizes=\"(max-width: 820px) 100vw, 820px\" \/><\/a> <a href=\"https:\/\/maybommini.com\/wp-content\/uploads\/2018\/10\/box-sac-du-phong-5-cell.jpg\" target=\"_blank\" rel=\"noopener\"><img decoding=\"async\" class=\"size-full wp-image-260461 aligncenter\" src=\"https:\/\/maybommini.com\/wp-content\/uploads\/2018\/10\/box-sac-du-phong-5-cell.jpg\" alt=\"Box Sac Du Phong 5 Cell\" width=\"820\" height=\"820\" srcset=\"https:\/\/maybommini.vn\/wp-content\/uploads\/2018\/10\/box-sac-du-phong-5-cell.jpg 820w, https:\/\/maybommini.vn\/wp-content\/uploads\/2018\/10\/box-sac-du-phong-5-cell-300x300.jpg 300w, https:\/\/maybommini.vn\/wp-content\/uploads\/2018\/10\/box-sac-du-phong-5-cell-150x150.jpg 150w, https:\/\/maybommini.vn\/wp-content\/uploads\/2018\/10\/box-sac-du-phong-5-cell-600x600.jpg 600w\" sizes=\"(max-width: 820px) 100vw, 820px\" \/><\/a> <a href=\"https:\/\/maybommini.com\/wp-content\/uploads\/2018\/10\/box-sac-5-cell-tang-cap-sac-pin.jpg\" target=\"_blank\" rel=\"noopener\"><img decoding=\"async\" class=\"size-full wp-image-260460 aligncenter\" src=\"https:\/\/maybommini.com\/wp-content\/uploads\/2018\/10\/box-sac-5-cell-tang-cap-sac-pin.jpg\" alt=\"Box Sac 5 Cell Tang Cap Sac Pin\" width=\"820\" height=\"820\" srcset=\"https:\/\/maybommini.vn\/wp-content\/uploads\/2018\/10\/box-sac-5-cell-tang-cap-sac-pin.jpg 820w, https:\/\/maybommini.vn\/wp-content\/uploads\/2018\/10\/box-sac-5-cell-tang-cap-sac-pin-300x300.jpg 300w, https:\/\/maybommini.vn\/wp-content\/uploads\/2018\/10\/box-sac-5-cell-tang-cap-sac-pin-150x150.jpg 150w, https:\/\/maybommini.vn\/wp-content\/uploads\/2018\/10\/box-sac-5-cell-tang-cap-sac-pin-600x600.jpg 600w\" sizes=\"(max-width: 820px) 100vw, 820px\" \/><\/a> <a href=\"https:\/\/maybommini.com\/wp-content\/uploads\/2018\/10\/BOX-PIN-18650-PIN-LAP-TOP.jpg\" target=\"_blank\" rel=\"noopener\"><img decoding=\"async\" class=\"size-full wp-image-260459 aligncenter\" src=\"https:\/\/maybommini.com\/wp-content\/uploads\/2018\/10\/BOX-PIN-18650-PIN-LAP-TOP.jpg\" alt=\"BOX PIN 18650 PIN LAP TOP\" width=\"820\" height=\"820\" srcset=\"https:\/\/maybommini.vn\/wp-content\/uploads\/2018\/10\/BOX-PIN-18650-PIN-LAP-TOP.jpg 820w, https:\/\/maybommini.vn\/wp-content\/uploads\/2018\/10\/BOX-PIN-18650-PIN-LAP-TOP-300x300.jpg 300w, https:\/\/maybommini.vn\/wp-content\/uploads\/2018\/10\/BOX-PIN-18650-PIN-LAP-TOP-150x150.jpg 150w, https:\/\/maybommini.vn\/wp-content\/uploads\/2018\/10\/BOX-PIN-18650-PIN-LAP-TOP-600x600.jpg 600w\" sizes=\"(max-width: 820px) 100vw, 820px\" \/><\/a> <a href=\"https:\/\/maybommini.com\/wp-content\/uploads\/2018\/10\/ban-pin-sac-du-phong-gia-re.jpg\" target=\"_blank\" rel=\"noopener\"><img decoding=\"async\" class=\"size-full wp-image-260458 aligncenter\" src=\"https:\/\/maybommini.com\/wp-content\/uploads\/2018\/10\/ban-pin-sac-du-phong-gia-re.jpg\" alt=\"Ban Pin Sac Du Phong Gia Re\" width=\"820\" height=\"820\" srcset=\"https:\/\/maybommini.vn\/wp-content\/uploads\/2018\/10\/ban-pin-sac-du-phong-gia-re.jpg 820w, https:\/\/maybommini.vn\/wp-content\/uploads\/2018\/10\/ban-pin-sac-du-phong-gia-re-300x300.jpg 300w, https:\/\/maybommini.vn\/wp-content\/uploads\/2018\/10\/ban-pin-sac-du-phong-gia-re-150x150.jpg 150w, https:\/\/maybommini.vn\/wp-content\/uploads\/2018\/10\/ban-pin-sac-du-phong-gia-re-600x600.jpg 600w\" sizes=\"(max-width: 820px) 100vw, 820px\" \/><\/a> <a href=\"https:\/\/maybommini.com\/wp-content\/uploads\/2018\/10\/ban-cac-loai-box-khay-pin-sac-du-phong.jpg\" target=\"_blank\" rel=\"noopener\"><img decoding=\"async\" class=\"size-full wp-image-260457 aligncenter\" src=\"https:\/\/maybommini.com\/wp-content\/uploads\/2018\/10\/ban-cac-loai-box-khay-pin-sac-du-phong.jpg\" alt=\"Ban Cac Loai Box Khay Pin Sac Du Phong\" width=\"820\" height=\"820\" srcset=\"https:\/\/maybommini.vn\/wp-content\/uploads\/2018\/10\/ban-cac-loai-box-khay-pin-sac-du-phong.jpg 820w, https:\/\/maybommini.vn\/wp-content\/uploads\/2018\/10\/ban-cac-loai-box-khay-pin-sac-du-phong-300x300.jpg 300w, https:\/\/maybommini.vn\/wp-content\/uploads\/2018\/10\/ban-cac-loai-box-khay-pin-sac-du-phong-150x150.jpg 150w, https:\/\/maybommini.vn\/wp-content\/uploads\/2018\/10\/ban-cac-loai-box-khay-pin-sac-du-phong-600x600.jpg 600w\" sizes=\"(max-width: 820px) 100vw, 820px\" \/><\/a> <a href=\"https:\/\/maybommini.com\/wp-content\/uploads\/2018\/10\/pin-du-phong-5-cell-mau-xanh-la-new.jpg\" target=\"_blank\" rel=\"noopener\"><img decoding=\"async\" class=\"size-full wp-image-260456 aligncenter\" src=\"https:\/\/maybommini.com\/wp-content\/uploads\/2018\/10\/pin-du-phong-5-cell-mau-xanh-la-new.jpg\" alt=\"Pin Du Phong 5 Cell Mau Xanh La New\" width=\"820\" height=\"820\" srcset=\"https:\/\/maybommini.vn\/wp-content\/uploads\/2018\/10\/pin-du-phong-5-cell-mau-xanh-la-new.jpg 820w, https:\/\/maybommini.vn\/wp-content\/uploads\/2018\/10\/pin-du-phong-5-cell-mau-xanh-la-new-300x300.jpg 300w, https:\/\/maybommini.vn\/wp-content\/uploads\/2018\/10\/pin-du-phong-5-cell-mau-xanh-la-new-150x150.jpg 150w, https:\/\/maybommini.vn\/wp-content\/uploads\/2018\/10\/pin-du-phong-5-cell-mau-xanh-la-new-600x600.jpg 600w\" sizes=\"(max-width: 820px) 100vw, 820px\" \/><\/a> <a href=\"https:\/\/maybommini.com\/wp-content\/uploads\/2018\/10\/pin-du-phong-5-cell-mau-xanh-la.jpg\" target=\"_blank\" rel=\"noopener\"><img decoding=\"async\" class=\"size-full wp-image-260455 aligncenter\" src=\"https:\/\/maybommini.com\/wp-content\/uploads\/2018\/10\/pin-du-phong-5-cell-mau-xanh-la.jpg\" alt=\"Pin Du Phong 5 Cell Mau Xanh La\" width=\"820\" height=\"820\" srcset=\"https:\/\/maybommini.vn\/wp-content\/uploads\/2018\/10\/pin-du-phong-5-cell-mau-xanh-la.jpg 820w, https:\/\/maybommini.vn\/wp-content\/uploads\/2018\/10\/pin-du-phong-5-cell-mau-xanh-la-300x300.jpg 300w, https:\/\/maybommini.vn\/wp-content\/uploads\/2018\/10\/pin-du-phong-5-cell-mau-xanh-la-150x150.jpg 150w, https:\/\/maybommini.vn\/wp-content\/uploads\/2018\/10\/pin-du-phong-5-cell-mau-xanh-la-600x600.jpg 600w\" sizes=\"(max-width: 820px) 100vw, 820px\" \/><\/a> <a href=\"https:\/\/maybommini.com\/wp-content\/uploads\/2018\/10\/pin-du-phong-5-cell-mau-xanh-duong-new.jpg\" target=\"_blank\" rel=\"noopener\"><img decoding=\"async\" class=\"size-full wp-image-260454 aligncenter\" src=\"https:\/\/maybommini.com\/wp-content\/uploads\/2018\/10\/pin-du-phong-5-cell-mau-xanh-duong-new.jpg\" alt=\"Pin Du Phong 5 Cell Mau Xanh Duong New\" width=\"820\" height=\"820\" srcset=\"https:\/\/maybommini.vn\/wp-content\/uploads\/2018\/10\/pin-du-phong-5-cell-mau-xanh-duong-new.jpg 820w, https:\/\/maybommini.vn\/wp-content\/uploads\/2018\/10\/pin-du-phong-5-cell-mau-xanh-duong-new-300x300.jpg 300w, https:\/\/maybommini.vn\/wp-content\/uploads\/2018\/10\/pin-du-phong-5-cell-mau-xanh-duong-new-150x150.jpg 150w, https:\/\/maybommini.vn\/wp-content\/uploads\/2018\/10\/pin-du-phong-5-cell-mau-xanh-duong-new-600x600.jpg 600w\" sizes=\"(max-width: 820px) 100vw, 820px\" \/><\/a> <a href=\"https:\/\/maybommini.com\/wp-content\/uploads\/2018\/10\/pin-du-phong-5-cell-mau-xanh-duong.jpg\" target=\"_blank\" rel=\"noopener\"><img decoding=\"async\" class=\"size-full wp-image-260453 aligncenter\" src=\"https:\/\/maybommini.com\/wp-content\/uploads\/2018\/10\/pin-du-phong-5-cell-mau-xanh-duong.jpg\" alt=\"Pin Du Phong 5 Cell Mau Xanh Duong\" width=\"820\" height=\"820\" srcset=\"https:\/\/maybommini.vn\/wp-content\/uploads\/2018\/10\/pin-du-phong-5-cell-mau-xanh-duong.jpg 820w, https:\/\/maybommini.vn\/wp-content\/uploads\/2018\/10\/pin-du-phong-5-cell-mau-xanh-duong-300x300.jpg 300w, https:\/\/maybommini.vn\/wp-content\/uploads\/2018\/10\/pin-du-phong-5-cell-mau-xanh-duong-150x150.jpg 150w, https:\/\/maybommini.vn\/wp-content\/uploads\/2018\/10\/pin-du-phong-5-cell-mau-xanh-duong-600x600.jpg 600w\" sizes=\"(max-width: 820px) 100vw, 820px\" \/><\/a><\/p>\n<p>&nbsp;<\/p>\n<p><strong>S\u1eec D\u1ee4N BOX S\u1ea0C PIN D\u1ef0 PH\u00d2NG<\/strong><br \/>\n&#8211; D\u00f9ng s\u1ea1c \u0111i\u1ec7n tho\u1ea1i.<br \/>\n&#8211; D\u00f9ng s\u1ea1c m\u00e1y t\u00ednh b\u1ea3ng.<br \/>\n&#8211; S\u1ea1c d\u1ef1 ph\u00f2ng \u0111i du l\u1ecbch dung l\u01b0\u1ee3ng l\u1edbn.<br \/>\n&#8211; D\u00f9ng l\u00e0m \u0111\u00e8n pin khi m\u1ea5t \u0111i\u1ec7n.<br \/>\n&#8211; D\u00f9ng s\u1ea1c d\u1ef1 ph\u00f2ng cho t\u00e0i x\u00e9 grab uber.<br \/>\n&#8211; Box s\u1ea1c nhanh cho c\u00e1c lo\u1ea1i \u0111i\u1ec7n tho\u1ea1i c\u00f3 c\u00f3 h\u1ed5 tr\u1ee3 s\u1ea1c nhanh.<\/p>\n<p><a href=\"https:\/\/maybommini.com\/wp-content\/uploads\/2018\/10\/nha-may-san-xuat.jpg\" target=\"_blank\" rel=\"noopener\"><img decoding=\"async\" class=\"size-full wp-image-260447 aligncenter\" src=\"https:\/\/maybommini.com\/wp-content\/uploads\/2018\/10\/nha-may-san-xuat.jpg\" alt=\"Nha May San Xuat\" width=\"820\" height=\"820\" srcset=\"https:\/\/maybommini.vn\/wp-content\/uploads\/2018\/10\/nha-may-san-xuat.jpg 820w, https:\/\/maybommini.vn\/wp-content\/uploads\/2018\/10\/nha-may-san-xuat-300x300.jpg 300w, https:\/\/maybommini.vn\/wp-content\/uploads\/2018\/10\/nha-may-san-xuat-150x150.jpg 150w, https:\/\/maybommini.vn\/wp-content\/uploads\/2018\/10\/nha-may-san-xuat-600x600.jpg 600w\" sizes=\"(max-width: 820px) 100vw, 820px\" \/><\/a><a href=\"https:\/\/maybommini.com\/wp-content\/uploads\/2018\/10\/pin-du-phong-5-cell-mau-trang-new.jpg\" target=\"_blank\" rel=\"noopener\"><img decoding=\"async\" class=\"size-full wp-image-260471 aligncenter\" src=\"https:\/\/maybommini.com\/wp-content\/uploads\/2018\/10\/pin-du-phong-5-cell-mau-trang-new.jpg\" alt=\"Pin Du Phong 5 Cell Mau Trang New\" width=\"820\" height=\"820\" srcset=\"https:\/\/maybommini.vn\/wp-content\/uploads\/2018\/10\/pin-du-phong-5-cell-mau-trang-new.jpg 820w, https:\/\/maybommini.vn\/wp-content\/uploads\/2018\/10\/pin-du-phong-5-cell-mau-trang-new-300x300.jpg 300w, https:\/\/maybommini.vn\/wp-content\/uploads\/2018\/10\/pin-du-phong-5-cell-mau-trang-new-150x150.jpg 150w, https:\/\/maybommini.vn\/wp-content\/uploads\/2018\/10\/pin-du-phong-5-cell-mau-trang-new-600x600.jpg 600w, https:\/\/maybommini.vn\/wp-content\/uploads\/2018\/10\/pin-du-phong-5-cell-mau-trang-new-768x768.jpg 768w\" sizes=\"(max-width: 820px) 100vw, 820px\" \/><\/a> <a href=\"https:\/\/maybommini.com\/wp-content\/uploads\/2018\/10\/pin-du-phong-5-cell-mau-trang.jpg\" target=\"_blank\" rel=\"noopener\"><img decoding=\"async\" class=\"size-full wp-image-260470 aligncenter\" src=\"https:\/\/maybommini.com\/wp-content\/uploads\/2018\/10\/pin-du-phong-5-cell-mau-trang.jpg\" alt=\"Pin Du Phong 5 Cell Mau Trang\" width=\"820\" height=\"820\" srcset=\"https:\/\/maybommini.vn\/wp-content\/uploads\/2018\/10\/pin-du-phong-5-cell-mau-trang.jpg 820w, https:\/\/maybommini.vn\/wp-content\/uploads\/2018\/10\/pin-du-phong-5-cell-mau-trang-300x300.jpg 300w, https:\/\/maybommini.vn\/wp-content\/uploads\/2018\/10\/pin-du-phong-5-cell-mau-trang-150x150.jpg 150w, https:\/\/maybommini.vn\/wp-content\/uploads\/2018\/10\/pin-du-phong-5-cell-mau-trang-600x600.jpg 600w\" sizes=\"(max-width: 820px) 100vw, 820px\" \/><\/a> <a href=\"https:\/\/maybommini.com\/wp-content\/uploads\/2018\/10\/pin-du-phong-5-cell-mau-hong-tang-cap-sac.jpg\" target=\"_blank\" rel=\"noopener\"><img decoding=\"async\" class=\"size-full wp-image-260469 aligncenter\" src=\"https:\/\/maybommini.com\/wp-content\/uploads\/2018\/10\/pin-du-phong-5-cell-mau-hong-tang-cap-sac.jpg\" alt=\"Pin Du Phong 5 Cell Mau Hong Tang Cap Sac\" width=\"820\" height=\"820\" srcset=\"https:\/\/maybommini.vn\/wp-content\/uploads\/2018\/10\/pin-du-phong-5-cell-mau-hong-tang-cap-sac.jpg 820w, https:\/\/maybommini.vn\/wp-content\/uploads\/2018\/10\/pin-du-phong-5-cell-mau-hong-tang-cap-sac-300x300.jpg 300w, https:\/\/maybommini.vn\/wp-content\/uploads\/2018\/10\/pin-du-phong-5-cell-mau-hong-tang-cap-sac-150x150.jpg 150w, https:\/\/maybommini.vn\/wp-content\/uploads\/2018\/10\/pin-du-phong-5-cell-mau-hong-tang-cap-sac-600x600.jpg 600w\" sizes=\"(max-width: 820px) 100vw, 820px\" \/><\/a> <a href=\"https:\/\/maybommini.com\/wp-content\/uploads\/2018\/10\/pin-du-phong-5-cell-mau-hong.jpg\" target=\"_blank\" rel=\"noopener\"><img decoding=\"async\" class=\"size-full wp-image-260468 aligncenter\" src=\"https:\/\/maybommini.com\/wp-content\/uploads\/2018\/10\/pin-du-phong-5-cell-mau-hong.jpg\" alt=\"Pin Du Phong 5 Cell Mau Hong\" width=\"820\" height=\"820\" srcset=\"https:\/\/maybommini.vn\/wp-content\/uploads\/2018\/10\/pin-du-phong-5-cell-mau-hong.jpg 820w, https:\/\/maybommini.vn\/wp-content\/uploads\/2018\/10\/pin-du-phong-5-cell-mau-hong-300x300.jpg 300w, https:\/\/maybommini.vn\/wp-content\/uploads\/2018\/10\/pin-du-phong-5-cell-mau-hong-150x150.jpg 150w, https:\/\/maybommini.vn\/wp-content\/uploads\/2018\/10\/pin-du-phong-5-cell-mau-hong-600x600.jpg 600w\" sizes=\"(max-width: 820px) 100vw, 820px\" \/><\/a> <a href=\"https:\/\/maybommini.com\/wp-content\/uploads\/2018\/10\/pin-du-phong-5-cell.jpg\" target=\"_blank\" rel=\"noopener\"><img decoding=\"async\" class=\"size-full wp-image-260467 aligncenter\" src=\"https:\/\/maybommini.com\/wp-content\/uploads\/2018\/10\/pin-du-phong-5-cell.jpg\" alt=\"Pin Du Phong 5 Cell\" width=\"820\" height=\"820\" srcset=\"https:\/\/maybommini.vn\/wp-content\/uploads\/2018\/10\/pin-du-phong-5-cell.jpg 820w, https:\/\/maybommini.vn\/wp-content\/uploads\/2018\/10\/pin-du-phong-5-cell-300x300.jpg 300w, https:\/\/maybommini.vn\/wp-content\/uploads\/2018\/10\/pin-du-phong-5-cell-150x150.jpg 150w, https:\/\/maybommini.vn\/wp-content\/uploads\/2018\/10\/pin-du-phong-5-cell-600x600.jpg 600w\" sizes=\"(max-width: 820px) 100vw, 820px\" \/><\/a> <a href=\"https:\/\/maybommini.com\/wp-content\/uploads\/2018\/10\/khay-chua-pin-lam-sac-du-phong-dien-thoai.jpg\" target=\"_blank\" rel=\"noopener\"><img decoding=\"async\" class=\"size-full wp-image-260466 aligncenter\" src=\"https:\/\/maybommini.com\/wp-content\/uploads\/2018\/10\/khay-chua-pin-lam-sac-du-phong-dien-thoai.jpg\" alt=\"Khay Chua Pin Lam Sac Du Phong Dien Thoai\" width=\"820\" height=\"820\" srcset=\"https:\/\/maybommini.vn\/wp-content\/uploads\/2018\/10\/khay-chua-pin-lam-sac-du-phong-dien-thoai.jpg 820w, https:\/\/maybommini.vn\/wp-content\/uploads\/2018\/10\/khay-chua-pin-lam-sac-du-phong-dien-thoai-300x300.jpg 300w, https:\/\/maybommini.vn\/wp-content\/uploads\/2018\/10\/khay-chua-pin-lam-sac-du-phong-dien-thoai-150x150.jpg 150w, https:\/\/maybommini.vn\/wp-content\/uploads\/2018\/10\/khay-chua-pin-lam-sac-du-phong-dien-thoai-600x600.jpg 600w\" sizes=\"(max-width: 820px) 100vw, 820px\" \/><\/a> <a href=\"https:\/\/maybommini.com\/wp-content\/uploads\/2018\/10\/hop-pin-du-phong.jpg\" target=\"_blank\" rel=\"noopener\"><img decoding=\"async\" class=\"size-full wp-image-260465 aligncenter\" src=\"https:\/\/maybommini.com\/wp-content\/uploads\/2018\/10\/hop-pin-du-phong.jpg\" alt=\"Hop Pin Du Phong\" width=\"820\" height=\"820\" srcset=\"https:\/\/maybommini.vn\/wp-content\/uploads\/2018\/10\/hop-pin-du-phong.jpg 820w, https:\/\/maybommini.vn\/wp-content\/uploads\/2018\/10\/hop-pin-du-phong-300x300.jpg 300w, https:\/\/maybommini.vn\/wp-content\/uploads\/2018\/10\/hop-pin-du-phong-150x150.jpg 150w, https:\/\/maybommini.vn\/wp-content\/uploads\/2018\/10\/hop-pin-du-phong-600x600.jpg 600w\" sizes=\"(max-width: 820px) 100vw, 820px\" \/><\/a> <a href=\"https:\/\/maybommini.com\/wp-content\/uploads\/2018\/10\/cong-sac-box-pin-5-cell.jpg\" target=\"_blank\" rel=\"noopener\"><img decoding=\"async\" class=\"size-full wp-image-260464 aligncenter\" src=\"https:\/\/maybommini.com\/wp-content\/uploads\/2018\/10\/cong-sac-box-pin-5-cell.jpg\" alt=\"Cong Sac Box Pin 5 Cell\" width=\"820\" height=\"820\" srcset=\"https:\/\/maybommini.vn\/wp-content\/uploads\/2018\/10\/cong-sac-box-pin-5-cell.jpg 820w, https:\/\/maybommini.vn\/wp-content\/uploads\/2018\/10\/cong-sac-box-pin-5-cell-300x300.jpg 300w, https:\/\/maybommini.vn\/wp-content\/uploads\/2018\/10\/cong-sac-box-pin-5-cell-150x150.jpg 150w, https:\/\/maybommini.vn\/wp-content\/uploads\/2018\/10\/cong-sac-box-pin-5-cell-600x600.jpg 600w\" sizes=\"(max-width: 820px) 100vw, 820px\" \/><\/a> <a href=\"https:\/\/maybommini.com\/wp-content\/uploads\/2018\/10\/chuyen-cac-loai-khay-box-sac-du-phong-gia-re-chat-luong.jpg\" target=\"_blank\" rel=\"noopener\"><img decoding=\"async\" class=\"size-full wp-image-260463 aligncenter\" src=\"https:\/\/maybommini.com\/wp-content\/uploads\/2018\/10\/chuyen-cac-loai-khay-box-sac-du-phong-gia-re-chat-luong.jpg\" alt=\"Chuyen Cac Loai Khay Box Sac Du Phong Gia Re Chat Luong\" width=\"820\" height=\"820\" srcset=\"https:\/\/maybommini.vn\/wp-content\/uploads\/2018\/10\/chuyen-cac-loai-khay-box-sac-du-phong-gia-re-chat-luong.jpg 820w, https:\/\/maybommini.vn\/wp-content\/uploads\/2018\/10\/chuyen-cac-loai-khay-box-sac-du-phong-gia-re-chat-luong-300x300.jpg 300w, https:\/\/maybommini.vn\/wp-content\/uploads\/2018\/10\/chuyen-cac-loai-khay-box-sac-du-phong-gia-re-chat-luong-150x150.jpg 150w, https:\/\/maybommini.vn\/wp-content\/uploads\/2018\/10\/chuyen-cac-loai-khay-box-sac-du-phong-gia-re-chat-luong-600x600.jpg 600w\" sizes=\"(max-width: 820px) 100vw, 820px\" \/><\/a><br \/>\n<strong><br \/>\nB\u00c1N BOX S\u1ea0C PIN D\u1ef0 PH\u00d2NG \u1ede \u0110\u00c2U ?<br \/>\n<\/strong><b>Ch\u00fang t\u00f4i chuy\u00ean b\u00e1n s\u1ec9 l\u1ebb c\u00e1c lo\u1ea1i box s\u1ea1c pin d\u1ef1 ph\u00f2ng 8 cell, 7cell ch\u1ea5t l\u01b0\u1ee3ng cao gi\u00e1 t\u1ed1t giao h\u00e0ng to\u00e0n qu\u1ed1c v\u00e0 b\u1ea3o h\u00e0nh cho kh\u00e1ch h\u00e0ng s\u1eed d\u1ee5ng l\u00e2u d\u00e0i.<br \/>\n<\/b><strong>Hotline :<\/strong> 090 729 4310<br \/>\n<strong>Email :<\/strong> maybommini.com@gmail.com<br \/>\n<strong>Website :<\/strong> http:\/\/maybommini.com<br \/>\n<strong>Facebook :<\/strong> https:\/\/www.facebook.com\/maybommini<br \/>\n<strong>Google :<\/strong> https:\/\/plus.google.com\/ Maybomnuocminiruaxe<br \/>\n<strong>Youtube demo :<\/strong> https:\/\/www.youtube.com\/bahamasali<\/p>\n","protected":false},"excerpt":{"rendered":"<p>Model: A5<br \/>\nCh\u1ee9a Pin: 5 vi\u00ean (5 cell)<br \/>\nLo\u1ea1i Pin: Pin s\u1ea1c 18650<br \/>\nC\u1ed5ng s\u1ea1c OUT : 0.1A \u0111\u1ebfn 2.3A (2 c\u1ed5ng USB)<br \/>\nC\u1ed5ng s\u1ea1c IN: 0.1A \u0111\u1ebfn 2A (1 c\u1ed5ng Micro USB)<br \/>\n\u0110\u00e8n LED chi\u1ebfu s\u00e1ng: 1\u00a0c\u00e1i<br \/>\nN\u00fat ngu\u1ed3n: C\u00f3<br \/>\nM\u00e0n h\u00ecnh: C\u00f3<br \/>\nB\u00e1o dung l\u01b0\u1ee3ng ph\u1ea7n tr\u0103m<br \/>\nB\u00e1o s\u1ea1c: c\u00f3<br \/>\nBox c\u00f3 th\u1ec3 th\u00e1o l\u1eafp \u0111\u1ec3 thay pin.<br \/>\nNg\u1eaft s\u1ea1c an to\u00e0n th\u00f4ng minh<br \/>\nKh\u00f4ng g\u00e2y h\u01b0 pin ho\u1eb7c thi\u1ebft b\u1ecb<br \/>\n<strong>Box kh\u00f4ng k\u00e8m theo Pin<\/strong><br \/>\nTr\u1ecdng l\u01b0\u1ee3ng: 50g<br \/>\nK\u00edch th\u01b0\u1edbc: 149 * 62 * 22mm<br \/>\nM\u00e0u s\u1eafc: Xanh d\u01b0\u01a1ng &#8211; Xanh L\u00e1 &#8211; Tr\u1eafng<br \/>\nB\u1ea3o h\u00e0nh:\u00a0 1 th\u00e1ng<br \/>\nS\u1ea3n ph\u1ea9m cao c\u1ea5p<\/p>\n","protected":false},"featured_media":260460,"comment_status":"open","ping_status":"closed","template":"","meta":[],"product_brand":[2227],"product_cat":[421,214],"product_tag":[2552,1305,2546,2549,2545,1306,2551,2550,2547,2548,1735,2544,995],"class_list":{"0":"post-260452","1":"product","2":"type-product","3":"status-publish","4":"has-post-thumbnail","6":"product_brand-mtm","7":"product_cat-pin-sac","8":"product_cat-phu-kien-bom-nuoc","9":"product_tag-box-5-cell","10":"product_tag-box-sac","11":"product_tag-box-sac-du-phong-sac-nhanh","12":"product_tag-box-sac-dung-cong-nghe-sac-nhanh","13":"product_tag-box-sac-nhanh","14":"product_tag-box-sac-pin-du-phong","15":"product_tag-box-sac-u7","16":"product_tag-box-type-c","17":"product_tag-fast-charge","18":"product_tag-fast-charge-technology","19":"product_tag-sac-du-phong-dien-thoai","20":"product_tag-sac-nhanh","21":"product_tag-sac-pin-12v","23":"first","24":"instock","25":"sale","26":"shipping-taxable","27":"purchasable","28":"product-type-simple"},"_links":{"self":[{"href":"https:\/\/maybommini.vn\/index.php?rest_route=\/wp\/v2\/product\/260452","targetHints":{"allow":["GET"]}}],"collection":[{"href":"https:\/\/maybommini.vn\/index.php?rest_route=\/wp\/v2\/product"}],"about":[{"href":"https:\/\/maybommini.vn\/index.php?rest_route=\/wp\/v2\/types\/product"}],"replies":[{"embeddable":true,"href":"https:\/\/maybommini.vn\/index.php?rest_route=%2Fwp%2Fv2%2Fcomments&post=260452"}],"wp:featuredmedia":[{"embeddable":true,"href":"https:\/\/maybommini.vn\/index.php?rest_route=\/wp\/v2\/media\/260460"}],"wp:attachment":[{"href":"https:\/\/maybommini.vn\/index.php?rest_route=%2Fwp%2Fv2%2Fmedia&parent=260452"}],"wp:term":[{"taxonomy":"product_brand","embeddable":true,"href":"https:\/\/maybommini.vn\/index.php?rest_route=%2Fwp%2Fv2%2Fproduct_brand&post=260452"},{"taxonomy":"product_cat","embeddable":true,"href":"https:\/\/maybommini.vn\/index.php?rest_route=%2Fwp%2Fv2%2Fproduct_cat&post=260452"},{"taxonomy":"product_tag","embeddable":true,"href":"https:\/\/maybommini.vn\/index.php?rest_route=%2Fwp%2Fv2%2Fproduct_tag&post=260452"}],"curies":[{"name":"wp","href":"https:\/\/api.w.org\/{rel}","templated":true}]}}