{"id":260547,"date":"2018-10-14T19:04:12","date_gmt":"2018-10-14T12:04:12","guid":{"rendered":"https:\/\/maybommini.com\/?post_type=product&#038;p=260547"},"modified":"2020-05-23T21:46:26","modified_gmt":"2020-05-23T14:46:26","slug":"may-cat-da-nang-mini-cm-895","status":"publish","type":"product","link":"https:\/\/maybommini.vn\/?product=may-cat-da-nang-mini-cm-895","title":{"rendered":"M\u00e1y c\u1eaft \u0111a n\u0103ng mini CM-895"},"content":{"rendered":"<h3><em><strong>Chuy\u00ean b\u00e1n c\u00e1c lo\u1ea1i m\u00e1y c\u1eaft \u0111a n\u0103ng mini \u0111\u1ec3 b\u00e0n d\u00f9ng c\u1eaft kim lo\u1ea1i v\u00e0 c\u00e1c v\u1eadt li\u1ec7u kh\u00e1c nhau r\u1ea5t ti\u1ec7n d\u1ee5ng m\u00e0 c\u00f3 thi\u1ebft k\u1ebf nh\u1ecf g\u1ecdn \u0111\u1ec3 tr\u00ean b\u00e0n l\u00e0m vi\u1ec7c thu\u1eadn ti\u1ec7n cho vi\u1ec7c ch\u1ebf t\u1ea1o. M\u00e1y d\u00f9ng motor 895 24V cho t\u1ed1c \u0111\u1ed9 cao b\u1ec1n v\u00e0 kh\u00e1 l\u00e0 m\u1ea1nh khi c\u1eaft c\u00e1c v\u1eadt li\u1ec7u c\u1ee9ng.<\/strong><\/em><\/h3>\n<p><a href=\"https:\/\/maybommini.com\/wp-content\/uploads\/2018\/10\/may-cua-mini-da-nang-CM-895.jpg\" target=\"_blank\" rel=\"noopener\"><img decoding=\"async\" class=\"size-full wp-image-260561 aligncenter\" src=\"https:\/\/maybommini.com\/wp-content\/uploads\/2018\/10\/may-cua-mini-da-nang-CM-895.jpg\" alt=\"May Cua Mini Da Nang CM 895\" width=\"820\" height=\"820\" srcset=\"https:\/\/maybommini.vn\/wp-content\/uploads\/2018\/10\/may-cua-mini-da-nang-CM-895.jpg 820w, https:\/\/maybommini.vn\/wp-content\/uploads\/2018\/10\/may-cua-mini-da-nang-CM-895-300x300.jpg 300w, https:\/\/maybommini.vn\/wp-content\/uploads\/2018\/10\/may-cua-mini-da-nang-CM-895-150x150.jpg 150w, https:\/\/maybommini.vn\/wp-content\/uploads\/2018\/10\/may-cua-mini-da-nang-CM-895-600x600.jpg 600w\" sizes=\"(max-width: 820px) 100vw, 820px\" \/><\/a><\/p>\n<p><strong>TH\u00d4NG S\u1ed0 K\u1ef4 THU\u1eacT<\/strong><br \/>\nModel: CM-895<br \/>\nMotor: 895 24V<br \/>\nC\u00f4ng su\u1ea5t: 250W<br \/>\nAdapter 220V &#8211; 24V 10A<br \/>\nT\u1ed1c \u0111\u1ed9:\u00a05800 RPM<br \/>\nL\u01b0\u1ee1i c\u01b0a: 4 inch<br \/>\n\u0110\u01b0\u1eddng k\u00ednh trong 20 \/ 16MM<br \/>\n\u0110\u01b0\u1eddng c\u1eaft:\u00a0c\u00f3 th\u1ec3 \u0111i\u1ec1u ch\u1ec9nh g\u00f3c<br \/>\nB\u00e1nh xe \u0111\u1ed3ng b\u1ed9: XL ch\u00ednh x\u00e1c cao<br \/>\n\u0110ai b\u00e1nh r\u0103ng: XL b\u00e1nh r\u0103ng v\u00e0nh \u0111ai<br \/>\nCh\u1ea5t li\u1ec7u: Nh\u00f4m &#8211; \u0110\u1ed3ng<br \/>\nK\u00edch th\u01b0\u1edbc: 220 x 180 x 150 mm<br \/>\nTr\u1ecdng l\u01b0\u1ee3ng: 2 Kg<br \/>\nPh\u1ee5 ki\u1ec7n: \u0110\u00e1 c\u01b0a , Adapter 24V , Kho\u00e1 m\u1edf l\u01b0\u1ee1i c\u01b0a.<br \/>\nB\u1ea3o h\u00e0nh: 6 th\u00e1ng<br \/>\nPh\u00e2n ph\u1ed1i: <a href=\"https:\/\/maybomminimbm.vn\/\" target=\"_blank\" rel=\"noopener noreferrer\"><strong>M\u00e1y B\u01a1m Mini MBM<\/strong><\/a><\/p>\n<p><a href=\"https:\/\/maybommini.com\/wp-content\/uploads\/2018\/10\/may-cua-mini-da-nang-895.jpg\" target=\"_blank\" rel=\"noopener\"><img decoding=\"async\" class=\"size-full wp-image-260560 aligncenter\" src=\"https:\/\/maybommini.com\/wp-content\/uploads\/2018\/10\/may-cua-mini-da-nang-895.jpg\" alt=\"May Cua Mini Da Nang 895\" width=\"820\" height=\"820\" srcset=\"https:\/\/maybommini.vn\/wp-content\/uploads\/2018\/10\/may-cua-mini-da-nang-895.jpg 820w, https:\/\/maybommini.vn\/wp-content\/uploads\/2018\/10\/may-cua-mini-da-nang-895-300x300.jpg 300w, https:\/\/maybommini.vn\/wp-content\/uploads\/2018\/10\/may-cua-mini-da-nang-895-150x150.jpg 150w, https:\/\/maybommini.vn\/wp-content\/uploads\/2018\/10\/may-cua-mini-da-nang-895-600x600.jpg 600w, https:\/\/maybommini.vn\/wp-content\/uploads\/2018\/10\/may-cua-mini-da-nang-895-768x768.jpg 768w\" sizes=\"(max-width: 820px) 100vw, 820px\" \/><\/a> <a href=\"https:\/\/maybommini.com\/wp-content\/uploads\/2018\/10\/may-cat-kim-loai-go-mini.jpg\" target=\"_blank\" rel=\"noopener\"><img decoding=\"async\" class=\"size-full wp-image-260558 aligncenter\" src=\"https:\/\/maybommini.com\/wp-content\/uploads\/2018\/10\/may-cat-kim-loai-go-mini.jpg\" alt=\"May Cat Kim Loai Go Mini\" width=\"820\" height=\"820\" srcset=\"https:\/\/maybommini.vn\/wp-content\/uploads\/2018\/10\/may-cat-kim-loai-go-mini.jpg 820w, https:\/\/maybommini.vn\/wp-content\/uploads\/2018\/10\/may-cat-kim-loai-go-mini-300x300.jpg 300w, https:\/\/maybommini.vn\/wp-content\/uploads\/2018\/10\/may-cat-kim-loai-go-mini-150x150.jpg 150w, https:\/\/maybommini.vn\/wp-content\/uploads\/2018\/10\/may-cat-kim-loai-go-mini-600x600.jpg 600w\" sizes=\"(max-width: 820px) 100vw, 820px\" \/><\/a> <a href=\"https:\/\/maybommini.com\/wp-content\/uploads\/2018\/10\/mat-cat-kim-loai-de-ban-mini.jpg\" target=\"_blank\" rel=\"noopener\"><img decoding=\"async\" class=\"size-full wp-image-260557 aligncenter\" src=\"https:\/\/maybommini.com\/wp-content\/uploads\/2018\/10\/mat-cat-kim-loai-de-ban-mini.jpg\" alt=\"Mat Cat Kim Loai De Ban Mini\" width=\"820\" height=\"820\" srcset=\"https:\/\/maybommini.vn\/wp-content\/uploads\/2018\/10\/mat-cat-kim-loai-de-ban-mini.jpg 820w, https:\/\/maybommini.vn\/wp-content\/uploads\/2018\/10\/mat-cat-kim-loai-de-ban-mini-300x300.jpg 300w, https:\/\/maybommini.vn\/wp-content\/uploads\/2018\/10\/mat-cat-kim-loai-de-ban-mini-150x150.jpg 150w, https:\/\/maybommini.vn\/wp-content\/uploads\/2018\/10\/mat-cat-kim-loai-de-ban-mini-600x600.jpg 600w, https:\/\/maybommini.vn\/wp-content\/uploads\/2018\/10\/mat-cat-kim-loai-de-ban-mini-768x768.jpg 768w\" sizes=\"(max-width: 820px) 100vw, 820px\" \/><\/a> <a href=\"https:\/\/maybommini.com\/wp-content\/uploads\/2018\/10\/mat-cat-kim-loai-bang-da.jpg\" target=\"_blank\" rel=\"noopener\"><img decoding=\"async\" class=\"size-full wp-image-260556 aligncenter\" src=\"https:\/\/maybommini.com\/wp-content\/uploads\/2018\/10\/mat-cat-kim-loai-bang-da.jpg\" alt=\"Mat Cat Kim Loai Bang Da\" width=\"820\" height=\"820\" srcset=\"https:\/\/maybommini.vn\/wp-content\/uploads\/2018\/10\/mat-cat-kim-loai-bang-da.jpg 820w, https:\/\/maybommini.vn\/wp-content\/uploads\/2018\/10\/mat-cat-kim-loai-bang-da-300x300.jpg 300w, https:\/\/maybommini.vn\/wp-content\/uploads\/2018\/10\/mat-cat-kim-loai-bang-da-150x150.jpg 150w, https:\/\/maybommini.vn\/wp-content\/uploads\/2018\/10\/mat-cat-kim-loai-bang-da-600x600.jpg 600w\" sizes=\"(max-width: 820px) 100vw, 820px\" \/><\/a> <a href=\"https:\/\/maybommini.com\/wp-content\/uploads\/2018\/10\/CUTTING-MACHINE-may-cat-mini.jpg\" target=\"_blank\" rel=\"noopener\"><img decoding=\"async\" class=\"size-full wp-image-260554 aligncenter\" src=\"https:\/\/maybommini.com\/wp-content\/uploads\/2018\/10\/CUTTING-MACHINE-may-cat-mini.jpg\" alt=\"CUTTING MACHINE May Cat Mini\" width=\"820\" height=\"820\" srcset=\"https:\/\/maybommini.vn\/wp-content\/uploads\/2018\/10\/CUTTING-MACHINE-may-cat-mini.jpg 820w, https:\/\/maybommini.vn\/wp-content\/uploads\/2018\/10\/CUTTING-MACHINE-may-cat-mini-300x300.jpg 300w, https:\/\/maybommini.vn\/wp-content\/uploads\/2018\/10\/CUTTING-MACHINE-may-cat-mini-150x150.jpg 150w, https:\/\/maybommini.vn\/wp-content\/uploads\/2018\/10\/CUTTING-MACHINE-may-cat-mini-600x600.jpg 600w\" sizes=\"(max-width: 820px) 100vw, 820px\" \/><\/a> <a href=\"https:\/\/maybommini.com\/wp-content\/uploads\/2018\/10\/chi-tiet-may-cat-mini-da-nang.jpg\" target=\"_blank\" rel=\"noopener\"><img decoding=\"async\" class=\"size-full wp-image-260553 aligncenter\" src=\"https:\/\/maybommini.com\/wp-content\/uploads\/2018\/10\/chi-tiet-may-cat-mini-da-nang.jpg\" alt=\"Chi Tiet May Cat Mini Da Nang\" width=\"820\" height=\"820\" srcset=\"https:\/\/maybommini.vn\/wp-content\/uploads\/2018\/10\/chi-tiet-may-cat-mini-da-nang.jpg 820w, https:\/\/maybommini.vn\/wp-content\/uploads\/2018\/10\/chi-tiet-may-cat-mini-da-nang-300x300.jpg 300w, https:\/\/maybommini.vn\/wp-content\/uploads\/2018\/10\/chi-tiet-may-cat-mini-da-nang-150x150.jpg 150w, https:\/\/maybommini.vn\/wp-content\/uploads\/2018\/10\/chi-tiet-may-cat-mini-da-nang-600x600.jpg 600w\" sizes=\"(max-width: 820px) 100vw, 820px\" \/><\/a><\/p>\n<p><strong>S\u1eec D\u1ee4NG M\u00c1Y C\u1eaeT \u0110A N\u0102NG MINI<\/strong><br \/>\n&#8211; D\u00f9ng c\u1eaft kim lo\u1ea1i nh\u01b0 s\u1eaft, nh\u00f4m, \u0111\u1ed3ng, gang &#8230;<br \/>\n&#8211; D\u00f9ng c\u1eaft g\u1ed7, nh\u1ef1a, &#8230;<br \/>\n&#8211; D\u00f9ng c\u1ea5t c\u00e1c lo\u1ea1i v\u1eadt li\u1ec7u kh\u00e1c.<\/p>\n<p><a href=\"https:\/\/maybommini.com\/wp-content\/uploads\/2018\/10\/may-cat-kim-loai-mini-45-do.jpg\" target=\"_blank\" rel=\"noopener\"><img decoding=\"async\" class=\"size-full wp-image-260559 aligncenter\" src=\"https:\/\/maybommini.com\/wp-content\/uploads\/2018\/10\/may-cat-kim-loai-mini-45-do.jpg\" alt=\"May Cat Kim Loai Mini 45 Do\" width=\"820\" height=\"820\" srcset=\"https:\/\/maybommini.vn\/wp-content\/uploads\/2018\/10\/may-cat-kim-loai-mini-45-do.jpg 820w, https:\/\/maybommini.vn\/wp-content\/uploads\/2018\/10\/may-cat-kim-loai-mini-45-do-300x300.jpg 300w, https:\/\/maybommini.vn\/wp-content\/uploads\/2018\/10\/may-cat-kim-loai-mini-45-do-150x150.jpg 150w, https:\/\/maybommini.vn\/wp-content\/uploads\/2018\/10\/may-cat-kim-loai-mini-45-do-600x600.jpg 600w\" sizes=\"(max-width: 820px) 100vw, 820px\" \/><\/a> <a href=\"https:\/\/maybommini.com\/wp-content\/uploads\/2018\/10\/cat-kim-loai-bang-may-cat-mini.jpg\" target=\"_blank\" rel=\"noopener\"><img decoding=\"async\" class=\"size-full wp-image-260552 aligncenter\" src=\"https:\/\/maybommini.com\/wp-content\/uploads\/2018\/10\/cat-kim-loai-bang-may-cat-mini.jpg\" alt=\"Cat Kim Loai Bang May Cat Mini\" width=\"820\" height=\"820\" srcset=\"https:\/\/maybommini.vn\/wp-content\/uploads\/2018\/10\/cat-kim-loai-bang-may-cat-mini.jpg 820w, https:\/\/maybommini.vn\/wp-content\/uploads\/2018\/10\/cat-kim-loai-bang-may-cat-mini-300x300.jpg 300w, https:\/\/maybommini.vn\/wp-content\/uploads\/2018\/10\/cat-kim-loai-bang-may-cat-mini-150x150.jpg 150w, https:\/\/maybommini.vn\/wp-content\/uploads\/2018\/10\/cat-kim-loai-bang-may-cat-mini-600x600.jpg 600w\" sizes=\"(max-width: 820px) 100vw, 820px\" \/><\/a><\/p>\n<p><strong>MUA M\u00c1Y C\u1eaeT \u0110A N\u0102NG MINI \u1ede \u0110\u00c2U ?<\/strong><br \/>\nCh\u00fang t\u00f4i l\u00e0 nh\u00e0 cung c\u1ea5p c\u00e1c d\u1ee5ng c\u1ee5 c\u1ea7m tay, m\u00e1y khoan, m\u00e1y c\u1eaft \u0111a n\u0103ng mini ch\u1ea5t l\u01b0\u1ee3ng cao gi\u00e1 t\u1ed1t ch\u00ednh h\u00e3ng t\u1ea1i Vi\u1ec7t Nam \u0111\u01b0\u1ee3c b\u1ea3o h\u00e0nh l\u00e2u d\u00e0i v\u00e0 \u0111\u01b0\u1ee3c h\u1ed5 tr\u1ee3 k\u1ef9 thu\u1eadt v\u0129nh vi\u1ec5n.<br \/>\n<strong>Website:<\/strong>\u00a0<a href=\"https:\/\/maybommini.com\" target=\"_blank\" rel=\"noopener\">https:\/\/maybommini.com<\/a><br \/>\n<strong>Email:<\/strong> maybomini.com@gmail.com<br \/>\n<strong>Tel:<\/strong>\u00a0<a href=\"tel:0908997823\">0908997823<\/a> &#8211;\u00a0<a href=\"tel:0908997872\">0908997872<\/a> &#8211; <a href=\"tel:02873030399\">02873030399<\/a><\/p>\n","protected":false},"excerpt":{"rendered":"<p>Model: CM-895<br \/>\nMotor: 895 24V<br \/>\nC\u00f4ng su\u1ea5t: 250W<br \/>\nAdapter 220V &#8211; 24V 10A<br \/>\nT\u1ed1c \u0111\u1ed9:\u00a05800 RPM<br \/>\nL\u01b0\u1ee1i c\u01b0a: 4 inch<br \/>\n\u0110\u01b0\u1eddng k\u00ednh trong 20 \/ 16MM<br \/>\n\u0110\u01b0\u1eddng c\u1eaft:\u00a0c\u00f3 th\u1ec3 \u0111i\u1ec1u ch\u1ec9nh g\u00f3c<br \/>\nB\u00e1nh xe \u0111\u1ed3ng b\u1ed9: XL ch\u00ednh x\u00e1c cao<br \/>\n\u0110ai b\u00e1nh r\u0103ng: XL b\u00e1nh r\u0103ng v\u00e0nh \u0111ai<br \/>\nCh\u1ea5t li\u1ec7u: Nh\u00f4m &#8211; \u0110\u1ed3ng<br \/>\nK\u00edch th\u01b0\u1edbc: 220 x 180 x 150 mm<br \/>\nTr\u1ecdng l\u01b0\u1ee3ng: 2 Kg<br \/>\nPh\u1ee5 ki\u1ec7n: \u0110\u00e1 c\u01b0a , Adapter 24V , Kho\u00e1 m\u1edf l\u01b0\u1ee1i c\u01b0a.<br \/>\nB\u1ea3o h\u00e0nh: 6 th\u00e1ng<br \/>\nPh\u00e2n ph\u1ed1i: <a href=\"https:\/\/maybomminimbm.vn\/\" target=\"_blank\" rel=\"noopener noreferrer\"><strong>M\u00e1y B\u01a1m Mini MBM<\/strong><\/a><br \/>\nS\u1ea3n ph\u1ea9m cao c\u1ea5p<\/p>\n","protected":false},"featured_media":260561,"comment_status":"open","ping_status":"closed","template":"","meta":[],"product_brand":[2227],"product_cat":[2564,317],"product_tag":[2571,2569,2568,2570,2566,2565,2567,2572],"class_list":{"0":"post-260547","1":"product","2":"type-product","3":"status-publish","4":"has-post-thumbnail","6":"product_brand-mtm","7":"product_cat-may-cat-may-mai","8":"product_cat-thiet-bi-dung-cu","9":"product_tag-2571","10":"product_tag-aluminum-cutting-machine","11":"product_tag-cutting-machine","12":"product_tag-cutting-machine-small","13":"product_tag-may-cat","14":"product_tag-may-cat-may-mai","15":"product_tag-may-mai","16":"product_tag-motor-895","18":"first","19":"instock","20":"sale","21":"shipping-taxable","22":"purchasable","23":"product-type-simple"},"_links":{"self":[{"href":"https:\/\/maybommini.vn\/index.php?rest_route=\/wp\/v2\/product\/260547","targetHints":{"allow":["GET"]}}],"collection":[{"href":"https:\/\/maybommini.vn\/index.php?rest_route=\/wp\/v2\/product"}],"about":[{"href":"https:\/\/maybommini.vn\/index.php?rest_route=\/wp\/v2\/types\/product"}],"replies":[{"embeddable":true,"href":"https:\/\/maybommini.vn\/index.php?rest_route=%2Fwp%2Fv2%2Fcomments&post=260547"}],"wp:featuredmedia":[{"embeddable":true,"href":"https:\/\/maybommini.vn\/index.php?rest_route=\/wp\/v2\/media\/260561"}],"wp:attachment":[{"href":"https:\/\/maybommini.vn\/index.php?rest_route=%2Fwp%2Fv2%2Fmedia&parent=260547"}],"wp:term":[{"taxonomy":"product_brand","embeddable":true,"href":"https:\/\/maybommini.vn\/index.php?rest_route=%2Fwp%2Fv2%2Fproduct_brand&post=260547"},{"taxonomy":"product_cat","embeddable":true,"href":"https:\/\/maybommini.vn\/index.php?rest_route=%2Fwp%2Fv2%2Fproduct_cat&post=260547"},{"taxonomy":"product_tag","embeddable":true,"href":"https:\/\/maybommini.vn\/index.php?rest_route=%2Fwp%2Fv2%2Fproduct_tag&post=260547"}],"curies":[{"name":"wp","href":"https:\/\/api.w.org\/{rel}","templated":true}]}}