{"id":260607,"date":"2018-10-25T12:51:48","date_gmt":"2018-10-25T05:51:48","guid":{"rendered":"https:\/\/maybommini.com\/?post_type=product&#038;p=260607"},"modified":"2022-05-01T22:06:05","modified_gmt":"2022-05-01T15:06:05","slug":"may-mai-day-dai-nham-mini-gw-895","status":"publish","type":"product","link":"https:\/\/maybommini.vn\/?product=may-mai-day-dai-nham-mini-gw-895","title":{"rendered":"M\u00e1y m\u00e0i d\u00e2y \u0111ai nh\u00e1m mini GW-895"},"content":{"rendered":"<h3><em><strong>Chuy\u00ean c\u00e1c lo\u1ea1i m\u00e1y m\u00e0i d\u00e2y \u0111ai nh\u00e1m mini v\u00e0 m\u00e1i c\u1eaft mini ti\u1ec7n l\u1ee3i nh\u1ecf g\u1ecdn ph\u00f9 h\u1ee3p kh\u00f4ng gian nh\u1ecf tr\u00ean b\u00e0n l\u00e0m vi\u1ec7c v\u1edbi ch\u1ea5t l\u01b0\u1ee3ng b\u1ec1n khi s\u1eed d\u1ee5ng. \u0110\u00e2y l\u00e0 m\u00e1y m\u00e0i mini \u0111\u01b0\u1ee3c kh\u00e1ch h\u00e0ng d\u00f9ng \u0111\u00e1nh gi\u00e1 cao v\u00ec t\u00ednh nh\u1ecf g\u1ecdn gi\u00e1 t\u1ed1t.<\/strong><\/em><\/h3>\n<p><a href=\"https:\/\/maybommini.com\/wp-content\/uploads\/2018\/10\/may-mai-day-dai-nham-mini.jpg\" target=\"_blank\" rel=\"noopener\"><img decoding=\"async\" class=\"size-full wp-image-260612 aligncenter\" src=\"https:\/\/maybommini.com\/wp-content\/uploads\/2018\/10\/may-mai-day-dai-nham-mini.jpg\" alt=\"May Mai Day Dai Nham Mini\" width=\"820\" height=\"820\" srcset=\"https:\/\/maybommini.vn\/wp-content\/uploads\/2018\/10\/may-mai-day-dai-nham-mini.jpg 820w, https:\/\/maybommini.vn\/wp-content\/uploads\/2018\/10\/may-mai-day-dai-nham-mini-300x300.jpg 300w, https:\/\/maybommini.vn\/wp-content\/uploads\/2018\/10\/may-mai-day-dai-nham-mini-150x150.jpg 150w, https:\/\/maybommini.vn\/wp-content\/uploads\/2018\/10\/may-mai-day-dai-nham-mini-600x600.jpg 600w\" sizes=\"(max-width: 820px) 100vw, 820px\" \/><\/a><\/p>\n<p><strong>TH\u00d4NG S\u1ed0 K\u1ef8 THU\u1eacT<\/strong><br \/>\nModel: GW-895<br \/>\nMotor: 895 24V<br \/>\nC\u00f4ng su\u1ea5t: 250W<br \/>\nAdapter 220V \u2013 24V 10A<br \/>\n\u0110i\u1ec1u ch\u1ec9nh t\u1ed1c \u0111\u1ed9 m\u00e0i.<br \/>\nD\u00e2y \u0111ai nh\u00e1m : 28 &#8211; 30 mm<br \/>\nB\u00e1nh xe \u0111\u1ed3ng b\u1ed9: XL ch\u00ednh x\u00e1c cao<br \/>\nCh\u1ea5t li\u1ec7u: Nh\u00f4m \u2013 \u0110\u1ed3ng<br \/>\nK\u00edch th\u01b0\u1edbc: 240 x 180 x 150 mm<br \/>\nTr\u1ecdng l\u01b0\u1ee3ng: 2 Kg<br \/>\nPh\u1ee5 ki\u1ec7n: D\u00e2y \u0111ai nh\u00e1m , Adapter 24V.<br \/>\nT\u1eb7ng k\u00e8m th\u00eam 1 d\u00e2y \u0111ai nh\u00e1m.<br \/>\nB\u1ea3o h\u00e0nh: 6 th\u00e1ng<br \/>\nPh\u00e2n ph\u1ed1i:\u00a0<a href=\"https:\/\/maybomminimbm.vn\/\" target=\"_blank\" rel=\"noopener noreferrer\"><strong>M\u00e1y B\u01a1m Mini MBM<\/strong><\/a><\/p>\n<p><a href=\"https:\/\/maybommini.com\/wp-content\/uploads\/2018\/10\/may-mai-day-dai-mini.jpg\" target=\"_blank\" rel=\"noopener\"><img decoding=\"async\" class=\"size-full wp-image-260611 aligncenter\" src=\"https:\/\/maybommini.com\/wp-content\/uploads\/2018\/10\/may-mai-day-dai-mini.jpg\" alt=\"May Mai Day Dai Mini\" width=\"820\" height=\"820\" srcset=\"https:\/\/maybommini.vn\/wp-content\/uploads\/2018\/10\/may-mai-day-dai-mini.jpg 820w, https:\/\/maybommini.vn\/wp-content\/uploads\/2018\/10\/may-mai-day-dai-mini-300x300.jpg 300w, https:\/\/maybommini.vn\/wp-content\/uploads\/2018\/10\/may-mai-day-dai-mini-150x150.jpg 150w, https:\/\/maybommini.vn\/wp-content\/uploads\/2018\/10\/may-mai-day-dai-mini-600x600.jpg 600w\" sizes=\"(max-width: 820px) 100vw, 820px\" \/><\/a> <a href=\"https:\/\/maybommini.com\/wp-content\/uploads\/2018\/10\/may-mai-bang-nham.jpg\" target=\"_blank\" rel=\"noopener\"><img decoding=\"async\" class=\"size-full wp-image-260610 aligncenter\" src=\"https:\/\/maybommini.com\/wp-content\/uploads\/2018\/10\/may-mai-bang-nham.jpg\" alt=\"May Mai Bang Nham\" width=\"820\" height=\"820\" srcset=\"https:\/\/maybommini.vn\/wp-content\/uploads\/2018\/10\/may-mai-bang-nham.jpg 820w, https:\/\/maybommini.vn\/wp-content\/uploads\/2018\/10\/may-mai-bang-nham-300x300.jpg 300w, https:\/\/maybommini.vn\/wp-content\/uploads\/2018\/10\/may-mai-bang-nham-150x150.jpg 150w, https:\/\/maybommini.vn\/wp-content\/uploads\/2018\/10\/may-mai-bang-nham-600x600.jpg 600w\" sizes=\"(max-width: 820px) 100vw, 820px\" \/><\/a> <a href=\"https:\/\/maybommini.com\/wp-content\/uploads\/2018\/10\/may-mai-bang-day-dai.jpg\" target=\"_blank\" rel=\"noopener\"><img decoding=\"async\" class=\"size-full wp-image-260609 aligncenter\" src=\"https:\/\/maybommini.com\/wp-content\/uploads\/2018\/10\/may-mai-bang-day-dai.jpg\" alt=\"May Mai Bang Day Dai\" width=\"820\" height=\"820\" srcset=\"https:\/\/maybommini.vn\/wp-content\/uploads\/2018\/10\/may-mai-bang-day-dai.jpg 820w, https:\/\/maybommini.vn\/wp-content\/uploads\/2018\/10\/may-mai-bang-day-dai-300x300.jpg 300w, https:\/\/maybommini.vn\/wp-content\/uploads\/2018\/10\/may-mai-bang-day-dai-150x150.jpg 150w, https:\/\/maybommini.vn\/wp-content\/uploads\/2018\/10\/may-mai-bang-day-dai-600x600.jpg 600w\" sizes=\"(max-width: 820px) 100vw, 820px\" \/><\/a> <a href=\"https:\/\/maybommini.com\/wp-content\/uploads\/2018\/10\/GRINDING-WHEEL-MACHINE.jpg\" target=\"_blank\" rel=\"noopener\"><img decoding=\"async\" class=\"size-full wp-image-260608 aligncenter\" src=\"https:\/\/maybommini.com\/wp-content\/uploads\/2018\/10\/GRINDING-WHEEL-MACHINE.jpg\" alt=\"GRINDING WHEEL MACHINE\" width=\"820\" height=\"820\" srcset=\"https:\/\/maybommini.vn\/wp-content\/uploads\/2018\/10\/GRINDING-WHEEL-MACHINE.jpg 820w, https:\/\/maybommini.vn\/wp-content\/uploads\/2018\/10\/GRINDING-WHEEL-MACHINE-300x300.jpg 300w, https:\/\/maybommini.vn\/wp-content\/uploads\/2018\/10\/GRINDING-WHEEL-MACHINE-150x150.jpg 150w, https:\/\/maybommini.vn\/wp-content\/uploads\/2018\/10\/GRINDING-WHEEL-MACHINE-600x600.jpg 600w\" sizes=\"(max-width: 820px) 100vw, 820px\" \/><\/a><\/p>\n<p><strong>S\u1eec D\u1ee4NG M\u00c1Y C\u1eaeT \u0110A N\u0102NG MINI<\/strong><br \/>\n\u2013 D\u00f9ng m\u00e0i \u0111\u00e1nh b\u00f3ng kim lo\u1ea1i nh\u01b0 s\u1eaft, nh\u00f4m, \u0111\u1ed3ng, gang \u2026<br \/>\n\u2013 D\u00f9ng m\u00e0i g\u1ed7, nh\u1ef1a, \u2026<br \/>\n\u2013 D\u00f9ng m\u00e0i m\u00f2n c\u00e1c lo\u1ea1i v\u1eadt li\u1ec7u kh\u00e1c.<\/p>\n<p><a href=\"https:\/\/maybommini.com\/wp-content\/uploads\/2018\/10\/su-dung-may-mai-day-dai-mini.jpg\" target=\"_blank\" rel=\"noopener\"><img decoding=\"async\" class=\"size-full wp-image-260616 aligncenter\" src=\"https:\/\/maybommini.com\/wp-content\/uploads\/2018\/10\/su-dung-may-mai-day-dai-mini.jpg\" alt=\"Su Dung May Mai Day Dai Mini\" width=\"820\" height=\"820\" srcset=\"https:\/\/maybommini.vn\/wp-content\/uploads\/2018\/10\/su-dung-may-mai-day-dai-mini.jpg 820w, https:\/\/maybommini.vn\/wp-content\/uploads\/2018\/10\/su-dung-may-mai-day-dai-mini-300x300.jpg 300w, https:\/\/maybommini.vn\/wp-content\/uploads\/2018\/10\/su-dung-may-mai-day-dai-mini-150x150.jpg 150w, https:\/\/maybommini.vn\/wp-content\/uploads\/2018\/10\/su-dung-may-mai-day-dai-mini-600x600.jpg 600w\" sizes=\"(max-width: 820px) 100vw, 820px\" \/><\/a> <a href=\"https:\/\/maybommini.com\/wp-content\/uploads\/2018\/10\/may-mai-mini.jpg\" target=\"_blank\" rel=\"noopener\"><img decoding=\"async\" class=\"size-full wp-image-260615 aligncenter\" src=\"https:\/\/maybommini.com\/wp-content\/uploads\/2018\/10\/may-mai-mini.jpg\" alt=\"May Mai Mini\" width=\"820\" height=\"820\" srcset=\"https:\/\/maybommini.vn\/wp-content\/uploads\/2018\/10\/may-mai-mini.jpg 820w, https:\/\/maybommini.vn\/wp-content\/uploads\/2018\/10\/may-mai-mini-300x300.jpg 300w, https:\/\/maybommini.vn\/wp-content\/uploads\/2018\/10\/may-mai-mini-150x150.jpg 150w, https:\/\/maybommini.vn\/wp-content\/uploads\/2018\/10\/may-mai-mini-600x600.jpg 600w\" sizes=\"(max-width: 820px) 100vw, 820px\" \/><\/a> <a href=\"https:\/\/maybommini.com\/wp-content\/uploads\/2018\/10\/may-mai-de-ban-mini.jpg\" target=\"_blank\" rel=\"noopener\"><img decoding=\"async\" class=\"size-full wp-image-260614 aligncenter\" src=\"https:\/\/maybommini.com\/wp-content\/uploads\/2018\/10\/may-mai-de-ban-mini.jpg\" alt=\"May Mai De Ban Mini\" width=\"820\" height=\"820\" srcset=\"https:\/\/maybommini.vn\/wp-content\/uploads\/2018\/10\/may-mai-de-ban-mini.jpg 820w, https:\/\/maybommini.vn\/wp-content\/uploads\/2018\/10\/may-mai-de-ban-mini-300x300.jpg 300w, https:\/\/maybommini.vn\/wp-content\/uploads\/2018\/10\/may-mai-de-ban-mini-150x150.jpg 150w, https:\/\/maybommini.vn\/wp-content\/uploads\/2018\/10\/may-mai-de-ban-mini-600x600.jpg 600w\" sizes=\"(max-width: 820px) 100vw, 820px\" \/><\/a><\/p>\n<p><strong>MUA M\u00c1Y C\u1eaeT M\u00c1Y M\u00c0I \u0110A N\u0102NG MINI \u1ede \u0110\u00c2U ?<\/strong><br \/>\nCh\u00fang t\u00f4i l\u00e0 nh\u00e0 cung c\u1ea5p c\u00e1c d\u1ee5ng c\u1ee5 c\u1ea7m tay, m\u00e1y khoan, m\u00e1y c\u1eaft \u0111a n\u0103ng mini ch\u1ea5t l\u01b0\u1ee3ng cao gi\u00e1 t\u1ed1t ch\u00ednh h\u00e3ng t\u1ea1i Vi\u1ec7t Nam \u0111\u01b0\u1ee3c b\u1ea3o h\u00e0nh l\u00e2u d\u00e0i v\u00e0 \u0111\u01b0\u1ee3c h\u1ed5 tr\u1ee3 k\u1ef9 thu\u1eadt v\u0129nh vi\u1ec5n.<br \/>\n<strong>Website:<\/strong>\u00a0<a href=\"https:\/\/maybommini.com\/\" target=\"_blank\" rel=\"noopener\">https:\/\/maybommini.com<\/a><br \/>\n<strong>Email:<\/strong>\u00a0maybomini.com@gmail.com<br \/>\n<strong>Tel:<\/strong>\u00a0<a href=\"tel:0908997823\">0908997823<\/a>\u00a0\u2013\u00a0<a href=\"tel:0908997872\">0908997872<\/a>\u00a0\u2013\u00a0<a href=\"tel:02873030399\">02873030399<\/a><\/p>\n<h2 style=\"text-align: center;\"><em><strong>M\u00e1y m\u00e0i d\u00e2y \u0111ai nh\u00e1m mini GW-895<\/strong><\/em><\/h2>\n","protected":false},"excerpt":{"rendered":"<p>Model: GW-895<br \/>\nMotor: 895 24V<br \/>\nC\u00f4ng su\u1ea5t: 250W<br \/>\nAdapter 220V \u2013 24V 10A<br \/>\n\u0110i\u1ec1u ch\u1ec9nh t\u1ed1c \u0111\u1ed9 m\u00e0i.<br \/>\nD\u00e2y \u0111ai nh\u00e1m : 28 &#8211; 30 mm<br \/>\nB\u00e1nh xe \u0111\u1ed3ng b\u1ed9: XL ch\u00ednh x\u00e1c cao<br \/>\nCh\u1ea5t li\u1ec7u: Nh\u00f4m \u2013 \u0110\u1ed3ng<br \/>\nK\u00edch th\u01b0\u1edbc: 240 x 180 x 150 mm<br \/>\nTr\u1ecdng l\u01b0\u1ee3ng: 2 Kg<br \/>\nPh\u1ee5 ki\u1ec7n: D\u00e2y \u0111ai nh\u00e1m , Adapter 24V.<br \/>\n<span style=\"color: #ff6600;\"><em><strong>T\u1eb7ng k\u00e8m th\u00eam 1 d\u00e2y \u0111ai nh\u00e1m.<\/strong><\/em><\/span><br \/>\nB\u1ea3o h\u00e0nh: 6 th\u00e1ng<br \/>\nPh\u00e2n ph\u1ed1i:\u00a0<a href=\"https:\/\/maybomminimbm.vn\/\" target=\"_blank\" rel=\"noopener noreferrer\"><strong>M\u00e1y B\u01a1m Mini MBM<\/strong><\/a><br \/>\nS\u1ea3n ph\u1ea9m cao c\u1ea5p<\/p>\n","protected":false},"featured_media":260612,"comment_status":"open","ping_status":"closed","template":"","meta":[],"product_brand":[2227],"product_cat":[2564,317],"product_tag":[2580,2577,2582,2579,2565,2578,2576,2581,2575],"class_list":{"0":"post-260607","1":"product","2":"type-product","3":"status-publish","4":"has-post-thumbnail","6":"product_brand-mtm","7":"product_cat-may-cat-may-mai","8":"product_cat-thiet-bi-dung-cu","9":"product_tag-belt-machine","10":"product_tag-electric-knife-grinding-machine-diy-sanding-machine","11":"product_tag-grinding-wheel-machine","12":"product_tag-gw-895","13":"product_tag-may-cat-may-mai","14":"product_tag-may-mai-day-dai-mini","15":"product_tag-micro-belt-machine","16":"product_tag-polishing-machine","17":"product_tag-small-mini-polishing-machine","19":"first","20":"instock","21":"sale","22":"shipping-taxable","23":"purchasable","24":"product-type-simple"},"_links":{"self":[{"href":"https:\/\/maybommini.vn\/index.php?rest_route=\/wp\/v2\/product\/260607","targetHints":{"allow":["GET"]}}],"collection":[{"href":"https:\/\/maybommini.vn\/index.php?rest_route=\/wp\/v2\/product"}],"about":[{"href":"https:\/\/maybommini.vn\/index.php?rest_route=\/wp\/v2\/types\/product"}],"replies":[{"embeddable":true,"href":"https:\/\/maybommini.vn\/index.php?rest_route=%2Fwp%2Fv2%2Fcomments&post=260607"}],"wp:featuredmedia":[{"embeddable":true,"href":"https:\/\/maybommini.vn\/index.php?rest_route=\/wp\/v2\/media\/260612"}],"wp:attachment":[{"href":"https:\/\/maybommini.vn\/index.php?rest_route=%2Fwp%2Fv2%2Fmedia&parent=260607"}],"wp:term":[{"taxonomy":"product_brand","embeddable":true,"href":"https:\/\/maybommini.vn\/index.php?rest_route=%2Fwp%2Fv2%2Fproduct_brand&post=260607"},{"taxonomy":"product_cat","embeddable":true,"href":"https:\/\/maybommini.vn\/index.php?rest_route=%2Fwp%2Fv2%2Fproduct_cat&post=260607"},{"taxonomy":"product_tag","embeddable":true,"href":"https:\/\/maybommini.vn\/index.php?rest_route=%2Fwp%2Fv2%2Fproduct_tag&post=260607"}],"curies":[{"name":"wp","href":"https:\/\/api.w.org\/{rel}","templated":true}]}}