{"id":260621,"date":"2018-10-27T17:14:37","date_gmt":"2018-10-27T10:14:37","guid":{"rendered":"https:\/\/maybommini.com\/?post_type=product&#038;p=260621"},"modified":"2020-05-23T21:47:09","modified_gmt":"2020-05-23T14:47:09","slug":"ao-trum-ve-sinh-may-lanh-cao-cap-q-562","status":"publish","type":"product","link":"https:\/\/maybommini.vn\/?product=ao-trum-ve-sinh-may-lanh-cao-cap-q-562","title":{"rendered":"\u00c1o tr\u00f9m v\u1ec7 sinh m\u00e1y l\u1ea1nh cao c\u1ea5p Q-562"},"content":{"rendered":"<p><em><strong>Chuy\u00ean cung c\u1ea5p ph\u00e2n ph\u1ed1i s\u1ec9 v\u00e0 l\u1ebb thi\u1ebft b\u1ecb \u00e1o tr\u00f9m v\u1ec7 sinh m\u00e1y l\u1ea1nh cao c\u1ea5p Q-562 chuy\u00ean nghi\u1ec7p d\u00f9ng cho gia \u0111\u00ecnh v\u00e0 d\u1ecbch v\u1ee5 \u0111i\u1ec7n l\u1ea1nh. S\u1ea3n ph\u1ea9m \u0111\u01b0\u1ee3c \u0111\u00e1nh gi\u00e1 cao t\u00ednh ti\u1ec7n l\u1ee3i b\u1ec1n kh\u00f4ng th\u1ea5m n\u01b0\u1edbc t\u1eeb kh\u00e1ch h\u00e0ng l\u00e0 c\u00e1c th\u1ee3 \u0111i\u1ec7n l\u1ea1nh chuy\u00ean nghi\u1ec7p.<\/strong><\/em><\/p>\n<p><a href=\"https:\/\/maybommini.com\/wp-content\/uploads\/2018\/10\/ao-trum-ve-sinh-may-lanh-Q-562.jpg\" target=\"_blank\" rel=\"noopener\"><img decoding=\"async\" class=\"size-full wp-image-260622 aligncenter\" src=\"https:\/\/maybommini.com\/wp-content\/uploads\/2018\/10\/ao-trum-ve-sinh-may-lanh-Q-562.jpg\" alt=\"Ao Trum Ve Sinh May Lanh Q 562\" width=\"820\" height=\"820\" srcset=\"https:\/\/maybommini.vn\/wp-content\/uploads\/2018\/10\/ao-trum-ve-sinh-may-lanh-Q-562.jpg 820w, https:\/\/maybommini.vn\/wp-content\/uploads\/2018\/10\/ao-trum-ve-sinh-may-lanh-Q-562-300x300.jpg 300w, https:\/\/maybommini.vn\/wp-content\/uploads\/2018\/10\/ao-trum-ve-sinh-may-lanh-Q-562-150x150.jpg 150w, https:\/\/maybommini.vn\/wp-content\/uploads\/2018\/10\/ao-trum-ve-sinh-may-lanh-Q-562-600x600.jpg 600w\" sizes=\"(max-width: 820px) 100vw, 820px\" \/><\/a><\/p>\n<p><strong>TH\u00d4NG S\u1ed0 K\u1ef8 THU\u1eacT<\/strong><br \/>\nModel: Q-562<br \/>\nD\u00f9ng cho m\u00e1y l\u1ea1nh 1Hp &#8211; 1.5Hp<br \/>\nCh\u1ea5t li\u1ec7u: Nh\u1ef1a PU d\u1ebbo kh\u00f4ng n\u01b0\u1edbc.<br \/>\nC\u00f3 khung 2 b\u00ean ti\u1ec7n l\u1ee3i.<br \/>\n\u1ed0ng tho\u00e1t n\u01b0\u1edbc th\u1ea3i d\u00e0i 2.8 m\u00e9t<br \/>\nL\u1eafp \u0111\u1eb7t \u0111\u01a1n gi\u1ea3n.<br \/>\nK\u00edch th\u01b0\u1edbc: 70 x 100 Cm<br \/>\nMi\u00ea\u0323ng a\u0301o v\u00ea\u0323 sinh co\u0301 thun co gia\u0303n<br \/>\nTro\u0323ng l\u01b0\u01a1\u0323ng: 1700g<br \/>\nS\u1ea3n ph\u1ea9m nh\u1eadp kh\u1ea9u<\/p>\n<p><a href=\"https:\/\/maybommini.com\/wp-content\/uploads\/2018\/10\/ao-ve-sinh-may-lanh-cao-cap-co-khung.jpg\" target=\"_blank\" rel=\"noopener\"><img decoding=\"async\" class=\"size-full wp-image-260625 aligncenter\" src=\"https:\/\/maybommini.com\/wp-content\/uploads\/2018\/10\/ao-ve-sinh-may-lanh-cao-cap-co-khung.jpg\" alt=\"Ao Ve Sinh May Lanh Cao Cap Co Khung\" width=\"820\" height=\"820\" srcset=\"https:\/\/maybommini.vn\/wp-content\/uploads\/2018\/10\/ao-ve-sinh-may-lanh-cao-cap-co-khung.jpg 820w, https:\/\/maybommini.vn\/wp-content\/uploads\/2018\/10\/ao-ve-sinh-may-lanh-cao-cap-co-khung-300x300.jpg 300w, https:\/\/maybommini.vn\/wp-content\/uploads\/2018\/10\/ao-ve-sinh-may-lanh-cao-cap-co-khung-150x150.jpg 150w, https:\/\/maybommini.vn\/wp-content\/uploads\/2018\/10\/ao-ve-sinh-may-lanh-cao-cap-co-khung-600x600.jpg 600w\" sizes=\"(max-width: 820px) 100vw, 820px\" \/><\/a> <a href=\"https:\/\/maybommini.com\/wp-content\/uploads\/2018\/10\/ao-trum-ve-sinh-dieu-hoa-chat-luong-gia-re.jpg\" target=\"_blank\" rel=\"noopener\"><img decoding=\"async\" class=\"size-full wp-image-260624 aligncenter\" src=\"https:\/\/maybommini.com\/wp-content\/uploads\/2018\/10\/ao-trum-ve-sinh-dieu-hoa-chat-luong-gia-re.jpg\" alt=\"Ao Trum Ve Sinh Dieu Hoa Chat Luong Gia Re\" width=\"820\" height=\"820\" srcset=\"https:\/\/maybommini.vn\/wp-content\/uploads\/2018\/10\/ao-trum-ve-sinh-dieu-hoa-chat-luong-gia-re.jpg 820w, https:\/\/maybommini.vn\/wp-content\/uploads\/2018\/10\/ao-trum-ve-sinh-dieu-hoa-chat-luong-gia-re-300x300.jpg 300w, https:\/\/maybommini.vn\/wp-content\/uploads\/2018\/10\/ao-trum-ve-sinh-dieu-hoa-chat-luong-gia-re-150x150.jpg 150w, https:\/\/maybommini.vn\/wp-content\/uploads\/2018\/10\/ao-trum-ve-sinh-dieu-hoa-chat-luong-gia-re-600x600.jpg 600w\" sizes=\"(max-width: 820px) 100vw, 820px\" \/><\/a> <a href=\"https:\/\/maybommini.com\/wp-content\/uploads\/2018\/10\/chat-lieu-ao-ve-sinh-may-lanh.jpg\" target=\"_blank\" rel=\"noopener\"><img decoding=\"async\" class=\"size-full wp-image-260627 aligncenter\" src=\"https:\/\/maybommini.com\/wp-content\/uploads\/2018\/10\/chat-lieu-ao-ve-sinh-may-lanh.jpg\" alt=\"Chat Lieu Ao Ve Sinh May Lanh\" width=\"820\" height=\"820\" srcset=\"https:\/\/maybommini.vn\/wp-content\/uploads\/2018\/10\/chat-lieu-ao-ve-sinh-may-lanh.jpg 820w, https:\/\/maybommini.vn\/wp-content\/uploads\/2018\/10\/chat-lieu-ao-ve-sinh-may-lanh-300x300.jpg 300w, https:\/\/maybommini.vn\/wp-content\/uploads\/2018\/10\/chat-lieu-ao-ve-sinh-may-lanh-150x150.jpg 150w, https:\/\/maybommini.vn\/wp-content\/uploads\/2018\/10\/chat-lieu-ao-ve-sinh-may-lanh-600x600.jpg 600w\" sizes=\"(max-width: 820px) 100vw, 820px\" \/><\/a><\/p>\n<p><strong>S\u01af\u0309 DU\u0323NG A\u0301O V\u00ca\u0323 SINH MA\u0301Y LA\u0323NH<\/strong><br \/>\n\u2013 Du\u0300ng v\u00ea\u0323 sinh ma\u0301y la\u0323nh gia \u0111i\u0300nh.<br \/>\n\u2013 Du\u0300ng v\u00ea\u0323 sinh ma\u0301y la\u0323nh cty v\u0103n pho\u0300ng kha\u0301ch sa\u0323n.<br \/>\n\u2013 S\u01b0\u0309 du\u0323ng a\u0301p v\u00ea\u0323 sinh ma\u0301y la\u0323nh \u0111\u01a1n gia\u0303n d\u00ea\u0309 du\u0300ng.<br \/>\n\u2013 S\u01b0\u0309 du\u0323ng cho di\u0323ch vu\u0323 v\u00ea\u0323 sinh ma\u0301y la\u0323nh chuy\u00ean nghi\u00ea\u0323p.<br \/>\n\u2013 Ba\u0323n chi\u0309 c\u00e2\u0300n treo a\u0301o v\u00ea\u0323 sinh ma\u0301y la\u0323nh d\u01b0\u01a1\u0301i th\u00e2n cu\u0323c la\u0323nh \u0111\u00ea\u0309 h\u01b0\u0301ng n\u01b0\u01a1\u0301c b\u00e2\u0309n khi du\u0300ng\u00a0<a href=\"https:\/\/maybommini.com\/san-pham\/bom-nuoc-mini-ap-luc-12v-60w-5l-smartpumpus\" target=\"_blank\" rel=\"noopener noreferrer\">ma\u0301y b\u01a1m a\u0301p l\u01b0\u0323c<\/a>\u00a0xi\u0323t r\u01b0\u0309a.<br \/>\n\u2013 Loa\u0323i na\u0300y \u0111\u01b0\u01a1\u0323c may s\u0103\u0309n \u0111\u01b0\u01a1\u0300ng \u00f4\u0301ng thoa\u0301t n\u01b0\u01a1\u0301c r\u00e2\u0301t ti\u00ea\u0323n du\u0300ng khi du\u0300ng. Ba\u0323n chi\u0309 vi\u00ea\u0323c cho \u0111\u01b0\u01a1\u0300ng \u00f4\u0301ng na\u0300y va\u0300o x\u00f4 n\u01b0\u01a1\u0301c ch\u01b0\u0301a la\u0300 xong.<br \/>\n\u2013 Loa\u0323i na\u0300y du\u0300ng ch\u00e2\u0301t li\u00ea\u0323u va\u0309i du\u0300 ch\u00f4\u0301ng th\u00e2\u0301m \u0111\u0103\u0323c bi\u00ea\u0323t n\u00ean r\u00e2\u0301t b\u00ea\u0300n ch\u0103\u0301c va\u0300 kh\u00f4ng bi\u0323 ri\u0309 n\u01b0\u01a1\u0301c ra ngoa\u0300i khi s\u01b0\u0309 du\u0323ng.<\/p>\n<p><a href=\"https:\/\/maybommini.com\/wp-content\/uploads\/2018\/10\/ong-nuoc-ao-ve-sinh-may-lanh.jpg\" target=\"_blank\" rel=\"noopener\"><img decoding=\"async\" class=\"size-full wp-image-260629 aligncenter\" src=\"https:\/\/maybommini.com\/wp-content\/uploads\/2018\/10\/ong-nuoc-ao-ve-sinh-may-lanh.jpg\" alt=\"Ong Nuoc Ao Ve Sinh May Lanh\" width=\"820\" height=\"820\" srcset=\"https:\/\/maybommini.vn\/wp-content\/uploads\/2018\/10\/ong-nuoc-ao-ve-sinh-may-lanh.jpg 820w, https:\/\/maybommini.vn\/wp-content\/uploads\/2018\/10\/ong-nuoc-ao-ve-sinh-may-lanh-300x300.jpg 300w, https:\/\/maybommini.vn\/wp-content\/uploads\/2018\/10\/ong-nuoc-ao-ve-sinh-may-lanh-150x150.jpg 150w, https:\/\/maybommini.vn\/wp-content\/uploads\/2018\/10\/ong-nuoc-ao-ve-sinh-may-lanh-600x600.jpg 600w\" sizes=\"(max-width: 820px) 100vw, 820px\" \/><\/a> <a href=\"https:\/\/maybommini.com\/wp-content\/uploads\/2018\/10\/lo-ong-nuoc-ve-trum-ve-sinh-may-lanh.jpg\" target=\"_blank\" rel=\"noopener\"><img decoding=\"async\" class=\"size-full wp-image-260628 aligncenter\" src=\"https:\/\/maybommini.com\/wp-content\/uploads\/2018\/10\/lo-ong-nuoc-ve-trum-ve-sinh-may-lanh.jpg\" alt=\"Lo Ong Nuoc Ve Trum Ve Sinh May Lanh\" width=\"820\" height=\"820\" srcset=\"https:\/\/maybommini.vn\/wp-content\/uploads\/2018\/10\/lo-ong-nuoc-ve-trum-ve-sinh-may-lanh.jpg 820w, https:\/\/maybommini.vn\/wp-content\/uploads\/2018\/10\/lo-ong-nuoc-ve-trum-ve-sinh-may-lanh-300x300.jpg 300w, https:\/\/maybommini.vn\/wp-content\/uploads\/2018\/10\/lo-ong-nuoc-ve-trum-ve-sinh-may-lanh-150x150.jpg 150w, https:\/\/maybommini.vn\/wp-content\/uploads\/2018\/10\/lo-ong-nuoc-ve-trum-ve-sinh-may-lanh-600x600.jpg 600w\" sizes=\"(max-width: 820px) 100vw, 820px\" \/><\/a> <a href=\"https:\/\/maybommini.com\/wp-content\/uploads\/2018\/10\/ao-trum-ve-sinh-dieu-hoa-chat-luong-gia-re.jpg\" target=\"_blank\" rel=\"noopener\"><img decoding=\"async\" class=\"size-full wp-image-260624 aligncenter\" src=\"https:\/\/maybommini.com\/wp-content\/uploads\/2018\/10\/ao-trum-ve-sinh-dieu-hoa-chat-luong-gia-re.jpg\" alt=\"Ao Trum Ve Sinh Dieu Hoa Chat Luong Gia Re\" width=\"820\" height=\"820\" srcset=\"https:\/\/maybommini.vn\/wp-content\/uploads\/2018\/10\/ao-trum-ve-sinh-dieu-hoa-chat-luong-gia-re.jpg 820w, https:\/\/maybommini.vn\/wp-content\/uploads\/2018\/10\/ao-trum-ve-sinh-dieu-hoa-chat-luong-gia-re-300x300.jpg 300w, https:\/\/maybommini.vn\/wp-content\/uploads\/2018\/10\/ao-trum-ve-sinh-dieu-hoa-chat-luong-gia-re-150x150.jpg 150w, https:\/\/maybommini.vn\/wp-content\/uploads\/2018\/10\/ao-trum-ve-sinh-dieu-hoa-chat-luong-gia-re-600x600.jpg 600w\" sizes=\"(max-width: 820px) 100vw, 820px\" \/><\/a><\/p>\n<h3 style=\"text-align: center;\"><em><strong>\u00c1o tr\u00f9m v\u1ec7 sinh m\u00e1y l\u1ea1nh cao c\u1ea5p Q-562<\/strong><\/em><\/h3>\n","protected":false},"excerpt":{"rendered":"<p>Model: Q-562<br \/>\nD\u00f9ng cho m\u00e1y l\u1ea1nh 1Hp &#8211; 1.5Hp<br \/>\nCh\u1ea5t li\u1ec7u: Nh\u1ef1a PU d\u1ebbo kh\u00f4ng n\u01b0\u1edbc.<br \/>\nC\u00f3 khung 2 b\u00ean ti\u1ec7n l\u1ee3i.<br \/>\n\u1ed0ng tho\u00e1t n\u01b0\u1edbc th\u1ea3i d\u00e0i 2.8 m\u00e9t<br \/>\nL\u1eafp \u0111\u1eb7t \u0111\u01a1n gi\u1ea3n.<br \/>\nK\u00edch th\u01b0\u1edbc: 70 x 100 Cm<br \/>\nMi\u00ea\u0323ng a\u0301o v\u00ea\u0323 sinh co\u0301 thun co gia\u0303n<br \/>\nTro\u0323ng l\u01b0\u01a1\u0323ng: 1700g<br \/>\nS\u1ea3n ph\u1ea9m nh\u1eadp kh\u1ea9u<br \/>\nB\u1ea3o h\u00e0nh: 3 th\u00e1ng<br \/>\nPh\u00e2n ph\u1ed1i:\u00a0<a href=\"https:\/\/maybomminimbm.vn\/\" target=\"_blank\" rel=\"noopener noreferrer\"><strong>M\u00e1y B\u01a1m Mini MBM<\/strong><\/a><br \/>\nS\u1ea3n ph\u1ea9m cao c\u1ea5p<\/p>\n","protected":false},"featured_media":260622,"comment_status":"open","ping_status":"closed","template":"","meta":[],"product_brand":[2227],"product_cat":[1738,317],"product_tag":[1414,1415,719,2584,2583,316],"class_list":{"0":"post-260621","1":"product","2":"type-product","3":"status-publish","4":"has-post-thumbnail","6":"product_brand-mtm","7":"product_cat-ao-ve-sinh-may-lanh","8":"product_cat-thiet-bi-dung-cu","9":"product_tag-ao-trum-may-lanh","10":"product_tag-ao-ve-sinh","11":"product_tag-ao-ve-sinh-may-lanh","12":"product_tag-q-562","13":"product_tag-q562","14":"product_tag-ve-sinh-may-lanh","16":"first","17":"instock","18":"sale","19":"shipping-taxable","20":"purchasable","21":"product-type-simple"},"_links":{"self":[{"href":"https:\/\/maybommini.vn\/index.php?rest_route=\/wp\/v2\/product\/260621","targetHints":{"allow":["GET"]}}],"collection":[{"href":"https:\/\/maybommini.vn\/index.php?rest_route=\/wp\/v2\/product"}],"about":[{"href":"https:\/\/maybommini.vn\/index.php?rest_route=\/wp\/v2\/types\/product"}],"replies":[{"embeddable":true,"href":"https:\/\/maybommini.vn\/index.php?rest_route=%2Fwp%2Fv2%2Fcomments&post=260621"}],"wp:featuredmedia":[{"embeddable":true,"href":"https:\/\/maybommini.vn\/index.php?rest_route=\/wp\/v2\/media\/260622"}],"wp:attachment":[{"href":"https:\/\/maybommini.vn\/index.php?rest_route=%2Fwp%2Fv2%2Fmedia&parent=260621"}],"wp:term":[{"taxonomy":"product_brand","embeddable":true,"href":"https:\/\/maybommini.vn\/index.php?rest_route=%2Fwp%2Fv2%2Fproduct_brand&post=260621"},{"taxonomy":"product_cat","embeddable":true,"href":"https:\/\/maybommini.vn\/index.php?rest_route=%2Fwp%2Fv2%2Fproduct_cat&post=260621"},{"taxonomy":"product_tag","embeddable":true,"href":"https:\/\/maybommini.vn\/index.php?rest_route=%2Fwp%2Fv2%2Fproduct_tag&post=260621"}],"curies":[{"name":"wp","href":"https:\/\/api.w.org\/{rel}","templated":true}]}}