{"id":260673,"date":"2018-11-13T12:35:07","date_gmt":"2018-11-13T05:35:07","guid":{"rendered":"https:\/\/maybommini.com\/?post_type=product&#038;p=260673"},"modified":"2020-05-23T21:42:19","modified_gmt":"2020-05-23T14:42:19","slug":"may-bom-mini-ap-luc-24v-36w-sh-775","status":"publish","type":"product","link":"https:\/\/maybommini.vn\/?product=may-bom-mini-ap-luc-24v-36w-sh-775","title":{"rendered":"M\u00e1y b\u01a1m mini \u00e1p l\u1ef1c 24V 36W SH-775"},"content":{"rendered":"<h3><em><strong>Chuy\u00ean b\u00e1n ph\u00e2n ph\u1ed1i s\u1ec9 v\u00e0 l\u1ebb m\u00e1y b\u01a1m mini \u00e1p l\u1ef1c 24V 36W SH-775 d\u00f9ng b\u01a1m n\u01b0\u1edbc, b\u01a1m t\u01b0\u1edbi c\u00e2y, b\u01a1m d\u1ea7u nh\u1edbt, m\u00e1y b\u01a1m cho xe \u00f4t\u00f4, b\u01a1m n\u01b0\u1edbc phun s\u01b0\u01a1ng v\u00e0 \u1ee9ng d\u1ee5ng cho nhi\u1ec1u c\u00f4ng vi\u1ec7c kh\u00e1c. V\u1edbi ch\u1ea5t l\u01b0\u1ee3ng \u0111\u01b0\u1ee3c n\u00e2ng c\u1ea5p th\u00e2n kim lo\u1ea1i v\u00e0 \u0111\u1ea7u b\u01a1m ch\u1ecbu \u0111\u01b0\u1ee3c c\u00e1c lo\u1ea1i d\u1ea7u nh\u1edbt.<\/strong><\/em><\/h3>\n<p><a href=\"https:\/\/maybommini.com\/wp-content\/uploads\/2018\/11\/bom-ap-luc-mini-24V-SH-775.jpg\" target=\"_blank\" rel=\"noopener\"><img decoding=\"async\" class=\"size-full wp-image-260674 aligncenter\" src=\"https:\/\/maybommini.com\/wp-content\/uploads\/2018\/11\/bom-ap-luc-mini-24V-SH-775.jpg\" alt=\"Bom Ap Luc Mini 24V SH 775\" width=\"820\" height=\"820\" srcset=\"https:\/\/maybommini.vn\/wp-content\/uploads\/2018\/11\/bom-ap-luc-mini-24V-SH-775.jpg 820w, https:\/\/maybommini.vn\/wp-content\/uploads\/2018\/11\/bom-ap-luc-mini-24V-SH-775-300x300.jpg 300w, https:\/\/maybommini.vn\/wp-content\/uploads\/2018\/11\/bom-ap-luc-mini-24V-SH-775-150x150.jpg 150w, https:\/\/maybommini.vn\/wp-content\/uploads\/2018\/11\/bom-ap-luc-mini-24V-SH-775-600x600.jpg 600w\" sizes=\"(max-width: 820px) 100vw, 820px\" \/><\/a><\/p>\n<p><strong>TH\u00d4NG S\u1ed0 K\u1ef8 THU\u1eacT<\/strong><br \/>\nTh\u01b0\u01a1ng hi\u1ec7u: SmartPumps<br \/>\nModel: SH-775-36W-24V<br \/>\n\u0110i\u1ec7n th\u1ebf: 24V DC<br \/>\nC\u00f4ng su\u1ea5t: 36W<br \/>\nL\u01b0u l\u01b0\u1ee3ng: 7 &#8211; 10 L\/P<br \/>\nB\u01a1m cao: 2 &#8211; 6 m\u00e9t<br \/>\nT\u01b0 h\u00fat kh\u00f4ng c\u1ea7n m\u1ed3i: 0.5 m\u00e9t<br \/>\n\u0110\u1ea7u g\u1eafn \u1ed1ng: Ren 13mm ho\u1eb7c c\u1ed5 d\u00ea 13mm<br \/>\nCh\u1ea5t li\u1ec7u: \u0110\u1ed3ng &#8211; Nh\u1ef1a ABS<br \/>\nMotor l\u00f5i \u0111\u1ed3ng cao c\u1ea5p.<br \/>\nK\u00edch th\u01b0\u1edbc: 13 x 7 cm<br \/>\nTr\u1ecdng l\u01b0\u1ee3ng: 730g<\/p>\n<p><a href=\"https:\/\/maybommini.com\/wp-content\/uploads\/2018\/11\/bom-xang-24V-mini.jpg\" target=\"_blank\" rel=\"noopener\"><img decoding=\"async\" class=\"size-full wp-image-260675 aligncenter\" src=\"https:\/\/maybommini.com\/wp-content\/uploads\/2018\/11\/bom-xang-24V-mini.jpg\" alt=\"Bom Xang 24V Mini\" width=\"820\" height=\"820\" srcset=\"https:\/\/maybommini.vn\/wp-content\/uploads\/2018\/11\/bom-xang-24V-mini.jpg 820w, https:\/\/maybommini.vn\/wp-content\/uploads\/2018\/11\/bom-xang-24V-mini-300x300.jpg 300w, https:\/\/maybommini.vn\/wp-content\/uploads\/2018\/11\/bom-xang-24V-mini-150x150.jpg 150w, https:\/\/maybommini.vn\/wp-content\/uploads\/2018\/11\/bom-xang-24V-mini-600x600.jpg 600w\" sizes=\"(max-width: 820px) 100vw, 820px\" \/><\/a> <a href=\"https:\/\/maybommini.com\/wp-content\/uploads\/2018\/11\/dau-bom-xang-dau-nhot-gia-re.jpg\" target=\"_blank\" rel=\"noopener\"><img decoding=\"async\" class=\"size-full wp-image-260676 aligncenter\" src=\"https:\/\/maybommini.com\/wp-content\/uploads\/2018\/11\/dau-bom-xang-dau-nhot-gia-re.jpg\" alt=\"Dau Bom Xang Dau Nhot Gia Re\" width=\"820\" height=\"820\" srcset=\"https:\/\/maybommini.vn\/wp-content\/uploads\/2018\/11\/dau-bom-xang-dau-nhot-gia-re.jpg 820w, https:\/\/maybommini.vn\/wp-content\/uploads\/2018\/11\/dau-bom-xang-dau-nhot-gia-re-300x300.jpg 300w, https:\/\/maybommini.vn\/wp-content\/uploads\/2018\/11\/dau-bom-xang-dau-nhot-gia-re-150x150.jpg 150w, https:\/\/maybommini.vn\/wp-content\/uploads\/2018\/11\/dau-bom-xang-dau-nhot-gia-re-600x600.jpg 600w\" sizes=\"(max-width: 820px) 100vw, 820px\" \/><\/a> <a href=\"https:\/\/maybommini.com\/wp-content\/uploads\/2018\/11\/may-bom-ap-luc-mini-24v.jpg\" target=\"_blank\" rel=\"noopener\"><img decoding=\"async\" class=\"size-full wp-image-260677 aligncenter\" src=\"https:\/\/maybommini.com\/wp-content\/uploads\/2018\/11\/may-bom-ap-luc-mini-24v.jpg\" alt=\"May Bom Ap Luc Mini 24v\" width=\"820\" height=\"820\" srcset=\"https:\/\/maybommini.vn\/wp-content\/uploads\/2018\/11\/may-bom-ap-luc-mini-24v.jpg 820w, https:\/\/maybommini.vn\/wp-content\/uploads\/2018\/11\/may-bom-ap-luc-mini-24v-300x300.jpg 300w, https:\/\/maybommini.vn\/wp-content\/uploads\/2018\/11\/may-bom-ap-luc-mini-24v-150x150.jpg 150w, https:\/\/maybommini.vn\/wp-content\/uploads\/2018\/11\/may-bom-ap-luc-mini-24v-600x600.jpg 600w\" sizes=\"(max-width: 820px) 100vw, 820px\" \/><\/a> <a href=\"https:\/\/maybommini.com\/wp-content\/uploads\/2018\/11\/may-bom-dau-24V.jpg\" target=\"_blank\" rel=\"noopener\"><img decoding=\"async\" class=\"size-full wp-image-260678 aligncenter\" src=\"https:\/\/maybommini.com\/wp-content\/uploads\/2018\/11\/may-bom-dau-24V.jpg\" alt=\"May Bom Dau 24V\" width=\"820\" height=\"820\" srcset=\"https:\/\/maybommini.vn\/wp-content\/uploads\/2018\/11\/may-bom-dau-24V.jpg 820w, https:\/\/maybommini.vn\/wp-content\/uploads\/2018\/11\/may-bom-dau-24V-300x300.jpg 300w, https:\/\/maybommini.vn\/wp-content\/uploads\/2018\/11\/may-bom-dau-24V-150x150.jpg 150w, https:\/\/maybommini.vn\/wp-content\/uploads\/2018\/11\/may-bom-dau-24V-600x600.jpg 600w\" sizes=\"(max-width: 820px) 100vw, 820px\" \/><\/a> <a href=\"https:\/\/maybommini.com\/wp-content\/uploads\/2018\/11\/may-bom-mini-SH-24V.jpg\" target=\"_blank\" rel=\"noopener\"><img decoding=\"async\" class=\"size-full wp-image-260680 aligncenter\" src=\"https:\/\/maybommini.com\/wp-content\/uploads\/2018\/11\/may-bom-mini-SH-24V.jpg\" alt=\"May Bom Mini SH 24V\" width=\"820\" height=\"820\" srcset=\"https:\/\/maybommini.vn\/wp-content\/uploads\/2018\/11\/may-bom-mini-SH-24V.jpg 820w, https:\/\/maybommini.vn\/wp-content\/uploads\/2018\/11\/may-bom-mini-SH-24V-300x300.jpg 300w, https:\/\/maybommini.vn\/wp-content\/uploads\/2018\/11\/may-bom-mini-SH-24V-150x150.jpg 150w, https:\/\/maybommini.vn\/wp-content\/uploads\/2018\/11\/may-bom-mini-SH-24V-600x600.jpg 600w\" sizes=\"(max-width: 820px) 100vw, 820px\" \/><\/a><\/p>\n<p>&nbsp;<\/p>\n<p><strong>H\u01af\u1edaNG D\u1ea8N S\u1eec D\u1ee4NG M\u00c1Y B\u01a0M MINI<\/strong><br \/>\n&#8211; M\u00e1y b\u01a1m 12V 24V DC n\u00ean b\u1ea1n c\u00f3 th\u1ec3 d\u00f9ng ngu\u1ed3n \u0111i\u1ec7n l\u00e0 c\u00e1c lo\u1ea1i b\u00ecnh \u1eafc quy \u00f4to, xe m\u00e1y t\u1eeb 1.5Ah tr\u1edf l\u00ean.<br \/>\n&#8211; B\u1ea1n c\u00f3 c\u00f3 th\u1ec3 d\u00f9ng c\u00e1c lo\u1ea1i ngu\u1ed3n \u0111i\u1ec7n bi\u1ebfn th\u1ebf Adapter t\u1eeb 220V sang 12V ho\u1eb7c 24V tu\u1ef3 theo m\u00e1y b\u01a1m b\u1ea1n mua.<br \/>\n&#8211; D\u00e2y ngu\u1ed3n m\u00e0u \u0111\u1ecf l\u00e0 d\u00e2y c\u1ef1c d\u01b0\u01a1ng v\u00e0 d\u00e2y ngu\u1ed3n \u0111en l\u00e0 d\u00e2y c\u1ef1c \u00e2m.<br \/>\n&#8211; N\u01b0\u1edbc v\u00e0o ra c\u1ee7a m\u00e1y b\u01a1m c\u00f3 d\u1ea5u m\u0169i t\u00ean ch\u1ec9 h\u01b0\u1edbng t\u1eeb b\u00ean n\u01b0\u1edbc v\u00e0o sang n\u01b0\u1edbc ra.<br \/>\n&#8211; M\u00e1y b\u01a1m t\u1ef1 h\u00fat kh\u00f4ng c\u1ea7n m\u1ed3i n\u01b0\u1edbc.<br \/>\n&#8211; N\u00ean d\u00f9ng th\u00eam l\u1ecdc n\u01b0\u1edbc \u0111\u1ea7u v\u00e0o tr\u00e1nh l\u00e0 ngh\u1eb9t \u0111\u1ea7u b\u01a1m.<br \/>\n&#8211; M\u00e1y b\u01a1m kh\u00f4ng b\u1ea3o h\u00e0nh h\u00e0ng ch\u00e1y n\u1ed5.<\/p>\n<p><a href=\"https:\/\/maybommini.com\/wp-content\/uploads\/2018\/11\/may-bom-mini-SH-24V.jpg\" target=\"_blank\" rel=\"noopener\"><img decoding=\"async\" class=\"size-full wp-image-260680 aligncenter\" src=\"https:\/\/maybommini.com\/wp-content\/uploads\/2018\/11\/may-bom-mini-SH-24V.jpg\" alt=\"May Bom Mini SH 24V\" width=\"820\" height=\"820\" srcset=\"https:\/\/maybommini.vn\/wp-content\/uploads\/2018\/11\/may-bom-mini-SH-24V.jpg 820w, https:\/\/maybommini.vn\/wp-content\/uploads\/2018\/11\/may-bom-mini-SH-24V-300x300.jpg 300w, https:\/\/maybommini.vn\/wp-content\/uploads\/2018\/11\/may-bom-mini-SH-24V-150x150.jpg 150w, https:\/\/maybommini.vn\/wp-content\/uploads\/2018\/11\/may-bom-mini-SH-24V-600x600.jpg 600w\" sizes=\"(max-width: 820px) 100vw, 820px\" \/><\/a> <a href=\"https:\/\/maybommini.com\/wp-content\/uploads\/2018\/11\/may-bom-nuoc-mini-nhat-24v.jpg\" target=\"_blank\" rel=\"noopener\"><img decoding=\"async\" class=\"size-full wp-image-260681 aligncenter\" src=\"https:\/\/maybommini.com\/wp-content\/uploads\/2018\/11\/may-bom-nuoc-mini-nhat-24v.jpg\" alt=\"May Bom Nuoc Mini Nhat 24v\" width=\"820\" height=\"820\" srcset=\"https:\/\/maybommini.vn\/wp-content\/uploads\/2018\/11\/may-bom-nuoc-mini-nhat-24v.jpg 820w, https:\/\/maybommini.vn\/wp-content\/uploads\/2018\/11\/may-bom-nuoc-mini-nhat-24v-300x300.jpg 300w, https:\/\/maybommini.vn\/wp-content\/uploads\/2018\/11\/may-bom-nuoc-mini-nhat-24v-150x150.jpg 150w, https:\/\/maybommini.vn\/wp-content\/uploads\/2018\/11\/may-bom-nuoc-mini-nhat-24v-600x600.jpg 600w\" sizes=\"(max-width: 820px) 100vw, 820px\" \/><\/a> <a href=\"https:\/\/maybommini.com\/wp-content\/uploads\/2018\/11\/may-bom-xang-dau-nhot-nuoc-gia-re.jpg\" target=\"_blank\" rel=\"noopener\"><img decoding=\"async\" class=\"size-full wp-image-260682 aligncenter\" src=\"https:\/\/maybommini.com\/wp-content\/uploads\/2018\/11\/may-bom-xang-dau-nhot-nuoc-gia-re.jpg\" alt=\"May Bom Xang Dau Nhot Nuoc Gia Re\" width=\"820\" height=\"820\" srcset=\"https:\/\/maybommini.vn\/wp-content\/uploads\/2018\/11\/may-bom-xang-dau-nhot-nuoc-gia-re.jpg 820w, https:\/\/maybommini.vn\/wp-content\/uploads\/2018\/11\/may-bom-xang-dau-nhot-nuoc-gia-re-300x300.jpg 300w, https:\/\/maybommini.vn\/wp-content\/uploads\/2018\/11\/may-bom-xang-dau-nhot-nuoc-gia-re-150x150.jpg 150w, https:\/\/maybommini.vn\/wp-content\/uploads\/2018\/11\/may-bom-xang-dau-nhot-nuoc-gia-re-600x600.jpg 600w\" sizes=\"(max-width: 820px) 100vw, 820px\" \/><\/a><\/p>\n<p><strong>\u1ee8NG D\u1ee4NG M\u00c1Y B\u01a0M MINI SH-775<\/strong><br \/>\n&#8211; D\u00f9ng b\u01a1m n\u01b0\u1edbc cho h\u1ec7 th\u1ed1ng.<br \/>\n&#8211; D\u00f9ng m\u00e1y b\u01a1m mini l\u00e0m h\u1ec7 th\u1ed1ng phun s\u01b0\u01a1ng.<br \/>\n&#8211; M\u00e1y b\u01a1m cho h\u1ec7 th\u1ed1ng t\u01b0\u1edbi t\u1ef1 \u0111\u1ed9ng.<br \/>\n&#8211; D\u00f9ng b\u01a1m x\u0103ng d\u1ea7u nh\u1edbt.<br \/>\n&#8211; D\u00f9ng b\u01a1m dung d\u1ecbch ho\u00e1 ch\u1ea5t kh\u00f4ng \u0103n m\u00f2n.<br \/>\n&#8211; M\u00e1y b\u01a1m c\u1ea5p n\u01b0\u1edbc tr\u00ean \u00f4to.<br \/>\n&#8211; M\u00e1y b\u01a1m n\u01b0\u1edbc m\u1eb7n, n\u01b0\u1edbc bi\u1ec3n.<br \/>\n&#8211; M\u00e1y b\u01a1m trong h\u1ec7 th\u1ed1ng tu\u1ea7n ho\u00e0n l\u00e0m m\u00e1t.<br \/>\n&#8211; M\u00e1y b\u01a1m cho m\u00e1y ti\u1ec7n, m\u00e1y CNC, m\u00e1y khoan, m\u00e1y m\u00e0i &#8230;<br \/>\n&#8211; M\u00e1y b\u01a1m trong ph\u00f2ng th\u00ed nghi\u1ec7m, tr\u01b0\u1eddng h\u1ecdc, y t\u1ebf &#8230;<br \/>\nV\u00e0 \u0111\u01b0\u1ee3c d\u00f9ng cho nhi\u1ec1u \u1ee9ng d\u1ee5ng kh\u00e1c.<\/p>\n<p><a href=\"https:\/\/maybommini.com\/wp-content\/uploads\/2018\/11\/may-bom-mini-12v-24v-SH.jpg\" target=\"_blank\" rel=\"noopener\"><img decoding=\"async\" class=\"size-full wp-image-260679 aligncenter\" src=\"https:\/\/maybommini.com\/wp-content\/uploads\/2018\/11\/may-bom-mini-12v-24v-SH.jpg\" alt=\"May Bom Mini 12v 24v SH\" width=\"820\" height=\"820\" srcset=\"https:\/\/maybommini.vn\/wp-content\/uploads\/2018\/11\/may-bom-mini-12v-24v-SH.jpg 820w, https:\/\/maybommini.vn\/wp-content\/uploads\/2018\/11\/may-bom-mini-12v-24v-SH-300x300.jpg 300w, https:\/\/maybommini.vn\/wp-content\/uploads\/2018\/11\/may-bom-mini-12v-24v-SH-150x150.jpg 150w, https:\/\/maybommini.vn\/wp-content\/uploads\/2018\/11\/may-bom-mini-12v-24v-SH-600x600.jpg 600w\" sizes=\"(max-width: 820px) 100vw, 820px\" \/><\/a><strong>MUA M\u00c1Y B\u01a0M MINI \u00c1P L\u1ef0C 12V 24V \u1ede \u0110\u00c2U ?<\/strong><br \/>\n<a href=\"https:\/\/maybommini.com\" target=\"_blank\" rel=\"noopener noreferrer\">M\u00e1y B\u01a1m Mini\u00a0<\/a>\u00a0l\u00e0 nh\u00e0 cung c\u1ea5p h\u00e0ng \u0111\u1ea7u ch\u00ednh h\u00e3ng c\u00e1c lo\u1ea1i m\u00e1y b\u01a1m mini 12V 24V 220V ch\u1ea5t l\u01b0\u1ee3ng cao \u0111\u01b0\u1ee3c kh\u00e1ch h\u00e0ng nhi\u1ec1u n\u0103m l\u1ef1a ch\u1ecdn. Ch\u00fang t\u00f4i \u0111\u1eb7t uy t\u00edn v\u00e0 l\u1ee3i \u00edch kh\u00e1ch h\u00e0ng l\u00ean h\u00e0ng \u0111\u1ea7u trong nhi\u1ec1u n\u0103m ho\u1ea1t \u0111\u1ed9ng<br \/>\n<strong>Website<\/strong>:\u00a0https:\/\/maybommini.com<br \/>\n<strong>Email:<\/strong> maybommini.com@gmail.com<br \/>\n<strong>Tel:<\/strong> 02873030399 &#8211; 0907294310<br \/>\n<strong>Showroom:<\/strong>\u00a0<a href=\"https:\/\/goo.gl\/maps\/cFXwSCe1k3F2\" target=\"_blank\" rel=\"noopener noreferrer\">M\u00e1y B\u01a1m Mini MBM<\/a><\/p>\n","protected":false},"excerpt":{"rendered":"<p>Th\u01b0\u01a1ng hi\u1ec7u: SmartPumps<br \/>\nModel: SH-775-36W-24V<br \/>\n\u0110i\u1ec7n th\u1ebf: 24V DC<br \/>\nC\u00f4ng su\u1ea5t: 36W<br \/>\nL\u01b0u l\u01b0\u1ee3ng: 7 &#8211; 10 L\/P<br \/>\nB\u01a1m cao: 2 &#8211; 6 m\u00e9t<br \/>\nT\u01b0 h\u00fat kh\u00f4ng c\u1ea7n m\u1ed3i: 0.5 m\u00e9t<br \/>\n\u0110\u1ea7u g\u1eafn \u1ed1ng: Ren 13mm ho\u1eb7c c\u1ed5 d\u00ea 13mm<br \/>\nCh\u1ea5t li\u1ec7u: \u0110\u1ed3ng &#8211; Nh\u1ef1a ABS<br \/>\nMotor l\u00f5i \u0111\u1ed3ng cao c\u1ea5p.<br \/>\nK\u00edch th\u01b0\u1edbc: 13 x 7 cm<br \/>\nTr\u1ecdng l\u01b0\u1ee3ng: 730g<br \/>\nS\u1ea3n ph\u1ea9m nh\u1eadp kh\u1ea9u<br \/>\nB\u1ea3o h\u00e0nh: 3 th\u00e1ng<br \/>\nPh\u00e2n ph\u1ed1i:\u00a0<a href=\"https:\/\/maybomminimbm.vn\/\" target=\"_blank\" rel=\"noopener noreferrer\"><strong>M\u00e1y B\u01a1m Mini MBM<\/strong><\/a><br \/>\nS\u1ea3n ph\u1ea9m cao c\u1ea5p<\/p>\n","protected":false},"featured_media":260674,"comment_status":"open","ping_status":"closed","template":"","meta":[],"product_brand":[44],"product_cat":[197,196],"product_tag":[267,1330,488,2588,207,523,644,231,1332,2486,859,647,2587],"class_list":{"0":"post-260673","1":"product","2":"type-product","3":"status-publish","4":"has-post-thumbnail","6":"product_brand-smartpumps","7":"product_cat-may-bom-ap-luc-12v","8":"product_cat-may-bom-ap-luc-mini","9":"product_tag-12v","10":"product_tag-12v-36w","11":"product_tag-24v","12":"product_tag-bom-dc","13":"product_tag-may-bom-ap-luc","14":"product_tag-may-bom-dau","15":"product_tag-may-bom-dc","16":"product_tag-may-bom-mini","17":"product_tag-may-bom-mini-nhat","18":"product_tag-may-bom-nho-nhat","19":"product_tag-may-bom-nhot","20":"product_tag-may-bom-tuoi-cay","21":"product_tag-sh-775","23":"first","24":"instock","25":"sale","26":"shipping-taxable","27":"purchasable","28":"product-type-simple"},"_links":{"self":[{"href":"https:\/\/maybommini.vn\/index.php?rest_route=\/wp\/v2\/product\/260673","targetHints":{"allow":["GET"]}}],"collection":[{"href":"https:\/\/maybommini.vn\/index.php?rest_route=\/wp\/v2\/product"}],"about":[{"href":"https:\/\/maybommini.vn\/index.php?rest_route=\/wp\/v2\/types\/product"}],"replies":[{"embeddable":true,"href":"https:\/\/maybommini.vn\/index.php?rest_route=%2Fwp%2Fv2%2Fcomments&post=260673"}],"wp:featuredmedia":[{"embeddable":true,"href":"https:\/\/maybommini.vn\/index.php?rest_route=\/wp\/v2\/media\/260674"}],"wp:attachment":[{"href":"https:\/\/maybommini.vn\/index.php?rest_route=%2Fwp%2Fv2%2Fmedia&parent=260673"}],"wp:term":[{"taxonomy":"product_brand","embeddable":true,"href":"https:\/\/maybommini.vn\/index.php?rest_route=%2Fwp%2Fv2%2Fproduct_brand&post=260673"},{"taxonomy":"product_cat","embeddable":true,"href":"https:\/\/maybommini.vn\/index.php?rest_route=%2Fwp%2Fv2%2Fproduct_cat&post=260673"},{"taxonomy":"product_tag","embeddable":true,"href":"https:\/\/maybommini.vn\/index.php?rest_route=%2Fwp%2Fv2%2Fproduct_tag&post=260673"}],"curies":[{"name":"wp","href":"https:\/\/api.w.org\/{rel}","templated":true}]}}