{"id":260843,"date":"2018-12-19T14:06:39","date_gmt":"2018-12-19T07:06:39","guid":{"rendered":"https:\/\/maybommini.com\/?post_type=product&#038;p=260843"},"modified":"2020-05-23T21:32:05","modified_gmt":"2020-05-23T14:32:05","slug":"may-bom-ap-luc-cao-12v-170w-maxpumps-wz-170","status":"publish","type":"product","link":"https:\/\/maybommini.vn\/?product=may-bom-ap-luc-cao-12v-170w-maxpumps-wz-170","title":{"rendered":"M\u00e1y b\u01a1m \u00e1p l\u1ef1c cao 12V 170W MAXPUMPS WZ-170"},"content":{"rendered":"<p><em><strong>Chuy\u00ean ph\u00e2n ph\u1ed1i s\u1ec9 v\u00e0 l\u1ebb m\u00e1y b\u01a1m \u00e1p l\u1ef1c cao 12V 170W MAXPUMPS WZ-170 ch\u00ednh h\u00e3ng gi\u00e1 t\u1ed1t to\u00e0n qu\u1ed1c. S\u1eed d\u1ee5ng phun thu\u1ed1c s\u00e2u, t\u01b0\u1edbi c\u00e2y, r\u1eeda xe, h\u1ec7 th\u1ed1ng b\u01a1m \u00e1p l\u1ef1c, b\u01a1m n\u01b0\u1edbc t\u1ef1 \u0111\u1ed9ng, h\u1ec7 th\u1ed1ng phun s\u01b0\u01a1ng v\u00e0 nhi\u1ec1u \u1ee9ng d\u1ee5ng kh\u00e1c.<\/strong><\/em><\/p>\n<p><a href=\"https:\/\/maybommini.com\/wp-content\/uploads\/2018\/12\/May-bom-ap-luc-cao-12V-WZ-170.jpg\" target=\"_blank\" rel=\"noopener\"><img decoding=\"async\" class=\"size-full wp-image-260850 aligncenter\" src=\"https:\/\/maybommini.com\/wp-content\/uploads\/2018\/12\/May-bom-ap-luc-cao-12V-WZ-170.jpg\" alt=\"May Bom Ap Luc Cao 12V WZ 170\" width=\"750\" height=\"750\" srcset=\"https:\/\/maybommini.vn\/wp-content\/uploads\/2018\/12\/May-bom-ap-luc-cao-12V-WZ-170.jpg 750w, https:\/\/maybommini.vn\/wp-content\/uploads\/2018\/12\/May-bom-ap-luc-cao-12V-WZ-170-300x300.jpg 300w, https:\/\/maybommini.vn\/wp-content\/uploads\/2018\/12\/May-bom-ap-luc-cao-12V-WZ-170-150x150.jpg 150w, https:\/\/maybommini.vn\/wp-content\/uploads\/2018\/12\/May-bom-ap-luc-cao-12V-WZ-170-600x600.jpg 600w\" sizes=\"(max-width: 750px) 100vw, 750px\" \/><\/a><strong>TH\u00d4NG S\u1ed0 K\u1ef8 THU\u1eacT<br \/>\n<\/strong>Ph\u00e2n ph\u1ed1i: <a href=\"https:\/\/maybomminimbm.vn\" target=\"_blank\" rel=\"noopener noreferrer\"><strong>M\u00e1y B\u01a1m Mini MBM<\/strong><\/a><br \/>\nTh\u01b0\u01a1ng hi\u1ec7u: <strong>MAXPUMPS<\/strong><br \/>\nModel: <strong>WZ-170<\/strong><br \/>\n\u0110i\u1ec7n th\u1ebf: 12V DC<br \/>\nC\u00f4ng su\u1ea5t: 170W<br \/>\n\u00c1p l\u1ef1c: 0.5 &#8211; 1 Mpa<br \/>\nL\u01b0u l\u01b0\u1ee3ng: 6 &#8211; 8 L\/P<br \/>\nT\u1ef1 h\u00fat s\u00e2u : 1 M\u00e9t<br \/>\n\u0110\u1ea7y cao v\u00e0 xa: Tr\u00ean 50 M\u00e9t<br \/>\nVan h\u1ed3i n\u01b0\u1edbc t\u0103ng gi\u00e3m \u00e1p l\u1ef1c.<br \/>\nMotor l\u00f5i \u0111\u1ed3ng 100%.<br \/>\nMotor ch\u1ed5i than.<br \/>\n\u0110\u1ea7u b\u01a1m c\u00f4ng ngh\u1ec7 Taiwan.<br \/>\nTr\u1ecdng l\u01b0\u1ee3ng: 6 Kg<br \/>\nK\u00edch th\u01b0\u1edbc:\u00a023 x 25 x 15 Cm<br \/>\nPh\u1ee5 ki\u1ec7n k\u00e8m theo<br \/>\n\u1ed0ng n\u01b0\u1edbc v\u00e0o.<br \/>\nL\u1ecdc n\u01b0\u1edbc.<br \/>\n\u0110\u1ea7u phun x\u1ecbt ch\u1ec9nh tia cao c\u1ea5p.<br \/>\nB\u1ed9 d\u1ee5ng c\u1ee5 b\u1ea3o tr\u00ec.<br \/>\nB\u1ea3o h\u00e0nh: 6 th\u00e1ng.<\/p>\n<p><a href=\"https:\/\/maybommini.com\/wp-content\/uploads\/2018\/12\/may-phun-tuoi-cay-phun-thuoc-sau-12v-gia-re.jpg\" target=\"_blank\" rel=\"noopener\"><img decoding=\"async\" class=\"size-full wp-image-260852 aligncenter\" src=\"https:\/\/maybommini.com\/wp-content\/uploads\/2018\/12\/may-phun-tuoi-cay-phun-thuoc-sau-12v-gia-re.jpg\" alt=\"May Phun Tuoi Cay Phun Thuoc Sau 12v Gia Re\" width=\"750\" height=\"750\" srcset=\"https:\/\/maybommini.vn\/wp-content\/uploads\/2018\/12\/may-phun-tuoi-cay-phun-thuoc-sau-12v-gia-re.jpg 750w, https:\/\/maybommini.vn\/wp-content\/uploads\/2018\/12\/may-phun-tuoi-cay-phun-thuoc-sau-12v-gia-re-300x300.jpg 300w, https:\/\/maybommini.vn\/wp-content\/uploads\/2018\/12\/may-phun-tuoi-cay-phun-thuoc-sau-12v-gia-re-150x150.jpg 150w, https:\/\/maybommini.vn\/wp-content\/uploads\/2018\/12\/may-phun-tuoi-cay-phun-thuoc-sau-12v-gia-re-600x600.jpg 600w\" sizes=\"(max-width: 750px) 100vw, 750px\" \/><\/a><\/p>\n<h3 style=\"text-align: center;\"><em><strong>M\u00e1y b\u01a1m \u00e1p l\u1ef1c cao 12V<\/strong><\/em><\/h3>\n<p>&nbsp;<\/p>\n<p style=\"text-align: center;\"><a href=\"https:\/\/maybommini.com\/wp-content\/uploads\/2018\/12\/may-bom-ap-luc-cao-12V-170W-8L.jpg\" target=\"_blank\" rel=\"noopener\"><img decoding=\"async\" class=\"size-full wp-image-260849 aligncenter\" src=\"https:\/\/maybommini.com\/wp-content\/uploads\/2018\/12\/may-bom-ap-luc-cao-12V-170W-8L.jpg\" alt=\"May Bom Ap Luc Cao 12V 170W 8L\" width=\"750\" height=\"750\" srcset=\"https:\/\/maybommini.vn\/wp-content\/uploads\/2018\/12\/may-bom-ap-luc-cao-12V-170W-8L.jpg 750w, https:\/\/maybommini.vn\/wp-content\/uploads\/2018\/12\/may-bom-ap-luc-cao-12V-170W-8L-300x300.jpg 300w, https:\/\/maybommini.vn\/wp-content\/uploads\/2018\/12\/may-bom-ap-luc-cao-12V-170W-8L-150x150.jpg 150w, https:\/\/maybommini.vn\/wp-content\/uploads\/2018\/12\/may-bom-ap-luc-cao-12V-170W-8L-600x600.jpg 600w\" sizes=\"(max-width: 750px) 100vw, 750px\" \/><\/a> <a href=\"https:\/\/maybommini.com\/wp-content\/uploads\/2018\/12\/ban-may-bom-ap-luc-cao-12v.jpg\" target=\"_blank\" rel=\"noopener\"><img decoding=\"async\" class=\"size-full wp-image-260844 aligncenter\" src=\"https:\/\/maybommini.com\/wp-content\/uploads\/2018\/12\/ban-may-bom-ap-luc-cao-12v.jpg\" alt=\"Ban May Bom Ap Luc Cao 12v\" width=\"750\" height=\"750\" srcset=\"https:\/\/maybommini.vn\/wp-content\/uploads\/2018\/12\/ban-may-bom-ap-luc-cao-12v.jpg 750w, https:\/\/maybommini.vn\/wp-content\/uploads\/2018\/12\/ban-may-bom-ap-luc-cao-12v-300x300.jpg 300w, https:\/\/maybommini.vn\/wp-content\/uploads\/2018\/12\/ban-may-bom-ap-luc-cao-12v-150x150.jpg 150w, https:\/\/maybommini.vn\/wp-content\/uploads\/2018\/12\/ban-may-bom-ap-luc-cao-12v-600x600.jpg 600w\" sizes=\"(max-width: 750px) 100vw, 750px\" \/><\/a> <a href=\"https:\/\/maybommini.com\/wp-content\/uploads\/2018\/12\/bom-nuoc-mini-ap-luc-cao.jpg\" target=\"_blank\" rel=\"noopener\"><img decoding=\"async\" class=\"size-full wp-image-260845 aligncenter\" src=\"https:\/\/maybommini.com\/wp-content\/uploads\/2018\/12\/bom-nuoc-mini-ap-luc-cao.jpg\" alt=\"Bom Nuoc Mini Ap Luc Cao\" width=\"750\" height=\"750\" srcset=\"https:\/\/maybommini.vn\/wp-content\/uploads\/2018\/12\/bom-nuoc-mini-ap-luc-cao.jpg 750w, https:\/\/maybommini.vn\/wp-content\/uploads\/2018\/12\/bom-nuoc-mini-ap-luc-cao-300x300.jpg 300w, https:\/\/maybommini.vn\/wp-content\/uploads\/2018\/12\/bom-nuoc-mini-ap-luc-cao-150x150.jpg 150w, https:\/\/maybommini.vn\/wp-content\/uploads\/2018\/12\/bom-nuoc-mini-ap-luc-cao-600x600.jpg 600w\" sizes=\"(max-width: 750px) 100vw, 750px\" \/><\/a> <a href=\"https:\/\/maybommini.com\/wp-content\/uploads\/2018\/12\/mya-phun-thuoc-tru-sau-bang-ac-quy.jpg\" target=\"_blank\" rel=\"noopener\"><img decoding=\"async\" class=\"size-full wp-image-260854 aligncenter\" src=\"https:\/\/maybommini.com\/wp-content\/uploads\/2018\/12\/mya-phun-thuoc-tru-sau-bang-ac-quy.jpg\" alt=\"Mya Phun Thuoc Tru Sau Bang Ac Quy\" width=\"750\" height=\"750\" srcset=\"https:\/\/maybommini.vn\/wp-content\/uploads\/2018\/12\/mya-phun-thuoc-tru-sau-bang-ac-quy.jpg 750w, https:\/\/maybommini.vn\/wp-content\/uploads\/2018\/12\/mya-phun-thuoc-tru-sau-bang-ac-quy-300x300.jpg 300w, https:\/\/maybommini.vn\/wp-content\/uploads\/2018\/12\/mya-phun-thuoc-tru-sau-bang-ac-quy-150x150.jpg 150w, https:\/\/maybommini.vn\/wp-content\/uploads\/2018\/12\/mya-phun-thuoc-tru-sau-bang-ac-quy-600x600.jpg 600w\" sizes=\"(max-width: 750px) 100vw, 750px\" \/><\/a> <a href=\"https:\/\/maybommini.com\/wp-content\/uploads\/2018\/12\/may-rua-xe-ap-luc-cao-12V-170W.jpg\" target=\"_blank\" rel=\"noopener\"><img decoding=\"async\" class=\"size-full wp-image-260853 aligncenter\" src=\"https:\/\/maybommini.com\/wp-content\/uploads\/2018\/12\/may-rua-xe-ap-luc-cao-12V-170W.jpg\" alt=\"May Rua Xe Ap Luc Cao 12V 170W\" width=\"750\" height=\"750\" srcset=\"https:\/\/maybommini.vn\/wp-content\/uploads\/2018\/12\/may-rua-xe-ap-luc-cao-12V-170W.jpg 750w, https:\/\/maybommini.vn\/wp-content\/uploads\/2018\/12\/may-rua-xe-ap-luc-cao-12V-170W-300x300.jpg 300w, https:\/\/maybommini.vn\/wp-content\/uploads\/2018\/12\/may-rua-xe-ap-luc-cao-12V-170W-150x150.jpg 150w, https:\/\/maybommini.vn\/wp-content\/uploads\/2018\/12\/may-rua-xe-ap-luc-cao-12V-170W-600x600.jpg 600w\" sizes=\"(max-width: 750px) 100vw, 750px\" \/><\/a> <a href=\"https:\/\/maybommini.com\/wp-content\/uploads\/2018\/12\/nha-cung-cap-may-bom-ap-luc-cao-12v-24v.jpg\" target=\"_blank\" rel=\"noopener\"><img decoding=\"async\" class=\"size-full wp-image-260855 aligncenter\" src=\"https:\/\/maybommini.com\/wp-content\/uploads\/2018\/12\/nha-cung-cap-may-bom-ap-luc-cao-12v-24v.jpg\" alt=\"Nha Cung Cap May Bom Ap Luc Cao 12v 24v\" width=\"750\" height=\"750\" srcset=\"https:\/\/maybommini.vn\/wp-content\/uploads\/2018\/12\/nha-cung-cap-may-bom-ap-luc-cao-12v-24v.jpg 750w, https:\/\/maybommini.vn\/wp-content\/uploads\/2018\/12\/nha-cung-cap-may-bom-ap-luc-cao-12v-24v-300x300.jpg 300w, https:\/\/maybommini.vn\/wp-content\/uploads\/2018\/12\/nha-cung-cap-may-bom-ap-luc-cao-12v-24v-150x150.jpg 150w, https:\/\/maybommini.vn\/wp-content\/uploads\/2018\/12\/nha-cung-cap-may-bom-ap-luc-cao-12v-24v-600x600.jpg 600w\" sizes=\"(max-width: 750px) 100vw, 750px\" \/><\/a> <a href=\"https:\/\/maybommini.com\/wp-content\/uploads\/2018\/12\/bo-phu-kien-may-bom-ap-luc-cao-WZ-170.jpg\" target=\"_blank\" rel=\"noopener\"><img decoding=\"async\" class=\"size-full wp-image-260846 aligncenter\" src=\"https:\/\/maybommini.com\/wp-content\/uploads\/2018\/12\/bo-phu-kien-may-bom-ap-luc-cao-WZ-170.jpg\" alt=\"Bo Phu Kien May Bom Ap Luc Cao WZ 170\" width=\"750\" height=\"750\" srcset=\"https:\/\/maybommini.vn\/wp-content\/uploads\/2018\/12\/bo-phu-kien-may-bom-ap-luc-cao-WZ-170.jpg 750w, https:\/\/maybommini.vn\/wp-content\/uploads\/2018\/12\/bo-phu-kien-may-bom-ap-luc-cao-WZ-170-300x300.jpg 300w, https:\/\/maybommini.vn\/wp-content\/uploads\/2018\/12\/bo-phu-kien-may-bom-ap-luc-cao-WZ-170-150x150.jpg 150w, https:\/\/maybommini.vn\/wp-content\/uploads\/2018\/12\/bo-phu-kien-may-bom-ap-luc-cao-WZ-170-600x600.jpg 600w\" sizes=\"(max-width: 750px) 100vw, 750px\" \/><\/a><\/p>\n<p><strong>H\u01af\u1edaNG D\u1ea8N S\u1eec D\u1ee4NG M\u00c1Y B\u01a0M \u00c1P L\u1ef0C 12V WZ-170 MAXPUMPS<br \/>\n<\/strong>&#8211; M\u00e1y s\u1eed d\u1ee5ng ngu\u1ed3n \u0111i\u1ec7n DC 12V t\u1eeb b\u00ecnh \u1eafc quy \u00f4t\u00f4, xe m\u00e1y t\u1eeb 6A tr\u1edf l\u00ean.<br \/>\n&#8211; S\u1eed d\u1ee5ng ngu\u1ed3n \u0111i\u1ec7n t\u1eeb c\u00e1c lo\u1ea1i bi\u1ebfn th\u1ebf t\u1eeb \u0111i\u1ec7n 220V AC sang 12V DC 20A tr\u1edf l\u00ean.<br \/>\n&#8211; M\u00e1y b\u01a1m t\u1ef1 h\u00fat n\u01b0\u1edbc kh\u00f4ng c\u1ea7n m\u1ed3i v\u1edbi \u0111\u1ed9 s\u00e2u c\u00e1ch m\u1eb7t n\u01b0\u1edbc kh\u00f4ng qu\u00e1 1 M\u00e9t.<br \/>\n&#8211; G\u1eafn l\u1ecdc n\u01b0\u1edbc v\u00e0o \u1ed1ng n\u01b0\u1edbc c\u1ea5p tr\u00e1nh b\u1ecb ngh\u1eb9t \u0111\u1ea7u b\u01a1m.<br \/>\n&#8211; \u0110i\u1ec1u ch\u1ec9nh van n\u01b0\u1edbc h\u1ed3i ph\u00f9 h\u1ee3p khi s\u1eed d\u1ee5ng.<br \/>\n&#8211; T\u1eaft ngu\u1ed3n b\u1eb1ng c\u00f4ng t\u1eafc ON OFF tr\u00ean m\u00e1y khi kh\u00f4ng s\u1eed d\u1ee5ng.<\/p>\n<p style=\"text-align: center;\"><a href=\"https:\/\/maybommini.com\/wp-content\/uploads\/2018\/12\/chuyen-cung-cap-si-le-cac-loai-may-bom-ap-luc-cao.jpg\" target=\"_blank\" rel=\"noopener\"><img decoding=\"async\" class=\"size-full wp-image-260847 aligncenter\" src=\"https:\/\/maybommini.com\/wp-content\/uploads\/2018\/12\/chuyen-cung-cap-si-le-cac-loai-may-bom-ap-luc-cao.jpg\" alt=\"Chuyen Cung Cap Si Le Cac Loai May Bom Ap Luc Cao\" width=\"750\" height=\"750\" srcset=\"https:\/\/maybommini.vn\/wp-content\/uploads\/2018\/12\/chuyen-cung-cap-si-le-cac-loai-may-bom-ap-luc-cao.jpg 750w, https:\/\/maybommini.vn\/wp-content\/uploads\/2018\/12\/chuyen-cung-cap-si-le-cac-loai-may-bom-ap-luc-cao-300x300.jpg 300w, https:\/\/maybommini.vn\/wp-content\/uploads\/2018\/12\/chuyen-cung-cap-si-le-cac-loai-may-bom-ap-luc-cao-150x150.jpg 150w, https:\/\/maybommini.vn\/wp-content\/uploads\/2018\/12\/chuyen-cung-cap-si-le-cac-loai-may-bom-ap-luc-cao-600x600.jpg 600w\" sizes=\"(max-width: 750px) 100vw, 750px\" \/><\/a><em><strong>M\u00e1y b\u01a1m \u00e1p l\u1ef1c cao 12V 170W MAXPUMPS WZ-170<\/strong><\/em><\/p>\n<p><a href=\"https:\/\/maybommini.com\/wp-content\/uploads\/2018\/12\/su-dung-phun-thuoc-sau-tuoi-cay.jpg\" target=\"_blank\" rel=\"noopener\"><img decoding=\"async\" class=\"size-full wp-image-260857 aligncenter\" src=\"https:\/\/maybommini.com\/wp-content\/uploads\/2018\/12\/su-dung-phun-thuoc-sau-tuoi-cay.jpg\" alt=\"Su Dung Phun Thuoc Sau Tuoi Cay\" width=\"750\" height=\"750\" srcset=\"https:\/\/maybommini.vn\/wp-content\/uploads\/2018\/12\/su-dung-phun-thuoc-sau-tuoi-cay.jpg 750w, https:\/\/maybommini.vn\/wp-content\/uploads\/2018\/12\/su-dung-phun-thuoc-sau-tuoi-cay-300x300.jpg 300w, https:\/\/maybommini.vn\/wp-content\/uploads\/2018\/12\/su-dung-phun-thuoc-sau-tuoi-cay-150x150.jpg 150w, https:\/\/maybommini.vn\/wp-content\/uploads\/2018\/12\/su-dung-phun-thuoc-sau-tuoi-cay-600x600.jpg 600w\" sizes=\"(max-width: 750px) 100vw, 750px\" \/><\/a><\/p>\n<p><strong>\u1ee8NG D\u1ee4NG M\u00c1Y B\u01a0M \u00c1P L\u1ef0C 12V WZ-170<br \/>\n<\/strong>&#8211; S\u1eed d\u1ee5ng b\u01a1m \u00e1p l\u1ef1c \u0111\u1ec3 phun thu\u1ed1c s\u00e2u.<br \/>\n&#8211; D\u00f9ng m\u00e1y b\u01a1m \u00e1p l\u1ef1c 12V cho khu v\u1ef1c kh\u00f4ng c\u00f3 \u0111i\u1ec7n l\u01b0\u1edbi.<br \/>\n&#8211; D\u00f9ng m\u00e1y b\u01a1m t\u01b0\u1edbi c\u00e2y phun thu\u1ed1c b\u1eb1ng xe m\u00e1y c\u00e0y, xe phun t\u01b0\u1edbi.<br \/>\n&#8211; M\u00e1y b\u01a1m \u00e1p l\u1ef1c cao r\u1eeda xe \u00d4 t\u00f4, xe m\u00e1y,&#8230;<br \/>\n&#8211; S\u1eed d\u1ee5ng m\u00e1y b\u01a1m v\u1ec7 sinh m\u00e1y l\u1ea1nh gia \u0111\u00ecnh v\u00e0 d\u1ecbch v\u1ee5.<br \/>\n&#8211; D\u00f9ng trong h\u1ec7 th\u1ed1ng phun s\u01b0\u01a1ng l\u00e0m m\u00e1t.<br \/>\n&#8211; M\u00e1y b\u01a1m n\u01b0\u1edbc s\u1ea1ch, n\u01b0\u1edbc sinh ho\u1ea1t.<br \/>\n&#8211; B\u01a1m n\u01b0\u1edbc l\u00ean cao, b\u01a1m c\u1ea5p n\u01b0\u1edbc.<br \/>\nV\u00e0 nhi\u1ec1u \u1ee9ng d\u1ee5ng b\u01a1m n\u01b0\u1edbc kh\u00e1c.<\/p>\n<p><a href=\"https:\/\/maybommini.com\/wp-content\/uploads\/2018\/12\/he-thong-phun-tuoi-tu-dong-trong-nong-nghiep.jpg\" target=\"_blank\" rel=\"noopener\"><img decoding=\"async\" class=\"size-full wp-image-260848 aligncenter\" src=\"https:\/\/maybommini.com\/wp-content\/uploads\/2018\/12\/he-thong-phun-tuoi-tu-dong-trong-nong-nghiep.jpg\" alt=\"He Thong Phun Tuoi Tu Dong Trong Nong Nghiep\" width=\"750\" height=\"750\" srcset=\"https:\/\/maybommini.vn\/wp-content\/uploads\/2018\/12\/he-thong-phun-tuoi-tu-dong-trong-nong-nghiep.jpg 750w, https:\/\/maybommini.vn\/wp-content\/uploads\/2018\/12\/he-thong-phun-tuoi-tu-dong-trong-nong-nghiep-300x300.jpg 300w, https:\/\/maybommini.vn\/wp-content\/uploads\/2018\/12\/he-thong-phun-tuoi-tu-dong-trong-nong-nghiep-150x150.jpg 150w, https:\/\/maybommini.vn\/wp-content\/uploads\/2018\/12\/he-thong-phun-tuoi-tu-dong-trong-nong-nghiep-600x600.jpg 600w\" sizes=\"(max-width: 750px) 100vw, 750px\" \/><\/a> <a href=\"https:\/\/maybommini.com\/wp-content\/uploads\/2018\/12\/su-dung-may-rua-xe-ap-luc-cao.jpg\" target=\"_blank\" rel=\"noopener\"><img decoding=\"async\" class=\"size-full wp-image-260856 aligncenter\" src=\"https:\/\/maybommini.com\/wp-content\/uploads\/2018\/12\/su-dung-may-rua-xe-ap-luc-cao.jpg\" alt=\"Su Dung May Rua Xe Ap Luc Cao\" width=\"750\" height=\"750\" srcset=\"https:\/\/maybommini.vn\/wp-content\/uploads\/2018\/12\/su-dung-may-rua-xe-ap-luc-cao.jpg 750w, https:\/\/maybommini.vn\/wp-content\/uploads\/2018\/12\/su-dung-may-rua-xe-ap-luc-cao-300x300.jpg 300w, https:\/\/maybommini.vn\/wp-content\/uploads\/2018\/12\/su-dung-may-rua-xe-ap-luc-cao-150x150.jpg 150w, https:\/\/maybommini.vn\/wp-content\/uploads\/2018\/12\/su-dung-may-rua-xe-ap-luc-cao-600x600.jpg 600w\" sizes=\"(max-width: 750px) 100vw, 750px\" \/><\/a> <a href=\"https:\/\/maybommini.com\/wp-content\/uploads\/2018\/12\/May-bom-ap-luc-cao-12V-WZ-170.jpg\" target=\"_blank\" rel=\"noopener\"><img decoding=\"async\" class=\"size-full wp-image-260850 aligncenter\" src=\"https:\/\/maybommini.com\/wp-content\/uploads\/2018\/12\/May-bom-ap-luc-cao-12V-WZ-170.jpg\" alt=\"May Bom Ap Luc Cao 12V WZ 170\" width=\"750\" height=\"750\" srcset=\"https:\/\/maybommini.vn\/wp-content\/uploads\/2018\/12\/May-bom-ap-luc-cao-12V-WZ-170.jpg 750w, https:\/\/maybommini.vn\/wp-content\/uploads\/2018\/12\/May-bom-ap-luc-cao-12V-WZ-170-300x300.jpg 300w, https:\/\/maybommini.vn\/wp-content\/uploads\/2018\/12\/May-bom-ap-luc-cao-12V-WZ-170-150x150.jpg 150w, https:\/\/maybommini.vn\/wp-content\/uploads\/2018\/12\/May-bom-ap-luc-cao-12V-WZ-170-600x600.jpg 600w\" sizes=\"(max-width: 750px) 100vw, 750px\" \/><\/a> <a href=\"https:\/\/maybommini.com\/wp-content\/uploads\/2018\/12\/chuyen-cung-cap-si-le-cac-loai-may-bom-ap-luc-cao.jpg\" target=\"_blank\" rel=\"noopener\"><img decoding=\"async\" class=\"size-full wp-image-260847 aligncenter\" src=\"https:\/\/maybommini.com\/wp-content\/uploads\/2018\/12\/chuyen-cung-cap-si-le-cac-loai-may-bom-ap-luc-cao.jpg\" alt=\"Chuyen Cung Cap Si Le Cac Loai May Bom Ap Luc Cao\" width=\"750\" height=\"750\" srcset=\"https:\/\/maybommini.vn\/wp-content\/uploads\/2018\/12\/chuyen-cung-cap-si-le-cac-loai-may-bom-ap-luc-cao.jpg 750w, https:\/\/maybommini.vn\/wp-content\/uploads\/2018\/12\/chuyen-cung-cap-si-le-cac-loai-may-bom-ap-luc-cao-300x300.jpg 300w, https:\/\/maybommini.vn\/wp-content\/uploads\/2018\/12\/chuyen-cung-cap-si-le-cac-loai-may-bom-ap-luc-cao-150x150.jpg 150w, https:\/\/maybommini.vn\/wp-content\/uploads\/2018\/12\/chuyen-cung-cap-si-le-cac-loai-may-bom-ap-luc-cao-600x600.jpg 600w\" sizes=\"(max-width: 750px) 100vw, 750px\" \/><\/a><\/p>\n<p><strong>MUA M\u00c1Y B\u01a0M \u00c1P L\u1ef0C CAO 12V 24V 220V \u1ede \u0110\u00c2U ?<\/strong><br \/>\n<a href=\"https:\/\/maybommini.com\" target=\"_blank\" rel=\"noopener noreferrer\">M\u00e1y B\u01a1m Mini MBM<\/a> l\u00e0 nh\u00e0 cung c\u1ea5p h\u00e0ng \u0111\u1ea7u v\u1ec1 c\u00e1c lo\u1ea1i m\u00e1y b\u01a1m \u00e1p l\u1ef1c cao, m\u00e1y b\u01a1m mini, m\u00e1y r\u1eeda xe, m\u00e1y phun s\u01b0\u01a1ng, m\u00e1y b\u01a1m tr\u1ee3 l\u1ef1c, m\u00e1y b\u01a1m t\u0103ng \u00e1p v\u1edbi nhi\u1ec1u th\u01b0\u01a1ng hi\u1ec7u uy t\u00edn l\u1edbn. T\u1ea5t c\u1ea3 s\u1ea3n ph\u1ea9m \u0111\u01b0\u1ee3c b\u1ea3o h\u00e0nh ch\u00ednh h\u00e3ng l\u00e2u d\u00e0i v\u00e0 \u0111\u01b0\u1ee3c h\u1ed5 tr\u1ee3 k\u1ef9 thu\u1eadt v\u0129nh vi\u1ec5n.<br \/>\n<strong>Website:<\/strong>\u00a0https:\/\/maybommini.com<br \/>\n<strong>Email:<\/strong> maybommini.com@gmail.com<br \/>\n<strong>T\u01af V\u1ea4N K\u1ef8 THU\u1eacT \u2013 MUA H\u00c0NG<br \/>\n0908997823 \u2013 0908997872<br \/>\n0907294310 \u2013 02873030399<\/strong><\/p>\n<h3 style=\"text-align: center;\"><em><strong>M\u00e1y b\u01a1m \u00e1p l\u1ef1c cao 12V 170W MAXPUMPS WZ-170 <\/strong><\/em><\/h3>\n","protected":false},"excerpt":{"rendered":"<p>Ph\u00e2n ph\u1ed1i: <a href=\"https:\/\/maybomminimbm.vn\" target=\"_blank\" rel=\"noopener noreferrer\"><strong>M\u00e1y B\u01a1m Mini MBM<\/strong><\/a><br \/>\nTh\u01b0\u01a1ng hi\u1ec7u: <strong>MAXPUMPS<\/strong><br \/>\nModel: <strong>WZ-170<\/strong><br \/>\n\u0110i\u1ec7n th\u1ebf: 12V DC<br \/>\nC\u00f4ng su\u1ea5t: 170W<br \/>\n\u00c1p l\u1ef1c: 0.5 &#8211; 1 Mpa<br \/>\nL\u01b0u l\u01b0\u1ee3ng: 6 &#8211; 8 L\/P<br \/>\nT\u1ef1 h\u00fat s\u00e2u : 1 M\u00e9t<br \/>\n\u0110\u1ea7y cao v\u00e0 xa: Tr\u00ean 50 M\u00e9t<br \/>\nVan h\u1ed3i n\u01b0\u1edbc t\u0103ng gi\u00e3m \u00e1p l\u1ef1c.<br \/>\nMotor l\u00f5i \u0111\u1ed3ng 100%.<br \/>\nMotor ch\u1ed5i than.<br \/>\n\u0110\u1ea7u b\u01a1m c\u00f4ng ngh\u1ec7 Taiwan.<br \/>\nTr\u1ecdng l\u01b0\u1ee3ng: 6 Kg<br \/>\nK\u00edch th\u01b0\u1edbc: 23 x 25 x 15 Cm<br \/>\n<em><strong>Ph\u1ee5 ki\u1ec7n k\u00e8m theo<\/strong><\/em><br \/>\n<em><strong>\u1ed0ng n\u01b0\u1edbc v\u00e0o.<\/strong><\/em><br \/>\n<em><strong>L\u1ecdc n\u01b0\u1edbc.<\/strong><\/em><br \/>\n<em><strong>\u0110\u1ea7u phun x\u1ecbt ch\u1ec9nh tia cao c\u1ea5p.<\/strong><\/em><br \/>\n<em><strong>B\u1ed9 d\u1ee5ng c\u1ee5 b\u1ea3o tr\u00ec.<\/strong><\/em><br \/>\nB\u1ea3o h\u00e0nh: 6 th\u00e1ng<br \/>\nS\u1ea3n ph\u1ea9m cao c\u1ea5p<\/p>\n","protected":false},"featured_media":260850,"comment_status":"open","ping_status":"closed","template":"","meta":[],"product_brand":[60],"product_cat":[2667,364],"product_tag":[235,2002,206,2599,207,2600,2601,208,316,2598],"class_list":{"0":"post-260843","1":"product","2":"type-product","3":"status-publish","4":"has-post-thumbnail","6":"product_brand-maxpumps","7":"product_cat-may-xit-rua-ap-luc-cao-12v","8":"product_cat-may-bom-ap-luc-cao","9":"product_tag-bom-nuoc-mini","10":"product_tag-maxpumps","11":"product_tag-may-bom-12v","12":"product_tag-may-bom-170w","13":"product_tag-may-bom-ap-luc","14":"product_tag-may-bom-phun-thuoc-sau","15":"product_tag-may-bom-pitton","16":"product_tag-may-bom-rua-xe-12v","17":"product_tag-ve-sinh-may-lanh","18":"product_tag-wz-170","20":"first","21":"instock","22":"sale","23":"shipping-taxable","24":"purchasable","25":"product-type-simple"},"_links":{"self":[{"href":"https:\/\/maybommini.vn\/index.php?rest_route=\/wp\/v2\/product\/260843","targetHints":{"allow":["GET"]}}],"collection":[{"href":"https:\/\/maybommini.vn\/index.php?rest_route=\/wp\/v2\/product"}],"about":[{"href":"https:\/\/maybommini.vn\/index.php?rest_route=\/wp\/v2\/types\/product"}],"replies":[{"embeddable":true,"href":"https:\/\/maybommini.vn\/index.php?rest_route=%2Fwp%2Fv2%2Fcomments&post=260843"}],"wp:featuredmedia":[{"embeddable":true,"href":"https:\/\/maybommini.vn\/index.php?rest_route=\/wp\/v2\/media\/260850"}],"wp:attachment":[{"href":"https:\/\/maybommini.vn\/index.php?rest_route=%2Fwp%2Fv2%2Fmedia&parent=260843"}],"wp:term":[{"taxonomy":"product_brand","embeddable":true,"href":"https:\/\/maybommini.vn\/index.php?rest_route=%2Fwp%2Fv2%2Fproduct_brand&post=260843"},{"taxonomy":"product_cat","embeddable":true,"href":"https:\/\/maybommini.vn\/index.php?rest_route=%2Fwp%2Fv2%2Fproduct_cat&post=260843"},{"taxonomy":"product_tag","embeddable":true,"href":"https:\/\/maybommini.vn\/index.php?rest_route=%2Fwp%2Fv2%2Fproduct_tag&post=260843"}],"curies":[{"name":"wp","href":"https:\/\/api.w.org\/{rel}","templated":true}]}}