{"id":260862,"date":"2018-12-22T15:38:30","date_gmt":"2018-12-22T08:38:30","guid":{"rendered":"https:\/\/maybommini.com\/?post_type=product&#038;p=260862"},"modified":"2025-08-20T14:29:19","modified_gmt":"2025-08-20T07:29:19","slug":"may-xit-rua-ap-luc-cao-220v-1500w-110bar-alien","status":"publish","type":"product","link":"https:\/\/maybommini.vn\/?product=may-xit-rua-ap-luc-cao-220v-1500w-110bar-alien","title":{"rendered":"M\u00e1y x\u1ecbt r\u1eeda \u00e1p l\u1ef1c cao 220V 1500W 110Bar ALIEN"},"content":{"rendered":"<p><strong>Ph\u00e2n ph\u1ed1i b\u00e1n\u00a0m\u00e1y x\u1ecbt r\u1eeda \u00e1p l\u1ef1c cao 220V 1500W 110Bar ALIEN l\u00e0 d\u00f2ng m\u00e1y cao \u00e1p di \u0111\u1ed9ng ti\u1ec7n l\u1ee3i \u0111\u1ec3 v\u1ec7 sinh xe, v\u1ec7 sinh b\u1ebfp nh\u00e0 h\u00e0ng, nh\u00e0 c\u1eeda, v\u1eadt d\u1ee5ng, m\u00e1y m\u00f3c c\u00f4ng nghi\u1ec7p, v\u1ec7 sinh m\u00e1y l\u1ea1nh\u00a0\u0111\u01b0\u1ee3c s\u1ea3n xu\u1ea5t v\u1edbi c\u00f4ng ngh\u1ec7 m\u1edbi Korea ch\u1ea5t l\u01b0\u1ee3ng r\u1ea5t t\u1ed1t v\u00e0\u00a0\u0111\u01b0\u1ee3c <a href=\"https:\/\/maybommini.com\" target=\"_blank\" rel=\"noopener noreferrer\">M\u00e1y B\u01a1m Mini<\/a> ph\u00e2n ph\u1ed1i ch\u00ednh h\u00e3ng.<\/strong><\/p>\n<p style=\"text-align: center;\"><iframe src=\"https:\/\/www.youtube.com\/embed\/qQxrDVeykYM\" width=\"750\" height=\"500\" frameborder=\"0\"><\/iframe><\/p>\n<p><a href=\"https:\/\/maybommini.com\/wp-content\/uploads\/2018\/12\/may-bom-ap-luc-cao-rua-xe-alien.jpg\" target=\"_blank\" rel=\"noopener\"><img decoding=\"async\" class=\"size-full wp-image-260866 aligncenter\" src=\"https:\/\/maybommini.com\/wp-content\/uploads\/2018\/12\/may-bom-ap-luc-cao-rua-xe-alien.jpg\" alt=\"May Bom Ap Luc Cao Rua Xe Alien\" width=\"750\" height=\"750\" srcset=\"https:\/\/maybommini.vn\/wp-content\/uploads\/2018\/12\/may-bom-ap-luc-cao-rua-xe-alien.jpg 750w, https:\/\/maybommini.vn\/wp-content\/uploads\/2018\/12\/may-bom-ap-luc-cao-rua-xe-alien-300x300.jpg 300w, https:\/\/maybommini.vn\/wp-content\/uploads\/2018\/12\/may-bom-ap-luc-cao-rua-xe-alien-150x150.jpg 150w, https:\/\/maybommini.vn\/wp-content\/uploads\/2018\/12\/may-bom-ap-luc-cao-rua-xe-alien-600x600.jpg 600w\" sizes=\"(max-width: 750px) 100vw, 750px\" \/><\/a><\/p>\n<p><strong>TH\u00d4NG S\u1ed0 K\u1ef8 THU\u1eacT<\/strong><br \/>\nTh\u01b0\u01a1ng hi\u1ec7u: ALIEN<br \/>\nModel : STG-C2<br \/>\n\u0110i\u1ec7n th\u1ebf : 220V<br \/>\nC\u00f4ng su\u1ea5t: 1500W<br \/>\n\u00c1p l\u1ef1c: 110 Bar<br \/>\nL\u01b0u l\u01b0\u1ee3ng : 300 L\/H<br \/>\nDi chuy\u1ec3n linh ho\u1ea1t g\u1ecdn nh\u1eb9.<br \/>\nKh\u1ea3 n\u0103ng t\u1ef1 m\u1ed3i n\u01b0\u1edbc.<br \/>\nT\u1eaft t\u1ef1 \u0111\u1ed9ng khi kh\u00f4ng phun x\u1ecbt.<br \/>\nAuto On Off<\/p>\n<p><a href=\"https:\/\/maybommini.com\/wp-content\/uploads\/2018\/12\/may-xit-rua-ap-luc-cao-220V.jpg\" target=\"_blank\" rel=\"noopener\"><img decoding=\"async\" class=\"size-full wp-image-260874 aligncenter\" src=\"https:\/\/maybommini.com\/wp-content\/uploads\/2018\/12\/may-xit-rua-ap-luc-cao-220V.jpg\" alt=\"May Xit Rua Ap Luc Cao 220V\" width=\"750\" height=\"750\" srcset=\"https:\/\/maybommini.vn\/wp-content\/uploads\/2018\/12\/may-xit-rua-ap-luc-cao-220V.jpg 750w, https:\/\/maybommini.vn\/wp-content\/uploads\/2018\/12\/may-xit-rua-ap-luc-cao-220V-300x300.jpg 300w, https:\/\/maybommini.vn\/wp-content\/uploads\/2018\/12\/may-xit-rua-ap-luc-cao-220V-150x150.jpg 150w, https:\/\/maybommini.vn\/wp-content\/uploads\/2018\/12\/may-xit-rua-ap-luc-cao-220V-600x600.jpg 600w\" sizes=\"(max-width: 750px) 100vw, 750px\" \/><\/a><\/p>\n<h3><strong><br \/>\nM\u00c1Y \u00c1P L\u1ef0C C\u00d4NG NGH\u1ec6 M\u1edaI KOREA<br \/>\n<\/strong>\u0110\u1ea7u b\u01a1m cao c\u1ea5p c\u00f4ng ngh\u1ec7 m\u1edbi.<br \/>\nMotor l\u00f5i \u0111\u1ed3ng 100%<br \/>\n<strong>\u01afu \u0110i\u1ec3m :<\/strong> M\u00e1y ch\u1ea1y b\u1eb1ng \u0111\u1ed9ng c\u01a1 t\u1eeb, \u00eam, t\u1ef1 h\u00fat n\u01b0\u1edbc t\u1eeb x\u00f4 ch\u1eadu, t\u1ef1\u00a0\u0111\u1ed9ng t\u1eaft m\u1edf &#8230;<\/h3>\n<p><a href=\"https:\/\/maybommini.com\/wp-content\/uploads\/2018\/12\/may-rua-xe-Alien.jpg\" target=\"_blank\" rel=\"noopener\"><img decoding=\"async\" class=\"size-full wp-image-260868 aligncenter\" src=\"https:\/\/maybommini.com\/wp-content\/uploads\/2018\/12\/may-rua-xe-Alien.jpg\" alt=\"May Rua Xe Alien\" width=\"750\" height=\"750\" srcset=\"https:\/\/maybommini.vn\/wp-content\/uploads\/2018\/12\/may-rua-xe-Alien.jpg 750w, https:\/\/maybommini.vn\/wp-content\/uploads\/2018\/12\/may-rua-xe-Alien-300x300.jpg 300w, https:\/\/maybommini.vn\/wp-content\/uploads\/2018\/12\/may-rua-xe-Alien-150x150.jpg 150w, https:\/\/maybommini.vn\/wp-content\/uploads\/2018\/12\/may-rua-xe-Alien-600x600.jpg 600w\" sizes=\"(max-width: 750px) 100vw, 750px\" \/><\/a><a href=\"https:\/\/maybommini.com\/wp-content\/uploads\/2018\/12\/may-rua-xe-oto-chinh-hang-cao-cap.jpg\" target=\"_blank\" rel=\"noopener\"><img decoding=\"async\" class=\"size-full wp-image-260873 aligncenter\" src=\"https:\/\/maybommini.com\/wp-content\/uploads\/2018\/12\/may-rua-xe-oto-chinh-hang-cao-cap.jpg\" alt=\"May Rua Xe Oto Chinh Hang Cao Cap\" width=\"750\" height=\"750\" srcset=\"https:\/\/maybommini.vn\/wp-content\/uploads\/2018\/12\/may-rua-xe-oto-chinh-hang-cao-cap.jpg 750w, https:\/\/maybommini.vn\/wp-content\/uploads\/2018\/12\/may-rua-xe-oto-chinh-hang-cao-cap-300x300.jpg 300w, https:\/\/maybommini.vn\/wp-content\/uploads\/2018\/12\/may-rua-xe-oto-chinh-hang-cao-cap-150x150.jpg 150w, https:\/\/maybommini.vn\/wp-content\/uploads\/2018\/12\/may-rua-xe-oto-chinh-hang-cao-cap-600x600.jpg 600w\" sizes=\"(max-width: 750px) 100vw, 750px\" \/><\/a> <a href=\"https:\/\/maybommini.com\/wp-content\/uploads\/2018\/12\/bom-ap-luc-cao-rua-xe-1500w.jpg\" target=\"_blank\" rel=\"noopener\"><img decoding=\"async\" class=\"size-full wp-image-260864 aligncenter\" src=\"https:\/\/maybommini.com\/wp-content\/uploads\/2018\/12\/bom-ap-luc-cao-rua-xe-1500w.jpg\" alt=\"Bom Ap Luc Cao Rua Xe 1500w\" width=\"750\" height=\"750\" srcset=\"https:\/\/maybommini.vn\/wp-content\/uploads\/2018\/12\/bom-ap-luc-cao-rua-xe-1500w.jpg 750w, https:\/\/maybommini.vn\/wp-content\/uploads\/2018\/12\/bom-ap-luc-cao-rua-xe-1500w-300x300.jpg 300w, https:\/\/maybommini.vn\/wp-content\/uploads\/2018\/12\/bom-ap-luc-cao-rua-xe-1500w-150x150.jpg 150w, https:\/\/maybommini.vn\/wp-content\/uploads\/2018\/12\/bom-ap-luc-cao-rua-xe-1500w-600x600.jpg 600w\" sizes=\"(max-width: 750px) 100vw, 750px\" \/><\/a> <a href=\"https:\/\/maybommini.com\/wp-content\/uploads\/2018\/12\/may-rua-xe-Korea.jpg\" target=\"_blank\" rel=\"noopener\"><img decoding=\"async\" class=\"size-full wp-image-260871 aligncenter\" src=\"https:\/\/maybommini.com\/wp-content\/uploads\/2018\/12\/may-rua-xe-Korea.jpg\" alt=\"May Rua Xe Korea\" width=\"750\" height=\"750\" srcset=\"https:\/\/maybommini.vn\/wp-content\/uploads\/2018\/12\/may-rua-xe-Korea.jpg 750w, https:\/\/maybommini.vn\/wp-content\/uploads\/2018\/12\/may-rua-xe-Korea-300x300.jpg 300w, https:\/\/maybommini.vn\/wp-content\/uploads\/2018\/12\/may-rua-xe-Korea-150x150.jpg 150w, https:\/\/maybommini.vn\/wp-content\/uploads\/2018\/12\/may-rua-xe-Korea-600x600.jpg 600w\" sizes=\"(max-width: 750px) 100vw, 750px\" \/><\/a> <a href=\"https:\/\/maybommini.com\/wp-content\/uploads\/2018\/12\/may-rua-xe-korea-1500w-alien.jpg\" target=\"_blank\" rel=\"noopener\"><img decoding=\"async\" class=\"size-full wp-image-260872 aligncenter\" src=\"https:\/\/maybommini.com\/wp-content\/uploads\/2018\/12\/may-rua-xe-korea-1500w-alien.jpg\" alt=\"May Rua Xe Korea 1500w Alien\" width=\"750\" height=\"750\" srcset=\"https:\/\/maybommini.vn\/wp-content\/uploads\/2018\/12\/may-rua-xe-korea-1500w-alien.jpg 750w, https:\/\/maybommini.vn\/wp-content\/uploads\/2018\/12\/may-rua-xe-korea-1500w-alien-300x300.jpg 300w, https:\/\/maybommini.vn\/wp-content\/uploads\/2018\/12\/may-rua-xe-korea-1500w-alien-150x150.jpg 150w, https:\/\/maybommini.vn\/wp-content\/uploads\/2018\/12\/may-rua-xe-korea-1500w-alien-600x600.jpg 600w\" sizes=\"(max-width: 750px) 100vw, 750px\" \/><\/a><\/p>\n<p><strong>PH\u1ee4 KI\u1ec6N K\u00c8M THEO M\u00c1Y B\u01a0M X\u1ecaT R\u1eecA\u00a0\u00c1P L\u1ef0C<\/strong><br \/>\n1. \u1ed0ng d\u00e2y \u00e1p l\u1ef1c cao<br \/>\n2. S\u00fang x\u1ecbt \u00e1p l\u1ef1c cao<br \/>\n3. L\u1ecdc n\u01b0\u1edbc<br \/>\n4. \u1ed0ng d\u00e2y n\u01b0\u1edbc v\u00e0o<br \/>\n5. N\u1ed1i nhanh<\/p>\n<p><a href=\"https:\/\/maybommini.com\/wp-content\/uploads\/2018\/12\/bo-phu-kien-may-rua-xe-Alien.jpg\" target=\"_blank\" rel=\"noopener\"><img decoding=\"async\" class=\"size-full wp-image-260876 aligncenter\" src=\"https:\/\/maybommini.com\/wp-content\/uploads\/2018\/12\/bo-phu-kien-may-rua-xe-Alien.jpg\" alt=\"Bo Phu Kien May Rua Xe Alien\" width=\"750\" height=\"750\" srcset=\"https:\/\/maybommini.vn\/wp-content\/uploads\/2018\/12\/bo-phu-kien-may-rua-xe-Alien.jpg 750w, https:\/\/maybommini.vn\/wp-content\/uploads\/2018\/12\/bo-phu-kien-may-rua-xe-Alien-300x300.jpg 300w, https:\/\/maybommini.vn\/wp-content\/uploads\/2018\/12\/bo-phu-kien-may-rua-xe-Alien-150x150.jpg 150w, https:\/\/maybommini.vn\/wp-content\/uploads\/2018\/12\/bo-phu-kien-may-rua-xe-Alien-600x600.jpg 600w\" sizes=\"(max-width: 750px) 100vw, 750px\" \/><\/a><\/p>\n<p><strong>C\u00c1CH L\u1eaeP R\u00c1P M\u00c1Y R\u1eecA XE\u00a0\u00c1P L\u1ef0C<br \/>\n<\/strong>Vi\u1ec7c l\u1eafp r\u00e1p m\u00e1y v\u1edbi c\u00e1c ph\u1ee5 ki\u1ec7n r\u1ea5t \u0111\u01a1n gi\u1ea3n, v\u00ec c\u00e1c ph\u1ee5 ki\u1ec7n k\u00e8m theo \u0111\u1ec1u l\u00e0 c\u00e1c \u0111\u1ea7u n\u1ed1i nhanh cao c\u1ea5p. B\u1ea1n ch\u1ec9 ch\u1ec9 vi\u1ec7c l\u1eafp \u0111\u00fang theo c\u00e1c kh\u1edbp n\u1ed1i l\u00e0 xong v\u00e0 ch\u1ec9 c\u1ea7n c\u1eafm \u0111i\u1ec7n, b\u1ecf \u1ed1ng d\u00e2y n\u01b0\u1edbc v\u00e0o x\u00f4 n\u01b0\u1edbc l\u00e0 x\u1ecbt.<\/p>\n<p><a href=\"https:\/\/maybommini.com\/wp-content\/uploads\/2018\/12\/may-rua-xe-korea-1500w-alien.jpg\" target=\"_blank\" rel=\"noopener\"><img decoding=\"async\" class=\"size-full wp-image-260872 aligncenter\" src=\"https:\/\/maybommini.com\/wp-content\/uploads\/2018\/12\/may-rua-xe-korea-1500w-alien.jpg\" alt=\"May Rua Xe Korea 1500w Alien\" width=\"750\" height=\"750\" srcset=\"https:\/\/maybommini.vn\/wp-content\/uploads\/2018\/12\/may-rua-xe-korea-1500w-alien.jpg 750w, https:\/\/maybommini.vn\/wp-content\/uploads\/2018\/12\/may-rua-xe-korea-1500w-alien-300x300.jpg 300w, https:\/\/maybommini.vn\/wp-content\/uploads\/2018\/12\/may-rua-xe-korea-1500w-alien-150x150.jpg 150w, https:\/\/maybommini.vn\/wp-content\/uploads\/2018\/12\/may-rua-xe-korea-1500w-alien-600x600.jpg 600w\" sizes=\"(max-width: 750px) 100vw, 750px\" \/><\/a><\/p>\n<p><b>S\u1eec D\u1ee4NG M\u00c1Y X\u1ecaT R\u1eecA \u00c1P L\u1ef0C CAO AILEN<\/b><br \/>\n&#8211; R\u1eeda xe, v\u1ec7 sinh nh\u00e0 x\u01b0\u1edfng, s\u00e2n v\u01b0\u1eddn, s\u00e0n nh\u00e0, m\u00e1y m\u00f3c, \u0111\u1eb7c bi\u1ec7t chuy\u00ean d\u1ee5ng trong b\u1ea3o d\u01b0\u1ee1ng \u0111i\u1ec1u h\u00f2a.<br \/>\n&#8211; X\u1ecbt r\u1eeda n\u1ec1n nh\u00e0, tr\u1ea7n nh\u00e0, t\u01b0\u1eddng, xe, \u00f4t\u00f4\u2026.<\/p>\n<p><a href=\"https:\/\/maybommini.com\/wp-content\/uploads\/2018\/12\/may-rua-xe-Alien.jpg\" target=\"_blank\" rel=\"noopener\"><img decoding=\"async\" class=\"size-full wp-image-260868 aligncenter\" src=\"https:\/\/maybommini.com\/wp-content\/uploads\/2018\/12\/may-rua-xe-Alien.jpg\" alt=\"May Rua Xe Alien\" width=\"750\" height=\"750\" srcset=\"https:\/\/maybommini.vn\/wp-content\/uploads\/2018\/12\/may-rua-xe-Alien.jpg 750w, https:\/\/maybommini.vn\/wp-content\/uploads\/2018\/12\/may-rua-xe-Alien-300x300.jpg 300w, https:\/\/maybommini.vn\/wp-content\/uploads\/2018\/12\/may-rua-xe-Alien-150x150.jpg 150w, https:\/\/maybommini.vn\/wp-content\/uploads\/2018\/12\/may-rua-xe-Alien-600x600.jpg 600w\" sizes=\"(max-width: 750px) 100vw, 750px\" \/><\/a><\/p>\n<p><strong>THI\u1ebeT V\u00c0 C\u00d4NG NGH\u1ec6 CAO KOREA<\/strong><\/p>\n<p>V\u01a1\u0301i thi\u00ea\u0301t k\u00ea\u0301 go\u0323n, nhe\u0323, \u0111e\u0323p m\u0103\u0301t, M\u00e1y r\u1eeda xe ALIEN co\u0301 th\u00ea\u0309 di chuy\u00ea\u0309n d\u00ea\u0303 da\u0300ng, c\u00f4ng su\u00e2\u0301t t\u01b0\u01a1ng \u0111\u00f4\u0301i l\u01a1\u0301n, quy\u0301 kha\u0301ch ha\u0300ng co\u0301 th\u00ea\u0309 du\u0300ng ma\u0301y \u0111\u00ea\u0309 xi\u0323t r\u01b0\u0309a, co\u0323 nh\u01b0\u0303ng bu\u0323i b\u00e2\u0309n, v\u00ea\u0301t b\u00e2\u0309n ba\u0301m tr\u00ean \u00f4 t\u00f4, xe ma\u0301y, s\u00e2n v\u01b0\u01a1\u0300n, ho\u0103\u0323c nh\u01b0\u0303ng du\u0323ng cu\u0323 c\u00e2\u0300n t\u1ea9y r\u01b0\u0309a, ho\u0103\u0323c th\u00e2\u0323m chi\u0301 t\u01b0\u01a1\u0301i c\u00e2y, t\u01b0\u01a1\u0301i v\u01b0\u01a1\u0300n.<\/p>\n<p style=\"text-align: center;\"><a href=\"https:\/\/maybommini.com\/danh-muc\/may-phun-rua-cao-ap\/may-xit-rua-ap-luc-cao-220v\" target=\"_blank\" rel=\"noopener noreferrer\"><strong>M\u00c1Y B\u01a0M X\u1ecaT R\u1eecA\u00a0\u00c1P L\u1ef0C CAO 220V<\/strong><\/a><\/p>\n<p><a href=\"https:\/\/maybommini.com\/wp-content\/uploads\/2018\/08\/sung-su-rua-xe-ve-sinh-nha-cua-tuoi-cay.jpg\" target=\"_blank\" rel=\"noopener\"><img decoding=\"async\" class=\"aligncenter wp-image-260021\" src=\"https:\/\/maybommini.com\/wp-content\/uploads\/2018\/08\/sung-su-rua-xe-ve-sinh-nha-cua-tuoi-cay.jpg\" alt=\"Sung Su Rua Xe Ve Sinh Nha Cua Tuoi Cay\" width=\"750\" height=\"750\" srcset=\"https:\/\/maybommini.vn\/wp-content\/uploads\/2018\/08\/sung-su-rua-xe-ve-sinh-nha-cua-tuoi-cay.jpg 820w, https:\/\/maybommini.vn\/wp-content\/uploads\/2018\/08\/sung-su-rua-xe-ve-sinh-nha-cua-tuoi-cay-300x300.jpg 300w, https:\/\/maybommini.vn\/wp-content\/uploads\/2018\/08\/sung-su-rua-xe-ve-sinh-nha-cua-tuoi-cay-150x150.jpg 150w, https:\/\/maybommini.vn\/wp-content\/uploads\/2018\/08\/sung-su-rua-xe-ve-sinh-nha-cua-tuoi-cay-600x600.jpg 600w, https:\/\/maybommini.vn\/wp-content\/uploads\/2018\/08\/sung-su-rua-xe-ve-sinh-nha-cua-tuoi-cay-768x768.jpg 768w\" sizes=\"(max-width: 750px) 100vw, 750px\" \/><\/a> <a href=\"https:\/\/maybommini.com\/wp-content\/uploads\/2018\/08\/xit-rua-ap-luc-cao-sieu-manh.jpg\" target=\"_blank\" rel=\"noopener\"><img decoding=\"async\" class=\"aligncenter wp-image-260022\" src=\"https:\/\/maybommini.com\/wp-content\/uploads\/2018\/08\/xit-rua-ap-luc-cao-sieu-manh.jpg\" alt=\"Xit Rua Ap Luc Cao Sieu Manh\" width=\"750\" height=\"750\" srcset=\"https:\/\/maybommini.vn\/wp-content\/uploads\/2018\/08\/xit-rua-ap-luc-cao-sieu-manh.jpg 820w, https:\/\/maybommini.vn\/wp-content\/uploads\/2018\/08\/xit-rua-ap-luc-cao-sieu-manh-300x300.jpg 300w, https:\/\/maybommini.vn\/wp-content\/uploads\/2018\/08\/xit-rua-ap-luc-cao-sieu-manh-150x150.jpg 150w, https:\/\/maybommini.vn\/wp-content\/uploads\/2018\/08\/xit-rua-ap-luc-cao-sieu-manh-600x600.jpg 600w\" sizes=\"(max-width: 750px) 100vw, 750px\" \/><\/a> <a href=\"https:\/\/maybommini.com\/wp-content\/uploads\/2018\/08\/may-rua-xe-gia-dinh-gia-re-manh-cao-cap.jpg\" target=\"_blank\" rel=\"noopener\"><img decoding=\"async\" class=\"aligncenter wp-image-260016\" src=\"https:\/\/maybommini.com\/wp-content\/uploads\/2018\/08\/may-rua-xe-gia-dinh-gia-re-manh-cao-cap.jpg\" alt=\"May Rua Xe Gia Dinh Gia Re Manh Cao Cap\" width=\"750\" height=\"750\" srcset=\"https:\/\/maybommini.vn\/wp-content\/uploads\/2018\/08\/may-rua-xe-gia-dinh-gia-re-manh-cao-cap.jpg 820w, https:\/\/maybommini.vn\/wp-content\/uploads\/2018\/08\/may-rua-xe-gia-dinh-gia-re-manh-cao-cap-300x300.jpg 300w, https:\/\/maybommini.vn\/wp-content\/uploads\/2018\/08\/may-rua-xe-gia-dinh-gia-re-manh-cao-cap-150x150.jpg 150w, https:\/\/maybommini.vn\/wp-content\/uploads\/2018\/08\/may-rua-xe-gia-dinh-gia-re-manh-cao-cap-600x600.jpg 600w\" sizes=\"(max-width: 750px) 100vw, 750px\" \/><\/a><\/p>\n<h3 style=\"text-align: center;\"><em><strong>\u00a0\u00a0<\/strong><strong>M\u00c1Y B\u01a0M X\u1ecaT R\u1eecA\u00a0\u00c1P L\u1ef0C\u00a0<\/strong><\/em><\/h3>\n<p><a href=\"https:\/\/maybommini.com\/wp-content\/uploads\/2018\/12\/may-rua-xe-oto-chinh-hang-cao-cap.jpg\" target=\"_blank\" rel=\"noopener\"><img decoding=\"async\" class=\"size-full wp-image-260873 aligncenter\" src=\"https:\/\/maybommini.com\/wp-content\/uploads\/2018\/12\/may-rua-xe-oto-chinh-hang-cao-cap.jpg\" alt=\"May Rua Xe Oto Chinh Hang Cao Cap\" width=\"750\" height=\"750\" srcset=\"https:\/\/maybommini.vn\/wp-content\/uploads\/2018\/12\/may-rua-xe-oto-chinh-hang-cao-cap.jpg 750w, https:\/\/maybommini.vn\/wp-content\/uploads\/2018\/12\/may-rua-xe-oto-chinh-hang-cao-cap-300x300.jpg 300w, https:\/\/maybommini.vn\/wp-content\/uploads\/2018\/12\/may-rua-xe-oto-chinh-hang-cao-cap-150x150.jpg 150w, https:\/\/maybommini.vn\/wp-content\/uploads\/2018\/12\/may-rua-xe-oto-chinh-hang-cao-cap-600x600.jpg 600w\" sizes=\"(max-width: 750px) 100vw, 750px\" \/><\/a><a href=\"https:\/\/maybommini.com\/wp-content\/uploads\/2018\/12\/may-rua-xe-ap-luc-cao-Alien.jpg\" target=\"_blank\" rel=\"noopener\"><img decoding=\"async\" class=\"size-full wp-image-260869 aligncenter\" src=\"https:\/\/maybommini.com\/wp-content\/uploads\/2018\/12\/may-rua-xe-ap-luc-cao-Alien.jpg\" alt=\"May Rua Xe Ap Luc Cao Alien\" width=\"750\" height=\"750\" srcset=\"https:\/\/maybommini.vn\/wp-content\/uploads\/2018\/12\/may-rua-xe-ap-luc-cao-Alien.jpg 750w, https:\/\/maybommini.vn\/wp-content\/uploads\/2018\/12\/may-rua-xe-ap-luc-cao-Alien-300x300.jpg 300w, https:\/\/maybommini.vn\/wp-content\/uploads\/2018\/12\/may-rua-xe-ap-luc-cao-Alien-150x150.jpg 150w, https:\/\/maybommini.vn\/wp-content\/uploads\/2018\/12\/may-rua-xe-ap-luc-cao-Alien-600x600.jpg 600w\" sizes=\"(max-width: 750px) 100vw, 750px\" \/><\/a><\/p>\n<p><strong>MUA M\u00c1Y M\u00c1Y R\u1eecA XE V\u1ec6 SINH CAO \u00c1P \u1ede \u0110\u00c2U ?<\/strong><strong style=\"font-size: 24px;\"><br \/>\n<\/strong>M\u1ecdi chi ti\u1ebft vui l\u00f2ng li\u00ean h\u1ec7 tr\u1ef1c ti\u1ebfp cho ch\u00fang t\u00f4i \u0111\u1ec3 \u0111\u01b0\u1ee3c t\u01b0 v\u1ea5n theo nhu c\u1ea7u \u0111\u1ec3 c\u00f3 \u0111\u01b0\u1ee3c b\u1ed9 s\u1ea3n ph\u1ea9m t\u1ed1t nh\u1ea5t v\u00e0 ti\u1ebft ki\u1ec7m. B\u1ea1n \u1edf xa v\u1eabn c\u00f3 th\u1ec3 mua h\u00e0ng v\u00e0 giao h\u00e0ng thanh to\u00e1n ti\u1ec1n t\u1ea1i nh\u00e0.<br \/>\n<strong>Hotline:<\/strong> 090 729 4310<br \/>\n<strong>Email:<\/strong> maybommini.com@gmail.com<br \/>\n<strong>Website:<\/strong> https:\/\/maybommini.com<br \/>\n<strong>Facebook<\/strong>: https:\/\/www.facebook.com\/maybommini<br \/>\n<strong>Google :<\/strong> https:\/\/plus.google.com\/ Maybomnuocminiruaxe<br \/>\n<strong>Youtube demo:<\/strong> https:\/\/www.youtube.com\/bahamasali<\/p>\n<h3 style=\"text-align: center;\">M\u00e1y x\u1ecbt r\u1eeda \u00e1p l\u1ef1c cao 220V 1500W 110Bar ALIEN<\/h3>\n","protected":false},"excerpt":{"rendered":"<p>Th\u01b0\u01a1ng hi\u1ec7u: ALIEN<br \/>\nModel : STG-C2<br \/>\n\u0110i\u1ec7n th\u1ebf : 220V<br \/>\nC\u00f4ng su\u1ea5t: 1500W<br \/>\n\u00c1p l\u1ef1c: 110 Bar<br \/>\nL\u01b0u l\u01b0\u1ee3ng : 300 L\/H<br \/>\nTr\u1ecdng l\u01b0\u1ee3ng: 12.1 Kg<br \/>\nK\u00edch th\u01b0\u1edbc: 47 x 35 x 32 cm<br \/>\nDi chuy\u1ec3n linh ho\u1ea1t g\u1ecdn nh\u1eb9.<br \/>\nKh\u1ea3 n\u0103ng t\u1ef1 m\u1ed3i n\u01b0\u1edbc.<br \/>\nT\u1eaft t\u1ef1 \u0111\u1ed9ng khi kh\u00f4ng phun x\u1ecbt.<br \/>\nAuto On Off<br \/>\nC\u00f4ng ngh\u1ec7 Korea.<br \/>\n\u0110\u1ea7u b\u01a1m cao c\u1ea5p c\u00f4ng ngh\u1ec7 m\u1edbi.<br \/>\nMotor l\u00f5i \u0111\u1ed3ng 100%<br \/>\nB\u1ea3o h\u00e0nh: 6 n\u0103m<br \/>\nKh\u00f4ng BH s\u00fang, \u1ed1ng, \u0111\u1ed3ng h\u1ed3 \u00e1p l\u1ef1c, \u0111\u1ed5i m\u1edbi n\u1ebfu b\u1ecb l\u1ed5i trong 7 ng\u00e0y \u0111\u1ea7u.<\/p>\n","protected":false},"featured_media":260866,"comment_status":"open","ping_status":"closed","template":"","meta":[],"product_brand":[2227],"product_cat":[364,2602],"product_tag":[500,2604,2606,372,1447,1449,2605,2603,2060,210,2607,2608,475],"class_list":{"0":"post-260862","1":"product","2":"type-product","3":"status-publish","4":"has-post-thumbnail","6":"product_brand-mtm","7":"product_cat-may-bom-ap-luc-cao","8":"product_cat-may-xit-rua-ap-luc-cao-220v","9":"product_tag-220v","10":"product_tag-alien","11":"product_tag-alien-1500w","12":"product_tag-ap-luc-cao","13":"product_tag-ban-may-rua-xe","14":"product_tag-lap-rap-may-rua-xe","15":"product_tag-may-ap-luc-cao-alien","16":"product_tag-may-rua-xe-alien","17":"product_tag-may-rua-xe-narita","18":"product_tag-rua-xe","19":"product_tag-rua-xe-alien","20":"product_tag-rua-xe-gia-dinh","21":"product_tag-ve-sinh-nha-cua","23":"first","24":"instock","25":"sale","26":"featured","27":"shipping-taxable","28":"purchasable","29":"product-type-simple"},"_links":{"self":[{"href":"https:\/\/maybommini.vn\/index.php?rest_route=\/wp\/v2\/product\/260862","targetHints":{"allow":["GET"]}}],"collection":[{"href":"https:\/\/maybommini.vn\/index.php?rest_route=\/wp\/v2\/product"}],"about":[{"href":"https:\/\/maybommini.vn\/index.php?rest_route=\/wp\/v2\/types\/product"}],"replies":[{"embeddable":true,"href":"https:\/\/maybommini.vn\/index.php?rest_route=%2Fwp%2Fv2%2Fcomments&post=260862"}],"wp:featuredmedia":[{"embeddable":true,"href":"https:\/\/maybommini.vn\/index.php?rest_route=\/wp\/v2\/media\/260866"}],"wp:attachment":[{"href":"https:\/\/maybommini.vn\/index.php?rest_route=%2Fwp%2Fv2%2Fmedia&parent=260862"}],"wp:term":[{"taxonomy":"product_brand","embeddable":true,"href":"https:\/\/maybommini.vn\/index.php?rest_route=%2Fwp%2Fv2%2Fproduct_brand&post=260862"},{"taxonomy":"product_cat","embeddable":true,"href":"https:\/\/maybommini.vn\/index.php?rest_route=%2Fwp%2Fv2%2Fproduct_cat&post=260862"},{"taxonomy":"product_tag","embeddable":true,"href":"https:\/\/maybommini.vn\/index.php?rest_route=%2Fwp%2Fv2%2Fproduct_tag&post=260862"}],"curies":[{"name":"wp","href":"https:\/\/api.w.org\/{rel}","templated":true}]}}