{"id":261047,"date":"2019-01-12T15:49:19","date_gmt":"2019-01-12T08:49:19","guid":{"rendered":"https:\/\/maybommini.com\/?post_type=product&#038;p=261047"},"modified":"2025-03-30T16:17:03","modified_gmt":"2025-03-30T09:17:03","slug":"dau-cam-nguon-dc-duc-noi-nhanh","status":"publish","type":"product","link":"https:\/\/maybommini.vn\/?product=dau-cam-nguon-dc-duc-noi-nhanh","title":{"rendered":"\u0110\u1ea7u c\u1eafm ngu\u1ed3n DC \u0111\u1ef1c &#8211; n\u1ed1i nhanh"},"content":{"rendered":"<p><strong>Chuy\u00ean ph\u00e2n ph\u1ed1i s\u1ec9 v\u00e0 l\u1ebb \u0111\u1ea7u c\u1eafm ngu\u1ed3n DC \u0111\u1ef1c n\u1ed1i nhanh kh\u00f4ng c\u1ea7n h\u00e0n hay v\u1eb7n v\u00edt, s\u1eed d\u1ee5ng trong c\u00e1c thi\u1ebft b\u1ecb c\u00f3 ngu\u1ed3n DC, m\u00e1y b\u01a1m n\u01b0\u1edbc mini, camera &#8230;\u00a0 Jack DC c\u1ea5m ngu\u1ed3n\u00a0\u0111i\u1ec7n Adapter hay c\u00f2n g\u1ecdi l\u00e0\u00a0DC Power Jack Adapter Plug Connector\u00a0<\/strong><\/p>\n<p><a href=\"https:\/\/maybommini.com\/wp-content\/uploads\/2019\/01\/male-jack-DC-12v-24v.jpg\" target=\"_blank\" rel=\"noopener\"><img decoding=\"async\" class=\"size-full wp-image-261052 aligncenter\" src=\"https:\/\/maybommini.com\/wp-content\/uploads\/2019\/01\/male-jack-DC-12v-24v.jpg\" alt=\"Male Jack DC 12v 24v\" width=\"750\" height=\"750\" srcset=\"https:\/\/maybommini.vn\/wp-content\/uploads\/2019\/01\/male-jack-DC-12v-24v.jpg 750w, https:\/\/maybommini.vn\/wp-content\/uploads\/2019\/01\/male-jack-DC-12v-24v-300x300.jpg 300w, https:\/\/maybommini.vn\/wp-content\/uploads\/2019\/01\/male-jack-DC-12v-24v-150x150.jpg 150w, https:\/\/maybommini.vn\/wp-content\/uploads\/2019\/01\/male-jack-DC-12v-24v-600x600.jpg 600w\" sizes=\"(max-width: 750px) 100vw, 750px\" \/><\/a><\/p>\n<p><strong>TH\u00d4NG S\u1ed0 K\u1ef8 THU\u1eacT<\/strong><br \/>\nModel: Male-Plug-Connector-5.5-2.1<br \/>\nT\u00ean:\u00a0 DC\u00a0 connector<br \/>\nD\u00f9ng cho \u0111i\u1ec7n DC.<br \/>\nCh\u1ecbu t\u1ea3i: 100W.<br \/>\nLo\u1ea1i: k\u1ebft n\u1ed1i d\u00e2y ngu\u1ed3n t\u00edn hi\u1ec7u 5.5 x 2.1<br \/>\n\u0110\u01b0\u1eddng k\u00ednh trong: 2.1mm<br \/>\n\u0110\u01b0\u1eddng k\u00ednh ngo\u00e0i: 5.5mm<br \/>\n\u0110\u1ea7u c\u1eafm ngu\u1ed3n DC ki\u1ec1u n\u1ed1i nhanh d\u00e2y \u0111i\u1ec7n.<br \/>\n\u0110u\u00f4i c\u1ea5m ngu\u1ed3n \u0111i\u1ec7n DC.<br \/>\nJack c\u1ea5m ngu\u1ed3n Camera.<br \/>\nMale 5.5&#215;2.1mm DC Plug Connector with Screw Terminals.<br \/>\nMale DC Power Cable Connector 5.5mmX2.1mm Jack Plug Connectior.<br \/>\nMale DC Power Cable ConnectorLED Strip CCTV Camera.<br \/>\n5.5mm x 2.1mm Male DC Power Plug Adapter.<br \/>\nJack Plug Connection.<br \/>\nTr\u1ecdng l\u01b0\u1ee3ng: 7.7 gam<\/p>\n<p><a href=\"https:\/\/maybommini.com\/wp-content\/uploads\/2019\/01\/male-jack-DC.jpg\" target=\"_blank\" rel=\"noopener\"><img decoding=\"async\" class=\"size-full wp-image-261051 aligncenter\" src=\"https:\/\/maybommini.com\/wp-content\/uploads\/2019\/01\/male-jack-DC.jpg\" alt=\"Male Jack DC\" width=\"750\" height=\"750\" srcset=\"https:\/\/maybommini.vn\/wp-content\/uploads\/2019\/01\/male-jack-DC.jpg 750w, https:\/\/maybommini.vn\/wp-content\/uploads\/2019\/01\/male-jack-DC-300x300.jpg 300w, https:\/\/maybommini.vn\/wp-content\/uploads\/2019\/01\/male-jack-DC-150x150.jpg 150w, https:\/\/maybommini.vn\/wp-content\/uploads\/2019\/01\/male-jack-DC-600x600.jpg 600w\" sizes=\"(max-width: 750px) 100vw, 750px\" \/><\/a> <a href=\"https:\/\/maybommini.com\/wp-content\/uploads\/2019\/01\/jack-noi-day-dien-addapter.jpg\" target=\"_blank\" rel=\"noopener\"><img decoding=\"async\" class=\"size-full wp-image-261049 aligncenter\" src=\"https:\/\/maybommini.com\/wp-content\/uploads\/2019\/01\/jack-noi-day-dien-addapter.jpg\" alt=\"Jack Noi Day Dien Addapter\" width=\"750\" height=\"750\" srcset=\"https:\/\/maybommini.vn\/wp-content\/uploads\/2019\/01\/jack-noi-day-dien-addapter.jpg 750w, https:\/\/maybommini.vn\/wp-content\/uploads\/2019\/01\/jack-noi-day-dien-addapter-300x300.jpg 300w, https:\/\/maybommini.vn\/wp-content\/uploads\/2019\/01\/jack-noi-day-dien-addapter-150x150.jpg 150w, https:\/\/maybommini.vn\/wp-content\/uploads\/2019\/01\/jack-noi-day-dien-addapter-600x600.jpg 600w\" sizes=\"(max-width: 750px) 100vw, 750px\" \/><\/a> <a href=\"https:\/\/maybommini.com\/wp-content\/uploads\/2019\/01\/male-jack-DC-12v-24v.jpg\" target=\"_blank\" rel=\"noopener\"><img decoding=\"async\" class=\"size-full wp-image-261052 aligncenter\" src=\"https:\/\/maybommini.com\/wp-content\/uploads\/2019\/01\/male-jack-DC-12v-24v.jpg\" alt=\"Male Jack DC 12v 24v\" width=\"750\" height=\"750\" srcset=\"https:\/\/maybommini.vn\/wp-content\/uploads\/2019\/01\/male-jack-DC-12v-24v.jpg 750w, https:\/\/maybommini.vn\/wp-content\/uploads\/2019\/01\/male-jack-DC-12v-24v-300x300.jpg 300w, https:\/\/maybommini.vn\/wp-content\/uploads\/2019\/01\/male-jack-DC-12v-24v-150x150.jpg 150w, https:\/\/maybommini.vn\/wp-content\/uploads\/2019\/01\/male-jack-DC-12v-24v-600x600.jpg 600w\" sizes=\"(max-width: 750px) 100vw, 750px\" \/><\/a><\/p>\n<h3 style=\"text-align: center;\">\u0110\u1ea7u c\u1eafm ngu\u1ed3n DC \u0111\u1ef1c &#8211; n\u1ed1i nhanh<\/h3>\n<p>\u0110\u1ea5u c\u1eafm ngu\u1ed3n DC l\u00e0 lo\u1ea1i jack c\u1eafm nhanh s\u1eed d\u1ee5ng cho m\u00e1y b\u01a1m\u00a0\u00e1p l\u1ef1c mini 12v 24v, thi\u1ebft b\u1ecb\u00a0\u0111i\u1ec7n 12v 24v kh\u00e1c r\u1ea5t ti\u1ec7n d\u1ee5ng m\u00e0 b\u1ea1n kh\u00f4ng c\u1ea7n ph\u1ea3i h\u00e0n n\u1ed1i d\u00e2y ngu\u1ed3n l\u1ea1i v\u1edbi nhau.<br \/>\nJack n\u00e0y d\u00f9ng\u00a0\u0111\u01b0\u1ee3c cho c\u00e1c thi\u1ebft b\u1ecb c\u00f3 c\u00f4ng su\u1ea5t d\u01b0\u1edbi 100W ch\u1ecbu t\u1ea3i 8A m\u00e0 kh\u00f4ng b\u1ecb n\u00f3ng ch\u1ea3y.<\/p>\n<p><a href=\"https:\/\/maybommini.com\/wp-content\/uploads\/2019\/01\/dau-noi-day-dien-gia-tot.jpg\" target=\"_blank\" rel=\"noopener\"><img decoding=\"async\" class=\"size-full wp-image-261056 aligncenter\" src=\"https:\/\/maybommini.com\/wp-content\/uploads\/2019\/01\/dau-noi-day-dien-gia-tot.jpg\" alt=\"Dau Noi Day Dien Gia Tot\" width=\"750\" height=\"750\" srcset=\"https:\/\/maybommini.vn\/wp-content\/uploads\/2019\/01\/dau-noi-day-dien-gia-tot.jpg 750w, https:\/\/maybommini.vn\/wp-content\/uploads\/2019\/01\/dau-noi-day-dien-gia-tot-300x300.jpg 300w, https:\/\/maybommini.vn\/wp-content\/uploads\/2019\/01\/dau-noi-day-dien-gia-tot-150x150.jpg 150w, https:\/\/maybommini.vn\/wp-content\/uploads\/2019\/01\/dau-noi-day-dien-gia-tot-600x600.jpg 600w\" sizes=\"(max-width: 750px) 100vw, 750px\" \/><\/a> <a href=\"https:\/\/maybommini.com\/wp-content\/uploads\/2019\/01\/su-dung-jack-DC-noi-nhanh.jpg\" target=\"_blank\" rel=\"noopener\"><img decoding=\"async\" class=\"size-full wp-image-261053 aligncenter\" src=\"https:\/\/maybommini.com\/wp-content\/uploads\/2019\/01\/su-dung-jack-DC-noi-nhanh.jpg\" alt=\"Su Dung Jack DC Noi Nhanh\" width=\"750\" height=\"750\" srcset=\"https:\/\/maybommini.vn\/wp-content\/uploads\/2019\/01\/su-dung-jack-DC-noi-nhanh.jpg 750w, https:\/\/maybommini.vn\/wp-content\/uploads\/2019\/01\/su-dung-jack-DC-noi-nhanh-300x300.jpg 300w, https:\/\/maybommini.vn\/wp-content\/uploads\/2019\/01\/su-dung-jack-DC-noi-nhanh-150x150.jpg 150w, https:\/\/maybommini.vn\/wp-content\/uploads\/2019\/01\/su-dung-jack-DC-noi-nhanh-600x600.jpg 600w\" sizes=\"(max-width: 750px) 100vw, 750px\" \/><\/a> <a href=\"https:\/\/maybommini.com\/wp-content\/uploads\/2019\/01\/jack-DC-12v-24v.jpg\" target=\"_blank\" rel=\"noopener\"><img decoding=\"async\" class=\"size-full wp-image-261068 aligncenter\" src=\"https:\/\/maybommini.com\/wp-content\/uploads\/2019\/01\/jack-DC-12v-24v.jpg\" alt=\"Jack DC 12v 24v\" width=\"750\" height=\"750\" srcset=\"https:\/\/maybommini.vn\/wp-content\/uploads\/2019\/01\/jack-DC-12v-24v.jpg 750w, https:\/\/maybommini.vn\/wp-content\/uploads\/2019\/01\/jack-DC-12v-24v-300x300.jpg 300w, https:\/\/maybommini.vn\/wp-content\/uploads\/2019\/01\/jack-DC-12v-24v-150x150.jpg 150w, https:\/\/maybommini.vn\/wp-content\/uploads\/2019\/01\/jack-DC-12v-24v-600x600.jpg 600w\" sizes=\"(max-width: 750px) 100vw, 750px\" \/><\/a> <a href=\"https:\/\/maybommini.com\/wp-content\/uploads\/2019\/01\/DC-Power-Jack-Adapter.jpg\" target=\"_blank\" rel=\"noopener\"><img decoding=\"async\" class=\"size-full wp-image-261059 aligncenter\" src=\"https:\/\/maybommini.com\/wp-content\/uploads\/2019\/01\/DC-Power-Jack-Adapter.jpg\" alt=\"DC Power Jack Adapter\" width=\"750\" height=\"750\" srcset=\"https:\/\/maybommini.vn\/wp-content\/uploads\/2019\/01\/DC-Power-Jack-Adapter.jpg 750w, https:\/\/maybommini.vn\/wp-content\/uploads\/2019\/01\/DC-Power-Jack-Adapter-300x300.jpg 300w, https:\/\/maybommini.vn\/wp-content\/uploads\/2019\/01\/DC-Power-Jack-Adapter-150x150.jpg 150w, https:\/\/maybommini.vn\/wp-content\/uploads\/2019\/01\/DC-Power-Jack-Adapter-600x600.jpg 600w\" sizes=\"(max-width: 750px) 100vw, 750px\" \/><\/a> <a href=\"https:\/\/maybommini.com\/wp-content\/uploads\/2019\/01\/DC-Power-Female-Plug-Jack-Adapter-Connector.jpg\" target=\"_blank\" rel=\"noopener\"><img decoding=\"async\" class=\"size-full wp-image-261058 aligncenter\" src=\"https:\/\/maybommini.com\/wp-content\/uploads\/2019\/01\/DC-Power-Female-Plug-Jack-Adapter-Connector.jpg\" alt=\"DC Power Female Plug Jack Adapter Connector\" width=\"750\" height=\"750\" srcset=\"https:\/\/maybommini.vn\/wp-content\/uploads\/2019\/01\/DC-Power-Female-Plug-Jack-Adapter-Connector.jpg 750w, https:\/\/maybommini.vn\/wp-content\/uploads\/2019\/01\/DC-Power-Female-Plug-Jack-Adapter-Connector-300x300.jpg 300w, https:\/\/maybommini.vn\/wp-content\/uploads\/2019\/01\/DC-Power-Female-Plug-Jack-Adapter-Connector-150x150.jpg 150w, https:\/\/maybommini.vn\/wp-content\/uploads\/2019\/01\/DC-Power-Female-Plug-Jack-Adapter-Connector-600x600.jpg 600w\" sizes=\"(max-width: 750px) 100vw, 750px\" \/><\/a> <a href=\"https:\/\/maybommini.com\/wp-content\/uploads\/2019\/01\/DC-Female-connector.jpg\" target=\"_blank\" rel=\"noopener\"><img decoding=\"async\" class=\"size-full wp-image-261057 aligncenter\" src=\"https:\/\/maybommini.com\/wp-content\/uploads\/2019\/01\/DC-Female-connector.jpg\" alt=\"DC Female Connector\" width=\"750\" height=\"750\" srcset=\"https:\/\/maybommini.vn\/wp-content\/uploads\/2019\/01\/DC-Female-connector.jpg 750w, https:\/\/maybommini.vn\/wp-content\/uploads\/2019\/01\/DC-Female-connector-300x300.jpg 300w, https:\/\/maybommini.vn\/wp-content\/uploads\/2019\/01\/DC-Female-connector-150x150.jpg 150w, https:\/\/maybommini.vn\/wp-content\/uploads\/2019\/01\/DC-Female-connector-600x600.jpg 600w\" sizes=\"(max-width: 750px) 100vw, 750px\" \/><\/a><\/p>\n<p><strong>MUA\u00a0<\/strong><strong>B\u1ed8 JACK C\u1eaeM NGU\u1ed2N DC<\/strong><strong>\u00a0\u1ede \u0110\u00c2U ?<br \/>\n<\/strong>M\u1ecdi chi ti\u1ebft vui l\u00f2ng li\u00ean h\u1ec7 tr\u1ef1c ti\u1ebfp cho ch\u00fang t\u00f4i \u0111\u1ec3 \u0111\u01b0\u1ee3c t\u01b0 v\u1ea5n theo nhu c\u1ea7u \u0111\u1ec3 c\u00f3 \u0111\u01b0\u1ee3c b\u1ed9 s\u1ea3n ph\u1ea9m t\u1ed1t nh\u1ea5t v\u00e0 ti\u1ebft ki\u1ec7m.\u00a0B\u1ea1n \u1edf xa v\u1eabn c\u00f3 th\u1ec3 mua h\u00e0ng v\u00e0 giao h\u00e0ng <a title=\"thanh to\u00e1n\" href=\"http:\/\/maybommini.com\/thanh-toan\" target=\"_blank\" rel=\"noopener\">thanh to\u00e1n<\/a> ti\u1ec1n t\u1ea1i nh\u00e0.<\/p>\n<p><strong>CTY TNHH TH\u01af\u01a0NG M\u1ea0I D\u1ecaCH V\u1ee4 \u0110I\u1ec6N M\u00c1Y TH\u00d4NG MINH<\/strong><br \/>\nHotline : 090 729 4310<br \/>\nEmail : maybommini.com@gmail.com<br \/>\nWebsite : http:\/\/maybommini.com<br \/>\nFacebook : <a href=\"https:\/\/www.facebook.com\/maybommini\" target=\"_blank\" rel=\"noopener noreferrer\">https:\/\/www.facebook.com\/maybommini<\/a><br \/>\nGoogle : <a href=\"https:\/\/plus.google.com\/ Maybomnuocminiruaxe\" target=\"_blank\" rel=\"noopener noreferrer\">https:\/\/plus.google.com\/ Maybomnuocminiruaxe<\/a><br \/>\nYoutube demo : <a href=\"https:\/\/www.youtube.com\/bahamasali\" target=\"_blank\" rel=\"noopener noreferrer\">https:\/\/www.youtube.com\/bahamasali<\/a><\/p>\n<h3 style=\"text-align: center;\">\u0110\u1ea7u c\u1eafm ngu\u1ed3n DC \u0111\u1ef1c &#8211; n\u1ed1i nhanh &#8211;\u00a0Jack Plug Connection.<\/h3>\n","protected":false},"excerpt":{"rendered":"<p>Model: Male-Plug-Connector-5.5-2.1<br \/>\nT\u00ean:\u00a0 DC\u00a0 connector<br \/>\nD\u00f9ng cho \u0111i\u1ec7n DC.<br \/>\nCh\u1ecbu t\u1ea3i: 100W.<br \/>\nLo\u1ea1i: k\u1ebft n\u1ed1i d\u00e2y ngu\u1ed3n t\u00edn hi\u1ec7u 5.5 x 2.1<br \/>\n\u0110\u01b0\u1eddng k\u00ednh trong: 2.1mm<br \/>\n\u0110\u01b0\u1eddng k\u00ednh ngo\u00e0i: 5.5mm<br \/>\n\u0110\u1ea7u c\u1eafm ngu\u1ed3n DC ki\u1ec1u n\u1ed1i nhanh d\u00e2y \u0111i\u1ec7n.<br \/>\n\u0110u\u00f4i c\u1ea5m ngu\u1ed3n \u0111i\u1ec7n DC.<br \/>\nJack c\u1ea5m ngu\u1ed3n Camera.<br \/>\nMale 5.5&#215;2.1mm DC Plug Connector with Screw Terminals.<br \/>\nMale DC Power Cable Connector 5.5mmX2.1mm Jack Plug Connectior.<br \/>\nMale DC Power Cable ConnectorLED Strip CCTV Camera.<br \/>\n5.5mm x 2.1mm Male DC Power Plug Adapter.<br \/>\nJack Plug Connection.<br \/>\nTr\u1ecdng l\u01b0\u1ee3ng: 7.7 gam<br \/>\nPh\u00e2n ph\u1ed1i:\u00a0<a href=\"https:\/\/maybomminimbm.vn\/\">M\u00e1y B\u01a1m Mini MBM<\/a><br \/>\nS\u1ea3n ph\u1ea9m cao c\u1ea5p<\/p>\n","protected":false},"featured_media":261052,"comment_status":"open","ping_status":"closed","template":"","meta":[],"product_brand":[2227],"product_cat":[257],"product_tag":[539,540,541,2624,2623,2626,2625,2622,231,260,291,542],"class_list":{"0":"post-261047","1":"product","2":"type-product","3":"status-publish","4":"has-post-thumbnail","6":"product_brand-mtm","7":"product_cat-nguon-dien-adapter-sac-pin-binh","8":"product_tag-dc","9":"product_tag-dau-cam","10":"product_tag-jack","11":"product_tag-jack-2-1","12":"product_tag-jack-5-5","13":"product_tag-jack-cam-dien-adapter","14":"product_tag-jack-cam-nguon-camera","15":"product_tag-jack-plug-connection","16":"product_tag-may-bom-mini","17":"product_tag-nguon","18":"product_tag-phu-kien","19":"product_tag-phu-kien-bom-nuoc-mini","21":"first","22":"instock","23":"sale","24":"shipping-taxable","25":"purchasable","26":"product-type-simple"},"_links":{"self":[{"href":"https:\/\/maybommini.vn\/index.php?rest_route=\/wp\/v2\/product\/261047","targetHints":{"allow":["GET"]}}],"collection":[{"href":"https:\/\/maybommini.vn\/index.php?rest_route=\/wp\/v2\/product"}],"about":[{"href":"https:\/\/maybommini.vn\/index.php?rest_route=\/wp\/v2\/types\/product"}],"replies":[{"embeddable":true,"href":"https:\/\/maybommini.vn\/index.php?rest_route=%2Fwp%2Fv2%2Fcomments&post=261047"}],"wp:featuredmedia":[{"embeddable":true,"href":"https:\/\/maybommini.vn\/index.php?rest_route=\/wp\/v2\/media\/261052"}],"wp:attachment":[{"href":"https:\/\/maybommini.vn\/index.php?rest_route=%2Fwp%2Fv2%2Fmedia&parent=261047"}],"wp:term":[{"taxonomy":"product_brand","embeddable":true,"href":"https:\/\/maybommini.vn\/index.php?rest_route=%2Fwp%2Fv2%2Fproduct_brand&post=261047"},{"taxonomy":"product_cat","embeddable":true,"href":"https:\/\/maybommini.vn\/index.php?rest_route=%2Fwp%2Fv2%2Fproduct_cat&post=261047"},{"taxonomy":"product_tag","embeddable":true,"href":"https:\/\/maybommini.vn\/index.php?rest_route=%2Fwp%2Fv2%2Fproduct_tag&post=261047"}],"curies":[{"name":"wp","href":"https:\/\/api.w.org\/{rel}","templated":true}]}}