{"id":261160,"date":"2019-01-18T04:01:27","date_gmt":"2019-01-17T21:01:27","guid":{"rendered":"https:\/\/maybommini.com\/?post_type=product&#038;p=261160"},"modified":"2025-01-08T23:32:53","modified_gmt":"2025-01-08T16:32:53","slug":"pin-sac-12v-18000mah-kem-sac-pin","status":"publish","type":"product","link":"https:\/\/maybommini.vn\/?product=pin-sac-12v-18000mah-kem-sac-pin","title":{"rendered":"Pin s\u1ea1c 12V 18000mAh k\u00e8m s\u1ea1c pin"},"content":{"rendered":"<h3><em><strong>Chuy\u00ean b\u00e1n c\u00e1c lo\u1ea1i pin s\u1ea1c 12V 18000mAh k\u00e8m s\u1ea1c pin v\u1edbi k\u00edch th\u01b0\u1edbc nh\u1ecf g\u1ecdn c\u00f3 th\u1ec3 mang theo nh\u1eb9 nh\u00e0ng gi\u00fap s\u1eed d\u1ee5ng \u0111\u1ec3 ch\u1ea1y m\u00e1y b\u01a1m mini \u00e1p l\u1ef1c 12v, pin loa k\u00e9o, pin camera, pin thi\u1ebft b\u1ecb \u0111i\u1ec7n t\u1ef1 \u0111\u1ed9ng, pin \u0111\u00e8n led, pin s\u1ea1c \u0111\u1ed3 ch\u01a1i, pin d\u1ef1 ph\u00f2ng cho kho\u00e1 c\u1eeda.<\/strong><\/em><\/h3>\n<p><a href=\"https:\/\/maybommini.com\/wp-content\/uploads\/2019\/01\/Pin-sac-12v-18ah-kem-sac-pin-1.jpg\" target=\"_blank\" rel=\"noopener\"><img decoding=\"async\" class=\"size-full wp-image-262878 aligncenter\" src=\"https:\/\/maybommini.com\/wp-content\/uploads\/2019\/01\/Pin-sac-12v-18ah-kem-sac-pin-1.jpg\" alt=\"Pin Sac 12v 18ah Kem Sac Pin\" width=\"750\" height=\"750\" srcset=\"https:\/\/maybommini.vn\/wp-content\/uploads\/2019\/01\/Pin-sac-12v-18ah-kem-sac-pin-1.jpg 750w, https:\/\/maybommini.vn\/wp-content\/uploads\/2019\/01\/Pin-sac-12v-18ah-kem-sac-pin-1-300x300.jpg 300w, https:\/\/maybommini.vn\/wp-content\/uploads\/2019\/01\/Pin-sac-12v-18ah-kem-sac-pin-1-150x150.jpg 150w, https:\/\/maybommini.vn\/wp-content\/uploads\/2019\/01\/Pin-sac-12v-18ah-kem-sac-pin-1-600x600.jpg 600w\" sizes=\"(max-width: 750px) 100vw, 750px\" \/><\/a><\/p>\n<p><strong>TH\u00d4NG S\u1ed0 K\u1ef8 THU\u1eacT<br \/>\n<\/strong>Th\u01b0\u01a1ng hi\u1ec7u: MAXPOWER<br \/>\nModel: LBR-12V-18AH<br \/>\n\u0110i\u1ec7n th\u1ebf ra: 12V DC<br \/>\nS\u1ea1c v\u00e0o: 12V 1000mA \u2013 3000mA<br \/>\nDung l\u01b0\u1ee3ng: 18 Ah \u2013 18000 mAh<br \/>\nT\u1ea3i t\u1ed1i\u00a0\u0111a: 3A \u2013 36W<br \/>\nLo\u1ea1i pin: Pin s\u1ea1c Lithium.<br \/>\nNhi\u1ec7t\u00a0\u0111\u1ed9 l\u00e0m vi\u1ec7c : -20\u00a0\u0111\u1ed9c C \u2013 60\u00a0\u0111\u1ed9 C<br \/>\nC\u1ed5ng ngu\u1ed3n: Jack DC 5.5 x 2.1 mm<br \/>\nM\u1ea1ch s\u1ea1c ch\u1ed1ng qu\u00e1 t\u1ea3i th\u00f4ng minh.<br \/>\nTu\u1ed5i th\u1ecd cao ho\u1ea1t \u0111\u1ed9ng t\u1ed1t.<br \/>\nLED b\u00e1o dung l\u01b0\u1ee3ng.<br \/>\nN\u00fat ngu\u1ed3n On Off.<br \/>\nK\u00e8m s\u1ea1c pin 12V t\u1ef1 \u0111\u1ed9ng th\u00f4ng minh.<br \/>\nK\u00edch th\u01b0\u1edbc: 60 x 70 x 135 mm<br \/>\nTr\u1ecdng l\u01b0\u1ee3ng: 850 gam<\/p>\n<p><a href=\"https:\/\/maybommini.com\/wp-content\/uploads\/2019\/01\/Pin-sac-12v-18ah-1.jpg\" target=\"_blank\" rel=\"noopener\"><img decoding=\"async\" class=\"size-full wp-image-262877 aligncenter\" src=\"https:\/\/maybommini.com\/wp-content\/uploads\/2019\/01\/Pin-sac-12v-18ah-1.jpg\" alt=\"Pin Sac 12v 18ah\" width=\"750\" height=\"750\" srcset=\"https:\/\/maybommini.vn\/wp-content\/uploads\/2019\/01\/Pin-sac-12v-18ah-1.jpg 750w, https:\/\/maybommini.vn\/wp-content\/uploads\/2019\/01\/Pin-sac-12v-18ah-1-300x300.jpg 300w, https:\/\/maybommini.vn\/wp-content\/uploads\/2019\/01\/Pin-sac-12v-18ah-1-150x150.jpg 150w, https:\/\/maybommini.vn\/wp-content\/uploads\/2019\/01\/Pin-sac-12v-18ah-1-600x600.jpg 600w\" sizes=\"(max-width: 750px) 100vw, 750px\" \/><\/a> <a href=\"https:\/\/maybommini.com\/wp-content\/uploads\/2019\/01\/sac-pin-12v-chat-luong-cao-1.jpg\" target=\"_blank\" rel=\"noopener\"><img decoding=\"async\" class=\"size-full wp-image-262597 aligncenter\" src=\"https:\/\/maybommini.com\/wp-content\/uploads\/2019\/01\/sac-pin-12v-chat-luong-cao-1.jpg\" alt=\"Sac Pin 12v Chat Luong Cao\" width=\"750\" height=\"750\" srcset=\"https:\/\/maybommini.vn\/wp-content\/uploads\/2019\/01\/sac-pin-12v-chat-luong-cao-1.jpg 750w, https:\/\/maybommini.vn\/wp-content\/uploads\/2019\/01\/sac-pin-12v-chat-luong-cao-1-300x300.jpg 300w, https:\/\/maybommini.vn\/wp-content\/uploads\/2019\/01\/sac-pin-12v-chat-luong-cao-1-150x150.jpg 150w, https:\/\/maybommini.vn\/wp-content\/uploads\/2019\/01\/sac-pin-12v-chat-luong-cao-1-600x600.jpg 600w\" sizes=\"(max-width: 750px) 100vw, 750px\" \/><\/a> <a href=\"https:\/\/maybommini.com\/wp-content\/uploads\/2019\/01\/pin-sac-12v-dung-luong-lon-1.jpg\" target=\"_blank\" rel=\"noopener\"><img decoding=\"async\" class=\"size-full wp-image-262879 aligncenter\" src=\"https:\/\/maybommini.com\/wp-content\/uploads\/2019\/01\/pin-sac-12v-dung-luong-lon-1.jpg\" alt=\"Pin Sac 12v Dung Luong Lon\" width=\"750\" height=\"750\" srcset=\"https:\/\/maybommini.vn\/wp-content\/uploads\/2019\/01\/pin-sac-12v-dung-luong-lon-1.jpg 750w, https:\/\/maybommini.vn\/wp-content\/uploads\/2019\/01\/pin-sac-12v-dung-luong-lon-1-300x300.jpg 300w, https:\/\/maybommini.vn\/wp-content\/uploads\/2019\/01\/pin-sac-12v-dung-luong-lon-1-150x150.jpg 150w, https:\/\/maybommini.vn\/wp-content\/uploads\/2019\/01\/pin-sac-12v-dung-luong-lon-1-600x600.jpg 600w\" sizes=\"(max-width: 750px) 100vw, 750px\" \/><\/a> <a href=\"https:\/\/maybommini.com\/wp-content\/uploads\/2019\/01\/chuyen-ban-cac-loai-pin-sac-12v-chat-luong-1.jpg\" target=\"_blank\" rel=\"noopener\"><img decoding=\"async\" class=\"size-full wp-image-262875 aligncenter\" src=\"https:\/\/maybommini.com\/wp-content\/uploads\/2019\/01\/chuyen-ban-cac-loai-pin-sac-12v-chat-luong-1.jpg\" alt=\"Chuyen Ban Cac Loai Pin Sac 12v Chat Luong\" width=\"750\" height=\"750\" srcset=\"https:\/\/maybommini.vn\/wp-content\/uploads\/2019\/01\/chuyen-ban-cac-loai-pin-sac-12v-chat-luong-1.jpg 750w, https:\/\/maybommini.vn\/wp-content\/uploads\/2019\/01\/chuyen-ban-cac-loai-pin-sac-12v-chat-luong-1-300x300.jpg 300w, https:\/\/maybommini.vn\/wp-content\/uploads\/2019\/01\/chuyen-ban-cac-loai-pin-sac-12v-chat-luong-1-150x150.jpg 150w, https:\/\/maybommini.vn\/wp-content\/uploads\/2019\/01\/chuyen-ban-cac-loai-pin-sac-12v-chat-luong-1-600x600.jpg 600w\" sizes=\"(max-width: 750px) 100vw, 750px\" \/><\/a><\/p>\n<p><strong>S\u1eec\u00a0D\u1ee4NG PIN S\u1ea0C12V<\/strong><br \/>\nD\u00f9ng t\u1ed1t cho c\u00e1c thi\u1ebft b\u1ecb 12V.<br \/>\nS\u1eed d\u1ee5ng cho m\u00e1y b\u01a1m mini 12V.<br \/>\nD\u00f9ng cho m\u00e1y b\u01a1m n\u01b0\u1edbc 12V.<br \/>\nD\u00f9ng pin s\u1ea1c 12v cho c\u00e1c thi\u1ebft b\u1ecb Camera, pin d\u1ef1 ph\u00f2ng,\u00a0\u0111\u00e8n Led, qu\u1ea1t 12v &#8230;.<br \/>\nD\u00f9ng cho \u0111\u1ed5 ch\u01a1i tr\u1ebb em.<br \/>\nPin s\u1ea1c d\u1ef1 ph\u00f2ng.<br \/>\nPin \u0111\u00e8n led si\u00eau s\u00e1ng.<br \/>\nPin loa k\u00e9o.<br \/>\nPin thi\u1ebft b\u1ecb t\u1ef1 \u0111\u1ed9ng th\u00f4ng minh.<br \/>\nPin cho kho\u00e1 c\u1eeda t\u1eeb.<br \/>\nPin d\u1ef1 ph\u00f2ng c\u1eeda t\u1eeb.<br \/>\nPin cho m\u00e1y ch\u1ea5m c\u00f4ng v\u00e2n tay.<br \/>\nPin s\u1ea1c m\u00e1y ch\u1ea5m c\u00f4ng th\u1ebb t\u1eeb.<br \/>\nPin m\u00e1y khoan, m\u00e1y b\u1eafn v\u00edt.<\/p>\n<p><a href=\"https:\/\/maybommini.com\/wp-content\/uploads\/2019\/01\/Su-dung-pin-sac-12v-chinh-hang-gia-re.jpg\" target=\"_blank\" rel=\"noopener\"><img decoding=\"async\" class=\"size-full wp-image-262880 aligncenter\" src=\"https:\/\/maybommini.com\/wp-content\/uploads\/2019\/01\/Su-dung-pin-sac-12v-chinh-hang-gia-re.jpg\" alt=\"Su Dung Pin Sac 12v Chinh Hang Gia Re\" width=\"750\" height=\"750\" srcset=\"https:\/\/maybommini.vn\/wp-content\/uploads\/2019\/01\/Su-dung-pin-sac-12v-chinh-hang-gia-re.jpg 750w, https:\/\/maybommini.vn\/wp-content\/uploads\/2019\/01\/Su-dung-pin-sac-12v-chinh-hang-gia-re-300x300.jpg 300w, https:\/\/maybommini.vn\/wp-content\/uploads\/2019\/01\/Su-dung-pin-sac-12v-chinh-hang-gia-re-150x150.jpg 150w, https:\/\/maybommini.vn\/wp-content\/uploads\/2019\/01\/Su-dung-pin-sac-12v-chinh-hang-gia-re-600x600.jpg 600w\" sizes=\"(max-width: 750px) 100vw, 750px\" \/><\/a> <a href=\"https:\/\/maybommini.com\/wp-content\/uploads\/2019\/01\/Jack-cam-nguon-DC-pin-12v-1.jpg\" target=\"_blank\" rel=\"noopener\"><img decoding=\"async\" class=\"size-full wp-image-262876 aligncenter\" src=\"https:\/\/maybommini.com\/wp-content\/uploads\/2019\/01\/Jack-cam-nguon-DC-pin-12v-1.jpg\" alt=\"Jack Cam Nguon DC Pin 12v\" width=\"750\" height=\"750\" srcset=\"https:\/\/maybommini.vn\/wp-content\/uploads\/2019\/01\/Jack-cam-nguon-DC-pin-12v-1.jpg 750w, https:\/\/maybommini.vn\/wp-content\/uploads\/2019\/01\/Jack-cam-nguon-DC-pin-12v-1-300x300.jpg 300w, https:\/\/maybommini.vn\/wp-content\/uploads\/2019\/01\/Jack-cam-nguon-DC-pin-12v-1-150x150.jpg 150w, https:\/\/maybommini.vn\/wp-content\/uploads\/2019\/01\/Jack-cam-nguon-DC-pin-12v-1-600x600.jpg 600w\" sizes=\"(max-width: 750px) 100vw, 750px\" \/><\/a> <a href=\"https:\/\/maybommini.com\/wp-content\/uploads\/2019\/01\/chuyen-ban-cac-loai-pin-sac-12v-chat-luong-1.jpg\" target=\"_blank\" rel=\"noopener\"><img decoding=\"async\" class=\"size-full wp-image-262875 aligncenter\" src=\"https:\/\/maybommini.com\/wp-content\/uploads\/2019\/01\/chuyen-ban-cac-loai-pin-sac-12v-chat-luong-1.jpg\" alt=\"Chuyen Ban Cac Loai Pin Sac 12v Chat Luong\" width=\"750\" height=\"750\" srcset=\"https:\/\/maybommini.vn\/wp-content\/uploads\/2019\/01\/chuyen-ban-cac-loai-pin-sac-12v-chat-luong-1.jpg 750w, https:\/\/maybommini.vn\/wp-content\/uploads\/2019\/01\/chuyen-ban-cac-loai-pin-sac-12v-chat-luong-1-300x300.jpg 300w, https:\/\/maybommini.vn\/wp-content\/uploads\/2019\/01\/chuyen-ban-cac-loai-pin-sac-12v-chat-luong-1-150x150.jpg 150w, https:\/\/maybommini.vn\/wp-content\/uploads\/2019\/01\/chuyen-ban-cac-loai-pin-sac-12v-chat-luong-1-600x600.jpg 600w\" sizes=\"(max-width: 750px) 100vw, 750px\" \/><\/a><a href=\"https:\/\/maybommini.com\/wp-content\/uploads\/2019\/01\/PIN-SAC-12V-LITHIUM-BATTEY.jpg\" target=\"_blank\" rel=\"noopener\"><img decoding=\"async\" class=\"size-full wp-image-262590 aligncenter\" src=\"https:\/\/maybommini.com\/wp-content\/uploads\/2019\/01\/Su-dung-pin-sac-12v-chinh-hang.jpg\" alt=\"Su Dung Pin Sac 12v Chinh Hang\" width=\"750\" height=\"750\" srcset=\"https:\/\/maybommini.vn\/wp-content\/uploads\/2019\/01\/Su-dung-pin-sac-12v-chinh-hang.jpg 750w, https:\/\/maybommini.vn\/wp-content\/uploads\/2019\/01\/Su-dung-pin-sac-12v-chinh-hang-300x300.jpg 300w, https:\/\/maybommini.vn\/wp-content\/uploads\/2019\/01\/Su-dung-pin-sac-12v-chinh-hang-150x150.jpg 150w, https:\/\/maybommini.vn\/wp-content\/uploads\/2019\/01\/Su-dung-pin-sac-12v-chinh-hang-600x600.jpg 600w\" sizes=\"(max-width: 750px) 100vw, 750px\" \/><img decoding=\"async\" class=\"size-full wp-image-262589 aligncenter\" src=\"https:\/\/maybommini.com\/wp-content\/uploads\/2019\/01\/PIN-SAC-12V-LITHIUM-BATTEY.jpg\" alt=\"PIN SAC 12V LITHIUM BATTEY\" width=\"750\" height=\"750\" srcset=\"https:\/\/maybommini.vn\/wp-content\/uploads\/2019\/01\/PIN-SAC-12V-LITHIUM-BATTEY.jpg 750w, https:\/\/maybommini.vn\/wp-content\/uploads\/2019\/01\/PIN-SAC-12V-LITHIUM-BATTEY-300x300.jpg 300w, https:\/\/maybommini.vn\/wp-content\/uploads\/2019\/01\/PIN-SAC-12V-LITHIUM-BATTEY-150x150.jpg 150w, https:\/\/maybommini.vn\/wp-content\/uploads\/2019\/01\/PIN-SAC-12V-LITHIUM-BATTEY-600x600.jpg 600w\" sizes=\"(max-width: 750px) 100vw, 750px\" \/><\/a> <a href=\"https:\/\/maybommini.com\/wp-content\/uploads\/2019\/01\/Pin-12v-den-led-quat.jpg\" target=\"_blank\" rel=\"noopener\"><img decoding=\"async\" class=\"size-full wp-image-262594 aligncenter\" src=\"https:\/\/maybommini.com\/wp-content\/uploads\/2019\/01\/Pin-12v-den-led-quat.jpg\" alt=\"Pin 12v Den Led Quat\" width=\"750\" height=\"750\" srcset=\"https:\/\/maybommini.vn\/wp-content\/uploads\/2019\/01\/Pin-12v-den-led-quat.jpg 750w, https:\/\/maybommini.vn\/wp-content\/uploads\/2019\/01\/Pin-12v-den-led-quat-300x300.jpg 300w, https:\/\/maybommini.vn\/wp-content\/uploads\/2019\/01\/Pin-12v-den-led-quat-150x150.jpg 150w, https:\/\/maybommini.vn\/wp-content\/uploads\/2019\/01\/Pin-12v-den-led-quat-600x600.jpg 600w\" sizes=\"(max-width: 750px) 100vw, 750px\" \/><\/a> <a href=\"https:\/\/maybommini.com\/wp-content\/uploads\/2019\/01\/LITHIUM-BATTEY-RECHARGEABLE.jpg\" target=\"_blank\" rel=\"noopener\"><img decoding=\"async\" class=\"size-full wp-image-262593 aligncenter\" src=\"https:\/\/maybommini.com\/wp-content\/uploads\/2019\/01\/LITHIUM-BATTEY-RECHARGEABLE.jpg\" alt=\"LITHIUM BATTEY RECHARGEABLE\" width=\"750\" height=\"750\" srcset=\"https:\/\/maybommini.vn\/wp-content\/uploads\/2019\/01\/LITHIUM-BATTEY-RECHARGEABLE.jpg 750w, https:\/\/maybommini.vn\/wp-content\/uploads\/2019\/01\/LITHIUM-BATTEY-RECHARGEABLE-300x300.jpg 300w, https:\/\/maybommini.vn\/wp-content\/uploads\/2019\/01\/LITHIUM-BATTEY-RECHARGEABLE-150x150.jpg 150w, https:\/\/maybommini.vn\/wp-content\/uploads\/2019\/01\/LITHIUM-BATTEY-RECHARGEABLE-600x600.jpg 600w\" sizes=\"(max-width: 750px) 100vw, 750px\" \/><\/a><\/p>\n<p><strong>MUA PIN S\u1ea0C 12V GI\u00c1 R\u1eba \u1ede\u00a0\u0110\u00c2U ?<\/strong><br \/>\nM\u1ecdi chi ti\u1ebft vui l\u00f2ng li\u00ean h\u1ec7 tr\u1ef1c ti\u1ebfp cho ch\u00fang t\u00f4i \u0111\u1ec3 \u0111\u01b0\u1ee3c t\u01b0 v\u1ea5n theo nhu c\u1ea7u \u0111\u1ec3 c\u00f3 \u0111\u01b0\u1ee3c b\u1ed9 s\u1ea3n ph\u1ea9m t\u1ed1t nh\u1ea5t v\u00e0 ti\u1ebft ki\u1ec7m.\u00a0B\u1ea1n \u1edf xa v\u1eabn c\u00f3 th\u1ec3 mua h\u00e0ng v\u00e0 giao h\u00e0ng thanh to\u00e1n ti\u1ec1n t\u1ea1i nh\u00e0.<br \/>\n<strong>CTY TNHH TH\u01af\u01a0NG M\u1ea0I D\u1ecaCH V\u1ee4 \u0110I\u1ec6N M\u00c1Y TH\u00d4NG MINH<\/strong><br \/>\nHotline: 02873030399 &#8211; 090 729 4310<br \/>\nEmail: maybommini.com@gmail.com<br \/>\nWebsite: https:\/\/maybommini.com<br \/>\nFacebook: https:\/\/www.facebook.com\/maybommini<br \/>\nGoogle: https:\/\/plus.google.com\/ Maybomnuocminiruaxe<br \/>\nYoutube demo: https:\/\/www.youtube.com\/bahamasali<\/p>\n<p><a href=\"https:\/\/maybommini.com\/wp-content\/uploads\/2019\/01\/pin-12v-den-led.jpg\" target=\"_blank\" rel=\"noopener\"><img decoding=\"async\" class=\"size-full wp-image-262881 aligncenter\" src=\"https:\/\/maybommini.com\/wp-content\/uploads\/2019\/01\/pin-12v-den-led.jpg\" alt=\"Pin 12v Den Led\" width=\"750\" height=\"750\" srcset=\"https:\/\/maybommini.vn\/wp-content\/uploads\/2019\/01\/pin-12v-den-led.jpg 750w, https:\/\/maybommini.vn\/wp-content\/uploads\/2019\/01\/pin-12v-den-led-300x300.jpg 300w, https:\/\/maybommini.vn\/wp-content\/uploads\/2019\/01\/pin-12v-den-led-150x150.jpg 150w, https:\/\/maybommini.vn\/wp-content\/uploads\/2019\/01\/pin-12v-den-led-600x600.jpg 600w\" sizes=\"(max-width: 750px) 100vw, 750px\" \/><\/a> <a href=\"https:\/\/maybommini.com\/wp-content\/uploads\/2019\/01\/Pin-led-12v.jpg\" target=\"_blank\" rel=\"noopener\"><img decoding=\"async\" class=\"size-full wp-image-262882 aligncenter\" src=\"https:\/\/maybommini.com\/wp-content\/uploads\/2019\/01\/Pin-led-12v.jpg\" alt=\"Pin Led 12v\" width=\"750\" height=\"750\" srcset=\"https:\/\/maybommini.vn\/wp-content\/uploads\/2019\/01\/Pin-led-12v.jpg 750w, https:\/\/maybommini.vn\/wp-content\/uploads\/2019\/01\/Pin-led-12v-300x300.jpg 300w, https:\/\/maybommini.vn\/wp-content\/uploads\/2019\/01\/Pin-led-12v-150x150.jpg 150w, https:\/\/maybommini.vn\/wp-content\/uploads\/2019\/01\/Pin-led-12v-600x600.jpg 600w\" sizes=\"(max-width: 750px) 100vw, 750px\" \/><\/a><\/p>\n<h3 style=\"text-align: center;\"><em><strong>CHUY\u00caN B\u00c1N PH\u00c2N PH\u1ed0I C\u00c1C LO\u1ea0I PIN S\u1ea0C 12V GI\u00c1 T\u1ed0T CH\u1ea4T L\u01af\u1ee2NG<br \/>\nPin s\u1ea1c 12V 18000mAh k\u00e8m s\u1ea1c pin<br \/>\n<\/strong><\/em><\/h3>\n<p><a href=\"https:\/\/maybommini.com\/wp-content\/uploads\/2019\/01\/Pin-sac-12v-18ah-kem-sac-pin.jpg\" target=\"_blank\" rel=\"noopener\"><img decoding=\"async\" class=\"size-full wp-image-261164 aligncenter\" src=\"https:\/\/maybommini.com\/wp-content\/uploads\/2019\/01\/Pin-sac-12v-18ah-kem-sac-pin.jpg\" alt=\"Pin Sac 12v 18ah Kem Sac Pin\" width=\"750\" height=\"750\" srcset=\"https:\/\/maybommini.vn\/wp-content\/uploads\/2019\/01\/Pin-sac-12v-18ah-kem-sac-pin.jpg 750w, https:\/\/maybommini.vn\/wp-content\/uploads\/2019\/01\/Pin-sac-12v-18ah-kem-sac-pin-300x300.jpg 300w, https:\/\/maybommini.vn\/wp-content\/uploads\/2019\/01\/Pin-sac-12v-18ah-kem-sac-pin-150x150.jpg 150w, https:\/\/maybommini.vn\/wp-content\/uploads\/2019\/01\/Pin-sac-12v-18ah-kem-sac-pin-600x600.jpg 600w\" sizes=\"(max-width: 750px) 100vw, 750px\" \/><\/a><\/p>\n<p><a href=\"https:\/\/maybommini.com\/wp-content\/uploads\/2019\/01\/pin-sac-USB-12V-chinh-hang-gia-tot.jpg\" target=\"_blank\" rel=\"noopener\"><img decoding=\"async\" class=\"size-full wp-image-261166 aligncenter\" src=\"https:\/\/maybommini.com\/wp-content\/uploads\/2019\/01\/pin-sac-USB-12V-chinh-hang-gia-tot.jpg\" alt=\"Pin Sac USB 12V Chinh Hang Gia Tot\" width=\"750\" height=\"750\" srcset=\"https:\/\/maybommini.vn\/wp-content\/uploads\/2019\/01\/pin-sac-USB-12V-chinh-hang-gia-tot.jpg 750w, https:\/\/maybommini.vn\/wp-content\/uploads\/2019\/01\/pin-sac-USB-12V-chinh-hang-gia-tot-300x300.jpg 300w, https:\/\/maybommini.vn\/wp-content\/uploads\/2019\/01\/pin-sac-USB-12V-chinh-hang-gia-tot-150x150.jpg 150w, https:\/\/maybommini.vn\/wp-content\/uploads\/2019\/01\/pin-sac-USB-12V-chinh-hang-gia-tot-600x600.jpg 600w\" sizes=\"(max-width: 750px) 100vw, 750px\" \/><\/a> <a href=\"https:\/\/maybommini.com\/wp-content\/uploads\/2019\/01\/pin-sac-12v-dung-luong-lon.jpg\" target=\"_blank\" rel=\"noopener\"><img decoding=\"async\" class=\"size-full wp-image-261165 aligncenter\" src=\"https:\/\/maybommini.com\/wp-content\/uploads\/2019\/01\/pin-sac-12v-dung-luong-lon.jpg\" alt=\"Pin Sac 12v Dung Luong Lon\" width=\"750\" height=\"750\" srcset=\"https:\/\/maybommini.vn\/wp-content\/uploads\/2019\/01\/pin-sac-12v-dung-luong-lon.jpg 750w, https:\/\/maybommini.vn\/wp-content\/uploads\/2019\/01\/pin-sac-12v-dung-luong-lon-300x300.jpg 300w, https:\/\/maybommini.vn\/wp-content\/uploads\/2019\/01\/pin-sac-12v-dung-luong-lon-150x150.jpg 150w, https:\/\/maybommini.vn\/wp-content\/uploads\/2019\/01\/pin-sac-12v-dung-luong-lon-600x600.jpg 600w\" sizes=\"(max-width: 750px) 100vw, 750px\" \/><\/a> <a href=\"https:\/\/maybommini.com\/wp-content\/uploads\/2019\/01\/Pin-sac-12v-18ah.jpg\" target=\"_blank\" rel=\"noopener\"><img decoding=\"async\" class=\"size-full wp-image-261163 aligncenter\" src=\"https:\/\/maybommini.com\/wp-content\/uploads\/2019\/01\/Pin-sac-12v-18ah.jpg\" alt=\"Pin Sac 12v 18ah\" width=\"750\" height=\"750\" srcset=\"https:\/\/maybommini.vn\/wp-content\/uploads\/2019\/01\/Pin-sac-12v-18ah.jpg 750w, https:\/\/maybommini.vn\/wp-content\/uploads\/2019\/01\/Pin-sac-12v-18ah-300x300.jpg 300w, https:\/\/maybommini.vn\/wp-content\/uploads\/2019\/01\/Pin-sac-12v-18ah-150x150.jpg 150w, https:\/\/maybommini.vn\/wp-content\/uploads\/2019\/01\/Pin-sac-12v-18ah-600x600.jpg 600w\" sizes=\"(max-width: 750px) 100vw, 750px\" \/><\/a> <a href=\"https:\/\/maybommini.com\/wp-content\/uploads\/2019\/01\/pin-du-phong-camera-may-cham-cong-khoa-cua.jpg\" target=\"_blank\" rel=\"noopener\"><img decoding=\"async\" class=\"size-full wp-image-261162 aligncenter\" src=\"https:\/\/maybommini.com\/wp-content\/uploads\/2019\/01\/pin-du-phong-camera-may-cham-cong-khoa-cua.jpg\" alt=\"Pin Du Phong Camera May Cham Cong Khoa Cua\" width=\"750\" height=\"750\" srcset=\"https:\/\/maybommini.vn\/wp-content\/uploads\/2019\/01\/pin-du-phong-camera-may-cham-cong-khoa-cua.jpg 750w, https:\/\/maybommini.vn\/wp-content\/uploads\/2019\/01\/pin-du-phong-camera-may-cham-cong-khoa-cua-300x300.jpg 300w, https:\/\/maybommini.vn\/wp-content\/uploads\/2019\/01\/pin-du-phong-camera-may-cham-cong-khoa-cua-150x150.jpg 150w, https:\/\/maybommini.vn\/wp-content\/uploads\/2019\/01\/pin-du-phong-camera-may-cham-cong-khoa-cua-600x600.jpg 600w\" sizes=\"(max-width: 750px) 100vw, 750px\" \/><\/a> <a href=\"https:\/\/maybommini.com\/wp-content\/uploads\/2019\/01\/chuyen-ban-cac-loai-pin-sac-12v-chat-luong.jpg\" target=\"_blank\" rel=\"noopener\"><img decoding=\"async\" class=\"size-full wp-image-261161 aligncenter\" src=\"https:\/\/maybommini.com\/wp-content\/uploads\/2019\/01\/chuyen-ban-cac-loai-pin-sac-12v-chat-luong.jpg\" alt=\"Chuyen Ban Cac Loai Pin Sac 12v Chat Luong\" width=\"750\" height=\"750\" srcset=\"https:\/\/maybommini.vn\/wp-content\/uploads\/2019\/01\/chuyen-ban-cac-loai-pin-sac-12v-chat-luong.jpg 750w, https:\/\/maybommini.vn\/wp-content\/uploads\/2019\/01\/chuyen-ban-cac-loai-pin-sac-12v-chat-luong-300x300.jpg 300w, https:\/\/maybommini.vn\/wp-content\/uploads\/2019\/01\/chuyen-ban-cac-loai-pin-sac-12v-chat-luong-150x150.jpg 150w, https:\/\/maybommini.vn\/wp-content\/uploads\/2019\/01\/chuyen-ban-cac-loai-pin-sac-12v-chat-luong-600x600.jpg 600w\" sizes=\"(max-width: 750px) 100vw, 750px\" \/><\/a><\/p>\n<p><a href=\"https:\/\/maybommini.com\/wp-content\/uploads\/2019\/01\/sac-pin-12v-chat-luong-cao.jpg\" target=\"_blank\" rel=\"noopener\"><img decoding=\"async\" class=\"size-full wp-image-261158 aligncenter\" src=\"https:\/\/maybommini.com\/wp-content\/uploads\/2019\/01\/sac-pin-12v-chat-luong-cao.jpg\" alt=\"Sac Pin 12v Chat Luong Cao\" width=\"750\" height=\"750\" srcset=\"https:\/\/maybommini.vn\/wp-content\/uploads\/2019\/01\/sac-pin-12v-chat-luong-cao.jpg 750w, https:\/\/maybommini.vn\/wp-content\/uploads\/2019\/01\/sac-pin-12v-chat-luong-cao-300x300.jpg 300w, https:\/\/maybommini.vn\/wp-content\/uploads\/2019\/01\/sac-pin-12v-chat-luong-cao-150x150.jpg 150w, https:\/\/maybommini.vn\/wp-content\/uploads\/2019\/01\/sac-pin-12v-chat-luong-cao-600x600.jpg 600w\" sizes=\"(max-width: 750px) 100vw, 750px\" \/><\/a><\/p>\n<p><a href=\"https:\/\/maybommini.com\/wp-content\/uploads\/2019\/01\/su-dung-pin-sac-12v-dung-luong-lon.jpg\" target=\"_blank\" rel=\"noopener\"><img decoding=\"async\" class=\"size-full wp-image-261167 aligncenter\" src=\"https:\/\/maybommini.com\/wp-content\/uploads\/2019\/01\/su-dung-pin-sac-12v-dung-luong-lon.jpg\" alt=\"Su Dung Pin Sac 12v Dung Luong Lon\" width=\"750\" height=\"750\" srcset=\"https:\/\/maybommini.vn\/wp-content\/uploads\/2019\/01\/su-dung-pin-sac-12v-dung-luong-lon.jpg 750w, https:\/\/maybommini.vn\/wp-content\/uploads\/2019\/01\/su-dung-pin-sac-12v-dung-luong-lon-300x300.jpg 300w, https:\/\/maybommini.vn\/wp-content\/uploads\/2019\/01\/su-dung-pin-sac-12v-dung-luong-lon-150x150.jpg 150w, https:\/\/maybommini.vn\/wp-content\/uploads\/2019\/01\/su-dung-pin-sac-12v-dung-luong-lon-600x600.jpg 600w\" sizes=\"(max-width: 750px) 100vw, 750px\" \/><\/a><\/p>\n<p><img decoding=\"async\" class=\"size-full wp-image-255669 aligncenter\" src=\"https:\/\/maybommini.com.vn\/wp-content\/uploads\/2018\/01\/su-dung-pin-sac-12v-cho-thiet-bi-dien.jpg\" alt=\"Su Dung Pin Sac 12v Cho Thiet Bi Dien\" width=\"750\" height=\"750\" \/><\/p>\n","protected":false},"excerpt":{"rendered":"<p>Th\u01b0\u01a1ng hi\u1ec7u: MAXPOWER<br \/>\nModel: LBR-12V-18AH<br \/>\n\u0110i\u1ec7n th\u1ebf ra: 12V DC<br \/>\nS\u1ea1c v\u00e0o: 12V 1000mA \u2013 3000mA<br \/>\nDung l\u01b0\u1ee3ng: 18 Ah \u2013 18000 mAh<br \/>\nT\u1ea3i t\u1ed1i\u00a0\u0111a: 3A \u2013 36W<br \/>\nLo\u1ea1i pin: Pin s\u1ea1c Lithium.<br \/>\nNhi\u1ec7t\u00a0\u0111\u1ed9 l\u00e0m vi\u1ec7c : -20\u00a0\u0111\u1ed9c C \u2013 60\u00a0\u0111\u1ed9 C<br \/>\nC\u1ed5ng ngu\u1ed3n: Jack DC 5.5 x 2.1 mm<br \/>\nM\u1ea1ch s\u1ea1c ch\u1ed1ng qu\u00e1 t\u1ea3i th\u00f4ng minh.<br \/>\nTu\u1ed5i th\u1ecd cao ho\u1ea1t \u0111\u1ed9ng t\u1ed1t.<br \/>\nLED b\u00e1o dung l\u01b0\u1ee3ng.<br \/>\nN\u00fat ngu\u1ed3n On Off.<br \/>\nK\u00e8m s\u1ea1c pin 12V t\u1ef1 \u0111\u1ed9ng th\u00f4ng minh.<br \/>\nK\u00edch th\u01b0\u1edbc: 60 x 70 x 135 mm<br \/>\nTr\u1ecdng l\u01b0\u1ee3ng: 850 gam<br \/>\nKh\u1eb3ng \u0111\u1ecbnh \u0111\u1ed9 an to\u00e0n<br \/>\nCh\u1ea5t l\u01b0\u1ee3ng s\u1ea3n ph\u1ea9m v\u1edbi ng\u01b0\u1eddi ti\u00eau d\u00f9ng.<\/p>\n","protected":false},"featured_media":262878,"comment_status":"open","ping_status":"closed","template":"","meta":[],"product_brand":[2729],"product_cat":[4486],"product_tag":[2057,422,1034,2658,2655,2654,423,2660,2659,2656,424,425,427,429,430,2661,2657,431,432,433,434,435,436,437,438],"class_list":{"0":"post-261160","1":"product","2":"type-product","3":"status-publish","4":"has-post-thumbnail","6":"product_brand-maxpower","7":"product_cat-12v-3s-lithium-ion","8":"product_tag-12ah","9":"product_tag-12v-10a","10":"product_tag-12v-12ah","11":"product_tag-12v-18ah","12":"product_tag-12v-3000mah","13":"product_tag-12v-3ah","14":"product_tag-12v8a","15":"product_tag-18000mah","16":"product_tag-18ah","17":"product_tag-3000mah","18":"product_tag-8000mah","19":"product_tag-bom-ap-luc-12v","20":"product_tag-lithium","21":"product_tag-phun-thuoc-sau","22":"product_tag-pin","23":"product_tag-pin-12v-18ah","24":"product_tag-pin-12v-3ah","25":"product_tag-pin-sac","26":"product_tag-pinxe-dien","27":"product_tag-sac","28":"product_tag-sac-12v","29":"product_tag-sac-ac-quy","30":"product_tag-sac-do-choi-tre-em","31":"product_tag-sac-pin","32":"product_tag-thiet-bi-12v","34":"first","35":"instock","36":"shipping-taxable","37":"purchasable","38":"product-type-simple"},"_links":{"self":[{"href":"https:\/\/maybommini.vn\/index.php?rest_route=\/wp\/v2\/product\/261160","targetHints":{"allow":["GET"]}}],"collection":[{"href":"https:\/\/maybommini.vn\/index.php?rest_route=\/wp\/v2\/product"}],"about":[{"href":"https:\/\/maybommini.vn\/index.php?rest_route=\/wp\/v2\/types\/product"}],"replies":[{"embeddable":true,"href":"https:\/\/maybommini.vn\/index.php?rest_route=%2Fwp%2Fv2%2Fcomments&post=261160"}],"wp:featuredmedia":[{"embeddable":true,"href":"https:\/\/maybommini.vn\/index.php?rest_route=\/wp\/v2\/media\/262878"}],"wp:attachment":[{"href":"https:\/\/maybommini.vn\/index.php?rest_route=%2Fwp%2Fv2%2Fmedia&parent=261160"}],"wp:term":[{"taxonomy":"product_brand","embeddable":true,"href":"https:\/\/maybommini.vn\/index.php?rest_route=%2Fwp%2Fv2%2Fproduct_brand&post=261160"},{"taxonomy":"product_cat","embeddable":true,"href":"https:\/\/maybommini.vn\/index.php?rest_route=%2Fwp%2Fv2%2Fproduct_cat&post=261160"},{"taxonomy":"product_tag","embeddable":true,"href":"https:\/\/maybommini.vn\/index.php?rest_route=%2Fwp%2Fv2%2Fproduct_tag&post=261160"}],"curies":[{"name":"wp","href":"https:\/\/api.w.org\/{rel}","templated":true}]}}